{"id":173263,"date":"2025-09-29T03:50:45","date_gmt":"2025-09-29T01:50:45","guid":{"rendered":"https:\/\/endormoonstore.com\/rocket-launcher-trooper-the-vintage-collection-star-wars-jedi-survivor\/"},"modified":"2025-04-28T11:45:00","modified_gmt":"2025-04-28T09:45:00","slug":"rocket-launcher-trooper-the-vintage-collection-star-wars-jedi-survivor","status":"publish","type":"product","link":"https:\/\/endormoonstore.com\/en\/rocket-launcher-trooper-the-vintage-collection-star-wars-jedi-survivor\/","title":{"rendered":"Rocket Launcher Trooper The Vintage Collection Star Wars Jedi Survivor"},"content":{"rendered":"<h4 class=\"p1\"><strong>Rocket Launcher Trooper The Vintage Collection Star Wars: Jedi Survivor<\/strong><\/h4>\n<ul>\n<li data-sourcepos=\"5:1-5:386\">Llega ahora a tu colecci\u00f3n The Vintage Collection el temible Rocket Launcher Trooper. Esta figura de 9,5 cm (3,75 pulgadas) est\u00e1 directamente inspirada en el videojuego Star Wars Jedi: Survivor. Por lo tanto, puedes a\u00f1adir a tus filas imperiales a este especialista en armamento pesado. Sin duda, es un a\u00f1adido esencial para cualquier fan y coleccionista a partir de 4 a\u00f1os.<\/li>\n<li data-sourcepos=\"7:1-7:390\">Disfruta adem\u00e1s de un dise\u00f1o y decoraci\u00f3n premium, fieles a su aparici\u00f3n en el juego. Los fan\u00e1ticos de Star Wars apreciar\u00e1n su autenticidad y el detalle de su equipo. Tambi\u00e9n, cuenta con m\u00faltiples puntos de articulaci\u00f3n. En consecuencia, esto permite recrear las poses m\u00e1s din\u00e1micas y \u00e9picas batallas anti-blindaje. Adem\u00e1s, incluye su ic\u00f3nico lanzacohetes inteligente RPS-6.<\/li>\n<li data-sourcepos=\"9:1-9:371\">Presentado asimismo en un empaque de cart\u00f3n inspirado en Kenner, evoca la nostalgia de los juguetes vintage de los a\u00f1os 70 y 80. Adicionalmente, cuenta con un n\u00famero VC \u00fanico para coleccionar. Este bl\u00edster protector asegura su valor para los coleccionistas m\u00e1s exigentes. Finalmente, ampl\u00eda tu colecci\u00f3n Vintage con esta pieza clave de la infanter\u00eda imperial.<\/li>\n<li data-sourcepos=\"11:1-11:235\">No pierdas la oportunidad de a\u00f1adir poder de fuego a tu colecci\u00f3n. El Rocket Launcher Trooper de The Vintage Collection, tal como lo viste en Star Wars Jedi: Survivor. \u00a1Hazte con esta figura y prep\u00e1rate para la batalla!<\/li>\n<\/ul>\n<h4 class=\"p1\"><b>Sobre Hasbro y su l\u00ednea de productos Star Wars<\/b><\/h4>\n<p class=\"p1\">Hasbro es una empresa l\u00edder en la fabricaci\u00f3n de productos de entretenimiento y coleccionables. Su l\u00ednea de productos <a href=\"https:\/\/endormoonstore.com\/licencia\/star-wars\/\"><span class=\"s2\"><b>Star Wars<\/b><\/span><\/a> incluye:<\/p>\n<ul>\n<li><span class=\"s1\"><a href=\"https:\/\/endormoonstore.com\/tematica\/the-black-series\/\"><span class=\"s3\"><b>The Black Series<\/b><\/span><\/a><\/span>: Esta colecci\u00f3n incluye figuras de acci\u00f3n de 6 pulgadas (aproximadamente 15 cm), cascos a escala 1:1 y sables de luz Force FX. Los productos de esta l\u00ednea est\u00e1n dise\u00f1ados con detalles premium y m\u00faltiples puntos de articulaci\u00f3n. Son ideales para coleccionistas y fans de todas las edades. Adem\u00e1s, The Black Series destaca por su alta calidad y precisi\u00f3n en la representaci\u00f3n de personajes y objetos del universo Star Wars.<\/li>\n<li><span class=\"s1\"><a href=\"https:\/\/endormoonstore.com\/tematica\/the-vintage-collection\/\"><span class=\"s3\"><b>The Vintage Collection<\/b>:<\/span><\/a><\/span> Esta l\u00ednea presenta figuras de 3.75 pulgadas (aproximadamente 9,5 cm) con detalles y dise\u00f1o inspirados en la l\u00ednea original de juguetes de Kenner. Igualmente, incluye veh\u00edculos y dioramas altamente detallados que evocan la nostalgia de los fans de Star Wars. The Vintage Collection destaca por su fidelidad a los dise\u00f1os cl\u00e1sicos y su capacidad para capturar la esencia de la saga original.<\/li>\n<li class=\"p1\"><span class=\"s1\"><a href=\"https:\/\/endormoonstore.com\/tematica\/retro-collection\/\"><span class=\"s3\"><b>The Retro Collection<\/b>:<\/span><\/a><\/span> Esta l\u00ednea recrea las figuras originales de Star Wars de los a\u00f1os 70 y 80, con un dise\u00f1o y detalles inspirados en los juguetes de Kenner de esa \u00e9poca. Las figuras de 3.75 pulgadas (aproximadamente 9,5 cm) tienen 5 puntos de articulaci\u00f3n y son muy populares entre los que buscan un toque de nostalgia.<\/li>\n<\/ul>\n","protected":false},"excerpt":{"rendered":"<h4 class=\"p1\"><strong>Rocket Launcher Trooper The Vintage Collection Star Wars: Jedi Survivor<\/strong><\/h4>\n<p>Llega ahora a tu colecci\u00f3n The Vintage Collection el temible Rocket Launcher Trooper. Esta figura de 9,5 cm (3,75 pulgadas) est\u00e1 directamente inspirada en el videojuego Star Wars Jedi: Survivor. Por lo tanto, puedes a\u00f1adir a tus filas imperiales a este especialista en armamento pesado. Sin duda, es un a\u00f1adido esencial para cualquier fan y coleccionista a partir de 4 a\u00f1os.<\/p>\n","protected":false},"featured_media":173243,"template":"","meta":{"_acf_changed":false,"_kad_blocks_custom_css":"","_kad_blocks_head_custom_js":"","_kad_blocks_body_custom_js":"","_kad_blocks_footer_custom_js":""},"product_cat":[13453,1390,13511],"product_tag":[],"class_list":{"0":"post-173263","1":"product","2":"type-product","3":"status-publish","4":"has-post-thumbnail","6":"product_cat-featured","7":"product_cat-figures","8":"product_cat-new-arrivals","9":"pa_brand-hasbro-en","10":"pa_character-rocket-launcher-trooper-en","11":"pa_episode-star-wars-jedi-survivor-en","12":"pa_license-star-wars-en","13":"pa_product-type-figure","14":"pa_theme-the-vintage-collection-en","16":"first","17":"instock","18":"taxable","19":"shipping-taxable","20":"purchasable","21":"product-type-simple"},"acf":[],"yoast_head":"<!-- This site is optimized with the Yoast SEO plugin v26.1.1 - https:\/\/yoast.com\/wordpress\/plugins\/seo\/ -->\n<title>Rocket Launcher Trooper The Vintage Collection Star Wars Jedi Survivor - EndormoonStore<\/title>\n<meta name=\"description\" content=\"Rocket Launcher Trooper Vintage Collection: Figura Star Wars Jedi Survivor con RPS-6. \u00a1Articulada, dise\u00f1o premium y empaque Kenner! Colecciona ya.\" \/>\n<meta name=\"robots\" content=\"index, follow, max-snippet:-1, max-image-preview:large, max-video-preview:-1\" \/>\n<link rel=\"canonical\" href=\"https:\/\/endormoonstore.com\/en\/rocket-launcher-trooper-the-vintage-collection-star-wars-jedi-survivor\/\" \/>\n<meta property=\"og:locale\" content=\"en_US\" \/>\n<meta property=\"og:type\" content=\"article\" \/>\n<meta property=\"og:title\" content=\"Rocket Launcher Trooper The Vintage Collection Star Wars Jedi Survivor - EndormoonStore\" \/>\n<meta property=\"og:description\" content=\"Rocket Launcher Trooper Vintage Collection: Figura Star Wars Jedi Survivor con RPS-6. \u00a1Articulada, dise\u00f1o premium y empaque Kenner! Colecciona ya.\" \/>\n<meta property=\"og:url\" content=\"https:\/\/endormoonstore.com\/en\/rocket-launcher-trooper-the-vintage-collection-star-wars-jedi-survivor\/\" \/>\n<meta property=\"og:site_name\" content=\"EndormoonStore\" \/>\n<meta property=\"og:image\" content=\"https:\/\/endormoonstore.com\/wp-content\/uploads\/2025\/04\/Rocket-Launcher-Trooper-The-Vintage-Collection-Star-Wars-Jedi-Survivor-1.webp\" \/>\n\t<meta property=\"og:image:width\" content=\"1920\" \/>\n\t<meta property=\"og:image:height\" content=\"1920\" \/>\n\t<meta property=\"og:image:type\" content=\"image\/webp\" \/>\n<meta name=\"twitter:card\" content=\"summary_large_image\" \/>\n<meta name=\"twitter:label1\" content=\"Est. reading time\" \/>\n\t<meta name=\"twitter:data1\" content=\"3 minutes\" \/>\n<script type=\"application\/ld+json\" class=\"yoast-schema-graph\">{\"@context\":\"https:\/\/schema.org\",\"@graph\":[{\"@type\":\"WebPage\",\"@id\":\"https:\/\/endormoonstore.com\/en\/rocket-launcher-trooper-the-vintage-collection-star-wars-jedi-survivor\/\",\"url\":\"https:\/\/endormoonstore.com\/en\/rocket-launcher-trooper-the-vintage-collection-star-wars-jedi-survivor\/\",\"name\":\"Rocket Launcher Trooper The Vintage Collection Star Wars Jedi Survivor - EndormoonStore\",\"isPartOf\":{\"@id\":\"https:\/\/endormoonstore.com\/#website\"},\"primaryImageOfPage\":{\"@id\":\"https:\/\/endormoonstore.com\/en\/rocket-launcher-trooper-the-vintage-collection-star-wars-jedi-survivor\/#primaryimage\"},\"image\":{\"@id\":\"https:\/\/endormoonstore.com\/en\/rocket-launcher-trooper-the-vintage-collection-star-wars-jedi-survivor\/#primaryimage\"},\"thumbnailUrl\":\"https:\/\/endormoonstore.com\/wp-content\/uploads\/2025\/04\/Rocket-Launcher-Trooper-The-Vintage-Collection-Star-Wars-Jedi-Survivor-1.webp\",\"datePublished\":\"2025-09-29T01:50:45+00:00\",\"description\":\"Rocket Launcher Trooper Vintage Collection: Figura Star Wars Jedi Survivor con RPS-6. \u00a1Articulada, dise\u00f1o premium y empaque Kenner! Colecciona ya.\",\"breadcrumb\":{\"@id\":\"https:\/\/endormoonstore.com\/en\/rocket-launcher-trooper-the-vintage-collection-star-wars-jedi-survivor\/#breadcrumb\"},\"inLanguage\":\"en-US\",\"potentialAction\":[{\"@type\":\"ReadAction\",\"target\":[\"https:\/\/endormoonstore.com\/en\/rocket-launcher-trooper-the-vintage-collection-star-wars-jedi-survivor\/\"]}]},{\"@type\":\"ImageObject\",\"inLanguage\":\"en-US\",\"@id\":\"https:\/\/endormoonstore.com\/en\/rocket-launcher-trooper-the-vintage-collection-star-wars-jedi-survivor\/#primaryimage\",\"url\":\"https:\/\/endormoonstore.com\/wp-content\/uploads\/2025\/04\/Rocket-Launcher-Trooper-The-Vintage-Collection-Star-Wars-Jedi-Survivor-1.webp\",\"contentUrl\":\"https:\/\/endormoonstore.com\/wp-content\/uploads\/2025\/04\/Rocket-Launcher-Trooper-The-Vintage-Collection-Star-Wars-Jedi-Survivor-1.webp\",\"width\":1920,\"height\":1920,\"caption\":\"Figura articulada del Rocket Launcher Trooper de The Vintage Collection, tal como aparece en Star Wars Jedi: Survivor, empu\u00f1ando su potente lanzacohetes RPS-6.\"},{\"@type\":\"BreadcrumbList\",\"@id\":\"https:\/\/endormoonstore.com\/en\/rocket-launcher-trooper-the-vintage-collection-star-wars-jedi-survivor\/#breadcrumb\",\"itemListElement\":[{\"@type\":\"ListItem\",\"position\":1,\"name\":\"Shop\",\"item\":\"https:\/\/endormoonstore.com\/en\/shop\/\"},{\"@type\":\"ListItem\",\"position\":2,\"name\":\"Rocket Launcher Trooper The Vintage Collection Star Wars Jedi Survivor\"}]},{\"@type\":\"WebSite\",\"@id\":\"https:\/\/endormoonstore.com\/#website\",\"url\":\"https:\/\/endormoonstore.com\/\",\"name\":\"EndormoonStore\",\"description\":\"\",\"potentialAction\":[{\"@type\":\"SearchAction\",\"target\":{\"@type\":\"EntryPoint\",\"urlTemplate\":\"https:\/\/endormoonstore.com\/?s={search_term_string}\"},\"query-input\":{\"@type\":\"PropertyValueSpecification\",\"valueRequired\":true,\"valueName\":\"search_term_string\"}}],\"inLanguage\":\"en-US\"}]}<\/script>\n<!-- \/ Yoast SEO plugin. -->","yoast_head_json":{"title":"Rocket Launcher Trooper The Vintage Collection Star Wars Jedi Survivor - EndormoonStore","description":"Rocket Launcher Trooper Vintage Collection: Figura Star Wars Jedi Survivor con RPS-6. \u00a1Articulada, dise\u00f1o premium y empaque Kenner! Colecciona ya.","robots":{"index":"index","follow":"follow","max-snippet":"max-snippet:-1","max-image-preview":"max-image-preview:large","max-video-preview":"max-video-preview:-1"},"canonical":"https:\/\/endormoonstore.com\/en\/rocket-launcher-trooper-the-vintage-collection-star-wars-jedi-survivor\/","og_locale":"en_US","og_type":"article","og_title":"Rocket Launcher Trooper The Vintage Collection Star Wars Jedi Survivor - EndormoonStore","og_description":"Rocket Launcher Trooper Vintage Collection: Figura Star Wars Jedi Survivor con RPS-6. \u00a1Articulada, dise\u00f1o premium y empaque Kenner! Colecciona ya.","og_url":"https:\/\/endormoonstore.com\/en\/rocket-launcher-trooper-the-vintage-collection-star-wars-jedi-survivor\/","og_site_name":"EndormoonStore","og_image":[{"width":1920,"height":1920,"url":"https:\/\/endormoonstore.com\/wp-content\/uploads\/2025\/04\/Rocket-Launcher-Trooper-The-Vintage-Collection-Star-Wars-Jedi-Survivor-1.webp","type":"image\/webp"}],"twitter_card":"summary_large_image","twitter_misc":{"Est. reading time":"3 minutes"},"schema":{"@context":"https:\/\/schema.org","@graph":[{"@type":"WebPage","@id":"https:\/\/endormoonstore.com\/en\/rocket-launcher-trooper-the-vintage-collection-star-wars-jedi-survivor\/","url":"https:\/\/endormoonstore.com\/en\/rocket-launcher-trooper-the-vintage-collection-star-wars-jedi-survivor\/","name":"Rocket Launcher Trooper The Vintage Collection Star Wars Jedi Survivor - EndormoonStore","isPartOf":{"@id":"https:\/\/endormoonstore.com\/#website"},"primaryImageOfPage":{"@id":"https:\/\/endormoonstore.com\/en\/rocket-launcher-trooper-the-vintage-collection-star-wars-jedi-survivor\/#primaryimage"},"image":{"@id":"https:\/\/endormoonstore.com\/en\/rocket-launcher-trooper-the-vintage-collection-star-wars-jedi-survivor\/#primaryimage"},"thumbnailUrl":"https:\/\/endormoonstore.com\/wp-content\/uploads\/2025\/04\/Rocket-Launcher-Trooper-The-Vintage-Collection-Star-Wars-Jedi-Survivor-1.webp","datePublished":"2025-09-29T01:50:45+00:00","description":"Rocket Launcher Trooper Vintage Collection: Figura Star Wars Jedi Survivor con RPS-6. \u00a1Articulada, dise\u00f1o premium y empaque Kenner! Colecciona ya.","breadcrumb":{"@id":"https:\/\/endormoonstore.com\/en\/rocket-launcher-trooper-the-vintage-collection-star-wars-jedi-survivor\/#breadcrumb"},"inLanguage":"en-US","potentialAction":[{"@type":"ReadAction","target":["https:\/\/endormoonstore.com\/en\/rocket-launcher-trooper-the-vintage-collection-star-wars-jedi-survivor\/"]}]},{"@type":"ImageObject","inLanguage":"en-US","@id":"https:\/\/endormoonstore.com\/en\/rocket-launcher-trooper-the-vintage-collection-star-wars-jedi-survivor\/#primaryimage","url":"https:\/\/endormoonstore.com\/wp-content\/uploads\/2025\/04\/Rocket-Launcher-Trooper-The-Vintage-Collection-Star-Wars-Jedi-Survivor-1.webp","contentUrl":"https:\/\/endormoonstore.com\/wp-content\/uploads\/2025\/04\/Rocket-Launcher-Trooper-The-Vintage-Collection-Star-Wars-Jedi-Survivor-1.webp","width":1920,"height":1920,"caption":"Figura articulada del Rocket Launcher Trooper de The Vintage Collection, tal como aparece en Star Wars Jedi: Survivor, empu\u00f1ando su potente lanzacohetes RPS-6."},{"@type":"BreadcrumbList","@id":"https:\/\/endormoonstore.com\/en\/rocket-launcher-trooper-the-vintage-collection-star-wars-jedi-survivor\/#breadcrumb","itemListElement":[{"@type":"ListItem","position":1,"name":"Shop","item":"https:\/\/endormoonstore.com\/en\/shop\/"},{"@type":"ListItem","position":2,"name":"Rocket Launcher Trooper The Vintage Collection Star Wars Jedi Survivor"}]},{"@type":"WebSite","@id":"https:\/\/endormoonstore.com\/#website","url":"https:\/\/endormoonstore.com\/","name":"EndormoonStore","description":"","potentialAction":[{"@type":"SearchAction","target":{"@type":"EntryPoint","urlTemplate":"https:\/\/endormoonstore.com\/?s={search_term_string}"},"query-input":{"@type":"PropertyValueSpecification","valueRequired":true,"valueName":"search_term_string"}}],"inLanguage":"en-US"}]}},"taxonomy_info":{"product_cat":[{"value":13453,"label":"Featured"},{"value":1390,"label":"Figures"},{"value":13511,"label":"New Arrivals"}],"pa_brand":[{"value":2084,"label":"Hasbro"}],"pa_character":[{"value":13502,"label":"Rocket Launcher Trooper"}],"pa_episode":[{"value":14319,"label":"Star Wars: Jedi Survivor"}],"pa_license":[{"value":1644,"label":"Star Wars"}],"pa_product-type":[{"value":2387,"label":"Figure"}],"pa_theme":[{"value":1660,"label":"The Vintage Collection"}]},"featured_image_src_large":["https:\/\/endormoonstore.com\/wp-content\/uploads\/2025\/04\/Rocket-Launcher-Trooper-The-Vintage-Collection-Star-Wars-Jedi-Survivor-1.webp",1920,1920,false],"author_info":[],"comment_info":"","_links":{"self":[{"href":"https:\/\/endormoonstore.com\/en\/wp-json\/wp\/v2\/product\/173263","targetHints":{"allow":["GET"]}}],"collection":[{"href":"https:\/\/endormoonstore.com\/en\/wp-json\/wp\/v2\/product"}],"about":[{"href":"https:\/\/endormoonstore.com\/en\/wp-json\/wp\/v2\/types\/product"}],"wp:featuredmedia":[{"embeddable":true,"href":"https:\/\/endormoonstore.com\/en\/wp-json\/wp\/v2\/media\/173243"}],"wp:attachment":[{"href":"https:\/\/endormoonstore.com\/en\/wp-json\/wp\/v2\/media?parent=173263"}],"wp:term":[{"taxonomy":"product_cat","embeddable":true,"href":"https:\/\/endormoonstore.com\/en\/wp-json\/wp\/v2\/product_cat?post=173263"},{"taxonomy":"product_tag","embeddable":true,"href":"https:\/\/endormoonstore.com\/en\/wp-json\/wp\/v2\/product_tag?post=173263"}],"curies":[{"name":"wp","href":"https:\/\/api.w.org\/{rel}","templated":true}]}}