{"id":173196,"date":"2025-04-17T02:45:00","date_gmt":"2025-04-17T00:45:00","guid":{"rendered":"https:\/\/endormoonstore.com\/cad-bane-a-few-bounties-more-star-wars-premium-format-figure\/"},"modified":"2025-04-24T14:17:54","modified_gmt":"2025-04-24T12:17:54","slug":"cad-bane-a-few-bounties-more-star-wars-premium-format-figure","status":"publish","type":"product","link":"https:\/\/endormoonstore.com\/en\/cad-bane-a-few-bounties-more-star-wars-premium-format-figure\/","title":{"rendered":"Cad Bane A Few Bounties More Star Wars Premium Format Figure"},"content":{"rendered":"<h4 class=\"p1\"><strong>Cad Bane A Few Bounties More Star Wars Premium Format Figure<\/strong><\/h4>\n<ul>\n<li data-sourcepos=\"5:1-5:298\">&#8220;Considera \u00e9sta mi \u00faltima lecci\u00f3n&#8221;. Sideshow presenta la figura <a href=\"https:\/\/endormoonstore.com\/personaje\/cad-bane\/\"><strong>Cad Bane\u2122<\/strong><\/a>: A Few Bounties More <strong><a href=\"https:\/\/endormoonstore.com\/tematica\/premium-format-figure\/\">Premium Format<\/a>\u2122<\/strong>. Sin duda, directamente desde el despiadado inframundo de <em>Star Wars<\/em>\u2122, llega este coleccionable con licencia oficial. Prep\u00e1rate para el blaster a sueldo m\u00e1s temido de la galaxia.<\/li>\n<li data-sourcepos=\"7:1-7:422\">Desde los Mundos del N\u00facleo hasta el Borde Exterior, su reputaci\u00f3n lo precede. Con una imponente altura de 57 cm, 34 cm de ancho y 32 cm de profundidad esta figura <a href=\"https:\/\/endormoonstore.com\/tematica\/premium-format-figure\/\"><strong>Premium Format\u2122<\/strong><\/a> captura a Cad Bane Premium Format en un tenso punto muerto. Su abrigo ondea tras \u00e9l, mientras sus penetrantes ojos rojos, protegidos por su ic\u00f3nico sombrero, se fijan en su objetivo. A sus pies, su nervioso droide de servicio Todo 360 espera \u00f3rdenes sobre las abrasadoras dunas de arena.<\/li>\n<li data-sourcepos=\"9:1-9:718\">Esta pieza coleccionable de <a href=\"https:\/\/endormoonstore.com\/personaje\/cad-bane\/\"><strong>Cad Bane\u2122<\/strong><\/a> es completamente esculpida, mostrando al mercenario de Duro en su forma m\u00e1s formidable. El talento de Will Harbottle, Jorge Villar y Claudio Abraham se une en esta impresionante escultura. Equipado con su aparato de respiraci\u00f3n caracter\u00edstico, guanteletes de alta tecnolog\u00eda y cohetes en los tobillos, est\u00e1 listo para cualquier enfrentamiento. Adem\u00e1s, porta dos pistolas bl\u00e1ster con munici\u00f3n extra a sus caderas. Su detallada vestimenta de polipiedra, con dise\u00f1o de Rachel Roubicek y pintura de Bernardo Esquivel, refleja el desgaste de sus peligrosas misiones. De hecho, incluso la base rocosa bajo sus botas con espuelas cuenta la historia de sus viajes.<\/li>\n<li data-sourcepos=\"11:1-11:375\"><a href=\"https:\/\/endormoonstore.com\/marca\/sideshow\/\"><strong>Sideshow Collectibles<\/strong><\/a>, un referente en figuras de alta gama, te trae esta impresionante estatua. El meticuloso trabajo de estos artistas eleva a\u00fan m\u00e1s la calidad de esta pieza. No pierdas la oportunidad de llevar a casa hoy mismo la figura Cad Bane\u2122: A Few Bounties More Premium Format\u2122. En definitiva, haz que tu colecci\u00f3n alcance nuevas cotas de realismo y detalle.<\/li>\n<\/ul>\n<h4 class=\"p1\"><b>Env\u00edo por favor lea con atenci\u00f3n:<\/b><\/h4>\n<ul class=\"ul1\">\n<li class=\"li1\">El precio del env\u00edo para este art\u00edculo es provisional. El fabricante solo a facilitado las medidas de la estatua ( descritas arriba ) no conocemos las medidas del embalaje y si el mismo ser\u00e1 de una o dos cajas. Por las medidas que disponemos ahora calcularemos el precio de env\u00edo provisional ( Definido por peso volum\u00e9trico de las medidas que conocemos de la figura)<\/li>\n<li class=\"li1\">Suponemos que no ser\u00e1 mucho m\u00e1s de lo que ponemos ahora ( Ser\u00e1n 29 kg de Peso volum\u00e9trico ) si tiene usted alguna pregunta no dude en contactar con nosotros. Estaremos encantados de ayudarle.<\/li>\n<li class=\"li1\">Espero que comprendan la situaci\u00f3n pero las medidas escapan a nuestro conocimiento y nuestros m\u00e1rgenes son lo m\u00e1s ajustados posible. Muchas gracias<\/li>\n<\/ul>\n","protected":false},"excerpt":{"rendered":"<h4 class=\"p1\"><strong>Cad Bane A Few Bounties More Star Wars Premium Format Figure<\/strong><\/h4>\n<p>&#8220;Considera \u00e9sta mi \u00faltima lecci\u00f3n&#8221;. Sideshow presenta la figura Cad Bane\u2122: A Few Bounties More Premium Format\u2122. Sin duda, directamente desde el despiadado inframundo de <em>Star Wars<\/em>\u2122, llega este coleccionable con licencia oficial. Prep\u00e1rate para el blaster a sueldo m\u00e1s temido de la galaxia.<\/p>\n<p class=\"p1\">\n","protected":false},"featured_media":173162,"template":"","meta":{"_acf_changed":false,"_kad_blocks_custom_css":"","_kad_blocks_head_custom_js":"","_kad_blocks_body_custom_js":"","_kad_blocks_footer_custom_js":""},"product_cat":[1390,1384],"product_tag":[],"class_list":{"0":"post-173196","1":"product","2":"type-product","3":"status-publish","4":"has-post-thumbnail","6":"product_cat-figures","7":"product_cat-pre-orders","8":"pa_brand-sideshow-en","9":"pa_character-cad-bane-en","10":"pa_license-star-wars-en","11":"pa_product-type-statue","12":"pa_theme-premium-format-figure-en","14":"first","15":"instock","16":"taxable","17":"shipping-taxable","18":"purchasable","19":"product-type-simple"},"acf":[],"yoast_head":"<!-- This site is optimized with the Yoast SEO plugin v26.1.1 - https:\/\/yoast.com\/wordpress\/plugins\/seo\/ -->\n<title>Cad Bane A Few Bounties More Star Wars Premium Format Figure - EndormoonStore<\/title>\n<meta name=\"description\" content=\"Cad Bane Premium Format: Estatua Sideshow de Star Wars. El despiadado cazarrecompensas con detalle premium. \u00a1A\u00f1ade esta obra de arte a tu colecci\u00f3n!\" \/>\n<meta name=\"robots\" content=\"index, follow, max-snippet:-1, max-image-preview:large, max-video-preview:-1\" \/>\n<link rel=\"canonical\" href=\"https:\/\/endormoonstore.com\/en\/cad-bane-a-few-bounties-more-star-wars-premium-format-figure\/\" \/>\n<meta property=\"og:locale\" content=\"en_US\" \/>\n<meta property=\"og:type\" content=\"article\" \/>\n<meta property=\"og:title\" content=\"Cad Bane A Few Bounties More Star Wars Premium Format Figure - EndormoonStore\" \/>\n<meta property=\"og:description\" content=\"Cad Bane Premium Format: Estatua Sideshow de Star Wars. El despiadado cazarrecompensas con detalle premium. \u00a1A\u00f1ade esta obra de arte a tu colecci\u00f3n!\" \/>\n<meta property=\"og:url\" content=\"https:\/\/endormoonstore.com\/en\/cad-bane-a-few-bounties-more-star-wars-premium-format-figure\/\" \/>\n<meta property=\"og:site_name\" content=\"EndormoonStore\" \/>\n<meta property=\"article:modified_time\" content=\"2025-04-24T12:17:54+00:00\" \/>\n<meta property=\"og:image\" content=\"https:\/\/endormoonstore.com\/wp-content\/uploads\/2025\/04\/Cad-Bane-A-Few-Bounties-More-Star-Wars-Premium-Format-Figure-1.jpg\" \/>\n\t<meta property=\"og:image:width\" content=\"667\" \/>\n\t<meta property=\"og:image:height\" content=\"1000\" \/>\n\t<meta property=\"og:image:type\" content=\"image\/jpeg\" \/>\n<meta name=\"twitter:card\" content=\"summary_large_image\" \/>\n<meta name=\"twitter:label1\" content=\"Est. reading time\" \/>\n\t<meta name=\"twitter:data1\" content=\"3 minutes\" \/>\n<script type=\"application\/ld+json\" class=\"yoast-schema-graph\">{\"@context\":\"https:\/\/schema.org\",\"@graph\":[{\"@type\":\"WebPage\",\"@id\":\"https:\/\/endormoonstore.com\/en\/cad-bane-a-few-bounties-more-star-wars-premium-format-figure\/\",\"url\":\"https:\/\/endormoonstore.com\/en\/cad-bane-a-few-bounties-more-star-wars-premium-format-figure\/\",\"name\":\"Cad Bane A Few Bounties More Star Wars Premium Format Figure - EndormoonStore\",\"isPartOf\":{\"@id\":\"https:\/\/endormoonstore.com\/#website\"},\"primaryImageOfPage\":{\"@id\":\"https:\/\/endormoonstore.com\/en\/cad-bane-a-few-bounties-more-star-wars-premium-format-figure\/#primaryimage\"},\"image\":{\"@id\":\"https:\/\/endormoonstore.com\/en\/cad-bane-a-few-bounties-more-star-wars-premium-format-figure\/#primaryimage\"},\"thumbnailUrl\":\"https:\/\/endormoonstore.com\/wp-content\/uploads\/2025\/04\/Cad-Bane-A-Few-Bounties-More-Star-Wars-Premium-Format-Figure-1.jpg\",\"datePublished\":\"2025-04-17T00:45:00+00:00\",\"dateModified\":\"2025-04-24T12:17:54+00:00\",\"description\":\"Cad Bane Premium Format: Estatua Sideshow de Star Wars. El despiadado cazarrecompensas con detalle premium. \u00a1A\u00f1ade esta obra de arte a tu colecci\u00f3n!\",\"breadcrumb\":{\"@id\":\"https:\/\/endormoonstore.com\/en\/cad-bane-a-few-bounties-more-star-wars-premium-format-figure\/#breadcrumb\"},\"inLanguage\":\"en-US\",\"potentialAction\":[{\"@type\":\"ReadAction\",\"target\":[\"https:\/\/endormoonstore.com\/en\/cad-bane-a-few-bounties-more-star-wars-premium-format-figure\/\"]}]},{\"@type\":\"ImageObject\",\"inLanguage\":\"en-US\",\"@id\":\"https:\/\/endormoonstore.com\/en\/cad-bane-a-few-bounties-more-star-wars-premium-format-figure\/#primaryimage\",\"url\":\"https:\/\/endormoonstore.com\/wp-content\/uploads\/2025\/04\/Cad-Bane-A-Few-Bounties-More-Star-Wars-Premium-Format-Figure-1.jpg\",\"contentUrl\":\"https:\/\/endormoonstore.com\/wp-content\/uploads\/2025\/04\/Cad-Bane-A-Few-Bounties-More-Star-Wars-Premium-Format-Figure-1.jpg\",\"width\":667,\"height\":1000,\"caption\":\"Estatua Cad Bane: A Few Bounties More Premium Format\u2122 Sideshow Collectibles.\"},{\"@type\":\"BreadcrumbList\",\"@id\":\"https:\/\/endormoonstore.com\/en\/cad-bane-a-few-bounties-more-star-wars-premium-format-figure\/#breadcrumb\",\"itemListElement\":[{\"@type\":\"ListItem\",\"position\":1,\"name\":\"Shop\",\"item\":\"https:\/\/endormoonstore.com\/en\/shop\/\"},{\"@type\":\"ListItem\",\"position\":2,\"name\":\"Cad Bane A Few Bounties More Star Wars Premium Format Figure\"}]},{\"@type\":\"WebSite\",\"@id\":\"https:\/\/endormoonstore.com\/#website\",\"url\":\"https:\/\/endormoonstore.com\/\",\"name\":\"EndormoonStore\",\"description\":\"\",\"potentialAction\":[{\"@type\":\"SearchAction\",\"target\":{\"@type\":\"EntryPoint\",\"urlTemplate\":\"https:\/\/endormoonstore.com\/?s={search_term_string}\"},\"query-input\":{\"@type\":\"PropertyValueSpecification\",\"valueRequired\":true,\"valueName\":\"search_term_string\"}}],\"inLanguage\":\"en-US\"}]}<\/script>\n<!-- \/ Yoast SEO plugin. -->","yoast_head_json":{"title":"Cad Bane A Few Bounties More Star Wars Premium Format Figure - EndormoonStore","description":"Cad Bane Premium Format: Estatua Sideshow de Star Wars. El despiadado cazarrecompensas con detalle premium. \u00a1A\u00f1ade esta obra de arte a tu colecci\u00f3n!","robots":{"index":"index","follow":"follow","max-snippet":"max-snippet:-1","max-image-preview":"max-image-preview:large","max-video-preview":"max-video-preview:-1"},"canonical":"https:\/\/endormoonstore.com\/en\/cad-bane-a-few-bounties-more-star-wars-premium-format-figure\/","og_locale":"en_US","og_type":"article","og_title":"Cad Bane A Few Bounties More Star Wars Premium Format Figure - EndormoonStore","og_description":"Cad Bane Premium Format: Estatua Sideshow de Star Wars. El despiadado cazarrecompensas con detalle premium. \u00a1A\u00f1ade esta obra de arte a tu colecci\u00f3n!","og_url":"https:\/\/endormoonstore.com\/en\/cad-bane-a-few-bounties-more-star-wars-premium-format-figure\/","og_site_name":"EndormoonStore","article_modified_time":"2025-04-24T12:17:54+00:00","og_image":[{"width":667,"height":1000,"url":"https:\/\/endormoonstore.com\/wp-content\/uploads\/2025\/04\/Cad-Bane-A-Few-Bounties-More-Star-Wars-Premium-Format-Figure-1.jpg","type":"image\/jpeg"}],"twitter_card":"summary_large_image","twitter_misc":{"Est. reading time":"3 minutes"},"schema":{"@context":"https:\/\/schema.org","@graph":[{"@type":"WebPage","@id":"https:\/\/endormoonstore.com\/en\/cad-bane-a-few-bounties-more-star-wars-premium-format-figure\/","url":"https:\/\/endormoonstore.com\/en\/cad-bane-a-few-bounties-more-star-wars-premium-format-figure\/","name":"Cad Bane A Few Bounties More Star Wars Premium Format Figure - EndormoonStore","isPartOf":{"@id":"https:\/\/endormoonstore.com\/#website"},"primaryImageOfPage":{"@id":"https:\/\/endormoonstore.com\/en\/cad-bane-a-few-bounties-more-star-wars-premium-format-figure\/#primaryimage"},"image":{"@id":"https:\/\/endormoonstore.com\/en\/cad-bane-a-few-bounties-more-star-wars-premium-format-figure\/#primaryimage"},"thumbnailUrl":"https:\/\/endormoonstore.com\/wp-content\/uploads\/2025\/04\/Cad-Bane-A-Few-Bounties-More-Star-Wars-Premium-Format-Figure-1.jpg","datePublished":"2025-04-17T00:45:00+00:00","dateModified":"2025-04-24T12:17:54+00:00","description":"Cad Bane Premium Format: Estatua Sideshow de Star Wars. El despiadado cazarrecompensas con detalle premium. \u00a1A\u00f1ade esta obra de arte a tu colecci\u00f3n!","breadcrumb":{"@id":"https:\/\/endormoonstore.com\/en\/cad-bane-a-few-bounties-more-star-wars-premium-format-figure\/#breadcrumb"},"inLanguage":"en-US","potentialAction":[{"@type":"ReadAction","target":["https:\/\/endormoonstore.com\/en\/cad-bane-a-few-bounties-more-star-wars-premium-format-figure\/"]}]},{"@type":"ImageObject","inLanguage":"en-US","@id":"https:\/\/endormoonstore.com\/en\/cad-bane-a-few-bounties-more-star-wars-premium-format-figure\/#primaryimage","url":"https:\/\/endormoonstore.com\/wp-content\/uploads\/2025\/04\/Cad-Bane-A-Few-Bounties-More-Star-Wars-Premium-Format-Figure-1.jpg","contentUrl":"https:\/\/endormoonstore.com\/wp-content\/uploads\/2025\/04\/Cad-Bane-A-Few-Bounties-More-Star-Wars-Premium-Format-Figure-1.jpg","width":667,"height":1000,"caption":"Estatua Cad Bane: A Few Bounties More Premium Format\u2122 Sideshow Collectibles."},{"@type":"BreadcrumbList","@id":"https:\/\/endormoonstore.com\/en\/cad-bane-a-few-bounties-more-star-wars-premium-format-figure\/#breadcrumb","itemListElement":[{"@type":"ListItem","position":1,"name":"Shop","item":"https:\/\/endormoonstore.com\/en\/shop\/"},{"@type":"ListItem","position":2,"name":"Cad Bane A Few Bounties More Star Wars Premium Format Figure"}]},{"@type":"WebSite","@id":"https:\/\/endormoonstore.com\/#website","url":"https:\/\/endormoonstore.com\/","name":"EndormoonStore","description":"","potentialAction":[{"@type":"SearchAction","target":{"@type":"EntryPoint","urlTemplate":"https:\/\/endormoonstore.com\/?s={search_term_string}"},"query-input":{"@type":"PropertyValueSpecification","valueRequired":true,"valueName":"search_term_string"}}],"inLanguage":"en-US"}]}},"taxonomy_info":{"product_cat":[{"value":1390,"label":"Figures"},{"value":1384,"label":"Pre-orders"}],"pa_brand":[{"value":14463,"label":"Sideshow"}],"pa_character":[{"value":10857,"label":"Cad Bane"}],"pa_license":[{"value":1644,"label":"Star Wars"}],"pa_product-type":[{"value":2357,"label":"Statue"}],"pa_theme":[{"value":14467,"label":"Premium Format Figure"}]},"featured_image_src_large":["https:\/\/endormoonstore.com\/wp-content\/uploads\/2025\/04\/Cad-Bane-A-Few-Bounties-More-Star-Wars-Premium-Format-Figure-1.jpg",667,1000,false],"author_info":[],"comment_info":"","_links":{"self":[{"href":"https:\/\/endormoonstore.com\/en\/wp-json\/wp\/v2\/product\/173196","targetHints":{"allow":["GET"]}}],"collection":[{"href":"https:\/\/endormoonstore.com\/en\/wp-json\/wp\/v2\/product"}],"about":[{"href":"https:\/\/endormoonstore.com\/en\/wp-json\/wp\/v2\/types\/product"}],"wp:featuredmedia":[{"embeddable":true,"href":"https:\/\/endormoonstore.com\/en\/wp-json\/wp\/v2\/media\/173162"}],"wp:attachment":[{"href":"https:\/\/endormoonstore.com\/en\/wp-json\/wp\/v2\/media?parent=173196"}],"wp:term":[{"taxonomy":"product_cat","embeddable":true,"href":"https:\/\/endormoonstore.com\/en\/wp-json\/wp\/v2\/product_cat?post=173196"},{"taxonomy":"product_tag","embeddable":true,"href":"https:\/\/endormoonstore.com\/en\/wp-json\/wp\/v2\/product_tag?post=173196"}],"curies":[{"name":"wp","href":"https:\/\/api.w.org\/{rel}","templated":true}]}}