{"id":173134,"date":"2025-09-29T01:40:15","date_gmt":"2025-09-28T23:40:15","guid":{"rendered":"https:\/\/endormoonstore.com\/han-solo-the-black-series-star-wars-a-new-hope\/"},"modified":"2025-04-23T22:51:39","modified_gmt":"2025-04-23T20:51:39","slug":"han-solo-the-black-series-star-wars-a-new-hope","status":"publish","type":"product","link":"https:\/\/endormoonstore.com\/en\/han-solo-the-black-series-star-wars-a-new-hope\/","title":{"rendered":"Han Solo The Black Series Star Wars A New Hope"},"content":{"rendered":"<h4 class=\"p1\"><strong>Han Solo The Black Series Star Wars: A New Hope<\/strong><\/h4>\n<ul>\n<li data-sourcepos=\"19:1-19:345\">Revive la aventura original con Han Solo Black Series Star Wars: A New Hope (&#8220;Star Wars: Una Nueva Esperanza&#8221;). Esta figura de 15 cm captura al ic\u00f3nico contrabandista. Est\u00e1 inspirada en la primera pel\u00edcula de Star Wars. Ahora puedes a\u00f1adir a tu colecci\u00f3n este personaje cl\u00e1sico. Adem\u00e1s, es un regalo ideal para fans desde los 4 a\u00f1os.<\/li>\n<li data-sourcepos=\"21:1-21:356\">Disfruta de un dise\u00f1o y decoraci\u00f3n premium, fieles a la pel\u00edcula actualizada con dise\u00f1o fotorrealista. Los fan\u00e1ticos de Star Wars apreciar\u00e1n su autenticidad. Adem\u00e1s, cuenta con una articulaci\u00f3n premium. Por lo tanto, esto permite crear poses din\u00e1micas para exhibir. Tambi\u00e9n incluye su bl\u00e1ster caracter\u00edstico, listo para la acci\u00f3n gal\u00e1ctica.<\/li>\n<li data-sourcepos=\"23:1-23:316\">Presentada en una elegante caja con ventana, perfecta para mostrar tu pasi\u00f3n por Star Wars. Como capit\u00e1n del Halc\u00f3n Milenario, Han Solo y Chewbacca llegaron a creer en la causa de la libertad gal\u00e1ctica. \u00a1Imprescindible para cualquier fan de Star Wars! \u00a1Consigue ya tu figura de Han Solo Black Series!<\/li>\n<\/ul>\n<h4 class=\"p1\"><b>Sobre Hasbro y su l\u00ednea de productos Star Wars<\/b><\/h4>\n<p class=\"p1\">Hasbro es una empresa l\u00edder en la fabricaci\u00f3n de productos de entretenimiento y coleccionables. Su l\u00ednea de productos <a href=\"https:\/\/endormoonstore.com\/licencia\/star-wars\/\"><span class=\"s2\"><b>Star Wars<\/b><\/span><\/a> incluye:<\/p>\n<ul>\n<li><span class=\"s1\"><a href=\"https:\/\/endormoonstore.com\/tematica\/the-black-series\/\"><span class=\"s3\"><b>The Black Series<\/b><\/span><\/a><\/span>: Esta colecci\u00f3n incluye figuras de acci\u00f3n de 6 pulgadas (aproximadamente 15 cm), cascos a escala 1:1 y sables de luz Force FX. Los productos de esta l\u00ednea est\u00e1n dise\u00f1ados con detalles premium y m\u00faltiples puntos de articulaci\u00f3n. Son ideales para coleccionistas y fans de todas las edades. Adem\u00e1s, The Black Series destaca por su alta calidad y precisi\u00f3n en la representaci\u00f3n de personajes y objetos del universo Star Wars.<\/li>\n<li><span class=\"s1\"><a href=\"https:\/\/endormoonstore.com\/tematica\/the-vintage-collection\/\"><span class=\"s3\"><b>The Vintage Collection<\/b>:<\/span><\/a><\/span> Esta l\u00ednea presenta figuras de 3.75 pulgadas (aproximadamente 9,5 cm) con detalles y dise\u00f1o inspirados en la l\u00ednea original de juguetes de Kenner. Igualmente, incluye veh\u00edculos y dioramas altamente detallados que evocan la nostalgia de los fans de Star Wars. The Vintage Collection destaca por su fidelidad a los dise\u00f1os cl\u00e1sicos y su capacidad para capturar la esencia de la saga original.<\/li>\n<li class=\"p1\"><span class=\"s1\"><a href=\"https:\/\/endormoonstore.com\/tematica\/retro-collection\/\"><span class=\"s3\"><b>The Retro Collection<\/b>:<\/span><\/a><\/span> Esta l\u00ednea recrea las figuras originales de Star Wars de los a\u00f1os 70 y 80, con un dise\u00f1o y detalles inspirados en los juguetes de Kenner de esa \u00e9poca. Las figuras de 3.75 pulgadas (aproximadamente 9,5 cm) tienen 5 puntos de articulaci\u00f3n y son muy populares entre los que buscan un toque de nostalgia.<\/li>\n<\/ul>\n","protected":false},"excerpt":{"rendered":"<h4 class=\"p1\"><strong>Han Solo The Black Series Star Wars: A New Hope<\/strong><\/h4>\n<p>Revive la aventura original con Han Solo Black Series Star Wars: A New Hope (&#8220;Star Wars: Una Nueva Esperanza&#8221;). Esta figura de 15 cm captura al ic\u00f3nico contrabandista. Est\u00e1 inspirada en la primera pel\u00edcula de Star Wars. Ahora puedes a\u00f1adir a tu colecci\u00f3n este personaje cl\u00e1sico. Adem\u00e1s, es un regalo ideal para fans desde los 4 a\u00f1os.<\/p>\n","protected":false},"featured_media":173110,"template":"","meta":{"_acf_changed":false,"_kad_blocks_custom_css":"","_kad_blocks_head_custom_js":"","_kad_blocks_body_custom_js":"","_kad_blocks_footer_custom_js":""},"product_cat":[13453,1390,13511],"product_tag":[],"class_list":{"0":"post-173134","1":"product","2":"type-product","3":"status-publish","4":"has-post-thumbnail","6":"product_cat-featured","7":"product_cat-figures","8":"product_cat-new-arrivals","9":"pa_brand-hasbro-en","10":"pa_character-han-solo-en","11":"pa_episode-star-wars-a-new-hope","12":"pa_license-star-wars-en","13":"pa_product-type-figure","14":"pa_theme-the-black-series-en","16":"first","17":"instock","18":"taxable","19":"shipping-taxable","20":"purchasable","21":"product-type-simple"},"acf":[],"yoast_head":"<!-- This site is optimized with the Yoast SEO plugin v26.1.1 - https:\/\/yoast.com\/wordpress\/plugins\/seo\/ -->\n<title>Han Solo The Black Series Star Wars A New Hope - EndormoonStore<\/title>\n<meta name=\"description\" content=\"Han Solo Black Series 15cm: Figura ic\u00f3nica de A New Hope. \u00a1A\u00f1ade al capit\u00e1n del Halc\u00f3n Milenario a tu colecci\u00f3n Black Series!\" \/>\n<meta name=\"robots\" content=\"index, follow, max-snippet:-1, max-image-preview:large, max-video-preview:-1\" \/>\n<link rel=\"canonical\" href=\"https:\/\/endormoonstore.com\/en\/han-solo-the-black-series-star-wars-a-new-hope\/\" \/>\n<meta property=\"og:locale\" content=\"en_US\" \/>\n<meta property=\"og:type\" content=\"article\" \/>\n<meta property=\"og:title\" content=\"Han Solo The Black Series Star Wars A New Hope - EndormoonStore\" \/>\n<meta property=\"og:description\" content=\"Han Solo Black Series 15cm: Figura ic\u00f3nica de A New Hope. \u00a1A\u00f1ade al capit\u00e1n del Halc\u00f3n Milenario a tu colecci\u00f3n Black Series!\" \/>\n<meta property=\"og:url\" content=\"https:\/\/endormoonstore.com\/en\/han-solo-the-black-series-star-wars-a-new-hope\/\" \/>\n<meta property=\"og:site_name\" content=\"EndormoonStore\" \/>\n<meta property=\"og:image\" content=\"https:\/\/endormoonstore.com\/wp-content\/uploads\/2025\/04\/Han-Solo-The-Black-Series-Star-Wars-A-New-Hope-1.webp\" \/>\n\t<meta property=\"og:image:width\" content=\"1920\" \/>\n\t<meta property=\"og:image:height\" content=\"1920\" \/>\n\t<meta property=\"og:image:type\" content=\"image\/webp\" \/>\n<meta name=\"twitter:card\" content=\"summary_large_image\" \/>\n<meta name=\"twitter:label1\" content=\"Est. reading time\" \/>\n\t<meta name=\"twitter:data1\" content=\"2 minutes\" \/>\n<script type=\"application\/ld+json\" class=\"yoast-schema-graph\">{\"@context\":\"https:\/\/schema.org\",\"@graph\":[{\"@type\":\"WebPage\",\"@id\":\"https:\/\/endormoonstore.com\/en\/han-solo-the-black-series-star-wars-a-new-hope\/\",\"url\":\"https:\/\/endormoonstore.com\/en\/han-solo-the-black-series-star-wars-a-new-hope\/\",\"name\":\"Han Solo The Black Series Star Wars A New Hope - EndormoonStore\",\"isPartOf\":{\"@id\":\"https:\/\/endormoonstore.com\/#website\"},\"primaryImageOfPage\":{\"@id\":\"https:\/\/endormoonstore.com\/en\/han-solo-the-black-series-star-wars-a-new-hope\/#primaryimage\"},\"image\":{\"@id\":\"https:\/\/endormoonstore.com\/en\/han-solo-the-black-series-star-wars-a-new-hope\/#primaryimage\"},\"thumbnailUrl\":\"https:\/\/endormoonstore.com\/wp-content\/uploads\/2025\/04\/Han-Solo-The-Black-Series-Star-Wars-A-New-Hope-1.webp\",\"datePublished\":\"2025-09-28T23:40:15+00:00\",\"description\":\"Han Solo Black Series 15cm: Figura ic\u00f3nica de A New Hope. \u00a1A\u00f1ade al capit\u00e1n del Halc\u00f3n Milenario a tu colecci\u00f3n Black Series!\",\"breadcrumb\":{\"@id\":\"https:\/\/endormoonstore.com\/en\/han-solo-the-black-series-star-wars-a-new-hope\/#breadcrumb\"},\"inLanguage\":\"en-US\",\"potentialAction\":[{\"@type\":\"ReadAction\",\"target\":[\"https:\/\/endormoonstore.com\/en\/han-solo-the-black-series-star-wars-a-new-hope\/\"]}]},{\"@type\":\"ImageObject\",\"inLanguage\":\"en-US\",\"@id\":\"https:\/\/endormoonstore.com\/en\/han-solo-the-black-series-star-wars-a-new-hope\/#primaryimage\",\"url\":\"https:\/\/endormoonstore.com\/wp-content\/uploads\/2025\/04\/Han-Solo-The-Black-Series-Star-Wars-A-New-Hope-1.webp\",\"contentUrl\":\"https:\/\/endormoonstore.com\/wp-content\/uploads\/2025\/04\/Han-Solo-The-Black-Series-Star-Wars-A-New-Hope-1.webp\",\"width\":1920,\"height\":1920,\"caption\":\"Figura Han Solo Black Series Star Wars: A New Hope (15 cm).\"},{\"@type\":\"BreadcrumbList\",\"@id\":\"https:\/\/endormoonstore.com\/en\/han-solo-the-black-series-star-wars-a-new-hope\/#breadcrumb\",\"itemListElement\":[{\"@type\":\"ListItem\",\"position\":1,\"name\":\"Shop\",\"item\":\"https:\/\/endormoonstore.com\/en\/shop\/\"},{\"@type\":\"ListItem\",\"position\":2,\"name\":\"Han Solo The Black Series Star Wars A New Hope\"}]},{\"@type\":\"WebSite\",\"@id\":\"https:\/\/endormoonstore.com\/#website\",\"url\":\"https:\/\/endormoonstore.com\/\",\"name\":\"EndormoonStore\",\"description\":\"\",\"potentialAction\":[{\"@type\":\"SearchAction\",\"target\":{\"@type\":\"EntryPoint\",\"urlTemplate\":\"https:\/\/endormoonstore.com\/?s={search_term_string}\"},\"query-input\":{\"@type\":\"PropertyValueSpecification\",\"valueRequired\":true,\"valueName\":\"search_term_string\"}}],\"inLanguage\":\"en-US\"}]}<\/script>\n<!-- \/ Yoast SEO plugin. -->","yoast_head_json":{"title":"Han Solo The Black Series Star Wars A New Hope - EndormoonStore","description":"Han Solo Black Series 15cm: Figura ic\u00f3nica de A New Hope. \u00a1A\u00f1ade al capit\u00e1n del Halc\u00f3n Milenario a tu colecci\u00f3n Black Series!","robots":{"index":"index","follow":"follow","max-snippet":"max-snippet:-1","max-image-preview":"max-image-preview:large","max-video-preview":"max-video-preview:-1"},"canonical":"https:\/\/endormoonstore.com\/en\/han-solo-the-black-series-star-wars-a-new-hope\/","og_locale":"en_US","og_type":"article","og_title":"Han Solo The Black Series Star Wars A New Hope - EndormoonStore","og_description":"Han Solo Black Series 15cm: Figura ic\u00f3nica de A New Hope. \u00a1A\u00f1ade al capit\u00e1n del Halc\u00f3n Milenario a tu colecci\u00f3n Black Series!","og_url":"https:\/\/endormoonstore.com\/en\/han-solo-the-black-series-star-wars-a-new-hope\/","og_site_name":"EndormoonStore","og_image":[{"width":1920,"height":1920,"url":"https:\/\/endormoonstore.com\/wp-content\/uploads\/2025\/04\/Han-Solo-The-Black-Series-Star-Wars-A-New-Hope-1.webp","type":"image\/webp"}],"twitter_card":"summary_large_image","twitter_misc":{"Est. reading time":"2 minutes"},"schema":{"@context":"https:\/\/schema.org","@graph":[{"@type":"WebPage","@id":"https:\/\/endormoonstore.com\/en\/han-solo-the-black-series-star-wars-a-new-hope\/","url":"https:\/\/endormoonstore.com\/en\/han-solo-the-black-series-star-wars-a-new-hope\/","name":"Han Solo The Black Series Star Wars A New Hope - EndormoonStore","isPartOf":{"@id":"https:\/\/endormoonstore.com\/#website"},"primaryImageOfPage":{"@id":"https:\/\/endormoonstore.com\/en\/han-solo-the-black-series-star-wars-a-new-hope\/#primaryimage"},"image":{"@id":"https:\/\/endormoonstore.com\/en\/han-solo-the-black-series-star-wars-a-new-hope\/#primaryimage"},"thumbnailUrl":"https:\/\/endormoonstore.com\/wp-content\/uploads\/2025\/04\/Han-Solo-The-Black-Series-Star-Wars-A-New-Hope-1.webp","datePublished":"2025-09-28T23:40:15+00:00","description":"Han Solo Black Series 15cm: Figura ic\u00f3nica de A New Hope. \u00a1A\u00f1ade al capit\u00e1n del Halc\u00f3n Milenario a tu colecci\u00f3n Black Series!","breadcrumb":{"@id":"https:\/\/endormoonstore.com\/en\/han-solo-the-black-series-star-wars-a-new-hope\/#breadcrumb"},"inLanguage":"en-US","potentialAction":[{"@type":"ReadAction","target":["https:\/\/endormoonstore.com\/en\/han-solo-the-black-series-star-wars-a-new-hope\/"]}]},{"@type":"ImageObject","inLanguage":"en-US","@id":"https:\/\/endormoonstore.com\/en\/han-solo-the-black-series-star-wars-a-new-hope\/#primaryimage","url":"https:\/\/endormoonstore.com\/wp-content\/uploads\/2025\/04\/Han-Solo-The-Black-Series-Star-Wars-A-New-Hope-1.webp","contentUrl":"https:\/\/endormoonstore.com\/wp-content\/uploads\/2025\/04\/Han-Solo-The-Black-Series-Star-Wars-A-New-Hope-1.webp","width":1920,"height":1920,"caption":"Figura Han Solo Black Series Star Wars: A New Hope (15 cm)."},{"@type":"BreadcrumbList","@id":"https:\/\/endormoonstore.com\/en\/han-solo-the-black-series-star-wars-a-new-hope\/#breadcrumb","itemListElement":[{"@type":"ListItem","position":1,"name":"Shop","item":"https:\/\/endormoonstore.com\/en\/shop\/"},{"@type":"ListItem","position":2,"name":"Han Solo The Black Series Star Wars A New Hope"}]},{"@type":"WebSite","@id":"https:\/\/endormoonstore.com\/#website","url":"https:\/\/endormoonstore.com\/","name":"EndormoonStore","description":"","potentialAction":[{"@type":"SearchAction","target":{"@type":"EntryPoint","urlTemplate":"https:\/\/endormoonstore.com\/?s={search_term_string}"},"query-input":{"@type":"PropertyValueSpecification","valueRequired":true,"valueName":"search_term_string"}}],"inLanguage":"en-US"}]}},"taxonomy_info":{"product_cat":[{"value":13453,"label":"Featured"},{"value":1390,"label":"Figures"},{"value":13511,"label":"New Arrivals"}],"pa_brand":[{"value":2084,"label":"Hasbro"}],"pa_character":[{"value":2486,"label":"Han Solo"}],"pa_episode":[{"value":2405,"label":"Star Wars: A New Hope"}],"pa_license":[{"value":1644,"label":"Star Wars"}],"pa_product-type":[{"value":2387,"label":"Figure"}],"pa_theme":[{"value":2552,"label":"The Black Series"}]},"featured_image_src_large":["https:\/\/endormoonstore.com\/wp-content\/uploads\/2025\/04\/Han-Solo-The-Black-Series-Star-Wars-A-New-Hope-1.webp",1920,1920,false],"author_info":[],"comment_info":"","_links":{"self":[{"href":"https:\/\/endormoonstore.com\/en\/wp-json\/wp\/v2\/product\/173134","targetHints":{"allow":["GET"]}}],"collection":[{"href":"https:\/\/endormoonstore.com\/en\/wp-json\/wp\/v2\/product"}],"about":[{"href":"https:\/\/endormoonstore.com\/en\/wp-json\/wp\/v2\/types\/product"}],"wp:featuredmedia":[{"embeddable":true,"href":"https:\/\/endormoonstore.com\/en\/wp-json\/wp\/v2\/media\/173110"}],"wp:attachment":[{"href":"https:\/\/endormoonstore.com\/en\/wp-json\/wp\/v2\/media?parent=173134"}],"wp:term":[{"taxonomy":"product_cat","embeddable":true,"href":"https:\/\/endormoonstore.com\/en\/wp-json\/wp\/v2\/product_cat?post=173134"},{"taxonomy":"product_tag","embeddable":true,"href":"https:\/\/endormoonstore.com\/en\/wp-json\/wp\/v2\/product_tag?post=173134"}],"curies":[{"name":"wp","href":"https:\/\/api.w.org\/{rel}","templated":true}]}}