{"id":172991,"date":"2025-09-29T03:35:56","date_gmt":"2025-09-29T01:35:56","guid":{"rendered":"https:\/\/endormoonstore.com\/nightsister-merrin-the-vintage-collection-star-wars-jedi-survivor\/"},"modified":"2025-04-23T13:54:16","modified_gmt":"2025-04-23T11:54:16","slug":"nightsister-merrin-the-vintage-collection-star-wars-jedi-survivor","status":"publish","type":"product","link":"https:\/\/endormoonstore.com\/en\/nightsister-merrin-the-vintage-collection-star-wars-jedi-survivor\/","title":{"rendered":"Nightsister Merrin The Vintage Collection Star Wars Jedi Survivor"},"content":{"rendered":"<h4 class=\"p1\"><strong>Nightsister Merrin The Vintage Collection Star Wars: Jedi Survivor<\/strong><\/h4>\n<ul>\n<li data-sourcepos=\"5:1-5:301\">Descubre la magia de Nightsister Merrin en la Vintage Collection. En primer lugar, esta figura de 9,5 cm est\u00e1 inspirada en <em>Star Wars Jedi: Survivor<\/em>. Ahora puedes a\u00f1adir a tu colecci\u00f3n a esta poderosa Nightsister de Dathomir. Adem\u00e1s, es un regalo incre\u00edble para fans desde los 4 a\u00f1os.<\/li>\n<li data-sourcepos=\"7:1-7:333\">Disfruta de un dise\u00f1o y decoraci\u00f3n premium, fieles al videojuego. Sin duda, los fan\u00e1ticos de Star Wars apreciar\u00e1n su autenticidad. Adem\u00e1s, cuenta con m\u00faltiples puntos de articulaci\u00f3n. Por lo tanto, esto permite crear poses din\u00e1micas. Tambi\u00e9n incluye cuatro accesorios: bast\u00f3n, daga y una mano con efectos m\u00e1gicos.<\/li>\n<li data-sourcepos=\"9:1-9:541\">Presentada en un empaque de cart\u00f3n inspirado en Kenner, evoca los juguetes vintage de los 70 y 80. Adicionalmente, cuenta con un n\u00famero VC \u00fanico para coleccionar. \u00danete a la tripulaci\u00f3n del <em>Mantis<\/em> y descubre el pasado de Merrin. Tras sobrevivir a la tragedia de Dathomir y escapar de la masacre de su aquelarre, encontr\u00f3 un nuevo camino al aliarse con Cal Kestis. Finalmente, ampl\u00eda tu colecci\u00f3n Vintage con esta figura de una de las Nightsisters m\u00e1s fascinantes de <em>Star Wars Jedi: Survivor<\/em>. \u00a1Consigue a Merrin ahora!<\/li>\n<\/ul>\n<h4 class=\"p1\"><b>Sobre Hasbro y su l\u00ednea de productos Star Wars<\/b><\/h4>\n<p class=\"p1\">Hasbro es una empresa l\u00edder en la fabricaci\u00f3n de productos de entretenimiento y coleccionables. Su l\u00ednea de productos <a href=\"https:\/\/endormoonstore.com\/licencia\/star-wars\/\"><span class=\"s2\"><b>Star Wars<\/b><\/span><\/a> incluye:<\/p>\n<ul>\n<li><span class=\"s1\"><a href=\"https:\/\/endormoonstore.com\/tematica\/the-black-series\/\"><span class=\"s3\"><b>The Black Series<\/b><\/span><\/a><\/span>: Esta colecci\u00f3n incluye figuras de acci\u00f3n de 6 pulgadas (aproximadamente 15 cm), cascos a escala 1:1 y sables de luz Force FX. Los productos de esta l\u00ednea est\u00e1n dise\u00f1ados con detalles premium y m\u00faltiples puntos de articulaci\u00f3n. Son ideales para coleccionistas y fans de todas las edades. Adem\u00e1s, The Black Series destaca por su alta calidad y precisi\u00f3n en la representaci\u00f3n de personajes y objetos del universo Star Wars.<\/li>\n<li><span class=\"s1\"><a href=\"https:\/\/endormoonstore.com\/tematica\/the-vintage-collection\/\"><span class=\"s3\"><b>The Vintage Collection<\/b>:<\/span><\/a><\/span> Esta l\u00ednea presenta figuras de 3.75 pulgadas (aproximadamente 9,5 cm) con detalles y dise\u00f1o inspirados en la l\u00ednea original de juguetes de Kenner. Igualmente, incluye veh\u00edculos y dioramas altamente detallados que evocan la nostalgia de los fans de Star Wars. The Vintage Collection destaca por su fidelidad a los dise\u00f1os cl\u00e1sicos y su capacidad para capturar la esencia de la saga original.<\/li>\n<li class=\"p1\"><span class=\"s1\"><a href=\"https:\/\/endormoonstore.com\/tematica\/retro-collection\/\"><span class=\"s3\"><b>The Retro Collection<\/b>:<\/span><\/a><\/span> Esta l\u00ednea recrea las figuras originales de Star Wars de los a\u00f1os 70 y 80, con un dise\u00f1o y detalles inspirados en los juguetes de Kenner de esa \u00e9poca. Las figuras de 3.75 pulgadas (aproximadamente 9,5 cm) tienen 5 puntos de articulaci\u00f3n y son muy populares entre los que buscan un toque de nostalgia.<\/li>\n<\/ul>\n","protected":false},"excerpt":{"rendered":"<h4 class=\"p1\"><strong>Nightsister Merrin The Vintage Collection Star Wars: Jedi Survivor<\/strong><\/h4>\n<p>Descubre la magia de Nightsister Merrin en la Vintage Collection. En primer lugar, esta figura de 9,5 cm est\u00e1 inspirada en <em>Star Wars Jedi: Survivor<\/em>. Ahora puedes a\u00f1adir a tu colecci\u00f3n a esta poderosa Nightsister de Dathomir. Adem\u00e1s, es un regalo incre\u00edble para fans desde los 4 a\u00f1os.<\/p>\n","protected":false},"featured_media":172970,"template":"","meta":{"_acf_changed":false,"_kad_blocks_custom_css":"","_kad_blocks_head_custom_js":"","_kad_blocks_body_custom_js":"","_kad_blocks_footer_custom_js":""},"product_cat":[13453,1390,13511],"product_tag":[],"class_list":{"0":"post-172991","1":"product","2":"type-product","3":"status-publish","4":"has-post-thumbnail","6":"product_cat-featured","7":"product_cat-figures","8":"product_cat-new-arrivals","9":"pa_brand-hasbro-en","10":"pa_character-nightsister-merrin-en","11":"pa_episode-star-wars-jedi-survivor-en","12":"pa_license-star-wars-en","13":"pa_product-type-figure","14":"pa_theme-the-vintage-collection-en","16":"first","17":"instock","18":"taxable","19":"shipping-taxable","20":"purchasable","21":"product-type-simple"},"acf":[],"yoast_head":"<!-- This site is optimized with the Yoast SEO plugin v26.1.1 - https:\/\/yoast.com\/wordpress\/plugins\/seo\/ -->\n<title>Nightsister Merrin The Vintage Collection Star Wars Jedi Survivor - EndormoonStore<\/title>\n<meta name=\"description\" content=\"Nightsister Merrin Vintage Collection: Figura 9.5 cm Jedi Survivor. \u00a1A\u00f1ade esta poderosa Nightsister a tu colecci\u00f3n Star Wars!\" \/>\n<meta name=\"robots\" content=\"index, follow, max-snippet:-1, max-image-preview:large, max-video-preview:-1\" \/>\n<link rel=\"canonical\" href=\"https:\/\/endormoonstore.com\/en\/nightsister-merrin-the-vintage-collection-star-wars-jedi-survivor\/\" \/>\n<meta property=\"og:locale\" content=\"en_US\" \/>\n<meta property=\"og:type\" content=\"article\" \/>\n<meta property=\"og:title\" content=\"Nightsister Merrin The Vintage Collection Star Wars Jedi Survivor - EndormoonStore\" \/>\n<meta property=\"og:description\" content=\"Nightsister Merrin Vintage Collection: Figura 9.5 cm Jedi Survivor. \u00a1A\u00f1ade esta poderosa Nightsister a tu colecci\u00f3n Star Wars!\" \/>\n<meta property=\"og:url\" content=\"https:\/\/endormoonstore.com\/en\/nightsister-merrin-the-vintage-collection-star-wars-jedi-survivor\/\" \/>\n<meta property=\"og:site_name\" content=\"EndormoonStore\" \/>\n<meta property=\"og:image\" content=\"https:\/\/endormoonstore.com\/wp-content\/uploads\/2025\/04\/Nightsister-Merrin-The-Vintage-Collection-Star-Wars-Jedi-Survivor-1.webp\" \/>\n\t<meta property=\"og:image:width\" content=\"1580\" \/>\n\t<meta property=\"og:image:height\" content=\"1580\" \/>\n\t<meta property=\"og:image:type\" content=\"image\/webp\" \/>\n<meta name=\"twitter:card\" content=\"summary_large_image\" \/>\n<meta name=\"twitter:label1\" content=\"Est. reading time\" \/>\n\t<meta name=\"twitter:data1\" content=\"3 minutes\" \/>\n<script type=\"application\/ld+json\" class=\"yoast-schema-graph\">{\"@context\":\"https:\/\/schema.org\",\"@graph\":[{\"@type\":\"WebPage\",\"@id\":\"https:\/\/endormoonstore.com\/en\/nightsister-merrin-the-vintage-collection-star-wars-jedi-survivor\/\",\"url\":\"https:\/\/endormoonstore.com\/en\/nightsister-merrin-the-vintage-collection-star-wars-jedi-survivor\/\",\"name\":\"Nightsister Merrin The Vintage Collection Star Wars Jedi Survivor - EndormoonStore\",\"isPartOf\":{\"@id\":\"https:\/\/endormoonstore.com\/#website\"},\"primaryImageOfPage\":{\"@id\":\"https:\/\/endormoonstore.com\/en\/nightsister-merrin-the-vintage-collection-star-wars-jedi-survivor\/#primaryimage\"},\"image\":{\"@id\":\"https:\/\/endormoonstore.com\/en\/nightsister-merrin-the-vintage-collection-star-wars-jedi-survivor\/#primaryimage\"},\"thumbnailUrl\":\"https:\/\/endormoonstore.com\/wp-content\/uploads\/2025\/04\/Nightsister-Merrin-The-Vintage-Collection-Star-Wars-Jedi-Survivor-1.webp\",\"datePublished\":\"2025-09-29T01:35:56+00:00\",\"description\":\"Nightsister Merrin Vintage Collection: Figura 9.5 cm Jedi Survivor. \u00a1A\u00f1ade esta poderosa Nightsister a tu colecci\u00f3n Star Wars!\",\"breadcrumb\":{\"@id\":\"https:\/\/endormoonstore.com\/en\/nightsister-merrin-the-vintage-collection-star-wars-jedi-survivor\/#breadcrumb\"},\"inLanguage\":\"en-US\",\"potentialAction\":[{\"@type\":\"ReadAction\",\"target\":[\"https:\/\/endormoonstore.com\/en\/nightsister-merrin-the-vintage-collection-star-wars-jedi-survivor\/\"]}]},{\"@type\":\"ImageObject\",\"inLanguage\":\"en-US\",\"@id\":\"https:\/\/endormoonstore.com\/en\/nightsister-merrin-the-vintage-collection-star-wars-jedi-survivor\/#primaryimage\",\"url\":\"https:\/\/endormoonstore.com\/wp-content\/uploads\/2025\/04\/Nightsister-Merrin-The-Vintage-Collection-Star-Wars-Jedi-Survivor-1.webp\",\"contentUrl\":\"https:\/\/endormoonstore.com\/wp-content\/uploads\/2025\/04\/Nightsister-Merrin-The-Vintage-Collection-Star-Wars-Jedi-Survivor-1.webp\",\"width\":1580,\"height\":1580,\"caption\":\"Figura Nightsister Merrin The Vintage Collection Star Wars Jedi: Survivor.\"},{\"@type\":\"BreadcrumbList\",\"@id\":\"https:\/\/endormoonstore.com\/en\/nightsister-merrin-the-vintage-collection-star-wars-jedi-survivor\/#breadcrumb\",\"itemListElement\":[{\"@type\":\"ListItem\",\"position\":1,\"name\":\"Shop\",\"item\":\"https:\/\/endormoonstore.com\/en\/shop\/\"},{\"@type\":\"ListItem\",\"position\":2,\"name\":\"Nightsister Merrin The Vintage Collection Star Wars Jedi Survivor\"}]},{\"@type\":\"WebSite\",\"@id\":\"https:\/\/endormoonstore.com\/#website\",\"url\":\"https:\/\/endormoonstore.com\/\",\"name\":\"EndormoonStore\",\"description\":\"\",\"potentialAction\":[{\"@type\":\"SearchAction\",\"target\":{\"@type\":\"EntryPoint\",\"urlTemplate\":\"https:\/\/endormoonstore.com\/?s={search_term_string}\"},\"query-input\":{\"@type\":\"PropertyValueSpecification\",\"valueRequired\":true,\"valueName\":\"search_term_string\"}}],\"inLanguage\":\"en-US\"}]}<\/script>\n<!-- \/ Yoast SEO plugin. -->","yoast_head_json":{"title":"Nightsister Merrin The Vintage Collection Star Wars Jedi Survivor - EndormoonStore","description":"Nightsister Merrin Vintage Collection: Figura 9.5 cm Jedi Survivor. \u00a1A\u00f1ade esta poderosa Nightsister a tu colecci\u00f3n Star Wars!","robots":{"index":"index","follow":"follow","max-snippet":"max-snippet:-1","max-image-preview":"max-image-preview:large","max-video-preview":"max-video-preview:-1"},"canonical":"https:\/\/endormoonstore.com\/en\/nightsister-merrin-the-vintage-collection-star-wars-jedi-survivor\/","og_locale":"en_US","og_type":"article","og_title":"Nightsister Merrin The Vintage Collection Star Wars Jedi Survivor - EndormoonStore","og_description":"Nightsister Merrin Vintage Collection: Figura 9.5 cm Jedi Survivor. \u00a1A\u00f1ade esta poderosa Nightsister a tu colecci\u00f3n Star Wars!","og_url":"https:\/\/endormoonstore.com\/en\/nightsister-merrin-the-vintage-collection-star-wars-jedi-survivor\/","og_site_name":"EndormoonStore","og_image":[{"width":1580,"height":1580,"url":"https:\/\/endormoonstore.com\/wp-content\/uploads\/2025\/04\/Nightsister-Merrin-The-Vintage-Collection-Star-Wars-Jedi-Survivor-1.webp","type":"image\/webp"}],"twitter_card":"summary_large_image","twitter_misc":{"Est. reading time":"3 minutes"},"schema":{"@context":"https:\/\/schema.org","@graph":[{"@type":"WebPage","@id":"https:\/\/endormoonstore.com\/en\/nightsister-merrin-the-vintage-collection-star-wars-jedi-survivor\/","url":"https:\/\/endormoonstore.com\/en\/nightsister-merrin-the-vintage-collection-star-wars-jedi-survivor\/","name":"Nightsister Merrin The Vintage Collection Star Wars Jedi Survivor - EndormoonStore","isPartOf":{"@id":"https:\/\/endormoonstore.com\/#website"},"primaryImageOfPage":{"@id":"https:\/\/endormoonstore.com\/en\/nightsister-merrin-the-vintage-collection-star-wars-jedi-survivor\/#primaryimage"},"image":{"@id":"https:\/\/endormoonstore.com\/en\/nightsister-merrin-the-vintage-collection-star-wars-jedi-survivor\/#primaryimage"},"thumbnailUrl":"https:\/\/endormoonstore.com\/wp-content\/uploads\/2025\/04\/Nightsister-Merrin-The-Vintage-Collection-Star-Wars-Jedi-Survivor-1.webp","datePublished":"2025-09-29T01:35:56+00:00","description":"Nightsister Merrin Vintage Collection: Figura 9.5 cm Jedi Survivor. \u00a1A\u00f1ade esta poderosa Nightsister a tu colecci\u00f3n Star Wars!","breadcrumb":{"@id":"https:\/\/endormoonstore.com\/en\/nightsister-merrin-the-vintage-collection-star-wars-jedi-survivor\/#breadcrumb"},"inLanguage":"en-US","potentialAction":[{"@type":"ReadAction","target":["https:\/\/endormoonstore.com\/en\/nightsister-merrin-the-vintage-collection-star-wars-jedi-survivor\/"]}]},{"@type":"ImageObject","inLanguage":"en-US","@id":"https:\/\/endormoonstore.com\/en\/nightsister-merrin-the-vintage-collection-star-wars-jedi-survivor\/#primaryimage","url":"https:\/\/endormoonstore.com\/wp-content\/uploads\/2025\/04\/Nightsister-Merrin-The-Vintage-Collection-Star-Wars-Jedi-Survivor-1.webp","contentUrl":"https:\/\/endormoonstore.com\/wp-content\/uploads\/2025\/04\/Nightsister-Merrin-The-Vintage-Collection-Star-Wars-Jedi-Survivor-1.webp","width":1580,"height":1580,"caption":"Figura Nightsister Merrin The Vintage Collection Star Wars Jedi: Survivor."},{"@type":"BreadcrumbList","@id":"https:\/\/endormoonstore.com\/en\/nightsister-merrin-the-vintage-collection-star-wars-jedi-survivor\/#breadcrumb","itemListElement":[{"@type":"ListItem","position":1,"name":"Shop","item":"https:\/\/endormoonstore.com\/en\/shop\/"},{"@type":"ListItem","position":2,"name":"Nightsister Merrin The Vintage Collection Star Wars Jedi Survivor"}]},{"@type":"WebSite","@id":"https:\/\/endormoonstore.com\/#website","url":"https:\/\/endormoonstore.com\/","name":"EndormoonStore","description":"","potentialAction":[{"@type":"SearchAction","target":{"@type":"EntryPoint","urlTemplate":"https:\/\/endormoonstore.com\/?s={search_term_string}"},"query-input":{"@type":"PropertyValueSpecification","valueRequired":true,"valueName":"search_term_string"}}],"inLanguage":"en-US"}]}},"taxonomy_info":{"product_cat":[{"value":13453,"label":"Featured"},{"value":1390,"label":"Figures"},{"value":13511,"label":"New Arrivals"}],"pa_brand":[{"value":2084,"label":"Hasbro"}],"pa_character":[{"value":15488,"label":"Nightsister Merrin"}],"pa_episode":[{"value":14319,"label":"Star Wars: Jedi Survivor"}],"pa_license":[{"value":1644,"label":"Star Wars"}],"pa_product-type":[{"value":2387,"label":"Figure"}],"pa_theme":[{"value":1660,"label":"The Vintage Collection"}]},"featured_image_src_large":["https:\/\/endormoonstore.com\/wp-content\/uploads\/2025\/04\/Nightsister-Merrin-The-Vintage-Collection-Star-Wars-Jedi-Survivor-1.webp",1580,1580,false],"author_info":[],"comment_info":"","_links":{"self":[{"href":"https:\/\/endormoonstore.com\/en\/wp-json\/wp\/v2\/product\/172991","targetHints":{"allow":["GET"]}}],"collection":[{"href":"https:\/\/endormoonstore.com\/en\/wp-json\/wp\/v2\/product"}],"about":[{"href":"https:\/\/endormoonstore.com\/en\/wp-json\/wp\/v2\/types\/product"}],"wp:featuredmedia":[{"embeddable":true,"href":"https:\/\/endormoonstore.com\/en\/wp-json\/wp\/v2\/media\/172970"}],"wp:attachment":[{"href":"https:\/\/endormoonstore.com\/en\/wp-json\/wp\/v2\/media?parent=172991"}],"wp:term":[{"taxonomy":"product_cat","embeddable":true,"href":"https:\/\/endormoonstore.com\/en\/wp-json\/wp\/v2\/product_cat?post=172991"},{"taxonomy":"product_tag","embeddable":true,"href":"https:\/\/endormoonstore.com\/en\/wp-json\/wp\/v2\/product_tag?post=172991"}],"curies":[{"name":"wp","href":"https:\/\/api.w.org\/{rel}","templated":true}]}}