{"id":172935,"date":"2025-04-17T02:40:05","date_gmt":"2025-04-17T00:40:05","guid":{"rendered":"https:\/\/endormoonstore.com\/imperial-death-trooper-electronic-helmet-the-black-series-rogue-one-a-star-wars-story\/"},"modified":"2025-04-22T21:08:05","modified_gmt":"2025-04-22T19:08:05","slug":"imperial-death-trooper-electronic-helmet-the-black-series-rogue-one-a-star-wars-story","status":"publish","type":"product","link":"https:\/\/endormoonstore.com\/en\/imperial-death-trooper-electronic-helmet-the-black-series-rogue-one-a-star-wars-story\/","title":{"rendered":"Imperial Death Trooper Electronic Helmet The Black Series Rogue One: A Star Wars Story"},"content":{"rendered":"<h4 class=\"p1\"><strong>Imperial Death Trooper Electronic Helmet The Black Series Rogue One: A Star Wars Story<\/strong><\/h4>\n<ul>\n<li data-sourcepos=\"3:1-3:369\">Sum\u00e9rgete en el universo Star Wars con el Casco Electr\u00f3nico Imperial Death Trooper Black Series de escala 1:1. Directamente desde &#8220;Rogue One: Una Historia de Star Wars&#8221;, este casco oficial te permite encarnar a la temible guardia de \u00e9lite. Adem\u00e1s, experimenta efectos de luz aut\u00e9nticos, incluyendo luces con sensor de espectros y luces de barbilla con apagado autom\u00e1tico.<\/li>\n<li data-sourcepos=\"5:1-5:475\">Por otro lado, disfruta de un dise\u00f1o premium con escultura detallada, fiel al elegante atuendo negro del Death Trooper. Para garantizar un ajuste perfecto, el casco incluye acolchado interior adaptable a la mayor\u00eda de tama\u00f1os de cabeza. Activa f\u00e1cilmente las luces con un simple bot\u00f3n lateral: primero, una pulsaci\u00f3n enciende las luces verdes del ment\u00f3n; segundo, una segunda activa el sensor espectral; finalmente, una tercera mantiene solo esta luz.<\/li>\n<li data-sourcepos=\"7:1-7:555\">Para los coleccionistas exigentes, incluso, un modo de exhibici\u00f3n de una hora se activa manteniendo presionado el bot\u00f3n. Este impresionante casco requiere 2 pilas AAA (no incluidas) y se incluye un manual de instrucciones. Adem\u00e1s de todo esto, se presenta en una caja con un dise\u00f1o magn\u00edfico, ideal para coleccionistas y para regalar. Completa as\u00ed tu colecci\u00f3n The Black Series con esta r\u00e9plica electr\u00f3nica. Por lo tanto, no pierdas la oportunidad de poseer un pedazo de &#8220;Rogue One: Una Historia de Star Wars&#8221;. \u00a1Consigue el tuyo ahora!<\/li>\n<\/ul>\n<h4 class=\"p1\"><b>Sobre Hasbro y su l\u00ednea de productos Star Wars<\/b><\/h4>\n<p class=\"p1\">Hasbro es una empresa l\u00edder en la fabricaci\u00f3n de productos de entretenimiento y coleccionables. Su l\u00ednea de productos <a href=\"https:\/\/endormoonstore.com\/licencia\/star-wars\/\"><span class=\"s2\"><b>Star Wars<\/b><\/span><\/a> incluye:<\/p>\n<ul>\n<li><span class=\"s1\"><a href=\"https:\/\/endormoonstore.com\/tematica\/the-black-series\/\"><span class=\"s3\"><b>The Black Series<\/b><\/span><\/a><\/span>: Esta colecci\u00f3n incluye figuras de acci\u00f3n de 6 pulgadas (aproximadamente 15 cm), cascos a escala 1:1 y sables de luz Force FX. Los productos de esta l\u00ednea est\u00e1n dise\u00f1ados con detalles premium y m\u00faltiples puntos de articulaci\u00f3n. Son ideales para coleccionistas y fans de todas las edades. Adem\u00e1s, The Black Series destaca por su alta calidad y precisi\u00f3n en la representaci\u00f3n de personajes y objetos del universo Star Wars.<\/li>\n<li><span class=\"s1\"><a href=\"https:\/\/endormoonstore.com\/tematica\/the-vintage-collection\/\"><span class=\"s3\"><b>The Vintage Collection<\/b>:<\/span><\/a><\/span> Esta l\u00ednea presenta figuras de 3.75 pulgadas (aproximadamente 9,5 cm) con detalles y dise\u00f1o inspirados en la l\u00ednea original de juguetes de Kenner. Igualmente, incluye veh\u00edculos y dioramas altamente detallados que evocan la nostalgia de los fans de Star Wars. The Vintage Collection destaca por su fidelidad a los dise\u00f1os cl\u00e1sicos y su capacidad para capturar la esencia de la saga original.<\/li>\n<li class=\"p1\"><span class=\"s1\"><a href=\"https:\/\/endormoonstore.com\/tematica\/retro-collection\/\"><span class=\"s3\"><b>The Retro Collection<\/b>:<\/span><\/a><\/span> Esta l\u00ednea recrea las figuras originales de Star Wars de los a\u00f1os 70 y 80, con un dise\u00f1o y detalles inspirados en los juguetes de Kenner de esa \u00e9poca. Las figuras de 3.75 pulgadas (aproximadamente 9,5 cm) tienen 5 puntos de articulaci\u00f3n y son muy populares entre los que buscan un toque de nostalgia.<\/li>\n<\/ul>\n","protected":false},"excerpt":{"rendered":"<h4 class=\"p1\"><strong>Imperial Death Trooper Electronic Helmet The Black Series Rogue One: A Star Wars Story<\/strong><\/h4>\n<p>Sum\u00e9rgete en el universo Star Wars con el Casco Electr\u00f3nico Imperial Death Trooper Black Series de escala 1:1. Directamente desde &#8220;Rogue One: Una Historia de Star Wars&#8221;, este casco oficial te permite encarnar a la temible guardia de \u00e9lite. Adem\u00e1s, experimenta efectos de luz aut\u00e9nticos, incluyendo luces con sensor de espectros y luces de barbilla con apagado autom\u00e1tico.<\/p>\n","protected":false},"featured_media":172915,"template":"","meta":{"_acf_changed":false,"_kad_blocks_custom_css":"","_kad_blocks_head_custom_js":"","_kad_blocks_body_custom_js":"","_kad_blocks_footer_custom_js":""},"product_cat":[1390],"product_tag":[],"class_list":{"0":"post-172935","1":"product","2":"type-product","3":"status-publish","4":"has-post-thumbnail","6":"product_cat-figures","7":"pa_brand-hasbro-en","8":"pa_character-death-trooper-en","9":"pa_episode-rogue-one-a-star-wars-story","10":"pa_license-star-wars-en","11":"pa_product-type-helmets","12":"pa_theme-the-black-series-en","14":"first","15":"instock","16":"taxable","17":"shipping-taxable","18":"purchasable","19":"product-type-simple"},"acf":[],"yoast_head":"<!-- This site is optimized with the Yoast SEO plugin v26.1.1 - https:\/\/yoast.com\/wordpress\/plugins\/seo\/ -->\n<title>Imperial Death Trooper Electronic Helmet The Black Series Rogue One: A Star Wars Story - EndormoonStore<\/title>\n<meta name=\"description\" content=\"Imperial Death Trooper: Casco Electr\u00f3nico Black Series Rogue One escala 1:1. \u00a1Consigue esta r\u00e9plica de tama\u00f1o real y completa tu colecci\u00f3n Star Wars!\" \/>\n<meta name=\"robots\" content=\"index, follow, max-snippet:-1, max-image-preview:large, max-video-preview:-1\" \/>\n<link rel=\"canonical\" href=\"https:\/\/endormoonstore.com\/en\/imperial-death-trooper-electronic-helmet-the-black-series-rogue-one-a-star-wars-story\/\" \/>\n<meta property=\"og:locale\" content=\"en_US\" \/>\n<meta property=\"og:type\" content=\"article\" \/>\n<meta property=\"og:title\" content=\"Imperial Death Trooper Electronic Helmet The Black Series Rogue One: A Star Wars Story - EndormoonStore\" \/>\n<meta property=\"og:description\" content=\"Imperial Death Trooper: Casco Electr\u00f3nico Black Series Rogue One escala 1:1. \u00a1Consigue esta r\u00e9plica de tama\u00f1o real y completa tu colecci\u00f3n Star Wars!\" \/>\n<meta property=\"og:url\" content=\"https:\/\/endormoonstore.com\/en\/imperial-death-trooper-electronic-helmet-the-black-series-rogue-one-a-star-wars-story\/\" \/>\n<meta property=\"og:site_name\" content=\"EndormoonStore\" \/>\n<meta property=\"article:modified_time\" content=\"2025-04-22T19:08:05+00:00\" \/>\n<meta property=\"og:image\" content=\"https:\/\/endormoonstore.com\/wp-content\/uploads\/2025\/04\/Imperial-Death-Trooper-Electronic-Helmet-The-Black-Series-Rogue-One-A-Star-Wars-Story-1.webp\" \/>\n\t<meta property=\"og:image:width\" content=\"1580\" \/>\n\t<meta property=\"og:image:height\" content=\"1580\" \/>\n\t<meta property=\"og:image:type\" content=\"image\/webp\" \/>\n<meta name=\"twitter:card\" content=\"summary_large_image\" \/>\n<meta name=\"twitter:label1\" content=\"Est. reading time\" \/>\n\t<meta name=\"twitter:data1\" content=\"3 minutes\" \/>\n<script type=\"application\/ld+json\" class=\"yoast-schema-graph\">{\"@context\":\"https:\/\/schema.org\",\"@graph\":[{\"@type\":\"WebPage\",\"@id\":\"https:\/\/endormoonstore.com\/en\/imperial-death-trooper-electronic-helmet-the-black-series-rogue-one-a-star-wars-story\/\",\"url\":\"https:\/\/endormoonstore.com\/en\/imperial-death-trooper-electronic-helmet-the-black-series-rogue-one-a-star-wars-story\/\",\"name\":\"Imperial Death Trooper Electronic Helmet The Black Series Rogue One: A Star Wars Story - EndormoonStore\",\"isPartOf\":{\"@id\":\"https:\/\/endormoonstore.com\/#website\"},\"primaryImageOfPage\":{\"@id\":\"https:\/\/endormoonstore.com\/en\/imperial-death-trooper-electronic-helmet-the-black-series-rogue-one-a-star-wars-story\/#primaryimage\"},\"image\":{\"@id\":\"https:\/\/endormoonstore.com\/en\/imperial-death-trooper-electronic-helmet-the-black-series-rogue-one-a-star-wars-story\/#primaryimage\"},\"thumbnailUrl\":\"https:\/\/endormoonstore.com\/wp-content\/uploads\/2025\/04\/Imperial-Death-Trooper-Electronic-Helmet-The-Black-Series-Rogue-One-A-Star-Wars-Story-1.webp\",\"datePublished\":\"2025-04-17T00:40:05+00:00\",\"dateModified\":\"2025-04-22T19:08:05+00:00\",\"description\":\"Imperial Death Trooper: Casco Electr\u00f3nico Black Series Rogue One escala 1:1. \u00a1Consigue esta r\u00e9plica de tama\u00f1o real y completa tu colecci\u00f3n Star Wars!\",\"breadcrumb\":{\"@id\":\"https:\/\/endormoonstore.com\/en\/imperial-death-trooper-electronic-helmet-the-black-series-rogue-one-a-star-wars-story\/#breadcrumb\"},\"inLanguage\":\"en-US\",\"potentialAction\":[{\"@type\":\"ReadAction\",\"target\":[\"https:\/\/endormoonstore.com\/en\/imperial-death-trooper-electronic-helmet-the-black-series-rogue-one-a-star-wars-story\/\"]}]},{\"@type\":\"ImageObject\",\"inLanguage\":\"en-US\",\"@id\":\"https:\/\/endormoonstore.com\/en\/imperial-death-trooper-electronic-helmet-the-black-series-rogue-one-a-star-wars-story\/#primaryimage\",\"url\":\"https:\/\/endormoonstore.com\/wp-content\/uploads\/2025\/04\/Imperial-Death-Trooper-Electronic-Helmet-The-Black-Series-Rogue-One-A-Star-Wars-Story-1.webp\",\"contentUrl\":\"https:\/\/endormoonstore.com\/wp-content\/uploads\/2025\/04\/Imperial-Death-Trooper-Electronic-Helmet-The-Black-Series-Rogue-One-A-Star-Wars-Story-1.webp\",\"width\":1580,\"height\":1580,\"caption\":\"Casco Imperial Death Trooper Black Series Rogue One: A Star Wars Story a escala 1:1. R\u00e9plica electr\u00f3nica para coleccionistas exigentes.\"},{\"@type\":\"BreadcrumbList\",\"@id\":\"https:\/\/endormoonstore.com\/en\/imperial-death-trooper-electronic-helmet-the-black-series-rogue-one-a-star-wars-story\/#breadcrumb\",\"itemListElement\":[{\"@type\":\"ListItem\",\"position\":1,\"name\":\"Shop\",\"item\":\"https:\/\/endormoonstore.com\/en\/shop\/\"},{\"@type\":\"ListItem\",\"position\":2,\"name\":\"Imperial Death Trooper Electronic Helmet The Black Series Rogue One: A Star Wars Story\"}]},{\"@type\":\"WebSite\",\"@id\":\"https:\/\/endormoonstore.com\/#website\",\"url\":\"https:\/\/endormoonstore.com\/\",\"name\":\"EndormoonStore\",\"description\":\"\",\"potentialAction\":[{\"@type\":\"SearchAction\",\"target\":{\"@type\":\"EntryPoint\",\"urlTemplate\":\"https:\/\/endormoonstore.com\/?s={search_term_string}\"},\"query-input\":{\"@type\":\"PropertyValueSpecification\",\"valueRequired\":true,\"valueName\":\"search_term_string\"}}],\"inLanguage\":\"en-US\"}]}<\/script>\n<!-- \/ Yoast SEO plugin. -->","yoast_head_json":{"title":"Imperial Death Trooper Electronic Helmet The Black Series Rogue One: A Star Wars Story - EndormoonStore","description":"Imperial Death Trooper: Casco Electr\u00f3nico Black Series Rogue One escala 1:1. \u00a1Consigue esta r\u00e9plica de tama\u00f1o real y completa tu colecci\u00f3n Star Wars!","robots":{"index":"index","follow":"follow","max-snippet":"max-snippet:-1","max-image-preview":"max-image-preview:large","max-video-preview":"max-video-preview:-1"},"canonical":"https:\/\/endormoonstore.com\/en\/imperial-death-trooper-electronic-helmet-the-black-series-rogue-one-a-star-wars-story\/","og_locale":"en_US","og_type":"article","og_title":"Imperial Death Trooper Electronic Helmet The Black Series Rogue One: A Star Wars Story - EndormoonStore","og_description":"Imperial Death Trooper: Casco Electr\u00f3nico Black Series Rogue One escala 1:1. \u00a1Consigue esta r\u00e9plica de tama\u00f1o real y completa tu colecci\u00f3n Star Wars!","og_url":"https:\/\/endormoonstore.com\/en\/imperial-death-trooper-electronic-helmet-the-black-series-rogue-one-a-star-wars-story\/","og_site_name":"EndormoonStore","article_modified_time":"2025-04-22T19:08:05+00:00","og_image":[{"width":1580,"height":1580,"url":"https:\/\/endormoonstore.com\/wp-content\/uploads\/2025\/04\/Imperial-Death-Trooper-Electronic-Helmet-The-Black-Series-Rogue-One-A-Star-Wars-Story-1.webp","type":"image\/webp"}],"twitter_card":"summary_large_image","twitter_misc":{"Est. reading time":"3 minutes"},"schema":{"@context":"https:\/\/schema.org","@graph":[{"@type":"WebPage","@id":"https:\/\/endormoonstore.com\/en\/imperial-death-trooper-electronic-helmet-the-black-series-rogue-one-a-star-wars-story\/","url":"https:\/\/endormoonstore.com\/en\/imperial-death-trooper-electronic-helmet-the-black-series-rogue-one-a-star-wars-story\/","name":"Imperial Death Trooper Electronic Helmet The Black Series Rogue One: A Star Wars Story - EndormoonStore","isPartOf":{"@id":"https:\/\/endormoonstore.com\/#website"},"primaryImageOfPage":{"@id":"https:\/\/endormoonstore.com\/en\/imperial-death-trooper-electronic-helmet-the-black-series-rogue-one-a-star-wars-story\/#primaryimage"},"image":{"@id":"https:\/\/endormoonstore.com\/en\/imperial-death-trooper-electronic-helmet-the-black-series-rogue-one-a-star-wars-story\/#primaryimage"},"thumbnailUrl":"https:\/\/endormoonstore.com\/wp-content\/uploads\/2025\/04\/Imperial-Death-Trooper-Electronic-Helmet-The-Black-Series-Rogue-One-A-Star-Wars-Story-1.webp","datePublished":"2025-04-17T00:40:05+00:00","dateModified":"2025-04-22T19:08:05+00:00","description":"Imperial Death Trooper: Casco Electr\u00f3nico Black Series Rogue One escala 1:1. \u00a1Consigue esta r\u00e9plica de tama\u00f1o real y completa tu colecci\u00f3n Star Wars!","breadcrumb":{"@id":"https:\/\/endormoonstore.com\/en\/imperial-death-trooper-electronic-helmet-the-black-series-rogue-one-a-star-wars-story\/#breadcrumb"},"inLanguage":"en-US","potentialAction":[{"@type":"ReadAction","target":["https:\/\/endormoonstore.com\/en\/imperial-death-trooper-electronic-helmet-the-black-series-rogue-one-a-star-wars-story\/"]}]},{"@type":"ImageObject","inLanguage":"en-US","@id":"https:\/\/endormoonstore.com\/en\/imperial-death-trooper-electronic-helmet-the-black-series-rogue-one-a-star-wars-story\/#primaryimage","url":"https:\/\/endormoonstore.com\/wp-content\/uploads\/2025\/04\/Imperial-Death-Trooper-Electronic-Helmet-The-Black-Series-Rogue-One-A-Star-Wars-Story-1.webp","contentUrl":"https:\/\/endormoonstore.com\/wp-content\/uploads\/2025\/04\/Imperial-Death-Trooper-Electronic-Helmet-The-Black-Series-Rogue-One-A-Star-Wars-Story-1.webp","width":1580,"height":1580,"caption":"Casco Imperial Death Trooper Black Series Rogue One: A Star Wars Story a escala 1:1. R\u00e9plica electr\u00f3nica para coleccionistas exigentes."},{"@type":"BreadcrumbList","@id":"https:\/\/endormoonstore.com\/en\/imperial-death-trooper-electronic-helmet-the-black-series-rogue-one-a-star-wars-story\/#breadcrumb","itemListElement":[{"@type":"ListItem","position":1,"name":"Shop","item":"https:\/\/endormoonstore.com\/en\/shop\/"},{"@type":"ListItem","position":2,"name":"Imperial Death Trooper Electronic Helmet The Black Series Rogue One: A Star Wars Story"}]},{"@type":"WebSite","@id":"https:\/\/endormoonstore.com\/#website","url":"https:\/\/endormoonstore.com\/","name":"EndormoonStore","description":"","potentialAction":[{"@type":"SearchAction","target":{"@type":"EntryPoint","urlTemplate":"https:\/\/endormoonstore.com\/?s={search_term_string}"},"query-input":{"@type":"PropertyValueSpecification","valueRequired":true,"valueName":"search_term_string"}}],"inLanguage":"en-US"}]}},"taxonomy_info":{"product_cat":[{"value":1390,"label":"Figures"}],"pa_brand":[{"value":2084,"label":"Hasbro"}],"pa_character":[{"value":15942,"label":"Death Trooper"}],"pa_episode":[{"value":2504,"label":"Rogue One: A Star Wars Story"}],"pa_license":[{"value":1644,"label":"Star Wars"}],"pa_product-type":[{"value":2540,"label":"Helmets"}],"pa_theme":[{"value":2552,"label":"The Black Series"}]},"featured_image_src_large":["https:\/\/endormoonstore.com\/wp-content\/uploads\/2025\/04\/Imperial-Death-Trooper-Electronic-Helmet-The-Black-Series-Rogue-One-A-Star-Wars-Story-1.webp",1580,1580,false],"author_info":[],"comment_info":"","_links":{"self":[{"href":"https:\/\/endormoonstore.com\/en\/wp-json\/wp\/v2\/product\/172935","targetHints":{"allow":["GET"]}}],"collection":[{"href":"https:\/\/endormoonstore.com\/en\/wp-json\/wp\/v2\/product"}],"about":[{"href":"https:\/\/endormoonstore.com\/en\/wp-json\/wp\/v2\/types\/product"}],"wp:featuredmedia":[{"embeddable":true,"href":"https:\/\/endormoonstore.com\/en\/wp-json\/wp\/v2\/media\/172915"}],"wp:attachment":[{"href":"https:\/\/endormoonstore.com\/en\/wp-json\/wp\/v2\/media?parent=172935"}],"wp:term":[{"taxonomy":"product_cat","embeddable":true,"href":"https:\/\/endormoonstore.com\/en\/wp-json\/wp\/v2\/product_cat?post=172935"},{"taxonomy":"product_tag","embeddable":true,"href":"https:\/\/endormoonstore.com\/en\/wp-json\/wp\/v2\/product_tag?post=172935"}],"curies":[{"name":"wp","href":"https:\/\/api.w.org\/{rel}","templated":true}]}}