{"id":172787,"date":"2025-04-10T01:30:31","date_gmt":"2025-04-09T23:30:31","guid":{"rendered":"https:\/\/endormoonstore.com\/asuka-shikinami-langley-plugsuit-version-new-movie-edition-new-movie-edition-evangelion-3-01-0-thrice-upon-a-time\/"},"modified":"2025-04-21T12:56:54","modified_gmt":"2025-04-21T10:56:54","slug":"asuka-shikinami-langley-plugsuit-version-new-movie-edition-new-movie-edition-evangelion-3-01-0-thrice-upon-a-time","status":"publish","type":"product","link":"https:\/\/endormoonstore.com\/en\/asuka-shikinami-langley-plugsuit-version-new-movie-edition-new-movie-edition-evangelion-3-01-0-thrice-upon-a-time\/","title":{"rendered":"Asuka Shikinami Langley Plugsuit Version New Movie Edition New Movie Edition Evangelion: 3.0+1.0 Thrice Upon a Time"},"content":{"rendered":"<h4 class=\"p1\">Asuka Shikinami Langley Plugsuit Version New Movie Edition New Movie Edition Evangelion: 3.0+1.0 Thrice Upon a Time<\/h4>\n<ul>\n<li><span class=\"selected\"><strong><a href=\"https:\/\/endormoonstore.com\/marca\/bellfine\/\">BellFine<\/a><\/strong> presenta esta espectacular figura a escala 1\/7 de <strong><a href=\"https:\/\/endormoonstore.com\/personaje\/asuka-shikinami-langley\/\">Asuka Shikinami Langley<\/a><\/strong>, desde el cl\u00edmax de &#8220;<strong><a href=\"https:\/\/endormoonstore.com\/episodio\/evangelion-3-01-0-thrice-upon-a-time\/\">Evangelion: 3.0+1.0 Thrice Upon a Time<\/a><\/strong>&#8220;. La figura captura a la perfecci\u00f3n la elegancia y determinaci\u00f3n de la piloto, y da vida a Asuka con su ic\u00f3nico Plugsuit New Movie Edition.<\/span><\/li>\n<li><span class=\"selected\">Con una altura de aproximadamente 11,5 cm, BellFine ha elaborado meticulosamente esta figura en PVC y ABS. La figura destaca las atractivas l\u00edneas corporales de Asuka y la delicadeza de sus extremidades. El talentoso Miki Sakurazaka (escultor) y Hiroto Tanimoto (coloraci\u00f3n) han reproducido fielmente el dise\u00f1o del personaje con un acabado de alta calidad. Observa la mirada penetrante y la pose din\u00e1mica, que reflejan la fuerte personalidad de Asuka, incluso en esta pose sentada y aparentemente relajada. Los detalles del Plugsuit, con sus l\u00edneas y colores vibrantes, han sido recreados con una precisi\u00f3n asombrosa, capturando la esencia del personaje.<\/span><\/li>\n<li><span class=\"selected\">Esta pieza de colecci\u00f3n incluye una base de exhibici\u00f3n dedicada. Permite a los fans recrear las escenas m\u00e1s impactantes de la pel\u00edcula. Adem\u00e1s, la figura de Asuka se puede exhibir junto a la figura de <strong><a href=\"https:\/\/endormoonstore.com\/rei-ayanami-tentative-name-plugsuit-version-new-movie-edition-evangelion-3-01-0-thrice-upon-a-time\/\">Rei Ayanami (tentative name) Plugsuit Ver. New Movie Edition (vendida por separado)<\/a><\/strong> para recrear momentos a\u00fan m\u00e1s memorables.<\/span><\/li>\n<li><span class=\"selected\">Esta figura es una adici\u00f3n imprescindible para cualquier colecci\u00f3n, e ideal para fans de Evangelion de 15 a\u00f1os en adelante. \u00a1No pierdas la oportunidad de a\u00f1adir a Asuka a tu colecci\u00f3n y revivir la emoci\u00f3n de &#8220;Evangelion: 3.0+1.0 Thrice Upon a Time&#8221;!<\/span><\/li>\n<\/ul>\n<h4 class=\"p1\"><b>Sobre Bellfire y Rebuild Evangelion<\/b><\/h4>\n<ul class=\"ul1\">\n<li class=\"li1\"><span class=\"selected\">En primer lugar, <strong><a href=\"https:\/\/endormoonstore.com\/marca\/bellfine\/\">BellFine Co., Ltd.<\/a><\/strong>, fundado en Tokio en 2015, es un fabricante japon\u00e9s de figuras de anime.<\/span><span class=\"selected\"> Adem\u00e1s, la compa\u00f1\u00eda se ha destacado por su dedicaci\u00f3n a la creaci\u00f3n de figuras de alta calidad y gran detalle, capturando la esencia de personajes queridos de diversas series de anime. De hecho, BellFine se ha ganado la confianza de los coleccionistas m\u00e1s exigentes gracias a su compromiso con la excelencia en el dise\u00f1o y la producci\u00f3n.<\/span><\/li>\n<li class=\"li1\">Por otro lado, <a href=\"https:\/\/endormoonstore.com\/licencia\/rebuild-of-evangelion\/\"><span class=\"s2\"><b>Rebuild of Evangelion<\/b><\/span><\/a> <span class=\"selected\">es una serie de cuatro pel\u00edculas de anime que reimaginan la ic\u00f3nica serie Neon Genesis Evangelion. Producida por Studio Khara, la tetralog\u00eda ofrece una nueva interpretaci\u00f3n de la historia original, con animaci\u00f3n actualizada, dise\u00f1os de personajes renovados y una narrativa que explora temas conocidos desde una perspectiva fresca. <\/span><span class=\"selected\">En particular, la cr\u00edtica ha elogiado las pel\u00edculas de Rebuild por su espectacularidad visual y su capacidad para atraer tanto a los fans de la serie original como a nuevas audiencias.<\/span><\/li>\n<\/ul>\n","protected":false},"excerpt":{"rendered":"<h4><strong>Rei Ayanami (tentative name) plugsuit Version New Movie Edition Evangelion: 3.0+1.0 Thrice Upon a Time<\/strong><\/h4>\n<div class=\"pull-left margenDatosSecundarios\">\n<div id=\"ctl00_MainContent_dvSinopsis\" class=\"pull-left w100\">\n<div class=\"productDescription-right goodsmile-global\">\n<p>Sum\u00e9rgete en el cl\u00edmax de Rebuild of Evangelion. Esta espectacular figura a escala 1\/7 da vida a Rei Ayanami (tentative name) con su ic\u00f3nico Plugsuit negro, directamente extra\u00eddo de la pel\u00edcula final. La figura, de aproximadamente 10,5 cm de altura, est\u00e1 meticulosamente elaborada con un acabado en PVC que captura la enigm\u00e1tica presencia de Rei y su caracter\u00edstico traje.<\/p>\n<\/div>\n<\/div>\n<\/div>\n","protected":false},"featured_media":172776,"template":"","meta":{"_acf_changed":false,"_kad_blocks_custom_css":"","_kad_blocks_head_custom_js":"","_kad_blocks_body_custom_js":"","_kad_blocks_footer_custom_js":""},"product_cat":[1384],"product_tag":[],"class_list":{"0":"post-172787","1":"product","2":"type-product","3":"status-publish","4":"has-post-thumbnail","6":"product_cat-pre-orders","7":"pa_brand-bellfine-en","8":"pa_character-asuka-shikinami-langley-en","9":"pa_episode-evangelion-3-01-0-thrice-upon-a-time-en","10":"pa_license-rebuild-of-evangelion-en","11":"pa_product-type-figure","12":"pa_theme-1-7-scale-figure-en","14":"first","15":"instock","16":"taxable","17":"shipping-taxable","18":"purchasable","19":"product-type-simple"},"acf":[],"yoast_head":"<!-- This site is optimized with the Yoast SEO plugin v26.1.1 - https:\/\/yoast.com\/wordpress\/plugins\/seo\/ -->\n<title>Asuka Shikinami Langley Plugsuit Version New Movie Edition New Movie Edition Evangelion: 3.0+1.0 Thrice Upon a Time - EndormoonStore<\/title>\n<meta name=\"description\" content=\"Figura 1\/7 Asuka Shikinami Langley, Plugsuit rojo, Evangelion 3.0. Detallada figura BellFine, Miki Sakurazaka. Imprescindible Pieza de Colecci\u00f3n para fans.\" \/>\n<meta name=\"robots\" content=\"index, follow, max-snippet:-1, max-image-preview:large, max-video-preview:-1\" \/>\n<link rel=\"canonical\" href=\"https:\/\/endormoonstore.com\/en\/asuka-shikinami-langley-plugsuit-version-new-movie-edition-new-movie-edition-evangelion-3-01-0-thrice-upon-a-time\/\" \/>\n<meta property=\"og:locale\" content=\"en_US\" \/>\n<meta property=\"og:type\" content=\"article\" \/>\n<meta property=\"og:title\" content=\"Asuka Shikinami Langley Plugsuit Version New Movie Edition New Movie Edition Evangelion: 3.0+1.0 Thrice Upon a Time - EndormoonStore\" \/>\n<meta property=\"og:description\" content=\"Figura 1\/7 Asuka Shikinami Langley, Plugsuit rojo, Evangelion 3.0. Detallada figura BellFine, Miki Sakurazaka. Imprescindible Pieza de Colecci\u00f3n para fans.\" \/>\n<meta property=\"og:url\" content=\"https:\/\/endormoonstore.com\/en\/asuka-shikinami-langley-plugsuit-version-new-movie-edition-new-movie-edition-evangelion-3-01-0-thrice-upon-a-time\/\" \/>\n<meta property=\"og:site_name\" content=\"EndormoonStore\" \/>\n<meta property=\"article:modified_time\" content=\"2025-04-21T10:56:54+00:00\" \/>\n<meta property=\"og:image\" content=\"https:\/\/endormoonstore.com\/wp-content\/uploads\/2025\/04\/Asuka-Shikinami-Langley-Plugsuit-Version-New-Movie-Edition-New-Movie-Edition-Evangelion-3.01.0-Thrice-Upon-a-Time-1.jpg\" \/>\n\t<meta property=\"og:image:width\" content=\"666\" \/>\n\t<meta property=\"og:image:height\" content=\"1000\" \/>\n\t<meta property=\"og:image:type\" content=\"image\/jpeg\" \/>\n<meta name=\"twitter:card\" content=\"summary_large_image\" \/>\n<meta name=\"twitter:label1\" content=\"Est. reading time\" \/>\n\t<meta name=\"twitter:data1\" content=\"3 minutes\" \/>\n<script type=\"application\/ld+json\" class=\"yoast-schema-graph\">{\"@context\":\"https:\/\/schema.org\",\"@graph\":[{\"@type\":\"WebPage\",\"@id\":\"https:\/\/endormoonstore.com\/en\/asuka-shikinami-langley-plugsuit-version-new-movie-edition-new-movie-edition-evangelion-3-01-0-thrice-upon-a-time\/\",\"url\":\"https:\/\/endormoonstore.com\/en\/asuka-shikinami-langley-plugsuit-version-new-movie-edition-new-movie-edition-evangelion-3-01-0-thrice-upon-a-time\/\",\"name\":\"Asuka Shikinami Langley Plugsuit Version New Movie Edition New Movie Edition Evangelion: 3.0+1.0 Thrice Upon a Time - EndormoonStore\",\"isPartOf\":{\"@id\":\"https:\/\/endormoonstore.com\/#website\"},\"primaryImageOfPage\":{\"@id\":\"https:\/\/endormoonstore.com\/en\/asuka-shikinami-langley-plugsuit-version-new-movie-edition-new-movie-edition-evangelion-3-01-0-thrice-upon-a-time\/#primaryimage\"},\"image\":{\"@id\":\"https:\/\/endormoonstore.com\/en\/asuka-shikinami-langley-plugsuit-version-new-movie-edition-new-movie-edition-evangelion-3-01-0-thrice-upon-a-time\/#primaryimage\"},\"thumbnailUrl\":\"https:\/\/endormoonstore.com\/wp-content\/uploads\/2025\/04\/Asuka-Shikinami-Langley-Plugsuit-Version-New-Movie-Edition-New-Movie-Edition-Evangelion-3.01.0-Thrice-Upon-a-Time-1.jpg\",\"datePublished\":\"2025-04-09T23:30:31+00:00\",\"dateModified\":\"2025-04-21T10:56:54+00:00\",\"description\":\"Figura 1\/7 Asuka Shikinami Langley, Plugsuit rojo, Evangelion 3.0. Detallada figura BellFine, Miki Sakurazaka. Imprescindible Pieza de Colecci\u00f3n para fans.\",\"breadcrumb\":{\"@id\":\"https:\/\/endormoonstore.com\/en\/asuka-shikinami-langley-plugsuit-version-new-movie-edition-new-movie-edition-evangelion-3-01-0-thrice-upon-a-time\/#breadcrumb\"},\"inLanguage\":\"en-US\",\"potentialAction\":[{\"@type\":\"ReadAction\",\"target\":[\"https:\/\/endormoonstore.com\/en\/asuka-shikinami-langley-plugsuit-version-new-movie-edition-new-movie-edition-evangelion-3-01-0-thrice-upon-a-time\/\"]}]},{\"@type\":\"ImageObject\",\"inLanguage\":\"en-US\",\"@id\":\"https:\/\/endormoonstore.com\/en\/asuka-shikinami-langley-plugsuit-version-new-movie-edition-new-movie-edition-evangelion-3-01-0-thrice-upon-a-time\/#primaryimage\",\"url\":\"https:\/\/endormoonstore.com\/wp-content\/uploads\/2025\/04\/Asuka-Shikinami-Langley-Plugsuit-Version-New-Movie-Edition-New-Movie-Edition-Evangelion-3.01.0-Thrice-Upon-a-Time-1.jpg\",\"contentUrl\":\"https:\/\/endormoonstore.com\/wp-content\/uploads\/2025\/04\/Asuka-Shikinami-Langley-Plugsuit-Version-New-Movie-Edition-New-Movie-Edition-Evangelion-3.01.0-Thrice-Upon-a-Time-1.jpg\",\"width\":666,\"height\":1000,\"caption\":\"Asuka Shikinami Langley, la apasionada piloto de Evangelion, en una figura detallada de BellFine, capturando su pose din\u00e1mica y su caracter\u00edstico Plugsuit rojo.\"},{\"@type\":\"BreadcrumbList\",\"@id\":\"https:\/\/endormoonstore.com\/en\/asuka-shikinami-langley-plugsuit-version-new-movie-edition-new-movie-edition-evangelion-3-01-0-thrice-upon-a-time\/#breadcrumb\",\"itemListElement\":[{\"@type\":\"ListItem\",\"position\":1,\"name\":\"Shop\",\"item\":\"https:\/\/endormoonstore.com\/en\/shop\/\"},{\"@type\":\"ListItem\",\"position\":2,\"name\":\"Asuka Shikinami Langley Plugsuit Version New Movie Edition New Movie Edition Evangelion: 3.0+1.0 Thrice Upon a Time\"}]},{\"@type\":\"WebSite\",\"@id\":\"https:\/\/endormoonstore.com\/#website\",\"url\":\"https:\/\/endormoonstore.com\/\",\"name\":\"EndormoonStore\",\"description\":\"\",\"potentialAction\":[{\"@type\":\"SearchAction\",\"target\":{\"@type\":\"EntryPoint\",\"urlTemplate\":\"https:\/\/endormoonstore.com\/?s={search_term_string}\"},\"query-input\":{\"@type\":\"PropertyValueSpecification\",\"valueRequired\":true,\"valueName\":\"search_term_string\"}}],\"inLanguage\":\"en-US\"}]}<\/script>\n<!-- \/ Yoast SEO plugin. -->","yoast_head_json":{"title":"Asuka Shikinami Langley Plugsuit Version New Movie Edition New Movie Edition Evangelion: 3.0+1.0 Thrice Upon a Time - EndormoonStore","description":"Figura 1\/7 Asuka Shikinami Langley, Plugsuit rojo, Evangelion 3.0. Detallada figura BellFine, Miki Sakurazaka. Imprescindible Pieza de Colecci\u00f3n para fans.","robots":{"index":"index","follow":"follow","max-snippet":"max-snippet:-1","max-image-preview":"max-image-preview:large","max-video-preview":"max-video-preview:-1"},"canonical":"https:\/\/endormoonstore.com\/en\/asuka-shikinami-langley-plugsuit-version-new-movie-edition-new-movie-edition-evangelion-3-01-0-thrice-upon-a-time\/","og_locale":"en_US","og_type":"article","og_title":"Asuka Shikinami Langley Plugsuit Version New Movie Edition New Movie Edition Evangelion: 3.0+1.0 Thrice Upon a Time - EndormoonStore","og_description":"Figura 1\/7 Asuka Shikinami Langley, Plugsuit rojo, Evangelion 3.0. Detallada figura BellFine, Miki Sakurazaka. Imprescindible Pieza de Colecci\u00f3n para fans.","og_url":"https:\/\/endormoonstore.com\/en\/asuka-shikinami-langley-plugsuit-version-new-movie-edition-new-movie-edition-evangelion-3-01-0-thrice-upon-a-time\/","og_site_name":"EndormoonStore","article_modified_time":"2025-04-21T10:56:54+00:00","og_image":[{"width":666,"height":1000,"url":"https:\/\/endormoonstore.com\/wp-content\/uploads\/2025\/04\/Asuka-Shikinami-Langley-Plugsuit-Version-New-Movie-Edition-New-Movie-Edition-Evangelion-3.01.0-Thrice-Upon-a-Time-1.jpg","type":"image\/jpeg"}],"twitter_card":"summary_large_image","twitter_misc":{"Est. reading time":"3 minutes"},"schema":{"@context":"https:\/\/schema.org","@graph":[{"@type":"WebPage","@id":"https:\/\/endormoonstore.com\/en\/asuka-shikinami-langley-plugsuit-version-new-movie-edition-new-movie-edition-evangelion-3-01-0-thrice-upon-a-time\/","url":"https:\/\/endormoonstore.com\/en\/asuka-shikinami-langley-plugsuit-version-new-movie-edition-new-movie-edition-evangelion-3-01-0-thrice-upon-a-time\/","name":"Asuka Shikinami Langley Plugsuit Version New Movie Edition New Movie Edition Evangelion: 3.0+1.0 Thrice Upon a Time - EndormoonStore","isPartOf":{"@id":"https:\/\/endormoonstore.com\/#website"},"primaryImageOfPage":{"@id":"https:\/\/endormoonstore.com\/en\/asuka-shikinami-langley-plugsuit-version-new-movie-edition-new-movie-edition-evangelion-3-01-0-thrice-upon-a-time\/#primaryimage"},"image":{"@id":"https:\/\/endormoonstore.com\/en\/asuka-shikinami-langley-plugsuit-version-new-movie-edition-new-movie-edition-evangelion-3-01-0-thrice-upon-a-time\/#primaryimage"},"thumbnailUrl":"https:\/\/endormoonstore.com\/wp-content\/uploads\/2025\/04\/Asuka-Shikinami-Langley-Plugsuit-Version-New-Movie-Edition-New-Movie-Edition-Evangelion-3.01.0-Thrice-Upon-a-Time-1.jpg","datePublished":"2025-04-09T23:30:31+00:00","dateModified":"2025-04-21T10:56:54+00:00","description":"Figura 1\/7 Asuka Shikinami Langley, Plugsuit rojo, Evangelion 3.0. Detallada figura BellFine, Miki Sakurazaka. Imprescindible Pieza de Colecci\u00f3n para fans.","breadcrumb":{"@id":"https:\/\/endormoonstore.com\/en\/asuka-shikinami-langley-plugsuit-version-new-movie-edition-new-movie-edition-evangelion-3-01-0-thrice-upon-a-time\/#breadcrumb"},"inLanguage":"en-US","potentialAction":[{"@type":"ReadAction","target":["https:\/\/endormoonstore.com\/en\/asuka-shikinami-langley-plugsuit-version-new-movie-edition-new-movie-edition-evangelion-3-01-0-thrice-upon-a-time\/"]}]},{"@type":"ImageObject","inLanguage":"en-US","@id":"https:\/\/endormoonstore.com\/en\/asuka-shikinami-langley-plugsuit-version-new-movie-edition-new-movie-edition-evangelion-3-01-0-thrice-upon-a-time\/#primaryimage","url":"https:\/\/endormoonstore.com\/wp-content\/uploads\/2025\/04\/Asuka-Shikinami-Langley-Plugsuit-Version-New-Movie-Edition-New-Movie-Edition-Evangelion-3.01.0-Thrice-Upon-a-Time-1.jpg","contentUrl":"https:\/\/endormoonstore.com\/wp-content\/uploads\/2025\/04\/Asuka-Shikinami-Langley-Plugsuit-Version-New-Movie-Edition-New-Movie-Edition-Evangelion-3.01.0-Thrice-Upon-a-Time-1.jpg","width":666,"height":1000,"caption":"Asuka Shikinami Langley, la apasionada piloto de Evangelion, en una figura detallada de BellFine, capturando su pose din\u00e1mica y su caracter\u00edstico Plugsuit rojo."},{"@type":"BreadcrumbList","@id":"https:\/\/endormoonstore.com\/en\/asuka-shikinami-langley-plugsuit-version-new-movie-edition-new-movie-edition-evangelion-3-01-0-thrice-upon-a-time\/#breadcrumb","itemListElement":[{"@type":"ListItem","position":1,"name":"Shop","item":"https:\/\/endormoonstore.com\/en\/shop\/"},{"@type":"ListItem","position":2,"name":"Asuka Shikinami Langley Plugsuit Version New Movie Edition New Movie Edition Evangelion: 3.0+1.0 Thrice Upon a Time"}]},{"@type":"WebSite","@id":"https:\/\/endormoonstore.com\/#website","url":"https:\/\/endormoonstore.com\/","name":"EndormoonStore","description":"","potentialAction":[{"@type":"SearchAction","target":{"@type":"EntryPoint","urlTemplate":"https:\/\/endormoonstore.com\/?s={search_term_string}"},"query-input":{"@type":"PropertyValueSpecification","valueRequired":true,"valueName":"search_term_string"}}],"inLanguage":"en-US"}]}},"taxonomy_info":{"product_cat":[{"value":1384,"label":"Pre-orders"}],"pa_brand":[{"value":15474,"label":"BellFine"}],"pa_character":[{"value":4088,"label":"Asuka Shikinami Langley"}],"pa_episode":[{"value":8882,"label":"Evangelion: 3.0+1.0 Thrice Upon a Time"}],"pa_license":[{"value":4094,"label":"Rebuild of Evangelion"}],"pa_product-type":[{"value":2387,"label":"Figure"}],"pa_theme":[{"value":13316,"label":"1\/7 Scale Figure"}]},"featured_image_src_large":["https:\/\/endormoonstore.com\/wp-content\/uploads\/2025\/04\/Asuka-Shikinami-Langley-Plugsuit-Version-New-Movie-Edition-New-Movie-Edition-Evangelion-3.01.0-Thrice-Upon-a-Time-1.jpg",666,1000,false],"author_info":[],"comment_info":"","_links":{"self":[{"href":"https:\/\/endormoonstore.com\/en\/wp-json\/wp\/v2\/product\/172787","targetHints":{"allow":["GET"]}}],"collection":[{"href":"https:\/\/endormoonstore.com\/en\/wp-json\/wp\/v2\/product"}],"about":[{"href":"https:\/\/endormoonstore.com\/en\/wp-json\/wp\/v2\/types\/product"}],"wp:featuredmedia":[{"embeddable":true,"href":"https:\/\/endormoonstore.com\/en\/wp-json\/wp\/v2\/media\/172776"}],"wp:attachment":[{"href":"https:\/\/endormoonstore.com\/en\/wp-json\/wp\/v2\/media?parent=172787"}],"wp:term":[{"taxonomy":"product_cat","embeddable":true,"href":"https:\/\/endormoonstore.com\/en\/wp-json\/wp\/v2\/product_cat?post=172787"},{"taxonomy":"product_tag","embeddable":true,"href":"https:\/\/endormoonstore.com\/en\/wp-json\/wp\/v2\/product_tag?post=172787"}],"curies":[{"name":"wp","href":"https:\/\/api.w.org\/{rel}","templated":true}]}}