{"id":172474,"date":"2025-04-10T00:15:13","date_gmt":"2025-04-09T22:15:13","guid":{"rendered":"https:\/\/endormoonstore.com\/yui-yuigahama-midsummer-tokyo-bay-my-teen-romantic-comedy-snafu-climax-luminasta\/"},"modified":"2025-04-15T22:11:56","modified_gmt":"2025-04-15T20:11:56","slug":"yui-yuigahama-midsummer-tokyo-bay-my-teen-romantic-comedy-snafu-climax-luminasta","status":"publish","type":"product","link":"https:\/\/endormoonstore.com\/en\/yui-yuigahama-midsummer-tokyo-bay-my-teen-romantic-comedy-snafu-climax-luminasta\/","title":{"rendered":"Yui Yuigahama Midsummer Tokyo Bay My Teen Romantic Comedy SNAFU Climax Luminasta"},"content":{"rendered":"<h4 class=\"p1\"><strong>Yui Yuigahama Midsummer Tokyo Bay My Teen Romantic Comedy SNAFU Climax Luminasta<\/strong><\/h4>\n<ul>\n<li>De SEGA Goods nos llega la figura de Yui Yuigahama de la serie de anime &#8220;My Teen Romantic Comedy SNAFU Climax&#8221;, lista para conquistar a los fans. Esta figura forma parte de la l\u00ednea Luminasta, conocida por su calidad y detalles excepcionales. Yui luce un bonito traje de ba\u00f1o rosa a juego con su cabello, con un bal\u00f3n de playa en una mano sostiene su tel\u00e9fono con la otra para tomarse un selfie r\u00e1pido de su d\u00eda de diversi\u00f3n bajo el sol.<\/li>\n<li>Con una altura de 19 cm, esta figura est\u00e1 fabricada en PVC y presenta un dise\u00f1o fijo, lo que garantiza su durabilidad y detalle. Incluye una base circular inspirada en la orilla del mar, lo que a\u00f1ade un toque especial a su presentaci\u00f3n. Puedes exponerla junto a las figuras de\u00a0 Yukino Yukinoshita e Iroha Isshiki, que se venden por separado, para completar tu colecci\u00f3n.<\/li>\n<li>\u00a1No te pierdas esta oportunidad! A\u00f1ade a Yui Yuigahama a tu colecci\u00f3n y revive los momentos m\u00e1s memorables de &#8220;My Teen Romantic Comedy SNAFU Climax&#8221;. \u00a1Haz que tus vitrinas brillen con esta figura \u00fanica y llena de detalles!<\/li>\n<\/ul>\n<h4>Sobre SEGA Goods y Luminasta<\/h4>\n<ul>\n<li><a href=\"https:\/\/endormoonstore.com\/marca\/sega-goods\/\"><strong>SEGA Goods<\/strong><\/a>, una divisi\u00f3n de SEGA, ofrece una amplia gama de productos de colecci\u00f3n de alta calidad. Desde su fundaci\u00f3n, SEGA ha sido un nombre destacado en la industria del entretenimiento. Su l\u00ednea de productos refleja su compromiso con la excelencia y la satisfacci\u00f3n del cliente. SEGA Goods presenta figuras, estatuas y otros art\u00edculos basados en personajes populares de anime, manga y videojuegos.<\/li>\n<li>La l\u00ednea <a href=\"https:\/\/endormoonstore.com\/tematica\/luminasta\/\"><strong>Luminasta<\/strong><\/a> de SEGA, es una de las m\u00e1s apreciadas por los coleccionistas. Estas figuras destacan por su calidad y detalles excepcionales, capturando la esencia de los personajes de manera impresionante. Adem\u00e1s, las figuras de Luminasta tienen un dise\u00f1o fijo, lo que permite un acabado m\u00e1s detallado y duradero. Por otro lado, cada figura incluye accesorios y bases tem\u00e1ticas que realzan su presentaci\u00f3n, haciendo que sean perfectas para exhibir.<\/li>\n<li>Con una amplia variedad de personajes disponibles, la l\u00ednea <a href=\"https:\/\/endormoonstore.com\/tematica\/luminasta\/\"><strong>Luminasta<\/strong><\/a> sigue creciendo y encantando a los aficionados de todo el mundo. Ya sea que seas un coleccionista experimentado o un nuevo fan\u00e1tico, las figuras de Luminasta de SEGA Goods son una adici\u00f3n imprescindible para cualquier colecci\u00f3n.<\/li>\n<\/ul>\n","protected":false},"excerpt":{"rendered":"<h4 class=\"p1\"><strong>Yui Yuigahama Midsummer Tokyo Bay My Teen Romantic Comedy SNAFU Climax Luminasta<\/strong><\/h4>\n<p>De SEGA Goods nos llega la figura de Yui Yuigahama de la serie de anime &#8220;My Teen Romantic Comedy SNAFU Climax&#8221;, lista para conquistar a los fans. Esta figura forma parte de la l\u00ednea Luminasta, conocida por su calidad y detalles excepcionales. Yui luce un bonito traje de ba\u00f1o rosa a juego con su cabello, con un bal\u00f3n de playa en una mano sostiene su tel\u00e9fono con la otra para tomarse un selfie r\u00e1pido de su d\u00eda de diversi\u00f3n bajo el sol.<\/p>\n","protected":false},"featured_media":172461,"template":"","meta":{"_acf_changed":false,"_kad_blocks_custom_css":"","_kad_blocks_head_custom_js":"","_kad_blocks_body_custom_js":"","_kad_blocks_footer_custom_js":""},"product_cat":[1384],"product_tag":[],"class_list":{"0":"post-172474","1":"product","2":"type-product","3":"status-publish","4":"has-post-thumbnail","6":"product_cat-pre-orders","7":"pa_brand-sega-goods-en","8":"pa_character-yui-yuigahama-en","9":"pa_episode-my-teen-romantic-comedy-snafu-climax-en","10":"pa_license-my-teen-romantic-comedy-snafu-en","11":"pa_product-type-figure","12":"pa_theme-luminasta-en","14":"first","15":"instock","16":"taxable","17":"shipping-taxable","18":"purchasable","19":"product-type-simple"},"acf":[],"yoast_head":"<!-- This site is optimized with the Yoast SEO plugin v26.1.1 - https:\/\/yoast.com\/wordpress\/plugins\/seo\/ -->\n<title>Yui Yuigahama Midsummer Tokyo Bay My Teen Romantic Comedy SNAFU Climax Luminasta - EndormoonStore<\/title>\n<meta name=\"description\" content=\"Figura de Yui Yuigahama de SEGA Goods, 19 cm, con traje de ba\u00f1o rosa, bal\u00f3n de playa y tel\u00e9fono. Ideal para coleccionistas de SNAFU Climax.\" \/>\n<meta name=\"robots\" content=\"index, follow, max-snippet:-1, max-image-preview:large, max-video-preview:-1\" \/>\n<link rel=\"canonical\" href=\"https:\/\/endormoonstore.com\/en\/yui-yuigahama-midsummer-tokyo-bay-my-teen-romantic-comedy-snafu-climax-luminasta\/\" \/>\n<meta property=\"og:locale\" content=\"en_US\" \/>\n<meta property=\"og:type\" content=\"article\" \/>\n<meta property=\"og:title\" content=\"Yui Yuigahama Midsummer Tokyo Bay My Teen Romantic Comedy SNAFU Climax Luminasta - EndormoonStore\" \/>\n<meta property=\"og:description\" content=\"Figura de Yui Yuigahama de SEGA Goods, 19 cm, con traje de ba\u00f1o rosa, bal\u00f3n de playa y tel\u00e9fono. Ideal para coleccionistas de SNAFU Climax.\" \/>\n<meta property=\"og:url\" content=\"https:\/\/endormoonstore.com\/en\/yui-yuigahama-midsummer-tokyo-bay-my-teen-romantic-comedy-snafu-climax-luminasta\/\" \/>\n<meta property=\"og:site_name\" content=\"EndormoonStore\" \/>\n<meta property=\"article:modified_time\" content=\"2025-04-15T20:11:56+00:00\" \/>\n<meta property=\"og:image\" content=\"https:\/\/endormoonstore.com\/wp-content\/uploads\/2025\/04\/Yui-Yuigahama-Midsummer-Tokyo-Bay-My-Teen-Romantic-Comedy-SNAFU-Climax-Luminasta-1.jpg\" \/>\n\t<meta property=\"og:image:width\" content=\"952\" \/>\n\t<meta property=\"og:image:height\" content=\"1000\" \/>\n\t<meta property=\"og:image:type\" content=\"image\/jpeg\" \/>\n<meta name=\"twitter:card\" content=\"summary_large_image\" \/>\n<meta name=\"twitter:label1\" content=\"Est. reading time\" \/>\n\t<meta name=\"twitter:data1\" content=\"2 minutes\" \/>\n<script type=\"application\/ld+json\" class=\"yoast-schema-graph\">{\"@context\":\"https:\/\/schema.org\",\"@graph\":[{\"@type\":\"WebPage\",\"@id\":\"https:\/\/endormoonstore.com\/en\/yui-yuigahama-midsummer-tokyo-bay-my-teen-romantic-comedy-snafu-climax-luminasta\/\",\"url\":\"https:\/\/endormoonstore.com\/en\/yui-yuigahama-midsummer-tokyo-bay-my-teen-romantic-comedy-snafu-climax-luminasta\/\",\"name\":\"Yui Yuigahama Midsummer Tokyo Bay My Teen Romantic Comedy SNAFU Climax Luminasta - EndormoonStore\",\"isPartOf\":{\"@id\":\"https:\/\/endormoonstore.com\/#website\"},\"primaryImageOfPage\":{\"@id\":\"https:\/\/endormoonstore.com\/en\/yui-yuigahama-midsummer-tokyo-bay-my-teen-romantic-comedy-snafu-climax-luminasta\/#primaryimage\"},\"image\":{\"@id\":\"https:\/\/endormoonstore.com\/en\/yui-yuigahama-midsummer-tokyo-bay-my-teen-romantic-comedy-snafu-climax-luminasta\/#primaryimage\"},\"thumbnailUrl\":\"https:\/\/endormoonstore.com\/wp-content\/uploads\/2025\/04\/Yui-Yuigahama-Midsummer-Tokyo-Bay-My-Teen-Romantic-Comedy-SNAFU-Climax-Luminasta-1.jpg\",\"datePublished\":\"2025-04-09T22:15:13+00:00\",\"dateModified\":\"2025-04-15T20:11:56+00:00\",\"description\":\"Figura de Yui Yuigahama de SEGA Goods, 19 cm, con traje de ba\u00f1o rosa, bal\u00f3n de playa y tel\u00e9fono. Ideal para coleccionistas de SNAFU Climax.\",\"breadcrumb\":{\"@id\":\"https:\/\/endormoonstore.com\/en\/yui-yuigahama-midsummer-tokyo-bay-my-teen-romantic-comedy-snafu-climax-luminasta\/#breadcrumb\"},\"inLanguage\":\"en-US\",\"potentialAction\":[{\"@type\":\"ReadAction\",\"target\":[\"https:\/\/endormoonstore.com\/en\/yui-yuigahama-midsummer-tokyo-bay-my-teen-romantic-comedy-snafu-climax-luminasta\/\"]}]},{\"@type\":\"ImageObject\",\"inLanguage\":\"en-US\",\"@id\":\"https:\/\/endormoonstore.com\/en\/yui-yuigahama-midsummer-tokyo-bay-my-teen-romantic-comedy-snafu-climax-luminasta\/#primaryimage\",\"url\":\"https:\/\/endormoonstore.com\/wp-content\/uploads\/2025\/04\/Yui-Yuigahama-Midsummer-Tokyo-Bay-My-Teen-Romantic-Comedy-SNAFU-Climax-Luminasta-1.jpg\",\"contentUrl\":\"https:\/\/endormoonstore.com\/wp-content\/uploads\/2025\/04\/Yui-Yuigahama-Midsummer-Tokyo-Bay-My-Teen-Romantic-Comedy-SNAFU-Climax-Luminasta-1.jpg\",\"width\":952,\"height\":1000,\"caption\":\"Figura de Yui Yuigahama de SEGA Goods, con traje de ba\u00f1o rosa, bal\u00f3n de playa y tel\u00e9fono.\"},{\"@type\":\"BreadcrumbList\",\"@id\":\"https:\/\/endormoonstore.com\/en\/yui-yuigahama-midsummer-tokyo-bay-my-teen-romantic-comedy-snafu-climax-luminasta\/#breadcrumb\",\"itemListElement\":[{\"@type\":\"ListItem\",\"position\":1,\"name\":\"Shop\",\"item\":\"https:\/\/endormoonstore.com\/en\/shop\/\"},{\"@type\":\"ListItem\",\"position\":2,\"name\":\"Yui Yuigahama Midsummer Tokyo Bay My Teen Romantic Comedy SNAFU Climax Luminasta\"}]},{\"@type\":\"WebSite\",\"@id\":\"https:\/\/endormoonstore.com\/#website\",\"url\":\"https:\/\/endormoonstore.com\/\",\"name\":\"EndormoonStore\",\"description\":\"\",\"potentialAction\":[{\"@type\":\"SearchAction\",\"target\":{\"@type\":\"EntryPoint\",\"urlTemplate\":\"https:\/\/endormoonstore.com\/?s={search_term_string}\"},\"query-input\":{\"@type\":\"PropertyValueSpecification\",\"valueRequired\":true,\"valueName\":\"search_term_string\"}}],\"inLanguage\":\"en-US\"}]}<\/script>\n<!-- \/ Yoast SEO plugin. -->","yoast_head_json":{"title":"Yui Yuigahama Midsummer Tokyo Bay My Teen Romantic Comedy SNAFU Climax Luminasta - EndormoonStore","description":"Figura de Yui Yuigahama de SEGA Goods, 19 cm, con traje de ba\u00f1o rosa, bal\u00f3n de playa y tel\u00e9fono. Ideal para coleccionistas de SNAFU Climax.","robots":{"index":"index","follow":"follow","max-snippet":"max-snippet:-1","max-image-preview":"max-image-preview:large","max-video-preview":"max-video-preview:-1"},"canonical":"https:\/\/endormoonstore.com\/en\/yui-yuigahama-midsummer-tokyo-bay-my-teen-romantic-comedy-snafu-climax-luminasta\/","og_locale":"en_US","og_type":"article","og_title":"Yui Yuigahama Midsummer Tokyo Bay My Teen Romantic Comedy SNAFU Climax Luminasta - EndormoonStore","og_description":"Figura de Yui Yuigahama de SEGA Goods, 19 cm, con traje de ba\u00f1o rosa, bal\u00f3n de playa y tel\u00e9fono. Ideal para coleccionistas de SNAFU Climax.","og_url":"https:\/\/endormoonstore.com\/en\/yui-yuigahama-midsummer-tokyo-bay-my-teen-romantic-comedy-snafu-climax-luminasta\/","og_site_name":"EndormoonStore","article_modified_time":"2025-04-15T20:11:56+00:00","og_image":[{"width":952,"height":1000,"url":"https:\/\/endormoonstore.com\/wp-content\/uploads\/2025\/04\/Yui-Yuigahama-Midsummer-Tokyo-Bay-My-Teen-Romantic-Comedy-SNAFU-Climax-Luminasta-1.jpg","type":"image\/jpeg"}],"twitter_card":"summary_large_image","twitter_misc":{"Est. reading time":"2 minutes"},"schema":{"@context":"https:\/\/schema.org","@graph":[{"@type":"WebPage","@id":"https:\/\/endormoonstore.com\/en\/yui-yuigahama-midsummer-tokyo-bay-my-teen-romantic-comedy-snafu-climax-luminasta\/","url":"https:\/\/endormoonstore.com\/en\/yui-yuigahama-midsummer-tokyo-bay-my-teen-romantic-comedy-snafu-climax-luminasta\/","name":"Yui Yuigahama Midsummer Tokyo Bay My Teen Romantic Comedy SNAFU Climax Luminasta - EndormoonStore","isPartOf":{"@id":"https:\/\/endormoonstore.com\/#website"},"primaryImageOfPage":{"@id":"https:\/\/endormoonstore.com\/en\/yui-yuigahama-midsummer-tokyo-bay-my-teen-romantic-comedy-snafu-climax-luminasta\/#primaryimage"},"image":{"@id":"https:\/\/endormoonstore.com\/en\/yui-yuigahama-midsummer-tokyo-bay-my-teen-romantic-comedy-snafu-climax-luminasta\/#primaryimage"},"thumbnailUrl":"https:\/\/endormoonstore.com\/wp-content\/uploads\/2025\/04\/Yui-Yuigahama-Midsummer-Tokyo-Bay-My-Teen-Romantic-Comedy-SNAFU-Climax-Luminasta-1.jpg","datePublished":"2025-04-09T22:15:13+00:00","dateModified":"2025-04-15T20:11:56+00:00","description":"Figura de Yui Yuigahama de SEGA Goods, 19 cm, con traje de ba\u00f1o rosa, bal\u00f3n de playa y tel\u00e9fono. Ideal para coleccionistas de SNAFU Climax.","breadcrumb":{"@id":"https:\/\/endormoonstore.com\/en\/yui-yuigahama-midsummer-tokyo-bay-my-teen-romantic-comedy-snafu-climax-luminasta\/#breadcrumb"},"inLanguage":"en-US","potentialAction":[{"@type":"ReadAction","target":["https:\/\/endormoonstore.com\/en\/yui-yuigahama-midsummer-tokyo-bay-my-teen-romantic-comedy-snafu-climax-luminasta\/"]}]},{"@type":"ImageObject","inLanguage":"en-US","@id":"https:\/\/endormoonstore.com\/en\/yui-yuigahama-midsummer-tokyo-bay-my-teen-romantic-comedy-snafu-climax-luminasta\/#primaryimage","url":"https:\/\/endormoonstore.com\/wp-content\/uploads\/2025\/04\/Yui-Yuigahama-Midsummer-Tokyo-Bay-My-Teen-Romantic-Comedy-SNAFU-Climax-Luminasta-1.jpg","contentUrl":"https:\/\/endormoonstore.com\/wp-content\/uploads\/2025\/04\/Yui-Yuigahama-Midsummer-Tokyo-Bay-My-Teen-Romantic-Comedy-SNAFU-Climax-Luminasta-1.jpg","width":952,"height":1000,"caption":"Figura de Yui Yuigahama de SEGA Goods, con traje de ba\u00f1o rosa, bal\u00f3n de playa y tel\u00e9fono."},{"@type":"BreadcrumbList","@id":"https:\/\/endormoonstore.com\/en\/yui-yuigahama-midsummer-tokyo-bay-my-teen-romantic-comedy-snafu-climax-luminasta\/#breadcrumb","itemListElement":[{"@type":"ListItem","position":1,"name":"Shop","item":"https:\/\/endormoonstore.com\/en\/shop\/"},{"@type":"ListItem","position":2,"name":"Yui Yuigahama Midsummer Tokyo Bay My Teen Romantic Comedy SNAFU Climax Luminasta"}]},{"@type":"WebSite","@id":"https:\/\/endormoonstore.com\/#website","url":"https:\/\/endormoonstore.com\/","name":"EndormoonStore","description":"","potentialAction":[{"@type":"SearchAction","target":{"@type":"EntryPoint","urlTemplate":"https:\/\/endormoonstore.com\/?s={search_term_string}"},"query-input":{"@type":"PropertyValueSpecification","valueRequired":true,"valueName":"search_term_string"}}],"inLanguage":"en-US"}]}},"taxonomy_info":{"product_cat":[{"value":1384,"label":"Pre-orders"}],"pa_brand":[{"value":15444,"label":"Sega Goods"}],"pa_character":[{"value":15454,"label":"Yui Yuigahama"}],"pa_episode":[{"value":15448,"label":"My Teen Romantic Comedy SNAFU Climax"}],"pa_license":[{"value":15446,"label":"My Teen Romantic Comedy SNAFU"}],"pa_product-type":[{"value":2387,"label":"Figure"}],"pa_theme":[{"value":14296,"label":"Luminasta"}]},"featured_image_src_large":["https:\/\/endormoonstore.com\/wp-content\/uploads\/2025\/04\/Yui-Yuigahama-Midsummer-Tokyo-Bay-My-Teen-Romantic-Comedy-SNAFU-Climax-Luminasta-1.jpg",952,1000,false],"author_info":[],"comment_info":"","_links":{"self":[{"href":"https:\/\/endormoonstore.com\/en\/wp-json\/wp\/v2\/product\/172474","targetHints":{"allow":["GET"]}}],"collection":[{"href":"https:\/\/endormoonstore.com\/en\/wp-json\/wp\/v2\/product"}],"about":[{"href":"https:\/\/endormoonstore.com\/en\/wp-json\/wp\/v2\/types\/product"}],"wp:featuredmedia":[{"embeddable":true,"href":"https:\/\/endormoonstore.com\/en\/wp-json\/wp\/v2\/media\/172461"}],"wp:attachment":[{"href":"https:\/\/endormoonstore.com\/en\/wp-json\/wp\/v2\/media?parent=172474"}],"wp:term":[{"taxonomy":"product_cat","embeddable":true,"href":"https:\/\/endormoonstore.com\/en\/wp-json\/wp\/v2\/product_cat?post=172474"},{"taxonomy":"product_tag","embeddable":true,"href":"https:\/\/endormoonstore.com\/en\/wp-json\/wp\/v2\/product_tag?post=172474"}],"curies":[{"name":"wp","href":"https:\/\/api.w.org\/{rel}","templated":true}]}}