{"id":172328,"date":"2025-04-12T00:45:54","date_gmt":"2025-04-11T22:45:54","guid":{"rendered":"https:\/\/endormoonstore.com\/mace-windu-187-legion-clone-trooper-the-black-series-clones-of-the-republic\/"},"modified":"2025-04-14T15:22:39","modified_gmt":"2025-04-14T13:22:39","slug":"mace-windu-187-legion-clone-trooper-the-black-series-clones-of-the-republic","status":"publish","type":"product","link":"https:\/\/endormoonstore.com\/en\/mace-windu-187-legion-clone-trooper-the-black-series-clones-of-the-republic\/","title":{"rendered":"Mace Windu &#038; 187 Legion Clone Trooper The Black Series Clones of the Republic"},"content":{"rendered":"<h4 class=\"p1\"><strong>Mace Windu &amp; 187 Legion Clone Trooper The Black Series Clones of the Republic<\/strong><\/h4>\n<ul>\n<li>Fabricada por Hasbro, esta colecci\u00f3n de figuras de acci\u00f3n est\u00e1 inspirada en Mace Windu y el 187th Legion Clone Trooper en las Guerras Clon. Ideal para coleccionistas y fan\u00e1ticos de Star Wars de 4 a\u00f1os en adelante, estas figuras de 6 pulgadas (15 cm) cuentan con decoraci\u00f3n y dise\u00f1o premium. Adem\u00e1s, tienen entre 20 y 23 puntos de articulaci\u00f3n.<\/li>\n<li>La figura de Mace Windu incluye su caracter\u00edstico sable de luz amatista. Por otro lado, el 187th Legion Clone Trooper viene equipado con bl\u00e1sters largos y cortos. As\u00ed, puedes exhibir estas figuras en tu colecci\u00f3n y recrear las \u00e9picas batallas de la Rep\u00fablica contra la Confederaci\u00f3n de Sistemas Independientes.<\/li>\n<li>Durante las Guerras Clon, los soldados clon formaron la columna vertebral del nuevo ej\u00e9rcito de la Rep\u00fablica. A medida que la guerra se intensificaba, el Maestro Jedi Mace Windu percibi\u00f3 el lado oscuro de la Fuerza. Por lo tanto, supo que los enemigos de los Jedi conspiraban para destruir la Orden.<\/li>\n<li>Star Wars The Black Series incluye figuras de acci\u00f3n de 15 cm, veh\u00edculos y art\u00edculos de rol de los m\u00e1s de 40 a\u00f1os de legado de la galaxia de Star Wars. Con exquisitas caracter\u00edsticas y decoraci\u00f3n, esta serie encarna la calidad y el realismo que adoran los fan\u00e1ticos de Star Wars.<\/li>\n<li>\u00a1No te pierdas la oportunidad de tener a Mace Windu y los 187th Legion Clone Troopers en tu colecci\u00f3n! \u00a1Que la Fuerza te acompa\u00f1e y que tu estanter\u00eda se convierta en una galaxia de aventuras!<\/li>\n<\/ul>\n<h4 class=\"p1\"><strong>Sobre Hasbro y su l\u00ednea de productos Star Wars<\/strong><\/h4>\n<p class=\"p1\">Hasbro es una empresa l\u00edder en la fabricaci\u00f3n de productos de entretenimiento y coleccionables. Su l\u00ednea de productos <a href=\"https:\/\/endormoonstore.com\/licencia\/star-wars\/\"><span class=\"s2\"><b>Star Wars<\/b><\/span><\/a> incluye:<\/p>\n<ul class=\"ul1\">\n<li class=\"li1\"><span class=\"s1\"><a href=\"https:\/\/endormoonstore.com\/tematica\/the-black-series\/\"><span class=\"s3\"><b>The Black Series<\/b><\/span><\/a><\/span>: Esta colecci\u00f3n incluye figuras de acci\u00f3n de 6 pulgadas (aproximadamente 15 cm), cascos a escala 1:1 y sables de luz Force FX. Los productos de esta l\u00ednea est\u00e1n dise\u00f1ados con detalles premium y m\u00faltiples puntos de articulaci\u00f3n. Son ideales para coleccionistas y fans de todas las edades. Adem\u00e1s, The Black Series destaca por su alta calidad y precisi\u00f3n en la representaci\u00f3n de personajes y objetos del universo Star Wars.<\/li>\n<li class=\"li1\"><span class=\"s1\"><a href=\"https:\/\/endormoonstore.com\/tematica\/the-vintage-collection\/\"><span class=\"s3\"><b>The Vintage Collection<\/b>:<\/span><\/a><\/span> Esta l\u00ednea presenta figuras de 3.75 pulgadas (aproximadamente 9,5 cm) con detalles y dise\u00f1o inspirados en la l\u00ednea original de juguetes de Kenner. Igualmente, incluye veh\u00edculos y dioramas altamente detallados que evocan la nostalgia de los fans de Star Wars. The Vintage Collection destaca por su fidelidad a los dise\u00f1os cl\u00e1sicos y su capacidad para capturar la esencia de la saga original.<\/li>\n<li class=\"li1\"><a href=\"https:\/\/endormoonstore.com\/tematica\/retro-collection\/\"><span class=\"s3\"><b>The Retro Collection<\/b>:<\/span><\/a> Esta l\u00ednea recrea las figuras originales de Star Wars de los a\u00f1os 70 y 80, con un dise\u00f1o y detalles inspirados en los juguetes de Kenner de esa \u00e9poca. Las figuras de 3.75 pulgadas (aproximadamente 9,5 cm) tienen 5 puntos de articulaci\u00f3n y son muy populares entre los que buscan un toque de nostalgia.<\/li>\n<\/ul>\n","protected":false},"excerpt":{"rendered":"<h4 class=\"p1\"><strong>Mace Windu &amp; 187 Legion Clone Trooper The Black Series Clones of the Republic<\/strong><\/h4>\n<p>Fabricada por Hasbro, esta colecci\u00f3n de figuras de acci\u00f3n est\u00e1 inspirada en Mace Windu y el 187th Legion Clone Trooper en las Guerras Clon. Ideal para coleccionistas y fan\u00e1ticos de Star Wars de 4 a\u00f1os en adelante, estas figuras de 6 pulgadas (15 cm) cuentan con decoraci\u00f3n y dise\u00f1o premium. Adem\u00e1s, tienen entre 20 y 23 puntos de articulaci\u00f3n.<\/p>\n","protected":false},"featured_media":172309,"template":"","meta":{"_acf_changed":false,"_kad_blocks_custom_css":"","_kad_blocks_head_custom_js":"","_kad_blocks_body_custom_js":"","_kad_blocks_footer_custom_js":""},"product_cat":[1390,13511],"product_tag":[],"class_list":{"0":"post-172328","1":"product","2":"type-product","3":"status-publish","4":"has-post-thumbnail","6":"product_cat-figures","7":"product_cat-new-arrivals","8":"pa_brand-hasbro-en","9":"pa_character-mace-windu-en","10":"pa_character-187th-legion-clone-trooper-en","11":"pa_license-star-wars-en","12":"pa_product-type-figure","13":"pa_theme-the-black-series-en","15":"first","16":"outofstock","17":"taxable","18":"shipping-taxable","19":"purchasable","20":"product-type-simple"},"acf":[],"yoast_head":"<!-- This site is optimized with the Yoast SEO plugin v26.1.1 - https:\/\/yoast.com\/wordpress\/plugins\/seo\/ -->\n<title>Mace Windu &amp; 187 Legion Clone Trooper The Black Series Clones of the Republic - EndormoonStore<\/title>\n<meta name=\"description\" content=\"Descubre las figuras de acci\u00f3n de Mace Windu y 187th Legion Clone Trooper de Star Wars The Black Series. Ideal para coleccionistas y fan\u00e1ticos.\" \/>\n<meta name=\"robots\" content=\"index, follow, max-snippet:-1, max-image-preview:large, max-video-preview:-1\" \/>\n<link rel=\"canonical\" href=\"https:\/\/endormoonstore.com\/en\/mace-windu-187-legion-clone-trooper-the-black-series-clones-of-the-republic\/\" \/>\n<meta property=\"og:locale\" content=\"en_US\" \/>\n<meta property=\"og:type\" content=\"article\" \/>\n<meta property=\"og:title\" content=\"Mace Windu &amp; 187 Legion Clone Trooper The Black Series Clones of the Republic - EndormoonStore\" \/>\n<meta property=\"og:description\" content=\"Descubre las figuras de acci\u00f3n de Mace Windu y 187th Legion Clone Trooper de Star Wars The Black Series. Ideal para coleccionistas y fan\u00e1ticos.\" \/>\n<meta property=\"og:url\" content=\"https:\/\/endormoonstore.com\/en\/mace-windu-187-legion-clone-trooper-the-black-series-clones-of-the-republic\/\" \/>\n<meta property=\"og:site_name\" content=\"EndormoonStore\" \/>\n<meta property=\"article:modified_time\" content=\"2025-04-14T13:22:39+00:00\" \/>\n<meta property=\"og:image\" content=\"https:\/\/endormoonstore.com\/wp-content\/uploads\/2025\/04\/Mace-Windu-187-Legion-Clone-Trooper-The-Black-Series-Clones-of-the-Republic-1.webp\" \/>\n\t<meta property=\"og:image:width\" content=\"1580\" \/>\n\t<meta property=\"og:image:height\" content=\"1580\" \/>\n\t<meta property=\"og:image:type\" content=\"image\/webp\" \/>\n<meta name=\"twitter:card\" content=\"summary_large_image\" \/>\n<meta name=\"twitter:label1\" content=\"Est. reading time\" \/>\n\t<meta name=\"twitter:data1\" content=\"3 minutes\" \/>\n<script type=\"application\/ld+json\" class=\"yoast-schema-graph\">{\"@context\":\"https:\/\/schema.org\",\"@graph\":[{\"@type\":\"WebPage\",\"@id\":\"https:\/\/endormoonstore.com\/en\/mace-windu-187-legion-clone-trooper-the-black-series-clones-of-the-republic\/\",\"url\":\"https:\/\/endormoonstore.com\/en\/mace-windu-187-legion-clone-trooper-the-black-series-clones-of-the-republic\/\",\"name\":\"Mace Windu & 187 Legion Clone Trooper The Black Series Clones of the Republic - EndormoonStore\",\"isPartOf\":{\"@id\":\"https:\/\/endormoonstore.com\/#website\"},\"primaryImageOfPage\":{\"@id\":\"https:\/\/endormoonstore.com\/en\/mace-windu-187-legion-clone-trooper-the-black-series-clones-of-the-republic\/#primaryimage\"},\"image\":{\"@id\":\"https:\/\/endormoonstore.com\/en\/mace-windu-187-legion-clone-trooper-the-black-series-clones-of-the-republic\/#primaryimage\"},\"thumbnailUrl\":\"https:\/\/endormoonstore.com\/wp-content\/uploads\/2025\/04\/Mace-Windu-187-Legion-Clone-Trooper-The-Black-Series-Clones-of-the-Republic-1.webp\",\"datePublished\":\"2025-04-11T22:45:54+00:00\",\"dateModified\":\"2025-04-14T13:22:39+00:00\",\"description\":\"Descubre las figuras de acci\u00f3n de Mace Windu y 187th Legion Clone Trooper de Star Wars The Black Series. Ideal para coleccionistas y fan\u00e1ticos.\",\"breadcrumb\":{\"@id\":\"https:\/\/endormoonstore.com\/en\/mace-windu-187-legion-clone-trooper-the-black-series-clones-of-the-republic\/#breadcrumb\"},\"inLanguage\":\"en-US\",\"potentialAction\":[{\"@type\":\"ReadAction\",\"target\":[\"https:\/\/endormoonstore.com\/en\/mace-windu-187-legion-clone-trooper-the-black-series-clones-of-the-republic\/\"]}]},{\"@type\":\"ImageObject\",\"inLanguage\":\"en-US\",\"@id\":\"https:\/\/endormoonstore.com\/en\/mace-windu-187-legion-clone-trooper-the-black-series-clones-of-the-republic\/#primaryimage\",\"url\":\"https:\/\/endormoonstore.com\/wp-content\/uploads\/2025\/04\/Mace-Windu-187-Legion-Clone-Trooper-The-Black-Series-Clones-of-the-Republic-1.webp\",\"contentUrl\":\"https:\/\/endormoonstore.com\/wp-content\/uploads\/2025\/04\/Mace-Windu-187-Legion-Clone-Trooper-The-Black-Series-Clones-of-the-Republic-1.webp\",\"width\":1580,\"height\":1580,\"caption\":\"Mace Windu y 187th Legion Clone Trooper en Star Wars The Black Series.\"},{\"@type\":\"BreadcrumbList\",\"@id\":\"https:\/\/endormoonstore.com\/en\/mace-windu-187-legion-clone-trooper-the-black-series-clones-of-the-republic\/#breadcrumb\",\"itemListElement\":[{\"@type\":\"ListItem\",\"position\":1,\"name\":\"Shop\",\"item\":\"https:\/\/endormoonstore.com\/en\/shop\/\"},{\"@type\":\"ListItem\",\"position\":2,\"name\":\"Mace Windu &#038; 187 Legion Clone Trooper The Black Series Clones of the Republic\"}]},{\"@type\":\"WebSite\",\"@id\":\"https:\/\/endormoonstore.com\/#website\",\"url\":\"https:\/\/endormoonstore.com\/\",\"name\":\"EndormoonStore\",\"description\":\"\",\"potentialAction\":[{\"@type\":\"SearchAction\",\"target\":{\"@type\":\"EntryPoint\",\"urlTemplate\":\"https:\/\/endormoonstore.com\/?s={search_term_string}\"},\"query-input\":{\"@type\":\"PropertyValueSpecification\",\"valueRequired\":true,\"valueName\":\"search_term_string\"}}],\"inLanguage\":\"en-US\"}]}<\/script>\n<!-- \/ Yoast SEO plugin. -->","yoast_head_json":{"title":"Mace Windu & 187 Legion Clone Trooper The Black Series Clones of the Republic - EndormoonStore","description":"Descubre las figuras de acci\u00f3n de Mace Windu y 187th Legion Clone Trooper de Star Wars The Black Series. Ideal para coleccionistas y fan\u00e1ticos.","robots":{"index":"index","follow":"follow","max-snippet":"max-snippet:-1","max-image-preview":"max-image-preview:large","max-video-preview":"max-video-preview:-1"},"canonical":"https:\/\/endormoonstore.com\/en\/mace-windu-187-legion-clone-trooper-the-black-series-clones-of-the-republic\/","og_locale":"en_US","og_type":"article","og_title":"Mace Windu & 187 Legion Clone Trooper The Black Series Clones of the Republic - EndormoonStore","og_description":"Descubre las figuras de acci\u00f3n de Mace Windu y 187th Legion Clone Trooper de Star Wars The Black Series. Ideal para coleccionistas y fan\u00e1ticos.","og_url":"https:\/\/endormoonstore.com\/en\/mace-windu-187-legion-clone-trooper-the-black-series-clones-of-the-republic\/","og_site_name":"EndormoonStore","article_modified_time":"2025-04-14T13:22:39+00:00","og_image":[{"width":1580,"height":1580,"url":"https:\/\/endormoonstore.com\/wp-content\/uploads\/2025\/04\/Mace-Windu-187-Legion-Clone-Trooper-The-Black-Series-Clones-of-the-Republic-1.webp","type":"image\/webp"}],"twitter_card":"summary_large_image","twitter_misc":{"Est. reading time":"3 minutes"},"schema":{"@context":"https:\/\/schema.org","@graph":[{"@type":"WebPage","@id":"https:\/\/endormoonstore.com\/en\/mace-windu-187-legion-clone-trooper-the-black-series-clones-of-the-republic\/","url":"https:\/\/endormoonstore.com\/en\/mace-windu-187-legion-clone-trooper-the-black-series-clones-of-the-republic\/","name":"Mace Windu & 187 Legion Clone Trooper The Black Series Clones of the Republic - EndormoonStore","isPartOf":{"@id":"https:\/\/endormoonstore.com\/#website"},"primaryImageOfPage":{"@id":"https:\/\/endormoonstore.com\/en\/mace-windu-187-legion-clone-trooper-the-black-series-clones-of-the-republic\/#primaryimage"},"image":{"@id":"https:\/\/endormoonstore.com\/en\/mace-windu-187-legion-clone-trooper-the-black-series-clones-of-the-republic\/#primaryimage"},"thumbnailUrl":"https:\/\/endormoonstore.com\/wp-content\/uploads\/2025\/04\/Mace-Windu-187-Legion-Clone-Trooper-The-Black-Series-Clones-of-the-Republic-1.webp","datePublished":"2025-04-11T22:45:54+00:00","dateModified":"2025-04-14T13:22:39+00:00","description":"Descubre las figuras de acci\u00f3n de Mace Windu y 187th Legion Clone Trooper de Star Wars The Black Series. Ideal para coleccionistas y fan\u00e1ticos.","breadcrumb":{"@id":"https:\/\/endormoonstore.com\/en\/mace-windu-187-legion-clone-trooper-the-black-series-clones-of-the-republic\/#breadcrumb"},"inLanguage":"en-US","potentialAction":[{"@type":"ReadAction","target":["https:\/\/endormoonstore.com\/en\/mace-windu-187-legion-clone-trooper-the-black-series-clones-of-the-republic\/"]}]},{"@type":"ImageObject","inLanguage":"en-US","@id":"https:\/\/endormoonstore.com\/en\/mace-windu-187-legion-clone-trooper-the-black-series-clones-of-the-republic\/#primaryimage","url":"https:\/\/endormoonstore.com\/wp-content\/uploads\/2025\/04\/Mace-Windu-187-Legion-Clone-Trooper-The-Black-Series-Clones-of-the-Republic-1.webp","contentUrl":"https:\/\/endormoonstore.com\/wp-content\/uploads\/2025\/04\/Mace-Windu-187-Legion-Clone-Trooper-The-Black-Series-Clones-of-the-Republic-1.webp","width":1580,"height":1580,"caption":"Mace Windu y 187th Legion Clone Trooper en Star Wars The Black Series."},{"@type":"BreadcrumbList","@id":"https:\/\/endormoonstore.com\/en\/mace-windu-187-legion-clone-trooper-the-black-series-clones-of-the-republic\/#breadcrumb","itemListElement":[{"@type":"ListItem","position":1,"name":"Shop","item":"https:\/\/endormoonstore.com\/en\/shop\/"},{"@type":"ListItem","position":2,"name":"Mace Windu &#038; 187 Legion Clone Trooper The Black Series Clones of the Republic"}]},{"@type":"WebSite","@id":"https:\/\/endormoonstore.com\/#website","url":"https:\/\/endormoonstore.com\/","name":"EndormoonStore","description":"","potentialAction":[{"@type":"SearchAction","target":{"@type":"EntryPoint","urlTemplate":"https:\/\/endormoonstore.com\/?s={search_term_string}"},"query-input":{"@type":"PropertyValueSpecification","valueRequired":true,"valueName":"search_term_string"}}],"inLanguage":"en-US"}]}},"taxonomy_info":{"product_cat":[{"value":1390,"label":"Figures"},{"value":13511,"label":"New Arrivals"}],"pa_brand":[{"value":2084,"label":"Hasbro"}],"pa_character":[{"value":4694,"label":"Mace Windu"},{"value":15440,"label":"187th Legion Clone Trooper"}],"pa_license":[{"value":1644,"label":"Star Wars"}],"pa_product-type":[{"value":2387,"label":"Figure"}],"pa_theme":[{"value":2552,"label":"The Black Series"}]},"featured_image_src_large":["https:\/\/endormoonstore.com\/wp-content\/uploads\/2025\/04\/Mace-Windu-187-Legion-Clone-Trooper-The-Black-Series-Clones-of-the-Republic-1.webp",1580,1580,false],"author_info":[],"comment_info":"","_links":{"self":[{"href":"https:\/\/endormoonstore.com\/en\/wp-json\/wp\/v2\/product\/172328","targetHints":{"allow":["GET"]}}],"collection":[{"href":"https:\/\/endormoonstore.com\/en\/wp-json\/wp\/v2\/product"}],"about":[{"href":"https:\/\/endormoonstore.com\/en\/wp-json\/wp\/v2\/types\/product"}],"wp:featuredmedia":[{"embeddable":true,"href":"https:\/\/endormoonstore.com\/en\/wp-json\/wp\/v2\/media\/172309"}],"wp:attachment":[{"href":"https:\/\/endormoonstore.com\/en\/wp-json\/wp\/v2\/media?parent=172328"}],"wp:term":[{"taxonomy":"product_cat","embeddable":true,"href":"https:\/\/endormoonstore.com\/en\/wp-json\/wp\/v2\/product_cat?post=172328"},{"taxonomy":"product_tag","embeddable":true,"href":"https:\/\/endormoonstore.com\/en\/wp-json\/wp\/v2\/product_tag?post=172328"}],"curies":[{"name":"wp","href":"https:\/\/api.w.org\/{rel}","templated":true}]}}