{"id":172305,"date":"2025-04-12T00:40:47","date_gmt":"2025-04-11T22:40:47","guid":{"rendered":"https:\/\/endormoonstore.com\/c-3po-b1-battle-droid-body-super-battle-droid-the-black-series-star-wars-epidode-ii\/"},"modified":"2025-08-28T19:28:12","modified_gmt":"2025-08-28T17:28:12","slug":"c-3po-b1-battle-droid-body-super-battle-droid-the-black-series-star-wars-epidode-ii","status":"publish","type":"product","link":"https:\/\/endormoonstore.com\/en\/c-3po-b1-battle-droid-body-super-battle-droid-the-black-series-star-wars-epidode-ii\/","title":{"rendered":"C-3PO (B1 Battle Droid Body) &#038; Super Battle Droid The Black Series Star Wars Epidode II"},"content":{"rendered":"<h4 class=\"p1\"><strong>C-3PO (B1 Battle Droid Body) &amp; Super Battle Droid The Black Series Star Wars Epidode II<\/strong><\/h4>\n<ul>\n<li>Fabricada por Hasbro, este set de figuras de acci\u00f3n est\u00e1 inspirado en &#8220;Star Wars: El Ataque de los Clones (Star Wars: Episode II &#8211; Attack of the Clones)&#8221;. Ideal para coleccionistas y fan\u00e1ticos de 4 a\u00f1os en adelante, estas figuras de 15 cm (6 pulgadas) son imprescindibles en cualquier colecci\u00f3n de Star Wars.<\/li>\n<li>Dise\u00f1o y Articulaci\u00f3n Premium:\u00a0Exhibe a C-3PO y al Super Battle Droid con detalles meticulosos y un dise\u00f1o premium que destaca en cualquier estante. Adem\u00e1s, C-3PO lleva solo la cabeza, mientras que su cuerpo es el de un droide de batalla B1, recordando la ic\u00f3nica Batalla de Geonosis. Las figuras cuentan con alta articulaci\u00f3n y precisi\u00f3n cinematogr\u00e1fica, permitiendo poses din\u00e1micas y realistas.<\/li>\n<li>Accesorios Inspirados en los Personajes:\u00a0Cada figura viene con un accesorio inspirado en el entretenimiento, ofreciendo m\u00faltiples opciones de exhibici\u00f3n. Adem\u00e1s, puedes combinar estas figuras con otras de la serie Star Wars Black Series para ampliar tu colecci\u00f3n a proporciones gal\u00e1cticas (se venden por separado, sujeto a disponibilidad).<\/li>\n<li>Un Desastre en Medio de la Batalla: Cuando C-3PO pierde la cabeza en una f\u00e1brica de droides separatistas, es reemplazada por la de un droide de batalla, lo que genera confusi\u00f3n en el coliseo durante la Batalla de Geonosis. Esta escena ic\u00f3nica se captura perfectamente en este set de figuras.\u00a0Por lo tanto, no dejes pasar la oportunidad de tener a C-3PO y al Super Battle Droid en tu colecci\u00f3n.\u00a0\u00a1Hazte\u00a0con este set y revive las \u00e9picas batallas de Star Wars!\u00a0\u00bfEst\u00e1s\u00a0listo para la acci\u00f3n?<\/li>\n<\/ul>\n<h4><strong>Sobre Hasbro y su l\u00ednea de productos Star Wars<\/strong><\/h4>\n<p class=\"p1\">Hasbro es una empresa l\u00edder en la fabricaci\u00f3n de productos de entretenimiento y coleccionables. Su l\u00ednea de productos <a href=\"https:\/\/endormoonstore.com\/licencia\/star-wars\/\"><span class=\"s2\"><b>Star Wars<\/b><\/span><\/a> incluye:<\/p>\n<ul class=\"ul1\">\n<li class=\"li1\"><span class=\"s1\"><a href=\"https:\/\/endormoonstore.com\/tematica\/the-black-series\/\"><span class=\"s3\"><b>The Black Series<\/b><\/span><\/a><\/span>: Esta colecci\u00f3n incluye figuras de acci\u00f3n de 6 pulgadas (aproximadamente 15 cm), cascos a escala 1:1 y sables de luz Force FX. Los productos de esta l\u00ednea est\u00e1n dise\u00f1ados con detalles premium y m\u00faltiples puntos de articulaci\u00f3n. Son ideales para coleccionistas y fans de todas las edades. Adem\u00e1s, The Black Series destaca por su alta calidad y precisi\u00f3n en la representaci\u00f3n de personajes y objetos del universo Star Wars.<\/li>\n<li class=\"li1\"><span class=\"s1\"><a href=\"https:\/\/endormoonstore.com\/tematica\/the-vintage-collection\/\"><span class=\"s3\"><b>The Vintage Collection<\/b>:<\/span><\/a><\/span> Esta l\u00ednea presenta figuras de 3.75 pulgadas (aproximadamente 9,5 cm) con detalles y dise\u00f1o inspirados en la l\u00ednea original de juguetes de Kenner. Igualmente, incluye veh\u00edculos y dioramas altamente detallados que evocan la nostalgia de los fans de Star Wars. The Vintage Collection destaca por su fidelidad a los dise\u00f1os cl\u00e1sicos y su capacidad para capturar la esencia de la saga original.<\/li>\n<li class=\"li1\"><a href=\"https:\/\/endormoonstore.com\/tematica\/retro-collection\/\"><span class=\"s3\"><b>The Retro Collection<\/b>:<\/span><\/a> Esta l\u00ednea recrea las figuras originales de Star Wars de los a\u00f1os 70 y 80, con un dise\u00f1o y detalles inspirados en los juguetes de Kenner de esa \u00e9poca. Las figuras de 3.75 pulgadas (aproximadamente 9,5 cm) tienen 5 puntos de articulaci\u00f3n y son muy populares entre los que buscan un toque de nostalgia.<\/li>\n<\/ul>\n","protected":false},"excerpt":{"rendered":"<h4 class=\"p1\"><strong>C-3PO (B1 Battle Droid Body) &amp; Super Battle Droid The Black Series Star Wars Epidode II<\/strong><\/h4>\n<p>Fabricada por Hasbro, este set de figuras de acci\u00f3n est\u00e1 inspirado en &#8220;Star Wars: El Ataque de los Clones (Star Wars: Episode II &#8211; Attack of the Clones)&#8221;. Ideal para coleccionistas y fan\u00e1ticos de 4 a\u00f1os en adelante, estas figuras de 15 cm (6 pulgadas) son imprescindibles en cualquier colecci\u00f3n de Star Wars.<\/p>\n","protected":false},"featured_media":172278,"template":"","meta":{"_acf_changed":false,"_kad_blocks_custom_css":"","_kad_blocks_head_custom_js":"","_kad_blocks_body_custom_js":"","_kad_blocks_footer_custom_js":""},"product_cat":[1390,13511],"product_tag":[],"class_list":{"0":"post-172305","1":"product","2":"type-product","3":"status-publish","4":"has-post-thumbnail","6":"product_cat-figures","7":"product_cat-new-arrivals","8":"pa_brand-hasbro-en","9":"pa_character-c-3po-en","10":"pa_character-super-battle-droid-en","11":"pa_episode-star-wars-attack-of-the-clones","12":"pa_license-star-wars-en","13":"pa_product-type-figure","14":"pa_theme-the-black-series-en","16":"first","17":"outofstock","18":"taxable","19":"shipping-taxable","20":"purchasable","21":"product-type-simple"},"acf":[],"yoast_head":"<!-- This site is optimized with the Yoast SEO plugin v26.1.1 - https:\/\/yoast.com\/wordpress\/plugins\/seo\/ -->\n<title>C-3PO (B1 Battle Droid Body) &amp; Super Battle Droid The Black Series Star Wars Epidode II - EndormoonStore<\/title>\n<meta name=\"description\" content=\"Set de figuras de acci\u00f3n de C-3PO y Super Battle Droid Star Wars. Incluye accesorios y empaque coleccionable. Ideal para fan\u00e1ticos.\" \/>\n<meta name=\"robots\" content=\"index, follow, max-snippet:-1, max-image-preview:large, max-video-preview:-1\" \/>\n<link rel=\"canonical\" href=\"https:\/\/endormoonstore.com\/en\/c-3po-b1-battle-droid-body-super-battle-droid-the-black-series-star-wars-epidode-ii\/\" \/>\n<meta property=\"og:locale\" content=\"en_US\" \/>\n<meta property=\"og:type\" content=\"article\" \/>\n<meta property=\"og:title\" content=\"C-3PO (B1 Battle Droid Body) &amp; Super Battle Droid The Black Series Star Wars Epidode II - EndormoonStore\" \/>\n<meta property=\"og:description\" content=\"Set de figuras de acci\u00f3n de C-3PO y Super Battle Droid Star Wars. Incluye accesorios y empaque coleccionable. Ideal para fan\u00e1ticos.\" \/>\n<meta property=\"og:url\" content=\"https:\/\/endormoonstore.com\/en\/c-3po-b1-battle-droid-body-super-battle-droid-the-black-series-star-wars-epidode-ii\/\" \/>\n<meta property=\"og:site_name\" content=\"EndormoonStore\" \/>\n<meta property=\"article:modified_time\" content=\"2025-08-28T17:28:12+00:00\" \/>\n<meta property=\"og:image\" content=\"https:\/\/endormoonstore.com\/wp-content\/uploads\/2025\/04\/C-3PO-B1-Battle-Droid-Body-Super-Battle-Droid-The-Black-Series-Star-Wars-Epidode-II-1.webp\" \/>\n\t<meta property=\"og:image:width\" content=\"1580\" \/>\n\t<meta property=\"og:image:height\" content=\"1580\" \/>\n\t<meta property=\"og:image:type\" content=\"image\/webp\" \/>\n<meta name=\"twitter:card\" content=\"summary_large_image\" \/>\n<meta name=\"twitter:label1\" content=\"Est. reading time\" \/>\n\t<meta name=\"twitter:data1\" content=\"3 minutes\" \/>\n<script type=\"application\/ld+json\" class=\"yoast-schema-graph\">{\"@context\":\"https:\/\/schema.org\",\"@graph\":[{\"@type\":\"WebPage\",\"@id\":\"https:\/\/endormoonstore.com\/en\/c-3po-b1-battle-droid-body-super-battle-droid-the-black-series-star-wars-epidode-ii\/\",\"url\":\"https:\/\/endormoonstore.com\/en\/c-3po-b1-battle-droid-body-super-battle-droid-the-black-series-star-wars-epidode-ii\/\",\"name\":\"C-3PO (B1 Battle Droid Body) & Super Battle Droid The Black Series Star Wars Epidode II - EndormoonStore\",\"isPartOf\":{\"@id\":\"https:\/\/endormoonstore.com\/#website\"},\"primaryImageOfPage\":{\"@id\":\"https:\/\/endormoonstore.com\/en\/c-3po-b1-battle-droid-body-super-battle-droid-the-black-series-star-wars-epidode-ii\/#primaryimage\"},\"image\":{\"@id\":\"https:\/\/endormoonstore.com\/en\/c-3po-b1-battle-droid-body-super-battle-droid-the-black-series-star-wars-epidode-ii\/#primaryimage\"},\"thumbnailUrl\":\"https:\/\/endormoonstore.com\/wp-content\/uploads\/2025\/04\/C-3PO-B1-Battle-Droid-Body-Super-Battle-Droid-The-Black-Series-Star-Wars-Epidode-II-1.webp\",\"datePublished\":\"2025-04-11T22:40:47+00:00\",\"dateModified\":\"2025-08-28T17:28:12+00:00\",\"description\":\"Set de figuras de acci\u00f3n de C-3PO y Super Battle Droid Star Wars. Incluye accesorios y empaque coleccionable. Ideal para fan\u00e1ticos.\",\"breadcrumb\":{\"@id\":\"https:\/\/endormoonstore.com\/en\/c-3po-b1-battle-droid-body-super-battle-droid-the-black-series-star-wars-epidode-ii\/#breadcrumb\"},\"inLanguage\":\"en-US\",\"potentialAction\":[{\"@type\":\"ReadAction\",\"target\":[\"https:\/\/endormoonstore.com\/en\/c-3po-b1-battle-droid-body-super-battle-droid-the-black-series-star-wars-epidode-ii\/\"]}]},{\"@type\":\"ImageObject\",\"inLanguage\":\"en-US\",\"@id\":\"https:\/\/endormoonstore.com\/en\/c-3po-b1-battle-droid-body-super-battle-droid-the-black-series-star-wars-epidode-ii\/#primaryimage\",\"url\":\"https:\/\/endormoonstore.com\/wp-content\/uploads\/2025\/04\/C-3PO-B1-Battle-Droid-Body-Super-Battle-Droid-The-Black-Series-Star-Wars-Epidode-II-1.webp\",\"contentUrl\":\"https:\/\/endormoonstore.com\/wp-content\/uploads\/2025\/04\/C-3PO-B1-Battle-Droid-Body-Super-Battle-Droid-The-Black-Series-Star-Wars-Epidode-II-1.webp\",\"width\":1580,\"height\":1580,\"caption\":\"C-3PO y Super Battle Droid The Black Series.\"},{\"@type\":\"BreadcrumbList\",\"@id\":\"https:\/\/endormoonstore.com\/en\/c-3po-b1-battle-droid-body-super-battle-droid-the-black-series-star-wars-epidode-ii\/#breadcrumb\",\"itemListElement\":[{\"@type\":\"ListItem\",\"position\":1,\"name\":\"Shop\",\"item\":\"https:\/\/endormoonstore.com\/en\/shop\/\"},{\"@type\":\"ListItem\",\"position\":2,\"name\":\"C-3PO (B1 Battle Droid Body) &#038; Super Battle Droid The Black Series Star Wars Epidode II\"}]},{\"@type\":\"WebSite\",\"@id\":\"https:\/\/endormoonstore.com\/#website\",\"url\":\"https:\/\/endormoonstore.com\/\",\"name\":\"EndormoonStore\",\"description\":\"\",\"potentialAction\":[{\"@type\":\"SearchAction\",\"target\":{\"@type\":\"EntryPoint\",\"urlTemplate\":\"https:\/\/endormoonstore.com\/?s={search_term_string}\"},\"query-input\":{\"@type\":\"PropertyValueSpecification\",\"valueRequired\":true,\"valueName\":\"search_term_string\"}}],\"inLanguage\":\"en-US\"}]}<\/script>\n<!-- \/ Yoast SEO plugin. -->","yoast_head_json":{"title":"C-3PO (B1 Battle Droid Body) & Super Battle Droid The Black Series Star Wars Epidode II - EndormoonStore","description":"Set de figuras de acci\u00f3n de C-3PO y Super Battle Droid Star Wars. Incluye accesorios y empaque coleccionable. Ideal para fan\u00e1ticos.","robots":{"index":"index","follow":"follow","max-snippet":"max-snippet:-1","max-image-preview":"max-image-preview:large","max-video-preview":"max-video-preview:-1"},"canonical":"https:\/\/endormoonstore.com\/en\/c-3po-b1-battle-droid-body-super-battle-droid-the-black-series-star-wars-epidode-ii\/","og_locale":"en_US","og_type":"article","og_title":"C-3PO (B1 Battle Droid Body) & Super Battle Droid The Black Series Star Wars Epidode II - EndormoonStore","og_description":"Set de figuras de acci\u00f3n de C-3PO y Super Battle Droid Star Wars. Incluye accesorios y empaque coleccionable. Ideal para fan\u00e1ticos.","og_url":"https:\/\/endormoonstore.com\/en\/c-3po-b1-battle-droid-body-super-battle-droid-the-black-series-star-wars-epidode-ii\/","og_site_name":"EndormoonStore","article_modified_time":"2025-08-28T17:28:12+00:00","og_image":[{"width":1580,"height":1580,"url":"https:\/\/endormoonstore.com\/wp-content\/uploads\/2025\/04\/C-3PO-B1-Battle-Droid-Body-Super-Battle-Droid-The-Black-Series-Star-Wars-Epidode-II-1.webp","type":"image\/webp"}],"twitter_card":"summary_large_image","twitter_misc":{"Est. reading time":"3 minutes"},"schema":{"@context":"https:\/\/schema.org","@graph":[{"@type":"WebPage","@id":"https:\/\/endormoonstore.com\/en\/c-3po-b1-battle-droid-body-super-battle-droid-the-black-series-star-wars-epidode-ii\/","url":"https:\/\/endormoonstore.com\/en\/c-3po-b1-battle-droid-body-super-battle-droid-the-black-series-star-wars-epidode-ii\/","name":"C-3PO (B1 Battle Droid Body) & Super Battle Droid The Black Series Star Wars Epidode II - EndormoonStore","isPartOf":{"@id":"https:\/\/endormoonstore.com\/#website"},"primaryImageOfPage":{"@id":"https:\/\/endormoonstore.com\/en\/c-3po-b1-battle-droid-body-super-battle-droid-the-black-series-star-wars-epidode-ii\/#primaryimage"},"image":{"@id":"https:\/\/endormoonstore.com\/en\/c-3po-b1-battle-droid-body-super-battle-droid-the-black-series-star-wars-epidode-ii\/#primaryimage"},"thumbnailUrl":"https:\/\/endormoonstore.com\/wp-content\/uploads\/2025\/04\/C-3PO-B1-Battle-Droid-Body-Super-Battle-Droid-The-Black-Series-Star-Wars-Epidode-II-1.webp","datePublished":"2025-04-11T22:40:47+00:00","dateModified":"2025-08-28T17:28:12+00:00","description":"Set de figuras de acci\u00f3n de C-3PO y Super Battle Droid Star Wars. Incluye accesorios y empaque coleccionable. Ideal para fan\u00e1ticos.","breadcrumb":{"@id":"https:\/\/endormoonstore.com\/en\/c-3po-b1-battle-droid-body-super-battle-droid-the-black-series-star-wars-epidode-ii\/#breadcrumb"},"inLanguage":"en-US","potentialAction":[{"@type":"ReadAction","target":["https:\/\/endormoonstore.com\/en\/c-3po-b1-battle-droid-body-super-battle-droid-the-black-series-star-wars-epidode-ii\/"]}]},{"@type":"ImageObject","inLanguage":"en-US","@id":"https:\/\/endormoonstore.com\/en\/c-3po-b1-battle-droid-body-super-battle-droid-the-black-series-star-wars-epidode-ii\/#primaryimage","url":"https:\/\/endormoonstore.com\/wp-content\/uploads\/2025\/04\/C-3PO-B1-Battle-Droid-Body-Super-Battle-Droid-The-Black-Series-Star-Wars-Epidode-II-1.webp","contentUrl":"https:\/\/endormoonstore.com\/wp-content\/uploads\/2025\/04\/C-3PO-B1-Battle-Droid-Body-Super-Battle-Droid-The-Black-Series-Star-Wars-Epidode-II-1.webp","width":1580,"height":1580,"caption":"C-3PO y Super Battle Droid The Black Series."},{"@type":"BreadcrumbList","@id":"https:\/\/endormoonstore.com\/en\/c-3po-b1-battle-droid-body-super-battle-droid-the-black-series-star-wars-epidode-ii\/#breadcrumb","itemListElement":[{"@type":"ListItem","position":1,"name":"Shop","item":"https:\/\/endormoonstore.com\/en\/shop\/"},{"@type":"ListItem","position":2,"name":"C-3PO (B1 Battle Droid Body) &#038; Super Battle Droid The Black Series Star Wars Epidode II"}]},{"@type":"WebSite","@id":"https:\/\/endormoonstore.com\/#website","url":"https:\/\/endormoonstore.com\/","name":"EndormoonStore","description":"","potentialAction":[{"@type":"SearchAction","target":{"@type":"EntryPoint","urlTemplate":"https:\/\/endormoonstore.com\/?s={search_term_string}"},"query-input":{"@type":"PropertyValueSpecification","valueRequired":true,"valueName":"search_term_string"}}],"inLanguage":"en-US"}]}},"taxonomy_info":{"product_cat":[{"value":1390,"label":"Figures"},{"value":13511,"label":"New Arrivals"}],"pa_brand":[{"value":2084,"label":"Hasbro"}],"pa_character":[{"value":2765,"label":"C-3PO"},{"value":14356,"label":"Super Battle Droid"}],"pa_episode":[{"value":2498,"label":"Star Wars: Attack of the Clones"}],"pa_license":[{"value":1644,"label":"Star Wars"}],"pa_product-type":[{"value":2387,"label":"Figure"}],"pa_theme":[{"value":2552,"label":"The Black Series"}]},"featured_image_src_large":["https:\/\/endormoonstore.com\/wp-content\/uploads\/2025\/04\/C-3PO-B1-Battle-Droid-Body-Super-Battle-Droid-The-Black-Series-Star-Wars-Epidode-II-1.webp",1580,1580,false],"author_info":[],"comment_info":"","_links":{"self":[{"href":"https:\/\/endormoonstore.com\/en\/wp-json\/wp\/v2\/product\/172305","targetHints":{"allow":["GET"]}}],"collection":[{"href":"https:\/\/endormoonstore.com\/en\/wp-json\/wp\/v2\/product"}],"about":[{"href":"https:\/\/endormoonstore.com\/en\/wp-json\/wp\/v2\/types\/product"}],"wp:featuredmedia":[{"embeddable":true,"href":"https:\/\/endormoonstore.com\/en\/wp-json\/wp\/v2\/media\/172278"}],"wp:attachment":[{"href":"https:\/\/endormoonstore.com\/en\/wp-json\/wp\/v2\/media?parent=172305"}],"wp:term":[{"taxonomy":"product_cat","embeddable":true,"href":"https:\/\/endormoonstore.com\/en\/wp-json\/wp\/v2\/product_cat?post=172305"},{"taxonomy":"product_tag","embeddable":true,"href":"https:\/\/endormoonstore.com\/en\/wp-json\/wp\/v2\/product_tag?post=172305"}],"curies":[{"name":"wp","href":"https:\/\/api.w.org\/{rel}","templated":true}]}}