{"id":172271,"date":"2025-04-12T00:25:12","date_gmt":"2025-04-11T22:25:12","guid":{"rendered":"https:\/\/endormoonstore.com\/wolverine-x-treme-x-men-baf-nemesis-marvel-legends-series\/"},"modified":"2025-04-13T16:06:10","modified_gmt":"2025-04-13T14:06:10","slug":"wolverine-x-treme-x-men-baf-nemesis-marvel-legends-series","status":"publish","type":"product","link":"https:\/\/endormoonstore.com\/en\/wolverine-x-treme-x-men-baf-nemesis-marvel-legends-series\/","title":{"rendered":"Wolverine X-Treme X-Men (BAF Nemesis) Marvel Legends Series"},"content":{"rendered":"<h4 class=\"p1\"><strong>Wolverine X-Treme X-Men (BAF Nemesis) Marvel Legends Series<\/strong><\/h4>\n<ul>\n<li>Fabricada por Hasbro, la figura coleccionable de Wolverine est\u00e1 inspirada en su apariencia en los c\u00f3mics X-Treme X-Men de Marvel. Esta figura premium de 15 cm de altura tiene un dise\u00f1o y decoraci\u00f3n detallados que capturan la esencia del personaje. Por lo tanto, los fan\u00e1ticos y coleccionistas exhiben esta figura con orgullo en su colecci\u00f3n, gracias a su acabado de alta calidad.<\/li>\n<li>El set Marvel Legends incluye\u00a0cuatro accesorios\u00a0inspirados en los c\u00f3mics de Marvel, entre ellos manos alternativas que permiten recrear diversas poses y escenas ic\u00f3nicas. Adem\u00e1s, con m\u00e1s de\u00a020 puntos de articulaci\u00f3n, esta figura de acci\u00f3n ofrece una articulaci\u00f3n digna de exhibici\u00f3n, permitiendo movimientos din\u00e1micos de cabeza, brazos y piernas.<\/li>\n<li>Wolverine se une al grupo de X-Treme X-Men para combatir amenazas telep\u00e1ticas y defender a su equipo de h\u00e9roes mutantes. Por consiguiente, esta figura resulta perfecta para los coleccionistas que buscan a\u00f1adir un toque de acci\u00f3n y aventura a su estante.<\/li>\n<li>\u00a1No te pierdas la oportunidad de tener a Wolverine en tu colecci\u00f3n!\u00a0\u00danete a la lucha contra las amenazas telep\u00e1ticas y defiende a los mutantes con esta figura incre\u00edblemente detallada. \u00a1Hazte con ella y lleva la acci\u00f3n de los X-Treme X-Men a tu hogar!<\/li>\n<\/ul>\n<h4><strong>Sobre Hasbro y su linea Marvel Legends Series:<\/strong><\/h4>\n<ul>\n<li><strong><a href=\"https:\/\/endormoonstore.com\/en\/hasbro-2\/\">Hasbro<\/a><\/strong> es una empresa multinacional de juguetes y entretenimiento fundada en 1923. Con sede en Pawtucket, Rhode Island, Hasbro conocida por sus marcas ic\u00f3nicas como Transformers, G.I. Joe, y My Little Pony. Adem\u00e1s de juguetes, Hasbro tambi\u00e9n produce juegos de mesa y productos de entretenimiento, y ha adquirido varias otras compa\u00f1\u00edas de juguetes a lo largo de los a\u00f1os.<\/li>\n<li>La l\u00ednea <strong><a href=\"https:\/\/endormoonstore.com\/tematica\/marvel-legends-series\/\">Marvel Legends Series<\/a> <\/strong>de Hasbro es una colecci\u00f3n de figuras de acci\u00f3n altamente detalladas y articuladas, basadas en personajes del universo Marvel. Lanza por primera vez en 2002, esta l\u00ednea ha sido popular entre coleccionistas y fan\u00e1ticos por su calidad y fidelidad a los personajes de los c\u00f3mics y pel\u00edculas. Las figuras suelen incluir accesorios intercambiables y piezas adicionales para crear poses din\u00e1micas.<\/li>\n<\/ul>\n","protected":false},"excerpt":{"rendered":"<h4 class=\"p1\"><strong>Wolverine X-Treme X-Men (BAF Nemesis) Marvel Legends Series<\/strong><\/h4>\n<p>Fabricada por Hasbro, la figura coleccionable de Wolverine est\u00e1 inspirada en su apariencia en los c\u00f3mics X-Treme X-Men de Marvel. Esta figura premium de 15 cm de altura tiene un dise\u00f1o y decoraci\u00f3n detallados que capturan la esencia del personaje. Por lo tanto, los fan\u00e1ticos y coleccionistas exhiben esta figura con orgullo en su colecci\u00f3n, gracias a su acabado de alta calidad.<\/p>\n","protected":false},"featured_media":172252,"template":"","meta":{"_acf_changed":false,"_kad_blocks_custom_css":"","_kad_blocks_head_custom_js":"","_kad_blocks_body_custom_js":"","_kad_blocks_footer_custom_js":""},"product_cat":[1390,13511],"product_tag":[],"class_list":{"0":"post-172271","1":"product","2":"type-product","3":"status-publish","4":"has-post-thumbnail","6":"product_cat-figures","7":"product_cat-new-arrivals","8":"pa_brand-hasbro-en","9":"pa_character-wolverine","10":"pa_episode-x-men-en","11":"pa_license-marvel-en","12":"pa_product-type-figure","13":"pa_theme-marvel-legends-series-en","15":"first","16":"instock","17":"taxable","18":"shipping-taxable","19":"purchasable","20":"product-type-simple"},"acf":[],"yoast_head":"<!-- This site is optimized with the Yoast SEO plugin v26.1.1 - https:\/\/yoast.com\/wordpress\/plugins\/seo\/ -->\n<title>Wolverine X-Treme X-Men (BAF Nemesis) Marvel Legends Series - EndormoonStore<\/title>\n<meta name=\"description\" content=\"Figura de acci\u00f3n Wolverine X-Treme X-Men de Hasbro, 15 cm, dise\u00f1o premium, 4 accesorios, m\u00e1s de 20 puntos de articulaci\u00f3n. Ideal para coleccionistas.\" \/>\n<meta name=\"robots\" content=\"index, follow, max-snippet:-1, max-image-preview:large, max-video-preview:-1\" \/>\n<link rel=\"canonical\" href=\"https:\/\/endormoonstore.com\/en\/wolverine-x-treme-x-men-baf-nemesis-marvel-legends-series\/\" \/>\n<meta property=\"og:locale\" content=\"en_US\" \/>\n<meta property=\"og:type\" content=\"article\" \/>\n<meta property=\"og:title\" content=\"Wolverine X-Treme X-Men (BAF Nemesis) Marvel Legends Series - EndormoonStore\" \/>\n<meta property=\"og:description\" content=\"Figura de acci\u00f3n Wolverine X-Treme X-Men de Hasbro, 15 cm, dise\u00f1o premium, 4 accesorios, m\u00e1s de 20 puntos de articulaci\u00f3n. Ideal para coleccionistas.\" \/>\n<meta property=\"og:url\" content=\"https:\/\/endormoonstore.com\/en\/wolverine-x-treme-x-men-baf-nemesis-marvel-legends-series\/\" \/>\n<meta property=\"og:site_name\" content=\"EndormoonStore\" \/>\n<meta property=\"article:modified_time\" content=\"2025-04-13T14:06:10+00:00\" \/>\n<meta property=\"og:image\" content=\"https:\/\/endormoonstore.com\/wp-content\/uploads\/2025\/04\/Wolverine-X-Treme-X-Men-BAF-Nemesis-Marvel-Legends-Series-1.webp\" \/>\n\t<meta property=\"og:image:width\" content=\"1580\" \/>\n\t<meta property=\"og:image:height\" content=\"1580\" \/>\n\t<meta property=\"og:image:type\" content=\"image\/webp\" \/>\n<meta name=\"twitter:card\" content=\"summary_large_image\" \/>\n<meta name=\"twitter:label1\" content=\"Est. reading time\" \/>\n\t<meta name=\"twitter:data1\" content=\"2 minutes\" \/>\n<script type=\"application\/ld+json\" class=\"yoast-schema-graph\">{\"@context\":\"https:\/\/schema.org\",\"@graph\":[{\"@type\":\"WebPage\",\"@id\":\"https:\/\/endormoonstore.com\/en\/wolverine-x-treme-x-men-baf-nemesis-marvel-legends-series\/\",\"url\":\"https:\/\/endormoonstore.com\/en\/wolverine-x-treme-x-men-baf-nemesis-marvel-legends-series\/\",\"name\":\"Wolverine X-Treme X-Men (BAF Nemesis) Marvel Legends Series - EndormoonStore\",\"isPartOf\":{\"@id\":\"https:\/\/endormoonstore.com\/#website\"},\"primaryImageOfPage\":{\"@id\":\"https:\/\/endormoonstore.com\/en\/wolverine-x-treme-x-men-baf-nemesis-marvel-legends-series\/#primaryimage\"},\"image\":{\"@id\":\"https:\/\/endormoonstore.com\/en\/wolverine-x-treme-x-men-baf-nemesis-marvel-legends-series\/#primaryimage\"},\"thumbnailUrl\":\"https:\/\/endormoonstore.com\/wp-content\/uploads\/2025\/04\/Wolverine-X-Treme-X-Men-BAF-Nemesis-Marvel-Legends-Series-1.webp\",\"datePublished\":\"2025-04-11T22:25:12+00:00\",\"dateModified\":\"2025-04-13T14:06:10+00:00\",\"description\":\"Figura de acci\u00f3n Wolverine X-Treme X-Men de Hasbro, 15 cm, dise\u00f1o premium, 4 accesorios, m\u00e1s de 20 puntos de articulaci\u00f3n. Ideal para coleccionistas.\",\"breadcrumb\":{\"@id\":\"https:\/\/endormoonstore.com\/en\/wolverine-x-treme-x-men-baf-nemesis-marvel-legends-series\/#breadcrumb\"},\"inLanguage\":\"en-US\",\"potentialAction\":[{\"@type\":\"ReadAction\",\"target\":[\"https:\/\/endormoonstore.com\/en\/wolverine-x-treme-x-men-baf-nemesis-marvel-legends-series\/\"]}]},{\"@type\":\"ImageObject\",\"inLanguage\":\"en-US\",\"@id\":\"https:\/\/endormoonstore.com\/en\/wolverine-x-treme-x-men-baf-nemesis-marvel-legends-series\/#primaryimage\",\"url\":\"https:\/\/endormoonstore.com\/wp-content\/uploads\/2025\/04\/Wolverine-X-Treme-X-Men-BAF-Nemesis-Marvel-Legends-Series-1.webp\",\"contentUrl\":\"https:\/\/endormoonstore.com\/wp-content\/uploads\/2025\/04\/Wolverine-X-Treme-X-Men-BAF-Nemesis-Marvel-Legends-Series-1.webp\",\"width\":1580,\"height\":1580,\"caption\":\"Wolverine X-Treme X-Men de Hasbro: Figura de acci\u00f3n de 15 cm con dise\u00f1o premium y accesorios.\"},{\"@type\":\"BreadcrumbList\",\"@id\":\"https:\/\/endormoonstore.com\/en\/wolverine-x-treme-x-men-baf-nemesis-marvel-legends-series\/#breadcrumb\",\"itemListElement\":[{\"@type\":\"ListItem\",\"position\":1,\"name\":\"Shop\",\"item\":\"https:\/\/endormoonstore.com\/en\/shop\/\"},{\"@type\":\"ListItem\",\"position\":2,\"name\":\"Wolverine X-Treme X-Men (BAF Nemesis) Marvel Legends Series\"}]},{\"@type\":\"WebSite\",\"@id\":\"https:\/\/endormoonstore.com\/#website\",\"url\":\"https:\/\/endormoonstore.com\/\",\"name\":\"EndormoonStore\",\"description\":\"\",\"potentialAction\":[{\"@type\":\"SearchAction\",\"target\":{\"@type\":\"EntryPoint\",\"urlTemplate\":\"https:\/\/endormoonstore.com\/?s={search_term_string}\"},\"query-input\":{\"@type\":\"PropertyValueSpecification\",\"valueRequired\":true,\"valueName\":\"search_term_string\"}}],\"inLanguage\":\"en-US\"}]}<\/script>\n<!-- \/ Yoast SEO plugin. -->","yoast_head_json":{"title":"Wolverine X-Treme X-Men (BAF Nemesis) Marvel Legends Series - EndormoonStore","description":"Figura de acci\u00f3n Wolverine X-Treme X-Men de Hasbro, 15 cm, dise\u00f1o premium, 4 accesorios, m\u00e1s de 20 puntos de articulaci\u00f3n. Ideal para coleccionistas.","robots":{"index":"index","follow":"follow","max-snippet":"max-snippet:-1","max-image-preview":"max-image-preview:large","max-video-preview":"max-video-preview:-1"},"canonical":"https:\/\/endormoonstore.com\/en\/wolverine-x-treme-x-men-baf-nemesis-marvel-legends-series\/","og_locale":"en_US","og_type":"article","og_title":"Wolverine X-Treme X-Men (BAF Nemesis) Marvel Legends Series - EndormoonStore","og_description":"Figura de acci\u00f3n Wolverine X-Treme X-Men de Hasbro, 15 cm, dise\u00f1o premium, 4 accesorios, m\u00e1s de 20 puntos de articulaci\u00f3n. Ideal para coleccionistas.","og_url":"https:\/\/endormoonstore.com\/en\/wolverine-x-treme-x-men-baf-nemesis-marvel-legends-series\/","og_site_name":"EndormoonStore","article_modified_time":"2025-04-13T14:06:10+00:00","og_image":[{"width":1580,"height":1580,"url":"https:\/\/endormoonstore.com\/wp-content\/uploads\/2025\/04\/Wolverine-X-Treme-X-Men-BAF-Nemesis-Marvel-Legends-Series-1.webp","type":"image\/webp"}],"twitter_card":"summary_large_image","twitter_misc":{"Est. reading time":"2 minutes"},"schema":{"@context":"https:\/\/schema.org","@graph":[{"@type":"WebPage","@id":"https:\/\/endormoonstore.com\/en\/wolverine-x-treme-x-men-baf-nemesis-marvel-legends-series\/","url":"https:\/\/endormoonstore.com\/en\/wolverine-x-treme-x-men-baf-nemesis-marvel-legends-series\/","name":"Wolverine X-Treme X-Men (BAF Nemesis) Marvel Legends Series - EndormoonStore","isPartOf":{"@id":"https:\/\/endormoonstore.com\/#website"},"primaryImageOfPage":{"@id":"https:\/\/endormoonstore.com\/en\/wolverine-x-treme-x-men-baf-nemesis-marvel-legends-series\/#primaryimage"},"image":{"@id":"https:\/\/endormoonstore.com\/en\/wolverine-x-treme-x-men-baf-nemesis-marvel-legends-series\/#primaryimage"},"thumbnailUrl":"https:\/\/endormoonstore.com\/wp-content\/uploads\/2025\/04\/Wolverine-X-Treme-X-Men-BAF-Nemesis-Marvel-Legends-Series-1.webp","datePublished":"2025-04-11T22:25:12+00:00","dateModified":"2025-04-13T14:06:10+00:00","description":"Figura de acci\u00f3n Wolverine X-Treme X-Men de Hasbro, 15 cm, dise\u00f1o premium, 4 accesorios, m\u00e1s de 20 puntos de articulaci\u00f3n. Ideal para coleccionistas.","breadcrumb":{"@id":"https:\/\/endormoonstore.com\/en\/wolverine-x-treme-x-men-baf-nemesis-marvel-legends-series\/#breadcrumb"},"inLanguage":"en-US","potentialAction":[{"@type":"ReadAction","target":["https:\/\/endormoonstore.com\/en\/wolverine-x-treme-x-men-baf-nemesis-marvel-legends-series\/"]}]},{"@type":"ImageObject","inLanguage":"en-US","@id":"https:\/\/endormoonstore.com\/en\/wolverine-x-treme-x-men-baf-nemesis-marvel-legends-series\/#primaryimage","url":"https:\/\/endormoonstore.com\/wp-content\/uploads\/2025\/04\/Wolverine-X-Treme-X-Men-BAF-Nemesis-Marvel-Legends-Series-1.webp","contentUrl":"https:\/\/endormoonstore.com\/wp-content\/uploads\/2025\/04\/Wolverine-X-Treme-X-Men-BAF-Nemesis-Marvel-Legends-Series-1.webp","width":1580,"height":1580,"caption":"Wolverine X-Treme X-Men de Hasbro: Figura de acci\u00f3n de 15 cm con dise\u00f1o premium y accesorios."},{"@type":"BreadcrumbList","@id":"https:\/\/endormoonstore.com\/en\/wolverine-x-treme-x-men-baf-nemesis-marvel-legends-series\/#breadcrumb","itemListElement":[{"@type":"ListItem","position":1,"name":"Shop","item":"https:\/\/endormoonstore.com\/en\/shop\/"},{"@type":"ListItem","position":2,"name":"Wolverine X-Treme X-Men (BAF Nemesis) Marvel Legends Series"}]},{"@type":"WebSite","@id":"https:\/\/endormoonstore.com\/#website","url":"https:\/\/endormoonstore.com\/","name":"EndormoonStore","description":"","potentialAction":[{"@type":"SearchAction","target":{"@type":"EntryPoint","urlTemplate":"https:\/\/endormoonstore.com\/?s={search_term_string}"},"query-input":{"@type":"PropertyValueSpecification","valueRequired":true,"valueName":"search_term_string"}}],"inLanguage":"en-US"}]}},"taxonomy_info":{"product_cat":[{"value":1390,"label":"Figures"},{"value":13511,"label":"New Arrivals"}],"pa_brand":[{"value":2084,"label":"Hasbro"}],"pa_character":[{"value":2423,"label":"Wolverine"}],"pa_episode":[{"value":15324,"label":"X-Men"}],"pa_license":[{"value":1642,"label":"Marvel"}],"pa_product-type":[{"value":2387,"label":"Figure"}],"pa_theme":[{"value":2071,"label":"Marvel Legends Series"}]},"featured_image_src_large":["https:\/\/endormoonstore.com\/wp-content\/uploads\/2025\/04\/Wolverine-X-Treme-X-Men-BAF-Nemesis-Marvel-Legends-Series-1.webp",1580,1580,false],"author_info":[],"comment_info":"","_links":{"self":[{"href":"https:\/\/endormoonstore.com\/en\/wp-json\/wp\/v2\/product\/172271","targetHints":{"allow":["GET"]}}],"collection":[{"href":"https:\/\/endormoonstore.com\/en\/wp-json\/wp\/v2\/product"}],"about":[{"href":"https:\/\/endormoonstore.com\/en\/wp-json\/wp\/v2\/types\/product"}],"wp:featuredmedia":[{"embeddable":true,"href":"https:\/\/endormoonstore.com\/en\/wp-json\/wp\/v2\/media\/172252"}],"wp:attachment":[{"href":"https:\/\/endormoonstore.com\/en\/wp-json\/wp\/v2\/media?parent=172271"}],"wp:term":[{"taxonomy":"product_cat","embeddable":true,"href":"https:\/\/endormoonstore.com\/en\/wp-json\/wp\/v2\/product_cat?post=172271"},{"taxonomy":"product_tag","embeddable":true,"href":"https:\/\/endormoonstore.com\/en\/wp-json\/wp\/v2\/product_tag?post=172271"}],"curies":[{"name":"wp","href":"https:\/\/api.w.org\/{rel}","templated":true}]}}