{"id":171751,"date":"2025-04-03T03:10:03","date_gmt":"2025-04-03T01:10:03","guid":{"rendered":"https:\/\/endormoonstore.com\/figure-multipack-retro-collection-star-wars-return-of-the-jedi\/"},"modified":"2025-04-04T13:42:33","modified_gmt":"2025-04-04T11:42:33","slug":"figure-multipack-retro-collection-star-wars-return-of-the-jedi","status":"publish","type":"product","link":"https:\/\/endormoonstore.com\/en\/figure-multipack-retro-collection-star-wars-return-of-the-jedi\/","title":{"rendered":"Figure Multipack Retro Collection Star Wars Return of the Jedi"},"content":{"rendered":"<h4 class=\"p1\"><strong>Figure Multipack Retro Collection Star Wars Return of the Jedi<\/strong><\/h4>\n<ul>\n<li>Fabricada por Hasbro, esta colecci\u00f3n de figuras es parte de la prestigiosa l\u00ednea Star Wars Retro Collection.\u00a0Inspirada en la pel\u00edcula Star Wars: El Retorno del Jedi, esta serie permite a ni\u00f1os y coleccionistas imaginar las batallas y misiones m\u00e1s grandes de la saga. Con exquisitas caracter\u00edsticas y decoraci\u00f3n, estas figuras encarnan la calidad y el realismo que los devotos de Star Wars adoran.<\/li>\n<li>Dise\u00f1o y detalles retro:\u00a0Las figuras de 3.75 pulgadas (aproximadamente 9,5 cm) est\u00e1n detalladas para parecerse a los personajes del Almirante Ackbar, Wicket W. Warrick, Mon Mothma, la Guardia Real del Emperador, la Guardia Gamorreana y Yak Face. Adem\u00e1s, el dise\u00f1o y los detalles est\u00e1n inspirados en las figuras de Star Wars de la d\u00e9cada de 1970, presentando la marca cl\u00e1sica de Kenner y un empaque con aspecto desgastado.<\/li>\n<li>Accesorios inspirados en el entretenimiento:\u00a0Este multipack incluye seis figuras y siete accesorios, como armas y elementos caracter\u00edsticos de los personajes. Con cinco puntos de articulaci\u00f3n, estas figuras coleccionables son ideales para exhibir en colecciones de figuras de acci\u00f3n y veh\u00edculos.<\/li>\n<li>Revive la saga:\u00a0Los fan\u00e1ticos y coleccionistas pueden imaginar escenas \u00e9picas de la galaxia de Star Wars con estos juguetes premium. Por lo tanto, la colecci\u00f3n Star Wars Retro es una gran adici\u00f3n a cualquier colecci\u00f3n de Star Wars, celebrando m\u00e1s de 40 a\u00f1os de legado en la galaxia.<\/li>\n<li>\u00a1No pierdas la oportunidad de a\u00f1adir estas figuras retro a tu colecci\u00f3n! Revive las emocionantes escenas de El Retorno del Jedi y muestra tu pasi\u00f3n por el universo Star Wars con esta colecci\u00f3n de alta calidad. \u00a1Hazla tuya hoy mismo y lleva la aventura a tu hogar!<\/li>\n<\/ul>\n<h4 class=\"p1\"><b>Sobre Figure Multipack Retro Collection<\/b><strong>\u00a0<\/strong><b>y Star Wars<\/b><\/h4>\n<ul>\n<li>Luke Skywalker lidera una misi\u00f3n para rescatar a su amigo Han Solo de las garras de Jabba el Hutt, mientras que el Emperador busca destruir la Rebeli\u00f3n de una vez por todas con una segunda y temida Estrella de la Muerte.<\/li>\n<li>Personajes incluidos:\u00a0El set incluye al Almirante Ackbar, el estratega militar de la Alianza Rebelde, famoso por su frase &#8220;\u00a1Es una trampa!&#8221;. Tambi\u00e9n est\u00e1 Wicket W. Warrick, el valiente Ewok que ayuda a la Alianza Rebelde en la batalla de Endor, y Mon Mothma, la l\u00edder de la Alianza Rebelde, conocida por su papel crucial en la lucha contra el Imperio. Adem\u00e1s, incluye a la Guardia Real del Emperador, los temidos protectores del Emperador Palpatine, vestidos con sus distintivos trajes rojos, y la Guardia Gamorreana, los robustos guardias de Jabba el Hutt, reconocibles por su apariencia porcina. Finalmente, Yak Face, un miembro de la corte de Jabba el Hutt, conocido por su distintiva apariencia alien\u00edgena.<\/li>\n<li>Star Wars: El Retorno del Jedi,\u00a0estrenada en 1983, es la tercera pel\u00edcula de la trilog\u00eda original creada por George Lucas. La historia sigue a Luke Skywalker y sus amigos mientras intentan rescatar a Han Solo y destruir la segunda Estrella de la Muerte. Con la ayuda de personajes ic\u00f3nicos como Leia Organa, Han Solo y los Ewoks, la Alianza Rebelde busca poner fin al malvado Imperio Gal\u00e1ctico.<\/li>\n<li>La pel\u00edcula es conocida por sus emocionantes batallas, efectos especiales innovadores y la m\u00fasica \u00e9pica de John Williams.\u00a0Star Wars\u00a0ha dejado una huella imborrable en la cultura popular y sigue siendo un favorito entre los fan\u00e1ticos de todas las edades. Este set de figuras es un homenaje a esa pel\u00edcula ic\u00f3nica y permite a los coleccionistas revivir la magia de\u00a0El Retorno del Jedi.<\/li>\n<\/ul>\n<h4><strong>Sobre Hasbro y su l\u00ednea de productos Star Wars<\/strong><\/h4>\n<p>Hasbro es una empresa l\u00edder en la fabricaci\u00f3n de productos de entretenimiento y coleccionables. Su l\u00ednea de productos <a href=\"https:\/\/endormoonstore.com\/licencia\/star-wars\/\"><span class=\"s2\"><b>Star Wars<\/b><\/span><\/a> incluye:<\/p>\n<ul>\n<li><span class=\"s1\"><a href=\"https:\/\/endormoonstore.com\/tematica\/the-black-series\/\"><span class=\"s3\"><b>The Black Series<\/b><\/span><\/a><\/span>: Esta colecci\u00f3n incluye figuras de acci\u00f3n de 6 pulgadas (aproximadamente 15 cm), cascos a escala 1:1 y sables de luz Force FX. Los productos de esta l\u00ednea est\u00e1n dise\u00f1ados con detalles premium y m\u00faltiples puntos de articulaci\u00f3n. Son ideales para coleccionistas y fans de todas las edades. Adem\u00e1s, The Black Series destaca por su alta calidad y precisi\u00f3n en la representaci\u00f3n de personajes y objetos del universo Star Wars.<\/li>\n<li><span class=\"s1\"><a href=\"https:\/\/endormoonstore.com\/tematica\/the-vintage-collection\/\"><span class=\"s3\"><b>The Vintage Collection<\/b>:<\/span><\/a><\/span> Esta l\u00ednea presenta figuras de 3.75 pulgadas (aproximadamente 9,5 cm) con detalles y dise\u00f1o inspirados en la l\u00ednea original de juguetes de Kenner. Igualmente, incluye veh\u00edculos y dioramas altamente detallados que evocan la nostalgia de los fans de Star Wars. The Vintage Collection destaca por su fidelidad a los dise\u00f1os cl\u00e1sicos y su capacidad para capturar la esencia de la saga original.<\/li>\n<li><span class=\"s1\"><a href=\"https:\/\/endormoonstore.com\/tematica\/retro-collection\/\"><span class=\"s3\"><b>The Retro Collection<\/b>:<\/span><\/a><\/span> Esta l\u00ednea recrea las figuras originales de Star Wars de los a\u00f1os 70 y 80, con un dise\u00f1o y detalles inspirados en los juguetes de Kenner de esa \u00e9poca. Las figuras de 3.75 pulgadas (aproximadamente 9,5 cm) tienen 5 puntos de articulaci\u00f3n y son muy populares entre los que buscan un toque de nostalgia.<\/li>\n<\/ul>\n","protected":false},"excerpt":{"rendered":"<h4 class=\"p1\"><strong>Figure Multipack Retro Collection Star Wars Return of the Jedi<\/strong><\/h4>\n<p>Fabricada por Hasbro, esta colecci\u00f3n de figuras es parte de la prestigiosa l\u00ednea Star Wars Retro Collection.\u00a0Inspirada en la pel\u00edcula Star Wars: El Retorno del Jedi, esta serie permite a ni\u00f1os y coleccionistas imaginar las batallas y misiones m\u00e1s grandes de la saga. Con exquisitas caracter\u00edsticas y decoraci\u00f3n, estas figuras encarnan la calidad y el realismo que los devotos de Star Wars adoran.<\/p>\n","protected":false},"featured_media":171692,"template":"","meta":{"_acf_changed":false,"_kad_blocks_custom_css":"","_kad_blocks_head_custom_js":"","_kad_blocks_body_custom_js":"","_kad_blocks_footer_custom_js":""},"product_cat":[1384],"product_tag":[],"class_list":{"0":"post-171751","1":"product","2":"type-product","3":"status-publish","4":"has-post-thumbnail","6":"product_cat-pre-orders","7":"pa_brand-hasbro-en","8":"pa_character-admiral-ackbar-en","9":"pa_character-emperors-royal-guard-en","10":"pa_character-wicket-en","11":"pa_character-gamorrean-guard-en","12":"pa_character-mon-mothma-en","13":"pa_character-yak-face-en","14":"pa_episode-star-wars-return-of-the-jedi","15":"pa_license-star-wars-en","16":"pa_product-type-figure","17":"pa_theme-retro-collection-en","19":"first","20":"instock","21":"taxable","22":"shipping-taxable","23":"purchasable","24":"product-type-simple"},"acf":[],"yoast_head":"<!-- This site is optimized with the Yoast SEO plugin v26.1.1 - https:\/\/yoast.com\/wordpress\/plugins\/seo\/ -->\n<title>Figure Multipack Retro Collection Star Wars Return of the Jedi - EndormoonStore<\/title>\n<meta name=\"description\" content=\"Figura Multipack Retro Collection Star Wars: El Retorno del Jedi, con personajes ic\u00f3nicos como Admiral Ackbar, Wicket W. Warrick y Mon Mothma.\" \/>\n<meta name=\"robots\" content=\"index, follow, max-snippet:-1, max-image-preview:large, max-video-preview:-1\" \/>\n<link rel=\"canonical\" href=\"https:\/\/endormoonstore.com\/en\/figure-multipack-retro-collection-star-wars-return-of-the-jedi\/\" \/>\n<meta property=\"og:locale\" content=\"en_US\" \/>\n<meta property=\"og:type\" content=\"article\" \/>\n<meta property=\"og:title\" content=\"Figure Multipack Retro Collection Star Wars Return of the Jedi - EndormoonStore\" \/>\n<meta property=\"og:description\" content=\"Figura Multipack Retro Collection Star Wars: El Retorno del Jedi, con personajes ic\u00f3nicos como Admiral Ackbar, Wicket W. Warrick y Mon Mothma.\" \/>\n<meta property=\"og:url\" content=\"https:\/\/endormoonstore.com\/en\/figure-multipack-retro-collection-star-wars-return-of-the-jedi\/\" \/>\n<meta property=\"og:site_name\" content=\"EndormoonStore\" \/>\n<meta property=\"article:modified_time\" content=\"2025-04-04T11:42:33+00:00\" \/>\n<meta property=\"og:image\" content=\"https:\/\/endormoonstore.com\/wp-content\/uploads\/2025\/04\/Figure-Multipack-Retro-Collection-Star-Wars-Return-of-the-Jedi-1.webp\" \/>\n\t<meta property=\"og:image:width\" content=\"1580\" \/>\n\t<meta property=\"og:image:height\" content=\"1580\" \/>\n\t<meta property=\"og:image:type\" content=\"image\/webp\" \/>\n<meta name=\"twitter:card\" content=\"summary_large_image\" \/>\n<meta name=\"twitter:label1\" content=\"Est. reading time\" \/>\n\t<meta name=\"twitter:data1\" content=\"4 minutes\" \/>\n<script type=\"application\/ld+json\" class=\"yoast-schema-graph\">{\"@context\":\"https:\/\/schema.org\",\"@graph\":[{\"@type\":\"WebPage\",\"@id\":\"https:\/\/endormoonstore.com\/en\/figure-multipack-retro-collection-star-wars-return-of-the-jedi\/\",\"url\":\"https:\/\/endormoonstore.com\/en\/figure-multipack-retro-collection-star-wars-return-of-the-jedi\/\",\"name\":\"Figure Multipack Retro Collection Star Wars Return of the Jedi - EndormoonStore\",\"isPartOf\":{\"@id\":\"https:\/\/endormoonstore.com\/#website\"},\"primaryImageOfPage\":{\"@id\":\"https:\/\/endormoonstore.com\/en\/figure-multipack-retro-collection-star-wars-return-of-the-jedi\/#primaryimage\"},\"image\":{\"@id\":\"https:\/\/endormoonstore.com\/en\/figure-multipack-retro-collection-star-wars-return-of-the-jedi\/#primaryimage\"},\"thumbnailUrl\":\"https:\/\/endormoonstore.com\/wp-content\/uploads\/2025\/04\/Figure-Multipack-Retro-Collection-Star-Wars-Return-of-the-Jedi-1.webp\",\"datePublished\":\"2025-04-03T01:10:03+00:00\",\"dateModified\":\"2025-04-04T11:42:33+00:00\",\"description\":\"Figura Multipack Retro Collection Star Wars: El Retorno del Jedi, con personajes ic\u00f3nicos como Admiral Ackbar, Wicket W. Warrick y Mon Mothma.\",\"breadcrumb\":{\"@id\":\"https:\/\/endormoonstore.com\/en\/figure-multipack-retro-collection-star-wars-return-of-the-jedi\/#breadcrumb\"},\"inLanguage\":\"en-US\",\"potentialAction\":[{\"@type\":\"ReadAction\",\"target\":[\"https:\/\/endormoonstore.com\/en\/figure-multipack-retro-collection-star-wars-return-of-the-jedi\/\"]}]},{\"@type\":\"ImageObject\",\"inLanguage\":\"en-US\",\"@id\":\"https:\/\/endormoonstore.com\/en\/figure-multipack-retro-collection-star-wars-return-of-the-jedi\/#primaryimage\",\"url\":\"https:\/\/endormoonstore.com\/wp-content\/uploads\/2025\/04\/Figure-Multipack-Retro-Collection-Star-Wars-Return-of-the-Jedi-1.webp\",\"contentUrl\":\"https:\/\/endormoonstore.com\/wp-content\/uploads\/2025\/04\/Figure-Multipack-Retro-Collection-Star-Wars-Return-of-the-Jedi-1.webp\",\"width\":1580,\"height\":1580,\"caption\":\"Multipack Retro Collection de Star Wars: El Retorno del Jedi, con figuras detalladas de personajes ic\u00f3nicos.\"},{\"@type\":\"BreadcrumbList\",\"@id\":\"https:\/\/endormoonstore.com\/en\/figure-multipack-retro-collection-star-wars-return-of-the-jedi\/#breadcrumb\",\"itemListElement\":[{\"@type\":\"ListItem\",\"position\":1,\"name\":\"Shop\",\"item\":\"https:\/\/endormoonstore.com\/en\/shop\/\"},{\"@type\":\"ListItem\",\"position\":2,\"name\":\"Figure Multipack Retro Collection Star Wars Return of the Jedi\"}]},{\"@type\":\"WebSite\",\"@id\":\"https:\/\/endormoonstore.com\/#website\",\"url\":\"https:\/\/endormoonstore.com\/\",\"name\":\"EndormoonStore\",\"description\":\"\",\"potentialAction\":[{\"@type\":\"SearchAction\",\"target\":{\"@type\":\"EntryPoint\",\"urlTemplate\":\"https:\/\/endormoonstore.com\/?s={search_term_string}\"},\"query-input\":{\"@type\":\"PropertyValueSpecification\",\"valueRequired\":true,\"valueName\":\"search_term_string\"}}],\"inLanguage\":\"en-US\"}]}<\/script>\n<!-- \/ Yoast SEO plugin. -->","yoast_head_json":{"title":"Figure Multipack Retro Collection Star Wars Return of the Jedi - EndormoonStore","description":"Figura Multipack Retro Collection Star Wars: El Retorno del Jedi, con personajes ic\u00f3nicos como Admiral Ackbar, Wicket W. Warrick y Mon Mothma.","robots":{"index":"index","follow":"follow","max-snippet":"max-snippet:-1","max-image-preview":"max-image-preview:large","max-video-preview":"max-video-preview:-1"},"canonical":"https:\/\/endormoonstore.com\/en\/figure-multipack-retro-collection-star-wars-return-of-the-jedi\/","og_locale":"en_US","og_type":"article","og_title":"Figure Multipack Retro Collection Star Wars Return of the Jedi - EndormoonStore","og_description":"Figura Multipack Retro Collection Star Wars: El Retorno del Jedi, con personajes ic\u00f3nicos como Admiral Ackbar, Wicket W. Warrick y Mon Mothma.","og_url":"https:\/\/endormoonstore.com\/en\/figure-multipack-retro-collection-star-wars-return-of-the-jedi\/","og_site_name":"EndormoonStore","article_modified_time":"2025-04-04T11:42:33+00:00","og_image":[{"width":1580,"height":1580,"url":"https:\/\/endormoonstore.com\/wp-content\/uploads\/2025\/04\/Figure-Multipack-Retro-Collection-Star-Wars-Return-of-the-Jedi-1.webp","type":"image\/webp"}],"twitter_card":"summary_large_image","twitter_misc":{"Est. reading time":"4 minutes"},"schema":{"@context":"https:\/\/schema.org","@graph":[{"@type":"WebPage","@id":"https:\/\/endormoonstore.com\/en\/figure-multipack-retro-collection-star-wars-return-of-the-jedi\/","url":"https:\/\/endormoonstore.com\/en\/figure-multipack-retro-collection-star-wars-return-of-the-jedi\/","name":"Figure Multipack Retro Collection Star Wars Return of the Jedi - EndormoonStore","isPartOf":{"@id":"https:\/\/endormoonstore.com\/#website"},"primaryImageOfPage":{"@id":"https:\/\/endormoonstore.com\/en\/figure-multipack-retro-collection-star-wars-return-of-the-jedi\/#primaryimage"},"image":{"@id":"https:\/\/endormoonstore.com\/en\/figure-multipack-retro-collection-star-wars-return-of-the-jedi\/#primaryimage"},"thumbnailUrl":"https:\/\/endormoonstore.com\/wp-content\/uploads\/2025\/04\/Figure-Multipack-Retro-Collection-Star-Wars-Return-of-the-Jedi-1.webp","datePublished":"2025-04-03T01:10:03+00:00","dateModified":"2025-04-04T11:42:33+00:00","description":"Figura Multipack Retro Collection Star Wars: El Retorno del Jedi, con personajes ic\u00f3nicos como Admiral Ackbar, Wicket W. Warrick y Mon Mothma.","breadcrumb":{"@id":"https:\/\/endormoonstore.com\/en\/figure-multipack-retro-collection-star-wars-return-of-the-jedi\/#breadcrumb"},"inLanguage":"en-US","potentialAction":[{"@type":"ReadAction","target":["https:\/\/endormoonstore.com\/en\/figure-multipack-retro-collection-star-wars-return-of-the-jedi\/"]}]},{"@type":"ImageObject","inLanguage":"en-US","@id":"https:\/\/endormoonstore.com\/en\/figure-multipack-retro-collection-star-wars-return-of-the-jedi\/#primaryimage","url":"https:\/\/endormoonstore.com\/wp-content\/uploads\/2025\/04\/Figure-Multipack-Retro-Collection-Star-Wars-Return-of-the-Jedi-1.webp","contentUrl":"https:\/\/endormoonstore.com\/wp-content\/uploads\/2025\/04\/Figure-Multipack-Retro-Collection-Star-Wars-Return-of-the-Jedi-1.webp","width":1580,"height":1580,"caption":"Multipack Retro Collection de Star Wars: El Retorno del Jedi, con figuras detalladas de personajes ic\u00f3nicos."},{"@type":"BreadcrumbList","@id":"https:\/\/endormoonstore.com\/en\/figure-multipack-retro-collection-star-wars-return-of-the-jedi\/#breadcrumb","itemListElement":[{"@type":"ListItem","position":1,"name":"Shop","item":"https:\/\/endormoonstore.com\/en\/shop\/"},{"@type":"ListItem","position":2,"name":"Figure Multipack Retro Collection Star Wars Return of the Jedi"}]},{"@type":"WebSite","@id":"https:\/\/endormoonstore.com\/#website","url":"https:\/\/endormoonstore.com\/","name":"EndormoonStore","description":"","potentialAction":[{"@type":"SearchAction","target":{"@type":"EntryPoint","urlTemplate":"https:\/\/endormoonstore.com\/?s={search_term_string}"},"query-input":{"@type":"PropertyValueSpecification","valueRequired":true,"valueName":"search_term_string"}}],"inLanguage":"en-US"}]}},"taxonomy_info":{"product_cat":[{"value":1384,"label":"Pre-orders"}],"pa_brand":[{"value":2084,"label":"Hasbro"}],"pa_character":[{"value":4418,"label":"Admiral Ackbar"},{"value":7332,"label":"Emperor's Royal Guard"},{"value":4748,"label":"Wicket"},{"value":13710,"label":"Gamorrean Guard"},{"value":15394,"label":"Mon Mothma"},{"value":15392,"label":"Yak Face"}],"pa_episode":[{"value":3410,"label":"Star Wars: Return of the Jedi"}],"pa_license":[{"value":1644,"label":"Star Wars"}],"pa_product-type":[{"value":2387,"label":"Figure"}],"pa_theme":[{"value":3338,"label":"Retro Collection"}]},"featured_image_src_large":["https:\/\/endormoonstore.com\/wp-content\/uploads\/2025\/04\/Figure-Multipack-Retro-Collection-Star-Wars-Return-of-the-Jedi-1.webp",1580,1580,false],"author_info":[],"comment_info":"","_links":{"self":[{"href":"https:\/\/endormoonstore.com\/en\/wp-json\/wp\/v2\/product\/171751","targetHints":{"allow":["GET"]}}],"collection":[{"href":"https:\/\/endormoonstore.com\/en\/wp-json\/wp\/v2\/product"}],"about":[{"href":"https:\/\/endormoonstore.com\/en\/wp-json\/wp\/v2\/types\/product"}],"wp:featuredmedia":[{"embeddable":true,"href":"https:\/\/endormoonstore.com\/en\/wp-json\/wp\/v2\/media\/171692"}],"wp:attachment":[{"href":"https:\/\/endormoonstore.com\/en\/wp-json\/wp\/v2\/media?parent=171751"}],"wp:term":[{"taxonomy":"product_cat","embeddable":true,"href":"https:\/\/endormoonstore.com\/en\/wp-json\/wp\/v2\/product_cat?post=171751"},{"taxonomy":"product_tag","embeddable":true,"href":"https:\/\/endormoonstore.com\/en\/wp-json\/wp\/v2\/product_tag?post=171751"}],"curies":[{"name":"wp","href":"https:\/\/api.w.org\/{rel}","templated":true}]}}