{"id":171104,"date":"2025-09-29T03:20:32","date_gmt":"2025-09-29T01:20:32","guid":{"rendered":"https:\/\/endormoonstore.com\/imperial-armored-commando-vintage-collection-star-wars-the-mandalorian\/"},"modified":"2025-03-19T23:12:21","modified_gmt":"2025-03-19T22:12:21","slug":"imperial-armored-commando-vintage-collection-star-wars-the-mandalorian","status":"publish","type":"product","link":"https:\/\/endormoonstore.com\/en\/imperial-armored-commando-vintage-collection-star-wars-the-mandalorian\/","title":{"rendered":"Imperial Armored Commando Vintage Collection Star Wars The Mandalorian"},"content":{"rendered":"<h4 class=\"p1\">Imperial Armored Commando Vintage Collection Star Wars The Mandalorian<\/h4>\n<ul>\n<li>Imperial Armored Commando: Esta figura de acci\u00f3n de 9,5 cm, fabricada por Hasbro, es parte de la serie de figuras\u00a0The Vintage Collection. Est\u00e1 inspirada en la serie de acci\u00f3n real de Disney+,\u00a0Star Wars: The Mandalorian. Por lo tanto, es un regalo ideal para coleccionistas y fan\u00e1ticos de Star Wars de 4 a\u00f1os en adelante.<\/li>\n<li>Adem\u00e1s, los fan\u00e1ticos de Star Wars pueden exhibir esta figura, que presenta una decoraci\u00f3n y dise\u00f1o premium inspirados en la serie. La figura tiene m\u00faltiples puntos de articulaci\u00f3n en la cabeza, brazos y piernas, lo que permite crear poses din\u00e1micas para exhibir.<\/li>\n<li>Asimismo, esta figura de Imperial Armored Commando viene con cinco accesorios inspirados en la serie: un escudo antidisturbios, una daga, dos bl\u00e1sters (uno largo y otro corto) y un bast\u00f3n. Adem\u00e1s, el empaque de cart\u00f3n est\u00e1 inspirado en los juguetes vintage originales de las d\u00e9cadas de 1970 y 1980, presentando la marca Kenner y un n\u00famero VC \u00fanico para coleccionar.<\/li>\n<li>\u00a1No pierdas la oportunidad de a\u00f1adir esta incre\u00edble figura de Imperial Armored Commando a tu colecci\u00f3n y revive la magia de Star Wars!<\/li>\n<\/ul>\n<h4 class=\"p1\">Sobre Imperial Armored Commando, Strar Wars y The Mandalorian.<\/h4>\n<ul>\n<li>Imperial Armored Commando es uno de los personajes m\u00e1s impresionantes de Star Wars. Estos supercomandos imperiales, protegidos por una aleaci\u00f3n de beskar, son guerreros altamente entrenados. Su armadura de soldado de \u00e9lite les otorga una apariencia intimidante y una protecci\u00f3n excepcional en combate. Aunque su historia no es tan conocida como la de otros personajes principales, su presencia es inconfundible.<\/li>\n<li>Desde su aparici\u00f3n en\u00a0Star Wars: The Mandalorian, los Imperial Armored Commandos capturan la atenci\u00f3n de los fans con su aspecto imponente y su habilidad en combate. Equipados con un escudo antidisturbios, una daga, dos bl\u00e1sters y un bast\u00f3n, estos soldados est\u00e1n listos para enfrentar cualquier amenaza. Su naturaleza agresiva y su entrenamiento riguroso los convierten en una fuerza formidable dentro del universo de Star Wars.<\/li>\n<li>Star Wars, creada por George Lucas, es una franquicia de ciencia ficci\u00f3n que ha capturado la imaginaci\u00f3n de millones desde 1977. La saga explora temas de lucha entre el bien y el mal, la redenci\u00f3n y la esperanza. Su influencia en la cultura popular es innegable.\u00a0The Mandalorian, una serie de acci\u00f3n real de Disney+, ha revitalizado el inter\u00e9s en la franquicia, introduciendo nuevos personajes y expandiendo el universo de Star Wars.<\/li>\n<\/ul>\n<h4 class=\"p1\"><b>Sobre Hasbro y su l\u00ednea de productos Star Wars<\/b><\/h4>\n<p class=\"p1\">Hasbro es una empresa l\u00edder en la fabricaci\u00f3n de productos de entretenimiento y coleccionables. Su l\u00ednea de productos <a href=\"https:\/\/endormoonstore.com\/licencia\/star-wars\/\"><span class=\"s2\"><b>Star Wars<\/b><\/span><\/a> incluye:<\/p>\n<ul>\n<li><span class=\"s1\"><a href=\"https:\/\/endormoonstore.com\/tematica\/the-black-series\/\"><span class=\"s3\"><b>The Black Series<\/b><\/span><\/a><\/span>: Esta colecci\u00f3n incluye figuras de acci\u00f3n de 6 pulgadas (aproximadamente 15 cm), cascos a escala 1:1 y sables de luz Force FX. Los productos de esta l\u00ednea est\u00e1n dise\u00f1ados con detalles premium y m\u00faltiples puntos de articulaci\u00f3n. Son ideales para coleccionistas y fans de todas las edades. Adem\u00e1s, The Black Series destaca por su alta calidad y precisi\u00f3n en la representaci\u00f3n de personajes y objetos del universo Star Wars.<\/li>\n<li><span class=\"s1\"><a href=\"https:\/\/endormoonstore.com\/tematica\/the-vintage-collection\/\"><span class=\"s3\"><b>The Vintage Collection<\/b>:<\/span><\/a><\/span> Esta l\u00ednea presenta figuras de 3.75 pulgadas (aproximadamente 9,5 cm) con detalles y dise\u00f1o inspirados en la l\u00ednea original de juguetes de Kenner. Igualmente, incluye veh\u00edculos y dioramas altamente detallados que evocan la nostalgia de los fans de Star Wars. The Vintage Collection destaca por su fidelidad a los dise\u00f1os cl\u00e1sicos y su capacidad para capturar la esencia de la saga original.<\/li>\n<li class=\"p1\"><span class=\"s1\"><a href=\"https:\/\/endormoonstore.com\/tematica\/retro-collection\/\"><span class=\"s3\"><b>The Retro Collection<\/b>:<\/span><\/a><\/span> Esta l\u00ednea recrea las figuras originales de Star Wars de los a\u00f1os 70 y 80, con un dise\u00f1o y detalles inspirados en los juguetes de Kenner de esa \u00e9poca. Las figuras de 3.75 pulgadas (aproximadamente 9,5 cm) tienen 5 puntos de articulaci\u00f3n y son muy populares entre los que buscan un toque de nostalgia.<\/li>\n<\/ul>\n","protected":false},"excerpt":{"rendered":"<h4 class=\"p1\"><strong>Imperial Armored Commando Vintage Collection Star Wars The Mandalorian<\/strong><\/h4>\n<p>Imperial Armored Commando: Esta figura de acci\u00f3n de 9,5 cm, fabricada por Hasbro, es parte de la serie de figuras\u00a0<strong>The Vintage Collection<\/strong>. Est\u00e1 inspirada en la serie de acci\u00f3n real de Disney+,\u00a0<strong>Star Wars: The Mandalorian<\/strong>. Por lo tanto, es un regalo ideal para coleccionistas y fan\u00e1ticos de Star Wars de 4 a\u00f1os en adelante.<\/p>\n","protected":false},"featured_media":171083,"template":"","meta":{"_acf_changed":false,"_kad_blocks_custom_css":"","_kad_blocks_head_custom_js":"","_kad_blocks_body_custom_js":"","_kad_blocks_footer_custom_js":""},"product_cat":[13453,1390,13511],"product_tag":[],"class_list":{"0":"post-171104","1":"product","2":"type-product","3":"status-publish","4":"has-post-thumbnail","6":"product_cat-featured","7":"product_cat-figures","8":"product_cat-new-arrivals","9":"pa_brand-hasbro-en","10":"pa_character-imperial-armored-commando-en","11":"pa_episode-the-mandalorian-en","12":"pa_license-star-wars-en","13":"pa_product-type-figure","14":"pa_theme-the-vintage-collection-en","16":"first","17":"instock","18":"taxable","19":"shipping-taxable","20":"purchasable","21":"product-type-simple"},"acf":[],"yoast_head":"<!-- This site is optimized with the Yoast SEO plugin v26.1.1 - https:\/\/yoast.com\/wordpress\/plugins\/seo\/ -->\n<title>Imperial Armored Commando Vintage Collection Star Wars The Mandalorian - EndormoonStore<\/title>\n<meta name=\"description\" content=\"Figura de acci\u00f3n Imperial Armored Commando de 9,5 cm de The Vintage Collection, inspirada en Star Wars: The Mandalorian. Ideal para coleccionistas\" \/>\n<meta name=\"robots\" content=\"index, follow, max-snippet:-1, max-image-preview:large, max-video-preview:-1\" \/>\n<link rel=\"canonical\" href=\"https:\/\/endormoonstore.com\/en\/imperial-armored-commando-vintage-collection-star-wars-the-mandalorian\/\" \/>\n<meta property=\"og:locale\" content=\"en_US\" \/>\n<meta property=\"og:type\" content=\"article\" \/>\n<meta property=\"og:title\" content=\"Imperial Armored Commando Vintage Collection Star Wars The Mandalorian - EndormoonStore\" \/>\n<meta property=\"og:description\" content=\"Figura de acci\u00f3n Imperial Armored Commando de 9,5 cm de The Vintage Collection, inspirada en Star Wars: The Mandalorian. Ideal para coleccionistas\" \/>\n<meta property=\"og:url\" content=\"https:\/\/endormoonstore.com\/en\/imperial-armored-commando-vintage-collection-star-wars-the-mandalorian\/\" \/>\n<meta property=\"og:site_name\" content=\"EndormoonStore\" \/>\n<meta property=\"og:image\" content=\"https:\/\/endormoonstore.com\/wp-content\/uploads\/2025\/03\/Imperial-Armored-Commando-Vintage-Collection-Star-Wars-The-Mandalorian-1.webp\" \/>\n\t<meta property=\"og:image:width\" content=\"1000\" \/>\n\t<meta property=\"og:image:height\" content=\"1000\" \/>\n\t<meta property=\"og:image:type\" content=\"image\/webp\" \/>\n<meta name=\"twitter:card\" content=\"summary_large_image\" \/>\n<meta name=\"twitter:label1\" content=\"Est. reading time\" \/>\n\t<meta name=\"twitter:data1\" content=\"4 minutes\" \/>\n<script type=\"application\/ld+json\" class=\"yoast-schema-graph\">{\"@context\":\"https:\/\/schema.org\",\"@graph\":[{\"@type\":\"WebPage\",\"@id\":\"https:\/\/endormoonstore.com\/en\/imperial-armored-commando-vintage-collection-star-wars-the-mandalorian\/\",\"url\":\"https:\/\/endormoonstore.com\/en\/imperial-armored-commando-vintage-collection-star-wars-the-mandalorian\/\",\"name\":\"Imperial Armored Commando Vintage Collection Star Wars The Mandalorian - EndormoonStore\",\"isPartOf\":{\"@id\":\"https:\/\/endormoonstore.com\/#website\"},\"primaryImageOfPage\":{\"@id\":\"https:\/\/endormoonstore.com\/en\/imperial-armored-commando-vintage-collection-star-wars-the-mandalorian\/#primaryimage\"},\"image\":{\"@id\":\"https:\/\/endormoonstore.com\/en\/imperial-armored-commando-vintage-collection-star-wars-the-mandalorian\/#primaryimage\"},\"thumbnailUrl\":\"https:\/\/endormoonstore.com\/wp-content\/uploads\/2025\/03\/Imperial-Armored-Commando-Vintage-Collection-Star-Wars-The-Mandalorian-1.webp\",\"datePublished\":\"2025-09-29T01:20:32+00:00\",\"description\":\"Figura de acci\u00f3n Imperial Armored Commando de 9,5 cm de The Vintage Collection, inspirada en Star Wars: The Mandalorian. Ideal para coleccionistas\",\"breadcrumb\":{\"@id\":\"https:\/\/endormoonstore.com\/en\/imperial-armored-commando-vintage-collection-star-wars-the-mandalorian\/#breadcrumb\"},\"inLanguage\":\"en-US\",\"potentialAction\":[{\"@type\":\"ReadAction\",\"target\":[\"https:\/\/endormoonstore.com\/en\/imperial-armored-commando-vintage-collection-star-wars-the-mandalorian\/\"]}]},{\"@type\":\"ImageObject\",\"inLanguage\":\"en-US\",\"@id\":\"https:\/\/endormoonstore.com\/en\/imperial-armored-commando-vintage-collection-star-wars-the-mandalorian\/#primaryimage\",\"url\":\"https:\/\/endormoonstore.com\/wp-content\/uploads\/2025\/03\/Imperial-Armored-Commando-Vintage-Collection-Star-Wars-The-Mandalorian-1.webp\",\"contentUrl\":\"https:\/\/endormoonstore.com\/wp-content\/uploads\/2025\/03\/Imperial-Armored-Commando-Vintage-Collection-Star-Wars-The-Mandalorian-1.webp\",\"width\":1000,\"height\":1000,\"caption\":\"Imperial Armored Commando: Figura de acci\u00f3n de 9,5 cm de The Vintage Collection, inspirada en Star Wars: The Mandalorian, fabricada por Hasbro, con accesorios y empaque vintage.\"},{\"@type\":\"BreadcrumbList\",\"@id\":\"https:\/\/endormoonstore.com\/en\/imperial-armored-commando-vintage-collection-star-wars-the-mandalorian\/#breadcrumb\",\"itemListElement\":[{\"@type\":\"ListItem\",\"position\":1,\"name\":\"Shop\",\"item\":\"https:\/\/endormoonstore.com\/en\/shop\/\"},{\"@type\":\"ListItem\",\"position\":2,\"name\":\"Imperial Armored Commando Vintage Collection Star Wars The Mandalorian\"}]},{\"@type\":\"WebSite\",\"@id\":\"https:\/\/endormoonstore.com\/#website\",\"url\":\"https:\/\/endormoonstore.com\/\",\"name\":\"EndormoonStore\",\"description\":\"\",\"potentialAction\":[{\"@type\":\"SearchAction\",\"target\":{\"@type\":\"EntryPoint\",\"urlTemplate\":\"https:\/\/endormoonstore.com\/?s={search_term_string}\"},\"query-input\":{\"@type\":\"PropertyValueSpecification\",\"valueRequired\":true,\"valueName\":\"search_term_string\"}}],\"inLanguage\":\"en-US\"}]}<\/script>\n<!-- \/ Yoast SEO plugin. -->","yoast_head_json":{"title":"Imperial Armored Commando Vintage Collection Star Wars The Mandalorian - EndormoonStore","description":"Figura de acci\u00f3n Imperial Armored Commando de 9,5 cm de The Vintage Collection, inspirada en Star Wars: The Mandalorian. Ideal para coleccionistas","robots":{"index":"index","follow":"follow","max-snippet":"max-snippet:-1","max-image-preview":"max-image-preview:large","max-video-preview":"max-video-preview:-1"},"canonical":"https:\/\/endormoonstore.com\/en\/imperial-armored-commando-vintage-collection-star-wars-the-mandalorian\/","og_locale":"en_US","og_type":"article","og_title":"Imperial Armored Commando Vintage Collection Star Wars The Mandalorian - EndormoonStore","og_description":"Figura de acci\u00f3n Imperial Armored Commando de 9,5 cm de The Vintage Collection, inspirada en Star Wars: The Mandalorian. Ideal para coleccionistas","og_url":"https:\/\/endormoonstore.com\/en\/imperial-armored-commando-vintage-collection-star-wars-the-mandalorian\/","og_site_name":"EndormoonStore","og_image":[{"width":1000,"height":1000,"url":"https:\/\/endormoonstore.com\/wp-content\/uploads\/2025\/03\/Imperial-Armored-Commando-Vintage-Collection-Star-Wars-The-Mandalorian-1.webp","type":"image\/webp"}],"twitter_card":"summary_large_image","twitter_misc":{"Est. reading time":"4 minutes"},"schema":{"@context":"https:\/\/schema.org","@graph":[{"@type":"WebPage","@id":"https:\/\/endormoonstore.com\/en\/imperial-armored-commando-vintage-collection-star-wars-the-mandalorian\/","url":"https:\/\/endormoonstore.com\/en\/imperial-armored-commando-vintage-collection-star-wars-the-mandalorian\/","name":"Imperial Armored Commando Vintage Collection Star Wars The Mandalorian - EndormoonStore","isPartOf":{"@id":"https:\/\/endormoonstore.com\/#website"},"primaryImageOfPage":{"@id":"https:\/\/endormoonstore.com\/en\/imperial-armored-commando-vintage-collection-star-wars-the-mandalorian\/#primaryimage"},"image":{"@id":"https:\/\/endormoonstore.com\/en\/imperial-armored-commando-vintage-collection-star-wars-the-mandalorian\/#primaryimage"},"thumbnailUrl":"https:\/\/endormoonstore.com\/wp-content\/uploads\/2025\/03\/Imperial-Armored-Commando-Vintage-Collection-Star-Wars-The-Mandalorian-1.webp","datePublished":"2025-09-29T01:20:32+00:00","description":"Figura de acci\u00f3n Imperial Armored Commando de 9,5 cm de The Vintage Collection, inspirada en Star Wars: The Mandalorian. Ideal para coleccionistas","breadcrumb":{"@id":"https:\/\/endormoonstore.com\/en\/imperial-armored-commando-vintage-collection-star-wars-the-mandalorian\/#breadcrumb"},"inLanguage":"en-US","potentialAction":[{"@type":"ReadAction","target":["https:\/\/endormoonstore.com\/en\/imperial-armored-commando-vintage-collection-star-wars-the-mandalorian\/"]}]},{"@type":"ImageObject","inLanguage":"en-US","@id":"https:\/\/endormoonstore.com\/en\/imperial-armored-commando-vintage-collection-star-wars-the-mandalorian\/#primaryimage","url":"https:\/\/endormoonstore.com\/wp-content\/uploads\/2025\/03\/Imperial-Armored-Commando-Vintage-Collection-Star-Wars-The-Mandalorian-1.webp","contentUrl":"https:\/\/endormoonstore.com\/wp-content\/uploads\/2025\/03\/Imperial-Armored-Commando-Vintage-Collection-Star-Wars-The-Mandalorian-1.webp","width":1000,"height":1000,"caption":"Imperial Armored Commando: Figura de acci\u00f3n de 9,5 cm de The Vintage Collection, inspirada en Star Wars: The Mandalorian, fabricada por Hasbro, con accesorios y empaque vintage."},{"@type":"BreadcrumbList","@id":"https:\/\/endormoonstore.com\/en\/imperial-armored-commando-vintage-collection-star-wars-the-mandalorian\/#breadcrumb","itemListElement":[{"@type":"ListItem","position":1,"name":"Shop","item":"https:\/\/endormoonstore.com\/en\/shop\/"},{"@type":"ListItem","position":2,"name":"Imperial Armored Commando Vintage Collection Star Wars The Mandalorian"}]},{"@type":"WebSite","@id":"https:\/\/endormoonstore.com\/#website","url":"https:\/\/endormoonstore.com\/","name":"EndormoonStore","description":"","potentialAction":[{"@type":"SearchAction","target":{"@type":"EntryPoint","urlTemplate":"https:\/\/endormoonstore.com\/?s={search_term_string}"},"query-input":{"@type":"PropertyValueSpecification","valueRequired":true,"valueName":"search_term_string"}}],"inLanguage":"en-US"}]}},"taxonomy_info":{"product_cat":[{"value":13453,"label":"Featured"},{"value":1390,"label":"Figures"},{"value":13511,"label":"New Arrivals"}],"pa_brand":[{"value":2084,"label":"Hasbro"}],"pa_character":[{"value":14579,"label":"Imperial Armored Commando"}],"pa_episode":[{"value":1993,"label":"The Mandalorian"}],"pa_license":[{"value":1644,"label":"Star Wars"}],"pa_product-type":[{"value":2387,"label":"Figure"}],"pa_theme":[{"value":1660,"label":"The Vintage Collection"}]},"featured_image_src_large":["https:\/\/endormoonstore.com\/wp-content\/uploads\/2025\/03\/Imperial-Armored-Commando-Vintage-Collection-Star-Wars-The-Mandalorian-1.webp",1000,1000,false],"author_info":[],"comment_info":"","_links":{"self":[{"href":"https:\/\/endormoonstore.com\/en\/wp-json\/wp\/v2\/product\/171104","targetHints":{"allow":["GET"]}}],"collection":[{"href":"https:\/\/endormoonstore.com\/en\/wp-json\/wp\/v2\/product"}],"about":[{"href":"https:\/\/endormoonstore.com\/en\/wp-json\/wp\/v2\/types\/product"}],"wp:featuredmedia":[{"embeddable":true,"href":"https:\/\/endormoonstore.com\/en\/wp-json\/wp\/v2\/media\/171083"}],"wp:attachment":[{"href":"https:\/\/endormoonstore.com\/en\/wp-json\/wp\/v2\/media?parent=171104"}],"wp:term":[{"taxonomy":"product_cat","embeddable":true,"href":"https:\/\/endormoonstore.com\/en\/wp-json\/wp\/v2\/product_cat?post=171104"},{"taxonomy":"product_tag","embeddable":true,"href":"https:\/\/endormoonstore.com\/en\/wp-json\/wp\/v2\/product_tag?post=171104"}],"curies":[{"name":"wp","href":"https:\/\/api.w.org\/{rel}","templated":true}]}}