{"id":170733,"date":"2025-03-13T05:00:18","date_gmt":"2025-03-13T01:00:18","guid":{"rendered":"https:\/\/endormoonstore.com\/conan-war-paint-edition-conan-the-barbarian-1982-one12-collective\/"},"modified":"2025-03-13T13:32:11","modified_gmt":"2025-03-13T12:32:11","slug":"conan-war-paint-edition-conan-the-barbarian-1982-one12-collective","status":"publish","type":"product","link":"https:\/\/endormoonstore.com\/en\/conan-war-paint-edition-conan-the-barbarian-1982-one12-collective\/","title":{"rendered":"Conan War Paint Edition Conan the Barbarian (1982) One:12 Collective"},"content":{"rendered":"<h4><strong>Conan War Paint Edition Conan the Barbarian (1982) One:12 Collective<\/strong><\/h4>\n<ul>\n<li>Mezco Toys presenta la edici\u00f3n War Paint de Conan, directamente del cl\u00e1sico de culto de 1982, &#8220;Conan el B\u00e1rbaro&#8221; (&#8220;Conan the Barbarian&#8221;). En esta figura, Conan se viste con su ic\u00f3nica pintura de camuflaje de guerra, listo para salvar a la hija del rey Osric de la fortaleza de Thulsa Doom en una misi\u00f3n de rescate encubierta. Conan y sus compa\u00f1eros emancipan a la hija descarriada del rey Osric de la fortaleza de Thulsa Doom en una misi\u00f3n de rescate salvajemente encubierta, pero \u00bfa qu\u00e9 costo&#8230;?<\/li>\n<li>Esta figura de la colecci\u00f3n One:12 Collective mide aproximadamente 16 cm de altura y cuenta con m\u00e1s de 28 puntos de articulaci\u00f3n, permitiendo una gran variedad de poses din\u00e1micas. Adem\u00e1s, incluye tres retratos intercambiables de Arnold Schwarzenegger, cada uno con peinados distintos, ofreciendo m\u00faltiples looks de la pel\u00edcula.<\/li>\n<li>Conan viene equipado con armas de batalla dignas de un conquistador, como la espada atlante con su vaina y una daga, ambas guardables en su cintur\u00f3n. Tambi\u00e9n incluye dos serpientes en poses est\u00e1ticas \u00fanicas y la cabeza cercenada de uno de los seguidores de Thulsa Doom, a\u00f1adiendo detalles aut\u00e9nticos a la figura.<\/li>\n<li>La pel\u00edcula &#8220;Conan el B\u00e1rbaro&#8221; sigue a Conan, un guerrero que busca venganza contra el malvado mago Thulsa Doom y su secta, quienes asesinaron a sus padres. En su camino, Conan enfrenta numerosos enemigos y forja alianzas en un mundo brutal y m\u00edtico.<\/li>\n<li>Esta figura es una pieza imprescindible para los coleccionistas y fan\u00e1ticos de Conan, capturando la esencia del personaje y su \u00e9pica historia de venganza y gloria.\u00a1No pierdas la oportunidad de tener en tus manos esta incre\u00edble figura y revive la legendaria aventura de Conan el B\u00e1rbaro!<\/li>\n<\/ul>\n<h4><strong>CARACTER\u00cdSTICAS:<\/strong><\/h4>\n<ul>\n<li>One:12 Collective. Cuerpo con m\u00e1s de 28 puntos de articulaci\u00f3n<\/li>\n<li>Tres retratos de cabeza con dos peinados intercambiables<\/li>\n<li>Detalles aut\u00e9nticos pintados a mano<\/li>\n<li>Aproximadamente 16 cm de alto<\/li>\n<li>Once manos intercambiables\n<ul>\n<li>Un par de pu\u00f1os (I&amp;D)<\/li>\n<li>Un par de manos abiertas (I&amp;D)<\/li>\n<li>Un par de manos posando (de izquierda a derecha)<\/li>\n<li>Un par de manos agarradoras (I&amp;D)<\/li>\n<li>Un par de manos sujetadas con armas (I&amp;D)<\/li>\n<li>Una mano abierta (L)<\/li>\n<\/ul>\n<\/li>\n<\/ul>\n<h4><strong>TRAJE:<\/strong><\/h4>\n<ul>\n<li>Cintur\u00f3n de imitaci\u00f3n de cuero<\/li>\n<li>Taparrabo<\/li>\n<li>Guanteletes de mu\u00f1eca<\/li>\n<li>Pantalones<\/li>\n<li>Botas<\/li>\n<\/ul>\n<h4><strong>ACCESORIOS:<\/strong><\/h4>\n<ul>\n<li>Una espada atlante<\/li>\n<li>Una vaina de espada atlante<\/li>\n<li>Una daga<\/li>\n<li>Un collar amuleto (extra\u00edble)<\/li>\n<li>Una cabeza cortada<\/li>\n<li>Dos serpientes en poses est\u00e1ticas \u00fanicas<\/li>\n<li>Una base de exhibici\u00f3n One:12 Collective con logotipo<\/li>\n<li>Un poste de exhibici\u00f3n ajustable colectivo One:12<\/li>\n<li>Cada figura de One:12 Collective Conan el B\u00e1rbaro (1982) \u2013 War Paint Edition viene empaquetada en una caja especialmente dise\u00f1ada para coleccionistas, asegurando que cada detalle se mantenga en perfectas condiciones.<\/li>\n<\/ul>\n<h4><strong>Sobre Mezco Toyz y One:12 Collectible:<\/strong><\/h4>\n<ul>\n<li><a href=\"https:\/\/endormoonstore.com\/marca\/mezco-toyz\/\">Mezco Toyz<\/a> es un fabricante l\u00edder de figuras de acci\u00f3n y coleccionables inspirados en la cultura pop, el cine y los c\u00f3mics. Entre sus l\u00edneas m\u00e1s destacadas se encuentra la serie One:12 Collective, que presenta figuras detalladas de personajes ic\u00f3nicos del cine, los c\u00f3mics y la televisi\u00f3n. Estas figuras, a escala 1\/12, cuentan con cuerpos hiperarticulados, trajes realistas de tela y una gran cantidad de accesorios.<\/li>\n<li>La serie <a href=\"https:\/\/endormoonstore.com\/tematica\/one12-collective\/\">One:12 Collective<\/a> incluye personajes de franquicias populares como Marvel, DC Universe, Star Trek y muchas m\u00e1s. Cada figura est\u00e1 dise\u00f1ada con un alto nivel de detalle y precisi\u00f3n, lo que las convierte en piezas de colecci\u00f3n muy valoradas por los aficionados. Adem\u00e1s, las figuras de One:12 Collective permiten una gran variedad de poses din\u00e1micas gracias a sus m\u00faltiples puntos de articulaci\u00f3n.<\/li>\n<li><a href=\"https:\/\/endormoonstore.com\/marca\/mezco-toyz\/\">Mezco Toyz<\/a> tambi\u00e9n ofrece otras l\u00edneas de productos destacadas. Por ejemplo, la l\u00ednea 5 Points incluye figuras retro con cinco puntos de articulaci\u00f3n. Adem\u00e1s, otras l\u00edneas como MDS Mega Scale y Static-6 presentan estilos y enfoques \u00fanicos, cada una aportando su propia personalidad al mundo de los coleccionables.<\/li>\n<li>La dedicaci\u00f3n de Mezco Toyz a la calidad y el detalle ha asegurado su lugar como uno de los fabricantes m\u00e1s respetados en el mundo de los coleccionables. La serie <a href=\"https:\/\/endormoonstore.com\/tematica\/one12-collective\/\">One:12 Collective<\/a>, en particular, ha revolucionado el mercado de figuras a escala 1\/12, ofreciendo a los coleccionistas una experiencia \u00fanica y emocionante.<\/li>\n<\/ul>\n","protected":false},"excerpt":{"rendered":"<h4><strong>Conan War Paint Edition Conan the Barbarian (1982) One:12 Collective<\/strong><\/h4>\n<p>Mezco Toys presenta la edici\u00f3n War Paint de Conan, directamente del cl\u00e1sico de culto de 1982, &#8220;Conan el B\u00e1rbaro&#8221; (&#8220;Conan the Barbarian&#8221;). En esta figura, Conan se viste con su ic\u00f3nica pintura de camuflaje de guerra, listo para salvar a la hija del rey Osric de la fortaleza de Thulsa Doom en una misi\u00f3n de rescate encubierta.<\/p>\n","protected":false},"featured_media":170719,"template":"","meta":{"_acf_changed":false,"_kad_blocks_custom_css":"","_kad_blocks_head_custom_js":"","_kad_blocks_body_custom_js":"","_kad_blocks_footer_custom_js":""},"product_cat":[13453,1384],"product_tag":[],"class_list":{"0":"post-170733","1":"product","2":"type-product","3":"status-publish","4":"has-post-thumbnail","6":"product_cat-featured","7":"product_cat-pre-orders","8":"pa_brand-mezco-toyz-en","9":"pa_character-conan-the-barbarian","10":"pa_episode-conan-the-barbarian","11":"pa_license-conan-en","12":"pa_product-type-figure","13":"pa_theme-one12-collective-en","15":"first","16":"instock","17":"taxable","18":"shipping-taxable","19":"purchasable","20":"product-type-simple"},"acf":[],"yoast_head":"<!-- This site is optimized with the Yoast SEO plugin v26.1.1 - https:\/\/yoast.com\/wordpress\/plugins\/seo\/ -->\n<title>Conan War Paint Edition Conan the Barbarian (1982) One:12 Collective - EndormoonStore<\/title>\n<meta name=\"description\" content=\"Figura de acci\u00f3n de Conan el B\u00e1rbaro (1982) \u2013 War Paint Edition de One:12 Collective, con detalles aut\u00e9nticos y accesorios intercambiables.\" \/>\n<meta name=\"robots\" content=\"index, follow, max-snippet:-1, max-image-preview:large, max-video-preview:-1\" \/>\n<link rel=\"canonical\" href=\"https:\/\/endormoonstore.com\/en\/conan-war-paint-edition-conan-the-barbarian-1982-one12-collective\/\" \/>\n<meta property=\"og:locale\" content=\"en_US\" \/>\n<meta property=\"og:type\" content=\"article\" \/>\n<meta property=\"og:title\" content=\"Conan War Paint Edition Conan the Barbarian (1982) One:12 Collective - EndormoonStore\" \/>\n<meta property=\"og:description\" content=\"Figura de acci\u00f3n de Conan el B\u00e1rbaro (1982) \u2013 War Paint Edition de One:12 Collective, con detalles aut\u00e9nticos y accesorios intercambiables.\" \/>\n<meta property=\"og:url\" content=\"https:\/\/endormoonstore.com\/en\/conan-war-paint-edition-conan-the-barbarian-1982-one12-collective\/\" \/>\n<meta property=\"og:site_name\" content=\"EndormoonStore\" \/>\n<meta property=\"article:modified_time\" content=\"2025-03-13T12:32:11+00:00\" \/>\n<meta property=\"og:image\" content=\"https:\/\/endormoonstore.com\/wp-content\/uploads\/2025\/03\/Conan-War-Paint-Edition-Conan-the-Barbarian-1982-One-12-Collective-2.webp\" \/>\n\t<meta property=\"og:image:width\" content=\"800\" \/>\n\t<meta property=\"og:image:height\" content=\"800\" \/>\n\t<meta property=\"og:image:type\" content=\"image\/webp\" \/>\n<meta name=\"twitter:card\" content=\"summary_large_image\" \/>\n<meta name=\"twitter:label1\" content=\"Est. reading time\" \/>\n\t<meta name=\"twitter:data1\" content=\"4 minutes\" \/>\n<script type=\"application\/ld+json\" class=\"yoast-schema-graph\">{\"@context\":\"https:\/\/schema.org\",\"@graph\":[{\"@type\":\"WebPage\",\"@id\":\"https:\/\/endormoonstore.com\/en\/conan-war-paint-edition-conan-the-barbarian-1982-one12-collective\/\",\"url\":\"https:\/\/endormoonstore.com\/en\/conan-war-paint-edition-conan-the-barbarian-1982-one12-collective\/\",\"name\":\"Conan War Paint Edition Conan the Barbarian (1982) One:12 Collective - EndormoonStore\",\"isPartOf\":{\"@id\":\"https:\/\/endormoonstore.com\/#website\"},\"primaryImageOfPage\":{\"@id\":\"https:\/\/endormoonstore.com\/en\/conan-war-paint-edition-conan-the-barbarian-1982-one12-collective\/#primaryimage\"},\"image\":{\"@id\":\"https:\/\/endormoonstore.com\/en\/conan-war-paint-edition-conan-the-barbarian-1982-one12-collective\/#primaryimage\"},\"thumbnailUrl\":\"https:\/\/endormoonstore.com\/wp-content\/uploads\/2025\/03\/Conan-War-Paint-Edition-Conan-the-Barbarian-1982-One-12-Collective-2.webp\",\"datePublished\":\"2025-03-13T01:00:18+00:00\",\"dateModified\":\"2025-03-13T12:32:11+00:00\",\"description\":\"Figura de acci\u00f3n de Conan el B\u00e1rbaro (1982) \u2013 War Paint Edition de One:12 Collective, con detalles aut\u00e9nticos y accesorios intercambiables.\",\"breadcrumb\":{\"@id\":\"https:\/\/endormoonstore.com\/en\/conan-war-paint-edition-conan-the-barbarian-1982-one12-collective\/#breadcrumb\"},\"inLanguage\":\"en-US\",\"potentialAction\":[{\"@type\":\"ReadAction\",\"target\":[\"https:\/\/endormoonstore.com\/en\/conan-war-paint-edition-conan-the-barbarian-1982-one12-collective\/\"]}]},{\"@type\":\"ImageObject\",\"inLanguage\":\"en-US\",\"@id\":\"https:\/\/endormoonstore.com\/en\/conan-war-paint-edition-conan-the-barbarian-1982-one12-collective\/#primaryimage\",\"url\":\"https:\/\/endormoonstore.com\/wp-content\/uploads\/2025\/03\/Conan-War-Paint-Edition-Conan-the-Barbarian-1982-One-12-Collective-2.webp\",\"contentUrl\":\"https:\/\/endormoonstore.com\/wp-content\/uploads\/2025\/03\/Conan-War-Paint-Edition-Conan-the-Barbarian-1982-One-12-Collective-2.webp\",\"width\":800,\"height\":800,\"caption\":\"Figura de acci\u00f3n de Conan el B\u00e1rbaro (1982) \u2013 War Paint Edition de One:12 Collective, con tres retratos de Arnold Schwarzenegger y m\u00faltiples accesorio.\"},{\"@type\":\"BreadcrumbList\",\"@id\":\"https:\/\/endormoonstore.com\/en\/conan-war-paint-edition-conan-the-barbarian-1982-one12-collective\/#breadcrumb\",\"itemListElement\":[{\"@type\":\"ListItem\",\"position\":1,\"name\":\"Shop\",\"item\":\"https:\/\/endormoonstore.com\/en\/shop\/\"},{\"@type\":\"ListItem\",\"position\":2,\"name\":\"Conan War Paint Edition Conan the Barbarian (1982) One:12 Collective\"}]},{\"@type\":\"WebSite\",\"@id\":\"https:\/\/endormoonstore.com\/#website\",\"url\":\"https:\/\/endormoonstore.com\/\",\"name\":\"EndormoonStore\",\"description\":\"\",\"potentialAction\":[{\"@type\":\"SearchAction\",\"target\":{\"@type\":\"EntryPoint\",\"urlTemplate\":\"https:\/\/endormoonstore.com\/?s={search_term_string}\"},\"query-input\":{\"@type\":\"PropertyValueSpecification\",\"valueRequired\":true,\"valueName\":\"search_term_string\"}}],\"inLanguage\":\"en-US\"}]}<\/script>\n<!-- \/ Yoast SEO plugin. -->","yoast_head_json":{"title":"Conan War Paint Edition Conan the Barbarian (1982) One:12 Collective - EndormoonStore","description":"Figura de acci\u00f3n de Conan el B\u00e1rbaro (1982) \u2013 War Paint Edition de One:12 Collective, con detalles aut\u00e9nticos y accesorios intercambiables.","robots":{"index":"index","follow":"follow","max-snippet":"max-snippet:-1","max-image-preview":"max-image-preview:large","max-video-preview":"max-video-preview:-1"},"canonical":"https:\/\/endormoonstore.com\/en\/conan-war-paint-edition-conan-the-barbarian-1982-one12-collective\/","og_locale":"en_US","og_type":"article","og_title":"Conan War Paint Edition Conan the Barbarian (1982) One:12 Collective - EndormoonStore","og_description":"Figura de acci\u00f3n de Conan el B\u00e1rbaro (1982) \u2013 War Paint Edition de One:12 Collective, con detalles aut\u00e9nticos y accesorios intercambiables.","og_url":"https:\/\/endormoonstore.com\/en\/conan-war-paint-edition-conan-the-barbarian-1982-one12-collective\/","og_site_name":"EndormoonStore","article_modified_time":"2025-03-13T12:32:11+00:00","og_image":[{"width":800,"height":800,"url":"https:\/\/endormoonstore.com\/wp-content\/uploads\/2025\/03\/Conan-War-Paint-Edition-Conan-the-Barbarian-1982-One-12-Collective-2.webp","type":"image\/webp"}],"twitter_card":"summary_large_image","twitter_misc":{"Est. reading time":"4 minutes"},"schema":{"@context":"https:\/\/schema.org","@graph":[{"@type":"WebPage","@id":"https:\/\/endormoonstore.com\/en\/conan-war-paint-edition-conan-the-barbarian-1982-one12-collective\/","url":"https:\/\/endormoonstore.com\/en\/conan-war-paint-edition-conan-the-barbarian-1982-one12-collective\/","name":"Conan War Paint Edition Conan the Barbarian (1982) One:12 Collective - EndormoonStore","isPartOf":{"@id":"https:\/\/endormoonstore.com\/#website"},"primaryImageOfPage":{"@id":"https:\/\/endormoonstore.com\/en\/conan-war-paint-edition-conan-the-barbarian-1982-one12-collective\/#primaryimage"},"image":{"@id":"https:\/\/endormoonstore.com\/en\/conan-war-paint-edition-conan-the-barbarian-1982-one12-collective\/#primaryimage"},"thumbnailUrl":"https:\/\/endormoonstore.com\/wp-content\/uploads\/2025\/03\/Conan-War-Paint-Edition-Conan-the-Barbarian-1982-One-12-Collective-2.webp","datePublished":"2025-03-13T01:00:18+00:00","dateModified":"2025-03-13T12:32:11+00:00","description":"Figura de acci\u00f3n de Conan el B\u00e1rbaro (1982) \u2013 War Paint Edition de One:12 Collective, con detalles aut\u00e9nticos y accesorios intercambiables.","breadcrumb":{"@id":"https:\/\/endormoonstore.com\/en\/conan-war-paint-edition-conan-the-barbarian-1982-one12-collective\/#breadcrumb"},"inLanguage":"en-US","potentialAction":[{"@type":"ReadAction","target":["https:\/\/endormoonstore.com\/en\/conan-war-paint-edition-conan-the-barbarian-1982-one12-collective\/"]}]},{"@type":"ImageObject","inLanguage":"en-US","@id":"https:\/\/endormoonstore.com\/en\/conan-war-paint-edition-conan-the-barbarian-1982-one12-collective\/#primaryimage","url":"https:\/\/endormoonstore.com\/wp-content\/uploads\/2025\/03\/Conan-War-Paint-Edition-Conan-the-Barbarian-1982-One-12-Collective-2.webp","contentUrl":"https:\/\/endormoonstore.com\/wp-content\/uploads\/2025\/03\/Conan-War-Paint-Edition-Conan-the-Barbarian-1982-One-12-Collective-2.webp","width":800,"height":800,"caption":"Figura de acci\u00f3n de Conan el B\u00e1rbaro (1982) \u2013 War Paint Edition de One:12 Collective, con tres retratos de Arnold Schwarzenegger y m\u00faltiples accesorio."},{"@type":"BreadcrumbList","@id":"https:\/\/endormoonstore.com\/en\/conan-war-paint-edition-conan-the-barbarian-1982-one12-collective\/#breadcrumb","itemListElement":[{"@type":"ListItem","position":1,"name":"Shop","item":"https:\/\/endormoonstore.com\/en\/shop\/"},{"@type":"ListItem","position":2,"name":"Conan War Paint Edition Conan the Barbarian (1982) One:12 Collective"}]},{"@type":"WebSite","@id":"https:\/\/endormoonstore.com\/#website","url":"https:\/\/endormoonstore.com\/","name":"EndormoonStore","description":"","potentialAction":[{"@type":"SearchAction","target":{"@type":"EntryPoint","urlTemplate":"https:\/\/endormoonstore.com\/?s={search_term_string}"},"query-input":{"@type":"PropertyValueSpecification","valueRequired":true,"valueName":"search_term_string"}}],"inLanguage":"en-US"}]}},"taxonomy_info":{"product_cat":[{"value":13453,"label":"Featured"},{"value":1384,"label":"Pre-orders"}],"pa_brand":[{"value":1638,"label":"Mezco Toyz"}],"pa_character":[{"value":4619,"label":"Conan The Barbarian"}],"pa_episode":[{"value":15344,"label":"Conan The Barbarian"}],"pa_license":[{"value":4613,"label":"Conan"}],"pa_product-type":[{"value":2387,"label":"Figure"}],"pa_theme":[{"value":1885,"label":"One:12 Collective"}]},"featured_image_src_large":["https:\/\/endormoonstore.com\/wp-content\/uploads\/2025\/03\/Conan-War-Paint-Edition-Conan-the-Barbarian-1982-One-12-Collective-2.webp",800,800,false],"author_info":[],"comment_info":"","_links":{"self":[{"href":"https:\/\/endormoonstore.com\/en\/wp-json\/wp\/v2\/product\/170733","targetHints":{"allow":["GET"]}}],"collection":[{"href":"https:\/\/endormoonstore.com\/en\/wp-json\/wp\/v2\/product"}],"about":[{"href":"https:\/\/endormoonstore.com\/en\/wp-json\/wp\/v2\/types\/product"}],"wp:featuredmedia":[{"embeddable":true,"href":"https:\/\/endormoonstore.com\/en\/wp-json\/wp\/v2\/media\/170719"}],"wp:attachment":[{"href":"https:\/\/endormoonstore.com\/en\/wp-json\/wp\/v2\/media?parent=170733"}],"wp:term":[{"taxonomy":"product_cat","embeddable":true,"href":"https:\/\/endormoonstore.com\/en\/wp-json\/wp\/v2\/product_cat?post=170733"},{"taxonomy":"product_tag","embeddable":true,"href":"https:\/\/endormoonstore.com\/en\/wp-json\/wp\/v2\/product_tag?post=170733"}],"curies":[{"name":"wp","href":"https:\/\/api.w.org\/{rel}","templated":true}]}}