{"id":170372,"date":"2025-11-01T08:05:38","date_gmt":"2025-11-01T07:05:38","guid":{"rendered":"https:\/\/endormoonstore.com\/wednesday-nevermore-academy-uniform-living-dead-dolls\/"},"modified":"2026-03-28T20:27:08","modified_gmt":"2026-03-28T19:27:08","slug":"wednesday-nevermore-academy-uniform-living-dead-dolls","status":"publish","type":"product","link":"https:\/\/endormoonstore.com\/en\/wednesday-nevermore-academy-uniform-living-dead-dolls\/","title":{"rendered":"Wednesday Nevermore Academy Uniform LDD Presents"},"content":{"rendered":"<h4 class=\"p1\"><strong>Wednesday Nevermore Academy Uniform LDD Presents<\/strong><\/h4>\n<ul>\n<li>Wednesday Addams, directamente desde los pasillos de Nevermore Academy, regresa a la colecci\u00f3n LDD Presents. Con un ingenio tan seco como un cad\u00e1ver centenario y un vestuario tan oscuro como su sentido del humor, Wednesday navega por los misterios de su nueva escuela y los horrores de la interacci\u00f3n social.\u201cNo entierro hachas, las afilo\u201d.<\/li>\n<li>Wednesday pasea por los pasillos con una mirada inexpresiva m\u00e1s aguda que una guillotina. Adem\u00e1s, est\u00e1 vestida con un blazer de rayas con el escudo de Nevermore Academy, una camisa con cuello y corbata, un su\u00e9ter y una falda de rayas a juego.<\/li>\n<li>LDD presenta a Wednesday: el uniforme de Nevermore Academy mide aproximadamente 25,5 cm de alto y tiene 5 puntos de articulaci\u00f3n. Asimismo, viene en una caja con ventana, perfecta para exhibir.<\/li>\n<li>Esta figura captura la esencia de Wednesday Addams, una joven con un sentido del humor oscuro y una inteligencia aguda. Por lo tanto, su car\u00e1cter \u00fanico y su estilo inconfundible la convierten en una pieza imprescindible para cualquier coleccionista.<\/li>\n<li>\u00a1No te pierdas la oportunidad de a\u00f1adir a Wednesday Addams a tu colecci\u00f3n! Haz clic en &#8220;Comprar ahora&#8221; y lleva a casa un pedazo de Nevermore Academy.<\/li>\n<\/ul>\n<h4><strong>Sobre Wednesday Addams y la serie &#8220;Wednesday&#8221;:\u00a0<\/strong><\/h4>\n<ul>\n<li>Wednesday Addams es la hija de la famosa familia Addams, conocida por su personalidad oscura y su ingenio mordaz. La serie &#8220;Wednesday&#8221; de Netflix sigue sus a\u00f1os como estudiante en Nevermore Academy, donde intenta dominar sus habilidades ps\u00edquicas emergentes, frustrar una serie de asesinatos y resolver el misterio que envolvi\u00f3 a sus padres. La serie ha sido un \u00e9xito rotundo, con Jenna Ortega interpretando a Wednesday y capturando la atenci\u00f3n de los fans con su actuaci\u00f3n impresionante.<\/li>\n<\/ul>\n<h4 data-section-id=\"1t262ik\" data-start=\"4402\" data-end=\"4442\"><strong>Sobre Mezco Toyz y la l\u00ednea LDD Presents<\/strong><\/h4>\n<p><strong><a href=\"https:\/\/endormoonstore.com\/en\/brand\/mezco-toyz-en\/\">Mezco Toyz <\/a><\/strong>es uno de los fabricantes m\u00e1s reconocidos dentro del mundo de las figuras de acci\u00f3n y coleccionables inspirados en el cine, los c\u00f3mics y la cultura pop. La compa\u00f1\u00eda se ha caracterizado por combinar reinterpretaciones creativas con versiones fieles a los dise\u00f1os originales, trabajando distintas l\u00edneas que van desde figuras articuladas de estilo cl\u00e1sico hasta colecciones m\u00e1s detalladas pensadas para el coleccionista adulto.<\/p>\n<p>Dentro de su cat\u00e1logo, la l\u00ednea <a href=\"https:\/\/endormoonstore.com\/en\/theme\/ldd-presents-en\/\"><strong data-start=\"1174\" data-end=\"1219\">Living Dead Dolls Presents (LDD Presents)<\/strong><\/a> ocupa un lugar muy particular, ya que adapta personajes ic\u00f3nicos del terror, la fantas\u00eda y la ciencia ficci\u00f3n al estilo caracter\u00edstico de las Living Dead Dolls, manteniendo proporciones estilizadas, vestuario en tela y una est\u00e9tica oscura muy marcada. Estas figuras conservan la identidad de los personajes originales, pero al mismo tiempo se integran dentro del lenguaje visual propio de la colecci\u00f3n, creando piezas con mucha personalidad y un fuerte car\u00e1cter atmosf\u00e9rico.<\/p>\n","protected":false},"excerpt":{"rendered":"<h4 class=\"p1\"><strong>Wednesday Nevermore Academy Uniform Living Dead Dolls<\/strong><\/h4>\n<p>Wednesday Addams, directamente desde los pasillos de Nevermore Academy, regresa a la colecci\u00f3n LDD Presents. Con un ingenio tan seco como un cad\u00e1ver centenario y un vestuario tan oscuro como su sentido del humor, Wednesday navega por los misterios de su nueva escuela y los horrores de la interacci\u00f3n social. \u201cNo entierro hachas, las afilo\u201d.<\/p>\n","protected":false},"featured_media":170360,"template":"","meta":{"_acf_changed":false,"_kad_blocks_custom_css":"","_kad_blocks_head_custom_js":"","_kad_blocks_body_custom_js":"","_kad_blocks_footer_custom_js":""},"product_cat":[13453,1390,13511],"product_tag":[],"class_list":{"0":"post-170372","1":"product","2":"type-product","3":"status-publish","4":"has-post-thumbnail","6":"product_cat-featured","7":"product_cat-figures","8":"product_cat-new-arrivals","9":"pa_brand-mezco-toyz-en","10":"pa_character-wednesday-addams-en","11":"pa_license-wednesday-en","12":"pa_product-type-figure","13":"pa_theme-ldd-presents-en","15":"first","16":"instock","17":"taxable","18":"shipping-taxable","19":"purchasable","20":"product-type-simple"},"acf":[],"yoast_head":"<!-- This site is optimized with the Yoast SEO plugin v26.1.1 - https:\/\/yoast.com\/wordpress\/plugins\/seo\/ -->\n<title>Wednesday Nevermore Academy Uniform LDD Presents - EndormoonStore<\/title>\n<meta name=\"description\" content=\"Figura de Wednesday Addams con uniforme de Nevermore Academy, parte de Living Dead Dolls de Mezco Toyz. Mide 25 cm y viene en caja con ventana.\" \/>\n<meta name=\"robots\" content=\"index, follow, max-snippet:-1, max-image-preview:large, max-video-preview:-1\" \/>\n<link rel=\"canonical\" href=\"https:\/\/endormoonstore.com\/en\/wednesday-nevermore-academy-uniform-living-dead-dolls\/\" \/>\n<meta property=\"og:locale\" content=\"en_US\" \/>\n<meta property=\"og:type\" content=\"article\" \/>\n<meta property=\"og:title\" content=\"Wednesday Nevermore Academy Uniform LDD Presents - EndormoonStore\" \/>\n<meta property=\"og:description\" content=\"Figura de Wednesday Addams con uniforme de Nevermore Academy, parte de Living Dead Dolls de Mezco Toyz. Mide 25 cm y viene en caja con ventana.\" \/>\n<meta property=\"og:url\" content=\"https:\/\/endormoonstore.com\/en\/wednesday-nevermore-academy-uniform-living-dead-dolls\/\" \/>\n<meta property=\"og:site_name\" content=\"EndormoonStore\" \/>\n<meta property=\"article:modified_time\" content=\"2026-03-28T19:27:08+00:00\" \/>\n<meta property=\"og:image\" content=\"https:\/\/endormoonstore.com\/wp-content\/uploads\/2025\/03\/Wednesday-Nevermore-Academy-Uniform-Living-Dead-Dolls-1.webp\" \/>\n\t<meta property=\"og:image:width\" content=\"800\" \/>\n\t<meta property=\"og:image:height\" content=\"800\" \/>\n\t<meta property=\"og:image:type\" content=\"image\/webp\" \/>\n<meta name=\"twitter:card\" content=\"summary_large_image\" \/>\n<meta name=\"twitter:label1\" content=\"Est. reading time\" \/>\n\t<meta name=\"twitter:data1\" content=\"3 minutes\" \/>\n<script type=\"application\/ld+json\" class=\"yoast-schema-graph\">{\"@context\":\"https:\/\/schema.org\",\"@graph\":[{\"@type\":\"WebPage\",\"@id\":\"https:\/\/endormoonstore.com\/en\/wednesday-nevermore-academy-uniform-living-dead-dolls\/\",\"url\":\"https:\/\/endormoonstore.com\/en\/wednesday-nevermore-academy-uniform-living-dead-dolls\/\",\"name\":\"Wednesday Nevermore Academy Uniform LDD Presents - EndormoonStore\",\"isPartOf\":{\"@id\":\"https:\/\/endormoonstore.com\/#website\"},\"primaryImageOfPage\":{\"@id\":\"https:\/\/endormoonstore.com\/en\/wednesday-nevermore-academy-uniform-living-dead-dolls\/#primaryimage\"},\"image\":{\"@id\":\"https:\/\/endormoonstore.com\/en\/wednesday-nevermore-academy-uniform-living-dead-dolls\/#primaryimage\"},\"thumbnailUrl\":\"https:\/\/endormoonstore.com\/wp-content\/uploads\/2025\/03\/Wednesday-Nevermore-Academy-Uniform-Living-Dead-Dolls-1.webp\",\"datePublished\":\"2025-11-01T07:05:38+00:00\",\"dateModified\":\"2026-03-28T19:27:08+00:00\",\"description\":\"Figura de Wednesday Addams con uniforme de Nevermore Academy, parte de Living Dead Dolls de Mezco Toyz. Mide 25 cm y viene en caja con ventana.\",\"breadcrumb\":{\"@id\":\"https:\/\/endormoonstore.com\/en\/wednesday-nevermore-academy-uniform-living-dead-dolls\/#breadcrumb\"},\"inLanguage\":\"en-US\",\"potentialAction\":[{\"@type\":\"ReadAction\",\"target\":[\"https:\/\/endormoonstore.com\/en\/wednesday-nevermore-academy-uniform-living-dead-dolls\/\"]}]},{\"@type\":\"ImageObject\",\"inLanguage\":\"en-US\",\"@id\":\"https:\/\/endormoonstore.com\/en\/wednesday-nevermore-academy-uniform-living-dead-dolls\/#primaryimage\",\"url\":\"https:\/\/endormoonstore.com\/wp-content\/uploads\/2025\/03\/Wednesday-Nevermore-Academy-Uniform-Living-Dead-Dolls-1.webp\",\"contentUrl\":\"https:\/\/endormoonstore.com\/wp-content\/uploads\/2025\/03\/Wednesday-Nevermore-Academy-Uniform-Living-Dead-Dolls-1.webp\",\"width\":800,\"height\":800,\"caption\":\"Figura de Wednesday Addams con uniforme de la Nevermore Academy - Living Dead Dolls de Mezco Toyz.\"},{\"@type\":\"BreadcrumbList\",\"@id\":\"https:\/\/endormoonstore.com\/en\/wednesday-nevermore-academy-uniform-living-dead-dolls\/#breadcrumb\",\"itemListElement\":[{\"@type\":\"ListItem\",\"position\":1,\"name\":\"Shop\",\"item\":\"https:\/\/endormoonstore.com\/en\/shop\/\"},{\"@type\":\"ListItem\",\"position\":2,\"name\":\"Wednesday Nevermore Academy Uniform LDD Presents\"}]},{\"@type\":\"WebSite\",\"@id\":\"https:\/\/endormoonstore.com\/#website\",\"url\":\"https:\/\/endormoonstore.com\/\",\"name\":\"EndormoonStore\",\"description\":\"\",\"potentialAction\":[{\"@type\":\"SearchAction\",\"target\":{\"@type\":\"EntryPoint\",\"urlTemplate\":\"https:\/\/endormoonstore.com\/?s={search_term_string}\"},\"query-input\":{\"@type\":\"PropertyValueSpecification\",\"valueRequired\":true,\"valueName\":\"search_term_string\"}}],\"inLanguage\":\"en-US\"}]}<\/script>\n<!-- \/ Yoast SEO plugin. -->","yoast_head_json":{"title":"Wednesday Nevermore Academy Uniform LDD Presents - EndormoonStore","description":"Figura de Wednesday Addams con uniforme de Nevermore Academy, parte de Living Dead Dolls de Mezco Toyz. Mide 25 cm y viene en caja con ventana.","robots":{"index":"index","follow":"follow","max-snippet":"max-snippet:-1","max-image-preview":"max-image-preview:large","max-video-preview":"max-video-preview:-1"},"canonical":"https:\/\/endormoonstore.com\/en\/wednesday-nevermore-academy-uniform-living-dead-dolls\/","og_locale":"en_US","og_type":"article","og_title":"Wednesday Nevermore Academy Uniform LDD Presents - EndormoonStore","og_description":"Figura de Wednesday Addams con uniforme de Nevermore Academy, parte de Living Dead Dolls de Mezco Toyz. Mide 25 cm y viene en caja con ventana.","og_url":"https:\/\/endormoonstore.com\/en\/wednesday-nevermore-academy-uniform-living-dead-dolls\/","og_site_name":"EndormoonStore","article_modified_time":"2026-03-28T19:27:08+00:00","og_image":[{"width":800,"height":800,"url":"https:\/\/endormoonstore.com\/wp-content\/uploads\/2025\/03\/Wednesday-Nevermore-Academy-Uniform-Living-Dead-Dolls-1.webp","type":"image\/webp"}],"twitter_card":"summary_large_image","twitter_misc":{"Est. reading time":"3 minutes"},"schema":{"@context":"https:\/\/schema.org","@graph":[{"@type":"WebPage","@id":"https:\/\/endormoonstore.com\/en\/wednesday-nevermore-academy-uniform-living-dead-dolls\/","url":"https:\/\/endormoonstore.com\/en\/wednesday-nevermore-academy-uniform-living-dead-dolls\/","name":"Wednesday Nevermore Academy Uniform LDD Presents - EndormoonStore","isPartOf":{"@id":"https:\/\/endormoonstore.com\/#website"},"primaryImageOfPage":{"@id":"https:\/\/endormoonstore.com\/en\/wednesday-nevermore-academy-uniform-living-dead-dolls\/#primaryimage"},"image":{"@id":"https:\/\/endormoonstore.com\/en\/wednesday-nevermore-academy-uniform-living-dead-dolls\/#primaryimage"},"thumbnailUrl":"https:\/\/endormoonstore.com\/wp-content\/uploads\/2025\/03\/Wednesday-Nevermore-Academy-Uniform-Living-Dead-Dolls-1.webp","datePublished":"2025-11-01T07:05:38+00:00","dateModified":"2026-03-28T19:27:08+00:00","description":"Figura de Wednesday Addams con uniforme de Nevermore Academy, parte de Living Dead Dolls de Mezco Toyz. Mide 25 cm y viene en caja con ventana.","breadcrumb":{"@id":"https:\/\/endormoonstore.com\/en\/wednesday-nevermore-academy-uniform-living-dead-dolls\/#breadcrumb"},"inLanguage":"en-US","potentialAction":[{"@type":"ReadAction","target":["https:\/\/endormoonstore.com\/en\/wednesday-nevermore-academy-uniform-living-dead-dolls\/"]}]},{"@type":"ImageObject","inLanguage":"en-US","@id":"https:\/\/endormoonstore.com\/en\/wednesday-nevermore-academy-uniform-living-dead-dolls\/#primaryimage","url":"https:\/\/endormoonstore.com\/wp-content\/uploads\/2025\/03\/Wednesday-Nevermore-Academy-Uniform-Living-Dead-Dolls-1.webp","contentUrl":"https:\/\/endormoonstore.com\/wp-content\/uploads\/2025\/03\/Wednesday-Nevermore-Academy-Uniform-Living-Dead-Dolls-1.webp","width":800,"height":800,"caption":"Figura de Wednesday Addams con uniforme de la Nevermore Academy - Living Dead Dolls de Mezco Toyz."},{"@type":"BreadcrumbList","@id":"https:\/\/endormoonstore.com\/en\/wednesday-nevermore-academy-uniform-living-dead-dolls\/#breadcrumb","itemListElement":[{"@type":"ListItem","position":1,"name":"Shop","item":"https:\/\/endormoonstore.com\/en\/shop\/"},{"@type":"ListItem","position":2,"name":"Wednesday Nevermore Academy Uniform LDD Presents"}]},{"@type":"WebSite","@id":"https:\/\/endormoonstore.com\/#website","url":"https:\/\/endormoonstore.com\/","name":"EndormoonStore","description":"","potentialAction":[{"@type":"SearchAction","target":{"@type":"EntryPoint","urlTemplate":"https:\/\/endormoonstore.com\/?s={search_term_string}"},"query-input":{"@type":"PropertyValueSpecification","valueRequired":true,"valueName":"search_term_string"}}],"inLanguage":"en-US"}]}},"taxonomy_info":{"product_cat":[{"value":13453,"label":"Featured"},{"value":1390,"label":"Figures"},{"value":13511,"label":"New Arrivals"}],"pa_brand":[{"value":1638,"label":"Mezco Toyz"}],"pa_character":[{"value":13396,"label":"Wednesday Addams"}],"pa_license":[{"value":13398,"label":"Wednesday"}],"pa_product-type":[{"value":2387,"label":"Figure"}],"pa_theme":[{"value":4811,"label":"LDD Presents"}]},"featured_image_src_large":["https:\/\/endormoonstore.com\/wp-content\/uploads\/2025\/03\/Wednesday-Nevermore-Academy-Uniform-Living-Dead-Dolls-1.webp",800,800,false],"author_info":[],"comment_info":"","_links":{"self":[{"href":"https:\/\/endormoonstore.com\/en\/wp-json\/wp\/v2\/product\/170372","targetHints":{"allow":["GET"]}}],"collection":[{"href":"https:\/\/endormoonstore.com\/en\/wp-json\/wp\/v2\/product"}],"about":[{"href":"https:\/\/endormoonstore.com\/en\/wp-json\/wp\/v2\/types\/product"}],"wp:featuredmedia":[{"embeddable":true,"href":"https:\/\/endormoonstore.com\/en\/wp-json\/wp\/v2\/media\/170360"}],"wp:attachment":[{"href":"https:\/\/endormoonstore.com\/en\/wp-json\/wp\/v2\/media?parent=170372"}],"wp:term":[{"taxonomy":"product_cat","embeddable":true,"href":"https:\/\/endormoonstore.com\/en\/wp-json\/wp\/v2\/product_cat?post=170372"},{"taxonomy":"product_tag","embeddable":true,"href":"https:\/\/endormoonstore.com\/en\/wp-json\/wp\/v2\/product_tag?post=170372"}],"curies":[{"name":"wp","href":"https:\/\/api.w.org\/{rel}","templated":true}]}}