{"id":169992,"date":"2025-05-29T01:00:36","date_gmt":"2025-05-28T23:00:36","guid":{"rendered":"https:\/\/endormoonstore.com\/miles-morales-boricua-suit-spider-man-2-marvel-legends-series\/"},"modified":"2025-06-17T15:06:53","modified_gmt":"2025-06-17T13:06:53","slug":"miles-morales-boricua-suit-spider-man-2-marvel-legends-series","status":"publish","type":"product","link":"https:\/\/endormoonstore.com\/en\/miles-morales-boricua-suit-spider-man-2-marvel-legends-series\/","title":{"rendered":"Miles Morales Boricua Suit Spider-Man 2 Marvel Legends Series"},"content":{"rendered":"<h4 data-sourcepos=\"9:1-9:84\"><strong>Miles Morales Boricua Suit: \u00a1El H\u00e9roe de Nueva York con Estilo en Marvel Legends!<\/strong><\/h4>\n<ul>\n<li data-sourcepos=\"11:1-11:551\">\u00a1Trae la emoci\u00f3n y el estilo \u00fanico del videojuego <em>Marvel&#8217;s Spider-Man 2<\/em> a tu colecci\u00f3n con la figura Miles Morales Boricua Suit de Hasbro Marvel Legends! Esta figura coleccionable de 15 cm (6 pulgadas) ha sido detallada, de hecho, para lucir exactamente como el personaje en su ic\u00f3nico traje Boricua, desbloqueable en el aclamado videojuego. Miles Morales Boricua Suit se lanza al combate, por consiguiente, para salvar Nueva York de m\u00faltiples amenazas, tanto terrenales como de otro mundo. \u00bfQu\u00e9 sacrificios deber\u00e1 hacer para sanar el mundo?<\/li>\n<li data-sourcepos=\"13:1-13:640\">Esta figura de Miles Morales, completamente articulada con un dise\u00f1o premium, cuenta, asimismo, con m\u00e1s de 20 puntos de articulaci\u00f3n. Presenta, adem\u00e1s, cabeza, brazos y piernas totalmente poseables. Esto permite, sin duda, crear poses din\u00e1micas y recrear sus movimientos de telara\u00f1a m\u00e1s \u00e1giles. Su dise\u00f1o y decoraci\u00f3n, inspirados fielmente en el juego, garantizan, por lo tanto, una representaci\u00f3n aut\u00e9ntica. El set oficial de Hasbro Marvel Legends incluye 5 accesorios inspirados en el videojuego. Entre ellos, encontrar\u00e1s, por ejemplo, dos pares de manos alternativas para lanzar telara\u00f1as y un accesorio de telara\u00f1a para poses de acci\u00f3n.<\/li>\n<li data-sourcepos=\"15:1-15:401\">Fabricada con materiales de alta calidad, esta figura garantiza durabilidad. Es perfecta, de igual modo, tanto para exhibirla en su caja con ventana como para liberarla y posarla en tus estantes. A\u00f1ade esta figura premium a tu colecci\u00f3n de Marvel Gamerverse-inspired Marvel Legends Series y figuras de Spider-Man. Recuerda que las dem\u00e1s figuras se venden por separado y est\u00e1n sujetas a disponibilidad.<\/li>\n<li data-sourcepos=\"17:1-17:221\">\u00a1No dejes escapar esta oportunidad! \u00danete a Miles Morales en su misi\u00f3n para proteger la ciudad. Finalmente, \u00a1consigue la figura Miles Morales Boricua Suit hoy mismo y lleva la acci\u00f3n de <em>Spider-Man 2<\/em> a tu estanter\u00eda!<\/li>\n<\/ul>\n<h4><strong>Sobre Hasbro y su linea Marvel Legends Series:<\/strong><\/h4>\n<ul>\n<li><strong><a href=\"\/?product_brand=hasbro\">Hasbro<\/a><\/strong> es una empresa multinacional de juguetes y entretenimiento fundada en 1923. Con sede en Pawtucket, Rhode Island, Hasbro conocida por sus marcas ic\u00f3nicas como Transformers, G.I. Joe, y My Little Pony. Adem\u00e1s de juguetes, Hasbro tambi\u00e9n produce juegos de mesa y productos de entretenimiento, y ha adquirido varias otras compa\u00f1\u00edas de juguetes a lo largo de los a\u00f1os.<\/li>\n<li>La l\u00ednea <strong><a href=\"https:\/\/endormoonstore.com\/tematica\/marvel-legends-series\/\">Marvel Legends Series<\/a> <\/strong>de Hasbro es una colecci\u00f3n de figuras de acci\u00f3n altamente detalladas y articuladas, basadas en personajes del universo Marvel. Lanza por primera vez en 2002, esta l\u00ednea ha sido popular entre coleccionistas y fan\u00e1ticos por su calidad y fidelidad a los personajes de los c\u00f3mics y pel\u00edculas. Las figuras suelen incluir accesorios intercambiables y piezas adicionales para crear poses din\u00e1micas.<\/li>\n<\/ul>\n","protected":false},"excerpt":{"rendered":"<h4 data-sourcepos=\"9:1-9:84\"><strong>Miles Morales Boricua Suit: \u00a1El H\u00e9roe de Nueva York con Estilo en Marvel Legends!<\/strong><\/h4>\n<p>\u00a1Trae la emoci\u00f3n y el estilo \u00fanico del videojuego <em>Marvel&#8217;s Spider-Man 2<\/em> a tu colecci\u00f3n con la figura Miles Morales Boricua Suit de Hasbro Marvel Legends! Esta figura coleccionable de 15 cm (6 pulgadas) ha sido detallada, de hecho, para lucir exactamente como el personaje en su ic\u00f3nico traje Boricua, desbloqueable en el aclamado videojuego.<\/p>\n","protected":false},"featured_media":169972,"template":"","meta":{"_acf_changed":false,"_kad_blocks_custom_css":"","_kad_blocks_head_custom_js":"","_kad_blocks_body_custom_js":"","_kad_blocks_footer_custom_js":""},"product_cat":[1390,13511],"product_tag":[],"class_list":{"0":"post-169992","1":"product","2":"type-product","3":"status-publish","4":"has-post-thumbnail","6":"product_cat-figures","7":"product_cat-new-arrivals","8":"pa_brand-hasbro-en","9":"pa_character-miles-morales-en","10":"pa_license-marvel-en","11":"pa_product-type-figure","12":"pa_theme-marvel-legends-series-en","14":"first","15":"instock","16":"taxable","17":"shipping-taxable","18":"purchasable","19":"product-type-simple"},"acf":[],"yoast_head":"<!-- This site is optimized with the Yoast SEO plugin v26.1.1 - https:\/\/yoast.com\/wordpress\/plugins\/seo\/ -->\n<title>Miles Morales Boricua Suit Spider-Man 2 Marvel Legends Series - EndormoonStore<\/title>\n<meta name=\"description\" content=\"Figura Miles Morales Boricua Suit Marvel Legends de Spider-Man 2. Detalles premium, m\u00e1s de 20 puntos de articulaci\u00f3n. \u00a1Colecciona al h\u00e9roe de New York!\" \/>\n<meta name=\"robots\" content=\"index, follow, max-snippet:-1, max-image-preview:large, max-video-preview:-1\" \/>\n<link rel=\"canonical\" href=\"https:\/\/endormoonstore.com\/en\/miles-morales-boricua-suit-spider-man-2-marvel-legends-series\/\" \/>\n<meta property=\"og:locale\" content=\"en_US\" \/>\n<meta property=\"og:type\" content=\"article\" \/>\n<meta property=\"og:title\" content=\"Miles Morales Boricua Suit Spider-Man 2 Marvel Legends Series - EndormoonStore\" \/>\n<meta property=\"og:description\" content=\"Figura Miles Morales Boricua Suit Marvel Legends de Spider-Man 2. Detalles premium, m\u00e1s de 20 puntos de articulaci\u00f3n. \u00a1Colecciona al h\u00e9roe de New York!\" \/>\n<meta property=\"og:url\" content=\"https:\/\/endormoonstore.com\/en\/miles-morales-boricua-suit-spider-man-2-marvel-legends-series\/\" \/>\n<meta property=\"og:site_name\" content=\"EndormoonStore\" \/>\n<meta property=\"article:modified_time\" content=\"2025-06-17T13:06:53+00:00\" \/>\n<meta property=\"og:image\" content=\"https:\/\/endormoonstore.com\/wp-content\/uploads\/2025\/02\/Miles-Morales-Boricua-Suit-Spider-Man-2-Marvel-Legends-Series-1.webp\" \/>\n\t<meta property=\"og:image:width\" content=\"1000\" \/>\n\t<meta property=\"og:image:height\" content=\"1000\" \/>\n\t<meta property=\"og:image:type\" content=\"image\/webp\" \/>\n<meta name=\"twitter:card\" content=\"summary_large_image\" \/>\n<meta name=\"twitter:label1\" content=\"Est. reading time\" \/>\n\t<meta name=\"twitter:data1\" content=\"3 minutes\" \/>\n<script type=\"application\/ld+json\" class=\"yoast-schema-graph\">{\"@context\":\"https:\/\/schema.org\",\"@graph\":[{\"@type\":\"WebPage\",\"@id\":\"https:\/\/endormoonstore.com\/en\/miles-morales-boricua-suit-spider-man-2-marvel-legends-series\/\",\"url\":\"https:\/\/endormoonstore.com\/en\/miles-morales-boricua-suit-spider-man-2-marvel-legends-series\/\",\"name\":\"Miles Morales Boricua Suit Spider-Man 2 Marvel Legends Series - EndormoonStore\",\"isPartOf\":{\"@id\":\"https:\/\/endormoonstore.com\/#website\"},\"primaryImageOfPage\":{\"@id\":\"https:\/\/endormoonstore.com\/en\/miles-morales-boricua-suit-spider-man-2-marvel-legends-series\/#primaryimage\"},\"image\":{\"@id\":\"https:\/\/endormoonstore.com\/en\/miles-morales-boricua-suit-spider-man-2-marvel-legends-series\/#primaryimage\"},\"thumbnailUrl\":\"https:\/\/endormoonstore.com\/wp-content\/uploads\/2025\/02\/Miles-Morales-Boricua-Suit-Spider-Man-2-Marvel-Legends-Series-1.webp\",\"datePublished\":\"2025-05-28T23:00:36+00:00\",\"dateModified\":\"2025-06-17T13:06:53+00:00\",\"description\":\"Figura Miles Morales Boricua Suit Marvel Legends de Spider-Man 2. Detalles premium, m\u00e1s de 20 puntos de articulaci\u00f3n. \u00a1Colecciona al h\u00e9roe de New York!\",\"breadcrumb\":{\"@id\":\"https:\/\/endormoonstore.com\/en\/miles-morales-boricua-suit-spider-man-2-marvel-legends-series\/#breadcrumb\"},\"inLanguage\":\"en-US\",\"potentialAction\":[{\"@type\":\"ReadAction\",\"target\":[\"https:\/\/endormoonstore.com\/en\/miles-morales-boricua-suit-spider-man-2-marvel-legends-series\/\"]}]},{\"@type\":\"ImageObject\",\"inLanguage\":\"en-US\",\"@id\":\"https:\/\/endormoonstore.com\/en\/miles-morales-boricua-suit-spider-man-2-marvel-legends-series\/#primaryimage\",\"url\":\"https:\/\/endormoonstore.com\/wp-content\/uploads\/2025\/02\/Miles-Morales-Boricua-Suit-Spider-Man-2-Marvel-Legends-Series-1.webp\",\"contentUrl\":\"https:\/\/endormoonstore.com\/wp-content\/uploads\/2025\/02\/Miles-Morales-Boricua-Suit-Spider-Man-2-Marvel-Legends-Series-1.webp\",\"width\":1000,\"height\":1000,\"caption\":\"Descubre la figura Miles Morales Boricua Suit de Spider-Man 2 Marvel Legends, en su embalaje original.\"},{\"@type\":\"BreadcrumbList\",\"@id\":\"https:\/\/endormoonstore.com\/en\/miles-morales-boricua-suit-spider-man-2-marvel-legends-series\/#breadcrumb\",\"itemListElement\":[{\"@type\":\"ListItem\",\"position\":1,\"name\":\"Shop\",\"item\":\"https:\/\/endormoonstore.com\/en\/shop\/\"},{\"@type\":\"ListItem\",\"position\":2,\"name\":\"Miles Morales Boricua Suit Spider-Man 2 Marvel Legends Series\"}]},{\"@type\":\"WebSite\",\"@id\":\"https:\/\/endormoonstore.com\/#website\",\"url\":\"https:\/\/endormoonstore.com\/\",\"name\":\"EndormoonStore\",\"description\":\"\",\"potentialAction\":[{\"@type\":\"SearchAction\",\"target\":{\"@type\":\"EntryPoint\",\"urlTemplate\":\"https:\/\/endormoonstore.com\/?s={search_term_string}\"},\"query-input\":{\"@type\":\"PropertyValueSpecification\",\"valueRequired\":true,\"valueName\":\"search_term_string\"}}],\"inLanguage\":\"en-US\"}]}<\/script>\n<!-- \/ Yoast SEO plugin. -->","yoast_head_json":{"title":"Miles Morales Boricua Suit Spider-Man 2 Marvel Legends Series - EndormoonStore","description":"Figura Miles Morales Boricua Suit Marvel Legends de Spider-Man 2. Detalles premium, m\u00e1s de 20 puntos de articulaci\u00f3n. \u00a1Colecciona al h\u00e9roe de New York!","robots":{"index":"index","follow":"follow","max-snippet":"max-snippet:-1","max-image-preview":"max-image-preview:large","max-video-preview":"max-video-preview:-1"},"canonical":"https:\/\/endormoonstore.com\/en\/miles-morales-boricua-suit-spider-man-2-marvel-legends-series\/","og_locale":"en_US","og_type":"article","og_title":"Miles Morales Boricua Suit Spider-Man 2 Marvel Legends Series - EndormoonStore","og_description":"Figura Miles Morales Boricua Suit Marvel Legends de Spider-Man 2. Detalles premium, m\u00e1s de 20 puntos de articulaci\u00f3n. \u00a1Colecciona al h\u00e9roe de New York!","og_url":"https:\/\/endormoonstore.com\/en\/miles-morales-boricua-suit-spider-man-2-marvel-legends-series\/","og_site_name":"EndormoonStore","article_modified_time":"2025-06-17T13:06:53+00:00","og_image":[{"width":1000,"height":1000,"url":"https:\/\/endormoonstore.com\/wp-content\/uploads\/2025\/02\/Miles-Morales-Boricua-Suit-Spider-Man-2-Marvel-Legends-Series-1.webp","type":"image\/webp"}],"twitter_card":"summary_large_image","twitter_misc":{"Est. reading time":"3 minutes"},"schema":{"@context":"https:\/\/schema.org","@graph":[{"@type":"WebPage","@id":"https:\/\/endormoonstore.com\/en\/miles-morales-boricua-suit-spider-man-2-marvel-legends-series\/","url":"https:\/\/endormoonstore.com\/en\/miles-morales-boricua-suit-spider-man-2-marvel-legends-series\/","name":"Miles Morales Boricua Suit Spider-Man 2 Marvel Legends Series - EndormoonStore","isPartOf":{"@id":"https:\/\/endormoonstore.com\/#website"},"primaryImageOfPage":{"@id":"https:\/\/endormoonstore.com\/en\/miles-morales-boricua-suit-spider-man-2-marvel-legends-series\/#primaryimage"},"image":{"@id":"https:\/\/endormoonstore.com\/en\/miles-morales-boricua-suit-spider-man-2-marvel-legends-series\/#primaryimage"},"thumbnailUrl":"https:\/\/endormoonstore.com\/wp-content\/uploads\/2025\/02\/Miles-Morales-Boricua-Suit-Spider-Man-2-Marvel-Legends-Series-1.webp","datePublished":"2025-05-28T23:00:36+00:00","dateModified":"2025-06-17T13:06:53+00:00","description":"Figura Miles Morales Boricua Suit Marvel Legends de Spider-Man 2. Detalles premium, m\u00e1s de 20 puntos de articulaci\u00f3n. \u00a1Colecciona al h\u00e9roe de New York!","breadcrumb":{"@id":"https:\/\/endormoonstore.com\/en\/miles-morales-boricua-suit-spider-man-2-marvel-legends-series\/#breadcrumb"},"inLanguage":"en-US","potentialAction":[{"@type":"ReadAction","target":["https:\/\/endormoonstore.com\/en\/miles-morales-boricua-suit-spider-man-2-marvel-legends-series\/"]}]},{"@type":"ImageObject","inLanguage":"en-US","@id":"https:\/\/endormoonstore.com\/en\/miles-morales-boricua-suit-spider-man-2-marvel-legends-series\/#primaryimage","url":"https:\/\/endormoonstore.com\/wp-content\/uploads\/2025\/02\/Miles-Morales-Boricua-Suit-Spider-Man-2-Marvel-Legends-Series-1.webp","contentUrl":"https:\/\/endormoonstore.com\/wp-content\/uploads\/2025\/02\/Miles-Morales-Boricua-Suit-Spider-Man-2-Marvel-Legends-Series-1.webp","width":1000,"height":1000,"caption":"Descubre la figura Miles Morales Boricua Suit de Spider-Man 2 Marvel Legends, en su embalaje original."},{"@type":"BreadcrumbList","@id":"https:\/\/endormoonstore.com\/en\/miles-morales-boricua-suit-spider-man-2-marvel-legends-series\/#breadcrumb","itemListElement":[{"@type":"ListItem","position":1,"name":"Shop","item":"https:\/\/endormoonstore.com\/en\/shop\/"},{"@type":"ListItem","position":2,"name":"Miles Morales Boricua Suit Spider-Man 2 Marvel Legends Series"}]},{"@type":"WebSite","@id":"https:\/\/endormoonstore.com\/#website","url":"https:\/\/endormoonstore.com\/","name":"EndormoonStore","description":"","potentialAction":[{"@type":"SearchAction","target":{"@type":"EntryPoint","urlTemplate":"https:\/\/endormoonstore.com\/?s={search_term_string}"},"query-input":{"@type":"PropertyValueSpecification","valueRequired":true,"valueName":"search_term_string"}}],"inLanguage":"en-US"}]}},"taxonomy_info":{"product_cat":[{"value":1390,"label":"Figures"},{"value":13511,"label":"New Arrivals"}],"pa_brand":[{"value":2084,"label":"Hasbro"}],"pa_character":[{"value":9604,"label":"Miles Morales"}],"pa_license":[{"value":1642,"label":"Marvel"}],"pa_product-type":[{"value":2387,"label":"Figure"}],"pa_theme":[{"value":2071,"label":"Marvel Legends Series"}]},"featured_image_src_large":["https:\/\/endormoonstore.com\/wp-content\/uploads\/2025\/02\/Miles-Morales-Boricua-Suit-Spider-Man-2-Marvel-Legends-Series-1.webp",1000,1000,false],"author_info":[],"comment_info":"","_links":{"self":[{"href":"https:\/\/endormoonstore.com\/en\/wp-json\/wp\/v2\/product\/169992","targetHints":{"allow":["GET"]}}],"collection":[{"href":"https:\/\/endormoonstore.com\/en\/wp-json\/wp\/v2\/product"}],"about":[{"href":"https:\/\/endormoonstore.com\/en\/wp-json\/wp\/v2\/types\/product"}],"wp:featuredmedia":[{"embeddable":true,"href":"https:\/\/endormoonstore.com\/en\/wp-json\/wp\/v2\/media\/169972"}],"wp:attachment":[{"href":"https:\/\/endormoonstore.com\/en\/wp-json\/wp\/v2\/media?parent=169992"}],"wp:term":[{"taxonomy":"product_cat","embeddable":true,"href":"https:\/\/endormoonstore.com\/en\/wp-json\/wp\/v2\/product_cat?post=169992"},{"taxonomy":"product_tag","embeddable":true,"href":"https:\/\/endormoonstore.com\/en\/wp-json\/wp\/v2\/product_tag?post=169992"}],"curies":[{"name":"wp","href":"https:\/\/api.w.org\/{rel}","templated":true}]}}