{"id":169969,"date":"2025-11-01T04:10:26","date_gmt":"2025-11-01T03:10:26","guid":{"rendered":"https:\/\/endormoonstore.com\/miles-morales-upgraded-suit-style-spider-man-2-marvel-legends-series\/"},"modified":"2025-02-25T22:51:24","modified_gmt":"2025-02-25T21:51:24","slug":"miles-morales-upgraded-suit-style-spider-man-2-marvel-legends-series","status":"publish","type":"product","link":"https:\/\/endormoonstore.com\/en\/miles-morales-upgraded-suit-style-spider-man-2-marvel-legends-series\/","title":{"rendered":"Miles Morales Upgraded Suit Style Spider-Man 2 Marvel Legends Series"},"content":{"rendered":"<p><strong>Miles Morales Upgraded Suit Style Spider-Man 2 Marvel Legends Series Gameverse<\/strong><\/p>\n<ul>\n<li>Miles Morales, con su traje mejorado, cobra vida en esta figura coleccionable inspirada en el videojuego Marvel&#8217;s Spider-Man 2. Esta figura premium de 15 cm, con dise\u00f1o y decoraci\u00f3n de alta calidad, es perfecta para exhibir en tu colecci\u00f3n Marvel. Los fan\u00e1ticos y coleccionistas pueden disfrutar de m\u00e1s de 20 puntos de articulaci\u00f3n, permitiendo poses din\u00e1micas con cabeza, brazos y piernas totalmente articulados.<\/li>\n<li>La figura Marvel Legends de Hasbro incluye cuatro accesorios inspirados en el juego: dos pares de manos y dos efectos. Se presenta en una caja con ventana, ideal para exhibir. A\u00f1ade esta figura de Marvel Legends Series a tu colecci\u00f3n Gamerverse y revive las \u00e9picas batallas de Mile Morales mientras lucha por salvar Nueva York de amenazas terrestres y de otro mundo. \u00bfQu\u00e9 sacrificios deben hacerse para sanar el mundo?<\/li>\n<li>\u00a1\u00danete a Miles Morales en su misi\u00f3n y lleva la acci\u00f3n del videojuego a tu colecci\u00f3n Marvel!<\/li>\n<\/ul>\n","protected":false},"excerpt":{"rendered":"<p><strong>Miles Morales Upgraded Suit Style Spider-Man 2 Marvel Legends Series Gameverse<\/strong><\/p>\n<p>Miles Morales, con su traje mejorado, cobra vida en esta figura coleccionable inspirada en el videojuego Marvel&#8217;s Spider-Man 2. Esta figura premium de 15 cm, con dise\u00f1o y decoraci\u00f3n de alta calidad, es perfecta para exhibir en tu colecci\u00f3n Marvel. Los fan\u00e1ticos y coleccionistas pueden disfrutar de m\u00e1s de 20 puntos de articulaci\u00f3n, permitiendo poses din\u00e1micas con cabeza, brazos y piernas totalmente articulados.<\/p>\n","protected":false},"featured_media":169949,"template":"","meta":{"_acf_changed":false,"_kad_blocks_custom_css":"","_kad_blocks_head_custom_js":"","_kad_blocks_body_custom_js":"","_kad_blocks_footer_custom_js":""},"product_cat":[13453,1390,13511],"product_tag":[],"class_list":{"0":"post-169969","1":"product","2":"type-product","3":"status-publish","4":"has-post-thumbnail","6":"product_cat-featured","7":"product_cat-figures","8":"product_cat-new-arrivals","9":"pa_brand-hasbro-en","10":"pa_character-miles-morales-en","11":"pa_license-marvel-en","12":"pa_product-type-figure","13":"pa_theme-marvel-legends-series-en","15":"first","16":"instock","17":"taxable","18":"shipping-taxable","19":"purchasable","20":"product-type-simple"},"acf":[],"yoast_head":"<!-- This site is optimized with the Yoast SEO plugin v26.1.1 - https:\/\/yoast.com\/wordpress\/plugins\/seo\/ -->\n<title>Miles Morales Upgraded Suit Style Spider-Man 2 Marvel Legends Series - EndormoonStore<\/title>\n<meta name=\"robots\" content=\"index, follow, max-snippet:-1, max-image-preview:large, max-video-preview:-1\" \/>\n<link rel=\"canonical\" href=\"https:\/\/endormoonstore.com\/en\/miles-morales-upgraded-suit-style-spider-man-2-marvel-legends-series\/\" \/>\n<meta property=\"og:locale\" content=\"en_US\" \/>\n<meta property=\"og:type\" content=\"article\" \/>\n<meta property=\"og:title\" content=\"Miles Morales Upgraded Suit Style Spider-Man 2 Marvel Legends Series - EndormoonStore\" \/>\n<meta property=\"og:description\" content=\"Miles Morales Upgraded Suit Style Spider-Man 2 Marvel Legends Series Gameverse  Miles Morales, con su traje mejorado, cobra vida en esta figura coleccionable inspirada en el videojuego Marvel&#039;s Spider-Man 2. Esta figura premium de 15 cm, con dise\u00f1o y decoraci\u00f3n de alta calidad, es perfecta para exhibir en tu colecci\u00f3n Marvel. Los fan\u00e1ticos y coleccionistas pueden disfrutar de m\u00e1s de 20 puntos de articulaci\u00f3n, permitiendo poses din\u00e1micas con cabeza, brazos y piernas totalmente articulados.\" \/>\n<meta property=\"og:url\" content=\"https:\/\/endormoonstore.com\/en\/miles-morales-upgraded-suit-style-spider-man-2-marvel-legends-series\/\" \/>\n<meta property=\"og:site_name\" content=\"EndormoonStore\" \/>\n<meta property=\"og:image\" content=\"https:\/\/endormoonstore.com\/wp-content\/uploads\/2025\/02\/Miles-Morales-Upgraded-Suit-Style-Spider-Man-2-Marvel-Legends-Series-1.webp\" \/>\n\t<meta property=\"og:image:width\" content=\"1000\" \/>\n\t<meta property=\"og:image:height\" content=\"1000\" \/>\n\t<meta property=\"og:image:type\" content=\"image\/webp\" \/>\n<meta name=\"twitter:card\" content=\"summary_large_image\" \/>\n<meta name=\"twitter:label1\" content=\"Est. reading time\" \/>\n\t<meta name=\"twitter:data1\" content=\"1 minute\" \/>\n<script type=\"application\/ld+json\" class=\"yoast-schema-graph\">{\"@context\":\"https:\/\/schema.org\",\"@graph\":[{\"@type\":\"WebPage\",\"@id\":\"https:\/\/endormoonstore.com\/en\/miles-morales-upgraded-suit-style-spider-man-2-marvel-legends-series\/\",\"url\":\"https:\/\/endormoonstore.com\/en\/miles-morales-upgraded-suit-style-spider-man-2-marvel-legends-series\/\",\"name\":\"Miles Morales Upgraded Suit Style Spider-Man 2 Marvel Legends Series - EndormoonStore\",\"isPartOf\":{\"@id\":\"https:\/\/endormoonstore.com\/#website\"},\"primaryImageOfPage\":{\"@id\":\"https:\/\/endormoonstore.com\/en\/miles-morales-upgraded-suit-style-spider-man-2-marvel-legends-series\/#primaryimage\"},\"image\":{\"@id\":\"https:\/\/endormoonstore.com\/en\/miles-morales-upgraded-suit-style-spider-man-2-marvel-legends-series\/#primaryimage\"},\"thumbnailUrl\":\"https:\/\/endormoonstore.com\/wp-content\/uploads\/2025\/02\/Miles-Morales-Upgraded-Suit-Style-Spider-Man-2-Marvel-Legends-Series-1.webp\",\"datePublished\":\"2025-11-01T03:10:26+00:00\",\"breadcrumb\":{\"@id\":\"https:\/\/endormoonstore.com\/en\/miles-morales-upgraded-suit-style-spider-man-2-marvel-legends-series\/#breadcrumb\"},\"inLanguage\":\"en-US\",\"potentialAction\":[{\"@type\":\"ReadAction\",\"target\":[\"https:\/\/endormoonstore.com\/en\/miles-morales-upgraded-suit-style-spider-man-2-marvel-legends-series\/\"]}]},{\"@type\":\"ImageObject\",\"inLanguage\":\"en-US\",\"@id\":\"https:\/\/endormoonstore.com\/en\/miles-morales-upgraded-suit-style-spider-man-2-marvel-legends-series\/#primaryimage\",\"url\":\"https:\/\/endormoonstore.com\/wp-content\/uploads\/2025\/02\/Miles-Morales-Upgraded-Suit-Style-Spider-Man-2-Marvel-Legends-Series-1.webp\",\"contentUrl\":\"https:\/\/endormoonstore.com\/wp-content\/uploads\/2025\/02\/Miles-Morales-Upgraded-Suit-Style-Spider-Man-2-Marvel-Legends-Series-1.webp\",\"width\":1000,\"height\":1000},{\"@type\":\"BreadcrumbList\",\"@id\":\"https:\/\/endormoonstore.com\/en\/miles-morales-upgraded-suit-style-spider-man-2-marvel-legends-series\/#breadcrumb\",\"itemListElement\":[{\"@type\":\"ListItem\",\"position\":1,\"name\":\"Shop\",\"item\":\"https:\/\/endormoonstore.com\/en\/shop\/\"},{\"@type\":\"ListItem\",\"position\":2,\"name\":\"Miles Morales Upgraded Suit Style Spider-Man 2 Marvel Legends Series\"}]},{\"@type\":\"WebSite\",\"@id\":\"https:\/\/endormoonstore.com\/#website\",\"url\":\"https:\/\/endormoonstore.com\/\",\"name\":\"EndormoonStore\",\"description\":\"\",\"potentialAction\":[{\"@type\":\"SearchAction\",\"target\":{\"@type\":\"EntryPoint\",\"urlTemplate\":\"https:\/\/endormoonstore.com\/?s={search_term_string}\"},\"query-input\":{\"@type\":\"PropertyValueSpecification\",\"valueRequired\":true,\"valueName\":\"search_term_string\"}}],\"inLanguage\":\"en-US\"}]}<\/script>\n<!-- \/ Yoast SEO plugin. -->","yoast_head_json":{"title":"Miles Morales Upgraded Suit Style Spider-Man 2 Marvel Legends Series - EndormoonStore","robots":{"index":"index","follow":"follow","max-snippet":"max-snippet:-1","max-image-preview":"max-image-preview:large","max-video-preview":"max-video-preview:-1"},"canonical":"https:\/\/endormoonstore.com\/en\/miles-morales-upgraded-suit-style-spider-man-2-marvel-legends-series\/","og_locale":"en_US","og_type":"article","og_title":"Miles Morales Upgraded Suit Style Spider-Man 2 Marvel Legends Series - EndormoonStore","og_description":"Miles Morales Upgraded Suit Style Spider-Man 2 Marvel Legends Series Gameverse  Miles Morales, con su traje mejorado, cobra vida en esta figura coleccionable inspirada en el videojuego Marvel's Spider-Man 2. Esta figura premium de 15 cm, con dise\u00f1o y decoraci\u00f3n de alta calidad, es perfecta para exhibir en tu colecci\u00f3n Marvel. Los fan\u00e1ticos y coleccionistas pueden disfrutar de m\u00e1s de 20 puntos de articulaci\u00f3n, permitiendo poses din\u00e1micas con cabeza, brazos y piernas totalmente articulados.","og_url":"https:\/\/endormoonstore.com\/en\/miles-morales-upgraded-suit-style-spider-man-2-marvel-legends-series\/","og_site_name":"EndormoonStore","og_image":[{"width":1000,"height":1000,"url":"https:\/\/endormoonstore.com\/wp-content\/uploads\/2025\/02\/Miles-Morales-Upgraded-Suit-Style-Spider-Man-2-Marvel-Legends-Series-1.webp","type":"image\/webp"}],"twitter_card":"summary_large_image","twitter_misc":{"Est. reading time":"1 minute"},"schema":{"@context":"https:\/\/schema.org","@graph":[{"@type":"WebPage","@id":"https:\/\/endormoonstore.com\/en\/miles-morales-upgraded-suit-style-spider-man-2-marvel-legends-series\/","url":"https:\/\/endormoonstore.com\/en\/miles-morales-upgraded-suit-style-spider-man-2-marvel-legends-series\/","name":"Miles Morales Upgraded Suit Style Spider-Man 2 Marvel Legends Series - EndormoonStore","isPartOf":{"@id":"https:\/\/endormoonstore.com\/#website"},"primaryImageOfPage":{"@id":"https:\/\/endormoonstore.com\/en\/miles-morales-upgraded-suit-style-spider-man-2-marvel-legends-series\/#primaryimage"},"image":{"@id":"https:\/\/endormoonstore.com\/en\/miles-morales-upgraded-suit-style-spider-man-2-marvel-legends-series\/#primaryimage"},"thumbnailUrl":"https:\/\/endormoonstore.com\/wp-content\/uploads\/2025\/02\/Miles-Morales-Upgraded-Suit-Style-Spider-Man-2-Marvel-Legends-Series-1.webp","datePublished":"2025-11-01T03:10:26+00:00","breadcrumb":{"@id":"https:\/\/endormoonstore.com\/en\/miles-morales-upgraded-suit-style-spider-man-2-marvel-legends-series\/#breadcrumb"},"inLanguage":"en-US","potentialAction":[{"@type":"ReadAction","target":["https:\/\/endormoonstore.com\/en\/miles-morales-upgraded-suit-style-spider-man-2-marvel-legends-series\/"]}]},{"@type":"ImageObject","inLanguage":"en-US","@id":"https:\/\/endormoonstore.com\/en\/miles-morales-upgraded-suit-style-spider-man-2-marvel-legends-series\/#primaryimage","url":"https:\/\/endormoonstore.com\/wp-content\/uploads\/2025\/02\/Miles-Morales-Upgraded-Suit-Style-Spider-Man-2-Marvel-Legends-Series-1.webp","contentUrl":"https:\/\/endormoonstore.com\/wp-content\/uploads\/2025\/02\/Miles-Morales-Upgraded-Suit-Style-Spider-Man-2-Marvel-Legends-Series-1.webp","width":1000,"height":1000},{"@type":"BreadcrumbList","@id":"https:\/\/endormoonstore.com\/en\/miles-morales-upgraded-suit-style-spider-man-2-marvel-legends-series\/#breadcrumb","itemListElement":[{"@type":"ListItem","position":1,"name":"Shop","item":"https:\/\/endormoonstore.com\/en\/shop\/"},{"@type":"ListItem","position":2,"name":"Miles Morales Upgraded Suit Style Spider-Man 2 Marvel Legends Series"}]},{"@type":"WebSite","@id":"https:\/\/endormoonstore.com\/#website","url":"https:\/\/endormoonstore.com\/","name":"EndormoonStore","description":"","potentialAction":[{"@type":"SearchAction","target":{"@type":"EntryPoint","urlTemplate":"https:\/\/endormoonstore.com\/?s={search_term_string}"},"query-input":{"@type":"PropertyValueSpecification","valueRequired":true,"valueName":"search_term_string"}}],"inLanguage":"en-US"}]}},"taxonomy_info":{"product_cat":[{"value":13453,"label":"Featured"},{"value":1390,"label":"Figures"},{"value":13511,"label":"New Arrivals"}],"pa_brand":[{"value":2084,"label":"Hasbro"}],"pa_character":[{"value":9604,"label":"Miles Morales"}],"pa_license":[{"value":1642,"label":"Marvel"}],"pa_product-type":[{"value":2387,"label":"Figure"}],"pa_theme":[{"value":2071,"label":"Marvel Legends Series"}]},"featured_image_src_large":["https:\/\/endormoonstore.com\/wp-content\/uploads\/2025\/02\/Miles-Morales-Upgraded-Suit-Style-Spider-Man-2-Marvel-Legends-Series-1.webp",1000,1000,false],"author_info":[],"comment_info":"","_links":{"self":[{"href":"https:\/\/endormoonstore.com\/en\/wp-json\/wp\/v2\/product\/169969","targetHints":{"allow":["GET"]}}],"collection":[{"href":"https:\/\/endormoonstore.com\/en\/wp-json\/wp\/v2\/product"}],"about":[{"href":"https:\/\/endormoonstore.com\/en\/wp-json\/wp\/v2\/types\/product"}],"wp:featuredmedia":[{"embeddable":true,"href":"https:\/\/endormoonstore.com\/en\/wp-json\/wp\/v2\/media\/169949"}],"wp:attachment":[{"href":"https:\/\/endormoonstore.com\/en\/wp-json\/wp\/v2\/media?parent=169969"}],"wp:term":[{"taxonomy":"product_cat","embeddable":true,"href":"https:\/\/endormoonstore.com\/en\/wp-json\/wp\/v2\/product_cat?post=169969"},{"taxonomy":"product_tag","embeddable":true,"href":"https:\/\/endormoonstore.com\/en\/wp-json\/wp\/v2\/product_tag?post=169969"}],"curies":[{"name":"wp","href":"https:\/\/api.w.org\/{rel}","templated":true}]}}