{"id":169923,"date":"2025-02-24T00:15:23","date_gmt":"2025-02-23T23:15:23","guid":{"rendered":"https:\/\/endormoonstore.com\/galadriel-the-lord-of-the-rings\/"},"modified":"2025-02-25T20:25:47","modified_gmt":"2025-02-25T19:25:47","slug":"galadriel-the-lord-of-the-rings","status":"publish","type":"product","link":"https:\/\/endormoonstore.com\/en\/galadriel-the-lord-of-the-rings\/","title":{"rendered":"Galadriel The Lord of the Rings"},"content":{"rendered":"<p><strong>Galadriel The Lord of the Rings Deluxe Action Figure<\/strong><\/p>\n<ul>\n<li>\u00a1Es el regreso del rey! La d\u00e9cima serie de figuras de acci\u00f3n de la pel\u00edcula El Se\u00f1or de los Anillos de DST incluye a la elfa Lady Galadriel, con el Espejo de Galadriel y una jarra.<\/li>\n<li>La figura tiene unos 18 cm de alto. Con una imagen cinematogr\u00e1fica y m\u00faltiples puntos de articulaci\u00f3n, cada figura viene empaquetada en una caja con ventana a todo color. \u00a1Dise\u00f1ada por Eamon O&#8217;Donoghue, esculpida por Gentle Giant Studios!<\/li>\n<\/ul>\n","protected":false},"excerpt":{"rendered":"<p><strong>Galadriel The Lord of the Rings Deluxe Action Figure<\/strong><\/p>\n<p>\u00a1Es el regreso del rey! La d\u00e9cima serie de figuras de acci\u00f3n de la pel\u00edcula El Se\u00f1or de los Anillos de DST incluye a la elfa Lady Galadriel, con el Espejo de Galadriel y una jarra.<\/p>\n","protected":false},"featured_media":169899,"template":"","meta":{"_acf_changed":false,"_kad_blocks_custom_css":"","_kad_blocks_head_custom_js":"","_kad_blocks_body_custom_js":"","_kad_blocks_footer_custom_js":""},"product_cat":[1390],"product_tag":[],"class_list":{"0":"post-169923","1":"product","2":"type-product","3":"status-publish","4":"has-post-thumbnail","6":"product_cat-figures","7":"pa_brand-diamond-select-toys-en","8":"pa_character-galadriel-en","9":"pa_license-the-lord-of-the-rings","10":"pa_product-type-figure","11":"pa_theme-deluxe-action-figure-en","13":"first","14":"outofstock","15":"taxable","16":"shipping-taxable","17":"purchasable","18":"product-type-simple"},"acf":[],"yoast_head":"<!-- This site is optimized with the Yoast SEO plugin v26.1.1 - https:\/\/yoast.com\/wordpress\/plugins\/seo\/ -->\n<title>Galadriel The Lord of the Rings - EndormoonStore<\/title>\n<meta name=\"robots\" content=\"index, follow, max-snippet:-1, max-image-preview:large, max-video-preview:-1\" \/>\n<link rel=\"canonical\" href=\"https:\/\/endormoonstore.com\/en\/galadriel-the-lord-of-the-rings\/\" \/>\n<meta property=\"og:locale\" content=\"en_US\" \/>\n<meta property=\"og:type\" content=\"article\" \/>\n<meta property=\"og:title\" content=\"Galadriel The Lord of the Rings - EndormoonStore\" \/>\n<meta property=\"og:description\" content=\"Galadriel The Lord of the Rings Deluxe Action Figure  \u00a1Es el regreso del rey! La d\u00e9cima serie de figuras de acci\u00f3n de la pel\u00edcula El Se\u00f1or de los Anillos de DST incluye a la elfa Lady Galadriel, con el Espejo de Galadriel y una jarra.\" \/>\n<meta property=\"og:url\" content=\"https:\/\/endormoonstore.com\/en\/galadriel-the-lord-of-the-rings\/\" \/>\n<meta property=\"og:site_name\" content=\"EndormoonStore\" \/>\n<meta property=\"article:modified_time\" content=\"2025-02-25T19:25:47+00:00\" \/>\n<meta property=\"og:image\" content=\"https:\/\/endormoonstore.com\/wp-content\/uploads\/2025\/02\/Galadriel-The-Lord-of-the-Rings-Deluxe-Action-Figure-1.webp\" \/>\n\t<meta property=\"og:image:width\" content=\"1000\" \/>\n\t<meta property=\"og:image:height\" content=\"1000\" \/>\n\t<meta property=\"og:image:type\" content=\"image\/webp\" \/>\n<meta name=\"twitter:card\" content=\"summary_large_image\" \/>\n<meta name=\"twitter:label1\" content=\"Est. reading time\" \/>\n\t<meta name=\"twitter:data1\" content=\"1 minute\" \/>\n<script type=\"application\/ld+json\" class=\"yoast-schema-graph\">{\"@context\":\"https:\/\/schema.org\",\"@graph\":[{\"@type\":\"WebPage\",\"@id\":\"https:\/\/endormoonstore.com\/en\/galadriel-the-lord-of-the-rings\/\",\"url\":\"https:\/\/endormoonstore.com\/en\/galadriel-the-lord-of-the-rings\/\",\"name\":\"Galadriel The Lord of the Rings - EndormoonStore\",\"isPartOf\":{\"@id\":\"https:\/\/endormoonstore.com\/#website\"},\"primaryImageOfPage\":{\"@id\":\"https:\/\/endormoonstore.com\/en\/galadriel-the-lord-of-the-rings\/#primaryimage\"},\"image\":{\"@id\":\"https:\/\/endormoonstore.com\/en\/galadriel-the-lord-of-the-rings\/#primaryimage\"},\"thumbnailUrl\":\"https:\/\/endormoonstore.com\/wp-content\/uploads\/2025\/02\/Galadriel-The-Lord-of-the-Rings-Deluxe-Action-Figure-1.webp\",\"datePublished\":\"2025-02-23T23:15:23+00:00\",\"dateModified\":\"2025-02-25T19:25:47+00:00\",\"breadcrumb\":{\"@id\":\"https:\/\/endormoonstore.com\/en\/galadriel-the-lord-of-the-rings\/#breadcrumb\"},\"inLanguage\":\"en-US\",\"potentialAction\":[{\"@type\":\"ReadAction\",\"target\":[\"https:\/\/endormoonstore.com\/en\/galadriel-the-lord-of-the-rings\/\"]}]},{\"@type\":\"ImageObject\",\"inLanguage\":\"en-US\",\"@id\":\"https:\/\/endormoonstore.com\/en\/galadriel-the-lord-of-the-rings\/#primaryimage\",\"url\":\"https:\/\/endormoonstore.com\/wp-content\/uploads\/2025\/02\/Galadriel-The-Lord-of-the-Rings-Deluxe-Action-Figure-1.webp\",\"contentUrl\":\"https:\/\/endormoonstore.com\/wp-content\/uploads\/2025\/02\/Galadriel-The-Lord-of-the-Rings-Deluxe-Action-Figure-1.webp\",\"width\":1000,\"height\":1000},{\"@type\":\"BreadcrumbList\",\"@id\":\"https:\/\/endormoonstore.com\/en\/galadriel-the-lord-of-the-rings\/#breadcrumb\",\"itemListElement\":[{\"@type\":\"ListItem\",\"position\":1,\"name\":\"Shop\",\"item\":\"https:\/\/endormoonstore.com\/en\/shop\/\"},{\"@type\":\"ListItem\",\"position\":2,\"name\":\"Galadriel The Lord of the Rings\"}]},{\"@type\":\"WebSite\",\"@id\":\"https:\/\/endormoonstore.com\/#website\",\"url\":\"https:\/\/endormoonstore.com\/\",\"name\":\"EndormoonStore\",\"description\":\"\",\"potentialAction\":[{\"@type\":\"SearchAction\",\"target\":{\"@type\":\"EntryPoint\",\"urlTemplate\":\"https:\/\/endormoonstore.com\/?s={search_term_string}\"},\"query-input\":{\"@type\":\"PropertyValueSpecification\",\"valueRequired\":true,\"valueName\":\"search_term_string\"}}],\"inLanguage\":\"en-US\"}]}<\/script>\n<!-- \/ Yoast SEO plugin. -->","yoast_head_json":{"title":"Galadriel The Lord of the Rings - EndormoonStore","robots":{"index":"index","follow":"follow","max-snippet":"max-snippet:-1","max-image-preview":"max-image-preview:large","max-video-preview":"max-video-preview:-1"},"canonical":"https:\/\/endormoonstore.com\/en\/galadriel-the-lord-of-the-rings\/","og_locale":"en_US","og_type":"article","og_title":"Galadriel The Lord of the Rings - EndormoonStore","og_description":"Galadriel The Lord of the Rings Deluxe Action Figure  \u00a1Es el regreso del rey! La d\u00e9cima serie de figuras de acci\u00f3n de la pel\u00edcula El Se\u00f1or de los Anillos de DST incluye a la elfa Lady Galadriel, con el Espejo de Galadriel y una jarra.","og_url":"https:\/\/endormoonstore.com\/en\/galadriel-the-lord-of-the-rings\/","og_site_name":"EndormoonStore","article_modified_time":"2025-02-25T19:25:47+00:00","og_image":[{"width":1000,"height":1000,"url":"https:\/\/endormoonstore.com\/wp-content\/uploads\/2025\/02\/Galadriel-The-Lord-of-the-Rings-Deluxe-Action-Figure-1.webp","type":"image\/webp"}],"twitter_card":"summary_large_image","twitter_misc":{"Est. reading time":"1 minute"},"schema":{"@context":"https:\/\/schema.org","@graph":[{"@type":"WebPage","@id":"https:\/\/endormoonstore.com\/en\/galadriel-the-lord-of-the-rings\/","url":"https:\/\/endormoonstore.com\/en\/galadriel-the-lord-of-the-rings\/","name":"Galadriel The Lord of the Rings - EndormoonStore","isPartOf":{"@id":"https:\/\/endormoonstore.com\/#website"},"primaryImageOfPage":{"@id":"https:\/\/endormoonstore.com\/en\/galadriel-the-lord-of-the-rings\/#primaryimage"},"image":{"@id":"https:\/\/endormoonstore.com\/en\/galadriel-the-lord-of-the-rings\/#primaryimage"},"thumbnailUrl":"https:\/\/endormoonstore.com\/wp-content\/uploads\/2025\/02\/Galadriel-The-Lord-of-the-Rings-Deluxe-Action-Figure-1.webp","datePublished":"2025-02-23T23:15:23+00:00","dateModified":"2025-02-25T19:25:47+00:00","breadcrumb":{"@id":"https:\/\/endormoonstore.com\/en\/galadriel-the-lord-of-the-rings\/#breadcrumb"},"inLanguage":"en-US","potentialAction":[{"@type":"ReadAction","target":["https:\/\/endormoonstore.com\/en\/galadriel-the-lord-of-the-rings\/"]}]},{"@type":"ImageObject","inLanguage":"en-US","@id":"https:\/\/endormoonstore.com\/en\/galadriel-the-lord-of-the-rings\/#primaryimage","url":"https:\/\/endormoonstore.com\/wp-content\/uploads\/2025\/02\/Galadriel-The-Lord-of-the-Rings-Deluxe-Action-Figure-1.webp","contentUrl":"https:\/\/endormoonstore.com\/wp-content\/uploads\/2025\/02\/Galadriel-The-Lord-of-the-Rings-Deluxe-Action-Figure-1.webp","width":1000,"height":1000},{"@type":"BreadcrumbList","@id":"https:\/\/endormoonstore.com\/en\/galadriel-the-lord-of-the-rings\/#breadcrumb","itemListElement":[{"@type":"ListItem","position":1,"name":"Shop","item":"https:\/\/endormoonstore.com\/en\/shop\/"},{"@type":"ListItem","position":2,"name":"Galadriel The Lord of the Rings"}]},{"@type":"WebSite","@id":"https:\/\/endormoonstore.com\/#website","url":"https:\/\/endormoonstore.com\/","name":"EndormoonStore","description":"","potentialAction":[{"@type":"SearchAction","target":{"@type":"EntryPoint","urlTemplate":"https:\/\/endormoonstore.com\/?s={search_term_string}"},"query-input":{"@type":"PropertyValueSpecification","valueRequired":true,"valueName":"search_term_string"}}],"inLanguage":"en-US"}]}},"taxonomy_info":{"product_cat":[{"value":1390,"label":"Figures"}],"pa_brand":[{"value":1632,"label":"Diamond Select Toys"}],"pa_character":[{"value":15296,"label":"Galadriel"}],"pa_license":[{"value":1771,"label":"The Lord of The Rings"}],"pa_product-type":[{"value":2387,"label":"Figure"}],"pa_theme":[{"value":3761,"label":"Deluxe Action Figure"}]},"featured_image_src_large":["https:\/\/endormoonstore.com\/wp-content\/uploads\/2025\/02\/Galadriel-The-Lord-of-the-Rings-Deluxe-Action-Figure-1.webp",1000,1000,false],"author_info":[],"comment_info":"","_links":{"self":[{"href":"https:\/\/endormoonstore.com\/en\/wp-json\/wp\/v2\/product\/169923","targetHints":{"allow":["GET"]}}],"collection":[{"href":"https:\/\/endormoonstore.com\/en\/wp-json\/wp\/v2\/product"}],"about":[{"href":"https:\/\/endormoonstore.com\/en\/wp-json\/wp\/v2\/types\/product"}],"wp:featuredmedia":[{"embeddable":true,"href":"https:\/\/endormoonstore.com\/en\/wp-json\/wp\/v2\/media\/169899"}],"wp:attachment":[{"href":"https:\/\/endormoonstore.com\/en\/wp-json\/wp\/v2\/media?parent=169923"}],"wp:term":[{"taxonomy":"product_cat","embeddable":true,"href":"https:\/\/endormoonstore.com\/en\/wp-json\/wp\/v2\/product_cat?post=169923"},{"taxonomy":"product_tag","embeddable":true,"href":"https:\/\/endormoonstore.com\/en\/wp-json\/wp\/v2\/product_tag?post=169923"}],"curies":[{"name":"wp","href":"https:\/\/api.w.org\/{rel}","templated":true}]}}