{"id":169213,"date":"2024-12-10T01:00:04","date_gmt":"2024-12-10T00:00:04","guid":{"rendered":"https:\/\/endormoonstore.com\/spider-gwen-spider-man-across-the-spider-verse-marvel-legends-series\/"},"modified":"2025-01-16T20:40:33","modified_gmt":"2025-01-16T19:40:33","slug":"spider-gwen-spider-man-across-the-spider-verse-marvel-legends-series","status":"publish","type":"product","link":"https:\/\/endormoonstore.com\/en\/spider-gwen-spider-man-across-the-spider-verse-marvel-legends-series\/","title":{"rendered":"Spider-Gwen Spider-Man Across The Spider-Verse Marvel Legends Series"},"content":{"rendered":"<h4>Spider-Gwen Spider-Man Across The Spider-Verse Marvel Legends Series<\/h4>\n<ul>\n<li>Spider-Gwen forma parte de la colecci\u00f3n Marvel Legends Series de Hasbro. Esta figura mide\u00a015 cm\u00a0y se basa en su apariencia en la pel\u00edcula de animaci\u00f3n &#8220;Across The Spider-Verse&#8221;. Con\u00a0m\u00e1s de 20 puntos de articulaci\u00f3n, permite poses din\u00e1micas y realistas, ideales para exhibir en cualquier colecci\u00f3n.<\/li>\n<li>Inspirada en la segunda pel\u00edcula del Spider-Verso, esta figura coleccionable resulta perfecta para coleccionistas y fan\u00e1ticos de\u00a04 a\u00f1os en adelante. Los detalles de dise\u00f1o premium incluyen una\u00a0cabeza alternativa sin m\u00e1scara\u00a0y\u00a0dos manos opcionales, ofreciendo m\u00faltiples opciones de personalizaci\u00f3n. Adem\u00e1s, incluye una peque\u00f1a figura de\u00a0Lyla, la asistente personal de Miguel O&#8217;Hara.<\/li>\n<li>El empaque de tarjeta bl\u00edster coleccionable, inspirado en la pel\u00edcula, muestra tu fanatismo por Marvel.\u00a0Gwen Stacy, mientras se sincera sobre tener amigos, se mantiene ocupada entre los ensayos de la banda, la protecci\u00f3n de su ciudad y su tensa relaci\u00f3n con su padre, el Capit\u00e1n Stacy. Esta figura captura esa esencia perfectamente.<\/li>\n<li>\u00a1No pierdas la oportunidad de a\u00f1adir esta incre\u00edble figura de\u00a0Spider-Gwen\u00a0a tu colecci\u00f3n! Haz tu pedido ahora y lleva la acci\u00f3n del multiverso a tu hogar.<\/li>\n<\/ul>\n<h4>Sobre Spider-Man Across The Spider-Versey Marvel:<\/h4>\n<ul>\n<li>Spider-Man: Across the Spider-Verse\u00a0sigue a Miles Morales y Gwen Stacy mientras viajan por el multiverso. En su aventura, se unen a otros Spider-People para enfrentar a Spot, un villano con poderes interdimensionales que amenaza la estabilidad de todas las dimensiones. La pel\u00edcula destaca por su animaci\u00f3n innovadora y su emocionante trama, continuando la historia de &#8220;Spider-Man: Into the Spider-Verse&#8221;. Adem\u00e1s, presenta un elenco de personajes diversos y una exploraci\u00f3n profunda de la identidad y la responsabilidad.<\/li>\n<li>Marvel es una de las editoriales de c\u00f3mics m\u00e1s grandes y populares del mundo, fundada en 1939. Conocida por crear algunos de los superh\u00e9roes m\u00e1s ic\u00f3nicos, como Spider-Man, Iron Man, y los X-Men, Marvel ha expandido su universo a trav\u00e9s de pel\u00edculas, series de televisi\u00f3n y videojuegos, convirti\u00e9ndose en un pilar de la cultura pop moderna.<\/li>\n<\/ul>\n<h4>Sobre Hasbro y su linea Marvel Legends Series:<\/h4>\n<ul>\n<li>Hasbro es una empresa multinacional de juguetes y entretenimiento fundada en 1923. Con sede en Pawtucket, Rhode Island, Hasbro es conocida por sus marcas ic\u00f3nicas como Transformers, G.I. Joe, y My Little Pony. Adem\u00e1s de juguetes, Hasbro tambi\u00e9n produce juegos de mesa y productos de entretenimiento, y ha adquirido varias otras compa\u00f1\u00edas de juguetes a lo largo de los a\u00f1os.<\/li>\n<li>La l\u00ednea <a href=\"https:\/\/endormoonstore.com\/tematica\/marvel-legends-series\/\">Marvel Legends Series<\/a> de Hasbro es una colecci\u00f3n de figuras de acci\u00f3n altamente detalladas y articuladas, basadas en personajes del universo Marvel. Lanzada por primera vez en 2002, esta l\u00ednea ha sido popular entre coleccionistas y fan\u00e1ticos por su calidad y fidelidad a los personajes de los c\u00f3mics y pel\u00edculas. Las figuras suelen incluir accesorios intercambiables y piezas adicionales para crear poses din\u00e1micas.<\/li>\n<\/ul>\n","protected":false},"excerpt":{"rendered":"<h4><strong>Spider-Gwen Spider-Man Across The Spider-Verse Marvel Legends Series<\/strong><\/h4>\n<p>Spider-Gwen forma parte de la colecci\u00f3n Marvel Legends Series de Hasbro. Esta figura mide\u00a015 cm\u00a0y se basa en su apariencia en la pel\u00edcula de animaci\u00f3n &#8220;Across The Spider-Verse&#8221;. Con\u00a0m\u00e1s de 20 puntos de articulaci\u00f3n, permite poses din\u00e1micas y realistas, ideales para exhibir en cualquier colecci\u00f3n.<\/p>\n","protected":false},"featured_media":169195,"template":"","meta":{"_acf_changed":false,"_kad_blocks_custom_css":"","_kad_blocks_head_custom_js":"","_kad_blocks_body_custom_js":"","_kad_blocks_footer_custom_js":""},"product_cat":[1390,13511],"product_tag":[],"class_list":{"0":"post-169213","1":"product","2":"type-product","3":"status-publish","4":"has-post-thumbnail","6":"product_cat-figures","7":"product_cat-new-arrivals","8":"pa_brand-hasbro-en","9":"pa_character-spider-gwen-en","10":"pa_episode-spider-man-across-the-spider-verse-en","11":"pa_license-marvel-en","12":"pa_product-type-figure","13":"pa_theme-marvel-legends-series-en","15":"first","16":"instock","17":"taxable","18":"shipping-taxable","19":"purchasable","20":"product-type-simple"},"acf":[],"yoast_head":"<!-- This site is optimized with the Yoast SEO plugin v26.1.1 - https:\/\/yoast.com\/wordpress\/plugins\/seo\/ -->\n<title>Spider-Gwen Spider-Man Across The Spider-Verse Marvel Legends Series - EndormoonStore<\/title>\n<meta name=\"description\" content=\"Figura de acci\u00f3n de Spider-Gwen de 15 cm de Marvel Legends Series, inspirada en &quot;Across The Spider-Verse&quot;. Ideal para coleccionistas y fan\u00e1ticos\" \/>\n<meta name=\"robots\" content=\"index, follow, max-snippet:-1, max-image-preview:large, max-video-preview:-1\" \/>\n<link rel=\"canonical\" href=\"https:\/\/endormoonstore.com\/spider-gwen-spider-man-across-the-spider-verse-marvel-legends-series\/\" \/>\n<meta property=\"og:locale\" content=\"en_US\" \/>\n<meta property=\"og:type\" content=\"article\" \/>\n<meta property=\"og:title\" content=\"Spider-Gwen Spider-Man Across The Spider-Verse Marvel Legends Series - EndormoonStore\" \/>\n<meta property=\"og:description\" content=\"Figura de acci\u00f3n de Spider-Gwen de 15 cm de Marvel Legends Series, inspirada en &quot;Across The Spider-Verse&quot;. Ideal para coleccionistas y fan\u00e1ticos\" \/>\n<meta property=\"og:url\" content=\"https:\/\/endormoonstore.com\/spider-gwen-spider-man-across-the-spider-verse-marvel-legends-series\/\" \/>\n<meta property=\"og:site_name\" content=\"EndormoonStore\" \/>\n<meta property=\"article:modified_time\" content=\"2025-01-16T19:40:33+00:00\" \/>\n<meta property=\"og:image\" content=\"https:\/\/endormoonstore.com\/wp-content\/uploads\/2025\/01\/Spider-Gwen-Spider-Man-Across-The-Spider-Verse-Marvel-Legends-Series-1.jpg\" \/>\n\t<meta property=\"og:image:width\" content=\"1000\" \/>\n\t<meta property=\"og:image:height\" content=\"1000\" \/>\n\t<meta property=\"og:image:type\" content=\"image\/jpeg\" \/>\n<meta name=\"twitter:card\" content=\"summary_large_image\" \/>\n<meta name=\"twitter:label1\" content=\"Est. reading time\" \/>\n\t<meta name=\"twitter:data1\" content=\"3 minutes\" \/>\n<script type=\"application\/ld+json\" class=\"yoast-schema-graph\">{\"@context\":\"https:\/\/schema.org\",\"@graph\":[{\"@type\":\"WebPage\",\"@id\":\"https:\/\/endormoonstore.com\/spider-gwen-spider-man-across-the-spider-verse-marvel-legends-series\/\",\"url\":\"https:\/\/endormoonstore.com\/spider-gwen-spider-man-across-the-spider-verse-marvel-legends-series\/\",\"name\":\"Spider-Gwen Spider-Man Across The Spider-Verse Marvel Legends Series - EndormoonStore\",\"isPartOf\":{\"@id\":\"https:\/\/endormoonstore.com\/#website\"},\"primaryImageOfPage\":{\"@id\":\"https:\/\/endormoonstore.com\/spider-gwen-spider-man-across-the-spider-verse-marvel-legends-series\/#primaryimage\"},\"image\":{\"@id\":\"https:\/\/endormoonstore.com\/spider-gwen-spider-man-across-the-spider-verse-marvel-legends-series\/#primaryimage\"},\"thumbnailUrl\":\"https:\/\/endormoonstore.com\/wp-content\/uploads\/2025\/01\/Spider-Gwen-Spider-Man-Across-The-Spider-Verse-Marvel-Legends-Series-1.jpg\",\"datePublished\":\"2024-12-10T00:00:04+00:00\",\"dateModified\":\"2025-01-16T19:40:33+00:00\",\"description\":\"Figura de acci\u00f3n de Spider-Gwen de 15 cm de Marvel Legends Series, inspirada en \\\"Across The Spider-Verse\\\". Ideal para coleccionistas y fan\u00e1ticos\",\"breadcrumb\":{\"@id\":\"https:\/\/endormoonstore.com\/spider-gwen-spider-man-across-the-spider-verse-marvel-legends-series\/#breadcrumb\"},\"inLanguage\":\"en-US\",\"potentialAction\":[{\"@type\":\"ReadAction\",\"target\":[\"https:\/\/endormoonstore.com\/spider-gwen-spider-man-across-the-spider-verse-marvel-legends-series\/\"]}]},{\"@type\":\"ImageObject\",\"inLanguage\":\"en-US\",\"@id\":\"https:\/\/endormoonstore.com\/spider-gwen-spider-man-across-the-spider-verse-marvel-legends-series\/#primaryimage\",\"url\":\"https:\/\/endormoonstore.com\/wp-content\/uploads\/2025\/01\/Spider-Gwen-Spider-Man-Across-The-Spider-Verse-Marvel-Legends-Series-1.jpg\",\"contentUrl\":\"https:\/\/endormoonstore.com\/wp-content\/uploads\/2025\/01\/Spider-Gwen-Spider-Man-Across-The-Spider-Verse-Marvel-Legends-Series-1.jpg\",\"width\":1000,\"height\":1000,\"caption\":\"Figura de acci\u00f3n de Spider-Gwen de Marvel Legends Series, inspirada en \\\"Across The Spider-Verse\\\".\"},{\"@type\":\"BreadcrumbList\",\"@id\":\"https:\/\/endormoonstore.com\/spider-gwen-spider-man-across-the-spider-verse-marvel-legends-series\/#breadcrumb\",\"itemListElement\":[{\"@type\":\"ListItem\",\"position\":1,\"name\":\"Shop\",\"item\":\"https:\/\/endormoonstore.com\/en\/shop\/\"},{\"@type\":\"ListItem\",\"position\":2,\"name\":\"Spider-Gwen Spider-Man Across The Spider-Verse Marvel Legends Series\"}]},{\"@type\":\"WebSite\",\"@id\":\"https:\/\/endormoonstore.com\/#website\",\"url\":\"https:\/\/endormoonstore.com\/\",\"name\":\"EndormoonStore\",\"description\":\"\",\"potentialAction\":[{\"@type\":\"SearchAction\",\"target\":{\"@type\":\"EntryPoint\",\"urlTemplate\":\"https:\/\/endormoonstore.com\/?s={search_term_string}\"},\"query-input\":{\"@type\":\"PropertyValueSpecification\",\"valueRequired\":true,\"valueName\":\"search_term_string\"}}],\"inLanguage\":\"en-US\"}]}<\/script>\n<!-- \/ Yoast SEO plugin. -->","yoast_head_json":{"title":"Spider-Gwen Spider-Man Across The Spider-Verse Marvel Legends Series - EndormoonStore","description":"Figura de acci\u00f3n de Spider-Gwen de 15 cm de Marvel Legends Series, inspirada en \"Across The Spider-Verse\". Ideal para coleccionistas y fan\u00e1ticos","robots":{"index":"index","follow":"follow","max-snippet":"max-snippet:-1","max-image-preview":"max-image-preview:large","max-video-preview":"max-video-preview:-1"},"canonical":"https:\/\/endormoonstore.com\/spider-gwen-spider-man-across-the-spider-verse-marvel-legends-series\/","og_locale":"en_US","og_type":"article","og_title":"Spider-Gwen Spider-Man Across The Spider-Verse Marvel Legends Series - EndormoonStore","og_description":"Figura de acci\u00f3n de Spider-Gwen de 15 cm de Marvel Legends Series, inspirada en \"Across The Spider-Verse\". Ideal para coleccionistas y fan\u00e1ticos","og_url":"https:\/\/endormoonstore.com\/spider-gwen-spider-man-across-the-spider-verse-marvel-legends-series\/","og_site_name":"EndormoonStore","article_modified_time":"2025-01-16T19:40:33+00:00","og_image":[{"width":1000,"height":1000,"url":"https:\/\/endormoonstore.com\/wp-content\/uploads\/2025\/01\/Spider-Gwen-Spider-Man-Across-The-Spider-Verse-Marvel-Legends-Series-1.jpg","type":"image\/jpeg"}],"twitter_card":"summary_large_image","twitter_misc":{"Est. reading time":"3 minutes"},"schema":{"@context":"https:\/\/schema.org","@graph":[{"@type":"WebPage","@id":"https:\/\/endormoonstore.com\/spider-gwen-spider-man-across-the-spider-verse-marvel-legends-series\/","url":"https:\/\/endormoonstore.com\/spider-gwen-spider-man-across-the-spider-verse-marvel-legends-series\/","name":"Spider-Gwen Spider-Man Across The Spider-Verse Marvel Legends Series - EndormoonStore","isPartOf":{"@id":"https:\/\/endormoonstore.com\/#website"},"primaryImageOfPage":{"@id":"https:\/\/endormoonstore.com\/spider-gwen-spider-man-across-the-spider-verse-marvel-legends-series\/#primaryimage"},"image":{"@id":"https:\/\/endormoonstore.com\/spider-gwen-spider-man-across-the-spider-verse-marvel-legends-series\/#primaryimage"},"thumbnailUrl":"https:\/\/endormoonstore.com\/wp-content\/uploads\/2025\/01\/Spider-Gwen-Spider-Man-Across-The-Spider-Verse-Marvel-Legends-Series-1.jpg","datePublished":"2024-12-10T00:00:04+00:00","dateModified":"2025-01-16T19:40:33+00:00","description":"Figura de acci\u00f3n de Spider-Gwen de 15 cm de Marvel Legends Series, inspirada en \"Across The Spider-Verse\". Ideal para coleccionistas y fan\u00e1ticos","breadcrumb":{"@id":"https:\/\/endormoonstore.com\/spider-gwen-spider-man-across-the-spider-verse-marvel-legends-series\/#breadcrumb"},"inLanguage":"en-US","potentialAction":[{"@type":"ReadAction","target":["https:\/\/endormoonstore.com\/spider-gwen-spider-man-across-the-spider-verse-marvel-legends-series\/"]}]},{"@type":"ImageObject","inLanguage":"en-US","@id":"https:\/\/endormoonstore.com\/spider-gwen-spider-man-across-the-spider-verse-marvel-legends-series\/#primaryimage","url":"https:\/\/endormoonstore.com\/wp-content\/uploads\/2025\/01\/Spider-Gwen-Spider-Man-Across-The-Spider-Verse-Marvel-Legends-Series-1.jpg","contentUrl":"https:\/\/endormoonstore.com\/wp-content\/uploads\/2025\/01\/Spider-Gwen-Spider-Man-Across-The-Spider-Verse-Marvel-Legends-Series-1.jpg","width":1000,"height":1000,"caption":"Figura de acci\u00f3n de Spider-Gwen de Marvel Legends Series, inspirada en \"Across The Spider-Verse\"."},{"@type":"BreadcrumbList","@id":"https:\/\/endormoonstore.com\/spider-gwen-spider-man-across-the-spider-verse-marvel-legends-series\/#breadcrumb","itemListElement":[{"@type":"ListItem","position":1,"name":"Shop","item":"https:\/\/endormoonstore.com\/en\/shop\/"},{"@type":"ListItem","position":2,"name":"Spider-Gwen Spider-Man Across The Spider-Verse Marvel Legends Series"}]},{"@type":"WebSite","@id":"https:\/\/endormoonstore.com\/#website","url":"https:\/\/endormoonstore.com\/","name":"EndormoonStore","description":"","potentialAction":[{"@type":"SearchAction","target":{"@type":"EntryPoint","urlTemplate":"https:\/\/endormoonstore.com\/?s={search_term_string}"},"query-input":{"@type":"PropertyValueSpecification","valueRequired":true,"valueName":"search_term_string"}}],"inLanguage":"en-US"}]}},"taxonomy_info":{"product_cat":[{"value":1390,"label":"Figures"},{"value":13511,"label":"New Arrivals"}],"pa_brand":[{"value":2084,"label":"Hasbro"}],"pa_character":[{"value":15262,"label":"Spider-Gwen"}],"pa_episode":[{"value":14143,"label":"Spider-Man: Across the Spider-Verse"}],"pa_license":[{"value":1642,"label":"Marvel"}],"pa_product-type":[{"value":2387,"label":"Figure"}],"pa_theme":[{"value":2071,"label":"Marvel Legends Series"}]},"featured_image_src_large":["https:\/\/endormoonstore.com\/wp-content\/uploads\/2025\/01\/Spider-Gwen-Spider-Man-Across-The-Spider-Verse-Marvel-Legends-Series-1.jpg",1000,1000,false],"author_info":[],"comment_info":"","_links":{"self":[{"href":"https:\/\/endormoonstore.com\/en\/wp-json\/wp\/v2\/product\/169213","targetHints":{"allow":["GET"]}}],"collection":[{"href":"https:\/\/endormoonstore.com\/en\/wp-json\/wp\/v2\/product"}],"about":[{"href":"https:\/\/endormoonstore.com\/en\/wp-json\/wp\/v2\/types\/product"}],"wp:featuredmedia":[{"embeddable":true,"href":"https:\/\/endormoonstore.com\/en\/wp-json\/wp\/v2\/media\/169195"}],"wp:attachment":[{"href":"https:\/\/endormoonstore.com\/en\/wp-json\/wp\/v2\/media?parent=169213"}],"wp:term":[{"taxonomy":"product_cat","embeddable":true,"href":"https:\/\/endormoonstore.com\/en\/wp-json\/wp\/v2\/product_cat?post=169213"},{"taxonomy":"product_tag","embeddable":true,"href":"https:\/\/endormoonstore.com\/en\/wp-json\/wp\/v2\/product_tag?post=169213"}],"curies":[{"name":"wp","href":"https:\/\/api.w.org\/{rel}","templated":true}]}}