{"id":168850,"date":"2024-11-05T01:50:00","date_gmt":"2024-11-05T00:50:00","guid":{"rendered":"https:\/\/endormoonstore.com\/cassian-andor-star-wars-the-black-series-star-wars-andor\/"},"modified":"2024-12-18T21:21:09","modified_gmt":"2024-12-18T20:21:09","slug":"cassian-andor-star-wars-the-black-series-star-wars-andor","status":"publish","type":"product","link":"https:\/\/endormoonstore.com\/en\/cassian-andor-star-wars-the-black-series-star-wars-andor\/","title":{"rendered":"Cassian Andor Star Wars The Black Series Star Wars: Andor"},"content":{"rendered":"<h4 class=\"p1\"><strong>Cassian Andor Star Wars The Black Series Star Wars: Andor<\/strong><\/h4>\n<ul>\n<li>Descubre la figura de\u00a0Cassian Andor\u00a0de la serie &#8220;Star Wars: Andor&#8221; de Disney+. Esta figura de acci\u00f3n, basada en su apariencia en la serie, mide aproximadamente\u00a015 cm\u00a0y cuenta con m\u00faltiples puntos de articulaci\u00f3n y detalles premium. Adem\u00e1s, incluye\u00a02 blasters, permitiendo recrear escenas ic\u00f3nicas de la serie.<\/li>\n<li>Embalaje en caja con ventana:\u00a0Muestra el fandom de Star Wars en tu estante con un empaque en caja con ventana que presenta un elegante dise\u00f1o de personajes. Adem\u00e1s, busca m\u00e1s figuras de acci\u00f3n de Star Wars Black Series para crear una colecci\u00f3n de proporciones gal\u00e1cticas en tu estanter\u00eda (se venden por separado y est\u00e1n sujetas a disponibilidad). Met\u00f3dico, refinado y ambicioso, Cassian Andor encarna los ideales de la Rebeli\u00f3n. Siempre est\u00e1 alerta, recopilando y analizando informaci\u00f3n de toda la galaxia.<\/li>\n<li>El viaje de Andor contin\u00faa. Cassian Andor sigue el camino que lo convertir\u00e1 en un l\u00edder de la Rebeli\u00f3n. A medida que aumentan las tensiones pol\u00edticas, se ve obligado a estar a la altura de las circunstancias y defender todo lo que cree. Por lo tanto, a\u00f1ade la figura de Cassian Andor a tu colecci\u00f3n y revive las emocionantes aventuras de &#8220;Star Wars: Andor&#8221;.<\/li>\n<\/ul>\n<h4 class=\"p1\"><b>Sobre el Personaje y Star Wars:<\/b><\/h4>\n<ul>\n<li>Cassian Andor es un esp\u00eda rebelde conocido por su astucia y determinaci\u00f3n. Met\u00f3dico, refinado y ambicioso, encarna los ideales de la Rebeli\u00f3n. Siempre est\u00e1 alerta, recopilando y analizando informaci\u00f3n de toda la galaxia. Su papel en la serie &#8220;Star Wars: Andor&#8221; lo muestra como un protagonista formidable, siempre un paso adelante en su misi\u00f3n de luchar contra el Imperio. Su car\u00e1cter fr\u00edo y calculador lo convierte en una de las figuras m\u00e1s intrigantes del universo Star Wars.<\/li>\n<li>La serie, protagonizada por Diego Luna, ofrece una perspectiva m\u00e1s oscura y madura dentro del universo Star Wars. Inspirada en el espionaje y la resistencia, &#8220;Andor&#8221; explora los or\u00edgenes de la Rebeli\u00f3n y los sacrificios necesarios para luchar contra el Imperio. Con una est\u00e9tica realista y una narrativa profunda, la serie ha sido aclamada por su enfoque innovador y su desarrollo de personajes.<\/li>\n<li>Star Wars es una franquicia de ciencia ficci\u00f3n creada por George Lucas. Desde su debut en 1977, Star Wars ha crecido hasta convertirse en un fen\u00f3meno cultural global. Con pel\u00edculas, series de televisi\u00f3n, libros, c\u00f3mics y una amplia gama de productos de merchandising, la saga sigue las aventuras de personajes ic\u00f3nicos en una galaxia muy, muy lejana. Adem\u00e1s, explora temas de lucha entre el bien y el mal, la redenci\u00f3n y la esperanza. La franquicia ha influenciado a generaciones de fans y sigue siendo una parte integral de la cultura popular.<\/li>\n<\/ul>\n<h4 class=\"p1\"><b>Sobre Hasbro y su l\u00ednea de productos Star Wars:<\/b><\/h4>\n<ul class=\"ul1\">\n<li class=\"li1\">Hasbro es una empresa l\u00edder en la fabricaci\u00f3n de productos de entretenimiento y coleccionables. Su l\u00ednea de productos Star Wars incluye:<\/li>\n<li class=\"li1\"><b>The Black Series:<\/b>\u00a0Esta colecci\u00f3n incluye figuras de acci\u00f3n de 6 pulgadas (aproximadamente 15 cm), cascos a escala 1:1 y sables de luz Force FX. Los productos de esta l\u00ednea est\u00e1n dise\u00f1ados con detalles premium y m\u00faltiples puntos de articulaci\u00f3n. Son ideales para coleccionistas y fans de todas las edades. Adem\u00e1s, The Black Series destaca por su alta calidad y precisi\u00f3n en la representaci\u00f3n de personajes y objetos del universo Star Wars.<\/li>\n<li class=\"li1\"><b>The Vintage Collection:<\/b>\u00a0Esta l\u00ednea presenta figuras de 3.75 pulgadas (aproximadamente 9,5 cm) con detalles y dise\u00f1o inspirados en la l\u00ednea original de juguetes de Kenner. Igualmente, incluye veh\u00edculos y dioramas altamente detallados que evocan la nostalgia de los fans de Star Wars. The Vintage Collection destaca por su fidelidad a los dise\u00f1os cl\u00e1sicos y su capacidad para capturar la esencia de la saga original.<\/li>\n<li class=\"li1\"><b>The Retro Collection:<\/b>\u00a0Esta l\u00ednea recrea las figuras originales de Star Wars de los a\u00f1os 70 y 80, con un dise\u00f1o y detalles inspirados en los juguetes de Kenner de esa \u00e9poca. Las figuras de 3.75 pulgadas (aproximadamente 9,5 cm) tienen 5 puntos de articulaci\u00f3n y son muy populares entre los que buscan un toque de nostalgia.<\/li>\n<\/ul>\n","protected":false},"excerpt":{"rendered":"<h4 class=\"p1\"><strong>Cassian Andor Star Wars The Black Series Star Wars: Andor<\/strong><\/h4>\n<p>Descubre la figura de\u00a0Cassian Andor\u00a0de la serie &#8220;Star Wars: Andor&#8221; de Disney+. Esta figura de acci\u00f3n, basada en su apariencia en la serie, mide aproximadamente\u00a015 cm\u00a0y cuenta con m\u00faltiples puntos de articulaci\u00f3n y detalles premium. Adem\u00e1s, incluye\u00a02 blasters, permitiendo recrear escenas ic\u00f3nicas de la serie.<\/p>\n","protected":false},"featured_media":168832,"template":"","meta":{"_acf_changed":false,"_kad_blocks_custom_css":"","_kad_blocks_head_custom_js":"","_kad_blocks_body_custom_js":"","_kad_blocks_footer_custom_js":""},"product_cat":[1390,13511],"product_tag":[],"class_list":{"0":"post-168850","1":"product","2":"type-product","3":"status-publish","4":"has-post-thumbnail","6":"product_cat-figures","7":"product_cat-new-arrivals","8":"pa_brand-hasbro-en","9":"pa_character-cassian-andor-en","10":"pa_episode-star-wars-andor-en","11":"pa_license-star-wars-en","12":"pa_product-type-figure","13":"pa_theme-the-black-series-en","15":"first","16":"instock","17":"taxable","18":"shipping-taxable","19":"purchasable","20":"product-type-simple"},"acf":[],"yoast_head":"<!-- This site is optimized with the Yoast SEO plugin v26.1.1 - https:\/\/yoast.com\/wordpress\/plugins\/seo\/ -->\n<title>Cassian Andor Star Wars The Black Series Star Wars: Andor - EndormoonStore<\/title>\n<meta name=\"description\" content=\"Figura de acci\u00f3n de Cassian Andor de &quot;Star Wars: Andor&quot; de 15 cm, con detalles premium y accesorios. A\u00f1\u00e1dela a tu colecci\u00f3n. EAN: 5010996269560.\" \/>\n<meta name=\"robots\" content=\"index, follow, max-snippet:-1, max-image-preview:large, max-video-preview:-1\" \/>\n<link rel=\"canonical\" href=\"https:\/\/endormoonstore.com\/en\/cassian-andor-star-wars-the-black-series-star-wars-andor\/\" \/>\n<meta property=\"og:locale\" content=\"en_US\" \/>\n<meta property=\"og:type\" content=\"article\" \/>\n<meta property=\"og:title\" content=\"Cassian Andor Star Wars The Black Series Star Wars: Andor - EndormoonStore\" \/>\n<meta property=\"og:description\" content=\"Figura de acci\u00f3n de Cassian Andor de &quot;Star Wars: Andor&quot; de 15 cm, con detalles premium y accesorios. A\u00f1\u00e1dela a tu colecci\u00f3n. EAN: 5010996269560.\" \/>\n<meta property=\"og:url\" content=\"https:\/\/endormoonstore.com\/en\/cassian-andor-star-wars-the-black-series-star-wars-andor\/\" \/>\n<meta property=\"og:site_name\" content=\"EndormoonStore\" \/>\n<meta property=\"article:modified_time\" content=\"2024-12-18T20:21:09+00:00\" \/>\n<meta property=\"og:image\" content=\"https:\/\/endormoonstore.com\/wp-content\/uploads\/2024\/12\/Cassian-Andor-Star-Wars-The-Black-Series-Star-Wars-Andor-1.jpg\" \/>\n\t<meta property=\"og:image:width\" content=\"1000\" \/>\n\t<meta property=\"og:image:height\" content=\"1000\" \/>\n\t<meta property=\"og:image:type\" content=\"image\/jpeg\" \/>\n<meta name=\"twitter:card\" content=\"summary_large_image\" \/>\n<meta name=\"twitter:label1\" content=\"Est. reading time\" \/>\n\t<meta name=\"twitter:data1\" content=\"4 minutes\" \/>\n<script type=\"application\/ld+json\" class=\"yoast-schema-graph\">{\"@context\":\"https:\/\/schema.org\",\"@graph\":[{\"@type\":\"WebPage\",\"@id\":\"https:\/\/endormoonstore.com\/en\/cassian-andor-star-wars-the-black-series-star-wars-andor\/\",\"url\":\"https:\/\/endormoonstore.com\/en\/cassian-andor-star-wars-the-black-series-star-wars-andor\/\",\"name\":\"Cassian Andor Star Wars The Black Series Star Wars: Andor - EndormoonStore\",\"isPartOf\":{\"@id\":\"https:\/\/endormoonstore.com\/#website\"},\"primaryImageOfPage\":{\"@id\":\"https:\/\/endormoonstore.com\/en\/cassian-andor-star-wars-the-black-series-star-wars-andor\/#primaryimage\"},\"image\":{\"@id\":\"https:\/\/endormoonstore.com\/en\/cassian-andor-star-wars-the-black-series-star-wars-andor\/#primaryimage\"},\"thumbnailUrl\":\"https:\/\/endormoonstore.com\/wp-content\/uploads\/2024\/12\/Cassian-Andor-Star-Wars-The-Black-Series-Star-Wars-Andor-1.jpg\",\"datePublished\":\"2024-11-05T00:50:00+00:00\",\"dateModified\":\"2024-12-18T20:21:09+00:00\",\"description\":\"Figura de acci\u00f3n de Cassian Andor de \\\"Star Wars: Andor\\\" de 15 cm, con detalles premium y accesorios. A\u00f1\u00e1dela a tu colecci\u00f3n. EAN: 5010996269560.\",\"breadcrumb\":{\"@id\":\"https:\/\/endormoonstore.com\/en\/cassian-andor-star-wars-the-black-series-star-wars-andor\/#breadcrumb\"},\"inLanguage\":\"en-US\",\"potentialAction\":[{\"@type\":\"ReadAction\",\"target\":[\"https:\/\/endormoonstore.com\/en\/cassian-andor-star-wars-the-black-series-star-wars-andor\/\"]}]},{\"@type\":\"ImageObject\",\"inLanguage\":\"en-US\",\"@id\":\"https:\/\/endormoonstore.com\/en\/cassian-andor-star-wars-the-black-series-star-wars-andor\/#primaryimage\",\"url\":\"https:\/\/endormoonstore.com\/wp-content\/uploads\/2024\/12\/Cassian-Andor-Star-Wars-The-Black-Series-Star-Wars-Andor-1.jpg\",\"contentUrl\":\"https:\/\/endormoonstore.com\/wp-content\/uploads\/2024\/12\/Cassian-Andor-Star-Wars-The-Black-Series-Star-Wars-Andor-1.jpg\",\"width\":1000,\"height\":1000,\"caption\":\"Figura de acci\u00f3n de Cassian Andor de la serie \\\"Star Wars: Andor\\\" de Disney+, parte de la colecci\u00f3n The Black Series de Hasbro.\"},{\"@type\":\"BreadcrumbList\",\"@id\":\"https:\/\/endormoonstore.com\/en\/cassian-andor-star-wars-the-black-series-star-wars-andor\/#breadcrumb\",\"itemListElement\":[{\"@type\":\"ListItem\",\"position\":1,\"name\":\"Shop\",\"item\":\"https:\/\/endormoonstore.com\/en\/shop\/\"},{\"@type\":\"ListItem\",\"position\":2,\"name\":\"Cassian Andor Star Wars The Black Series Star Wars: Andor\"}]},{\"@type\":\"WebSite\",\"@id\":\"https:\/\/endormoonstore.com\/#website\",\"url\":\"https:\/\/endormoonstore.com\/\",\"name\":\"EndormoonStore\",\"description\":\"\",\"potentialAction\":[{\"@type\":\"SearchAction\",\"target\":{\"@type\":\"EntryPoint\",\"urlTemplate\":\"https:\/\/endormoonstore.com\/?s={search_term_string}\"},\"query-input\":{\"@type\":\"PropertyValueSpecification\",\"valueRequired\":true,\"valueName\":\"search_term_string\"}}],\"inLanguage\":\"en-US\"}]}<\/script>\n<!-- \/ Yoast SEO plugin. -->","yoast_head_json":{"title":"Cassian Andor Star Wars The Black Series Star Wars: Andor - EndormoonStore","description":"Figura de acci\u00f3n de Cassian Andor de \"Star Wars: Andor\" de 15 cm, con detalles premium y accesorios. A\u00f1\u00e1dela a tu colecci\u00f3n. EAN: 5010996269560.","robots":{"index":"index","follow":"follow","max-snippet":"max-snippet:-1","max-image-preview":"max-image-preview:large","max-video-preview":"max-video-preview:-1"},"canonical":"https:\/\/endormoonstore.com\/en\/cassian-andor-star-wars-the-black-series-star-wars-andor\/","og_locale":"en_US","og_type":"article","og_title":"Cassian Andor Star Wars The Black Series Star Wars: Andor - EndormoonStore","og_description":"Figura de acci\u00f3n de Cassian Andor de \"Star Wars: Andor\" de 15 cm, con detalles premium y accesorios. A\u00f1\u00e1dela a tu colecci\u00f3n. EAN: 5010996269560.","og_url":"https:\/\/endormoonstore.com\/en\/cassian-andor-star-wars-the-black-series-star-wars-andor\/","og_site_name":"EndormoonStore","article_modified_time":"2024-12-18T20:21:09+00:00","og_image":[{"width":1000,"height":1000,"url":"https:\/\/endormoonstore.com\/wp-content\/uploads\/2024\/12\/Cassian-Andor-Star-Wars-The-Black-Series-Star-Wars-Andor-1.jpg","type":"image\/jpeg"}],"twitter_card":"summary_large_image","twitter_misc":{"Est. reading time":"4 minutes"},"schema":{"@context":"https:\/\/schema.org","@graph":[{"@type":"WebPage","@id":"https:\/\/endormoonstore.com\/en\/cassian-andor-star-wars-the-black-series-star-wars-andor\/","url":"https:\/\/endormoonstore.com\/en\/cassian-andor-star-wars-the-black-series-star-wars-andor\/","name":"Cassian Andor Star Wars The Black Series Star Wars: Andor - EndormoonStore","isPartOf":{"@id":"https:\/\/endormoonstore.com\/#website"},"primaryImageOfPage":{"@id":"https:\/\/endormoonstore.com\/en\/cassian-andor-star-wars-the-black-series-star-wars-andor\/#primaryimage"},"image":{"@id":"https:\/\/endormoonstore.com\/en\/cassian-andor-star-wars-the-black-series-star-wars-andor\/#primaryimage"},"thumbnailUrl":"https:\/\/endormoonstore.com\/wp-content\/uploads\/2024\/12\/Cassian-Andor-Star-Wars-The-Black-Series-Star-Wars-Andor-1.jpg","datePublished":"2024-11-05T00:50:00+00:00","dateModified":"2024-12-18T20:21:09+00:00","description":"Figura de acci\u00f3n de Cassian Andor de \"Star Wars: Andor\" de 15 cm, con detalles premium y accesorios. A\u00f1\u00e1dela a tu colecci\u00f3n. EAN: 5010996269560.","breadcrumb":{"@id":"https:\/\/endormoonstore.com\/en\/cassian-andor-star-wars-the-black-series-star-wars-andor\/#breadcrumb"},"inLanguage":"en-US","potentialAction":[{"@type":"ReadAction","target":["https:\/\/endormoonstore.com\/en\/cassian-andor-star-wars-the-black-series-star-wars-andor\/"]}]},{"@type":"ImageObject","inLanguage":"en-US","@id":"https:\/\/endormoonstore.com\/en\/cassian-andor-star-wars-the-black-series-star-wars-andor\/#primaryimage","url":"https:\/\/endormoonstore.com\/wp-content\/uploads\/2024\/12\/Cassian-Andor-Star-Wars-The-Black-Series-Star-Wars-Andor-1.jpg","contentUrl":"https:\/\/endormoonstore.com\/wp-content\/uploads\/2024\/12\/Cassian-Andor-Star-Wars-The-Black-Series-Star-Wars-Andor-1.jpg","width":1000,"height":1000,"caption":"Figura de acci\u00f3n de Cassian Andor de la serie \"Star Wars: Andor\" de Disney+, parte de la colecci\u00f3n The Black Series de Hasbro."},{"@type":"BreadcrumbList","@id":"https:\/\/endormoonstore.com\/en\/cassian-andor-star-wars-the-black-series-star-wars-andor\/#breadcrumb","itemListElement":[{"@type":"ListItem","position":1,"name":"Shop","item":"https:\/\/endormoonstore.com\/en\/shop\/"},{"@type":"ListItem","position":2,"name":"Cassian Andor Star Wars The Black Series Star Wars: Andor"}]},{"@type":"WebSite","@id":"https:\/\/endormoonstore.com\/#website","url":"https:\/\/endormoonstore.com\/","name":"EndormoonStore","description":"","potentialAction":[{"@type":"SearchAction","target":{"@type":"EntryPoint","urlTemplate":"https:\/\/endormoonstore.com\/?s={search_term_string}"},"query-input":{"@type":"PropertyValueSpecification","valueRequired":true,"valueName":"search_term_string"}}],"inLanguage":"en-US"}]}},"taxonomy_info":{"product_cat":[{"value":1390,"label":"Figures"},{"value":13511,"label":"New Arrivals"}],"pa_brand":[{"value":2084,"label":"Hasbro"}],"pa_character":[{"value":8390,"label":"Cassian Andor"}],"pa_episode":[{"value":13424,"label":"Star Wars: Andor"}],"pa_license":[{"value":1644,"label":"Star Wars"}],"pa_product-type":[{"value":2387,"label":"Figure"}],"pa_theme":[{"value":2552,"label":"The Black Series"}]},"featured_image_src_large":["https:\/\/endormoonstore.com\/wp-content\/uploads\/2024\/12\/Cassian-Andor-Star-Wars-The-Black-Series-Star-Wars-Andor-1.jpg",1000,1000,false],"author_info":[],"comment_info":"","_links":{"self":[{"href":"https:\/\/endormoonstore.com\/en\/wp-json\/wp\/v2\/product\/168850","targetHints":{"allow":["GET"]}}],"collection":[{"href":"https:\/\/endormoonstore.com\/en\/wp-json\/wp\/v2\/product"}],"about":[{"href":"https:\/\/endormoonstore.com\/en\/wp-json\/wp\/v2\/types\/product"}],"wp:featuredmedia":[{"embeddable":true,"href":"https:\/\/endormoonstore.com\/en\/wp-json\/wp\/v2\/media\/168832"}],"wp:attachment":[{"href":"https:\/\/endormoonstore.com\/en\/wp-json\/wp\/v2\/media?parent=168850"}],"wp:term":[{"taxonomy":"product_cat","embeddable":true,"href":"https:\/\/endormoonstore.com\/en\/wp-json\/wp\/v2\/product_cat?post=168850"},{"taxonomy":"product_tag","embeddable":true,"href":"https:\/\/endormoonstore.com\/en\/wp-json\/wp\/v2\/product_tag?post=168850"}],"curies":[{"name":"wp","href":"https:\/\/api.w.org\/{rel}","templated":true}]}}