{"id":168722,"date":"2025-03-01T00:40:14","date_gmt":"2025-02-28T23:40:14","guid":{"rendered":"https:\/\/endormoonstore.com\/agent-venom-flash-thompson-spider-man-marvel-legends-series\/"},"modified":"2024-12-15T22:09:20","modified_gmt":"2024-12-15T21:09:20","slug":"agent-venom-flash-thompson-spider-man-marvel-legends-series","status":"publish","type":"product","link":"https:\/\/endormoonstore.com\/en\/agent-venom-flash-thompson-spider-man-marvel-legends-series\/","title":{"rendered":"Agent Venom (Flash Thompson) Spider-Man Marvel Legends Series"},"content":{"rendered":"<h4>Agent Venom (Flash Thompson) Spider-Man Marvel Legends Series<\/h4>\n<ul>\n<li>Agent Venom (Flash Thompson) se incorpora a la l\u00ednea Marvel Legends Series de Hasbro. Esta figura articulada, inspirada en su apariencia en los c\u00f3mics de &#8220;Spider-Man&#8221;, mide 15 cm. Contiene una cabeza alternativa para mostrarlo con m\u00e1scara, dos pares de manos y dos armas. Muestra esta figura en tu estante con un empaque coleccionable dise\u00f1ado para recrear los lanzamientos cl\u00e1sicos de Marvel Legends.<\/li>\n<li>Flash Thompson, como Agent Venom, utiliza un traje de par\u00e1sito alien\u00edgena que le otorga poderes similares a los de una ara\u00f1a. La figura de acci\u00f3n coleccionable tiene m\u00e1s de 20 puntos de articulaci\u00f3n con cabeza, brazos y piernas totalmente articulables para poses din\u00e1micas en su estante. Hasbro la fabrica con materiales de alta calidad, asegurando durabilidad y detalle.<\/li>\n<li>Lleva la emoci\u00f3n del Universo Marvel a tu colecci\u00f3n con esta figura detallada y articulada. \u00a1Aseg\u00farate de que esta pieza esencial de Marvel est\u00e9 en tu colecci\u00f3n!<\/li>\n<\/ul>\n<h4>Agent Venom (Flash Thompson)\u00a0y Marvel:<\/h4>\n<ul>\n<li>Agent Venom (Flash Thompson): Agent Venom es una versi\u00f3n de Flash Thompson, un personaje del universo Marvel que se convierte en un h\u00e9roe despu\u00e9s de unirse a un traje de par\u00e1sito alien\u00edgena. Este traje le otorga poderes similares a los de Spider-Man, incluyendo fuerza sobrehumana, agilidad y la capacidad de generar telara\u00f1as. Flash Thompson, conocido por su valent\u00eda y determinaci\u00f3n, utiliza estos poderes para luchar contra el crimen y proteger a los inocentes. En los c\u00f3mics de &#8220;Spider-Man&#8221;, se transforma de un mat\u00f3n escolar a un h\u00e9roe, enfrentando desaf\u00edos tanto personales como sobrenaturales. Adem\u00e1s de los c\u00f3mics, Agent Venom tambi\u00e9n aparece en la serie animada &#8220;Ultimate Spider-Man&#8221;<\/li>\n<li>Marvel es una de las editoriales de c\u00f3mics m\u00e1s grandes y populares del mundo, fundada en 1939. Conocida por crear algunos de los superh\u00e9roes m\u00e1s ic\u00f3nicos, como Spider-Man, Iron Man, y los X-Men, Marvel ha expandido su universo a trav\u00e9s de pel\u00edculas, series de televisi\u00f3n y videojuegos, convirti\u00e9ndose en un pilar de la cultura pop moderna.<\/li>\n<\/ul>\n<h4>Sobre Hasbro y su linea Marvel Legends Series:<\/h4>\n<ul>\n<li>Hasbro es una empresa multinacional de juguetes y entretenimiento fundada en 1923. Con sede en Pawtucket, Rhode Island, Hasbro es conocida por sus marcas ic\u00f3nicas como Transformers, G.I. Joe, y My Little Pony. Adem\u00e1s de juguetes, Hasbro tambi\u00e9n produce juegos de mesa y productos de entretenimiento, y ha adquirido varias otras compa\u00f1\u00edas de juguetes a lo largo de los a\u00f1os.<\/li>\n<li>La l\u00ednea Marvel Legends Series de Hasbro es una colecci\u00f3n de figuras de acci\u00f3n altamente detalladas y articuladas, basadas en personajes del universo Marvel. Lanzada por primera vez en 2002, esta l\u00ednea ha sido popular entre coleccionistas y fan\u00e1ticos por su calidad y fidelidad a los personajes de los c\u00f3mics y pel\u00edculas. Las figuras suelen incluir accesorios intercambiables y piezas adicionales para crear poses din\u00e1micas.<\/li>\n<\/ul>\n","protected":false},"excerpt":{"rendered":"<p><strong>Agent Venom (Flash Thompson) Spider-Man Marvel Legends Series<\/strong><\/p>\n<p>Agent Venom (Flash Thompson) se incorpora a la l\u00ednea Marvel Legends Series de Hasbro. Esta figura articulada, inspirada en su apariencia en los c\u00f3mics de &#8220;Spider-Man&#8221;, mide 15 cm. Contiene una cabeza alternativa para mostrarlo con m\u00e1scara, dos pares de manos y dos armas. Muestra esta figura en tu estante con un empaque coleccionable dise\u00f1ado para recrear los lanzamientos cl\u00e1sicos de Marvel Legends.<\/p>\n","protected":false},"featured_media":168704,"template":"","meta":{"_acf_changed":false,"_kad_blocks_custom_css":"","_kad_blocks_head_custom_js":"","_kad_blocks_body_custom_js":"","_kad_blocks_footer_custom_js":""},"product_cat":[1390,13511],"product_tag":[],"class_list":{"0":"post-168722","1":"product","2":"type-product","3":"status-publish","4":"has-post-thumbnail","6":"product_cat-figures","7":"product_cat-new-arrivals","8":"pa_brand-hasbro-en","9":"pa_character-agent-venom-en","10":"pa_license-marvel-en","11":"pa_product-type-figure","12":"pa_theme-marvel-legends-series-en","14":"first","15":"outofstock","16":"taxable","17":"shipping-taxable","18":"purchasable","19":"product-type-simple"},"acf":[],"yoast_head":"<!-- This site is optimized with the Yoast SEO plugin v26.1.1 - https:\/\/yoast.com\/wordpress\/plugins\/seo\/ -->\n<title>Agent Venom (Flash Thompson) Spider-Man Marvel Legends Series - EndormoonStore<\/title>\n<meta name=\"description\" content=\"A\u00f1ade la figura de acci\u00f3n Agent Venom (Flash Thompson) de 15 cm a tu colecci\u00f3n Marvel Legends Series. Incluye cabeza, manos y armas. EAN: 5010996282705.\" \/>\n<meta name=\"robots\" content=\"index, follow, max-snippet:-1, max-image-preview:large, max-video-preview:-1\" \/>\n<link rel=\"canonical\" href=\"https:\/\/endormoonstore.com\/en\/agent-venom-flash-thompson-spider-man-marvel-legends-series\/\" \/>\n<meta property=\"og:locale\" content=\"en_US\" \/>\n<meta property=\"og:type\" content=\"article\" \/>\n<meta property=\"og:title\" content=\"Agent Venom (Flash Thompson) Spider-Man Marvel Legends Series - EndormoonStore\" \/>\n<meta property=\"og:description\" content=\"A\u00f1ade la figura de acci\u00f3n Agent Venom (Flash Thompson) de 15 cm a tu colecci\u00f3n Marvel Legends Series. Incluye cabeza, manos y armas. EAN: 5010996282705.\" \/>\n<meta property=\"og:url\" content=\"https:\/\/endormoonstore.com\/en\/agent-venom-flash-thompson-spider-man-marvel-legends-series\/\" \/>\n<meta property=\"og:site_name\" content=\"EndormoonStore\" \/>\n<meta property=\"og:image\" content=\"https:\/\/endormoonstore.com\/wp-content\/uploads\/2024\/12\/Agent-Venom-Flash-Thompson-Spider-Man-Marvel-Legends-Series-1.jpg\" \/>\n\t<meta property=\"og:image:width\" content=\"1000\" \/>\n\t<meta property=\"og:image:height\" content=\"1000\" \/>\n\t<meta property=\"og:image:type\" content=\"image\/jpeg\" \/>\n<meta name=\"twitter:card\" content=\"summary_large_image\" \/>\n<meta name=\"twitter:label1\" content=\"Est. reading time\" \/>\n\t<meta name=\"twitter:data1\" content=\"3 minutes\" \/>\n<script type=\"application\/ld+json\" class=\"yoast-schema-graph\">{\"@context\":\"https:\/\/schema.org\",\"@graph\":[{\"@type\":\"WebPage\",\"@id\":\"https:\/\/endormoonstore.com\/en\/agent-venom-flash-thompson-spider-man-marvel-legends-series\/\",\"url\":\"https:\/\/endormoonstore.com\/en\/agent-venom-flash-thompson-spider-man-marvel-legends-series\/\",\"name\":\"Agent Venom (Flash Thompson) Spider-Man Marvel Legends Series - EndormoonStore\",\"isPartOf\":{\"@id\":\"https:\/\/endormoonstore.com\/#website\"},\"primaryImageOfPage\":{\"@id\":\"https:\/\/endormoonstore.com\/en\/agent-venom-flash-thompson-spider-man-marvel-legends-series\/#primaryimage\"},\"image\":{\"@id\":\"https:\/\/endormoonstore.com\/en\/agent-venom-flash-thompson-spider-man-marvel-legends-series\/#primaryimage\"},\"thumbnailUrl\":\"https:\/\/endormoonstore.com\/wp-content\/uploads\/2024\/12\/Agent-Venom-Flash-Thompson-Spider-Man-Marvel-Legends-Series-1.jpg\",\"datePublished\":\"2025-02-28T23:40:14+00:00\",\"description\":\"A\u00f1ade la figura de acci\u00f3n Agent Venom (Flash Thompson) de 15 cm a tu colecci\u00f3n Marvel Legends Series. Incluye cabeza, manos y armas. EAN: 5010996282705.\",\"breadcrumb\":{\"@id\":\"https:\/\/endormoonstore.com\/en\/agent-venom-flash-thompson-spider-man-marvel-legends-series\/#breadcrumb\"},\"inLanguage\":\"en-US\",\"potentialAction\":[{\"@type\":\"ReadAction\",\"target\":[\"https:\/\/endormoonstore.com\/en\/agent-venom-flash-thompson-spider-man-marvel-legends-series\/\"]}]},{\"@type\":\"ImageObject\",\"inLanguage\":\"en-US\",\"@id\":\"https:\/\/endormoonstore.com\/en\/agent-venom-flash-thompson-spider-man-marvel-legends-series\/#primaryimage\",\"url\":\"https:\/\/endormoonstore.com\/wp-content\/uploads\/2024\/12\/Agent-Venom-Flash-Thompson-Spider-Man-Marvel-Legends-Series-1.jpg\",\"contentUrl\":\"https:\/\/endormoonstore.com\/wp-content\/uploads\/2024\/12\/Agent-Venom-Flash-Thompson-Spider-Man-Marvel-Legends-Series-1.jpg\",\"width\":1000,\"height\":1000,\"caption\":\"Figura de acci\u00f3n Agent Venom (Flash Thompson) de 15 cm de la colecci\u00f3n Marvel Legends Series.\"},{\"@type\":\"BreadcrumbList\",\"@id\":\"https:\/\/endormoonstore.com\/en\/agent-venom-flash-thompson-spider-man-marvel-legends-series\/#breadcrumb\",\"itemListElement\":[{\"@type\":\"ListItem\",\"position\":1,\"name\":\"Shop\",\"item\":\"https:\/\/endormoonstore.com\/en\/shop\/\"},{\"@type\":\"ListItem\",\"position\":2,\"name\":\"Agent Venom (Flash Thompson) Spider-Man Marvel Legends Series\"}]},{\"@type\":\"WebSite\",\"@id\":\"https:\/\/endormoonstore.com\/#website\",\"url\":\"https:\/\/endormoonstore.com\/\",\"name\":\"EndormoonStore\",\"description\":\"\",\"potentialAction\":[{\"@type\":\"SearchAction\",\"target\":{\"@type\":\"EntryPoint\",\"urlTemplate\":\"https:\/\/endormoonstore.com\/?s={search_term_string}\"},\"query-input\":{\"@type\":\"PropertyValueSpecification\",\"valueRequired\":true,\"valueName\":\"search_term_string\"}}],\"inLanguage\":\"en-US\"}]}<\/script>\n<!-- \/ Yoast SEO plugin. -->","yoast_head_json":{"title":"Agent Venom (Flash Thompson) Spider-Man Marvel Legends Series - EndormoonStore","description":"A\u00f1ade la figura de acci\u00f3n Agent Venom (Flash Thompson) de 15 cm a tu colecci\u00f3n Marvel Legends Series. Incluye cabeza, manos y armas. EAN: 5010996282705.","robots":{"index":"index","follow":"follow","max-snippet":"max-snippet:-1","max-image-preview":"max-image-preview:large","max-video-preview":"max-video-preview:-1"},"canonical":"https:\/\/endormoonstore.com\/en\/agent-venom-flash-thompson-spider-man-marvel-legends-series\/","og_locale":"en_US","og_type":"article","og_title":"Agent Venom (Flash Thompson) Spider-Man Marvel Legends Series - EndormoonStore","og_description":"A\u00f1ade la figura de acci\u00f3n Agent Venom (Flash Thompson) de 15 cm a tu colecci\u00f3n Marvel Legends Series. Incluye cabeza, manos y armas. EAN: 5010996282705.","og_url":"https:\/\/endormoonstore.com\/en\/agent-venom-flash-thompson-spider-man-marvel-legends-series\/","og_site_name":"EndormoonStore","og_image":[{"width":1000,"height":1000,"url":"https:\/\/endormoonstore.com\/wp-content\/uploads\/2024\/12\/Agent-Venom-Flash-Thompson-Spider-Man-Marvel-Legends-Series-1.jpg","type":"image\/jpeg"}],"twitter_card":"summary_large_image","twitter_misc":{"Est. reading time":"3 minutes"},"schema":{"@context":"https:\/\/schema.org","@graph":[{"@type":"WebPage","@id":"https:\/\/endormoonstore.com\/en\/agent-venom-flash-thompson-spider-man-marvel-legends-series\/","url":"https:\/\/endormoonstore.com\/en\/agent-venom-flash-thompson-spider-man-marvel-legends-series\/","name":"Agent Venom (Flash Thompson) Spider-Man Marvel Legends Series - EndormoonStore","isPartOf":{"@id":"https:\/\/endormoonstore.com\/#website"},"primaryImageOfPage":{"@id":"https:\/\/endormoonstore.com\/en\/agent-venom-flash-thompson-spider-man-marvel-legends-series\/#primaryimage"},"image":{"@id":"https:\/\/endormoonstore.com\/en\/agent-venom-flash-thompson-spider-man-marvel-legends-series\/#primaryimage"},"thumbnailUrl":"https:\/\/endormoonstore.com\/wp-content\/uploads\/2024\/12\/Agent-Venom-Flash-Thompson-Spider-Man-Marvel-Legends-Series-1.jpg","datePublished":"2025-02-28T23:40:14+00:00","description":"A\u00f1ade la figura de acci\u00f3n Agent Venom (Flash Thompson) de 15 cm a tu colecci\u00f3n Marvel Legends Series. Incluye cabeza, manos y armas. EAN: 5010996282705.","breadcrumb":{"@id":"https:\/\/endormoonstore.com\/en\/agent-venom-flash-thompson-spider-man-marvel-legends-series\/#breadcrumb"},"inLanguage":"en-US","potentialAction":[{"@type":"ReadAction","target":["https:\/\/endormoonstore.com\/en\/agent-venom-flash-thompson-spider-man-marvel-legends-series\/"]}]},{"@type":"ImageObject","inLanguage":"en-US","@id":"https:\/\/endormoonstore.com\/en\/agent-venom-flash-thompson-spider-man-marvel-legends-series\/#primaryimage","url":"https:\/\/endormoonstore.com\/wp-content\/uploads\/2024\/12\/Agent-Venom-Flash-Thompson-Spider-Man-Marvel-Legends-Series-1.jpg","contentUrl":"https:\/\/endormoonstore.com\/wp-content\/uploads\/2024\/12\/Agent-Venom-Flash-Thompson-Spider-Man-Marvel-Legends-Series-1.jpg","width":1000,"height":1000,"caption":"Figura de acci\u00f3n Agent Venom (Flash Thompson) de 15 cm de la colecci\u00f3n Marvel Legends Series."},{"@type":"BreadcrumbList","@id":"https:\/\/endormoonstore.com\/en\/agent-venom-flash-thompson-spider-man-marvel-legends-series\/#breadcrumb","itemListElement":[{"@type":"ListItem","position":1,"name":"Shop","item":"https:\/\/endormoonstore.com\/en\/shop\/"},{"@type":"ListItem","position":2,"name":"Agent Venom (Flash Thompson) Spider-Man Marvel Legends Series"}]},{"@type":"WebSite","@id":"https:\/\/endormoonstore.com\/#website","url":"https:\/\/endormoonstore.com\/","name":"EndormoonStore","description":"","potentialAction":[{"@type":"SearchAction","target":{"@type":"EntryPoint","urlTemplate":"https:\/\/endormoonstore.com\/?s={search_term_string}"},"query-input":{"@type":"PropertyValueSpecification","valueRequired":true,"valueName":"search_term_string"}}],"inLanguage":"en-US"}]}},"taxonomy_info":{"product_cat":[{"value":1390,"label":"Figures"},{"value":13511,"label":"New Arrivals"}],"pa_brand":[{"value":2084,"label":"Hasbro"}],"pa_character":[{"value":15229,"label":"Agent Venom"}],"pa_license":[{"value":1642,"label":"Marvel"}],"pa_product-type":[{"value":2387,"label":"Figure"}],"pa_theme":[{"value":2071,"label":"Marvel Legends Series"}]},"featured_image_src_large":["https:\/\/endormoonstore.com\/wp-content\/uploads\/2024\/12\/Agent-Venom-Flash-Thompson-Spider-Man-Marvel-Legends-Series-1.jpg",1000,1000,false],"author_info":[],"comment_info":"","_links":{"self":[{"href":"https:\/\/endormoonstore.com\/en\/wp-json\/wp\/v2\/product\/168722","targetHints":{"allow":["GET"]}}],"collection":[{"href":"https:\/\/endormoonstore.com\/en\/wp-json\/wp\/v2\/product"}],"about":[{"href":"https:\/\/endormoonstore.com\/en\/wp-json\/wp\/v2\/types\/product"}],"wp:featuredmedia":[{"embeddable":true,"href":"https:\/\/endormoonstore.com\/en\/wp-json\/wp\/v2\/media\/168704"}],"wp:attachment":[{"href":"https:\/\/endormoonstore.com\/en\/wp-json\/wp\/v2\/media?parent=168722"}],"wp:term":[{"taxonomy":"product_cat","embeddable":true,"href":"https:\/\/endormoonstore.com\/en\/wp-json\/wp\/v2\/product_cat?post=168722"},{"taxonomy":"product_tag","embeddable":true,"href":"https:\/\/endormoonstore.com\/en\/wp-json\/wp\/v2\/product_tag?post=168722"}],"curies":[{"name":"wp","href":"https:\/\/api.w.org\/{rel}","templated":true}]}}