{"id":168414,"date":"2024-12-05T00:40:23","date_gmt":"2024-12-04T23:40:23","guid":{"rendered":"https:\/\/endormoonstore.com\/misa-amane-2-0-death-note-nendoroid\/"},"modified":"2024-12-09T16:54:37","modified_gmt":"2024-12-09T15:54:37","slug":"misa-amane-2-0-death-note-nendoroid","status":"publish","type":"product","link":"https:\/\/endormoonstore.com\/en\/misa-amane-2-0-death-note-nendoroid\/","title":{"rendered":"Misa Amane 2.0 Death Note Nendoroid"},"content":{"rendered":"<p><strong>Misa Amane 2.0 Death Note Nendoroid<\/strong><\/p>\n<ul>\n<li>De la popular serie de anime\u00a0<em>Death Note<\/em>\u00a0llega una versi\u00f3n actualizada de Nendoroid Misa Amane. Este Nendoroid incluye tres expresiones faciales: una cara sonriente, una cara que gui\u00f1a el ojo y una cara suplicante. Adem\u00e1s, Misa Amane viene con partes y accesorios adicionales para crear escenas divertidas con el personaje. La figura mide 10 cm y cuenta con articulaciones que permiten una gran variedad de poses. Puedes exponerla junto a las figuras Nendoroid de L y Light Yagami, que se venden por separado. \u00a1A\u00f1ade a tu colecci\u00f3n la encantadora Nendoroid de Misa Amane de\u00a0<em>Death Note<\/em>! No pierdas la oportunidad de tener a Misa Amane en tu estanter\u00eda y recrear tus escenas favoritas del anime.<\/li>\n<\/ul>\n<h4>Sobre Misa Amane y Death Note:<\/h4>\n<ul>\n<li><strong>Misa Amane<\/strong>\u00a0es una famosa modelo y actriz. Se convierte en la Segunda Kira en la serie\u00a0<em>Death Note<\/em>. Recibe un Death Note de la Shinigami Rem y busca a Kira (Light Yagami) para agradecerle por matar al hombre que asesin\u00f3 a su familia. Misa Amane destaca por su estilo g\u00f3tico y punk. Su personalidad es hiperactiva, impulsiva y a veces infantil. A pesar de su apariencia y comportamiento, Misa Amane muestra momentos de inteligencia y astucia. Ama profundamente a Light Yagami y har\u00e1 cualquier cosa por \u00e9l. Incluso acorta su propia vida para obtener los Ojos de Shinigami, que le permiten ver el nombre y la esperanza de vida de una persona con solo mirarla.<\/li>\n<li><strong>Death Note<\/strong>\u00a0es una serie de manga y anime que sigue la historia de Light Yagami, un estudiante de secundaria que encuentra un cuaderno sobrenatural llamado &#8220;Death Note&#8221;. Este cuaderno le permite matar a cualquier persona cuyo nombre escriba en \u00e9l, siempre y cuando conozca su rostro. Light decide usar el Death Note para eliminar a los criminales y crear un mundo ut\u00f3pico bajo el alias de &#8220;Kira&#8221;. Sin embargo, sus acciones atraen la atenci\u00f3n de un misterioso y brillante detective conocido como &#8220;L&#8221;, quien se propone detenerlo. La serie explora temas de justicia, moralidad y el poder absoluto.<\/li>\n<\/ul>\n<h4>Sobre Good Smile Company y Nendoroid:<\/h4>\n<ul>\n<li>Good Smile Company es una empresa japonesa reconocida por sus figuras de alta calidad y productos de colecci\u00f3n. Fundada en 2001, la compa\u00f1\u00eda se ha destacado por su atenci\u00f3n al detalle y su compromiso con la satisfacci\u00f3n del cliente. Good Smile Company ofrece una amplia gama de productos, incluyendo figuras de acci\u00f3n, estatuas y accesorios basados en personajes populares de anime, manga y videojuegos.<\/li>\n<li>La l\u00ednea Nendoroid de Good Smile Company es una de las m\u00e1s populares y queridas por los coleccionistas. Estas figuras chibi, con cabezas grandes y cuerpos peque\u00f1os, son altamente articuladas y vienen con m\u00faltiples expresiones faciales y accesorios. Los Nendoroids permiten a los fans recrear escenas ic\u00f3nicas y a\u00f1adir un toque adorable a sus colecciones. Con una amplia variedad de personajes disponibles, la l\u00ednea Nendoroid sigue creciendo y encantando a los aficionados de todo el mundo.<\/li>\n<\/ul>\n","protected":false},"excerpt":{"rendered":"<p><strong>Misa Amane 2.0 Death Note Nendoroid<\/strong><\/p>\n<p>De la popular serie de anime\u00a0<em>Death Note<\/em>\u00a0llega una versi\u00f3n actualizada de Nendoroid Misa Amane. Este Nendoroid incluye tres expresiones faciales: una cara sonriente, una cara que gui\u00f1a el ojo y una cara suplicante. Adem\u00e1s, Misa Amane viene con partes y accesorios adicionales para crear escenas divertidas con el personaje. La figura mide 10 cm y cuenta con articulaciones que permiten una gran variedad de poses. Puedes exponerla junto a las figuras Nendoroid de L y Light Yagami, que se venden por separado. \u00a1A\u00f1ade a tu colecci\u00f3n la encantadora Nendoroid de Misa Amane de\u00a0<em>Death Note<\/em>! No pierdas la oportunidad de tener a Misa Amane en tu estanter\u00eda y recrear tus escenas favoritas del anime.<\/p>\n","protected":false},"featured_media":168403,"template":"","meta":{"_acf_changed":false,"_kad_blocks_custom_css":"","_kad_blocks_head_custom_js":"","_kad_blocks_body_custom_js":"","_kad_blocks_footer_custom_js":""},"product_cat":[1384],"product_tag":[],"class_list":{"0":"post-168414","1":"product","2":"type-product","3":"status-publish","4":"has-post-thumbnail","6":"product_cat-pre-orders","7":"pa_brand-good-smile-company-en","8":"pa_character-misa-amane-en","9":"pa_license-death-note-en","10":"pa_product-type-figure","11":"pa_theme-nendoroid-en","13":"first","14":"instock","15":"taxable","16":"shipping-taxable","17":"purchasable","18":"product-type-simple"},"acf":[],"yoast_head":"<!-- This site is optimized with the Yoast SEO plugin v26.1.1 - https:\/\/yoast.com\/wordpress\/plugins\/seo\/ -->\n<title>Misa Amane 2.0 Death Note Nendoroid - EndormoonStore<\/title>\n<meta name=\"description\" content=\"Nendoroid de Misa Amane de Death Note con tres expresiones faciales y accesorios adicionales. \u00a1 Recrea tus escenas favoritas del anime!\" \/>\n<meta name=\"robots\" content=\"index, follow, max-snippet:-1, max-image-preview:large, max-video-preview:-1\" \/>\n<link rel=\"canonical\" href=\"https:\/\/endormoonstore.com\/en\/misa-amane-2-0-death-note-nendoroid\/\" \/>\n<meta property=\"og:locale\" content=\"en_US\" \/>\n<meta property=\"og:type\" content=\"article\" \/>\n<meta property=\"og:title\" content=\"Misa Amane 2.0 Death Note Nendoroid - EndormoonStore\" \/>\n<meta property=\"og:description\" content=\"Nendoroid de Misa Amane de Death Note con tres expresiones faciales y accesorios adicionales. \u00a1 Recrea tus escenas favoritas del anime!\" \/>\n<meta property=\"og:url\" content=\"https:\/\/endormoonstore.com\/en\/misa-amane-2-0-death-note-nendoroid\/\" \/>\n<meta property=\"og:site_name\" content=\"EndormoonStore\" \/>\n<meta property=\"article:modified_time\" content=\"2024-12-09T15:54:37+00:00\" \/>\n<meta property=\"og:image\" content=\"https:\/\/endormoonstore.com\/wp-content\/uploads\/2024\/12\/Misa-Amane-2.0-Death-Note-Nendoroid-1.jpg\" \/>\n\t<meta property=\"og:image:width\" content=\"750\" \/>\n\t<meta property=\"og:image:height\" content=\"1000\" \/>\n\t<meta property=\"og:image:type\" content=\"image\/jpeg\" \/>\n<meta name=\"twitter:card\" content=\"summary_large_image\" \/>\n<meta name=\"twitter:label1\" content=\"Est. reading time\" \/>\n\t<meta name=\"twitter:data1\" content=\"3 minutes\" \/>\n<script type=\"application\/ld+json\" class=\"yoast-schema-graph\">{\"@context\":\"https:\/\/schema.org\",\"@graph\":[{\"@type\":\"WebPage\",\"@id\":\"https:\/\/endormoonstore.com\/en\/misa-amane-2-0-death-note-nendoroid\/\",\"url\":\"https:\/\/endormoonstore.com\/en\/misa-amane-2-0-death-note-nendoroid\/\",\"name\":\"Misa Amane 2.0 Death Note Nendoroid - EndormoonStore\",\"isPartOf\":{\"@id\":\"https:\/\/endormoonstore.com\/#website\"},\"primaryImageOfPage\":{\"@id\":\"https:\/\/endormoonstore.com\/en\/misa-amane-2-0-death-note-nendoroid\/#primaryimage\"},\"image\":{\"@id\":\"https:\/\/endormoonstore.com\/en\/misa-amane-2-0-death-note-nendoroid\/#primaryimage\"},\"thumbnailUrl\":\"https:\/\/endormoonstore.com\/wp-content\/uploads\/2024\/12\/Misa-Amane-2.0-Death-Note-Nendoroid-1.jpg\",\"datePublished\":\"2024-12-04T23:40:23+00:00\",\"dateModified\":\"2024-12-09T15:54:37+00:00\",\"description\":\"Nendoroid de Misa Amane de Death Note con tres expresiones faciales y accesorios adicionales. \u00a1 Recrea tus escenas favoritas del anime!\",\"breadcrumb\":{\"@id\":\"https:\/\/endormoonstore.com\/en\/misa-amane-2-0-death-note-nendoroid\/#breadcrumb\"},\"inLanguage\":\"en-US\",\"potentialAction\":[{\"@type\":\"ReadAction\",\"target\":[\"https:\/\/endormoonstore.com\/en\/misa-amane-2-0-death-note-nendoroid\/\"]}]},{\"@type\":\"ImageObject\",\"inLanguage\":\"en-US\",\"@id\":\"https:\/\/endormoonstore.com\/en\/misa-amane-2-0-death-note-nendoroid\/#primaryimage\",\"url\":\"https:\/\/endormoonstore.com\/wp-content\/uploads\/2024\/12\/Misa-Amane-2.0-Death-Note-Nendoroid-1.jpg\",\"contentUrl\":\"https:\/\/endormoonstore.com\/wp-content\/uploads\/2024\/12\/Misa-Amane-2.0-Death-Note-Nendoroid-1.jpg\",\"width\":750,\"height\":1000,\"caption\":\"Nendoroid de Misa Amane de Death Note con tres expresiones faciales y accesorios adicionales. EAN: 4580590204195.\"},{\"@type\":\"BreadcrumbList\",\"@id\":\"https:\/\/endormoonstore.com\/en\/misa-amane-2-0-death-note-nendoroid\/#breadcrumb\",\"itemListElement\":[{\"@type\":\"ListItem\",\"position\":1,\"name\":\"Shop\",\"item\":\"https:\/\/endormoonstore.com\/en\/shop\/\"},{\"@type\":\"ListItem\",\"position\":2,\"name\":\"Misa Amane 2.0 Death Note Nendoroid\"}]},{\"@type\":\"WebSite\",\"@id\":\"https:\/\/endormoonstore.com\/#website\",\"url\":\"https:\/\/endormoonstore.com\/\",\"name\":\"EndormoonStore\",\"description\":\"\",\"potentialAction\":[{\"@type\":\"SearchAction\",\"target\":{\"@type\":\"EntryPoint\",\"urlTemplate\":\"https:\/\/endormoonstore.com\/?s={search_term_string}\"},\"query-input\":{\"@type\":\"PropertyValueSpecification\",\"valueRequired\":true,\"valueName\":\"search_term_string\"}}],\"inLanguage\":\"en-US\"}]}<\/script>\n<!-- \/ Yoast SEO plugin. -->","yoast_head_json":{"title":"Misa Amane 2.0 Death Note Nendoroid - EndormoonStore","description":"Nendoroid de Misa Amane de Death Note con tres expresiones faciales y accesorios adicionales. \u00a1 Recrea tus escenas favoritas del anime!","robots":{"index":"index","follow":"follow","max-snippet":"max-snippet:-1","max-image-preview":"max-image-preview:large","max-video-preview":"max-video-preview:-1"},"canonical":"https:\/\/endormoonstore.com\/en\/misa-amane-2-0-death-note-nendoroid\/","og_locale":"en_US","og_type":"article","og_title":"Misa Amane 2.0 Death Note Nendoroid - EndormoonStore","og_description":"Nendoroid de Misa Amane de Death Note con tres expresiones faciales y accesorios adicionales. \u00a1 Recrea tus escenas favoritas del anime!","og_url":"https:\/\/endormoonstore.com\/en\/misa-amane-2-0-death-note-nendoroid\/","og_site_name":"EndormoonStore","article_modified_time":"2024-12-09T15:54:37+00:00","og_image":[{"width":750,"height":1000,"url":"https:\/\/endormoonstore.com\/wp-content\/uploads\/2024\/12\/Misa-Amane-2.0-Death-Note-Nendoroid-1.jpg","type":"image\/jpeg"}],"twitter_card":"summary_large_image","twitter_misc":{"Est. reading time":"3 minutes"},"schema":{"@context":"https:\/\/schema.org","@graph":[{"@type":"WebPage","@id":"https:\/\/endormoonstore.com\/en\/misa-amane-2-0-death-note-nendoroid\/","url":"https:\/\/endormoonstore.com\/en\/misa-amane-2-0-death-note-nendoroid\/","name":"Misa Amane 2.0 Death Note Nendoroid - EndormoonStore","isPartOf":{"@id":"https:\/\/endormoonstore.com\/#website"},"primaryImageOfPage":{"@id":"https:\/\/endormoonstore.com\/en\/misa-amane-2-0-death-note-nendoroid\/#primaryimage"},"image":{"@id":"https:\/\/endormoonstore.com\/en\/misa-amane-2-0-death-note-nendoroid\/#primaryimage"},"thumbnailUrl":"https:\/\/endormoonstore.com\/wp-content\/uploads\/2024\/12\/Misa-Amane-2.0-Death-Note-Nendoroid-1.jpg","datePublished":"2024-12-04T23:40:23+00:00","dateModified":"2024-12-09T15:54:37+00:00","description":"Nendoroid de Misa Amane de Death Note con tres expresiones faciales y accesorios adicionales. \u00a1 Recrea tus escenas favoritas del anime!","breadcrumb":{"@id":"https:\/\/endormoonstore.com\/en\/misa-amane-2-0-death-note-nendoroid\/#breadcrumb"},"inLanguage":"en-US","potentialAction":[{"@type":"ReadAction","target":["https:\/\/endormoonstore.com\/en\/misa-amane-2-0-death-note-nendoroid\/"]}]},{"@type":"ImageObject","inLanguage":"en-US","@id":"https:\/\/endormoonstore.com\/en\/misa-amane-2-0-death-note-nendoroid\/#primaryimage","url":"https:\/\/endormoonstore.com\/wp-content\/uploads\/2024\/12\/Misa-Amane-2.0-Death-Note-Nendoroid-1.jpg","contentUrl":"https:\/\/endormoonstore.com\/wp-content\/uploads\/2024\/12\/Misa-Amane-2.0-Death-Note-Nendoroid-1.jpg","width":750,"height":1000,"caption":"Nendoroid de Misa Amane de Death Note con tres expresiones faciales y accesorios adicionales. EAN: 4580590204195."},{"@type":"BreadcrumbList","@id":"https:\/\/endormoonstore.com\/en\/misa-amane-2-0-death-note-nendoroid\/#breadcrumb","itemListElement":[{"@type":"ListItem","position":1,"name":"Shop","item":"https:\/\/endormoonstore.com\/en\/shop\/"},{"@type":"ListItem","position":2,"name":"Misa Amane 2.0 Death Note Nendoroid"}]},{"@type":"WebSite","@id":"https:\/\/endormoonstore.com\/#website","url":"https:\/\/endormoonstore.com\/","name":"EndormoonStore","description":"","potentialAction":[{"@type":"SearchAction","target":{"@type":"EntryPoint","urlTemplate":"https:\/\/endormoonstore.com\/?s={search_term_string}"},"query-input":{"@type":"PropertyValueSpecification","valueRequired":true,"valueName":"search_term_string"}}],"inLanguage":"en-US"}]}},"taxonomy_info":{"product_cat":[{"value":1384,"label":"Pre-orders"}],"pa_brand":[{"value":2081,"label":"Good Smile Company"}],"pa_character":[{"value":15199,"label":"Misa Amane"}],"pa_license":[{"value":13789,"label":"Death Note"}],"pa_product-type":[{"value":2387,"label":"Figure"}],"pa_theme":[{"value":1861,"label":"Nendoroid"}]},"featured_image_src_large":["https:\/\/endormoonstore.com\/wp-content\/uploads\/2024\/12\/Misa-Amane-2.0-Death-Note-Nendoroid-1.jpg",750,1000,false],"author_info":[],"comment_info":"","_links":{"self":[{"href":"https:\/\/endormoonstore.com\/en\/wp-json\/wp\/v2\/product\/168414","targetHints":{"allow":["GET"]}}],"collection":[{"href":"https:\/\/endormoonstore.com\/en\/wp-json\/wp\/v2\/product"}],"about":[{"href":"https:\/\/endormoonstore.com\/en\/wp-json\/wp\/v2\/types\/product"}],"wp:featuredmedia":[{"embeddable":true,"href":"https:\/\/endormoonstore.com\/en\/wp-json\/wp\/v2\/media\/168403"}],"wp:attachment":[{"href":"https:\/\/endormoonstore.com\/en\/wp-json\/wp\/v2\/media?parent=168414"}],"wp:term":[{"taxonomy":"product_cat","embeddable":true,"href":"https:\/\/endormoonstore.com\/en\/wp-json\/wp\/v2\/product_cat?post=168414"},{"taxonomy":"product_tag","embeddable":true,"href":"https:\/\/endormoonstore.com\/en\/wp-json\/wp\/v2\/product_tag?post=168414"}],"curies":[{"name":"wp","href":"https:\/\/api.w.org\/{rel}","templated":true}]}}