{"id":167942,"date":"2024-11-23T00:20:43","date_gmt":"2024-11-22T23:20:43","guid":{"rendered":"https:\/\/endormoonstore.com\/anguirus-1972-godzilla-vs-gigan-s-h-monsterarts\/"},"modified":"2024-11-27T20:45:32","modified_gmt":"2024-11-27T19:45:32","slug":"anguirus-1972-godzilla-vs-gigan-s-h-monsterarts","status":"publish","type":"product","link":"https:\/\/endormoonstore.com\/en\/anguirus-1972-godzilla-vs-gigan-s-h-monsterarts\/","title":{"rendered":"Anguirus 1972 Godzilla Vs. Gigan S.H MonsterArts"},"content":{"rendered":"<p class=\"p1\"><b>Gamera 2023 Gamera: Rebirth S.H.MonsterArts<\/b><\/p>\n<ul class=\"ul1\">\n<li class=\"li1\">Tamashii Nations presenta la figura de colecci\u00f3n\u00a0<strong>Anguirus 1972 Version<\/strong>\u00a0dentro de la l\u00ednea\u00a0<strong>S.H. MonsterArts<\/strong>. Basada en el personaje de la pel\u00edcula &#8220;Godzilla Vs. Gigan&#8221;, esta figura de 9 cm destaca por su impresionante rango de movimiento. Puedes recrear m\u00faltiples poses ic\u00f3nicas de la pel\u00edcula. Kenji Seki dise\u00f1\u00f3 la figura a mano, resaltando los detalles \u00fanicos de Anguirus, como las p\u00faas de su espalda. Utilizaron fotograf\u00edas de la obra original para lograr una representaci\u00f3n precisa del personaje. La conexi\u00f3n entre la espalda y el abdomen mejora el rango de movimiento, permitiendo que la mitad superior e inferior del cuerpo se muevan de manera independiente.\u00a0Reserva esta figura \u00fanica y a\u00f1ade un tesoro especial a tu colecci\u00f3n<strong>.<\/strong><\/li>\n<li>Otras figuras mostradas en las fotos como Godzilla y Gigan de la linea S.H. MonsterArts se venden por separado.<\/li>\n<li class=\"li1\"><strong>Anguirus<\/strong> es uno de los <strong>kaijus<\/strong> m\u00e1s emblem\u00e1ticos del universo de Godzilla. Apareci\u00f3 por primera vez en la pel\u00edcula &#8220;Godzilla Raids Again&#8221; y destaca por su apariencia de dinosaurio acorazado con p\u00faas en la espalda. En &#8220;Godzilla Vs. Gigan&#8221;, Anguirus lucha junto a Godzilla contra los monstruos Gigan y King Ghidorah, demostrando su valent\u00eda y lealtad.<\/li>\n<li class=\"li1\"><strong>&#8220;Godzilla Vs. Gigan&#8221;<\/strong> es una pel\u00edcula japonesa de 1972 dirigida por Jun Fukuda. En esta entrega, Godzilla y Anguirus unen fuerzas para enfrentarse a los monstruos Gigan y King Ghidorah, quienes son controlados por alien\u00edgenas que intentan conquistar la Tierra. La pel\u00edcula es conocida por sus emocionantes batallas y efectos especiales innovadores para la \u00e9poca.<\/li>\n<li class=\"li1\"><strong>Tamashii Nations<\/strong>, una marca de Bandai fundada en 2007, se especializa en figuras de colecci\u00f3n de alta calidad. La marca se reconoce por su atenci\u00f3n al detalle y precisi\u00f3n, destacando en el mercado de figuras de acci\u00f3n. Entre sus l\u00edneas m\u00e1s conocidas se encuentran\u00a0<strong>S.H. Figuarts<\/strong>, que ofrece figuras articuladas de alta calidad representando personajes de anime, manga, pel\u00edculas y videojuegos, y\u00a0<strong>Figuarts Zero<\/strong>, que presenta estatuas detalladas que capturan momentos ic\u00f3nicos de personajes populares. Otras l\u00edneas destacadas incluyen\u00a0<strong>S.H. MonsterArts<\/strong>,\u00a0<strong>Myth Cloth EX<\/strong>,\u00a0<strong>Robot Spirits<\/strong>\u00a0y\u00a0<strong>Chogokin<\/strong>, cada una con su propio enfoque en la articulaci\u00f3n, detalle y durabilidad.<\/li>\n<\/ul>\n","protected":false},"excerpt":{"rendered":"<p class=\"p1\"><b>Gamera 2023 Gamera: Rebirth S.H.MonsterArts<\/b><\/p>\n<p class=\"p1\">Tamashii Nations presenta la figura de colecci\u00f3n\u00a0<strong>Anguirus 1972 Version<\/strong>\u00a0dentro de la l\u00ednea\u00a0<strong>S.H. MonsterArts<\/strong>. Basada en el personaje de la pel\u00edcula &#8220;Godzilla Vs. Gigan&#8221;, esta figura de 9 cm destaca por su impresionante rango de movimiento. Puedes recrear m\u00faltiples poses ic\u00f3nicas de la pel\u00edcula. Kenji Seki dise\u00f1\u00f3 la figura a mano, resaltando los detalles \u00fanicos de Anguirus, como las p\u00faas de su espalda. Utilizaron fotograf\u00edas de la obra original para lograr una representaci\u00f3n precisa del personaje. La conexi\u00f3n entre la espalda y el abdomen mejora el rango de movimiento, permitiendo que la mitad superior e inferior del cuerpo se muevan de manera independiente.\u00a0Reserva esta figura \u00fanica y a\u00f1ade un tesoro especial a tu colecci\u00f3n<strong>.<\/strong><\/p>\n","protected":false},"featured_media":167927,"template":"","meta":{"_acf_changed":false,"_kad_blocks_custom_css":"","_kad_blocks_head_custom_js":"","_kad_blocks_body_custom_js":"","_kad_blocks_footer_custom_js":""},"product_cat":[1384],"product_tag":[],"class_list":{"0":"post-167942","1":"product","2":"type-product","3":"status-publish","4":"has-post-thumbnail","6":"product_cat-pre-orders","7":"pa_brand-tamashii-nations-en","8":"pa_character-anguirus-en","9":"pa_license-godzilla-vs-gigan-en","10":"pa_product-type-figure","11":"pa_theme-s-h-monsterarts-en","13":"first","14":"instock","15":"taxable","16":"shipping-taxable","17":"purchasable","18":"product-type-simple"},"acf":[],"yoast_head":"<!-- This site is optimized with the Yoast SEO plugin v26.1.1 - https:\/\/yoast.com\/wordpress\/plugins\/seo\/ -->\n<title>Anguirus 1972 Godzilla Vs. Gigan S.H MonsterArts - EndormoonStore<\/title>\n<meta name=\"robots\" content=\"index, follow, max-snippet:-1, max-image-preview:large, max-video-preview:-1\" \/>\n<link rel=\"canonical\" href=\"https:\/\/endormoonstore.com\/en\/anguirus-1972-godzilla-vs-gigan-s-h-monsterarts\/\" \/>\n<meta property=\"og:locale\" content=\"en_US\" \/>\n<meta property=\"og:type\" content=\"article\" \/>\n<meta property=\"og:title\" content=\"Anguirus 1972 Godzilla Vs. Gigan S.H MonsterArts - EndormoonStore\" \/>\n<meta property=\"og:description\" content=\"Gamera 2023 Gamera: Rebirth S.H.MonsterArts Tamashii Nations presenta la figura de colecci\u00f3n\u00a0Anguirus 1972 Version\u00a0dentro de la l\u00ednea\u00a0S.H. MonsterArts. Basada en el personaje de la pel\u00edcula &quot;Godzilla Vs. Gigan&quot;, esta figura de 9 cm destaca por su impresionante rango de movimiento. Puedes recrear m\u00faltiples poses ic\u00f3nicas de la pel\u00edcula. Kenji Seki dise\u00f1\u00f3 la figura a mano, resaltando los detalles \u00fanicos de Anguirus, como las p\u00faas de su espalda. Utilizaron fotograf\u00edas de la obra original para lograr una representaci\u00f3n precisa del personaje. La conexi\u00f3n entre la espalda y el abdomen mejora el rango de movimiento, permitiendo que la mitad superior e inferior del cuerpo se muevan de manera independiente.\u00a0Reserva esta figura \u00fanica y a\u00f1ade un tesoro especial a tu colecci\u00f3n.\" \/>\n<meta property=\"og:url\" content=\"https:\/\/endormoonstore.com\/en\/anguirus-1972-godzilla-vs-gigan-s-h-monsterarts\/\" \/>\n<meta property=\"og:site_name\" content=\"EndormoonStore\" \/>\n<meta property=\"article:modified_time\" content=\"2024-11-27T19:45:32+00:00\" \/>\n<meta property=\"og:image\" content=\"https:\/\/endormoonstore.com\/wp-content\/uploads\/2024\/11\/Anguirus-1972-Godzilla-Vs.-Gigan-S.H-MonsterArts-1.jpg\" \/>\n\t<meta property=\"og:image:width\" content=\"1000\" \/>\n\t<meta property=\"og:image:height\" content=\"800\" \/>\n\t<meta property=\"og:image:type\" content=\"image\/jpeg\" \/>\n<meta name=\"twitter:card\" content=\"summary_large_image\" \/>\n<meta name=\"twitter:label1\" content=\"Est. reading time\" \/>\n\t<meta name=\"twitter:data1\" content=\"2 minutes\" \/>\n<script type=\"application\/ld+json\" class=\"yoast-schema-graph\">{\"@context\":\"https:\/\/schema.org\",\"@graph\":[{\"@type\":\"WebPage\",\"@id\":\"https:\/\/endormoonstore.com\/en\/anguirus-1972-godzilla-vs-gigan-s-h-monsterarts\/\",\"url\":\"https:\/\/endormoonstore.com\/en\/anguirus-1972-godzilla-vs-gigan-s-h-monsterarts\/\",\"name\":\"Anguirus 1972 Godzilla Vs. Gigan S.H MonsterArts - EndormoonStore\",\"isPartOf\":{\"@id\":\"https:\/\/endormoonstore.com\/#website\"},\"primaryImageOfPage\":{\"@id\":\"https:\/\/endormoonstore.com\/en\/anguirus-1972-godzilla-vs-gigan-s-h-monsterarts\/#primaryimage\"},\"image\":{\"@id\":\"https:\/\/endormoonstore.com\/en\/anguirus-1972-godzilla-vs-gigan-s-h-monsterarts\/#primaryimage\"},\"thumbnailUrl\":\"https:\/\/endormoonstore.com\/wp-content\/uploads\/2024\/11\/Anguirus-1972-Godzilla-Vs.-Gigan-S.H-MonsterArts-1.jpg\",\"datePublished\":\"2024-11-22T23:20:43+00:00\",\"dateModified\":\"2024-11-27T19:45:32+00:00\",\"breadcrumb\":{\"@id\":\"https:\/\/endormoonstore.com\/en\/anguirus-1972-godzilla-vs-gigan-s-h-monsterarts\/#breadcrumb\"},\"inLanguage\":\"en-US\",\"potentialAction\":[{\"@type\":\"ReadAction\",\"target\":[\"https:\/\/endormoonstore.com\/en\/anguirus-1972-godzilla-vs-gigan-s-h-monsterarts\/\"]}]},{\"@type\":\"ImageObject\",\"inLanguage\":\"en-US\",\"@id\":\"https:\/\/endormoonstore.com\/en\/anguirus-1972-godzilla-vs-gigan-s-h-monsterarts\/#primaryimage\",\"url\":\"https:\/\/endormoonstore.com\/wp-content\/uploads\/2024\/11\/Anguirus-1972-Godzilla-Vs.-Gigan-S.H-MonsterArts-1.jpg\",\"contentUrl\":\"https:\/\/endormoonstore.com\/wp-content\/uploads\/2024\/11\/Anguirus-1972-Godzilla-Vs.-Gigan-S.H-MonsterArts-1.jpg\",\"width\":1000,\"height\":800,\"caption\":\"Figura de Anguirus 1972 de S.H. MonsterArts.\"},{\"@type\":\"BreadcrumbList\",\"@id\":\"https:\/\/endormoonstore.com\/en\/anguirus-1972-godzilla-vs-gigan-s-h-monsterarts\/#breadcrumb\",\"itemListElement\":[{\"@type\":\"ListItem\",\"position\":1,\"name\":\"Shop\",\"item\":\"https:\/\/endormoonstore.com\/en\/shop\/\"},{\"@type\":\"ListItem\",\"position\":2,\"name\":\"Anguirus 1972 Godzilla Vs. Gigan S.H MonsterArts\"}]},{\"@type\":\"WebSite\",\"@id\":\"https:\/\/endormoonstore.com\/#website\",\"url\":\"https:\/\/endormoonstore.com\/\",\"name\":\"EndormoonStore\",\"description\":\"\",\"potentialAction\":[{\"@type\":\"SearchAction\",\"target\":{\"@type\":\"EntryPoint\",\"urlTemplate\":\"https:\/\/endormoonstore.com\/?s={search_term_string}\"},\"query-input\":{\"@type\":\"PropertyValueSpecification\",\"valueRequired\":true,\"valueName\":\"search_term_string\"}}],\"inLanguage\":\"en-US\"}]}<\/script>\n<!-- \/ Yoast SEO plugin. -->","yoast_head_json":{"title":"Anguirus 1972 Godzilla Vs. Gigan S.H MonsterArts - EndormoonStore","robots":{"index":"index","follow":"follow","max-snippet":"max-snippet:-1","max-image-preview":"max-image-preview:large","max-video-preview":"max-video-preview:-1"},"canonical":"https:\/\/endormoonstore.com\/en\/anguirus-1972-godzilla-vs-gigan-s-h-monsterarts\/","og_locale":"en_US","og_type":"article","og_title":"Anguirus 1972 Godzilla Vs. Gigan S.H MonsterArts - EndormoonStore","og_description":"Gamera 2023 Gamera: Rebirth S.H.MonsterArts Tamashii Nations presenta la figura de colecci\u00f3n\u00a0Anguirus 1972 Version\u00a0dentro de la l\u00ednea\u00a0S.H. MonsterArts. Basada en el personaje de la pel\u00edcula \"Godzilla Vs. Gigan\", esta figura de 9 cm destaca por su impresionante rango de movimiento. Puedes recrear m\u00faltiples poses ic\u00f3nicas de la pel\u00edcula. Kenji Seki dise\u00f1\u00f3 la figura a mano, resaltando los detalles \u00fanicos de Anguirus, como las p\u00faas de su espalda. Utilizaron fotograf\u00edas de la obra original para lograr una representaci\u00f3n precisa del personaje. La conexi\u00f3n entre la espalda y el abdomen mejora el rango de movimiento, permitiendo que la mitad superior e inferior del cuerpo se muevan de manera independiente.\u00a0Reserva esta figura \u00fanica y a\u00f1ade un tesoro especial a tu colecci\u00f3n.","og_url":"https:\/\/endormoonstore.com\/en\/anguirus-1972-godzilla-vs-gigan-s-h-monsterarts\/","og_site_name":"EndormoonStore","article_modified_time":"2024-11-27T19:45:32+00:00","og_image":[{"width":1000,"height":800,"url":"https:\/\/endormoonstore.com\/wp-content\/uploads\/2024\/11\/Anguirus-1972-Godzilla-Vs.-Gigan-S.H-MonsterArts-1.jpg","type":"image\/jpeg"}],"twitter_card":"summary_large_image","twitter_misc":{"Est. reading time":"2 minutes"},"schema":{"@context":"https:\/\/schema.org","@graph":[{"@type":"WebPage","@id":"https:\/\/endormoonstore.com\/en\/anguirus-1972-godzilla-vs-gigan-s-h-monsterarts\/","url":"https:\/\/endormoonstore.com\/en\/anguirus-1972-godzilla-vs-gigan-s-h-monsterarts\/","name":"Anguirus 1972 Godzilla Vs. Gigan S.H MonsterArts - EndormoonStore","isPartOf":{"@id":"https:\/\/endormoonstore.com\/#website"},"primaryImageOfPage":{"@id":"https:\/\/endormoonstore.com\/en\/anguirus-1972-godzilla-vs-gigan-s-h-monsterarts\/#primaryimage"},"image":{"@id":"https:\/\/endormoonstore.com\/en\/anguirus-1972-godzilla-vs-gigan-s-h-monsterarts\/#primaryimage"},"thumbnailUrl":"https:\/\/endormoonstore.com\/wp-content\/uploads\/2024\/11\/Anguirus-1972-Godzilla-Vs.-Gigan-S.H-MonsterArts-1.jpg","datePublished":"2024-11-22T23:20:43+00:00","dateModified":"2024-11-27T19:45:32+00:00","breadcrumb":{"@id":"https:\/\/endormoonstore.com\/en\/anguirus-1972-godzilla-vs-gigan-s-h-monsterarts\/#breadcrumb"},"inLanguage":"en-US","potentialAction":[{"@type":"ReadAction","target":["https:\/\/endormoonstore.com\/en\/anguirus-1972-godzilla-vs-gigan-s-h-monsterarts\/"]}]},{"@type":"ImageObject","inLanguage":"en-US","@id":"https:\/\/endormoonstore.com\/en\/anguirus-1972-godzilla-vs-gigan-s-h-monsterarts\/#primaryimage","url":"https:\/\/endormoonstore.com\/wp-content\/uploads\/2024\/11\/Anguirus-1972-Godzilla-Vs.-Gigan-S.H-MonsterArts-1.jpg","contentUrl":"https:\/\/endormoonstore.com\/wp-content\/uploads\/2024\/11\/Anguirus-1972-Godzilla-Vs.-Gigan-S.H-MonsterArts-1.jpg","width":1000,"height":800,"caption":"Figura de Anguirus 1972 de S.H. MonsterArts."},{"@type":"BreadcrumbList","@id":"https:\/\/endormoonstore.com\/en\/anguirus-1972-godzilla-vs-gigan-s-h-monsterarts\/#breadcrumb","itemListElement":[{"@type":"ListItem","position":1,"name":"Shop","item":"https:\/\/endormoonstore.com\/en\/shop\/"},{"@type":"ListItem","position":2,"name":"Anguirus 1972 Godzilla Vs. Gigan S.H MonsterArts"}]},{"@type":"WebSite","@id":"https:\/\/endormoonstore.com\/#website","url":"https:\/\/endormoonstore.com\/","name":"EndormoonStore","description":"","potentialAction":[{"@type":"SearchAction","target":{"@type":"EntryPoint","urlTemplate":"https:\/\/endormoonstore.com\/?s={search_term_string}"},"query-input":{"@type":"PropertyValueSpecification","valueRequired":true,"valueName":"search_term_string"}}],"inLanguage":"en-US"}]}},"taxonomy_info":{"product_cat":[{"value":1384,"label":"Pre-orders"}],"pa_brand":[{"value":2096,"label":"Tamashii Nations"}],"pa_character":[{"value":15151,"label":"Anguirus"}],"pa_license":[{"value":15153,"label":"Godzilla Vs. Gigan"}],"pa_product-type":[{"value":2387,"label":"Figure"}],"pa_theme":[{"value":10761,"label":"S.H.MonsterArts"}]},"featured_image_src_large":["https:\/\/endormoonstore.com\/wp-content\/uploads\/2024\/11\/Anguirus-1972-Godzilla-Vs.-Gigan-S.H-MonsterArts-1.jpg",1000,800,false],"author_info":[],"comment_info":"","_links":{"self":[{"href":"https:\/\/endormoonstore.com\/en\/wp-json\/wp\/v2\/product\/167942","targetHints":{"allow":["GET"]}}],"collection":[{"href":"https:\/\/endormoonstore.com\/en\/wp-json\/wp\/v2\/product"}],"about":[{"href":"https:\/\/endormoonstore.com\/en\/wp-json\/wp\/v2\/types\/product"}],"wp:featuredmedia":[{"embeddable":true,"href":"https:\/\/endormoonstore.com\/en\/wp-json\/wp\/v2\/media\/167927"}],"wp:attachment":[{"href":"https:\/\/endormoonstore.com\/en\/wp-json\/wp\/v2\/media?parent=167942"}],"wp:term":[{"taxonomy":"product_cat","embeddable":true,"href":"https:\/\/endormoonstore.com\/en\/wp-json\/wp\/v2\/product_cat?post=167942"},{"taxonomy":"product_tag","embeddable":true,"href":"https:\/\/endormoonstore.com\/en\/wp-json\/wp\/v2\/product_tag?post=167942"}],"curies":[{"name":"wp","href":"https:\/\/api.w.org\/{rel}","templated":true}]}}