{"id":167919,"date":"2024-11-23T00:15:21","date_gmt":"2024-11-26T21:22:21","guid":{"rendered":"https:\/\/endormoonstore.com\/super-change-mickey-mouse-by-kunio-okawara-disney-chogokin\/"},"modified":"2024-11-26T23:14:49","modified_gmt":"2024-11-26T22:14:49","slug":"super-change-mickey-mouse-by-kunio-okawara-disney-chogokin","status":"publish","type":"product","link":"https:\/\/endormoonstore.com\/en\/super-change-mickey-mouse-by-kunio-okawara-disney-chogokin\/","title":{"rendered":"Super Change Mickey Mouse by Kunio Okawara Disney Chogokin"},"content":{"rendered":"<p class=\"p1\"><b>Super Change Mickey Mouse by Kunio Okawara Disney Chogokin<\/b><\/p>\n<ul class=\"ul1\">\n<li class=\"li1\">Tamashii Nations presenta la figura de colecci\u00f3n Super Change Mickey Mouse dentro de la l\u00ednea Chogokin. Esta impresionante figura de 12,5 cm en modo robot\u00a0se basa\u00a0en un dise\u00f1o original de Kunio Okawara. La figura\u00a0utiliza\u00a0PVC, ABS y metal, lo que garantiza una alta durabilidad y un acabado premium.<\/li>\n<li class=\"li1\">En la parte trasera del robot se encuentra el pecho, donde Mickey esconde su cara. Al transformarse, Mickey queda boca abajo. La cola y los pantalones de Mickey se pueden quitar y sujetar en la mano del robot como arma y armadura. \u00a1Mickey Mouse sufre una incre\u00edble transformaci\u00f3n en un robot! El dise\u00f1o cuenta con un revestimiento aplicado en varias partes para un acabado met\u00e1lico brillante.<\/li>\n<li class=\"li1\"><b>Mickey Mouse<\/b> es uno de los personajes m\u00e1s ic\u00f3nicos y queridos de Disney.\u00a0Walt Disney y Ub Iwerks lo crearon\u00a0en 1928. Mickey es conocido por su personalidad alegre y aventurera. Ha protagonizado numerosas pel\u00edculas, series de televisi\u00f3n y cortometrajes, convirti\u00e9ndose en el s\u00edmbolo de la compa\u00f1\u00eda Disney.<\/li>\n<li class=\"li1\"><b>The Walt Disney Company<\/b>, fundada en 1923 por Walt Disney y Roy O. Disney, es el conglomerado de medios de comunicaci\u00f3n y entretenimiento m\u00e1s grande del mundo. Con sede en Burbank, California, Disney\u00a0se destaca\u00a0por sus pel\u00edculas animadas, parques tem\u00e1ticos, y personajes ic\u00f3nicos como Mickey Mouse. La compa\u00f1\u00eda ha expandido su influencia a trav\u00e9s de diversas divisiones, incluyendo televisi\u00f3n, m\u00fasica, videojuegos y servicios de streaming.<\/li>\n<li class=\"li1\"><b>Tamashii Nations<\/b>, una marca de <b>Bandai<\/b> fundada en 2007, se especializa en figuras de colecci\u00f3n de alta calidad. La marca\u00a0se<b> reconoce<\/b>\u00a0por su atenci\u00f3n al detalle y precisi\u00f3n. Tamashii Nations\u00a0destaca\u00a0en el mercado de figuras de acci\u00f3n. La l\u00ednea Chogokin, una de sus m\u00e1s prestigiosas, ofrece figuras que combinan metal y pl\u00e1stico para una durabilidad excepcional y acabados premium. Estas figuras tambi\u00e9n cuentan con partes m\u00f3viles, lo que permite una mayor posabilidad y realismo. Los coleccionistas valoran estas figuras por su realismo y la fidelidad con la que representan personajes ic\u00f3nicos de diversas franquicias.<\/li>\n<\/ul>\n","protected":false},"excerpt":{"rendered":"<p class=\"p1\"><strong>Super Change Mickey Mouse by Kunio Okawara Disney Chogokin<\/strong><\/p>\n<p class=\"p1\">Tamashii Nations presenta la figura de colecci\u00f3n Super Change Mickey Mouse dentro de la l\u00ednea Chogokin. Esta impresionante figura de 12,5 cm en modo robot\u00a0se basa\u00a0en un dise\u00f1o original de Kunio Okawara. La figura\u00a0utiliza\u00a0PVC, ABS y metal, lo que garantiza una alta durabilidad y un acabado premium.<\/p>\n","protected":false},"featured_media":167905,"template":"","meta":{"_acf_changed":false,"_kad_blocks_custom_css":"","_kad_blocks_head_custom_js":"","_kad_blocks_body_custom_js":"","_kad_blocks_footer_custom_js":""},"product_cat":[1384],"product_tag":[],"class_list":{"0":"post-167919","1":"product","2":"type-product","3":"status-publish","4":"has-post-thumbnail","6":"product_cat-pre-orders","7":"pa_brand-tamashii-nations-en","8":"pa_character-mickey-mouse-en","9":"pa_license-disney-en","10":"pa_product-type-figure","11":"pa_theme-chogokin-en","13":"first","14":"instock","15":"taxable","16":"shipping-taxable","17":"purchasable","18":"product-type-simple"},"acf":[],"yoast_head":"<!-- This site is optimized with the Yoast SEO plugin v26.1.1 - https:\/\/yoast.com\/wordpress\/plugins\/seo\/ -->\n<title>Super Change Mickey Mouse by Kunio Okawara Disney Chogokin - EndormoonStore<\/title>\n<meta name=\"robots\" content=\"index, follow, max-snippet:-1, max-image-preview:large, max-video-preview:-1\" \/>\n<link rel=\"canonical\" href=\"https:\/\/endormoonstore.com\/en\/super-change-mickey-mouse-by-kunio-okawara-disney-chogokin\/\" \/>\n<meta property=\"og:locale\" content=\"en_US\" \/>\n<meta property=\"og:type\" content=\"article\" \/>\n<meta property=\"og:title\" content=\"Super Change Mickey Mouse by Kunio Okawara Disney Chogokin - EndormoonStore\" \/>\n<meta property=\"og:description\" content=\"Super Change Mickey Mouse by Kunio Okawara Disney Chogokin Tamashii Nations presenta la figura de colecci\u00f3n Super Change Mickey Mouse dentro de la l\u00ednea Chogokin. Esta impresionante figura de 12,5 cm en modo robot\u00a0se basa\u00a0en un dise\u00f1o original de Kunio Okawara. La figura\u00a0utiliza\u00a0PVC, ABS y metal, lo que garantiza una alta durabilidad y un acabado premium.\" \/>\n<meta property=\"og:url\" content=\"https:\/\/endormoonstore.com\/en\/super-change-mickey-mouse-by-kunio-okawara-disney-chogokin\/\" \/>\n<meta property=\"og:site_name\" content=\"EndormoonStore\" \/>\n<meta property=\"article:modified_time\" content=\"2024-11-26T22:14:49+00:00\" \/>\n<meta property=\"og:image\" content=\"https:\/\/endormoonstore.com\/wp-content\/uploads\/2024\/11\/Super-Change-Mickey-Mouse-by-Kunio-Okawara-Disney-Chogokin-1.jpg\" \/>\n\t<meta property=\"og:image:width\" content=\"533\" \/>\n\t<meta property=\"og:image:height\" content=\"800\" \/>\n\t<meta property=\"og:image:type\" content=\"image\/jpeg\" \/>\n<meta name=\"twitter:card\" content=\"summary_large_image\" \/>\n<meta name=\"twitter:label1\" content=\"Est. reading time\" \/>\n\t<meta name=\"twitter:data1\" content=\"2 minutes\" \/>\n<script type=\"application\/ld+json\" class=\"yoast-schema-graph\">{\"@context\":\"https:\/\/schema.org\",\"@graph\":[{\"@type\":\"WebPage\",\"@id\":\"https:\/\/endormoonstore.com\/en\/super-change-mickey-mouse-by-kunio-okawara-disney-chogokin\/\",\"url\":\"https:\/\/endormoonstore.com\/en\/super-change-mickey-mouse-by-kunio-okawara-disney-chogokin\/\",\"name\":\"Super Change Mickey Mouse by Kunio Okawara Disney Chogokin - EndormoonStore\",\"isPartOf\":{\"@id\":\"https:\/\/endormoonstore.com\/#website\"},\"primaryImageOfPage\":{\"@id\":\"https:\/\/endormoonstore.com\/en\/super-change-mickey-mouse-by-kunio-okawara-disney-chogokin\/#primaryimage\"},\"image\":{\"@id\":\"https:\/\/endormoonstore.com\/en\/super-change-mickey-mouse-by-kunio-okawara-disney-chogokin\/#primaryimage\"},\"thumbnailUrl\":\"https:\/\/endormoonstore.com\/wp-content\/uploads\/2024\/11\/Super-Change-Mickey-Mouse-by-Kunio-Okawara-Disney-Chogokin-1.jpg\",\"datePublished\":\"2024-11-26T21:22:21+00:00\",\"dateModified\":\"2024-11-26T22:14:49+00:00\",\"breadcrumb\":{\"@id\":\"https:\/\/endormoonstore.com\/en\/super-change-mickey-mouse-by-kunio-okawara-disney-chogokin\/#breadcrumb\"},\"inLanguage\":\"en-US\",\"potentialAction\":[{\"@type\":\"ReadAction\",\"target\":[\"https:\/\/endormoonstore.com\/en\/super-change-mickey-mouse-by-kunio-okawara-disney-chogokin\/\"]}]},{\"@type\":\"ImageObject\",\"inLanguage\":\"en-US\",\"@id\":\"https:\/\/endormoonstore.com\/en\/super-change-mickey-mouse-by-kunio-okawara-disney-chogokin\/#primaryimage\",\"url\":\"https:\/\/endormoonstore.com\/wp-content\/uploads\/2024\/11\/Super-Change-Mickey-Mouse-by-Kunio-Okawara-Disney-Chogokin-1.jpg\",\"contentUrl\":\"https:\/\/endormoonstore.com\/wp-content\/uploads\/2024\/11\/Super-Change-Mickey-Mouse-by-Kunio-Okawara-Disney-Chogokin-1.jpg\",\"width\":533,\"height\":800,\"caption\":\"Figura de colecci\u00f3n Super Change Mickey Mouse de Tamashii Nations.\"},{\"@type\":\"BreadcrumbList\",\"@id\":\"https:\/\/endormoonstore.com\/en\/super-change-mickey-mouse-by-kunio-okawara-disney-chogokin\/#breadcrumb\",\"itemListElement\":[{\"@type\":\"ListItem\",\"position\":1,\"name\":\"Shop\",\"item\":\"https:\/\/endormoonstore.com\/en\/shop\/\"},{\"@type\":\"ListItem\",\"position\":2,\"name\":\"Super Change Mickey Mouse by Kunio Okawara Disney Chogokin\"}]},{\"@type\":\"WebSite\",\"@id\":\"https:\/\/endormoonstore.com\/#website\",\"url\":\"https:\/\/endormoonstore.com\/\",\"name\":\"EndormoonStore\",\"description\":\"\",\"potentialAction\":[{\"@type\":\"SearchAction\",\"target\":{\"@type\":\"EntryPoint\",\"urlTemplate\":\"https:\/\/endormoonstore.com\/?s={search_term_string}\"},\"query-input\":{\"@type\":\"PropertyValueSpecification\",\"valueRequired\":true,\"valueName\":\"search_term_string\"}}],\"inLanguage\":\"en-US\"}]}<\/script>\n<!-- \/ Yoast SEO plugin. -->","yoast_head_json":{"title":"Super Change Mickey Mouse by Kunio Okawara Disney Chogokin - EndormoonStore","robots":{"index":"index","follow":"follow","max-snippet":"max-snippet:-1","max-image-preview":"max-image-preview:large","max-video-preview":"max-video-preview:-1"},"canonical":"https:\/\/endormoonstore.com\/en\/super-change-mickey-mouse-by-kunio-okawara-disney-chogokin\/","og_locale":"en_US","og_type":"article","og_title":"Super Change Mickey Mouse by Kunio Okawara Disney Chogokin - EndormoonStore","og_description":"Super Change Mickey Mouse by Kunio Okawara Disney Chogokin Tamashii Nations presenta la figura de colecci\u00f3n Super Change Mickey Mouse dentro de la l\u00ednea Chogokin. Esta impresionante figura de 12,5 cm en modo robot\u00a0se basa\u00a0en un dise\u00f1o original de Kunio Okawara. La figura\u00a0utiliza\u00a0PVC, ABS y metal, lo que garantiza una alta durabilidad y un acabado premium.","og_url":"https:\/\/endormoonstore.com\/en\/super-change-mickey-mouse-by-kunio-okawara-disney-chogokin\/","og_site_name":"EndormoonStore","article_modified_time":"2024-11-26T22:14:49+00:00","og_image":[{"width":533,"height":800,"url":"https:\/\/endormoonstore.com\/wp-content\/uploads\/2024\/11\/Super-Change-Mickey-Mouse-by-Kunio-Okawara-Disney-Chogokin-1.jpg","type":"image\/jpeg"}],"twitter_card":"summary_large_image","twitter_misc":{"Est. reading time":"2 minutes"},"schema":{"@context":"https:\/\/schema.org","@graph":[{"@type":"WebPage","@id":"https:\/\/endormoonstore.com\/en\/super-change-mickey-mouse-by-kunio-okawara-disney-chogokin\/","url":"https:\/\/endormoonstore.com\/en\/super-change-mickey-mouse-by-kunio-okawara-disney-chogokin\/","name":"Super Change Mickey Mouse by Kunio Okawara Disney Chogokin - EndormoonStore","isPartOf":{"@id":"https:\/\/endormoonstore.com\/#website"},"primaryImageOfPage":{"@id":"https:\/\/endormoonstore.com\/en\/super-change-mickey-mouse-by-kunio-okawara-disney-chogokin\/#primaryimage"},"image":{"@id":"https:\/\/endormoonstore.com\/en\/super-change-mickey-mouse-by-kunio-okawara-disney-chogokin\/#primaryimage"},"thumbnailUrl":"https:\/\/endormoonstore.com\/wp-content\/uploads\/2024\/11\/Super-Change-Mickey-Mouse-by-Kunio-Okawara-Disney-Chogokin-1.jpg","datePublished":"2024-11-26T21:22:21+00:00","dateModified":"2024-11-26T22:14:49+00:00","breadcrumb":{"@id":"https:\/\/endormoonstore.com\/en\/super-change-mickey-mouse-by-kunio-okawara-disney-chogokin\/#breadcrumb"},"inLanguage":"en-US","potentialAction":[{"@type":"ReadAction","target":["https:\/\/endormoonstore.com\/en\/super-change-mickey-mouse-by-kunio-okawara-disney-chogokin\/"]}]},{"@type":"ImageObject","inLanguage":"en-US","@id":"https:\/\/endormoonstore.com\/en\/super-change-mickey-mouse-by-kunio-okawara-disney-chogokin\/#primaryimage","url":"https:\/\/endormoonstore.com\/wp-content\/uploads\/2024\/11\/Super-Change-Mickey-Mouse-by-Kunio-Okawara-Disney-Chogokin-1.jpg","contentUrl":"https:\/\/endormoonstore.com\/wp-content\/uploads\/2024\/11\/Super-Change-Mickey-Mouse-by-Kunio-Okawara-Disney-Chogokin-1.jpg","width":533,"height":800,"caption":"Figura de colecci\u00f3n Super Change Mickey Mouse de Tamashii Nations."},{"@type":"BreadcrumbList","@id":"https:\/\/endormoonstore.com\/en\/super-change-mickey-mouse-by-kunio-okawara-disney-chogokin\/#breadcrumb","itemListElement":[{"@type":"ListItem","position":1,"name":"Shop","item":"https:\/\/endormoonstore.com\/en\/shop\/"},{"@type":"ListItem","position":2,"name":"Super Change Mickey Mouse by Kunio Okawara Disney Chogokin"}]},{"@type":"WebSite","@id":"https:\/\/endormoonstore.com\/#website","url":"https:\/\/endormoonstore.com\/","name":"EndormoonStore","description":"","potentialAction":[{"@type":"SearchAction","target":{"@type":"EntryPoint","urlTemplate":"https:\/\/endormoonstore.com\/?s={search_term_string}"},"query-input":{"@type":"PropertyValueSpecification","valueRequired":true,"valueName":"search_term_string"}}],"inLanguage":"en-US"}]}},"taxonomy_info":{"product_cat":[{"value":1384,"label":"Pre-orders"}],"pa_brand":[{"value":2096,"label":"Tamashii Nations"}],"pa_character":[{"value":15147,"label":"Mickey Mouse"}],"pa_license":[{"value":15149,"label":"Disney"}],"pa_product-type":[{"value":2387,"label":"Figure"}],"pa_theme":[{"value":2228,"label":"Chogokin"}]},"featured_image_src_large":["https:\/\/endormoonstore.com\/wp-content\/uploads\/2024\/11\/Super-Change-Mickey-Mouse-by-Kunio-Okawara-Disney-Chogokin-1.jpg",533,800,false],"author_info":[],"comment_info":"","_links":{"self":[{"href":"https:\/\/endormoonstore.com\/en\/wp-json\/wp\/v2\/product\/167919","targetHints":{"allow":["GET"]}}],"collection":[{"href":"https:\/\/endormoonstore.com\/en\/wp-json\/wp\/v2\/product"}],"about":[{"href":"https:\/\/endormoonstore.com\/en\/wp-json\/wp\/v2\/types\/product"}],"wp:featuredmedia":[{"embeddable":true,"href":"https:\/\/endormoonstore.com\/en\/wp-json\/wp\/v2\/media\/167905"}],"wp:attachment":[{"href":"https:\/\/endormoonstore.com\/en\/wp-json\/wp\/v2\/media?parent=167919"}],"wp:term":[{"taxonomy":"product_cat","embeddable":true,"href":"https:\/\/endormoonstore.com\/en\/wp-json\/wp\/v2\/product_cat?post=167919"},{"taxonomy":"product_tag","embeddable":true,"href":"https:\/\/endormoonstore.com\/en\/wp-json\/wp\/v2\/product_tag?post=167919"}],"curies":[{"name":"wp","href":"https:\/\/api.w.org\/{rel}","templated":true}]}}