{"id":167835,"date":"2024-11-04T04:35:14","date_gmt":"2024-11-04T03:35:14","guid":{"rendered":"https:\/\/endormoonstore.com\/narberal-gamma-overlord-fnex\/"},"modified":"2024-11-25T21:27:02","modified_gmt":"2024-11-25T20:27:02","slug":"narberal-gamma-overlord-fnex","status":"publish","type":"product","link":"https:\/\/endormoonstore.com\/en\/narberal-gamma-overlord-fnex\/","title":{"rendered":"Narberal Gamma Overlord F:Nex"},"content":{"rendered":"<p><strong>Narberal Gamma Overlord F:Nex 1\/7 Scale<\/strong><\/p>\n<ul>\n<li>Descubre la figura a escala 1\/7 de\u00a0<strong>Narberal Gamma<\/strong>\u00a0de la popular serie de anime\u00a0<strong>Overlord<\/strong>, parte de la colecci\u00f3n\u00a0<strong>F:Nex<\/strong>\u00a0de la empresa\u00a0<strong>FuRyu<\/strong>. Esta figura, que mide alrededor de 23 cm de alto, est\u00e1 intrincadamente detallada para capturar por completo el aspecto de Narberal del anime. Narberal Gamma se presenta con un traje de mucama mientras se para desafiante en una pose popular, sosteniendo su arma. Con detalles meticulosos y un dise\u00f1o impresionante, esta figura es una adici\u00f3n imprescindible para cualquier colecci\u00f3n.<\/li>\n<li>La l\u00ednea\u00a0<strong>F:Nex<\/strong>\u00a0de FuRyu da vida a tus personajes de anime y manga favoritos. Combinando detalles asombrosos con poses llamativas, estas figuras encajar\u00e1n perfectamente en cualquier colecci\u00f3n. \u00a1Consigue tus favoritas o colecci\u00f3nalas todas hoy mismo!<\/li>\n<li><strong>Narberal Gamma<\/strong> es una de las sirvientas de la Gran Tumba de Nazarick en la serie\u00a0<strong>Overlord<\/strong>. Como miembro de la Pleiades, un grupo de sirvientas de batalla, Narberal es conocida por su lealtad inquebrantable a Ainz Ooal Gown y su habilidad en combate. Con su personalidad seria y su destreza con la magia, Narberal se destaca como una guerrera formidable y una aliada confiable.<\/li>\n<li><strong>Overlord<\/strong>\u00a0es un anime que sigue la historia de Momonga, un jugador atrapado en un juego de realidad virtual llamado Yggdrasil. Al asumir la identidad de Ainz Ooal Gown, Momonga se propone descubrir los secretos del nuevo mundo en el que se encuentra y expandir su dominio. La serie combina elementos de fantas\u00eda, acci\u00f3n y aventura, destacando la estrategia y el poder de Ainz y sus seguidores mientras enfrentan diversos desaf\u00edos y enemigos.<\/li>\n<li><strong>FuRyu Corporation<\/strong>\u00a0es una empresa japonesa reconocida por su amplia gama de productos de alta calidad. La l\u00ednea\u00a0<strong>F:Nex<\/strong>\u00a0da vida a tus personajes de anime y manga favoritos, combinando detalles asombrosos con poses llamativas. Adem\u00e1s de\u00a0<strong>F:Nex<\/strong>, FuRyu produce figuras en otras l\u00edneas populares como\u00a0<strong>BiCute Bunnies<\/strong>,\u00a0<strong>Noodle Stopper<\/strong>,\u00a0<strong>Trio-Try-It<\/strong>,\u00a0<strong>Bloo-me!<\/strong>\u00a0y\u00a0<strong>Tenitol<\/strong>. FuRyu se destaca por su compromiso con la calidad y la innovaci\u00f3n en el dise\u00f1o de figuras coleccionables.<\/li>\n<\/ul>\n","protected":false},"excerpt":{"rendered":"<p><strong>Narberal Gamma Overlord F:Nex 1\/7 Scale<\/strong><\/p>\n<p>Descubre la figura a escala 1\/7 de\u00a0<strong>Narberal Gamma<\/strong>\u00a0de la popular serie de anime\u00a0<strong>Overlord<\/strong>, parte de la colecci\u00f3n\u00a0<strong>F:Nex<\/strong>\u00a0de la empresa\u00a0<strong>FuRyu<\/strong>. Esta figura, que mide alrededor de 23 cm de alto, est\u00e1 intrincadamente detallada para capturar por completo el aspecto de Narberal del anime. Narberal Gamma se presenta con un traje de mucama mientras se para desafiante en una pose popular, sosteniendo su arma. Con detalles meticulosos y un dise\u00f1o impresionante, esta figura es una adici\u00f3n imprescindible para cualquier colecci\u00f3n.<\/p>\n","protected":false},"featured_media":167812,"template":"","meta":{"_acf_changed":false,"_kad_blocks_custom_css":"","_kad_blocks_head_custom_js":"","_kad_blocks_body_custom_js":"","_kad_blocks_footer_custom_js":""},"product_cat":[1384],"product_tag":[],"class_list":{"0":"post-167835","1":"product","2":"type-product","3":"status-publish","4":"has-post-thumbnail","6":"product_cat-pre-orders","7":"pa_brand-furyu-en","8":"pa_character-narberal-gamma-en","9":"pa_license-overlord-en","10":"pa_product-type-figure","11":"pa_theme-fnex-en","13":"first","14":"instock","15":"taxable","16":"shipping-taxable","17":"purchasable","18":"product-type-simple"},"acf":[],"yoast_head":"<!-- This site is optimized with the Yoast SEO plugin v26.1.1 - https:\/\/yoast.com\/wordpress\/plugins\/seo\/ -->\n<title>Narberal Gamma Overlord F:Nex - EndormoonStore<\/title>\n<meta name=\"robots\" content=\"index, follow, max-snippet:-1, max-image-preview:large, max-video-preview:-1\" \/>\n<link rel=\"canonical\" href=\"https:\/\/endormoonstore.com\/en\/narberal-gamma-overlord-fnex\/\" \/>\n<meta property=\"og:locale\" content=\"en_US\" \/>\n<meta property=\"og:type\" content=\"article\" \/>\n<meta property=\"og:title\" content=\"Narberal Gamma Overlord F:Nex - EndormoonStore\" \/>\n<meta property=\"og:description\" content=\"Narberal Gamma Overlord F:Nex 1\/7 Scale  Descubre la figura a escala 1\/7 de\u00a0Narberal Gamma\u00a0de la popular serie de anime\u00a0Overlord, parte de la colecci\u00f3n\u00a0F:Nex\u00a0de la empresa\u00a0FuRyu. Esta figura, que mide alrededor de 23 cm de alto, est\u00e1 intrincadamente detallada para capturar por completo el aspecto de Narberal del anime. Narberal Gamma se presenta con un traje de mucama mientras se para desafiante en una pose popular, sosteniendo su arma. Con detalles meticulosos y un dise\u00f1o impresionante, esta figura es una adici\u00f3n imprescindible para cualquier colecci\u00f3n.\" \/>\n<meta property=\"og:url\" content=\"https:\/\/endormoonstore.com\/en\/narberal-gamma-overlord-fnex\/\" \/>\n<meta property=\"og:site_name\" content=\"EndormoonStore\" \/>\n<meta property=\"article:modified_time\" content=\"2024-11-25T20:27:02+00:00\" \/>\n<meta property=\"og:image\" content=\"https:\/\/endormoonstore.com\/wp-content\/uploads\/2024\/11\/Narberal-Gamma-Overlord-F-Nex-1.jpg\" \/>\n\t<meta property=\"og:image:width\" content=\"750\" \/>\n\t<meta property=\"og:image:height\" content=\"1000\" \/>\n\t<meta property=\"og:image:type\" content=\"image\/jpeg\" \/>\n<meta name=\"twitter:card\" content=\"summary_large_image\" \/>\n<meta name=\"twitter:label1\" content=\"Est. reading time\" \/>\n\t<meta name=\"twitter:data1\" content=\"2 minutes\" \/>\n<script type=\"application\/ld+json\" class=\"yoast-schema-graph\">{\"@context\":\"https:\/\/schema.org\",\"@graph\":[{\"@type\":\"WebPage\",\"@id\":\"https:\/\/endormoonstore.com\/en\/narberal-gamma-overlord-fnex\/\",\"url\":\"https:\/\/endormoonstore.com\/en\/narberal-gamma-overlord-fnex\/\",\"name\":\"Narberal Gamma Overlord F:Nex - EndormoonStore\",\"isPartOf\":{\"@id\":\"https:\/\/endormoonstore.com\/#website\"},\"primaryImageOfPage\":{\"@id\":\"https:\/\/endormoonstore.com\/en\/narberal-gamma-overlord-fnex\/#primaryimage\"},\"image\":{\"@id\":\"https:\/\/endormoonstore.com\/en\/narberal-gamma-overlord-fnex\/#primaryimage\"},\"thumbnailUrl\":\"https:\/\/endormoonstore.com\/wp-content\/uploads\/2024\/11\/Narberal-Gamma-Overlord-F-Nex-1.jpg\",\"datePublished\":\"2024-11-04T03:35:14+00:00\",\"dateModified\":\"2024-11-25T20:27:02+00:00\",\"breadcrumb\":{\"@id\":\"https:\/\/endormoonstore.com\/en\/narberal-gamma-overlord-fnex\/#breadcrumb\"},\"inLanguage\":\"en-US\",\"potentialAction\":[{\"@type\":\"ReadAction\",\"target\":[\"https:\/\/endormoonstore.com\/en\/narberal-gamma-overlord-fnex\/\"]}]},{\"@type\":\"ImageObject\",\"inLanguage\":\"en-US\",\"@id\":\"https:\/\/endormoonstore.com\/en\/narberal-gamma-overlord-fnex\/#primaryimage\",\"url\":\"https:\/\/endormoonstore.com\/wp-content\/uploads\/2024\/11\/Narberal-Gamma-Overlord-F-Nex-1.jpg\",\"contentUrl\":\"https:\/\/endormoonstore.com\/wp-content\/uploads\/2024\/11\/Narberal-Gamma-Overlord-F-Nex-1.jpg\",\"width\":750,\"height\":1000,\"caption\":\"Figura de Narberal Gamma de Overlord, colecci\u00f3n F:Nex de FuRyu.\"},{\"@type\":\"BreadcrumbList\",\"@id\":\"https:\/\/endormoonstore.com\/en\/narberal-gamma-overlord-fnex\/#breadcrumb\",\"itemListElement\":[{\"@type\":\"ListItem\",\"position\":1,\"name\":\"Shop\",\"item\":\"https:\/\/endormoonstore.com\/en\/shop\/\"},{\"@type\":\"ListItem\",\"position\":2,\"name\":\"Narberal Gamma Overlord F:Nex\"}]},{\"@type\":\"WebSite\",\"@id\":\"https:\/\/endormoonstore.com\/#website\",\"url\":\"https:\/\/endormoonstore.com\/\",\"name\":\"EndormoonStore\",\"description\":\"\",\"potentialAction\":[{\"@type\":\"SearchAction\",\"target\":{\"@type\":\"EntryPoint\",\"urlTemplate\":\"https:\/\/endormoonstore.com\/?s={search_term_string}\"},\"query-input\":{\"@type\":\"PropertyValueSpecification\",\"valueRequired\":true,\"valueName\":\"search_term_string\"}}],\"inLanguage\":\"en-US\"}]}<\/script>\n<!-- \/ Yoast SEO plugin. -->","yoast_head_json":{"title":"Narberal Gamma Overlord F:Nex - EndormoonStore","robots":{"index":"index","follow":"follow","max-snippet":"max-snippet:-1","max-image-preview":"max-image-preview:large","max-video-preview":"max-video-preview:-1"},"canonical":"https:\/\/endormoonstore.com\/en\/narberal-gamma-overlord-fnex\/","og_locale":"en_US","og_type":"article","og_title":"Narberal Gamma Overlord F:Nex - EndormoonStore","og_description":"Narberal Gamma Overlord F:Nex 1\/7 Scale  Descubre la figura a escala 1\/7 de\u00a0Narberal Gamma\u00a0de la popular serie de anime\u00a0Overlord, parte de la colecci\u00f3n\u00a0F:Nex\u00a0de la empresa\u00a0FuRyu. Esta figura, que mide alrededor de 23 cm de alto, est\u00e1 intrincadamente detallada para capturar por completo el aspecto de Narberal del anime. Narberal Gamma se presenta con un traje de mucama mientras se para desafiante en una pose popular, sosteniendo su arma. Con detalles meticulosos y un dise\u00f1o impresionante, esta figura es una adici\u00f3n imprescindible para cualquier colecci\u00f3n.","og_url":"https:\/\/endormoonstore.com\/en\/narberal-gamma-overlord-fnex\/","og_site_name":"EndormoonStore","article_modified_time":"2024-11-25T20:27:02+00:00","og_image":[{"width":750,"height":1000,"url":"https:\/\/endormoonstore.com\/wp-content\/uploads\/2024\/11\/Narberal-Gamma-Overlord-F-Nex-1.jpg","type":"image\/jpeg"}],"twitter_card":"summary_large_image","twitter_misc":{"Est. reading time":"2 minutes"},"schema":{"@context":"https:\/\/schema.org","@graph":[{"@type":"WebPage","@id":"https:\/\/endormoonstore.com\/en\/narberal-gamma-overlord-fnex\/","url":"https:\/\/endormoonstore.com\/en\/narberal-gamma-overlord-fnex\/","name":"Narberal Gamma Overlord F:Nex - EndormoonStore","isPartOf":{"@id":"https:\/\/endormoonstore.com\/#website"},"primaryImageOfPage":{"@id":"https:\/\/endormoonstore.com\/en\/narberal-gamma-overlord-fnex\/#primaryimage"},"image":{"@id":"https:\/\/endormoonstore.com\/en\/narberal-gamma-overlord-fnex\/#primaryimage"},"thumbnailUrl":"https:\/\/endormoonstore.com\/wp-content\/uploads\/2024\/11\/Narberal-Gamma-Overlord-F-Nex-1.jpg","datePublished":"2024-11-04T03:35:14+00:00","dateModified":"2024-11-25T20:27:02+00:00","breadcrumb":{"@id":"https:\/\/endormoonstore.com\/en\/narberal-gamma-overlord-fnex\/#breadcrumb"},"inLanguage":"en-US","potentialAction":[{"@type":"ReadAction","target":["https:\/\/endormoonstore.com\/en\/narberal-gamma-overlord-fnex\/"]}]},{"@type":"ImageObject","inLanguage":"en-US","@id":"https:\/\/endormoonstore.com\/en\/narberal-gamma-overlord-fnex\/#primaryimage","url":"https:\/\/endormoonstore.com\/wp-content\/uploads\/2024\/11\/Narberal-Gamma-Overlord-F-Nex-1.jpg","contentUrl":"https:\/\/endormoonstore.com\/wp-content\/uploads\/2024\/11\/Narberal-Gamma-Overlord-F-Nex-1.jpg","width":750,"height":1000,"caption":"Figura de Narberal Gamma de Overlord, colecci\u00f3n F:Nex de FuRyu."},{"@type":"BreadcrumbList","@id":"https:\/\/endormoonstore.com\/en\/narberal-gamma-overlord-fnex\/#breadcrumb","itemListElement":[{"@type":"ListItem","position":1,"name":"Shop","item":"https:\/\/endormoonstore.com\/en\/shop\/"},{"@type":"ListItem","position":2,"name":"Narberal Gamma Overlord F:Nex"}]},{"@type":"WebSite","@id":"https:\/\/endormoonstore.com\/#website","url":"https:\/\/endormoonstore.com\/","name":"EndormoonStore","description":"","potentialAction":[{"@type":"SearchAction","target":{"@type":"EntryPoint","urlTemplate":"https:\/\/endormoonstore.com\/?s={search_term_string}"},"query-input":{"@type":"PropertyValueSpecification","valueRequired":true,"valueName":"search_term_string"}}],"inLanguage":"en-US"}]}},"taxonomy_info":{"product_cat":[{"value":1384,"label":"Pre-orders"}],"pa_brand":[{"value":14022,"label":"FuRyu"}],"pa_character":[{"value":15141,"label":"Narberal Gamma"}],"pa_license":[{"value":15043,"label":"Overlord"}],"pa_product-type":[{"value":2387,"label":"Figure"}],"pa_theme":[{"value":15057,"label":"F:Nex"}]},"featured_image_src_large":["https:\/\/endormoonstore.com\/wp-content\/uploads\/2024\/11\/Narberal-Gamma-Overlord-F-Nex-1.jpg",750,1000,false],"author_info":[],"comment_info":"","_links":{"self":[{"href":"https:\/\/endormoonstore.com\/en\/wp-json\/wp\/v2\/product\/167835","targetHints":{"allow":["GET"]}}],"collection":[{"href":"https:\/\/endormoonstore.com\/en\/wp-json\/wp\/v2\/product"}],"about":[{"href":"https:\/\/endormoonstore.com\/en\/wp-json\/wp\/v2\/types\/product"}],"wp:featuredmedia":[{"embeddable":true,"href":"https:\/\/endormoonstore.com\/en\/wp-json\/wp\/v2\/media\/167812"}],"wp:attachment":[{"href":"https:\/\/endormoonstore.com\/en\/wp-json\/wp\/v2\/media?parent=167835"}],"wp:term":[{"taxonomy":"product_cat","embeddable":true,"href":"https:\/\/endormoonstore.com\/en\/wp-json\/wp\/v2\/product_cat?post=167835"},{"taxonomy":"product_tag","embeddable":true,"href":"https:\/\/endormoonstore.com\/en\/wp-json\/wp\/v2\/product_tag?post=167835"}],"curies":[{"name":"wp","href":"https:\/\/api.w.org\/{rel}","templated":true}]}}