{"id":167704,"date":"2024-11-04T04:10:02","date_gmt":"2024-11-04T03:10:02","guid":{"rendered":"https:\/\/endormoonstore.com\/shalltear-red-color-ver-overlord-bicute-bunnies\/"},"modified":"2024-11-24T23:18:12","modified_gmt":"2024-11-24T22:18:12","slug":"shalltear-red-color-ver-overlord-bicute-bunnies","status":"publish","type":"product","link":"https:\/\/endormoonstore.com\/en\/shalltear-red-color-ver-overlord-bicute-bunnies\/","title":{"rendered":"Shalltear Red Color Ver. Overlord Bicute Bunnies"},"content":{"rendered":"<p class=\"p1\"><strong>Shalltear Red Color Ver. Overlord Bicute Bunnies<\/strong><\/p>\n<ul>\n<li>FuRyu se enorgullece de presentar la pr\u00f3xima incorporaci\u00f3n a la l\u00ednea favorita de los fan\u00e1ticos, BiCute Bunnies: \u00a1Shalltear de Overlord! Esta figura mide aproximadamente 30 cm de alto y muestra al personaje con un traje de conejita roja mientras est\u00e1 de pie en una pose popular. Perfecta para exhibir, esta figura resulta imprescindible para cualquier coleccionista. \u00a1Agrega la figura Shalltear Red Color Ver. Bicute Bunnies a tu colecci\u00f3n hoy mismo!<\/li>\n<li><strong>Shalltear Bloodfallen<\/strong> es una vampiresa en el anime &#8220;<strong>Overlord<\/strong>&#8220;, conocida por su lealtad y habilidades de combate excepcionales. Act\u00faa como la Guardiana de los Pisos del primero al tercero en la Gran Tumba de Nazarick. Con su dise\u00f1o elegante y su personalidad intrigante, Shalltear se ha convertido en uno de los personajes m\u00e1s fascinantes de la serie.<\/li>\n<li><strong>FuRyu Corporation<\/strong> es una empresa japonesa reconocida por sus productos de alta calidad. La l\u00ednea BiCute Bunnies presenta figuras de personajes populares como atractivas conejitas, con detalles como medias de rejilla reales. Adem\u00e1s de BiCute Bunnies, FuRyu produce figuras en otras l\u00edneas populares como <strong>Noodle Stopper<\/strong>,\u00a0<strong>Trio-Try-It<\/strong>,\u00a0<strong>Bloo-me!<\/strong>,\u00a0<strong>F:Nex<\/strong>\u00a0y\u00a0<strong>Tenitol<\/strong>.<\/li>\n<\/ul>\n","protected":false},"excerpt":{"rendered":"<p class=\"p1\"><strong>Shalltear Red Color Ver. Overlord Bicute Bunnies<\/strong><\/p>\n<p class=\"p1\">FuRyu se enorgullece de presentar la pr\u00f3xima incorporaci\u00f3n a la l\u00ednea favorita de los fan\u00e1ticos, BiCute Bunnies: \u00a1Shalltear de Overlord! Esta figura mide aproximadamente 30 cm de alto y muestra al personaje con un traje de conejita roja mientras est\u00e1 de pie en una pose popular. Perfecta para exhibir, esta figura resulta imprescindible para cualquier coleccionista. \u00a1Agrega la figura Shalltear Red Color Ver. Bicute Bunnies a tu colecci\u00f3n hoy mismo!<\/p>\n","protected":false},"featured_media":167679,"template":"","meta":{"_acf_changed":false,"_kad_blocks_custom_css":"","_kad_blocks_head_custom_js":"","_kad_blocks_body_custom_js":"","_kad_blocks_footer_custom_js":""},"product_cat":[1390],"product_tag":[],"class_list":{"0":"post-167704","1":"product","2":"type-product","3":"status-publish","4":"has-post-thumbnail","6":"product_cat-figures","7":"pa_brand-furyu-en","8":"pa_character-shalltear-en","9":"pa_license-overlord-en","10":"pa_product-type-figure","11":"pa_theme-bicute-bunnies-en","13":"first","14":"outofstock","15":"taxable","16":"shipping-taxable","17":"purchasable","18":"product-type-simple"},"acf":[],"yoast_head":"<!-- This site is optimized with the Yoast SEO plugin v26.1.1 - https:\/\/yoast.com\/wordpress\/plugins\/seo\/ -->\n<title>Shalltear Red Color Ver. Overlord Bicute Bunnies - EndormoonStore<\/title>\n<meta name=\"robots\" content=\"index, follow, max-snippet:-1, max-image-preview:large, max-video-preview:-1\" \/>\n<link rel=\"canonical\" href=\"https:\/\/endormoonstore.com\/en\/shalltear-red-color-ver-overlord-bicute-bunnies\/\" \/>\n<meta property=\"og:locale\" content=\"en_US\" \/>\n<meta property=\"og:type\" content=\"article\" \/>\n<meta property=\"og:title\" content=\"Shalltear Red Color Ver. Overlord Bicute Bunnies - EndormoonStore\" \/>\n<meta property=\"og:description\" content=\"Shalltear Red Color Ver. Overlord Bicute Bunnies FuRyu se enorgullece de presentar la pr\u00f3xima incorporaci\u00f3n a la l\u00ednea favorita de los fan\u00e1ticos, BiCute Bunnies: \u00a1Shalltear de Overlord! Esta figura mide aproximadamente 30 cm de alto y muestra al personaje con un traje de conejita roja mientras est\u00e1 de pie en una pose popular. Perfecta para exhibir, esta figura resulta imprescindible para cualquier coleccionista. \u00a1Agrega la figura Shalltear Red Color Ver. Bicute Bunnies a tu colecci\u00f3n hoy mismo!\" \/>\n<meta property=\"og:url\" content=\"https:\/\/endormoonstore.com\/en\/shalltear-red-color-ver-overlord-bicute-bunnies\/\" \/>\n<meta property=\"og:site_name\" content=\"EndormoonStore\" \/>\n<meta property=\"article:modified_time\" content=\"2024-11-24T22:18:12+00:00\" \/>\n<meta property=\"og:image\" content=\"https:\/\/endormoonstore.com\/wp-content\/uploads\/2024\/11\/Shalltear-Red-Color-Ver.-Overlord-Bicute-Bunnies-1-1.jpg\" \/>\n\t<meta property=\"og:image:width\" content=\"1000\" \/>\n\t<meta property=\"og:image:height\" content=\"1000\" \/>\n\t<meta property=\"og:image:type\" content=\"image\/jpeg\" \/>\n<meta name=\"twitter:card\" content=\"summary_large_image\" \/>\n<meta name=\"twitter:label1\" content=\"Est. reading time\" \/>\n\t<meta name=\"twitter:data1\" content=\"2 minutes\" \/>\n<script type=\"application\/ld+json\" class=\"yoast-schema-graph\">{\"@context\":\"https:\/\/schema.org\",\"@graph\":[{\"@type\":\"WebPage\",\"@id\":\"https:\/\/endormoonstore.com\/en\/shalltear-red-color-ver-overlord-bicute-bunnies\/\",\"url\":\"https:\/\/endormoonstore.com\/en\/shalltear-red-color-ver-overlord-bicute-bunnies\/\",\"name\":\"Shalltear Red Color Ver. Overlord Bicute Bunnies - EndormoonStore\",\"isPartOf\":{\"@id\":\"https:\/\/endormoonstore.com\/#website\"},\"primaryImageOfPage\":{\"@id\":\"https:\/\/endormoonstore.com\/en\/shalltear-red-color-ver-overlord-bicute-bunnies\/#primaryimage\"},\"image\":{\"@id\":\"https:\/\/endormoonstore.com\/en\/shalltear-red-color-ver-overlord-bicute-bunnies\/#primaryimage\"},\"thumbnailUrl\":\"https:\/\/endormoonstore.com\/wp-content\/uploads\/2024\/11\/Shalltear-Red-Color-Ver.-Overlord-Bicute-Bunnies-1-1.jpg\",\"datePublished\":\"2024-11-04T03:10:02+00:00\",\"dateModified\":\"2024-11-24T22:18:12+00:00\",\"breadcrumb\":{\"@id\":\"https:\/\/endormoonstore.com\/en\/shalltear-red-color-ver-overlord-bicute-bunnies\/#breadcrumb\"},\"inLanguage\":\"en-US\",\"potentialAction\":[{\"@type\":\"ReadAction\",\"target\":[\"https:\/\/endormoonstore.com\/en\/shalltear-red-color-ver-overlord-bicute-bunnies\/\"]}]},{\"@type\":\"ImageObject\",\"inLanguage\":\"en-US\",\"@id\":\"https:\/\/endormoonstore.com\/en\/shalltear-red-color-ver-overlord-bicute-bunnies\/#primaryimage\",\"url\":\"https:\/\/endormoonstore.com\/wp-content\/uploads\/2024\/11\/Shalltear-Red-Color-Ver.-Overlord-Bicute-Bunnies-1-1.jpg\",\"contentUrl\":\"https:\/\/endormoonstore.com\/wp-content\/uploads\/2024\/11\/Shalltear-Red-Color-Ver.-Overlord-Bicute-Bunnies-1-1.jpg\",\"width\":1000,\"height\":1000,\"caption\":\"Figura Shalltear Red Color Ver. Bicute Bunnies de 30 cm del anime Overlord.\"},{\"@type\":\"BreadcrumbList\",\"@id\":\"https:\/\/endormoonstore.com\/en\/shalltear-red-color-ver-overlord-bicute-bunnies\/#breadcrumb\",\"itemListElement\":[{\"@type\":\"ListItem\",\"position\":1,\"name\":\"Shop\",\"item\":\"https:\/\/endormoonstore.com\/en\/shop\/\"},{\"@type\":\"ListItem\",\"position\":2,\"name\":\"Shalltear Red Color Ver. Overlord Bicute Bunnies\"}]},{\"@type\":\"WebSite\",\"@id\":\"https:\/\/endormoonstore.com\/#website\",\"url\":\"https:\/\/endormoonstore.com\/\",\"name\":\"EndormoonStore\",\"description\":\"\",\"potentialAction\":[{\"@type\":\"SearchAction\",\"target\":{\"@type\":\"EntryPoint\",\"urlTemplate\":\"https:\/\/endormoonstore.com\/?s={search_term_string}\"},\"query-input\":{\"@type\":\"PropertyValueSpecification\",\"valueRequired\":true,\"valueName\":\"search_term_string\"}}],\"inLanguage\":\"en-US\"}]}<\/script>\n<!-- \/ Yoast SEO plugin. -->","yoast_head_json":{"title":"Shalltear Red Color Ver. Overlord Bicute Bunnies - EndormoonStore","robots":{"index":"index","follow":"follow","max-snippet":"max-snippet:-1","max-image-preview":"max-image-preview:large","max-video-preview":"max-video-preview:-1"},"canonical":"https:\/\/endormoonstore.com\/en\/shalltear-red-color-ver-overlord-bicute-bunnies\/","og_locale":"en_US","og_type":"article","og_title":"Shalltear Red Color Ver. Overlord Bicute Bunnies - EndormoonStore","og_description":"Shalltear Red Color Ver. Overlord Bicute Bunnies FuRyu se enorgullece de presentar la pr\u00f3xima incorporaci\u00f3n a la l\u00ednea favorita de los fan\u00e1ticos, BiCute Bunnies: \u00a1Shalltear de Overlord! Esta figura mide aproximadamente 30 cm de alto y muestra al personaje con un traje de conejita roja mientras est\u00e1 de pie en una pose popular. Perfecta para exhibir, esta figura resulta imprescindible para cualquier coleccionista. \u00a1Agrega la figura Shalltear Red Color Ver. Bicute Bunnies a tu colecci\u00f3n hoy mismo!","og_url":"https:\/\/endormoonstore.com\/en\/shalltear-red-color-ver-overlord-bicute-bunnies\/","og_site_name":"EndormoonStore","article_modified_time":"2024-11-24T22:18:12+00:00","og_image":[{"width":1000,"height":1000,"url":"https:\/\/endormoonstore.com\/wp-content\/uploads\/2024\/11\/Shalltear-Red-Color-Ver.-Overlord-Bicute-Bunnies-1-1.jpg","type":"image\/jpeg"}],"twitter_card":"summary_large_image","twitter_misc":{"Est. reading time":"2 minutes"},"schema":{"@context":"https:\/\/schema.org","@graph":[{"@type":"WebPage","@id":"https:\/\/endormoonstore.com\/en\/shalltear-red-color-ver-overlord-bicute-bunnies\/","url":"https:\/\/endormoonstore.com\/en\/shalltear-red-color-ver-overlord-bicute-bunnies\/","name":"Shalltear Red Color Ver. Overlord Bicute Bunnies - EndormoonStore","isPartOf":{"@id":"https:\/\/endormoonstore.com\/#website"},"primaryImageOfPage":{"@id":"https:\/\/endormoonstore.com\/en\/shalltear-red-color-ver-overlord-bicute-bunnies\/#primaryimage"},"image":{"@id":"https:\/\/endormoonstore.com\/en\/shalltear-red-color-ver-overlord-bicute-bunnies\/#primaryimage"},"thumbnailUrl":"https:\/\/endormoonstore.com\/wp-content\/uploads\/2024\/11\/Shalltear-Red-Color-Ver.-Overlord-Bicute-Bunnies-1-1.jpg","datePublished":"2024-11-04T03:10:02+00:00","dateModified":"2024-11-24T22:18:12+00:00","breadcrumb":{"@id":"https:\/\/endormoonstore.com\/en\/shalltear-red-color-ver-overlord-bicute-bunnies\/#breadcrumb"},"inLanguage":"en-US","potentialAction":[{"@type":"ReadAction","target":["https:\/\/endormoonstore.com\/en\/shalltear-red-color-ver-overlord-bicute-bunnies\/"]}]},{"@type":"ImageObject","inLanguage":"en-US","@id":"https:\/\/endormoonstore.com\/en\/shalltear-red-color-ver-overlord-bicute-bunnies\/#primaryimage","url":"https:\/\/endormoonstore.com\/wp-content\/uploads\/2024\/11\/Shalltear-Red-Color-Ver.-Overlord-Bicute-Bunnies-1-1.jpg","contentUrl":"https:\/\/endormoonstore.com\/wp-content\/uploads\/2024\/11\/Shalltear-Red-Color-Ver.-Overlord-Bicute-Bunnies-1-1.jpg","width":1000,"height":1000,"caption":"Figura Shalltear Red Color Ver. Bicute Bunnies de 30 cm del anime Overlord."},{"@type":"BreadcrumbList","@id":"https:\/\/endormoonstore.com\/en\/shalltear-red-color-ver-overlord-bicute-bunnies\/#breadcrumb","itemListElement":[{"@type":"ListItem","position":1,"name":"Shop","item":"https:\/\/endormoonstore.com\/en\/shop\/"},{"@type":"ListItem","position":2,"name":"Shalltear Red Color Ver. Overlord Bicute Bunnies"}]},{"@type":"WebSite","@id":"https:\/\/endormoonstore.com\/#website","url":"https:\/\/endormoonstore.com\/","name":"EndormoonStore","description":"","potentialAction":[{"@type":"SearchAction","target":{"@type":"EntryPoint","urlTemplate":"https:\/\/endormoonstore.com\/?s={search_term_string}"},"query-input":{"@type":"PropertyValueSpecification","valueRequired":true,"valueName":"search_term_string"}}],"inLanguage":"en-US"}]}},"taxonomy_info":{"product_cat":[{"value":1390,"label":"Figures"}],"pa_brand":[{"value":14022,"label":"FuRyu"}],"pa_character":[{"value":15123,"label":"Shalltear"}],"pa_license":[{"value":15043,"label":"Overlord"}],"pa_product-type":[{"value":2387,"label":"Figure"}],"pa_theme":[{"value":14306,"label":"BiCute Bunnies"}]},"featured_image_src_large":["https:\/\/endormoonstore.com\/wp-content\/uploads\/2024\/11\/Shalltear-Red-Color-Ver.-Overlord-Bicute-Bunnies-1-1.jpg",1000,1000,false],"author_info":[],"comment_info":"","_links":{"self":[{"href":"https:\/\/endormoonstore.com\/en\/wp-json\/wp\/v2\/product\/167704","targetHints":{"allow":["GET"]}}],"collection":[{"href":"https:\/\/endormoonstore.com\/en\/wp-json\/wp\/v2\/product"}],"about":[{"href":"https:\/\/endormoonstore.com\/en\/wp-json\/wp\/v2\/types\/product"}],"wp:featuredmedia":[{"embeddable":true,"href":"https:\/\/endormoonstore.com\/en\/wp-json\/wp\/v2\/media\/167679"}],"wp:attachment":[{"href":"https:\/\/endormoonstore.com\/en\/wp-json\/wp\/v2\/media?parent=167704"}],"wp:term":[{"taxonomy":"product_cat","embeddable":true,"href":"https:\/\/endormoonstore.com\/en\/wp-json\/wp\/v2\/product_cat?post=167704"},{"taxonomy":"product_tag","embeddable":true,"href":"https:\/\/endormoonstore.com\/en\/wp-json\/wp\/v2\/product_tag?post=167704"}],"curies":[{"name":"wp","href":"https:\/\/api.w.org\/{rel}","templated":true}]}}