{"id":167626,"date":"2024-11-04T04:00:35","date_gmt":"2024-11-04T03:00:35","guid":{"rendered":"https:\/\/endormoonstore.com\/hatsune-miku-love-blazer-navy-color-ver-noodle-stopper\/"},"modified":"2025-09-02T23:09:06","modified_gmt":"2025-09-02T21:09:06","slug":"hatsune-miku-love-blazer-navy-color-ver-noodle-stopper","status":"publish","type":"product","link":"https:\/\/endormoonstore.com\/en\/hatsune-miku-love-blazer-navy-color-ver-noodle-stopper\/","title":{"rendered":"Hatsune Miku Love Blazer Navy Color Ver. Noodle Stopper"},"content":{"rendered":"<p class=\"p1\"><strong>Hatsune Miku Love Blazer Navy Color Ver. Noodle Stopper<\/strong><\/p>\n<ul>\n<li>La figura Noodle Stopper de Hatsune Miku (Love Blazer Navy Color Ver.) de FuRyu, basada en el popular personaje Vocaloid, mide aproximadamente 14 cm de alto. Esta figura muestra a Hatsune Miku con un atuendo colorido y en una pose ic\u00f3nica. Perfecta para exhibir y funcional como peso para la tapa de una taza de fideos instant\u00e1neos, esta figura resulta imprescindible para cualquier coleccionista. \u00a1Agrega la figura Hatsune Miku Love Blazer Navy Color Ver. Noodle Stopper a tu colecci\u00f3n hoy mismo!<\/li>\n<li><strong>Hatsune Miku<\/strong> es una cantante virtual creada por Crypton Future Media, basada en la tecnolog\u00eda Vocaloid. Con su distintivo cabello azul y su voz sintetizada, Hatsune Miku ha ganado una enorme popularidad a nivel mundial, protagonizando conciertos en vivo y colaborando en diversas producciones musicales.<\/li>\n<li><strong>FuRyu Corporation<\/strong>, una empresa japonesa, se reconoce por su amplia gama de productos de alta calidad. Adem\u00e1s de la l\u00ednea Noodle Stopper, dise\u00f1ada no solo para exhibir, sino tambi\u00e9n para mantener la tapa de una taza de fideos instant\u00e1neos, FuRyu produce figuras de colecci\u00f3n en varias otras l\u00edneas populares como <strong>Bicute Bunnies<\/strong>,\u00a0<strong>Trio-Try-It<\/strong>,\u00a0<strong>Bloo-me!<\/strong>,\u00a0<strong>F:Nex<\/strong>\u00a0y\u00a0<strong>Tenitol<\/strong>. FuRyu se destaca por su atenci\u00f3n al detalle y la alta calidad de sus productos, que incluyen personajes populares de diversos medios.<\/li>\n<\/ul>\n","protected":false},"excerpt":{"rendered":"<p class=\"p1\"><strong>Hatsune Miku Love Blazer Navy Color Ver. Noodle Stopper<\/strong><\/p>\n<p class=\"p1\">La figura Noodle Stopper de Hatsune Miku (Love Blazer Navy Color Ver.) de FuRyu, basada en el popular personaje Vocaloid, mide aproximadamente 14 cm de alto. Esta figura muestra a Hatsune Miku con un atuendo colorido y en una pose ic\u00f3nica. Perfecta para exhibir y funcional como peso para la tapa de una taza de fideos instant\u00e1neos, esta figura resulta imprescindible para cualquier coleccionista. \u00a1Agrega la figura Hatsune Miku Love Blazer Navy Color Ver. Noodle Stopper a tu colecci\u00f3n hoy mismo!<\/p>\n","protected":false},"featured_media":167607,"template":"","meta":{"_acf_changed":false,"_kad_blocks_custom_css":"","_kad_blocks_head_custom_js":"","_kad_blocks_body_custom_js":"","_kad_blocks_footer_custom_js":""},"product_cat":[1384],"product_tag":[],"class_list":{"0":"post-167626","1":"product","2":"type-product","3":"status-publish","4":"has-post-thumbnail","6":"product_cat-pre-orders","7":"pa_brand-furyu-en","8":"pa_character-hatsune-miku-en","9":"pa_license-vocaloid-en","10":"pa_product-type-figure","11":"pa_theme-noodle-stopper-figure-en","13":"first","14":"instock","15":"taxable","16":"shipping-taxable","17":"purchasable","18":"product-type-simple"},"acf":[],"yoast_head":"<!-- This site is optimized with the Yoast SEO plugin v26.1.1 - https:\/\/yoast.com\/wordpress\/plugins\/seo\/ -->\n<title>Hatsune Miku Love Blazer Navy Color Ver. Noodle Stopper - EndormoonStore<\/title>\n<meta name=\"robots\" content=\"index, follow, max-snippet:-1, max-image-preview:large, max-video-preview:-1\" \/>\n<link rel=\"canonical\" href=\"https:\/\/endormoonstore.com\/en\/hatsune-miku-love-blazer-navy-color-ver-noodle-stopper\/\" \/>\n<meta property=\"og:locale\" content=\"en_US\" \/>\n<meta property=\"og:type\" content=\"article\" \/>\n<meta property=\"og:title\" content=\"Hatsune Miku Love Blazer Navy Color Ver. Noodle Stopper - EndormoonStore\" \/>\n<meta property=\"og:description\" content=\"Hatsune Miku Love Blazer Navy Color Ver. Noodle Stopper La figura Noodle Stopper de Hatsune Miku (Love Blazer Navy Color Ver.) de FuRyu, basada en el popular personaje Vocaloid, mide aproximadamente 14 cm de alto. Esta figura muestra a Hatsune Miku con un atuendo colorido y en una pose ic\u00f3nica. Perfecta para exhibir y funcional como peso para la tapa de una taza de fideos instant\u00e1neos, esta figura resulta imprescindible para cualquier coleccionista. \u00a1Agrega la figura Hatsune Miku Love Blazer Navy Color Ver. Noodle Stopper a tu colecci\u00f3n hoy mismo!\" \/>\n<meta property=\"og:url\" content=\"https:\/\/endormoonstore.com\/en\/hatsune-miku-love-blazer-navy-color-ver-noodle-stopper\/\" \/>\n<meta property=\"og:site_name\" content=\"EndormoonStore\" \/>\n<meta property=\"article:modified_time\" content=\"2025-09-02T21:09:06+00:00\" \/>\n<meta property=\"og:image\" content=\"https:\/\/endormoonstore.com\/wp-content\/uploads\/2024\/11\/Hatsune-Miku-Love-Blazer-Navy-Color-Ver.-Noodle-Stopper-1.jpg\" \/>\n\t<meta property=\"og:image:width\" content=\"1000\" \/>\n\t<meta property=\"og:image:height\" content=\"1000\" \/>\n\t<meta property=\"og:image:type\" content=\"image\/jpeg\" \/>\n<meta name=\"twitter:card\" content=\"summary_large_image\" \/>\n<meta name=\"twitter:label1\" content=\"Est. reading time\" \/>\n\t<meta name=\"twitter:data1\" content=\"2 minutes\" \/>\n<script type=\"application\/ld+json\" class=\"yoast-schema-graph\">{\"@context\":\"https:\/\/schema.org\",\"@graph\":[{\"@type\":\"WebPage\",\"@id\":\"https:\/\/endormoonstore.com\/en\/hatsune-miku-love-blazer-navy-color-ver-noodle-stopper\/\",\"url\":\"https:\/\/endormoonstore.com\/en\/hatsune-miku-love-blazer-navy-color-ver-noodle-stopper\/\",\"name\":\"Hatsune Miku Love Blazer Navy Color Ver. Noodle Stopper - EndormoonStore\",\"isPartOf\":{\"@id\":\"https:\/\/endormoonstore.com\/#website\"},\"primaryImageOfPage\":{\"@id\":\"https:\/\/endormoonstore.com\/en\/hatsune-miku-love-blazer-navy-color-ver-noodle-stopper\/#primaryimage\"},\"image\":{\"@id\":\"https:\/\/endormoonstore.com\/en\/hatsune-miku-love-blazer-navy-color-ver-noodle-stopper\/#primaryimage\"},\"thumbnailUrl\":\"https:\/\/endormoonstore.com\/wp-content\/uploads\/2024\/11\/Hatsune-Miku-Love-Blazer-Navy-Color-Ver.-Noodle-Stopper-1.jpg\",\"datePublished\":\"2024-11-04T03:00:35+00:00\",\"dateModified\":\"2025-09-02T21:09:06+00:00\",\"breadcrumb\":{\"@id\":\"https:\/\/endormoonstore.com\/en\/hatsune-miku-love-blazer-navy-color-ver-noodle-stopper\/#breadcrumb\"},\"inLanguage\":\"en-US\",\"potentialAction\":[{\"@type\":\"ReadAction\",\"target\":[\"https:\/\/endormoonstore.com\/en\/hatsune-miku-love-blazer-navy-color-ver-noodle-stopper\/\"]}]},{\"@type\":\"ImageObject\",\"inLanguage\":\"en-US\",\"@id\":\"https:\/\/endormoonstore.com\/en\/hatsune-miku-love-blazer-navy-color-ver-noodle-stopper\/#primaryimage\",\"url\":\"https:\/\/endormoonstore.com\/wp-content\/uploads\/2024\/11\/Hatsune-Miku-Love-Blazer-Navy-Color-Ver.-Noodle-Stopper-1.jpg\",\"contentUrl\":\"https:\/\/endormoonstore.com\/wp-content\/uploads\/2024\/11\/Hatsune-Miku-Love-Blazer-Navy-Color-Ver.-Noodle-Stopper-1.jpg\",\"width\":1000,\"height\":1000,\"caption\":\"Figura Hatsune Miku Love Blazer Navy Color Ver. Noodle Stopper de 14 cm.\"},{\"@type\":\"BreadcrumbList\",\"@id\":\"https:\/\/endormoonstore.com\/en\/hatsune-miku-love-blazer-navy-color-ver-noodle-stopper\/#breadcrumb\",\"itemListElement\":[{\"@type\":\"ListItem\",\"position\":1,\"name\":\"Shop\",\"item\":\"https:\/\/endormoonstore.com\/en\/shop\/\"},{\"@type\":\"ListItem\",\"position\":2,\"name\":\"Hatsune Miku Love Blazer Navy Color Ver. Noodle Stopper\"}]},{\"@type\":\"WebSite\",\"@id\":\"https:\/\/endormoonstore.com\/#website\",\"url\":\"https:\/\/endormoonstore.com\/\",\"name\":\"EndormoonStore\",\"description\":\"\",\"potentialAction\":[{\"@type\":\"SearchAction\",\"target\":{\"@type\":\"EntryPoint\",\"urlTemplate\":\"https:\/\/endormoonstore.com\/?s={search_term_string}\"},\"query-input\":{\"@type\":\"PropertyValueSpecification\",\"valueRequired\":true,\"valueName\":\"search_term_string\"}}],\"inLanguage\":\"en-US\"}]}<\/script>\n<!-- \/ Yoast SEO plugin. -->","yoast_head_json":{"title":"Hatsune Miku Love Blazer Navy Color Ver. Noodle Stopper - EndormoonStore","robots":{"index":"index","follow":"follow","max-snippet":"max-snippet:-1","max-image-preview":"max-image-preview:large","max-video-preview":"max-video-preview:-1"},"canonical":"https:\/\/endormoonstore.com\/en\/hatsune-miku-love-blazer-navy-color-ver-noodle-stopper\/","og_locale":"en_US","og_type":"article","og_title":"Hatsune Miku Love Blazer Navy Color Ver. Noodle Stopper - EndormoonStore","og_description":"Hatsune Miku Love Blazer Navy Color Ver. Noodle Stopper La figura Noodle Stopper de Hatsune Miku (Love Blazer Navy Color Ver.) de FuRyu, basada en el popular personaje Vocaloid, mide aproximadamente 14 cm de alto. Esta figura muestra a Hatsune Miku con un atuendo colorido y en una pose ic\u00f3nica. Perfecta para exhibir y funcional como peso para la tapa de una taza de fideos instant\u00e1neos, esta figura resulta imprescindible para cualquier coleccionista. \u00a1Agrega la figura Hatsune Miku Love Blazer Navy Color Ver. Noodle Stopper a tu colecci\u00f3n hoy mismo!","og_url":"https:\/\/endormoonstore.com\/en\/hatsune-miku-love-blazer-navy-color-ver-noodle-stopper\/","og_site_name":"EndormoonStore","article_modified_time":"2025-09-02T21:09:06+00:00","og_image":[{"width":1000,"height":1000,"url":"https:\/\/endormoonstore.com\/wp-content\/uploads\/2024\/11\/Hatsune-Miku-Love-Blazer-Navy-Color-Ver.-Noodle-Stopper-1.jpg","type":"image\/jpeg"}],"twitter_card":"summary_large_image","twitter_misc":{"Est. reading time":"2 minutes"},"schema":{"@context":"https:\/\/schema.org","@graph":[{"@type":"WebPage","@id":"https:\/\/endormoonstore.com\/en\/hatsune-miku-love-blazer-navy-color-ver-noodle-stopper\/","url":"https:\/\/endormoonstore.com\/en\/hatsune-miku-love-blazer-navy-color-ver-noodle-stopper\/","name":"Hatsune Miku Love Blazer Navy Color Ver. Noodle Stopper - EndormoonStore","isPartOf":{"@id":"https:\/\/endormoonstore.com\/#website"},"primaryImageOfPage":{"@id":"https:\/\/endormoonstore.com\/en\/hatsune-miku-love-blazer-navy-color-ver-noodle-stopper\/#primaryimage"},"image":{"@id":"https:\/\/endormoonstore.com\/en\/hatsune-miku-love-blazer-navy-color-ver-noodle-stopper\/#primaryimage"},"thumbnailUrl":"https:\/\/endormoonstore.com\/wp-content\/uploads\/2024\/11\/Hatsune-Miku-Love-Blazer-Navy-Color-Ver.-Noodle-Stopper-1.jpg","datePublished":"2024-11-04T03:00:35+00:00","dateModified":"2025-09-02T21:09:06+00:00","breadcrumb":{"@id":"https:\/\/endormoonstore.com\/en\/hatsune-miku-love-blazer-navy-color-ver-noodle-stopper\/#breadcrumb"},"inLanguage":"en-US","potentialAction":[{"@type":"ReadAction","target":["https:\/\/endormoonstore.com\/en\/hatsune-miku-love-blazer-navy-color-ver-noodle-stopper\/"]}]},{"@type":"ImageObject","inLanguage":"en-US","@id":"https:\/\/endormoonstore.com\/en\/hatsune-miku-love-blazer-navy-color-ver-noodle-stopper\/#primaryimage","url":"https:\/\/endormoonstore.com\/wp-content\/uploads\/2024\/11\/Hatsune-Miku-Love-Blazer-Navy-Color-Ver.-Noodle-Stopper-1.jpg","contentUrl":"https:\/\/endormoonstore.com\/wp-content\/uploads\/2024\/11\/Hatsune-Miku-Love-Blazer-Navy-Color-Ver.-Noodle-Stopper-1.jpg","width":1000,"height":1000,"caption":"Figura Hatsune Miku Love Blazer Navy Color Ver. Noodle Stopper de 14 cm."},{"@type":"BreadcrumbList","@id":"https:\/\/endormoonstore.com\/en\/hatsune-miku-love-blazer-navy-color-ver-noodle-stopper\/#breadcrumb","itemListElement":[{"@type":"ListItem","position":1,"name":"Shop","item":"https:\/\/endormoonstore.com\/en\/shop\/"},{"@type":"ListItem","position":2,"name":"Hatsune Miku Love Blazer Navy Color Ver. Noodle Stopper"}]},{"@type":"WebSite","@id":"https:\/\/endormoonstore.com\/#website","url":"https:\/\/endormoonstore.com\/","name":"EndormoonStore","description":"","potentialAction":[{"@type":"SearchAction","target":{"@type":"EntryPoint","urlTemplate":"https:\/\/endormoonstore.com\/?s={search_term_string}"},"query-input":{"@type":"PropertyValueSpecification","valueRequired":true,"valueName":"search_term_string"}}],"inLanguage":"en-US"}]}},"taxonomy_info":{"product_cat":[{"value":1384,"label":"Pre-orders"}],"pa_brand":[{"value":14022,"label":"FuRyu"}],"pa_character":[{"value":7587,"label":"Hatsune Miku"}],"pa_license":[{"value":15864,"label":"Vocaloid"}],"pa_product-type":[{"value":2387,"label":"Figure"}],"pa_theme":[{"value":14281,"label":"Noodle Stopper Figure"}]},"featured_image_src_large":["https:\/\/endormoonstore.com\/wp-content\/uploads\/2024\/11\/Hatsune-Miku-Love-Blazer-Navy-Color-Ver.-Noodle-Stopper-1.jpg",1000,1000,false],"author_info":[],"comment_info":"","_links":{"self":[{"href":"https:\/\/endormoonstore.com\/en\/wp-json\/wp\/v2\/product\/167626","targetHints":{"allow":["GET"]}}],"collection":[{"href":"https:\/\/endormoonstore.com\/en\/wp-json\/wp\/v2\/product"}],"about":[{"href":"https:\/\/endormoonstore.com\/en\/wp-json\/wp\/v2\/types\/product"}],"wp:featuredmedia":[{"embeddable":true,"href":"https:\/\/endormoonstore.com\/en\/wp-json\/wp\/v2\/media\/167607"}],"wp:attachment":[{"href":"https:\/\/endormoonstore.com\/en\/wp-json\/wp\/v2\/media?parent=167626"}],"wp:term":[{"taxonomy":"product_cat","embeddable":true,"href":"https:\/\/endormoonstore.com\/en\/wp-json\/wp\/v2\/product_cat?post=167626"},{"taxonomy":"product_tag","embeddable":true,"href":"https:\/\/endormoonstore.com\/en\/wp-json\/wp\/v2\/product_tag?post=167626"}],"curies":[{"name":"wp","href":"https:\/\/api.w.org\/{rel}","templated":true}]}}