{"id":167554,"date":"2024-11-04T03:35:08","date_gmt":"2024-11-04T02:35:08","guid":{"rendered":"https:\/\/endormoonstore.com\/harley-quinn-batman-the-animated-series-5-points\/"},"modified":"2024-11-22T20:06:17","modified_gmt":"2024-11-22T19:06:17","slug":"harley-quinn-batman-the-animated-series-5-points","status":"publish","type":"product","link":"https:\/\/endormoonstore.com\/en\/harley-quinn-batman-the-animated-series-5-points\/","title":{"rendered":"Harley Quinn Batman: The Animated Series 5 Points"},"content":{"rendered":"<p class=\"p1\"><strong>Harley Quinn Batman: The Animated Series 5 Points<\/strong><\/p>\n<ul>\n<li>Mezco Toyz presenta la figura de Harley Quinn dentro de la colecci\u00f3n 5 Points. Esta figura de 9,5 cm est\u00e1 basada en el ic\u00f3nico personaje de la serie de animaci\u00f3n de los 90 &#8220;Batman: The Animated Series&#8221;. Contiene una cabeza extra, dos brazos alternativos y un martillo, ofreciendo m\u00faltiples opciones de exhibici\u00f3n.<\/li>\n<li>Puedes exponerla junto a las figuras de Sky Dive Batman, Two-Face, Mr. Freeze y Batman con su Batcycle (se venden por separado). La figura se presenta en un bl\u00edster, ideal para coleccionistas.<\/li>\n<li>Lleva a casa la acci\u00f3n y el estilo de los 90 con Harley Quinn y completa tu colecci\u00f3n de Batman: The Animated Series!<\/li>\n<li><strong>Batman: The Animated Series<\/strong>\u00a0es una serie de televisi\u00f3n animada de los a\u00f1os 90, aclamada por su estilo art\u00edstico innovador y su banda sonora orquestada. La serie sigue las aventuras del Caballero Oscuro mientras protege Gotham City de su galer\u00eda de villanos.<\/li>\n<li><strong>Harley Quinn<\/strong>\u00a0es una ex-psiquiatra de Arkham Asylum que se convierte en la compa\u00f1era y amante del Joker. Conocida por su personalidad impredecible y su habilidad en combate, Harley es una de las villanas m\u00e1s populares del universo DC.<\/li>\n<li><strong>5 Points<\/strong>\u00a0es la l\u00ednea de figuras de acci\u00f3n de Mezco Toyz que rinde homenaje a las figuras articuladas cl\u00e1sicas. Estas figuras detalladas y posables presentan algunos de los personajes m\u00e1s ic\u00f3nicos de la cultura pop, tanto antiguos como nuevos.<\/li>\n<\/ul>\n","protected":false},"excerpt":{"rendered":"<p class=\"p1\"><strong>Harley Quinn Batman: The Animated Series 5 Points<\/strong><\/p>\n<p class=\"p1\">Mezco Toyz presenta la figura de Harley Quinn dentro de la colecci\u00f3n 5 Points. Esta figura de 9,5 cm est\u00e1 basada en el ic\u00f3nico personaje de la serie de animaci\u00f3n de los 90 &#8220;Batman: The Animated Series&#8221;. Contiene una cabeza extra, dos brazos alternativos y un martillo, ofreciendo m\u00faltiples opciones de exhibici\u00f3n.<\/p>\n","protected":false},"featured_media":167549,"template":"","meta":{"_acf_changed":false,"_kad_blocks_custom_css":"","_kad_blocks_head_custom_js":"","_kad_blocks_body_custom_js":"","_kad_blocks_footer_custom_js":""},"product_cat":[1384],"product_tag":[],"class_list":{"0":"post-167554","1":"product","2":"type-product","3":"status-publish","4":"has-post-thumbnail","6":"product_cat-pre-orders","7":"pa_brand-mezco-toyz-en","8":"pa_character-harley-quinn-en","9":"pa_episode-batman-the-animated-series-en","10":"pa_license-dc-universe-en","11":"pa_product-type-figure","12":"pa_theme-5-points-en","14":"first","15":"instock","16":"taxable","17":"shipping-taxable","18":"purchasable","19":"product-type-simple"},"acf":[],"yoast_head":"<!-- This site is optimized with the Yoast SEO plugin v26.1.1 - https:\/\/yoast.com\/wordpress\/plugins\/seo\/ -->\n<title>Harley Quinn Batman: The Animated Series 5 Points - EndormoonStore<\/title>\n<meta name=\"robots\" content=\"index, follow, max-snippet:-1, max-image-preview:large, max-video-preview:-1\" \/>\n<link rel=\"canonical\" href=\"https:\/\/endormoonstore.com\/en\/harley-quinn-batman-the-animated-series-5-points\/\" \/>\n<meta property=\"og:locale\" content=\"en_US\" \/>\n<meta property=\"og:type\" content=\"article\" \/>\n<meta property=\"og:title\" content=\"Harley Quinn Batman: The Animated Series 5 Points - EndormoonStore\" \/>\n<meta property=\"og:description\" content=\"Harley Quinn Batman: The Animated Series 5 Points Mezco Toyz presenta la figura de Harley Quinn dentro de la colecci\u00f3n 5 Points. Esta figura de 9,5 cm est\u00e1 basada en el ic\u00f3nico personaje de la serie de animaci\u00f3n de los 90 &quot;Batman: The Animated Series&quot;. Contiene una cabeza extra, dos brazos alternativos y un martillo, ofreciendo m\u00faltiples opciones de exhibici\u00f3n.\" \/>\n<meta property=\"og:url\" content=\"https:\/\/endormoonstore.com\/en\/harley-quinn-batman-the-animated-series-5-points\/\" \/>\n<meta property=\"og:site_name\" content=\"EndormoonStore\" \/>\n<meta property=\"article:modified_time\" content=\"2024-11-22T19:06:17+00:00\" \/>\n<meta property=\"og:image\" content=\"https:\/\/endormoonstore.com\/wp-content\/uploads\/2024\/11\/Harley-Quinn-Batman-The-Animated-Series-5-Points-1.jpeg\" \/>\n\t<meta property=\"og:image:width\" content=\"1600\" \/>\n\t<meta property=\"og:image:height\" content=\"1600\" \/>\n\t<meta property=\"og:image:type\" content=\"image\/jpeg\" \/>\n<meta name=\"twitter:card\" content=\"summary_large_image\" \/>\n<meta name=\"twitter:label1\" content=\"Est. reading time\" \/>\n\t<meta name=\"twitter:data1\" content=\"2 minutes\" \/>\n<script type=\"application\/ld+json\" class=\"yoast-schema-graph\">{\"@context\":\"https:\/\/schema.org\",\"@graph\":[{\"@type\":\"WebPage\",\"@id\":\"https:\/\/endormoonstore.com\/en\/harley-quinn-batman-the-animated-series-5-points\/\",\"url\":\"https:\/\/endormoonstore.com\/en\/harley-quinn-batman-the-animated-series-5-points\/\",\"name\":\"Harley Quinn Batman: The Animated Series 5 Points - EndormoonStore\",\"isPartOf\":{\"@id\":\"https:\/\/endormoonstore.com\/#website\"},\"primaryImageOfPage\":{\"@id\":\"https:\/\/endormoonstore.com\/en\/harley-quinn-batman-the-animated-series-5-points\/#primaryimage\"},\"image\":{\"@id\":\"https:\/\/endormoonstore.com\/en\/harley-quinn-batman-the-animated-series-5-points\/#primaryimage\"},\"thumbnailUrl\":\"https:\/\/endormoonstore.com\/wp-content\/uploads\/2024\/11\/Harley-Quinn-Batman-The-Animated-Series-5-Points-1.jpeg\",\"datePublished\":\"2024-11-04T02:35:08+00:00\",\"dateModified\":\"2024-11-22T19:06:17+00:00\",\"breadcrumb\":{\"@id\":\"https:\/\/endormoonstore.com\/en\/harley-quinn-batman-the-animated-series-5-points\/#breadcrumb\"},\"inLanguage\":\"en-US\",\"potentialAction\":[{\"@type\":\"ReadAction\",\"target\":[\"https:\/\/endormoonstore.com\/en\/harley-quinn-batman-the-animated-series-5-points\/\"]}]},{\"@type\":\"ImageObject\",\"inLanguage\":\"en-US\",\"@id\":\"https:\/\/endormoonstore.com\/en\/harley-quinn-batman-the-animated-series-5-points\/#primaryimage\",\"url\":\"https:\/\/endormoonstore.com\/wp-content\/uploads\/2024\/11\/Harley-Quinn-Batman-The-Animated-Series-5-Points-1.jpeg\",\"contentUrl\":\"https:\/\/endormoonstore.com\/wp-content\/uploads\/2024\/11\/Harley-Quinn-Batman-The-Animated-Series-5-Points-1.jpeg\",\"width\":1600,\"height\":1600,\"caption\":\"Harley Quinn con cabeza extra, brazos alternativos y martillo.\"},{\"@type\":\"BreadcrumbList\",\"@id\":\"https:\/\/endormoonstore.com\/en\/harley-quinn-batman-the-animated-series-5-points\/#breadcrumb\",\"itemListElement\":[{\"@type\":\"ListItem\",\"position\":1,\"name\":\"Shop\",\"item\":\"https:\/\/endormoonstore.com\/en\/shop\/\"},{\"@type\":\"ListItem\",\"position\":2,\"name\":\"Harley Quinn Batman: The Animated Series 5 Points\"}]},{\"@type\":\"WebSite\",\"@id\":\"https:\/\/endormoonstore.com\/#website\",\"url\":\"https:\/\/endormoonstore.com\/\",\"name\":\"EndormoonStore\",\"description\":\"\",\"potentialAction\":[{\"@type\":\"SearchAction\",\"target\":{\"@type\":\"EntryPoint\",\"urlTemplate\":\"https:\/\/endormoonstore.com\/?s={search_term_string}\"},\"query-input\":{\"@type\":\"PropertyValueSpecification\",\"valueRequired\":true,\"valueName\":\"search_term_string\"}}],\"inLanguage\":\"en-US\"}]}<\/script>\n<!-- \/ Yoast SEO plugin. -->","yoast_head_json":{"title":"Harley Quinn Batman: The Animated Series 5 Points - EndormoonStore","robots":{"index":"index","follow":"follow","max-snippet":"max-snippet:-1","max-image-preview":"max-image-preview:large","max-video-preview":"max-video-preview:-1"},"canonical":"https:\/\/endormoonstore.com\/en\/harley-quinn-batman-the-animated-series-5-points\/","og_locale":"en_US","og_type":"article","og_title":"Harley Quinn Batman: The Animated Series 5 Points - EndormoonStore","og_description":"Harley Quinn Batman: The Animated Series 5 Points Mezco Toyz presenta la figura de Harley Quinn dentro de la colecci\u00f3n 5 Points. Esta figura de 9,5 cm est\u00e1 basada en el ic\u00f3nico personaje de la serie de animaci\u00f3n de los 90 \"Batman: The Animated Series\". Contiene una cabeza extra, dos brazos alternativos y un martillo, ofreciendo m\u00faltiples opciones de exhibici\u00f3n.","og_url":"https:\/\/endormoonstore.com\/en\/harley-quinn-batman-the-animated-series-5-points\/","og_site_name":"EndormoonStore","article_modified_time":"2024-11-22T19:06:17+00:00","og_image":[{"width":1600,"height":1600,"url":"https:\/\/endormoonstore.com\/wp-content\/uploads\/2024\/11\/Harley-Quinn-Batman-The-Animated-Series-5-Points-1.jpeg","type":"image\/jpeg"}],"twitter_card":"summary_large_image","twitter_misc":{"Est. reading time":"2 minutes"},"schema":{"@context":"https:\/\/schema.org","@graph":[{"@type":"WebPage","@id":"https:\/\/endormoonstore.com\/en\/harley-quinn-batman-the-animated-series-5-points\/","url":"https:\/\/endormoonstore.com\/en\/harley-quinn-batman-the-animated-series-5-points\/","name":"Harley Quinn Batman: The Animated Series 5 Points - EndormoonStore","isPartOf":{"@id":"https:\/\/endormoonstore.com\/#website"},"primaryImageOfPage":{"@id":"https:\/\/endormoonstore.com\/en\/harley-quinn-batman-the-animated-series-5-points\/#primaryimage"},"image":{"@id":"https:\/\/endormoonstore.com\/en\/harley-quinn-batman-the-animated-series-5-points\/#primaryimage"},"thumbnailUrl":"https:\/\/endormoonstore.com\/wp-content\/uploads\/2024\/11\/Harley-Quinn-Batman-The-Animated-Series-5-Points-1.jpeg","datePublished":"2024-11-04T02:35:08+00:00","dateModified":"2024-11-22T19:06:17+00:00","breadcrumb":{"@id":"https:\/\/endormoonstore.com\/en\/harley-quinn-batman-the-animated-series-5-points\/#breadcrumb"},"inLanguage":"en-US","potentialAction":[{"@type":"ReadAction","target":["https:\/\/endormoonstore.com\/en\/harley-quinn-batman-the-animated-series-5-points\/"]}]},{"@type":"ImageObject","inLanguage":"en-US","@id":"https:\/\/endormoonstore.com\/en\/harley-quinn-batman-the-animated-series-5-points\/#primaryimage","url":"https:\/\/endormoonstore.com\/wp-content\/uploads\/2024\/11\/Harley-Quinn-Batman-The-Animated-Series-5-Points-1.jpeg","contentUrl":"https:\/\/endormoonstore.com\/wp-content\/uploads\/2024\/11\/Harley-Quinn-Batman-The-Animated-Series-5-Points-1.jpeg","width":1600,"height":1600,"caption":"Harley Quinn con cabeza extra, brazos alternativos y martillo."},{"@type":"BreadcrumbList","@id":"https:\/\/endormoonstore.com\/en\/harley-quinn-batman-the-animated-series-5-points\/#breadcrumb","itemListElement":[{"@type":"ListItem","position":1,"name":"Shop","item":"https:\/\/endormoonstore.com\/en\/shop\/"},{"@type":"ListItem","position":2,"name":"Harley Quinn Batman: The Animated Series 5 Points"}]},{"@type":"WebSite","@id":"https:\/\/endormoonstore.com\/#website","url":"https:\/\/endormoonstore.com\/","name":"EndormoonStore","description":"","potentialAction":[{"@type":"SearchAction","target":{"@type":"EntryPoint","urlTemplate":"https:\/\/endormoonstore.com\/?s={search_term_string}"},"query-input":{"@type":"PropertyValueSpecification","valueRequired":true,"valueName":"search_term_string"}}],"inLanguage":"en-US"}]}},"taxonomy_info":{"product_cat":[{"value":1384,"label":"Pre-orders"}],"pa_brand":[{"value":1638,"label":"Mezco Toyz"}],"pa_character":[{"value":3902,"label":"Harley Quinn"}],"pa_episode":[{"value":15113,"label":"Batman: The Animated Series"}],"pa_license":[{"value":3086,"label":"Dc Universe"}],"pa_product-type":[{"value":2387,"label":"Figure"}],"pa_theme":[{"value":3581,"label":"5 Points"}]},"featured_image_src_large":["https:\/\/endormoonstore.com\/wp-content\/uploads\/2024\/11\/Harley-Quinn-Batman-The-Animated-Series-5-Points-1.jpeg",1600,1600,false],"author_info":[],"comment_info":"","_links":{"self":[{"href":"https:\/\/endormoonstore.com\/en\/wp-json\/wp\/v2\/product\/167554","targetHints":{"allow":["GET"]}}],"collection":[{"href":"https:\/\/endormoonstore.com\/en\/wp-json\/wp\/v2\/product"}],"about":[{"href":"https:\/\/endormoonstore.com\/en\/wp-json\/wp\/v2\/types\/product"}],"wp:featuredmedia":[{"embeddable":true,"href":"https:\/\/endormoonstore.com\/en\/wp-json\/wp\/v2\/media\/167549"}],"wp:attachment":[{"href":"https:\/\/endormoonstore.com\/en\/wp-json\/wp\/v2\/media?parent=167554"}],"wp:term":[{"taxonomy":"product_cat","embeddable":true,"href":"https:\/\/endormoonstore.com\/en\/wp-json\/wp\/v2\/product_cat?post=167554"},{"taxonomy":"product_tag","embeddable":true,"href":"https:\/\/endormoonstore.com\/en\/wp-json\/wp\/v2\/product_tag?post=167554"}],"curies":[{"name":"wp","href":"https:\/\/api.w.org\/{rel}","templated":true}]}}