{"id":167463,"date":"2024-11-04T03:10:44","date_gmt":"2024-11-04T02:10:44","guid":{"rendered":"https:\/\/endormoonstore.com\/jumping-girls-bocchi-the-rock\/"},"modified":"2024-11-20T22:16:02","modified_gmt":"2024-11-20T21:16:02","slug":"jumping-girls-bocchi-the-rock","status":"publish","type":"product","link":"https:\/\/endormoonstore.com\/en\/jumping-girls-bocchi-the-rock\/","title":{"rendered":"Jumping Girls Bocchi the Rock!"},"content":{"rendered":"<p><strong>Jumping Girls Bocchi the Rock!<\/strong><\/p>\n<ul>\n<li>La exitosa serie &#8216;B<strong>occhi the Rock!<\/strong>&#8216; Aniplex nos presenta el esperado set de figuras de la ic\u00f3nica escena del Episodio 4, &#8216;Jumping Girls&#8217;. Las expresiones de los cuatro personajes (Hitori Gotoh, Nijika Ijichi, Ryo Yamada e Ikuyo Kita) muestran a la perfecci\u00f3n sus distintas personalidades. Este set captura fielmente el momento y le da vida. \u00a1No dejes de agregar esta divertida figura a tu colecci\u00f3n! Mide unos 20 cm de alto. Fabricado en ABS y PVC. La figura es muy detallada y no es articulada.<\/li>\n<li><strong>Bocchi the Rock! <\/strong>sigue la vida de Hitori Gotoh, una chica t\u00edmida y solitaria que sue\u00f1a con convertirse en una estrella del rock. Durante sus a\u00f1os de secundaria, Hitori comienza a tocar la guitarra con la esperanza de unirse a una banda y hacer amigos. Sin embargo, su timidez extrema la lleva a practicar sola durante horas cada d\u00eda.<\/li>\n<li>Despu\u00e9s de subir videos de sus interpretaciones a internet bajo el nombre de &#8220;Guitar Hero&#8221;, Nijika Ijichi, la baterista de la banda Kessoku, descubre a Hitori e invita a unirse a la banda. Esto marca el comienzo de un cambio significativo en su vida. A lo largo de la serie, Hitori forma fuertes lazos de amistad con sus compa\u00f1eras de banda, Nijika Ijichi, Ryo Yamada e Ikuyo Kita. Juntas, enfrentan diversos desaf\u00edos mientras persiguen sus sue\u00f1os musicales y navegan por los altibajos de la vida adolescente.<\/li>\n<\/ul>\n","protected":false},"excerpt":{"rendered":"<p><strong>Jumping Girls Bocchi the Rock!<\/strong><\/p>\n<p>La exitosa serie &#8216;B<strong>occhi the Rock!<\/strong>&#8216; Aniplex nos presenta el esperado set de figuras de la ic\u00f3nica escena del Episodio 4, &#8216;Jumping Girls&#8217;. Las expresiones de los cuatro personajes (Hitori Gotoh, Nijika Ijichi, Ryo Yamada e Ikuyo Kita) muestran a la perfecci\u00f3n sus distintas personalidades. Este set captura fielmente el momento y le da vida. \u00a1No dejes de agregar esta divertida figura a tu colecci\u00f3n! Mide unos 20 cm de alto. Fabricado en ABS y PVC. La figura es muy detallada y no es articulada.<\/p>\n","protected":false},"featured_media":167446,"template":"","meta":{"_acf_changed":false,"_kad_blocks_custom_css":"","_kad_blocks_head_custom_js":"","_kad_blocks_body_custom_js":"","_kad_blocks_footer_custom_js":""},"product_cat":[1384],"product_tag":[],"class_list":{"0":"post-167463","1":"product","2":"type-product","3":"status-publish","4":"has-post-thumbnail","6":"product_cat-pre-orders","7":"pa_brand-aniplex-en","8":"pa_character-hitori-gotoh-en","9":"pa_character-ikuyo-kita-en","10":"pa_character-nijika-ijichi-en","11":"pa_character-ryo-yamada-en","12":"pa_license-bocchi-the-rock-en","13":"pa_product-type-figure","15":"first","16":"instock","17":"taxable","18":"shipping-taxable","19":"purchasable","20":"product-type-simple"},"acf":[],"yoast_head":"<!-- This site is optimized with the Yoast SEO plugin v26.1.1 - https:\/\/yoast.com\/wordpress\/plugins\/seo\/ -->\n<title>Jumping Girls Bocchi the Rock! - EndormoonStore<\/title>\n<meta name=\"robots\" content=\"index, follow, max-snippet:-1, max-image-preview:large, max-video-preview:-1\" \/>\n<link rel=\"canonical\" href=\"https:\/\/endormoonstore.com\/en\/jumping-girls-bocchi-the-rock\/\" \/>\n<meta property=\"og:locale\" content=\"en_US\" \/>\n<meta property=\"og:type\" content=\"article\" \/>\n<meta property=\"og:title\" content=\"Jumping Girls Bocchi the Rock! - EndormoonStore\" \/>\n<meta property=\"og:description\" content=\"Jumping Girls Bocchi the Rock!  La exitosa serie &#039;Bocchi the Rock!&#039; Aniplex nos presenta el esperado set de figuras de la ic\u00f3nica escena del Episodio 4, &#039;Jumping Girls&#039;. Las expresiones de los cuatro personajes (Hitori Gotoh, Nijika Ijichi, Ryo Yamada e Ikuyo Kita) muestran a la perfecci\u00f3n sus distintas personalidades. Este set captura fielmente el momento y le da vida. \u00a1No dejes de agregar esta divertida figura a tu colecci\u00f3n! Mide unos 20 cm de alto. Fabricado en ABS y PVC. La figura es muy detallada y no es articulada.\" \/>\n<meta property=\"og:url\" content=\"https:\/\/endormoonstore.com\/en\/jumping-girls-bocchi-the-rock\/\" \/>\n<meta property=\"og:site_name\" content=\"EndormoonStore\" \/>\n<meta property=\"article:modified_time\" content=\"2024-11-20T21:16:02+00:00\" \/>\n<meta property=\"og:image\" content=\"https:\/\/endormoonstore.com\/wp-content\/uploads\/2024\/11\/Jumping-Girls-Bocchi-the-Rock-1.jpg\" \/>\n\t<meta property=\"og:image:width\" content=\"875\" \/>\n\t<meta property=\"og:image:height\" content=\"750\" \/>\n\t<meta property=\"og:image:type\" content=\"image\/jpeg\" \/>\n<meta name=\"twitter:card\" content=\"summary_large_image\" \/>\n<meta name=\"twitter:label1\" content=\"Est. reading time\" \/>\n\t<meta name=\"twitter:data1\" content=\"2 minutes\" \/>\n<script type=\"application\/ld+json\" class=\"yoast-schema-graph\">{\"@context\":\"https:\/\/schema.org\",\"@graph\":[{\"@type\":\"WebPage\",\"@id\":\"https:\/\/endormoonstore.com\/en\/jumping-girls-bocchi-the-rock\/\",\"url\":\"https:\/\/endormoonstore.com\/en\/jumping-girls-bocchi-the-rock\/\",\"name\":\"Jumping Girls Bocchi the Rock! - EndormoonStore\",\"isPartOf\":{\"@id\":\"https:\/\/endormoonstore.com\/#website\"},\"primaryImageOfPage\":{\"@id\":\"https:\/\/endormoonstore.com\/en\/jumping-girls-bocchi-the-rock\/#primaryimage\"},\"image\":{\"@id\":\"https:\/\/endormoonstore.com\/en\/jumping-girls-bocchi-the-rock\/#primaryimage\"},\"thumbnailUrl\":\"https:\/\/endormoonstore.com\/wp-content\/uploads\/2024\/11\/Jumping-Girls-Bocchi-the-Rock-1.jpg\",\"datePublished\":\"2024-11-04T02:10:44+00:00\",\"dateModified\":\"2024-11-20T21:16:02+00:00\",\"breadcrumb\":{\"@id\":\"https:\/\/endormoonstore.com\/en\/jumping-girls-bocchi-the-rock\/#breadcrumb\"},\"inLanguage\":\"en-US\",\"potentialAction\":[{\"@type\":\"ReadAction\",\"target\":[\"https:\/\/endormoonstore.com\/en\/jumping-girls-bocchi-the-rock\/\"]}]},{\"@type\":\"ImageObject\",\"inLanguage\":\"en-US\",\"@id\":\"https:\/\/endormoonstore.com\/en\/jumping-girls-bocchi-the-rock\/#primaryimage\",\"url\":\"https:\/\/endormoonstore.com\/wp-content\/uploads\/2024\/11\/Jumping-Girls-Bocchi-the-Rock-1.jpg\",\"contentUrl\":\"https:\/\/endormoonstore.com\/wp-content\/uploads\/2024\/11\/Jumping-Girls-Bocchi-the-Rock-1.jpg\",\"width\":875,\"height\":750,\"caption\":\"\u00a1Salto de las Chicas de Bocchi the Rock!\"},{\"@type\":\"BreadcrumbList\",\"@id\":\"https:\/\/endormoonstore.com\/en\/jumping-girls-bocchi-the-rock\/#breadcrumb\",\"itemListElement\":[{\"@type\":\"ListItem\",\"position\":1,\"name\":\"Shop\",\"item\":\"https:\/\/endormoonstore.com\/en\/shop\/\"},{\"@type\":\"ListItem\",\"position\":2,\"name\":\"Jumping Girls Bocchi the Rock!\"}]},{\"@type\":\"WebSite\",\"@id\":\"https:\/\/endormoonstore.com\/#website\",\"url\":\"https:\/\/endormoonstore.com\/\",\"name\":\"EndormoonStore\",\"description\":\"\",\"potentialAction\":[{\"@type\":\"SearchAction\",\"target\":{\"@type\":\"EntryPoint\",\"urlTemplate\":\"https:\/\/endormoonstore.com\/?s={search_term_string}\"},\"query-input\":{\"@type\":\"PropertyValueSpecification\",\"valueRequired\":true,\"valueName\":\"search_term_string\"}}],\"inLanguage\":\"en-US\"}]}<\/script>\n<!-- \/ Yoast SEO plugin. -->","yoast_head_json":{"title":"Jumping Girls Bocchi the Rock! - EndormoonStore","robots":{"index":"index","follow":"follow","max-snippet":"max-snippet:-1","max-image-preview":"max-image-preview:large","max-video-preview":"max-video-preview:-1"},"canonical":"https:\/\/endormoonstore.com\/en\/jumping-girls-bocchi-the-rock\/","og_locale":"en_US","og_type":"article","og_title":"Jumping Girls Bocchi the Rock! - EndormoonStore","og_description":"Jumping Girls Bocchi the Rock!  La exitosa serie 'Bocchi the Rock!' Aniplex nos presenta el esperado set de figuras de la ic\u00f3nica escena del Episodio 4, 'Jumping Girls'. Las expresiones de los cuatro personajes (Hitori Gotoh, Nijika Ijichi, Ryo Yamada e Ikuyo Kita) muestran a la perfecci\u00f3n sus distintas personalidades. Este set captura fielmente el momento y le da vida. \u00a1No dejes de agregar esta divertida figura a tu colecci\u00f3n! Mide unos 20 cm de alto. Fabricado en ABS y PVC. La figura es muy detallada y no es articulada.","og_url":"https:\/\/endormoonstore.com\/en\/jumping-girls-bocchi-the-rock\/","og_site_name":"EndormoonStore","article_modified_time":"2024-11-20T21:16:02+00:00","og_image":[{"width":875,"height":750,"url":"https:\/\/endormoonstore.com\/wp-content\/uploads\/2024\/11\/Jumping-Girls-Bocchi-the-Rock-1.jpg","type":"image\/jpeg"}],"twitter_card":"summary_large_image","twitter_misc":{"Est. reading time":"2 minutes"},"schema":{"@context":"https:\/\/schema.org","@graph":[{"@type":"WebPage","@id":"https:\/\/endormoonstore.com\/en\/jumping-girls-bocchi-the-rock\/","url":"https:\/\/endormoonstore.com\/en\/jumping-girls-bocchi-the-rock\/","name":"Jumping Girls Bocchi the Rock! - EndormoonStore","isPartOf":{"@id":"https:\/\/endormoonstore.com\/#website"},"primaryImageOfPage":{"@id":"https:\/\/endormoonstore.com\/en\/jumping-girls-bocchi-the-rock\/#primaryimage"},"image":{"@id":"https:\/\/endormoonstore.com\/en\/jumping-girls-bocchi-the-rock\/#primaryimage"},"thumbnailUrl":"https:\/\/endormoonstore.com\/wp-content\/uploads\/2024\/11\/Jumping-Girls-Bocchi-the-Rock-1.jpg","datePublished":"2024-11-04T02:10:44+00:00","dateModified":"2024-11-20T21:16:02+00:00","breadcrumb":{"@id":"https:\/\/endormoonstore.com\/en\/jumping-girls-bocchi-the-rock\/#breadcrumb"},"inLanguage":"en-US","potentialAction":[{"@type":"ReadAction","target":["https:\/\/endormoonstore.com\/en\/jumping-girls-bocchi-the-rock\/"]}]},{"@type":"ImageObject","inLanguage":"en-US","@id":"https:\/\/endormoonstore.com\/en\/jumping-girls-bocchi-the-rock\/#primaryimage","url":"https:\/\/endormoonstore.com\/wp-content\/uploads\/2024\/11\/Jumping-Girls-Bocchi-the-Rock-1.jpg","contentUrl":"https:\/\/endormoonstore.com\/wp-content\/uploads\/2024\/11\/Jumping-Girls-Bocchi-the-Rock-1.jpg","width":875,"height":750,"caption":"\u00a1Salto de las Chicas de Bocchi the Rock!"},{"@type":"BreadcrumbList","@id":"https:\/\/endormoonstore.com\/en\/jumping-girls-bocchi-the-rock\/#breadcrumb","itemListElement":[{"@type":"ListItem","position":1,"name":"Shop","item":"https:\/\/endormoonstore.com\/en\/shop\/"},{"@type":"ListItem","position":2,"name":"Jumping Girls Bocchi the Rock!"}]},{"@type":"WebSite","@id":"https:\/\/endormoonstore.com\/#website","url":"https:\/\/endormoonstore.com\/","name":"EndormoonStore","description":"","potentialAction":[{"@type":"SearchAction","target":{"@type":"EntryPoint","urlTemplate":"https:\/\/endormoonstore.com\/?s={search_term_string}"},"query-input":{"@type":"PropertyValueSpecification","valueRequired":true,"valueName":"search_term_string"}}],"inLanguage":"en-US"}]}},"taxonomy_info":{"product_cat":[{"value":1384,"label":"Pre-orders"}],"pa_brand":[{"value":13913,"label":"Aniplex"}],"pa_character":[{"value":15095,"label":"Hitori Gotoh"},{"value":14814,"label":"Ikuyo Kita"},{"value":15097,"label":"Nijika Ijichi"},{"value":15099,"label":"Ryo Yamada"}],"pa_license":[{"value":14812,"label":"Bocchi the Rock!"}],"pa_product-type":[{"value":2387,"label":"Figure"}]},"featured_image_src_large":["https:\/\/endormoonstore.com\/wp-content\/uploads\/2024\/11\/Jumping-Girls-Bocchi-the-Rock-1.jpg",875,750,false],"author_info":[],"comment_info":"","_links":{"self":[{"href":"https:\/\/endormoonstore.com\/en\/wp-json\/wp\/v2\/product\/167463","targetHints":{"allow":["GET"]}}],"collection":[{"href":"https:\/\/endormoonstore.com\/en\/wp-json\/wp\/v2\/product"}],"about":[{"href":"https:\/\/endormoonstore.com\/en\/wp-json\/wp\/v2\/types\/product"}],"wp:featuredmedia":[{"embeddable":true,"href":"https:\/\/endormoonstore.com\/en\/wp-json\/wp\/v2\/media\/167446"}],"wp:attachment":[{"href":"https:\/\/endormoonstore.com\/en\/wp-json\/wp\/v2\/media?parent=167463"}],"wp:term":[{"taxonomy":"product_cat","embeddable":true,"href":"https:\/\/endormoonstore.com\/en\/wp-json\/wp\/v2\/product_cat?post=167463"},{"taxonomy":"product_tag","embeddable":true,"href":"https:\/\/endormoonstore.com\/en\/wp-json\/wp\/v2\/product_tag?post=167463"}],"curies":[{"name":"wp","href":"https:\/\/api.w.org\/{rel}","templated":true}]}}