{"id":167442,"date":"2024-11-04T03:05:22","date_gmt":"2024-11-04T02:05:22","guid":{"rendered":"https:\/\/endormoonstore.com\/bridget-articulated-model-kit-guilty-gear-strive\/"},"modified":"2024-11-20T21:10:15","modified_gmt":"2024-11-20T20:10:15","slug":"bridget-articulated-model-kit-guilty-gear-strive","status":"publish","type":"product","link":"https:\/\/endormoonstore.com\/en\/bridget-articulated-model-kit-guilty-gear-strive\/","title":{"rendered":"Bridget Articulated Model Kit Guilty Gear Strive"},"content":{"rendered":"<p><strong>Bridget Articulated Model Kit Guilty Gear Strive<\/strong><\/p>\n<ul>\n<li><strong>\u00a1La pr\u00f3xima vez no me pierdas de vista! <\/strong>\u00a1Del juego de lucha &#8220;GUILTY GEAR -STRIVE-&#8221; llega un modelo de pl\u00e1stico articulado del popular personaje Bridget! El kit de modelo captura los distintos ataques y poses de Bridget del juego, utilizando juntas articuladas y tres placas faciales impresas diferentes. Mediante una planificaci\u00f3n cuidadosa de c\u00f3mo se dividen las partes del kit, puedes recrear con precisi\u00f3n los colores del dise\u00f1o original de Bridget mediante un ensamblaje simple sin pintura adicional. Sin embargo, si decides pintar algunos detalles, la figura puede lucir a\u00fan m\u00e1s impresionante.<\/li>\n<li>El kit tambi\u00e9n incluye esposas desmontables, tres pares de manos intercambiables y el yo-yo caracter\u00edstico de Bridget, lo que lo convierte en una adici\u00f3n perfecta para los fan\u00e1ticos y coleccionistas. El amigo de Bridget, Roger, tambi\u00e9n viene incluido en el kit, as\u00ed como piezas adicionales para exhibir el modelo sin la sudadera de Bridget. \u00a1Aseg\u00farate de agregar este adorable modelo de pl\u00e1stico de Bridget a tu colecci\u00f3n!<\/li>\n<li><strong>Guilty Gear -Strive-<\/strong>\u00a0es un juego de lucha que forma parte de la popular serie Guilty Gear. El juego presenta una variedad de personajes \u00fanicos, cada uno con sus propios movimientos y habilidades especiales. Bridget es uno de los personajes m\u00e1s queridos, conocido por su estilo de lucha \u00e1gil y su compa\u00f1ero, Roger.<\/li>\n<li><strong>Bridget<\/strong>\u00a0es un personaje popular en la serie Guilty Gear. Utiliza un yo-yo como arma principal y cuenta con la ayuda de su amigo, Roger, en combate. Su dise\u00f1o distintivo y su personalidad encantadora lo han convertido en un favorito entre los fans.<\/li>\n<\/ul>\n","protected":false},"excerpt":{"rendered":"<p><strong>Bridget Articulated Model Kit Guilty Gear Strive<\/strong><\/p>\n<p><strong>\u00a1La pr\u00f3xima vez no me pierdas de vista! <\/strong>\u00a1Del juego de lucha &#8220;GUILTY GEAR -STRIVE-&#8221; llega un modelo de pl\u00e1stico articulado del popular personaje Bridget! El kit de modelo captura los distintos ataques y poses de Bridget del juego, utilizando juntas articuladas y tres placas faciales impresas diferentes. Mediante una planificaci\u00f3n cuidadosa de c\u00f3mo se dividen las partes del kit, puedes recrear con precisi\u00f3n los colores del dise\u00f1o original de Bridget mediante un ensamblaje simple sin pintura adicional. Sin embargo, si decides pintar algunos detalles, la figura puede lucir a\u00fan m\u00e1s impresionante.<\/p>\n","protected":false},"featured_media":167425,"template":"","meta":{"_acf_changed":false,"_kad_blocks_custom_css":"","_kad_blocks_head_custom_js":"","_kad_blocks_body_custom_js":"","_kad_blocks_footer_custom_js":""},"product_cat":[1384],"product_tag":[],"class_list":{"0":"post-167442","1":"product","2":"type-product","3":"status-publish","4":"has-post-thumbnail","6":"product_cat-pre-orders","7":"pa_brand-annulus-en","8":"pa_character-bridget-en","9":"pa_license-guilty-gear-strive-en","10":"pa_product-type-figure","11":"pa_product-type-model-kit-en","12":"pa_theme-articulated-plastic-model-kit-en","14":"first","15":"instock","16":"taxable","17":"shipping-taxable","18":"purchasable","19":"product-type-simple"},"acf":[],"yoast_head":"<!-- This site is optimized with the Yoast SEO plugin v26.1.1 - https:\/\/yoast.com\/wordpress\/plugins\/seo\/ -->\n<title>Bridget Articulated Model Kit Guilty Gear Strive - EndormoonStore<\/title>\n<meta name=\"robots\" content=\"index, follow, max-snippet:-1, max-image-preview:large, max-video-preview:-1\" \/>\n<link rel=\"canonical\" href=\"https:\/\/endormoonstore.com\/en\/bridget-articulated-model-kit-guilty-gear-strive\/\" \/>\n<meta property=\"og:locale\" content=\"en_US\" \/>\n<meta property=\"og:type\" content=\"article\" \/>\n<meta property=\"og:title\" content=\"Bridget Articulated Model Kit Guilty Gear Strive - EndormoonStore\" \/>\n<meta property=\"og:description\" content=\"Bridget Articulated Model Kit Guilty Gear Strive  \u00a1La pr\u00f3xima vez no me pierdas de vista! \u00a1Del juego de lucha &quot;GUILTY GEAR -STRIVE-&quot; llega un modelo de pl\u00e1stico articulado del popular personaje Bridget! El kit de modelo captura los distintos ataques y poses de Bridget del juego, utilizando juntas articuladas y tres placas faciales impresas diferentes. Mediante una planificaci\u00f3n cuidadosa de c\u00f3mo se dividen las partes del kit, puedes recrear con precisi\u00f3n los colores del dise\u00f1o original de Bridget mediante un ensamblaje simple sin pintura adicional. Sin embargo, si decides pintar algunos detalles, la figura puede lucir a\u00fan m\u00e1s impresionante.\" \/>\n<meta property=\"og:url\" content=\"https:\/\/endormoonstore.com\/en\/bridget-articulated-model-kit-guilty-gear-strive\/\" \/>\n<meta property=\"og:site_name\" content=\"EndormoonStore\" \/>\n<meta property=\"article:modified_time\" content=\"2024-11-20T20:10:15+00:00\" \/>\n<meta property=\"og:image\" content=\"https:\/\/endormoonstore.com\/wp-content\/uploads\/2024\/11\/Bridget-Articulated-Model-Kit-Guilty-Gear-Strive-1.jpg\" \/>\n\t<meta property=\"og:image:width\" content=\"687\" \/>\n\t<meta property=\"og:image:height\" content=\"1000\" \/>\n\t<meta property=\"og:image:type\" content=\"image\/jpeg\" \/>\n<meta name=\"twitter:card\" content=\"summary_large_image\" \/>\n<meta name=\"twitter:label1\" content=\"Est. reading time\" \/>\n\t<meta name=\"twitter:data1\" content=\"2 minutes\" \/>\n<script type=\"application\/ld+json\" class=\"yoast-schema-graph\">{\"@context\":\"https:\/\/schema.org\",\"@graph\":[{\"@type\":\"WebPage\",\"@id\":\"https:\/\/endormoonstore.com\/en\/bridget-articulated-model-kit-guilty-gear-strive\/\",\"url\":\"https:\/\/endormoonstore.com\/en\/bridget-articulated-model-kit-guilty-gear-strive\/\",\"name\":\"Bridget Articulated Model Kit Guilty Gear Strive - EndormoonStore\",\"isPartOf\":{\"@id\":\"https:\/\/endormoonstore.com\/#website\"},\"primaryImageOfPage\":{\"@id\":\"https:\/\/endormoonstore.com\/en\/bridget-articulated-model-kit-guilty-gear-strive\/#primaryimage\"},\"image\":{\"@id\":\"https:\/\/endormoonstore.com\/en\/bridget-articulated-model-kit-guilty-gear-strive\/#primaryimage\"},\"thumbnailUrl\":\"https:\/\/endormoonstore.com\/wp-content\/uploads\/2024\/11\/Bridget-Articulated-Model-Kit-Guilty-Gear-Strive-1.jpg\",\"datePublished\":\"2024-11-04T02:05:22+00:00\",\"dateModified\":\"2024-11-20T20:10:15+00:00\",\"breadcrumb\":{\"@id\":\"https:\/\/endormoonstore.com\/en\/bridget-articulated-model-kit-guilty-gear-strive\/#breadcrumb\"},\"inLanguage\":\"en-US\",\"potentialAction\":[{\"@type\":\"ReadAction\",\"target\":[\"https:\/\/endormoonstore.com\/en\/bridget-articulated-model-kit-guilty-gear-strive\/\"]}]},{\"@type\":\"ImageObject\",\"inLanguage\":\"en-US\",\"@id\":\"https:\/\/endormoonstore.com\/en\/bridget-articulated-model-kit-guilty-gear-strive\/#primaryimage\",\"url\":\"https:\/\/endormoonstore.com\/wp-content\/uploads\/2024\/11\/Bridget-Articulated-Model-Kit-Guilty-Gear-Strive-1.jpg\",\"contentUrl\":\"https:\/\/endormoonstore.com\/wp-content\/uploads\/2024\/11\/Bridget-Articulated-Model-Kit-Guilty-Gear-Strive-1.jpg\",\"width\":687,\"height\":1000,\"caption\":\"Detalle del modelo articulado de Bridget, sus accesorios y caracter\u00edsticas.\"},{\"@type\":\"BreadcrumbList\",\"@id\":\"https:\/\/endormoonstore.com\/en\/bridget-articulated-model-kit-guilty-gear-strive\/#breadcrumb\",\"itemListElement\":[{\"@type\":\"ListItem\",\"position\":1,\"name\":\"Shop\",\"item\":\"https:\/\/endormoonstore.com\/en\/shop\/\"},{\"@type\":\"ListItem\",\"position\":2,\"name\":\"Bridget Articulated Model Kit Guilty Gear Strive\"}]},{\"@type\":\"WebSite\",\"@id\":\"https:\/\/endormoonstore.com\/#website\",\"url\":\"https:\/\/endormoonstore.com\/\",\"name\":\"EndormoonStore\",\"description\":\"\",\"potentialAction\":[{\"@type\":\"SearchAction\",\"target\":{\"@type\":\"EntryPoint\",\"urlTemplate\":\"https:\/\/endormoonstore.com\/?s={search_term_string}\"},\"query-input\":{\"@type\":\"PropertyValueSpecification\",\"valueRequired\":true,\"valueName\":\"search_term_string\"}}],\"inLanguage\":\"en-US\"}]}<\/script>\n<!-- \/ Yoast SEO plugin. -->","yoast_head_json":{"title":"Bridget Articulated Model Kit Guilty Gear Strive - EndormoonStore","robots":{"index":"index","follow":"follow","max-snippet":"max-snippet:-1","max-image-preview":"max-image-preview:large","max-video-preview":"max-video-preview:-1"},"canonical":"https:\/\/endormoonstore.com\/en\/bridget-articulated-model-kit-guilty-gear-strive\/","og_locale":"en_US","og_type":"article","og_title":"Bridget Articulated Model Kit Guilty Gear Strive - EndormoonStore","og_description":"Bridget Articulated Model Kit Guilty Gear Strive  \u00a1La pr\u00f3xima vez no me pierdas de vista! \u00a1Del juego de lucha \"GUILTY GEAR -STRIVE-\" llega un modelo de pl\u00e1stico articulado del popular personaje Bridget! El kit de modelo captura los distintos ataques y poses de Bridget del juego, utilizando juntas articuladas y tres placas faciales impresas diferentes. Mediante una planificaci\u00f3n cuidadosa de c\u00f3mo se dividen las partes del kit, puedes recrear con precisi\u00f3n los colores del dise\u00f1o original de Bridget mediante un ensamblaje simple sin pintura adicional. Sin embargo, si decides pintar algunos detalles, la figura puede lucir a\u00fan m\u00e1s impresionante.","og_url":"https:\/\/endormoonstore.com\/en\/bridget-articulated-model-kit-guilty-gear-strive\/","og_site_name":"EndormoonStore","article_modified_time":"2024-11-20T20:10:15+00:00","og_image":[{"width":687,"height":1000,"url":"https:\/\/endormoonstore.com\/wp-content\/uploads\/2024\/11\/Bridget-Articulated-Model-Kit-Guilty-Gear-Strive-1.jpg","type":"image\/jpeg"}],"twitter_card":"summary_large_image","twitter_misc":{"Est. reading time":"2 minutes"},"schema":{"@context":"https:\/\/schema.org","@graph":[{"@type":"WebPage","@id":"https:\/\/endormoonstore.com\/en\/bridget-articulated-model-kit-guilty-gear-strive\/","url":"https:\/\/endormoonstore.com\/en\/bridget-articulated-model-kit-guilty-gear-strive\/","name":"Bridget Articulated Model Kit Guilty Gear Strive - EndormoonStore","isPartOf":{"@id":"https:\/\/endormoonstore.com\/#website"},"primaryImageOfPage":{"@id":"https:\/\/endormoonstore.com\/en\/bridget-articulated-model-kit-guilty-gear-strive\/#primaryimage"},"image":{"@id":"https:\/\/endormoonstore.com\/en\/bridget-articulated-model-kit-guilty-gear-strive\/#primaryimage"},"thumbnailUrl":"https:\/\/endormoonstore.com\/wp-content\/uploads\/2024\/11\/Bridget-Articulated-Model-Kit-Guilty-Gear-Strive-1.jpg","datePublished":"2024-11-04T02:05:22+00:00","dateModified":"2024-11-20T20:10:15+00:00","breadcrumb":{"@id":"https:\/\/endormoonstore.com\/en\/bridget-articulated-model-kit-guilty-gear-strive\/#breadcrumb"},"inLanguage":"en-US","potentialAction":[{"@type":"ReadAction","target":["https:\/\/endormoonstore.com\/en\/bridget-articulated-model-kit-guilty-gear-strive\/"]}]},{"@type":"ImageObject","inLanguage":"en-US","@id":"https:\/\/endormoonstore.com\/en\/bridget-articulated-model-kit-guilty-gear-strive\/#primaryimage","url":"https:\/\/endormoonstore.com\/wp-content\/uploads\/2024\/11\/Bridget-Articulated-Model-Kit-Guilty-Gear-Strive-1.jpg","contentUrl":"https:\/\/endormoonstore.com\/wp-content\/uploads\/2024\/11\/Bridget-Articulated-Model-Kit-Guilty-Gear-Strive-1.jpg","width":687,"height":1000,"caption":"Detalle del modelo articulado de Bridget, sus accesorios y caracter\u00edsticas."},{"@type":"BreadcrumbList","@id":"https:\/\/endormoonstore.com\/en\/bridget-articulated-model-kit-guilty-gear-strive\/#breadcrumb","itemListElement":[{"@type":"ListItem","position":1,"name":"Shop","item":"https:\/\/endormoonstore.com\/en\/shop\/"},{"@type":"ListItem","position":2,"name":"Bridget Articulated Model Kit Guilty Gear Strive"}]},{"@type":"WebSite","@id":"https:\/\/endormoonstore.com\/#website","url":"https:\/\/endormoonstore.com\/","name":"EndormoonStore","description":"","potentialAction":[{"@type":"SearchAction","target":{"@type":"EntryPoint","urlTemplate":"https:\/\/endormoonstore.com\/?s={search_term_string}"},"query-input":{"@type":"PropertyValueSpecification","valueRequired":true,"valueName":"search_term_string"}}],"inLanguage":"en-US"}]}},"taxonomy_info":{"product_cat":[{"value":1384,"label":"Pre-orders"}],"pa_brand":[{"value":15089,"label":"Annulus"}],"pa_character":[{"value":15091,"label":"Bridget"}],"pa_license":[{"value":13110,"label":"Guilty Gear Strive"}],"pa_product-type":[{"value":2387,"label":"Figure"},{"value":7302,"label":"Model Kit"}],"pa_theme":[{"value":15093,"label":"Articulated Plastic Model Kit"}]},"featured_image_src_large":["https:\/\/endormoonstore.com\/wp-content\/uploads\/2024\/11\/Bridget-Articulated-Model-Kit-Guilty-Gear-Strive-1.jpg",687,1000,false],"author_info":[],"comment_info":"","_links":{"self":[{"href":"https:\/\/endormoonstore.com\/en\/wp-json\/wp\/v2\/product\/167442","targetHints":{"allow":["GET"]}}],"collection":[{"href":"https:\/\/endormoonstore.com\/en\/wp-json\/wp\/v2\/product"}],"about":[{"href":"https:\/\/endormoonstore.com\/en\/wp-json\/wp\/v2\/types\/product"}],"wp:featuredmedia":[{"embeddable":true,"href":"https:\/\/endormoonstore.com\/en\/wp-json\/wp\/v2\/media\/167425"}],"wp:attachment":[{"href":"https:\/\/endormoonstore.com\/en\/wp-json\/wp\/v2\/media?parent=167442"}],"wp:term":[{"taxonomy":"product_cat","embeddable":true,"href":"https:\/\/endormoonstore.com\/en\/wp-json\/wp\/v2\/product_cat?post=167442"},{"taxonomy":"product_tag","embeddable":true,"href":"https:\/\/endormoonstore.com\/en\/wp-json\/wp\/v2\/product_tag?post=167442"}],"curies":[{"name":"wp","href":"https:\/\/api.w.org\/{rel}","templated":true}]}}