{"id":167331,"date":"2024-11-04T02:40:19","date_gmt":"2024-11-04T01:40:19","guid":{"rendered":"https:\/\/endormoonstore.com\/asahi-amagami-tying-the-knot-with-an-amagami-sister-nendoroid\/"},"modified":"2024-11-19T20:59:05","modified_gmt":"2024-11-19T19:59:05","slug":"asahi-amagami-tying-the-knot-with-an-amagami-sister-nendoroid","status":"publish","type":"product","link":"https:\/\/endormoonstore.com\/en\/asahi-amagami-tying-the-knot-with-an-amagami-sister-nendoroid\/","title":{"rendered":"Asahi Amagami Tying the Knot with an Amagami Sister Nendoroid"},"content":{"rendered":"<p><strong>Asahi Amagami Tying the Knot with an Amagami Sister Nendoroid<\/strong><\/p>\n<div class=\"product-title\">\n<ul>\n<li>&#8220;Puedes tratarme como tratar\u00edas a una hermana peque\u00f1a, \u00bfde acuerdo?&#8221;<\/li>\n<li>Del anime &#8220;Tying the Knot with an Amagami Sister&#8221; llega un Nendoroid de Asahi Amagami. Este Nendoroid de 10 cm de altura incluye tres placas faciales: una cara sonriente, una cara sonrojada y una cara traviesa. Asahi Amagami tambi\u00e9n viene con partes y accesorios adicionales, incluyendo unas gafas de sol, un abanico y campanas Kagura, para crear una variedad de poses con el personaje. \u00a1Aseg\u00farate de agregar este Nendoroid de Asahi Amagami a tu colecci\u00f3n!<\/li>\n<li><strong>Tying the Knot with an Amagami Sister<\/strong>\u00a0es una serie de anime que sigue la vida de un joven que se encuentra viviendo con tres hermanastras. La historia explora las relaciones y los desaf\u00edos que enfrentan mientras intentan formar una familia unida.<\/li>\n<li><strong>Asahi Amagami<\/strong>\u00a0es una de las hermanastras, conocida por su personalidad alegre y juguetona. A menudo se la ve con una sonrisa en el rostro y tiene una actitud traviesa que la hace muy querida por los fans. Su car\u00e1cter encantador y su deseo de ser tratada como una hermana peque\u00f1a la convierten en un personaje entra\u00f1able en la serie.<\/li>\n<\/ul>\n<\/div>\n","protected":false},"excerpt":{"rendered":"<p><strong>Asahi Amagami Tying the Knot with an Amagami Sister Nendoroid<\/strong><\/p>\n<p>&#8220;Puedes tratarme como tratar\u00edas a una hermana peque\u00f1a, \u00bfde acuerdo?&#8221;<\/p>\n","protected":false},"featured_media":167322,"template":"","meta":{"_acf_changed":false,"_kad_blocks_custom_css":"","_kad_blocks_head_custom_js":"","_kad_blocks_body_custom_js":"","_kad_blocks_footer_custom_js":""},"product_cat":[1384],"product_tag":[],"class_list":{"0":"post-167331","1":"product","2":"type-product","3":"status-publish","4":"has-post-thumbnail","6":"product_cat-pre-orders","7":"pa_brand-good-smile-company-en","8":"pa_character-asahi-amagami-en","9":"pa_license-tying-the-knot-with-an-amagami-sister-en","10":"pa_product-type-figure","11":"pa_theme-nendoroid-en","13":"first","14":"instock","15":"taxable","16":"shipping-taxable","17":"purchasable","18":"product-type-simple"},"acf":[],"yoast_head":"<!-- This site is optimized with the Yoast SEO plugin v26.1.1 - https:\/\/yoast.com\/wordpress\/plugins\/seo\/ -->\n<title>Asahi Amagami Tying the Knot with an Amagami Sister Nendoroid - EndormoonStore<\/title>\n<meta name=\"robots\" content=\"index, follow, max-snippet:-1, max-image-preview:large, max-video-preview:-1\" \/>\n<link rel=\"canonical\" href=\"https:\/\/endormoonstore.com\/en\/asahi-amagami-tying-the-knot-with-an-amagami-sister-nendoroid\/\" \/>\n<meta property=\"og:locale\" content=\"en_US\" \/>\n<meta property=\"og:type\" content=\"article\" \/>\n<meta property=\"og:title\" content=\"Asahi Amagami Tying the Knot with an Amagami Sister Nendoroid - EndormoonStore\" \/>\n<meta property=\"og:description\" content=\"Asahi Amagami Tying the Knot with an Amagami Sister Nendoroid  &quot;Puedes tratarme como tratar\u00edas a una hermana peque\u00f1a, \u00bfde acuerdo?&quot;\" \/>\n<meta property=\"og:url\" content=\"https:\/\/endormoonstore.com\/en\/asahi-amagami-tying-the-knot-with-an-amagami-sister-nendoroid\/\" \/>\n<meta property=\"og:site_name\" content=\"EndormoonStore\" \/>\n<meta property=\"article:modified_time\" content=\"2024-11-19T19:59:05+00:00\" \/>\n<meta property=\"og:image\" content=\"https:\/\/endormoonstore.com\/wp-content\/uploads\/2024\/11\/Asahi-Amagami-Tying-the-Knot-with-an-Amagami-Sister-Nendoroid-1.jpg\" \/>\n\t<meta property=\"og:image:width\" content=\"750\" \/>\n\t<meta property=\"og:image:height\" content=\"1000\" \/>\n\t<meta property=\"og:image:type\" content=\"image\/jpeg\" \/>\n<meta name=\"twitter:card\" content=\"summary_large_image\" \/>\n<meta name=\"twitter:label1\" content=\"Est. reading time\" \/>\n\t<meta name=\"twitter:data1\" content=\"2 minutes\" \/>\n<script type=\"application\/ld+json\" class=\"yoast-schema-graph\">{\"@context\":\"https:\/\/schema.org\",\"@graph\":[{\"@type\":\"WebPage\",\"@id\":\"https:\/\/endormoonstore.com\/en\/asahi-amagami-tying-the-knot-with-an-amagami-sister-nendoroid\/\",\"url\":\"https:\/\/endormoonstore.com\/en\/asahi-amagami-tying-the-knot-with-an-amagami-sister-nendoroid\/\",\"name\":\"Asahi Amagami Tying the Knot with an Amagami Sister Nendoroid - EndormoonStore\",\"isPartOf\":{\"@id\":\"https:\/\/endormoonstore.com\/#website\"},\"primaryImageOfPage\":{\"@id\":\"https:\/\/endormoonstore.com\/en\/asahi-amagami-tying-the-knot-with-an-amagami-sister-nendoroid\/#primaryimage\"},\"image\":{\"@id\":\"https:\/\/endormoonstore.com\/en\/asahi-amagami-tying-the-knot-with-an-amagami-sister-nendoroid\/#primaryimage\"},\"thumbnailUrl\":\"https:\/\/endormoonstore.com\/wp-content\/uploads\/2024\/11\/Asahi-Amagami-Tying-the-Knot-with-an-Amagami-Sister-Nendoroid-1.jpg\",\"datePublished\":\"2024-11-04T01:40:19+00:00\",\"dateModified\":\"2024-11-19T19:59:05+00:00\",\"breadcrumb\":{\"@id\":\"https:\/\/endormoonstore.com\/en\/asahi-amagami-tying-the-knot-with-an-amagami-sister-nendoroid\/#breadcrumb\"},\"inLanguage\":\"en-US\",\"potentialAction\":[{\"@type\":\"ReadAction\",\"target\":[\"https:\/\/endormoonstore.com\/en\/asahi-amagami-tying-the-knot-with-an-amagami-sister-nendoroid\/\"]}]},{\"@type\":\"ImageObject\",\"inLanguage\":\"en-US\",\"@id\":\"https:\/\/endormoonstore.com\/en\/asahi-amagami-tying-the-knot-with-an-amagami-sister-nendoroid\/#primaryimage\",\"url\":\"https:\/\/endormoonstore.com\/wp-content\/uploads\/2024\/11\/Asahi-Amagami-Tying-the-Knot-with-an-Amagami-Sister-Nendoroid-1.jpg\",\"contentUrl\":\"https:\/\/endormoonstore.com\/wp-content\/uploads\/2024\/11\/Asahi-Amagami-Tying-the-Knot-with-an-Amagami-Sister-Nendoroid-1.jpg\",\"width\":750,\"height\":1000,\"caption\":\"Nendoroid de Asahi Amagami - Tying the Knot with an Amagami Sister\"},{\"@type\":\"BreadcrumbList\",\"@id\":\"https:\/\/endormoonstore.com\/en\/asahi-amagami-tying-the-knot-with-an-amagami-sister-nendoroid\/#breadcrumb\",\"itemListElement\":[{\"@type\":\"ListItem\",\"position\":1,\"name\":\"Shop\",\"item\":\"https:\/\/endormoonstore.com\/en\/shop\/\"},{\"@type\":\"ListItem\",\"position\":2,\"name\":\"Asahi Amagami Tying the Knot with an Amagami Sister Nendoroid\"}]},{\"@type\":\"WebSite\",\"@id\":\"https:\/\/endormoonstore.com\/#website\",\"url\":\"https:\/\/endormoonstore.com\/\",\"name\":\"EndormoonStore\",\"description\":\"\",\"potentialAction\":[{\"@type\":\"SearchAction\",\"target\":{\"@type\":\"EntryPoint\",\"urlTemplate\":\"https:\/\/endormoonstore.com\/?s={search_term_string}\"},\"query-input\":{\"@type\":\"PropertyValueSpecification\",\"valueRequired\":true,\"valueName\":\"search_term_string\"}}],\"inLanguage\":\"en-US\"}]}<\/script>\n<!-- \/ Yoast SEO plugin. -->","yoast_head_json":{"title":"Asahi Amagami Tying the Knot with an Amagami Sister Nendoroid - EndormoonStore","robots":{"index":"index","follow":"follow","max-snippet":"max-snippet:-1","max-image-preview":"max-image-preview:large","max-video-preview":"max-video-preview:-1"},"canonical":"https:\/\/endormoonstore.com\/en\/asahi-amagami-tying-the-knot-with-an-amagami-sister-nendoroid\/","og_locale":"en_US","og_type":"article","og_title":"Asahi Amagami Tying the Knot with an Amagami Sister Nendoroid - EndormoonStore","og_description":"Asahi Amagami Tying the Knot with an Amagami Sister Nendoroid  \"Puedes tratarme como tratar\u00edas a una hermana peque\u00f1a, \u00bfde acuerdo?\"","og_url":"https:\/\/endormoonstore.com\/en\/asahi-amagami-tying-the-knot-with-an-amagami-sister-nendoroid\/","og_site_name":"EndormoonStore","article_modified_time":"2024-11-19T19:59:05+00:00","og_image":[{"width":750,"height":1000,"url":"https:\/\/endormoonstore.com\/wp-content\/uploads\/2024\/11\/Asahi-Amagami-Tying-the-Knot-with-an-Amagami-Sister-Nendoroid-1.jpg","type":"image\/jpeg"}],"twitter_card":"summary_large_image","twitter_misc":{"Est. reading time":"2 minutes"},"schema":{"@context":"https:\/\/schema.org","@graph":[{"@type":"WebPage","@id":"https:\/\/endormoonstore.com\/en\/asahi-amagami-tying-the-knot-with-an-amagami-sister-nendoroid\/","url":"https:\/\/endormoonstore.com\/en\/asahi-amagami-tying-the-knot-with-an-amagami-sister-nendoroid\/","name":"Asahi Amagami Tying the Knot with an Amagami Sister Nendoroid - EndormoonStore","isPartOf":{"@id":"https:\/\/endormoonstore.com\/#website"},"primaryImageOfPage":{"@id":"https:\/\/endormoonstore.com\/en\/asahi-amagami-tying-the-knot-with-an-amagami-sister-nendoroid\/#primaryimage"},"image":{"@id":"https:\/\/endormoonstore.com\/en\/asahi-amagami-tying-the-knot-with-an-amagami-sister-nendoroid\/#primaryimage"},"thumbnailUrl":"https:\/\/endormoonstore.com\/wp-content\/uploads\/2024\/11\/Asahi-Amagami-Tying-the-Knot-with-an-Amagami-Sister-Nendoroid-1.jpg","datePublished":"2024-11-04T01:40:19+00:00","dateModified":"2024-11-19T19:59:05+00:00","breadcrumb":{"@id":"https:\/\/endormoonstore.com\/en\/asahi-amagami-tying-the-knot-with-an-amagami-sister-nendoroid\/#breadcrumb"},"inLanguage":"en-US","potentialAction":[{"@type":"ReadAction","target":["https:\/\/endormoonstore.com\/en\/asahi-amagami-tying-the-knot-with-an-amagami-sister-nendoroid\/"]}]},{"@type":"ImageObject","inLanguage":"en-US","@id":"https:\/\/endormoonstore.com\/en\/asahi-amagami-tying-the-knot-with-an-amagami-sister-nendoroid\/#primaryimage","url":"https:\/\/endormoonstore.com\/wp-content\/uploads\/2024\/11\/Asahi-Amagami-Tying-the-Knot-with-an-Amagami-Sister-Nendoroid-1.jpg","contentUrl":"https:\/\/endormoonstore.com\/wp-content\/uploads\/2024\/11\/Asahi-Amagami-Tying-the-Knot-with-an-Amagami-Sister-Nendoroid-1.jpg","width":750,"height":1000,"caption":"Nendoroid de Asahi Amagami - Tying the Knot with an Amagami Sister"},{"@type":"BreadcrumbList","@id":"https:\/\/endormoonstore.com\/en\/asahi-amagami-tying-the-knot-with-an-amagami-sister-nendoroid\/#breadcrumb","itemListElement":[{"@type":"ListItem","position":1,"name":"Shop","item":"https:\/\/endormoonstore.com\/en\/shop\/"},{"@type":"ListItem","position":2,"name":"Asahi Amagami Tying the Knot with an Amagami Sister Nendoroid"}]},{"@type":"WebSite","@id":"https:\/\/endormoonstore.com\/#website","url":"https:\/\/endormoonstore.com\/","name":"EndormoonStore","description":"","potentialAction":[{"@type":"SearchAction","target":{"@type":"EntryPoint","urlTemplate":"https:\/\/endormoonstore.com\/?s={search_term_string}"},"query-input":{"@type":"PropertyValueSpecification","valueRequired":true,"valueName":"search_term_string"}}],"inLanguage":"en-US"}]}},"taxonomy_info":{"product_cat":[{"value":1384,"label":"Pre-orders"}],"pa_brand":[{"value":2081,"label":"Good Smile Company"}],"pa_character":[{"value":15067,"label":"Asahi Amagami"}],"pa_license":[{"value":15069,"label":"Tying the Knot with an Amagami Sister"}],"pa_product-type":[{"value":2387,"label":"Figure"}],"pa_theme":[{"value":1861,"label":"Nendoroid"}]},"featured_image_src_large":["https:\/\/endormoonstore.com\/wp-content\/uploads\/2024\/11\/Asahi-Amagami-Tying-the-Knot-with-an-Amagami-Sister-Nendoroid-1.jpg",750,1000,false],"author_info":[],"comment_info":"","_links":{"self":[{"href":"https:\/\/endormoonstore.com\/en\/wp-json\/wp\/v2\/product\/167331","targetHints":{"allow":["GET"]}}],"collection":[{"href":"https:\/\/endormoonstore.com\/en\/wp-json\/wp\/v2\/product"}],"about":[{"href":"https:\/\/endormoonstore.com\/en\/wp-json\/wp\/v2\/types\/product"}],"wp:featuredmedia":[{"embeddable":true,"href":"https:\/\/endormoonstore.com\/en\/wp-json\/wp\/v2\/media\/167322"}],"wp:attachment":[{"href":"https:\/\/endormoonstore.com\/en\/wp-json\/wp\/v2\/media?parent=167331"}],"wp:term":[{"taxonomy":"product_cat","embeddable":true,"href":"https:\/\/endormoonstore.com\/en\/wp-json\/wp\/v2\/product_cat?post=167331"},{"taxonomy":"product_tag","embeddable":true,"href":"https:\/\/endormoonstore.com\/en\/wp-json\/wp\/v2\/product_tag?post=167331"}],"curies":[{"name":"wp","href":"https:\/\/api.w.org\/{rel}","templated":true}]}}