{"id":167318,"date":"2024-11-04T02:35:33","date_gmt":"2024-11-04T01:35:33","guid":{"rendered":"https:\/\/endormoonstore.com\/raiden-shogun-genshin-impact-nendoroid\/"},"modified":"2024-11-19T20:30:18","modified_gmt":"2024-11-19T19:30:18","slug":"raiden-shogun-genshin-impact-nendoroid","status":"publish","type":"product","link":"https:\/\/endormoonstore.com\/en\/raiden-shogun-genshin-impact-nendoroid\/","title":{"rendered":"Raiden Shogun Genshin Impact Nendoroid"},"content":{"rendered":"<p><strong>Raiden Shogun Genshin Impact Nendoroid<\/strong><\/p>\n<div class=\"product-title\">\n<ul>\n<li>&#8220;Evita el mundo ef\u00edmero. Permanece en la eternidad inmutable.&#8221;<\/li>\n<li>Del juego &#8220;Genshin Impact&#8221; llega un Nendoroid de Raiden Shogun, \u00a1el gobernante de Inazuma! Este Nendoroid de 10 cm de altura incluye tres placas faciales: una cara serena, una cara con los ojos muy abiertos y una cara sonriente. Raiden Shogun tambi\u00e9n viene con partes y accesorios adicionales como sus armas caracter\u00edsticas Engulfing Lightning y Musou Isshin, \u00a1junto con leche dango!<\/li>\n<li>El Electro Archon tambi\u00e9n viene con piezas para recrear su ic\u00f3nica &#8220;Explosi\u00f3n elemental&#8221; del juego. \u00a1No aceptes una eternidad sin tener esta Nendoroid Raiden Shogun como parte de tu exhibici\u00f3n, aseg\u00farate de agregarla a tu colecci\u00f3n de Genshin Impact!<\/li>\n<li><strong>Genshin Impact<\/strong>\u00a0es un popular juego de rol de acci\u00f3n desarrollado por miHoYo. El juego se desarrolla en el mundo de Teyvat, donde los jugadores exploran diferentes regiones, cada una gobernada por un dios elemental. Los jugadores asumen el papel de un Viajero en busca de su hermano perdido, enfrent\u00e1ndose a diversos desaf\u00edos y enemigos en el camino.<\/li>\n<li><strong>Raiden Shogun<\/strong>, tambi\u00e9n conocida como el Electro Archon, es el gobernante de la regi\u00f3n de Inazuma. Conocida por su b\u00fasqueda de la eternidad, Raiden Shogun es un personaje poderoso y enigm\u00e1tico. Sus habilidades de combate y su control sobre el elemento Electro la convierten en una figura formidable en el juego. Su dise\u00f1o y personalidad han capturado la imaginaci\u00f3n de muchos jugadores, haciendo de ella un personaje muy querido.<\/li>\n<\/ul>\n<\/div>\n","protected":false},"excerpt":{"rendered":"<p><strong>Raiden Shogun Genshin Impact Nendoroid<\/strong><\/p>\n<p>&#8220;Evita el mundo ef\u00edmero. Permanece en la eternidad inmutable.&#8221;<\/p>\n","protected":false},"featured_media":167301,"template":"","meta":{"_acf_changed":false,"_kad_blocks_custom_css":"","_kad_blocks_head_custom_js":"","_kad_blocks_body_custom_js":"","_kad_blocks_footer_custom_js":""},"product_cat":[1384],"product_tag":[],"class_list":{"0":"post-167318","1":"product","2":"type-product","3":"status-publish","4":"has-post-thumbnail","6":"product_cat-pre-orders","7":"pa_brand-good-smile-company-en","8":"pa_character-raiden-shogun-en","9":"pa_license-genshin-impact-en","10":"pa_product-type-figure","11":"pa_theme-nendoroid-en","13":"first","14":"instock","15":"taxable","16":"shipping-taxable","17":"purchasable","18":"product-type-simple"},"acf":[],"yoast_head":"<!-- This site is optimized with the Yoast SEO plugin v26.1.1 - https:\/\/yoast.com\/wordpress\/plugins\/seo\/ -->\n<title>Raiden Shogun Genshin Impact Nendoroid - EndormoonStore<\/title>\n<meta name=\"robots\" content=\"index, follow, max-snippet:-1, max-image-preview:large, max-video-preview:-1\" \/>\n<link rel=\"canonical\" href=\"https:\/\/endormoonstore.com\/en\/raiden-shogun-genshin-impact-nendoroid\/\" \/>\n<meta property=\"og:locale\" content=\"en_US\" \/>\n<meta property=\"og:type\" content=\"article\" \/>\n<meta property=\"og:title\" content=\"Raiden Shogun Genshin Impact Nendoroid - EndormoonStore\" \/>\n<meta property=\"og:description\" content=\"Raiden Shogun Genshin Impact Nendoroid  &quot;Evita el mundo ef\u00edmero. Permanece en la eternidad inmutable.&quot;\" \/>\n<meta property=\"og:url\" content=\"https:\/\/endormoonstore.com\/en\/raiden-shogun-genshin-impact-nendoroid\/\" \/>\n<meta property=\"og:site_name\" content=\"EndormoonStore\" \/>\n<meta property=\"article:modified_time\" content=\"2024-11-19T19:30:18+00:00\" \/>\n<meta property=\"og:image\" content=\"https:\/\/endormoonstore.com\/wp-content\/uploads\/2024\/11\/Raiden-Shogun-Genshin-Impact-Nendoroid-1.jpg\" \/>\n\t<meta property=\"og:image:width\" content=\"750\" \/>\n\t<meta property=\"og:image:height\" content=\"950\" \/>\n\t<meta property=\"og:image:type\" content=\"image\/jpeg\" \/>\n<meta name=\"twitter:card\" content=\"summary_large_image\" \/>\n<meta name=\"twitter:label1\" content=\"Est. reading time\" \/>\n\t<meta name=\"twitter:data1\" content=\"2 minutes\" \/>\n<script type=\"application\/ld+json\" class=\"yoast-schema-graph\">{\"@context\":\"https:\/\/schema.org\",\"@graph\":[{\"@type\":\"WebPage\",\"@id\":\"https:\/\/endormoonstore.com\/en\/raiden-shogun-genshin-impact-nendoroid\/\",\"url\":\"https:\/\/endormoonstore.com\/en\/raiden-shogun-genshin-impact-nendoroid\/\",\"name\":\"Raiden Shogun Genshin Impact Nendoroid - EndormoonStore\",\"isPartOf\":{\"@id\":\"https:\/\/endormoonstore.com\/#website\"},\"primaryImageOfPage\":{\"@id\":\"https:\/\/endormoonstore.com\/en\/raiden-shogun-genshin-impact-nendoroid\/#primaryimage\"},\"image\":{\"@id\":\"https:\/\/endormoonstore.com\/en\/raiden-shogun-genshin-impact-nendoroid\/#primaryimage\"},\"thumbnailUrl\":\"https:\/\/endormoonstore.com\/wp-content\/uploads\/2024\/11\/Raiden-Shogun-Genshin-Impact-Nendoroid-1.jpg\",\"datePublished\":\"2024-11-04T01:35:33+00:00\",\"dateModified\":\"2024-11-19T19:30:18+00:00\",\"breadcrumb\":{\"@id\":\"https:\/\/endormoonstore.com\/en\/raiden-shogun-genshin-impact-nendoroid\/#breadcrumb\"},\"inLanguage\":\"en-US\",\"potentialAction\":[{\"@type\":\"ReadAction\",\"target\":[\"https:\/\/endormoonstore.com\/en\/raiden-shogun-genshin-impact-nendoroid\/\"]}]},{\"@type\":\"ImageObject\",\"inLanguage\":\"en-US\",\"@id\":\"https:\/\/endormoonstore.com\/en\/raiden-shogun-genshin-impact-nendoroid\/#primaryimage\",\"url\":\"https:\/\/endormoonstore.com\/wp-content\/uploads\/2024\/11\/Raiden-Shogun-Genshin-Impact-Nendoroid-1.jpg\",\"contentUrl\":\"https:\/\/endormoonstore.com\/wp-content\/uploads\/2024\/11\/Raiden-Shogun-Genshin-Impact-Nendoroid-1.jpg\",\"width\":750,\"height\":950,\"caption\":\"Nendoroid de Raiden Shogun - Genshin Impact\"},{\"@type\":\"BreadcrumbList\",\"@id\":\"https:\/\/endormoonstore.com\/en\/raiden-shogun-genshin-impact-nendoroid\/#breadcrumb\",\"itemListElement\":[{\"@type\":\"ListItem\",\"position\":1,\"name\":\"Shop\",\"item\":\"https:\/\/endormoonstore.com\/en\/shop\/\"},{\"@type\":\"ListItem\",\"position\":2,\"name\":\"Raiden Shogun Genshin Impact Nendoroid\"}]},{\"@type\":\"WebSite\",\"@id\":\"https:\/\/endormoonstore.com\/#website\",\"url\":\"https:\/\/endormoonstore.com\/\",\"name\":\"EndormoonStore\",\"description\":\"\",\"potentialAction\":[{\"@type\":\"SearchAction\",\"target\":{\"@type\":\"EntryPoint\",\"urlTemplate\":\"https:\/\/endormoonstore.com\/?s={search_term_string}\"},\"query-input\":{\"@type\":\"PropertyValueSpecification\",\"valueRequired\":true,\"valueName\":\"search_term_string\"}}],\"inLanguage\":\"en-US\"}]}<\/script>\n<!-- \/ Yoast SEO plugin. -->","yoast_head_json":{"title":"Raiden Shogun Genshin Impact Nendoroid - EndormoonStore","robots":{"index":"index","follow":"follow","max-snippet":"max-snippet:-1","max-image-preview":"max-image-preview:large","max-video-preview":"max-video-preview:-1"},"canonical":"https:\/\/endormoonstore.com\/en\/raiden-shogun-genshin-impact-nendoroid\/","og_locale":"en_US","og_type":"article","og_title":"Raiden Shogun Genshin Impact Nendoroid - EndormoonStore","og_description":"Raiden Shogun Genshin Impact Nendoroid  \"Evita el mundo ef\u00edmero. Permanece en la eternidad inmutable.\"","og_url":"https:\/\/endormoonstore.com\/en\/raiden-shogun-genshin-impact-nendoroid\/","og_site_name":"EndormoonStore","article_modified_time":"2024-11-19T19:30:18+00:00","og_image":[{"width":750,"height":950,"url":"https:\/\/endormoonstore.com\/wp-content\/uploads\/2024\/11\/Raiden-Shogun-Genshin-Impact-Nendoroid-1.jpg","type":"image\/jpeg"}],"twitter_card":"summary_large_image","twitter_misc":{"Est. reading time":"2 minutes"},"schema":{"@context":"https:\/\/schema.org","@graph":[{"@type":"WebPage","@id":"https:\/\/endormoonstore.com\/en\/raiden-shogun-genshin-impact-nendoroid\/","url":"https:\/\/endormoonstore.com\/en\/raiden-shogun-genshin-impact-nendoroid\/","name":"Raiden Shogun Genshin Impact Nendoroid - EndormoonStore","isPartOf":{"@id":"https:\/\/endormoonstore.com\/#website"},"primaryImageOfPage":{"@id":"https:\/\/endormoonstore.com\/en\/raiden-shogun-genshin-impact-nendoroid\/#primaryimage"},"image":{"@id":"https:\/\/endormoonstore.com\/en\/raiden-shogun-genshin-impact-nendoroid\/#primaryimage"},"thumbnailUrl":"https:\/\/endormoonstore.com\/wp-content\/uploads\/2024\/11\/Raiden-Shogun-Genshin-Impact-Nendoroid-1.jpg","datePublished":"2024-11-04T01:35:33+00:00","dateModified":"2024-11-19T19:30:18+00:00","breadcrumb":{"@id":"https:\/\/endormoonstore.com\/en\/raiden-shogun-genshin-impact-nendoroid\/#breadcrumb"},"inLanguage":"en-US","potentialAction":[{"@type":"ReadAction","target":["https:\/\/endormoonstore.com\/en\/raiden-shogun-genshin-impact-nendoroid\/"]}]},{"@type":"ImageObject","inLanguage":"en-US","@id":"https:\/\/endormoonstore.com\/en\/raiden-shogun-genshin-impact-nendoroid\/#primaryimage","url":"https:\/\/endormoonstore.com\/wp-content\/uploads\/2024\/11\/Raiden-Shogun-Genshin-Impact-Nendoroid-1.jpg","contentUrl":"https:\/\/endormoonstore.com\/wp-content\/uploads\/2024\/11\/Raiden-Shogun-Genshin-Impact-Nendoroid-1.jpg","width":750,"height":950,"caption":"Nendoroid de Raiden Shogun - Genshin Impact"},{"@type":"BreadcrumbList","@id":"https:\/\/endormoonstore.com\/en\/raiden-shogun-genshin-impact-nendoroid\/#breadcrumb","itemListElement":[{"@type":"ListItem","position":1,"name":"Shop","item":"https:\/\/endormoonstore.com\/en\/shop\/"},{"@type":"ListItem","position":2,"name":"Raiden Shogun Genshin Impact Nendoroid"}]},{"@type":"WebSite","@id":"https:\/\/endormoonstore.com\/#website","url":"https:\/\/endormoonstore.com\/","name":"EndormoonStore","description":"","potentialAction":[{"@type":"SearchAction","target":{"@type":"EntryPoint","urlTemplate":"https:\/\/endormoonstore.com\/?s={search_term_string}"},"query-input":{"@type":"PropertyValueSpecification","valueRequired":true,"valueName":"search_term_string"}}],"inLanguage":"en-US"}]}},"taxonomy_info":{"product_cat":[{"value":1384,"label":"Pre-orders"}],"pa_brand":[{"value":2081,"label":"Good Smile Company"}],"pa_character":[{"value":15065,"label":"Raiden Shogun"}],"pa_license":[{"value":14778,"label":"Genshin Impact"}],"pa_product-type":[{"value":2387,"label":"Figure"}],"pa_theme":[{"value":1861,"label":"Nendoroid"}]},"featured_image_src_large":["https:\/\/endormoonstore.com\/wp-content\/uploads\/2024\/11\/Raiden-Shogun-Genshin-Impact-Nendoroid-1.jpg",750,950,false],"author_info":[],"comment_info":"","_links":{"self":[{"href":"https:\/\/endormoonstore.com\/en\/wp-json\/wp\/v2\/product\/167318","targetHints":{"allow":["GET"]}}],"collection":[{"href":"https:\/\/endormoonstore.com\/en\/wp-json\/wp\/v2\/product"}],"about":[{"href":"https:\/\/endormoonstore.com\/en\/wp-json\/wp\/v2\/types\/product"}],"wp:featuredmedia":[{"embeddable":true,"href":"https:\/\/endormoonstore.com\/en\/wp-json\/wp\/v2\/media\/167301"}],"wp:attachment":[{"href":"https:\/\/endormoonstore.com\/en\/wp-json\/wp\/v2\/media?parent=167318"}],"wp:term":[{"taxonomy":"product_cat","embeddable":true,"href":"https:\/\/endormoonstore.com\/en\/wp-json\/wp\/v2\/product_cat?post=167318"},{"taxonomy":"product_tag","embeddable":true,"href":"https:\/\/endormoonstore.com\/en\/wp-json\/wp\/v2\/product_tag?post=167318"}],"curies":[{"name":"wp","href":"https:\/\/api.w.org\/{rel}","templated":true}]}}