{"id":167184,"date":"2024-11-04T02:00:25","date_gmt":"2024-11-04T01:00:25","guid":{"rendered":"https:\/\/endormoonstore.com\/hatsune-miku-wa-bunny-vocaloid-fnex\/"},"modified":"2025-09-02T23:10:19","modified_gmt":"2025-09-02T21:10:19","slug":"hatsune-miku-wa-bunny-vocaloid-fnex","status":"publish","type":"product","link":"https:\/\/endormoonstore.com\/en\/hatsune-miku-wa-bunny-vocaloid-fnex\/","title":{"rendered":"Hatsune Miku Wa-Bunny Vocaloid F:Nex"},"content":{"rendered":"<p><strong>Hatsune Miku Wa-Bunny Vocaloid F:Nex 1\/7 Scale<\/strong><\/p>\n<ul>\n<li>\u00a1Basada en la ic\u00f3nica estrella de Vocaloid, llega la figura a escala 1\/7 de Hatsune Miku (versi\u00f3n Wa-Bunny) de F:Nex de FuRyu! Esta figura mide unos de 26,5 cm de alto y muestra a Hatsune Miku con un divertido atuendo de conejita, dise\u00f1ado con un estilo tradicional. Miku est\u00e1 intrincadamente detallada para capturar por completo el aspecto del personaje mientras est\u00e1 de pie en una pose popular. \u00a1Aseg\u00farate de agregar esta figura a tu colecci\u00f3n!<\/li>\n<li>Hatsune Miku es un fen\u00f3meno cultural y tecnol\u00f3gico que ha trascendido su origen como software de s\u00edntesis de voz para convertirse en un \u00edcono global. Famosa por sus conciertos en vivo como proyecci\u00f3n hologr\u00e1fica en 3D, Miku ha actuado en escenarios de todo el mundo, incluyendo eventos importantes como Coachella.<\/li>\n<li>Su popularidad ha llevado a la creaci\u00f3n de una amplia gama de figuras y coleccionables, capturando diferentes aspectos y estilos del personaje. Adem\u00e1s, Hatsune Miku ha colaborado en numerosos proyectos y campa\u00f1as publicitarias, apareciendo en videojuegos, animes y productos de consumo. Su influencia se extiende m\u00e1s all\u00e1 de la m\u00fasica, impactando la moda, el arte y la tecnolog\u00eda, y convirti\u00e9ndose en un s\u00edmbolo de innovaci\u00f3n y creatividad en la era digital.<\/li>\n<\/ul>\n<div class=\"row\"><\/div>\n","protected":false},"excerpt":{"rendered":"<p><strong>Hatsune Miku Wa-Bunny Vocaloid F:Nex 1\/7 Scale<\/strong><\/p>\n<p>\u00a1Basada en la ic\u00f3nica estrella de Vocaloid, llega la figura a escala 1\/7 de Hatsune Miku (versi\u00f3n Wa-Bunny) de F:Nex de FuRyu! Esta figura mide unos de 26,5 cm de alto y muestra a Hatsune Miku con un divertido atuendo de conejita, dise\u00f1ado con un estilo tradicional. Miku est\u00e1 intrincadamente detallada para capturar por completo el aspecto del personaje mientras est\u00e1 de pie en una pose popular. \u00a1Aseg\u00farate de agregar esta figura a tu colecci\u00f3n!<\/p>\n","protected":false},"featured_media":167165,"template":"","meta":{"_acf_changed":false,"_kad_blocks_custom_css":"","_kad_blocks_head_custom_js":"","_kad_blocks_body_custom_js":"","_kad_blocks_footer_custom_js":""},"product_cat":[1384],"product_tag":[],"class_list":{"0":"post-167184","1":"product","2":"type-product","3":"status-publish","4":"has-post-thumbnail","6":"product_cat-pre-orders","7":"pa_brand-furyu-en","8":"pa_character-hatsune-miku-en","9":"pa_license-vocaloid-en","10":"pa_product-type-figure","11":"pa_theme-fnex-en","13":"first","14":"instock","15":"taxable","16":"shipping-taxable","17":"purchasable","18":"product-type-simple"},"acf":[],"yoast_head":"<!-- This site is optimized with the Yoast SEO plugin v26.1.1 - https:\/\/yoast.com\/wordpress\/plugins\/seo\/ -->\n<title>Hatsune Miku Wa-Bunny Vocaloid F:Nex - EndormoonStore<\/title>\n<meta name=\"robots\" content=\"index, follow, max-snippet:-1, max-image-preview:large, max-video-preview:-1\" \/>\n<link rel=\"canonical\" href=\"https:\/\/endormoonstore.com\/en\/hatsune-miku-wa-bunny-vocaloid-fnex\/\" \/>\n<meta property=\"og:locale\" content=\"en_US\" \/>\n<meta property=\"og:type\" content=\"article\" \/>\n<meta property=\"og:title\" content=\"Hatsune Miku Wa-Bunny Vocaloid F:Nex - EndormoonStore\" \/>\n<meta property=\"og:description\" content=\"Hatsune Miku Wa-Bunny Vocaloid F:Nex 1\/7 Scale  \u00a1Basada en la ic\u00f3nica estrella de Vocaloid, llega la figura a escala 1\/7 de Hatsune Miku (versi\u00f3n Wa-Bunny) de F:Nex de FuRyu! Esta figura mide unos de 26,5 cm de alto y muestra a Hatsune Miku con un divertido atuendo de conejita, dise\u00f1ado con un estilo tradicional. Miku est\u00e1 intrincadamente detallada para capturar por completo el aspecto del personaje mientras est\u00e1 de pie en una pose popular. \u00a1Aseg\u00farate de agregar esta figura a tu colecci\u00f3n!\" \/>\n<meta property=\"og:url\" content=\"https:\/\/endormoonstore.com\/en\/hatsune-miku-wa-bunny-vocaloid-fnex\/\" \/>\n<meta property=\"og:site_name\" content=\"EndormoonStore\" \/>\n<meta property=\"article:modified_time\" content=\"2025-09-02T21:10:19+00:00\" \/>\n<meta property=\"og:image\" content=\"https:\/\/endormoonstore.com\/wp-content\/uploads\/2024\/11\/Hatsune-Miku-Wa-Bunny-Vocaloid-F-Nex-1.jpg\" \/>\n\t<meta property=\"og:image:width\" content=\"750\" \/>\n\t<meta property=\"og:image:height\" content=\"1000\" \/>\n\t<meta property=\"og:image:type\" content=\"image\/jpeg\" \/>\n<meta name=\"twitter:card\" content=\"summary_large_image\" \/>\n<meta name=\"twitter:label1\" content=\"Est. reading time\" \/>\n\t<meta name=\"twitter:data1\" content=\"2 minutes\" \/>\n<script type=\"application\/ld+json\" class=\"yoast-schema-graph\">{\"@context\":\"https:\/\/schema.org\",\"@graph\":[{\"@type\":\"WebPage\",\"@id\":\"https:\/\/endormoonstore.com\/en\/hatsune-miku-wa-bunny-vocaloid-fnex\/\",\"url\":\"https:\/\/endormoonstore.com\/en\/hatsune-miku-wa-bunny-vocaloid-fnex\/\",\"name\":\"Hatsune Miku Wa-Bunny Vocaloid F:Nex - EndormoonStore\",\"isPartOf\":{\"@id\":\"https:\/\/endormoonstore.com\/#website\"},\"primaryImageOfPage\":{\"@id\":\"https:\/\/endormoonstore.com\/en\/hatsune-miku-wa-bunny-vocaloid-fnex\/#primaryimage\"},\"image\":{\"@id\":\"https:\/\/endormoonstore.com\/en\/hatsune-miku-wa-bunny-vocaloid-fnex\/#primaryimage\"},\"thumbnailUrl\":\"https:\/\/endormoonstore.com\/wp-content\/uploads\/2024\/11\/Hatsune-Miku-Wa-Bunny-Vocaloid-F-Nex-1.jpg\",\"datePublished\":\"2024-11-04T01:00:25+00:00\",\"dateModified\":\"2025-09-02T21:10:19+00:00\",\"breadcrumb\":{\"@id\":\"https:\/\/endormoonstore.com\/en\/hatsune-miku-wa-bunny-vocaloid-fnex\/#breadcrumb\"},\"inLanguage\":\"en-US\",\"potentialAction\":[{\"@type\":\"ReadAction\",\"target\":[\"https:\/\/endormoonstore.com\/en\/hatsune-miku-wa-bunny-vocaloid-fnex\/\"]}]},{\"@type\":\"ImageObject\",\"inLanguage\":\"en-US\",\"@id\":\"https:\/\/endormoonstore.com\/en\/hatsune-miku-wa-bunny-vocaloid-fnex\/#primaryimage\",\"url\":\"https:\/\/endormoonstore.com\/wp-content\/uploads\/2024\/11\/Hatsune-Miku-Wa-Bunny-Vocaloid-F-Nex-1.jpg\",\"contentUrl\":\"https:\/\/endormoonstore.com\/wp-content\/uploads\/2024\/11\/Hatsune-Miku-Wa-Bunny-Vocaloid-F-Nex-1.jpg\",\"width\":750,\"height\":1000,\"caption\":\"Figura de Hatsune Miku Wa-Bunny de F:Nex, capturando el estilo tradicional con un divertido atuendo de conejita\"},{\"@type\":\"BreadcrumbList\",\"@id\":\"https:\/\/endormoonstore.com\/en\/hatsune-miku-wa-bunny-vocaloid-fnex\/#breadcrumb\",\"itemListElement\":[{\"@type\":\"ListItem\",\"position\":1,\"name\":\"Shop\",\"item\":\"https:\/\/endormoonstore.com\/en\/shop\/\"},{\"@type\":\"ListItem\",\"position\":2,\"name\":\"Hatsune Miku Wa-Bunny Vocaloid F:Nex\"}]},{\"@type\":\"WebSite\",\"@id\":\"https:\/\/endormoonstore.com\/#website\",\"url\":\"https:\/\/endormoonstore.com\/\",\"name\":\"EndormoonStore\",\"description\":\"\",\"potentialAction\":[{\"@type\":\"SearchAction\",\"target\":{\"@type\":\"EntryPoint\",\"urlTemplate\":\"https:\/\/endormoonstore.com\/?s={search_term_string}\"},\"query-input\":{\"@type\":\"PropertyValueSpecification\",\"valueRequired\":true,\"valueName\":\"search_term_string\"}}],\"inLanguage\":\"en-US\"}]}<\/script>\n<!-- \/ Yoast SEO plugin. -->","yoast_head_json":{"title":"Hatsune Miku Wa-Bunny Vocaloid F:Nex - EndormoonStore","robots":{"index":"index","follow":"follow","max-snippet":"max-snippet:-1","max-image-preview":"max-image-preview:large","max-video-preview":"max-video-preview:-1"},"canonical":"https:\/\/endormoonstore.com\/en\/hatsune-miku-wa-bunny-vocaloid-fnex\/","og_locale":"en_US","og_type":"article","og_title":"Hatsune Miku Wa-Bunny Vocaloid F:Nex - EndormoonStore","og_description":"Hatsune Miku Wa-Bunny Vocaloid F:Nex 1\/7 Scale  \u00a1Basada en la ic\u00f3nica estrella de Vocaloid, llega la figura a escala 1\/7 de Hatsune Miku (versi\u00f3n Wa-Bunny) de F:Nex de FuRyu! Esta figura mide unos de 26,5 cm de alto y muestra a Hatsune Miku con un divertido atuendo de conejita, dise\u00f1ado con un estilo tradicional. Miku est\u00e1 intrincadamente detallada para capturar por completo el aspecto del personaje mientras est\u00e1 de pie en una pose popular. \u00a1Aseg\u00farate de agregar esta figura a tu colecci\u00f3n!","og_url":"https:\/\/endormoonstore.com\/en\/hatsune-miku-wa-bunny-vocaloid-fnex\/","og_site_name":"EndormoonStore","article_modified_time":"2025-09-02T21:10:19+00:00","og_image":[{"width":750,"height":1000,"url":"https:\/\/endormoonstore.com\/wp-content\/uploads\/2024\/11\/Hatsune-Miku-Wa-Bunny-Vocaloid-F-Nex-1.jpg","type":"image\/jpeg"}],"twitter_card":"summary_large_image","twitter_misc":{"Est. reading time":"2 minutes"},"schema":{"@context":"https:\/\/schema.org","@graph":[{"@type":"WebPage","@id":"https:\/\/endormoonstore.com\/en\/hatsune-miku-wa-bunny-vocaloid-fnex\/","url":"https:\/\/endormoonstore.com\/en\/hatsune-miku-wa-bunny-vocaloid-fnex\/","name":"Hatsune Miku Wa-Bunny Vocaloid F:Nex - EndormoonStore","isPartOf":{"@id":"https:\/\/endormoonstore.com\/#website"},"primaryImageOfPage":{"@id":"https:\/\/endormoonstore.com\/en\/hatsune-miku-wa-bunny-vocaloid-fnex\/#primaryimage"},"image":{"@id":"https:\/\/endormoonstore.com\/en\/hatsune-miku-wa-bunny-vocaloid-fnex\/#primaryimage"},"thumbnailUrl":"https:\/\/endormoonstore.com\/wp-content\/uploads\/2024\/11\/Hatsune-Miku-Wa-Bunny-Vocaloid-F-Nex-1.jpg","datePublished":"2024-11-04T01:00:25+00:00","dateModified":"2025-09-02T21:10:19+00:00","breadcrumb":{"@id":"https:\/\/endormoonstore.com\/en\/hatsune-miku-wa-bunny-vocaloid-fnex\/#breadcrumb"},"inLanguage":"en-US","potentialAction":[{"@type":"ReadAction","target":["https:\/\/endormoonstore.com\/en\/hatsune-miku-wa-bunny-vocaloid-fnex\/"]}]},{"@type":"ImageObject","inLanguage":"en-US","@id":"https:\/\/endormoonstore.com\/en\/hatsune-miku-wa-bunny-vocaloid-fnex\/#primaryimage","url":"https:\/\/endormoonstore.com\/wp-content\/uploads\/2024\/11\/Hatsune-Miku-Wa-Bunny-Vocaloid-F-Nex-1.jpg","contentUrl":"https:\/\/endormoonstore.com\/wp-content\/uploads\/2024\/11\/Hatsune-Miku-Wa-Bunny-Vocaloid-F-Nex-1.jpg","width":750,"height":1000,"caption":"Figura de Hatsune Miku Wa-Bunny de F:Nex, capturando el estilo tradicional con un divertido atuendo de conejita"},{"@type":"BreadcrumbList","@id":"https:\/\/endormoonstore.com\/en\/hatsune-miku-wa-bunny-vocaloid-fnex\/#breadcrumb","itemListElement":[{"@type":"ListItem","position":1,"name":"Shop","item":"https:\/\/endormoonstore.com\/en\/shop\/"},{"@type":"ListItem","position":2,"name":"Hatsune Miku Wa-Bunny Vocaloid F:Nex"}]},{"@type":"WebSite","@id":"https:\/\/endormoonstore.com\/#website","url":"https:\/\/endormoonstore.com\/","name":"EndormoonStore","description":"","potentialAction":[{"@type":"SearchAction","target":{"@type":"EntryPoint","urlTemplate":"https:\/\/endormoonstore.com\/?s={search_term_string}"},"query-input":{"@type":"PropertyValueSpecification","valueRequired":true,"valueName":"search_term_string"}}],"inLanguage":"en-US"}]}},"taxonomy_info":{"product_cat":[{"value":1384,"label":"Pre-orders"}],"pa_brand":[{"value":14022,"label":"FuRyu"}],"pa_character":[{"value":7587,"label":"Hatsune Miku"}],"pa_license":[{"value":15864,"label":"Vocaloid"}],"pa_product-type":[{"value":2387,"label":"Figure"}],"pa_theme":[{"value":15057,"label":"F:Nex"}]},"featured_image_src_large":["https:\/\/endormoonstore.com\/wp-content\/uploads\/2024\/11\/Hatsune-Miku-Wa-Bunny-Vocaloid-F-Nex-1.jpg",750,1000,false],"author_info":[],"comment_info":"","_links":{"self":[{"href":"https:\/\/endormoonstore.com\/en\/wp-json\/wp\/v2\/product\/167184","targetHints":{"allow":["GET"]}}],"collection":[{"href":"https:\/\/endormoonstore.com\/en\/wp-json\/wp\/v2\/product"}],"about":[{"href":"https:\/\/endormoonstore.com\/en\/wp-json\/wp\/v2\/types\/product"}],"wp:featuredmedia":[{"embeddable":true,"href":"https:\/\/endormoonstore.com\/en\/wp-json\/wp\/v2\/media\/167165"}],"wp:attachment":[{"href":"https:\/\/endormoonstore.com\/en\/wp-json\/wp\/v2\/media?parent=167184"}],"wp:term":[{"taxonomy":"product_cat","embeddable":true,"href":"https:\/\/endormoonstore.com\/en\/wp-json\/wp\/v2\/product_cat?post=167184"},{"taxonomy":"product_tag","embeddable":true,"href":"https:\/\/endormoonstore.com\/en\/wp-json\/wp\/v2\/product_tag?post=167184"}],"curies":[{"name":"wp","href":"https:\/\/api.w.org\/{rel}","templated":true}]}}