{"id":167158,"date":"2024-11-04T01:55:18","date_gmt":"2024-11-04T00:55:18","guid":{"rendered":"https:\/\/endormoonstore.com\/okarun-transformed-dandadan-tenitol\/"},"modified":"2024-11-18T00:07:45","modified_gmt":"2024-11-17T23:07:45","slug":"okarun-transformed-dandadan-tenitol","status":"publish","type":"product","link":"https:\/\/endormoonstore.com\/en\/okarun-transformed-dandadan-tenitol\/","title":{"rendered":"Okarun Transformed Dandadan Tenitol"},"content":{"rendered":"<p class=\"p1\"><strong>Okarun Transformed Dandadan Tenitol<\/strong><\/p>\n<ul class=\"ul1\">\n<li class=\"li1\">De la popular serie de anime &#8220;Dandadan&#8221;, llega la figura de la l\u00ednea Tenitol de Okarun (Transformed), creada por FuRyu. Okarun mide alrededor de 14 cm de alto y se presenta en su forma transformada, tal como se ve en el anime. Esta figura altamente detallada muestra al personaje en una pose ic\u00f3nica, \u00a1lista para agregarla a tu exhibici\u00f3n!<\/li>\n<li class=\"li1\">Nota: La figura de Momo Ayase se vende por separado.<\/li>\n<li>&#8220;Dandadan&#8221; es una serie de anime que sigue las aventuras de Momo Ayase, una estudiante de secundaria valiente y decidida que cree en los fantasmas, y Ken Takakura, apodado &#8220;Okarun&#8221;, quien cree en los extraterrestres. Tras un encuentro fortuito, ambos se embarcan en una serie de eventos sobrenaturales que les otorgan poderes ps\u00edquicos. Momo, conocida por su fuerte sentido de la justicia y su capacidad para visualizar y manipular auras, se une a Okarun para enfrentar esp\u00edritus y alien\u00edgenas, desarrollando una amistad y sentimientos rom\u00e1nticos en el proceso.<\/li>\n<\/ul>\n","protected":false},"excerpt":{"rendered":"<p class=\"p1\"><strong>Okarun Transformed Dandadan Tenitol<\/strong><\/p>\n<p class=\"p1\">De la popular serie de anime &#8220;Dandadan&#8221;, llega la figura de la l\u00ednea Tenitol de Okarun (Transformed), creada por FuRyu. Okarun mide alrededor de 14 cm de alto y se presenta en su forma transformada, tal como se ve en el anime. Esta figura altamente detallada muestra al personaje en una pose ic\u00f3nica, \u00a1lista para agregarla a tu exhibici\u00f3n!<\/p>\n","protected":false},"featured_media":167135,"template":"","meta":{"_acf_changed":false,"_kad_blocks_custom_css":"","_kad_blocks_head_custom_js":"","_kad_blocks_body_custom_js":"","_kad_blocks_footer_custom_js":""},"product_cat":[1384],"product_tag":[],"class_list":{"0":"post-167158","1":"product","2":"type-product","3":"status-publish","4":"has-post-thumbnail","6":"product_cat-pre-orders","7":"pa_brand-furyu-en","8":"pa_character-okarun-en","9":"pa_license-dandadan-en","10":"pa_product-type-figure","11":"pa_theme-tenitol-en","13":"first","14":"instock","15":"taxable","16":"shipping-taxable","17":"purchasable","18":"product-type-simple"},"acf":[],"yoast_head":"<!-- This site is optimized with the Yoast SEO plugin v26.1.1 - https:\/\/yoast.com\/wordpress\/plugins\/seo\/ -->\n<title>Okarun Transformed Dandadan Tenitol - EndormoonStore<\/title>\n<meta name=\"robots\" content=\"index, follow, max-snippet:-1, max-image-preview:large, max-video-preview:-1\" \/>\n<link rel=\"canonical\" href=\"https:\/\/endormoonstore.com\/en\/okarun-transformed-dandadan-tenitol\/\" \/>\n<meta property=\"og:locale\" content=\"en_US\" \/>\n<meta property=\"og:type\" content=\"article\" \/>\n<meta property=\"og:title\" content=\"Okarun Transformed Dandadan Tenitol - EndormoonStore\" \/>\n<meta property=\"og:description\" content=\"Okarun Transformed Dandadan Tenitol De la popular serie de anime &quot;Dandadan&quot;, llega la figura de la l\u00ednea Tenitol de Okarun (Transformed), creada por FuRyu. Okarun mide alrededor de 14 cm de alto y se presenta en su forma transformada, tal como se ve en el anime. Esta figura altamente detallada muestra al personaje en una pose ic\u00f3nica, \u00a1lista para agregarla a tu exhibici\u00f3n!\" \/>\n<meta property=\"og:url\" content=\"https:\/\/endormoonstore.com\/en\/okarun-transformed-dandadan-tenitol\/\" \/>\n<meta property=\"og:site_name\" content=\"EndormoonStore\" \/>\n<meta property=\"article:modified_time\" content=\"2024-11-17T23:07:45+00:00\" \/>\n<meta property=\"og:image\" content=\"https:\/\/endormoonstore.com\/wp-content\/uploads\/2024\/11\/Okarun-Transformed-Dandadan-Tenitol-1.jpg\" \/>\n\t<meta property=\"og:image:width\" content=\"750\" \/>\n\t<meta property=\"og:image:height\" content=\"1000\" \/>\n\t<meta property=\"og:image:type\" content=\"image\/jpeg\" \/>\n<meta name=\"twitter:card\" content=\"summary_large_image\" \/>\n<meta name=\"twitter:label1\" content=\"Est. reading time\" \/>\n\t<meta name=\"twitter:data1\" content=\"1 minute\" \/>\n<script type=\"application\/ld+json\" class=\"yoast-schema-graph\">{\"@context\":\"https:\/\/schema.org\",\"@graph\":[{\"@type\":\"WebPage\",\"@id\":\"https:\/\/endormoonstore.com\/en\/okarun-transformed-dandadan-tenitol\/\",\"url\":\"https:\/\/endormoonstore.com\/en\/okarun-transformed-dandadan-tenitol\/\",\"name\":\"Okarun Transformed Dandadan Tenitol - EndormoonStore\",\"isPartOf\":{\"@id\":\"https:\/\/endormoonstore.com\/#website\"},\"primaryImageOfPage\":{\"@id\":\"https:\/\/endormoonstore.com\/en\/okarun-transformed-dandadan-tenitol\/#primaryimage\"},\"image\":{\"@id\":\"https:\/\/endormoonstore.com\/en\/okarun-transformed-dandadan-tenitol\/#primaryimage\"},\"thumbnailUrl\":\"https:\/\/endormoonstore.com\/wp-content\/uploads\/2024\/11\/Okarun-Transformed-Dandadan-Tenitol-1.jpg\",\"datePublished\":\"2024-11-04T00:55:18+00:00\",\"dateModified\":\"2024-11-17T23:07:45+00:00\",\"breadcrumb\":{\"@id\":\"https:\/\/endormoonstore.com\/en\/okarun-transformed-dandadan-tenitol\/#breadcrumb\"},\"inLanguage\":\"en-US\",\"potentialAction\":[{\"@type\":\"ReadAction\",\"target\":[\"https:\/\/endormoonstore.com\/en\/okarun-transformed-dandadan-tenitol\/\"]}]},{\"@type\":\"ImageObject\",\"inLanguage\":\"en-US\",\"@id\":\"https:\/\/endormoonstore.com\/en\/okarun-transformed-dandadan-tenitol\/#primaryimage\",\"url\":\"https:\/\/endormoonstore.com\/wp-content\/uploads\/2024\/11\/Okarun-Transformed-Dandadan-Tenitol-1.jpg\",\"contentUrl\":\"https:\/\/endormoonstore.com\/wp-content\/uploads\/2024\/11\/Okarun-Transformed-Dandadan-Tenitol-1.jpg\",\"width\":750,\"height\":1000,\"caption\":\"Figura de Okarun (Transformed) de \\\"Dandadan\\\", de la l\u00ednea Tenitol de FuRyu. Okarun mide 14 cm y se muestra en su forma transformada. Nota: La figura de Momo Ayase se vende por separado.\"},{\"@type\":\"BreadcrumbList\",\"@id\":\"https:\/\/endormoonstore.com\/en\/okarun-transformed-dandadan-tenitol\/#breadcrumb\",\"itemListElement\":[{\"@type\":\"ListItem\",\"position\":1,\"name\":\"Shop\",\"item\":\"https:\/\/endormoonstore.com\/en\/shop\/\"},{\"@type\":\"ListItem\",\"position\":2,\"name\":\"Okarun Transformed Dandadan Tenitol\"}]},{\"@type\":\"WebSite\",\"@id\":\"https:\/\/endormoonstore.com\/#website\",\"url\":\"https:\/\/endormoonstore.com\/\",\"name\":\"EndormoonStore\",\"description\":\"\",\"potentialAction\":[{\"@type\":\"SearchAction\",\"target\":{\"@type\":\"EntryPoint\",\"urlTemplate\":\"https:\/\/endormoonstore.com\/?s={search_term_string}\"},\"query-input\":{\"@type\":\"PropertyValueSpecification\",\"valueRequired\":true,\"valueName\":\"search_term_string\"}}],\"inLanguage\":\"en-US\"}]}<\/script>\n<!-- \/ Yoast SEO plugin. -->","yoast_head_json":{"title":"Okarun Transformed Dandadan Tenitol - EndormoonStore","robots":{"index":"index","follow":"follow","max-snippet":"max-snippet:-1","max-image-preview":"max-image-preview:large","max-video-preview":"max-video-preview:-1"},"canonical":"https:\/\/endormoonstore.com\/en\/okarun-transformed-dandadan-tenitol\/","og_locale":"en_US","og_type":"article","og_title":"Okarun Transformed Dandadan Tenitol - EndormoonStore","og_description":"Okarun Transformed Dandadan Tenitol De la popular serie de anime \"Dandadan\", llega la figura de la l\u00ednea Tenitol de Okarun (Transformed), creada por FuRyu. Okarun mide alrededor de 14 cm de alto y se presenta en su forma transformada, tal como se ve en el anime. Esta figura altamente detallada muestra al personaje en una pose ic\u00f3nica, \u00a1lista para agregarla a tu exhibici\u00f3n!","og_url":"https:\/\/endormoonstore.com\/en\/okarun-transformed-dandadan-tenitol\/","og_site_name":"EndormoonStore","article_modified_time":"2024-11-17T23:07:45+00:00","og_image":[{"width":750,"height":1000,"url":"https:\/\/endormoonstore.com\/wp-content\/uploads\/2024\/11\/Okarun-Transformed-Dandadan-Tenitol-1.jpg","type":"image\/jpeg"}],"twitter_card":"summary_large_image","twitter_misc":{"Est. reading time":"1 minute"},"schema":{"@context":"https:\/\/schema.org","@graph":[{"@type":"WebPage","@id":"https:\/\/endormoonstore.com\/en\/okarun-transformed-dandadan-tenitol\/","url":"https:\/\/endormoonstore.com\/en\/okarun-transformed-dandadan-tenitol\/","name":"Okarun Transformed Dandadan Tenitol - EndormoonStore","isPartOf":{"@id":"https:\/\/endormoonstore.com\/#website"},"primaryImageOfPage":{"@id":"https:\/\/endormoonstore.com\/en\/okarun-transformed-dandadan-tenitol\/#primaryimage"},"image":{"@id":"https:\/\/endormoonstore.com\/en\/okarun-transformed-dandadan-tenitol\/#primaryimage"},"thumbnailUrl":"https:\/\/endormoonstore.com\/wp-content\/uploads\/2024\/11\/Okarun-Transformed-Dandadan-Tenitol-1.jpg","datePublished":"2024-11-04T00:55:18+00:00","dateModified":"2024-11-17T23:07:45+00:00","breadcrumb":{"@id":"https:\/\/endormoonstore.com\/en\/okarun-transformed-dandadan-tenitol\/#breadcrumb"},"inLanguage":"en-US","potentialAction":[{"@type":"ReadAction","target":["https:\/\/endormoonstore.com\/en\/okarun-transformed-dandadan-tenitol\/"]}]},{"@type":"ImageObject","inLanguage":"en-US","@id":"https:\/\/endormoonstore.com\/en\/okarun-transformed-dandadan-tenitol\/#primaryimage","url":"https:\/\/endormoonstore.com\/wp-content\/uploads\/2024\/11\/Okarun-Transformed-Dandadan-Tenitol-1.jpg","contentUrl":"https:\/\/endormoonstore.com\/wp-content\/uploads\/2024\/11\/Okarun-Transformed-Dandadan-Tenitol-1.jpg","width":750,"height":1000,"caption":"Figura de Okarun (Transformed) de \"Dandadan\", de la l\u00ednea Tenitol de FuRyu. Okarun mide 14 cm y se muestra en su forma transformada. Nota: La figura de Momo Ayase se vende por separado."},{"@type":"BreadcrumbList","@id":"https:\/\/endormoonstore.com\/en\/okarun-transformed-dandadan-tenitol\/#breadcrumb","itemListElement":[{"@type":"ListItem","position":1,"name":"Shop","item":"https:\/\/endormoonstore.com\/en\/shop\/"},{"@type":"ListItem","position":2,"name":"Okarun Transformed Dandadan Tenitol"}]},{"@type":"WebSite","@id":"https:\/\/endormoonstore.com\/#website","url":"https:\/\/endormoonstore.com\/","name":"EndormoonStore","description":"","potentialAction":[{"@type":"SearchAction","target":{"@type":"EntryPoint","urlTemplate":"https:\/\/endormoonstore.com\/?s={search_term_string}"},"query-input":{"@type":"PropertyValueSpecification","valueRequired":true,"valueName":"search_term_string"}}],"inLanguage":"en-US"}]}},"taxonomy_info":{"product_cat":[{"value":1384,"label":"Pre-orders"}],"pa_brand":[{"value":14022,"label":"FuRyu"}],"pa_character":[{"value":14969,"label":"Okarun"}],"pa_license":[{"value":14971,"label":"Dandadan"}],"pa_product-type":[{"value":2387,"label":"Figure"}],"pa_theme":[{"value":14020,"label":"Tenitol"}]},"featured_image_src_large":["https:\/\/endormoonstore.com\/wp-content\/uploads\/2024\/11\/Okarun-Transformed-Dandadan-Tenitol-1.jpg",750,1000,false],"author_info":[],"comment_info":"","_links":{"self":[{"href":"https:\/\/endormoonstore.com\/en\/wp-json\/wp\/v2\/product\/167158","targetHints":{"allow":["GET"]}}],"collection":[{"href":"https:\/\/endormoonstore.com\/en\/wp-json\/wp\/v2\/product"}],"about":[{"href":"https:\/\/endormoonstore.com\/en\/wp-json\/wp\/v2\/types\/product"}],"wp:featuredmedia":[{"embeddable":true,"href":"https:\/\/endormoonstore.com\/en\/wp-json\/wp\/v2\/media\/167135"}],"wp:attachment":[{"href":"https:\/\/endormoonstore.com\/en\/wp-json\/wp\/v2\/media?parent=167158"}],"wp:term":[{"taxonomy":"product_cat","embeddable":true,"href":"https:\/\/endormoonstore.com\/en\/wp-json\/wp\/v2\/product_cat?post=167158"},{"taxonomy":"product_tag","embeddable":true,"href":"https:\/\/endormoonstore.com\/en\/wp-json\/wp\/v2\/product_tag?post=167158"}],"curies":[{"name":"wp","href":"https:\/\/api.w.org\/{rel}","templated":true}]}}