{"id":167104,"date":"2024-11-04T01:45:30","date_gmt":"2024-11-04T00:45:30","guid":{"rendered":"https:\/\/endormoonstore.com\/mai-sakurajima-rascal-does-not-dream-of-bunny-girl-senpai-tenitol-tall\/"},"modified":"2024-11-17T22:45:47","modified_gmt":"2024-11-17T21:45:47","slug":"mai-sakurajima-rascal-does-not-dream-of-bunny-girl-senpai-tenitol-tall","status":"publish","type":"product","link":"https:\/\/endormoonstore.com\/en\/mai-sakurajima-rascal-does-not-dream-of-bunny-girl-senpai-tenitol-tall\/","title":{"rendered":"Mai Sakurajima Rascal Does Not Dream of Bunny Girl Senpai Tenitol Tall"},"content":{"rendered":"<p class=\"p1\"><strong>Mai Sakurajima Rascal Does Not Dream of Bunny Girl Senpai Tenitol Tall<\/strong><\/p>\n<ul class=\"ul1\">\n<li class=\"li1\">De la popular serie de anime \u201cRascal Does Not Dream of Bunny Girl Senpai\u201d llega la figura Tenitol Tall de Mai Sakurajima, creada por FuRyu. Esta impresionante figura mide m\u00e1s de 31 cm de alto y muestra a Mai con un encantador conjunto de top blanco transl\u00facido y shorts azules, posando en una postura ic\u00f3nica.<\/li>\n<li class=\"li1\">La figura no es articulada, lo que garantiza una representaci\u00f3n fiel y detallada. \u00a1No pierdas la oportunidad de agregar esta pieza \u00fanica a tu colecci\u00f3n!<\/li>\n<li class=\"li1\">\u201cRascal Does Not Dream of Bunny Girl Senpai\u201d sigue a Sakuta, un estudiante que ayuda a Mai, una actriz famosa afectada por el \u201cS\u00edndrome de la Adolescencia\u201d, que la hace invisible para los dem\u00e1s cuando est\u00e1 vestida como una chica con orejas de conejo. Juntos, intentan resolver este misterio mientras desarrollan una relaci\u00f3n especial.<\/li>\n<\/ul>\n","protected":false},"excerpt":{"rendered":"<p class=\"p1\"><strong>Mai Sakurajima Rascal Does Not Dream of Bunny Girl Senpai Tenitol Tall<\/strong><\/p>\n<p class=\"p1\">De la popular serie de anime \u201cRascal Does Not Dream of Bunny Girl Senpai\u201d llega la figura Tenitol Tall de Mai Sakurajima, creada por FuRyu. Esta impresionante figura mide m\u00e1s de 31 cm de alto y muestra a Mai con un encantador conjunto de top blanco transl\u00facido y shorts azules, posando en una postura ic\u00f3nica.<\/p>\n","protected":false},"featured_media":167083,"template":"","meta":{"_acf_changed":false,"_kad_blocks_custom_css":"","_kad_blocks_head_custom_js":"","_kad_blocks_body_custom_js":"","_kad_blocks_footer_custom_js":""},"product_cat":[1384],"product_tag":[],"class_list":{"0":"post-167104","1":"product","2":"type-product","3":"status-publish","4":"has-post-thumbnail","6":"product_cat-pre-orders","7":"pa_brand-furyu-en","8":"pa_character-mai-sakurajima-en","9":"pa_license-rascal-does-not-dream-of-bunny-girl-senpai-en","10":"pa_product-type-figure","11":"pa_theme-tenitol-tall-en","13":"first","14":"instock","15":"taxable","16":"shipping-taxable","17":"purchasable","18":"product-type-simple"},"acf":[],"yoast_head":"<!-- This site is optimized with the Yoast SEO plugin v26.1.1 - https:\/\/yoast.com\/wordpress\/plugins\/seo\/ -->\n<title>Mai Sakurajima Rascal Does Not Dream of Bunny Girl Senpai Tenitol Tall - EndormoonStore<\/title>\n<meta name=\"robots\" content=\"index, follow, max-snippet:-1, max-image-preview:large, max-video-preview:-1\" \/>\n<link rel=\"canonical\" href=\"https:\/\/endormoonstore.com\/en\/mai-sakurajima-rascal-does-not-dream-of-bunny-girl-senpai-tenitol-tall\/\" \/>\n<meta property=\"og:locale\" content=\"en_US\" \/>\n<meta property=\"og:type\" content=\"article\" \/>\n<meta property=\"og:title\" content=\"Mai Sakurajima Rascal Does Not Dream of Bunny Girl Senpai Tenitol Tall - EndormoonStore\" \/>\n<meta property=\"og:description\" content=\"Mai Sakurajima Rascal Does Not Dream of Bunny Girl Senpai Tenitol Tall De la popular serie de anime \u201cRascal Does Not Dream of Bunny Girl Senpai\u201d llega la figura Tenitol Tall de Mai Sakurajima, creada por FuRyu. Esta impresionante figura mide m\u00e1s de 31 cm de alto y muestra a Mai con un encantador conjunto de top blanco transl\u00facido y shorts azules, posando en una postura ic\u00f3nica.\" \/>\n<meta property=\"og:url\" content=\"https:\/\/endormoonstore.com\/en\/mai-sakurajima-rascal-does-not-dream-of-bunny-girl-senpai-tenitol-tall\/\" \/>\n<meta property=\"og:site_name\" content=\"EndormoonStore\" \/>\n<meta property=\"article:modified_time\" content=\"2024-11-17T21:45:47+00:00\" \/>\n<meta property=\"og:image\" content=\"https:\/\/endormoonstore.com\/wp-content\/uploads\/2024\/11\/Mai-Sakurajima-Rascal-Does-Not-Dream-of-Bunny-Girl-Senpai-Tenitol-Tall-1.jpg\" \/>\n\t<meta property=\"og:image:width\" content=\"750\" \/>\n\t<meta property=\"og:image:height\" content=\"1000\" \/>\n\t<meta property=\"og:image:type\" content=\"image\/jpeg\" \/>\n<meta name=\"twitter:card\" content=\"summary_large_image\" \/>\n<meta name=\"twitter:label1\" content=\"Est. reading time\" \/>\n\t<meta name=\"twitter:data1\" content=\"1 minute\" \/>\n<script type=\"application\/ld+json\" class=\"yoast-schema-graph\">{\"@context\":\"https:\/\/schema.org\",\"@graph\":[{\"@type\":\"WebPage\",\"@id\":\"https:\/\/endormoonstore.com\/en\/mai-sakurajima-rascal-does-not-dream-of-bunny-girl-senpai-tenitol-tall\/\",\"url\":\"https:\/\/endormoonstore.com\/en\/mai-sakurajima-rascal-does-not-dream-of-bunny-girl-senpai-tenitol-tall\/\",\"name\":\"Mai Sakurajima Rascal Does Not Dream of Bunny Girl Senpai Tenitol Tall - EndormoonStore\",\"isPartOf\":{\"@id\":\"https:\/\/endormoonstore.com\/#website\"},\"primaryImageOfPage\":{\"@id\":\"https:\/\/endormoonstore.com\/en\/mai-sakurajima-rascal-does-not-dream-of-bunny-girl-senpai-tenitol-tall\/#primaryimage\"},\"image\":{\"@id\":\"https:\/\/endormoonstore.com\/en\/mai-sakurajima-rascal-does-not-dream-of-bunny-girl-senpai-tenitol-tall\/#primaryimage\"},\"thumbnailUrl\":\"https:\/\/endormoonstore.com\/wp-content\/uploads\/2024\/11\/Mai-Sakurajima-Rascal-Does-Not-Dream-of-Bunny-Girl-Senpai-Tenitol-Tall-1.jpg\",\"datePublished\":\"2024-11-04T00:45:30+00:00\",\"dateModified\":\"2024-11-17T21:45:47+00:00\",\"breadcrumb\":{\"@id\":\"https:\/\/endormoonstore.com\/en\/mai-sakurajima-rascal-does-not-dream-of-bunny-girl-senpai-tenitol-tall\/#breadcrumb\"},\"inLanguage\":\"en-US\",\"potentialAction\":[{\"@type\":\"ReadAction\",\"target\":[\"https:\/\/endormoonstore.com\/en\/mai-sakurajima-rascal-does-not-dream-of-bunny-girl-senpai-tenitol-tall\/\"]}]},{\"@type\":\"ImageObject\",\"inLanguage\":\"en-US\",\"@id\":\"https:\/\/endormoonstore.com\/en\/mai-sakurajima-rascal-does-not-dream-of-bunny-girl-senpai-tenitol-tall\/#primaryimage\",\"url\":\"https:\/\/endormoonstore.com\/wp-content\/uploads\/2024\/11\/Mai-Sakurajima-Rascal-Does-Not-Dream-of-Bunny-Girl-Senpai-Tenitol-Tall-1.jpg\",\"contentUrl\":\"https:\/\/endormoonstore.com\/wp-content\/uploads\/2024\/11\/Mai-Sakurajima-Rascal-Does-Not-Dream-of-Bunny-Girl-Senpai-Tenitol-Tall-1.jpg\",\"width\":750,\"height\":1000,\"caption\":\"Figura principal de Mai Sakurajima en su vestido azul de la serie Rascal Does Not Dream of Bunny Girl Senpai\"},{\"@type\":\"BreadcrumbList\",\"@id\":\"https:\/\/endormoonstore.com\/en\/mai-sakurajima-rascal-does-not-dream-of-bunny-girl-senpai-tenitol-tall\/#breadcrumb\",\"itemListElement\":[{\"@type\":\"ListItem\",\"position\":1,\"name\":\"Shop\",\"item\":\"https:\/\/endormoonstore.com\/en\/shop\/\"},{\"@type\":\"ListItem\",\"position\":2,\"name\":\"Mai Sakurajima Rascal Does Not Dream of Bunny Girl Senpai Tenitol Tall\"}]},{\"@type\":\"WebSite\",\"@id\":\"https:\/\/endormoonstore.com\/#website\",\"url\":\"https:\/\/endormoonstore.com\/\",\"name\":\"EndormoonStore\",\"description\":\"\",\"potentialAction\":[{\"@type\":\"SearchAction\",\"target\":{\"@type\":\"EntryPoint\",\"urlTemplate\":\"https:\/\/endormoonstore.com\/?s={search_term_string}\"},\"query-input\":{\"@type\":\"PropertyValueSpecification\",\"valueRequired\":true,\"valueName\":\"search_term_string\"}}],\"inLanguage\":\"en-US\"}]}<\/script>\n<!-- \/ Yoast SEO plugin. -->","yoast_head_json":{"title":"Mai Sakurajima Rascal Does Not Dream of Bunny Girl Senpai Tenitol Tall - EndormoonStore","robots":{"index":"index","follow":"follow","max-snippet":"max-snippet:-1","max-image-preview":"max-image-preview:large","max-video-preview":"max-video-preview:-1"},"canonical":"https:\/\/endormoonstore.com\/en\/mai-sakurajima-rascal-does-not-dream-of-bunny-girl-senpai-tenitol-tall\/","og_locale":"en_US","og_type":"article","og_title":"Mai Sakurajima Rascal Does Not Dream of Bunny Girl Senpai Tenitol Tall - EndormoonStore","og_description":"Mai Sakurajima Rascal Does Not Dream of Bunny Girl Senpai Tenitol Tall De la popular serie de anime \u201cRascal Does Not Dream of Bunny Girl Senpai\u201d llega la figura Tenitol Tall de Mai Sakurajima, creada por FuRyu. Esta impresionante figura mide m\u00e1s de 31 cm de alto y muestra a Mai con un encantador conjunto de top blanco transl\u00facido y shorts azules, posando en una postura ic\u00f3nica.","og_url":"https:\/\/endormoonstore.com\/en\/mai-sakurajima-rascal-does-not-dream-of-bunny-girl-senpai-tenitol-tall\/","og_site_name":"EndormoonStore","article_modified_time":"2024-11-17T21:45:47+00:00","og_image":[{"width":750,"height":1000,"url":"https:\/\/endormoonstore.com\/wp-content\/uploads\/2024\/11\/Mai-Sakurajima-Rascal-Does-Not-Dream-of-Bunny-Girl-Senpai-Tenitol-Tall-1.jpg","type":"image\/jpeg"}],"twitter_card":"summary_large_image","twitter_misc":{"Est. reading time":"1 minute"},"schema":{"@context":"https:\/\/schema.org","@graph":[{"@type":"WebPage","@id":"https:\/\/endormoonstore.com\/en\/mai-sakurajima-rascal-does-not-dream-of-bunny-girl-senpai-tenitol-tall\/","url":"https:\/\/endormoonstore.com\/en\/mai-sakurajima-rascal-does-not-dream-of-bunny-girl-senpai-tenitol-tall\/","name":"Mai Sakurajima Rascal Does Not Dream of Bunny Girl Senpai Tenitol Tall - EndormoonStore","isPartOf":{"@id":"https:\/\/endormoonstore.com\/#website"},"primaryImageOfPage":{"@id":"https:\/\/endormoonstore.com\/en\/mai-sakurajima-rascal-does-not-dream-of-bunny-girl-senpai-tenitol-tall\/#primaryimage"},"image":{"@id":"https:\/\/endormoonstore.com\/en\/mai-sakurajima-rascal-does-not-dream-of-bunny-girl-senpai-tenitol-tall\/#primaryimage"},"thumbnailUrl":"https:\/\/endormoonstore.com\/wp-content\/uploads\/2024\/11\/Mai-Sakurajima-Rascal-Does-Not-Dream-of-Bunny-Girl-Senpai-Tenitol-Tall-1.jpg","datePublished":"2024-11-04T00:45:30+00:00","dateModified":"2024-11-17T21:45:47+00:00","breadcrumb":{"@id":"https:\/\/endormoonstore.com\/en\/mai-sakurajima-rascal-does-not-dream-of-bunny-girl-senpai-tenitol-tall\/#breadcrumb"},"inLanguage":"en-US","potentialAction":[{"@type":"ReadAction","target":["https:\/\/endormoonstore.com\/en\/mai-sakurajima-rascal-does-not-dream-of-bunny-girl-senpai-tenitol-tall\/"]}]},{"@type":"ImageObject","inLanguage":"en-US","@id":"https:\/\/endormoonstore.com\/en\/mai-sakurajima-rascal-does-not-dream-of-bunny-girl-senpai-tenitol-tall\/#primaryimage","url":"https:\/\/endormoonstore.com\/wp-content\/uploads\/2024\/11\/Mai-Sakurajima-Rascal-Does-Not-Dream-of-Bunny-Girl-Senpai-Tenitol-Tall-1.jpg","contentUrl":"https:\/\/endormoonstore.com\/wp-content\/uploads\/2024\/11\/Mai-Sakurajima-Rascal-Does-Not-Dream-of-Bunny-Girl-Senpai-Tenitol-Tall-1.jpg","width":750,"height":1000,"caption":"Figura principal de Mai Sakurajima en su vestido azul de la serie Rascal Does Not Dream of Bunny Girl Senpai"},{"@type":"BreadcrumbList","@id":"https:\/\/endormoonstore.com\/en\/mai-sakurajima-rascal-does-not-dream-of-bunny-girl-senpai-tenitol-tall\/#breadcrumb","itemListElement":[{"@type":"ListItem","position":1,"name":"Shop","item":"https:\/\/endormoonstore.com\/en\/shop\/"},{"@type":"ListItem","position":2,"name":"Mai Sakurajima Rascal Does Not Dream of Bunny Girl Senpai Tenitol Tall"}]},{"@type":"WebSite","@id":"https:\/\/endormoonstore.com\/#website","url":"https:\/\/endormoonstore.com\/","name":"EndormoonStore","description":"","potentialAction":[{"@type":"SearchAction","target":{"@type":"EntryPoint","urlTemplate":"https:\/\/endormoonstore.com\/?s={search_term_string}"},"query-input":{"@type":"PropertyValueSpecification","valueRequired":true,"valueName":"search_term_string"}}],"inLanguage":"en-US"}]}},"taxonomy_info":{"product_cat":[{"value":1384,"label":"Pre-orders"}],"pa_brand":[{"value":14022,"label":"FuRyu"}],"pa_character":[{"value":15051,"label":"Mai Sakurajima"}],"pa_license":[{"value":15049,"label":"Rascal Does Not Dream of Bunny Girl Senpai"}],"pa_product-type":[{"value":2387,"label":"Figure"}],"pa_theme":[{"value":15053,"label":"Tenitol Tall"}]},"featured_image_src_large":["https:\/\/endormoonstore.com\/wp-content\/uploads\/2024\/11\/Mai-Sakurajima-Rascal-Does-Not-Dream-of-Bunny-Girl-Senpai-Tenitol-Tall-1.jpg",750,1000,false],"author_info":[],"comment_info":"","_links":{"self":[{"href":"https:\/\/endormoonstore.com\/en\/wp-json\/wp\/v2\/product\/167104","targetHints":{"allow":["GET"]}}],"collection":[{"href":"https:\/\/endormoonstore.com\/en\/wp-json\/wp\/v2\/product"}],"about":[{"href":"https:\/\/endormoonstore.com\/en\/wp-json\/wp\/v2\/types\/product"}],"wp:featuredmedia":[{"embeddable":true,"href":"https:\/\/endormoonstore.com\/en\/wp-json\/wp\/v2\/media\/167083"}],"wp:attachment":[{"href":"https:\/\/endormoonstore.com\/en\/wp-json\/wp\/v2\/media?parent=167104"}],"wp:term":[{"taxonomy":"product_cat","embeddable":true,"href":"https:\/\/endormoonstore.com\/en\/wp-json\/wp\/v2\/product_cat?post=167104"},{"taxonomy":"product_tag","embeddable":true,"href":"https:\/\/endormoonstore.com\/en\/wp-json\/wp\/v2\/product_tag?post=167104"}],"curies":[{"name":"wp","href":"https:\/\/api.w.org\/{rel}","templated":true}]}}