{"id":167047,"date":"2024-11-04T01:30:55","date_gmt":"2024-11-04T00:30:55","guid":{"rendered":"https:\/\/endormoonstore.com\/magic-sky-war-god-susanoo-second-stage-yamato-takeru-moderoid\/"},"modified":"2024-11-14T23:57:32","modified_gmt":"2024-11-14T22:57:32","slug":"magic-sky-war-god-susanoo-second-stage-yamato-takeru-moderoid","status":"publish","type":"product","link":"https:\/\/endormoonstore.com\/en\/magic-sky-war-god-susanoo-second-stage-yamato-takeru-moderoid\/","title":{"rendered":"Magic Sky War God Susanoo: Second Stage Yamato Takeru Moderoid"},"content":{"rendered":"<p><strong>Magic Sky War God Susanoo: Second Stage Yamato Takeru Moderoid Model Kit<\/strong><\/p>\n<div class=\"product-title\">\n<ul>\n<li>Del anime &#8220;Yamato Takeru&#8221;, que celebra su 30 aniversario, llega Moderoid Magic Sky War God Susanoo: Second Stage, \u00a1el primer modelo de pl\u00e1stico del mecha!<\/li>\n<li>El modelo tiene una altura aproximada de 16 cm y sus articulaciones son completamente m\u00f3viles. Incluye piezas de mano intercambiables. Cada articulaci\u00f3n tiene un mecanismo de extracci\u00f3n que permite una gran movilidad sin perder la apariencia uniforme.<\/li>\n<li>Incluye la espada de Kusanagi, el escudo de Mikagami y los nudillos del k\u00e1iser. Los nudillos del k\u00e1iser se pueden equipar intercambiando las piezas de mano intercambiables. Se utilizan piezas transl\u00facidas en varios lugares, como la cabina esf\u00e9rica. Se incluyen una pieza de armadura de pecho proporcionalmente precisa y una pieza de armadura de pecho centrada en la articulaci\u00f3n.<\/li>\n<li>Las diferentes partes del mecha est\u00e1n separadas en corredores de distintos colores y piezas prepintadas, lo que facilita su ensamblaje. (Est\u00e1 prepintado y requiere montaje).<\/li>\n<li>Un\u00a0<strong>Moderoid<\/strong>\u00a0es una serie de kits de modelos de la marca\u00a0<strong>Good Smile Company<\/strong>. Estos kits est\u00e1n dise\u00f1ados para ser f\u00e1ciles de ensamblar, ya que las piezas vienen separadas por colores y algunas est\u00e1n prepintadas. Esto permite que el modelo tenga un gran aspecto con solo ensamblarlo. Los Moderoids est\u00e1n hechos de pl\u00e1sticos duros como PS y ABS, lo que les da durabilidad y detalle.\u00a0Son ideales tanto para los fan\u00e1ticos de las figuras como para los entusiastas de los modelos pl\u00e1sticos.<\/li>\n<\/ul>\n<\/div>\n","protected":false},"excerpt":{"rendered":"<p><strong>Magic Sky War God Susanoo: Second Stage Yamato Takeru Moderoid Model Kit<\/strong><\/p>\n<p>Del anime &#8220;Yamato Takeru&#8221;, que celebra su 30 aniversario, llega Moderoid Magic Sky War God Susanoo: Second Stage, \u00a1el primer modelo de pl\u00e1stico del mecha!<\/p>\n","protected":false},"featured_media":167027,"template":"","meta":{"_acf_changed":false,"_kad_blocks_custom_css":"","_kad_blocks_head_custom_js":"","_kad_blocks_body_custom_js":"","_kad_blocks_footer_custom_js":""},"product_cat":[1384],"product_tag":[],"class_list":{"0":"post-167047","1":"product","2":"type-product","3":"status-publish","4":"has-post-thumbnail","6":"product_cat-pre-orders","7":"pa_brand-good-smile-company-en","8":"pa_character-magic-sky-war-god-susanoo-second-stage-en","9":"pa_license-yamato-takeru-en","10":"pa_product-type-figure","11":"pa_product-type-model-kit-en","12":"pa_theme-moderoid-en","14":"first","15":"instock","16":"taxable","17":"shipping-taxable","18":"purchasable","19":"product-type-simple"},"acf":[],"yoast_head":"<!-- This site is optimized with the Yoast SEO plugin v26.1.1 - https:\/\/yoast.com\/wordpress\/plugins\/seo\/ -->\n<title>Magic Sky War God Susanoo: Second Stage Yamato Takeru Moderoid - EndormoonStore<\/title>\n<meta name=\"robots\" content=\"index, follow, max-snippet:-1, max-image-preview:large, max-video-preview:-1\" \/>\n<link rel=\"canonical\" href=\"https:\/\/endormoonstore.com\/en\/magic-sky-war-god-susanoo-second-stage-yamato-takeru-moderoid\/\" \/>\n<meta property=\"og:locale\" content=\"en_US\" \/>\n<meta property=\"og:type\" content=\"article\" \/>\n<meta property=\"og:title\" content=\"Magic Sky War God Susanoo: Second Stage Yamato Takeru Moderoid - EndormoonStore\" \/>\n<meta property=\"og:description\" content=\"Magic Sky War God Susanoo: Second Stage Yamato Takeru Moderoid Model Kit  Del anime &quot;Yamato Takeru&quot;, que celebra su 30 aniversario, llega Moderoid Magic Sky War God Susanoo: Second Stage, \u00a1el primer modelo de pl\u00e1stico del mecha!\" \/>\n<meta property=\"og:url\" content=\"https:\/\/endormoonstore.com\/en\/magic-sky-war-god-susanoo-second-stage-yamato-takeru-moderoid\/\" \/>\n<meta property=\"og:site_name\" content=\"EndormoonStore\" \/>\n<meta property=\"article:modified_time\" content=\"2024-11-14T22:57:32+00:00\" \/>\n<meta property=\"og:image\" content=\"https:\/\/endormoonstore.com\/wp-content\/uploads\/2024\/11\/Magic-Sky-War-God-Susanoo-Second-Stage-Yamato-Takeru-Moderoid-1.jpg\" \/>\n\t<meta property=\"og:image:width\" content=\"750\" \/>\n\t<meta property=\"og:image:height\" content=\"900\" \/>\n\t<meta property=\"og:image:type\" content=\"image\/jpeg\" \/>\n<meta name=\"twitter:card\" content=\"summary_large_image\" \/>\n<meta name=\"twitter:label1\" content=\"Est. reading time\" \/>\n\t<meta name=\"twitter:data1\" content=\"2 minutes\" \/>\n<script type=\"application\/ld+json\" class=\"yoast-schema-graph\">{\"@context\":\"https:\/\/schema.org\",\"@graph\":[{\"@type\":\"WebPage\",\"@id\":\"https:\/\/endormoonstore.com\/en\/magic-sky-war-god-susanoo-second-stage-yamato-takeru-moderoid\/\",\"url\":\"https:\/\/endormoonstore.com\/en\/magic-sky-war-god-susanoo-second-stage-yamato-takeru-moderoid\/\",\"name\":\"Magic Sky War God Susanoo: Second Stage Yamato Takeru Moderoid - EndormoonStore\",\"isPartOf\":{\"@id\":\"https:\/\/endormoonstore.com\/#website\"},\"primaryImageOfPage\":{\"@id\":\"https:\/\/endormoonstore.com\/en\/magic-sky-war-god-susanoo-second-stage-yamato-takeru-moderoid\/#primaryimage\"},\"image\":{\"@id\":\"https:\/\/endormoonstore.com\/en\/magic-sky-war-god-susanoo-second-stage-yamato-takeru-moderoid\/#primaryimage\"},\"thumbnailUrl\":\"https:\/\/endormoonstore.com\/wp-content\/uploads\/2024\/11\/Magic-Sky-War-God-Susanoo-Second-Stage-Yamato-Takeru-Moderoid-1.jpg\",\"datePublished\":\"2024-11-04T00:30:55+00:00\",\"dateModified\":\"2024-11-14T22:57:32+00:00\",\"breadcrumb\":{\"@id\":\"https:\/\/endormoonstore.com\/en\/magic-sky-war-god-susanoo-second-stage-yamato-takeru-moderoid\/#breadcrumb\"},\"inLanguage\":\"en-US\",\"potentialAction\":[{\"@type\":\"ReadAction\",\"target\":[\"https:\/\/endormoonstore.com\/en\/magic-sky-war-god-susanoo-second-stage-yamato-takeru-moderoid\/\"]}]},{\"@type\":\"ImageObject\",\"inLanguage\":\"en-US\",\"@id\":\"https:\/\/endormoonstore.com\/en\/magic-sky-war-god-susanoo-second-stage-yamato-takeru-moderoid\/#primaryimage\",\"url\":\"https:\/\/endormoonstore.com\/wp-content\/uploads\/2024\/11\/Magic-Sky-War-God-Susanoo-Second-Stage-Yamato-Takeru-Moderoid-1.jpg\",\"contentUrl\":\"https:\/\/endormoonstore.com\/wp-content\/uploads\/2024\/11\/Magic-Sky-War-God-Susanoo-Second-Stage-Yamato-Takeru-Moderoid-1.jpg\",\"width\":750,\"height\":900},{\"@type\":\"BreadcrumbList\",\"@id\":\"https:\/\/endormoonstore.com\/en\/magic-sky-war-god-susanoo-second-stage-yamato-takeru-moderoid\/#breadcrumb\",\"itemListElement\":[{\"@type\":\"ListItem\",\"position\":1,\"name\":\"Shop\",\"item\":\"https:\/\/endormoonstore.com\/en\/shop\/\"},{\"@type\":\"ListItem\",\"position\":2,\"name\":\"Magic Sky War God Susanoo: Second Stage Yamato Takeru Moderoid\"}]},{\"@type\":\"WebSite\",\"@id\":\"https:\/\/endormoonstore.com\/#website\",\"url\":\"https:\/\/endormoonstore.com\/\",\"name\":\"EndormoonStore\",\"description\":\"\",\"potentialAction\":[{\"@type\":\"SearchAction\",\"target\":{\"@type\":\"EntryPoint\",\"urlTemplate\":\"https:\/\/endormoonstore.com\/?s={search_term_string}\"},\"query-input\":{\"@type\":\"PropertyValueSpecification\",\"valueRequired\":true,\"valueName\":\"search_term_string\"}}],\"inLanguage\":\"en-US\"}]}<\/script>\n<!-- \/ Yoast SEO plugin. -->","yoast_head_json":{"title":"Magic Sky War God Susanoo: Second Stage Yamato Takeru Moderoid - EndormoonStore","robots":{"index":"index","follow":"follow","max-snippet":"max-snippet:-1","max-image-preview":"max-image-preview:large","max-video-preview":"max-video-preview:-1"},"canonical":"https:\/\/endormoonstore.com\/en\/magic-sky-war-god-susanoo-second-stage-yamato-takeru-moderoid\/","og_locale":"en_US","og_type":"article","og_title":"Magic Sky War God Susanoo: Second Stage Yamato Takeru Moderoid - EndormoonStore","og_description":"Magic Sky War God Susanoo: Second Stage Yamato Takeru Moderoid Model Kit  Del anime \"Yamato Takeru\", que celebra su 30 aniversario, llega Moderoid Magic Sky War God Susanoo: Second Stage, \u00a1el primer modelo de pl\u00e1stico del mecha!","og_url":"https:\/\/endormoonstore.com\/en\/magic-sky-war-god-susanoo-second-stage-yamato-takeru-moderoid\/","og_site_name":"EndormoonStore","article_modified_time":"2024-11-14T22:57:32+00:00","og_image":[{"width":750,"height":900,"url":"https:\/\/endormoonstore.com\/wp-content\/uploads\/2024\/11\/Magic-Sky-War-God-Susanoo-Second-Stage-Yamato-Takeru-Moderoid-1.jpg","type":"image\/jpeg"}],"twitter_card":"summary_large_image","twitter_misc":{"Est. reading time":"2 minutes"},"schema":{"@context":"https:\/\/schema.org","@graph":[{"@type":"WebPage","@id":"https:\/\/endormoonstore.com\/en\/magic-sky-war-god-susanoo-second-stage-yamato-takeru-moderoid\/","url":"https:\/\/endormoonstore.com\/en\/magic-sky-war-god-susanoo-second-stage-yamato-takeru-moderoid\/","name":"Magic Sky War God Susanoo: Second Stage Yamato Takeru Moderoid - EndormoonStore","isPartOf":{"@id":"https:\/\/endormoonstore.com\/#website"},"primaryImageOfPage":{"@id":"https:\/\/endormoonstore.com\/en\/magic-sky-war-god-susanoo-second-stage-yamato-takeru-moderoid\/#primaryimage"},"image":{"@id":"https:\/\/endormoonstore.com\/en\/magic-sky-war-god-susanoo-second-stage-yamato-takeru-moderoid\/#primaryimage"},"thumbnailUrl":"https:\/\/endormoonstore.com\/wp-content\/uploads\/2024\/11\/Magic-Sky-War-God-Susanoo-Second-Stage-Yamato-Takeru-Moderoid-1.jpg","datePublished":"2024-11-04T00:30:55+00:00","dateModified":"2024-11-14T22:57:32+00:00","breadcrumb":{"@id":"https:\/\/endormoonstore.com\/en\/magic-sky-war-god-susanoo-second-stage-yamato-takeru-moderoid\/#breadcrumb"},"inLanguage":"en-US","potentialAction":[{"@type":"ReadAction","target":["https:\/\/endormoonstore.com\/en\/magic-sky-war-god-susanoo-second-stage-yamato-takeru-moderoid\/"]}]},{"@type":"ImageObject","inLanguage":"en-US","@id":"https:\/\/endormoonstore.com\/en\/magic-sky-war-god-susanoo-second-stage-yamato-takeru-moderoid\/#primaryimage","url":"https:\/\/endormoonstore.com\/wp-content\/uploads\/2024\/11\/Magic-Sky-War-God-Susanoo-Second-Stage-Yamato-Takeru-Moderoid-1.jpg","contentUrl":"https:\/\/endormoonstore.com\/wp-content\/uploads\/2024\/11\/Magic-Sky-War-God-Susanoo-Second-Stage-Yamato-Takeru-Moderoid-1.jpg","width":750,"height":900},{"@type":"BreadcrumbList","@id":"https:\/\/endormoonstore.com\/en\/magic-sky-war-god-susanoo-second-stage-yamato-takeru-moderoid\/#breadcrumb","itemListElement":[{"@type":"ListItem","position":1,"name":"Shop","item":"https:\/\/endormoonstore.com\/en\/shop\/"},{"@type":"ListItem","position":2,"name":"Magic Sky War God Susanoo: Second Stage Yamato Takeru Moderoid"}]},{"@type":"WebSite","@id":"https:\/\/endormoonstore.com\/#website","url":"https:\/\/endormoonstore.com\/","name":"EndormoonStore","description":"","potentialAction":[{"@type":"SearchAction","target":{"@type":"EntryPoint","urlTemplate":"https:\/\/endormoonstore.com\/?s={search_term_string}"},"query-input":{"@type":"PropertyValueSpecification","valueRequired":true,"valueName":"search_term_string"}}],"inLanguage":"en-US"}]}},"taxonomy_info":{"product_cat":[{"value":1384,"label":"Pre-orders"}],"pa_brand":[{"value":2081,"label":"Good Smile Company"}],"pa_character":[{"value":15029,"label":"Magic Sky War God Susanoo: Second Stage"}],"pa_license":[{"value":15027,"label":"Yamato Takeru"}],"pa_product-type":[{"value":2387,"label":"Figure"},{"value":7302,"label":"Model Kit"}],"pa_theme":[{"value":3926,"label":"Moderoid"}]},"featured_image_src_large":["https:\/\/endormoonstore.com\/wp-content\/uploads\/2024\/11\/Magic-Sky-War-God-Susanoo-Second-Stage-Yamato-Takeru-Moderoid-1.jpg",750,900,false],"author_info":[],"comment_info":"","_links":{"self":[{"href":"https:\/\/endormoonstore.com\/en\/wp-json\/wp\/v2\/product\/167047","targetHints":{"allow":["GET"]}}],"collection":[{"href":"https:\/\/endormoonstore.com\/en\/wp-json\/wp\/v2\/product"}],"about":[{"href":"https:\/\/endormoonstore.com\/en\/wp-json\/wp\/v2\/types\/product"}],"wp:featuredmedia":[{"embeddable":true,"href":"https:\/\/endormoonstore.com\/en\/wp-json\/wp\/v2\/media\/167027"}],"wp:attachment":[{"href":"https:\/\/endormoonstore.com\/en\/wp-json\/wp\/v2\/media?parent=167047"}],"wp:term":[{"taxonomy":"product_cat","embeddable":true,"href":"https:\/\/endormoonstore.com\/en\/wp-json\/wp\/v2\/product_cat?post=167047"},{"taxonomy":"product_tag","embeddable":true,"href":"https:\/\/endormoonstore.com\/en\/wp-json\/wp\/v2\/product_tag?post=167047"}],"curies":[{"name":"wp","href":"https:\/\/api.w.org\/{rel}","templated":true}]}}