{"id":167024,"date":"2024-11-04T01:25:42","date_gmt":"2024-11-04T00:25:42","guid":{"rendered":"https:\/\/endormoonstore.com\/ruby-date-style-ver-oshi-no-ko-1-6-scale-figure\/"},"modified":"2024-11-14T23:10:41","modified_gmt":"2024-11-14T22:10:41","slug":"ruby-date-style-ver-oshi-no-ko-1-6-scale-figure","status":"publish","type":"product","link":"https:\/\/endormoonstore.com\/en\/ruby-date-style-ver-oshi-no-ko-1-6-scale-figure\/","title":{"rendered":"Ruby Date Style Ver. Oshi No Ko 1\/6 Scale Figure"},"content":{"rendered":"<p><strong>Ruby Date Style Ver. Oshi No Ko 1\/6 Scale Figure<\/strong><\/p>\n<ul>\n<li>\u00a1Del anime Oshi no Ko llega una figura &#8220;Date Style&#8221; de Ruby Hoshino con un atuendo casual! La figura a escala 1\/6\u00a0 unos 26,5 cm de alto presenta a Ruby con un atuendo de color sakura que es perfecto para la primavera, acompa\u00f1ado de su adorable y encantadora sonrisa.<\/li>\n<li>La blusa transl\u00facida y los tacones brillantes de Ruby parecen simples a primera vista, pero revelan una cantidad impresionante de detalles cuando se los admira de cerca. Otros aspectos visuales destacados incluyen la pintura de los reflejos en su cabello, as\u00ed como las texturas detalladas de su atuendo.<\/li>\n<li>\u00a1No olvides disfrutar de tu cita especial con Ruby!<\/li>\n<li><strong>Oshi no Ko<\/strong>\u00a0sigue la vida de\u00a0<strong>Ruby Hoshino<\/strong>, una joven idol que renace con los recuerdos de su vida pasada como Sarina, una paciente terminal. Inspirada por su madre, la famosa idol Ai Hoshino, Ruby persigue su sue\u00f1o de convertirse en una estrella del entretenimiento. A lo largo de la serie, enfrenta numerosos desaf\u00edos y tragedias, pero su determinaci\u00f3n y amor por el mundo del espect\u00e1culo la impulsan a seguir adelante y brillar en el escenario.\u00a0La serie es creada por\u00a0<strong>Aka Akasaka<\/strong>, el talentoso mangaka tambi\u00e9n conocido por su obra\u00a0<strong>Kaguya-sama: Love Is War.<\/strong><\/li>\n<\/ul>\n","protected":false},"excerpt":{"rendered":"<p><strong>Ruby Date Style Ver. Oshi No Ko 1\/6 Scale Figure<\/strong><\/p>\n<p>\u00a1Del anime Oshi no Ko llega una figura &#8220;Date Style&#8221; de Ruby Hoshino con un atuendo casual! La figura a escala 1\/6\u00a0 unos 26,5 cm de alto presenta a Ruby con un atuendo de color sakura que es perfecto para la primavera, acompa\u00f1ado de su adorable y encantadora sonrisa.<\/p>\n","protected":false},"featured_media":167008,"template":"","meta":{"_acf_changed":false,"_kad_blocks_custom_css":"","_kad_blocks_head_custom_js":"","_kad_blocks_body_custom_js":"","_kad_blocks_footer_custom_js":""},"product_cat":[1384],"product_tag":[],"class_list":{"0":"post-167024","1":"product","2":"type-product","3":"status-publish","4":"has-post-thumbnail","6":"product_cat-pre-orders","7":"pa_brand-good-smile-company-en","8":"pa_character-ruby-hoshino-en","9":"pa_license-oshi-no-ko-en","10":"pa_product-type-figure","11":"pa_theme-1-6-scale-figure-en","13":"first","14":"instock","15":"taxable","16":"shipping-taxable","17":"purchasable","18":"product-type-simple"},"acf":[],"yoast_head":"<!-- This site is optimized with the Yoast SEO plugin v26.1.1 - https:\/\/yoast.com\/wordpress\/plugins\/seo\/ -->\n<title>Ruby Date Style Ver. Oshi No Ko 1\/6 Scale Figure - EndormoonStore<\/title>\n<meta name=\"robots\" content=\"index, follow, max-snippet:-1, max-image-preview:large, max-video-preview:-1\" \/>\n<link rel=\"canonical\" href=\"https:\/\/endormoonstore.com\/en\/ruby-date-style-ver-oshi-no-ko-1-6-scale-figure\/\" \/>\n<meta property=\"og:locale\" content=\"en_US\" \/>\n<meta property=\"og:type\" content=\"article\" \/>\n<meta property=\"og:title\" content=\"Ruby Date Style Ver. Oshi No Ko 1\/6 Scale Figure - EndormoonStore\" \/>\n<meta property=\"og:description\" content=\"Ruby Date Style Ver. Oshi No Ko 1\/6 Scale Figure  \u00a1Del anime Oshi no Ko llega una figura &quot;Date Style&quot; de Ruby Hoshino con un atuendo casual! La figura a escala 1\/6\u00a0 unos 26,5 cm de alto presenta a Ruby con un atuendo de color sakura que es perfecto para la primavera, acompa\u00f1ado de su adorable y encantadora sonrisa.\" \/>\n<meta property=\"og:url\" content=\"https:\/\/endormoonstore.com\/en\/ruby-date-style-ver-oshi-no-ko-1-6-scale-figure\/\" \/>\n<meta property=\"og:site_name\" content=\"EndormoonStore\" \/>\n<meta property=\"article:modified_time\" content=\"2024-11-14T22:10:41+00:00\" \/>\n<meta property=\"og:image\" content=\"https:\/\/endormoonstore.com\/wp-content\/uploads\/2024\/11\/Ruby-Date-Style-Ver.-Oshi-No-Ko-1-6-Scale-Figure-1.jpg\" \/>\n\t<meta property=\"og:image:width\" content=\"667\" \/>\n\t<meta property=\"og:image:height\" content=\"1000\" \/>\n\t<meta property=\"og:image:type\" content=\"image\/jpeg\" \/>\n<meta name=\"twitter:card\" content=\"summary_large_image\" \/>\n<meta name=\"twitter:label1\" content=\"Est. reading time\" \/>\n\t<meta name=\"twitter:data1\" content=\"2 minutes\" \/>\n<script type=\"application\/ld+json\" class=\"yoast-schema-graph\">{\"@context\":\"https:\/\/schema.org\",\"@graph\":[{\"@type\":\"WebPage\",\"@id\":\"https:\/\/endormoonstore.com\/en\/ruby-date-style-ver-oshi-no-ko-1-6-scale-figure\/\",\"url\":\"https:\/\/endormoonstore.com\/en\/ruby-date-style-ver-oshi-no-ko-1-6-scale-figure\/\",\"name\":\"Ruby Date Style Ver. Oshi No Ko 1\/6 Scale Figure - EndormoonStore\",\"isPartOf\":{\"@id\":\"https:\/\/endormoonstore.com\/#website\"},\"primaryImageOfPage\":{\"@id\":\"https:\/\/endormoonstore.com\/en\/ruby-date-style-ver-oshi-no-ko-1-6-scale-figure\/#primaryimage\"},\"image\":{\"@id\":\"https:\/\/endormoonstore.com\/en\/ruby-date-style-ver-oshi-no-ko-1-6-scale-figure\/#primaryimage\"},\"thumbnailUrl\":\"https:\/\/endormoonstore.com\/wp-content\/uploads\/2024\/11\/Ruby-Date-Style-Ver.-Oshi-No-Ko-1-6-Scale-Figure-1.jpg\",\"datePublished\":\"2024-11-04T00:25:42+00:00\",\"dateModified\":\"2024-11-14T22:10:41+00:00\",\"breadcrumb\":{\"@id\":\"https:\/\/endormoonstore.com\/en\/ruby-date-style-ver-oshi-no-ko-1-6-scale-figure\/#breadcrumb\"},\"inLanguage\":\"en-US\",\"potentialAction\":[{\"@type\":\"ReadAction\",\"target\":[\"https:\/\/endormoonstore.com\/en\/ruby-date-style-ver-oshi-no-ko-1-6-scale-figure\/\"]}]},{\"@type\":\"ImageObject\",\"inLanguage\":\"en-US\",\"@id\":\"https:\/\/endormoonstore.com\/en\/ruby-date-style-ver-oshi-no-ko-1-6-scale-figure\/#primaryimage\",\"url\":\"https:\/\/endormoonstore.com\/wp-content\/uploads\/2024\/11\/Ruby-Date-Style-Ver.-Oshi-No-Ko-1-6-Scale-Figure-1.jpg\",\"contentUrl\":\"https:\/\/endormoonstore.com\/wp-content\/uploads\/2024\/11\/Ruby-Date-Style-Ver.-Oshi-No-Ko-1-6-Scale-Figure-1.jpg\",\"width\":667,\"height\":1000},{\"@type\":\"BreadcrumbList\",\"@id\":\"https:\/\/endormoonstore.com\/en\/ruby-date-style-ver-oshi-no-ko-1-6-scale-figure\/#breadcrumb\",\"itemListElement\":[{\"@type\":\"ListItem\",\"position\":1,\"name\":\"Shop\",\"item\":\"https:\/\/endormoonstore.com\/en\/shop\/\"},{\"@type\":\"ListItem\",\"position\":2,\"name\":\"Ruby Date Style Ver. Oshi No Ko 1\/6 Scale Figure\"}]},{\"@type\":\"WebSite\",\"@id\":\"https:\/\/endormoonstore.com\/#website\",\"url\":\"https:\/\/endormoonstore.com\/\",\"name\":\"EndormoonStore\",\"description\":\"\",\"potentialAction\":[{\"@type\":\"SearchAction\",\"target\":{\"@type\":\"EntryPoint\",\"urlTemplate\":\"https:\/\/endormoonstore.com\/?s={search_term_string}\"},\"query-input\":{\"@type\":\"PropertyValueSpecification\",\"valueRequired\":true,\"valueName\":\"search_term_string\"}}],\"inLanguage\":\"en-US\"}]}<\/script>\n<!-- \/ Yoast SEO plugin. -->","yoast_head_json":{"title":"Ruby Date Style Ver. Oshi No Ko 1\/6 Scale Figure - EndormoonStore","robots":{"index":"index","follow":"follow","max-snippet":"max-snippet:-1","max-image-preview":"max-image-preview:large","max-video-preview":"max-video-preview:-1"},"canonical":"https:\/\/endormoonstore.com\/en\/ruby-date-style-ver-oshi-no-ko-1-6-scale-figure\/","og_locale":"en_US","og_type":"article","og_title":"Ruby Date Style Ver. Oshi No Ko 1\/6 Scale Figure - EndormoonStore","og_description":"Ruby Date Style Ver. Oshi No Ko 1\/6 Scale Figure  \u00a1Del anime Oshi no Ko llega una figura \"Date Style\" de Ruby Hoshino con un atuendo casual! La figura a escala 1\/6\u00a0 unos 26,5 cm de alto presenta a Ruby con un atuendo de color sakura que es perfecto para la primavera, acompa\u00f1ado de su adorable y encantadora sonrisa.","og_url":"https:\/\/endormoonstore.com\/en\/ruby-date-style-ver-oshi-no-ko-1-6-scale-figure\/","og_site_name":"EndormoonStore","article_modified_time":"2024-11-14T22:10:41+00:00","og_image":[{"width":667,"height":1000,"url":"https:\/\/endormoonstore.com\/wp-content\/uploads\/2024\/11\/Ruby-Date-Style-Ver.-Oshi-No-Ko-1-6-Scale-Figure-1.jpg","type":"image\/jpeg"}],"twitter_card":"summary_large_image","twitter_misc":{"Est. reading time":"2 minutes"},"schema":{"@context":"https:\/\/schema.org","@graph":[{"@type":"WebPage","@id":"https:\/\/endormoonstore.com\/en\/ruby-date-style-ver-oshi-no-ko-1-6-scale-figure\/","url":"https:\/\/endormoonstore.com\/en\/ruby-date-style-ver-oshi-no-ko-1-6-scale-figure\/","name":"Ruby Date Style Ver. Oshi No Ko 1\/6 Scale Figure - EndormoonStore","isPartOf":{"@id":"https:\/\/endormoonstore.com\/#website"},"primaryImageOfPage":{"@id":"https:\/\/endormoonstore.com\/en\/ruby-date-style-ver-oshi-no-ko-1-6-scale-figure\/#primaryimage"},"image":{"@id":"https:\/\/endormoonstore.com\/en\/ruby-date-style-ver-oshi-no-ko-1-6-scale-figure\/#primaryimage"},"thumbnailUrl":"https:\/\/endormoonstore.com\/wp-content\/uploads\/2024\/11\/Ruby-Date-Style-Ver.-Oshi-No-Ko-1-6-Scale-Figure-1.jpg","datePublished":"2024-11-04T00:25:42+00:00","dateModified":"2024-11-14T22:10:41+00:00","breadcrumb":{"@id":"https:\/\/endormoonstore.com\/en\/ruby-date-style-ver-oshi-no-ko-1-6-scale-figure\/#breadcrumb"},"inLanguage":"en-US","potentialAction":[{"@type":"ReadAction","target":["https:\/\/endormoonstore.com\/en\/ruby-date-style-ver-oshi-no-ko-1-6-scale-figure\/"]}]},{"@type":"ImageObject","inLanguage":"en-US","@id":"https:\/\/endormoonstore.com\/en\/ruby-date-style-ver-oshi-no-ko-1-6-scale-figure\/#primaryimage","url":"https:\/\/endormoonstore.com\/wp-content\/uploads\/2024\/11\/Ruby-Date-Style-Ver.-Oshi-No-Ko-1-6-Scale-Figure-1.jpg","contentUrl":"https:\/\/endormoonstore.com\/wp-content\/uploads\/2024\/11\/Ruby-Date-Style-Ver.-Oshi-No-Ko-1-6-Scale-Figure-1.jpg","width":667,"height":1000},{"@type":"BreadcrumbList","@id":"https:\/\/endormoonstore.com\/en\/ruby-date-style-ver-oshi-no-ko-1-6-scale-figure\/#breadcrumb","itemListElement":[{"@type":"ListItem","position":1,"name":"Shop","item":"https:\/\/endormoonstore.com\/en\/shop\/"},{"@type":"ListItem","position":2,"name":"Ruby Date Style Ver. Oshi No Ko 1\/6 Scale Figure"}]},{"@type":"WebSite","@id":"https:\/\/endormoonstore.com\/#website","url":"https:\/\/endormoonstore.com\/","name":"EndormoonStore","description":"","potentialAction":[{"@type":"SearchAction","target":{"@type":"EntryPoint","urlTemplate":"https:\/\/endormoonstore.com\/?s={search_term_string}"},"query-input":{"@type":"PropertyValueSpecification","valueRequired":true,"valueName":"search_term_string"}}],"inLanguage":"en-US"}]}},"taxonomy_info":{"product_cat":[{"value":1384,"label":"Pre-orders"}],"pa_brand":[{"value":2081,"label":"Good Smile Company"}],"pa_character":[{"value":15023,"label":"Ruby Hoshino"}],"pa_license":[{"value":15025,"label":"Oshi No Ko"}],"pa_product-type":[{"value":2387,"label":"Figure"}],"pa_theme":[{"value":7035,"label":"1\/6 Scale Figure"}]},"featured_image_src_large":["https:\/\/endormoonstore.com\/wp-content\/uploads\/2024\/11\/Ruby-Date-Style-Ver.-Oshi-No-Ko-1-6-Scale-Figure-1.jpg",667,1000,false],"author_info":[],"comment_info":"","_links":{"self":[{"href":"https:\/\/endormoonstore.com\/en\/wp-json\/wp\/v2\/product\/167024","targetHints":{"allow":["GET"]}}],"collection":[{"href":"https:\/\/endormoonstore.com\/en\/wp-json\/wp\/v2\/product"}],"about":[{"href":"https:\/\/endormoonstore.com\/en\/wp-json\/wp\/v2\/types\/product"}],"wp:featuredmedia":[{"embeddable":true,"href":"https:\/\/endormoonstore.com\/en\/wp-json\/wp\/v2\/media\/167008"}],"wp:attachment":[{"href":"https:\/\/endormoonstore.com\/en\/wp-json\/wp\/v2\/media?parent=167024"}],"wp:term":[{"taxonomy":"product_cat","embeddable":true,"href":"https:\/\/endormoonstore.com\/en\/wp-json\/wp\/v2\/product_cat?post=167024"},{"taxonomy":"product_tag","embeddable":true,"href":"https:\/\/endormoonstore.com\/en\/wp-json\/wp\/v2\/product_tag?post=167024"}],"curies":[{"name":"wp","href":"https:\/\/api.w.org\/{rel}","templated":true}]}}