{"id":167005,"date":"2024-11-04T01:20:21","date_gmt":"2024-11-04T00:20:21","guid":{"rendered":"https:\/\/endormoonstore.com\/komekko-kono-subarashii-sekai-ni-bakuen-wo-pop-up-parde-l\/"},"modified":"2024-11-14T21:18:10","modified_gmt":"2024-11-14T20:18:10","slug":"komekko-kono-subarashii-sekai-ni-bakuen-wo-pop-up-parde-l","status":"publish","type":"product","link":"https:\/\/endormoonstore.com\/en\/komekko-kono-subarashii-sekai-ni-bakuen-wo-pop-up-parde-l\/","title":{"rendered":"Komekko Kono Subarashii Sekai Ni Bakuen Wo! Pop Up Parde L"},"content":{"rendered":"<p><strong>Komekko Kono Subarashii Sekai Ni Bakuen Wo! Pop Up Parde L<\/strong><\/p>\n<ul>\n<li>De la popular serie de anime\u00a0Kono Subarashii Sekai Ni Bakuen Wo!\u00a0llega una nueva incorporaci\u00f3n a la l\u00ednea\u00a0Pop Up Parade L. Esta figura muestra a\u00a0Komekko, la hermana menor de\u00a0Megumin, con una expresi\u00f3n triunfante en su rostro mientras usa la capa de su hermana mayor.<\/li>\n<li>Esta figura mide unos 15 cm de alto. \u00a1Aumenta tu colecci\u00f3n KonoSuba y pide tu figura hoy mismo!<\/li>\n<li>La serie sigue las aventuras de Megumin y su amiga de la infancia y autoproclamada rival,\u00a0<strong>Yunyun<\/strong>, mientras asisten a la\u00a0<strong>Academia de Magia del Clan Escarlata<\/strong>.\u00a0All\u00ed, Megumin aprende m\u00e1s sobre los secretos y la historia de su clan, as\u00ed como los desaf\u00edos y amenazas que deben enfrentar\u00a0A lo largo de su viaje, Megumin se esfuerza por convertirse en la mejor maga de explosiones de todos los tiempos, con la ayuda de su leal familiar\u00a0<strong>Chomusuke<\/strong>\u00a0y su adorable hermana menor\u00a0<strong>Komekko.<\/strong><\/li>\n<\/ul>\n","protected":false},"excerpt":{"rendered":"<p><strong>Komekko Kono Subarashii Sekai Ni Bakuen Wo! Pop Up Parde L<\/strong><\/p>\n<p>De la popular serie de anime\u00a0Kono Subarashii Sekai Ni Bakuen Wo!\u00a0llega una nueva incorporaci\u00f3n a la l\u00ednea\u00a0Pop Up Parade L. Esta figura muestra a\u00a0Komekko, la hermana menor de\u00a0Megumin, con una expresi\u00f3n triunfante en su rostro mientras usa la capa de su hermana mayor.<\/p>\n","protected":false},"featured_media":166993,"template":"","meta":{"_acf_changed":false,"_kad_blocks_custom_css":"","_kad_blocks_head_custom_js":"","_kad_blocks_body_custom_js":"","_kad_blocks_footer_custom_js":""},"product_cat":[1384],"product_tag":[],"class_list":{"0":"post-167005","1":"product","2":"type-product","3":"status-publish","4":"has-post-thumbnail","6":"product_cat-pre-orders","7":"pa_brand-good-smile-company-en","8":"pa_character-komekko-en","9":"pa_license-kono-subarashii-sekai-ni-syukufuku-wo-en","10":"pa_product-type-figure","11":"pa_theme-pop-up-parade-l-en","13":"first","14":"instock","15":"taxable","16":"shipping-taxable","17":"purchasable","18":"product-type-simple"},"acf":[],"yoast_head":"<!-- This site is optimized with the Yoast SEO plugin v26.1.1 - https:\/\/yoast.com\/wordpress\/plugins\/seo\/ -->\n<title>Komekko Kono Subarashii Sekai Ni Bakuen Wo! Pop Up Parde L - EndormoonStore<\/title>\n<meta name=\"robots\" content=\"index, follow, max-snippet:-1, max-image-preview:large, max-video-preview:-1\" \/>\n<link rel=\"canonical\" href=\"https:\/\/endormoonstore.com\/en\/komekko-kono-subarashii-sekai-ni-bakuen-wo-pop-up-parde-l\/\" \/>\n<meta property=\"og:locale\" content=\"en_US\" \/>\n<meta property=\"og:type\" content=\"article\" \/>\n<meta property=\"og:title\" content=\"Komekko Kono Subarashii Sekai Ni Bakuen Wo! Pop Up Parde L - EndormoonStore\" \/>\n<meta property=\"og:description\" content=\"Komekko Kono Subarashii Sekai Ni Bakuen Wo! Pop Up Parde L  De la popular serie de anime\u00a0Kono Subarashii Sekai Ni Bakuen Wo!\u00a0llega una nueva incorporaci\u00f3n a la l\u00ednea\u00a0Pop Up Parade L. Esta figura muestra a\u00a0Komekko, la hermana menor de\u00a0Megumin, con una expresi\u00f3n triunfante en su rostro mientras usa la capa de su hermana mayor.\" \/>\n<meta property=\"og:url\" content=\"https:\/\/endormoonstore.com\/en\/komekko-kono-subarashii-sekai-ni-bakuen-wo-pop-up-parde-l\/\" \/>\n<meta property=\"og:site_name\" content=\"EndormoonStore\" \/>\n<meta property=\"article:modified_time\" content=\"2024-11-14T20:18:10+00:00\" \/>\n<meta property=\"og:image\" content=\"https:\/\/endormoonstore.com\/wp-content\/uploads\/2024\/11\/Komekko-Kono-Subarashii-Sekai-Ni-Bakuen-Wo-Pop-Up-Parde-L-1.jpg\" \/>\n\t<meta property=\"og:image:width\" content=\"714\" \/>\n\t<meta property=\"og:image:height\" content=\"1000\" \/>\n\t<meta property=\"og:image:type\" content=\"image\/jpeg\" \/>\n<meta name=\"twitter:card\" content=\"summary_large_image\" \/>\n<meta name=\"twitter:label1\" content=\"Est. reading time\" \/>\n\t<meta name=\"twitter:data1\" content=\"1 minute\" \/>\n<script type=\"application\/ld+json\" class=\"yoast-schema-graph\">{\"@context\":\"https:\/\/schema.org\",\"@graph\":[{\"@type\":\"WebPage\",\"@id\":\"https:\/\/endormoonstore.com\/en\/komekko-kono-subarashii-sekai-ni-bakuen-wo-pop-up-parde-l\/\",\"url\":\"https:\/\/endormoonstore.com\/en\/komekko-kono-subarashii-sekai-ni-bakuen-wo-pop-up-parde-l\/\",\"name\":\"Komekko Kono Subarashii Sekai Ni Bakuen Wo! Pop Up Parde L - EndormoonStore\",\"isPartOf\":{\"@id\":\"https:\/\/endormoonstore.com\/#website\"},\"primaryImageOfPage\":{\"@id\":\"https:\/\/endormoonstore.com\/en\/komekko-kono-subarashii-sekai-ni-bakuen-wo-pop-up-parde-l\/#primaryimage\"},\"image\":{\"@id\":\"https:\/\/endormoonstore.com\/en\/komekko-kono-subarashii-sekai-ni-bakuen-wo-pop-up-parde-l\/#primaryimage\"},\"thumbnailUrl\":\"https:\/\/endormoonstore.com\/wp-content\/uploads\/2024\/11\/Komekko-Kono-Subarashii-Sekai-Ni-Bakuen-Wo-Pop-Up-Parde-L-1.jpg\",\"datePublished\":\"2024-11-04T00:20:21+00:00\",\"dateModified\":\"2024-11-14T20:18:10+00:00\",\"breadcrumb\":{\"@id\":\"https:\/\/endormoonstore.com\/en\/komekko-kono-subarashii-sekai-ni-bakuen-wo-pop-up-parde-l\/#breadcrumb\"},\"inLanguage\":\"en-US\",\"potentialAction\":[{\"@type\":\"ReadAction\",\"target\":[\"https:\/\/endormoonstore.com\/en\/komekko-kono-subarashii-sekai-ni-bakuen-wo-pop-up-parde-l\/\"]}]},{\"@type\":\"ImageObject\",\"inLanguage\":\"en-US\",\"@id\":\"https:\/\/endormoonstore.com\/en\/komekko-kono-subarashii-sekai-ni-bakuen-wo-pop-up-parde-l\/#primaryimage\",\"url\":\"https:\/\/endormoonstore.com\/wp-content\/uploads\/2024\/11\/Komekko-Kono-Subarashii-Sekai-Ni-Bakuen-Wo-Pop-Up-Parde-L-1.jpg\",\"contentUrl\":\"https:\/\/endormoonstore.com\/wp-content\/uploads\/2024\/11\/Komekko-Kono-Subarashii-Sekai-Ni-Bakuen-Wo-Pop-Up-Parde-L-1.jpg\",\"width\":714,\"height\":1000},{\"@type\":\"BreadcrumbList\",\"@id\":\"https:\/\/endormoonstore.com\/en\/komekko-kono-subarashii-sekai-ni-bakuen-wo-pop-up-parde-l\/#breadcrumb\",\"itemListElement\":[{\"@type\":\"ListItem\",\"position\":1,\"name\":\"Shop\",\"item\":\"https:\/\/endormoonstore.com\/en\/shop\/\"},{\"@type\":\"ListItem\",\"position\":2,\"name\":\"Komekko Kono Subarashii Sekai Ni Bakuen Wo! Pop Up Parde L\"}]},{\"@type\":\"WebSite\",\"@id\":\"https:\/\/endormoonstore.com\/#website\",\"url\":\"https:\/\/endormoonstore.com\/\",\"name\":\"EndormoonStore\",\"description\":\"\",\"potentialAction\":[{\"@type\":\"SearchAction\",\"target\":{\"@type\":\"EntryPoint\",\"urlTemplate\":\"https:\/\/endormoonstore.com\/?s={search_term_string}\"},\"query-input\":{\"@type\":\"PropertyValueSpecification\",\"valueRequired\":true,\"valueName\":\"search_term_string\"}}],\"inLanguage\":\"en-US\"}]}<\/script>\n<!-- \/ Yoast SEO plugin. -->","yoast_head_json":{"title":"Komekko Kono Subarashii Sekai Ni Bakuen Wo! Pop Up Parde L - EndormoonStore","robots":{"index":"index","follow":"follow","max-snippet":"max-snippet:-1","max-image-preview":"max-image-preview:large","max-video-preview":"max-video-preview:-1"},"canonical":"https:\/\/endormoonstore.com\/en\/komekko-kono-subarashii-sekai-ni-bakuen-wo-pop-up-parde-l\/","og_locale":"en_US","og_type":"article","og_title":"Komekko Kono Subarashii Sekai Ni Bakuen Wo! Pop Up Parde L - EndormoonStore","og_description":"Komekko Kono Subarashii Sekai Ni Bakuen Wo! Pop Up Parde L  De la popular serie de anime\u00a0Kono Subarashii Sekai Ni Bakuen Wo!\u00a0llega una nueva incorporaci\u00f3n a la l\u00ednea\u00a0Pop Up Parade L. Esta figura muestra a\u00a0Komekko, la hermana menor de\u00a0Megumin, con una expresi\u00f3n triunfante en su rostro mientras usa la capa de su hermana mayor.","og_url":"https:\/\/endormoonstore.com\/en\/komekko-kono-subarashii-sekai-ni-bakuen-wo-pop-up-parde-l\/","og_site_name":"EndormoonStore","article_modified_time":"2024-11-14T20:18:10+00:00","og_image":[{"width":714,"height":1000,"url":"https:\/\/endormoonstore.com\/wp-content\/uploads\/2024\/11\/Komekko-Kono-Subarashii-Sekai-Ni-Bakuen-Wo-Pop-Up-Parde-L-1.jpg","type":"image\/jpeg"}],"twitter_card":"summary_large_image","twitter_misc":{"Est. reading time":"1 minute"},"schema":{"@context":"https:\/\/schema.org","@graph":[{"@type":"WebPage","@id":"https:\/\/endormoonstore.com\/en\/komekko-kono-subarashii-sekai-ni-bakuen-wo-pop-up-parde-l\/","url":"https:\/\/endormoonstore.com\/en\/komekko-kono-subarashii-sekai-ni-bakuen-wo-pop-up-parde-l\/","name":"Komekko Kono Subarashii Sekai Ni Bakuen Wo! Pop Up Parde L - EndormoonStore","isPartOf":{"@id":"https:\/\/endormoonstore.com\/#website"},"primaryImageOfPage":{"@id":"https:\/\/endormoonstore.com\/en\/komekko-kono-subarashii-sekai-ni-bakuen-wo-pop-up-parde-l\/#primaryimage"},"image":{"@id":"https:\/\/endormoonstore.com\/en\/komekko-kono-subarashii-sekai-ni-bakuen-wo-pop-up-parde-l\/#primaryimage"},"thumbnailUrl":"https:\/\/endormoonstore.com\/wp-content\/uploads\/2024\/11\/Komekko-Kono-Subarashii-Sekai-Ni-Bakuen-Wo-Pop-Up-Parde-L-1.jpg","datePublished":"2024-11-04T00:20:21+00:00","dateModified":"2024-11-14T20:18:10+00:00","breadcrumb":{"@id":"https:\/\/endormoonstore.com\/en\/komekko-kono-subarashii-sekai-ni-bakuen-wo-pop-up-parde-l\/#breadcrumb"},"inLanguage":"en-US","potentialAction":[{"@type":"ReadAction","target":["https:\/\/endormoonstore.com\/en\/komekko-kono-subarashii-sekai-ni-bakuen-wo-pop-up-parde-l\/"]}]},{"@type":"ImageObject","inLanguage":"en-US","@id":"https:\/\/endormoonstore.com\/en\/komekko-kono-subarashii-sekai-ni-bakuen-wo-pop-up-parde-l\/#primaryimage","url":"https:\/\/endormoonstore.com\/wp-content\/uploads\/2024\/11\/Komekko-Kono-Subarashii-Sekai-Ni-Bakuen-Wo-Pop-Up-Parde-L-1.jpg","contentUrl":"https:\/\/endormoonstore.com\/wp-content\/uploads\/2024\/11\/Komekko-Kono-Subarashii-Sekai-Ni-Bakuen-Wo-Pop-Up-Parde-L-1.jpg","width":714,"height":1000},{"@type":"BreadcrumbList","@id":"https:\/\/endormoonstore.com\/en\/komekko-kono-subarashii-sekai-ni-bakuen-wo-pop-up-parde-l\/#breadcrumb","itemListElement":[{"@type":"ListItem","position":1,"name":"Shop","item":"https:\/\/endormoonstore.com\/en\/shop\/"},{"@type":"ListItem","position":2,"name":"Komekko Kono Subarashii Sekai Ni Bakuen Wo! Pop Up Parde L"}]},{"@type":"WebSite","@id":"https:\/\/endormoonstore.com\/#website","url":"https:\/\/endormoonstore.com\/","name":"EndormoonStore","description":"","potentialAction":[{"@type":"SearchAction","target":{"@type":"EntryPoint","urlTemplate":"https:\/\/endormoonstore.com\/?s={search_term_string}"},"query-input":{"@type":"PropertyValueSpecification","valueRequired":true,"valueName":"search_term_string"}}],"inLanguage":"en-US"}]}},"taxonomy_info":{"product_cat":[{"value":1384,"label":"Pre-orders"}],"pa_brand":[{"value":2081,"label":"Good Smile Company"}],"pa_character":[{"value":15021,"label":"Komekko"}],"pa_license":[{"value":14233,"label":"Kono Subarashii Sekai ni Syukufuku wo!"}],"pa_product-type":[{"value":2387,"label":"Figure"}],"pa_theme":[{"value":13116,"label":"Pop Up Parade L"}]},"featured_image_src_large":["https:\/\/endormoonstore.com\/wp-content\/uploads\/2024\/11\/Komekko-Kono-Subarashii-Sekai-Ni-Bakuen-Wo-Pop-Up-Parde-L-1.jpg",714,1000,false],"author_info":[],"comment_info":"","_links":{"self":[{"href":"https:\/\/endormoonstore.com\/en\/wp-json\/wp\/v2\/product\/167005","targetHints":{"allow":["GET"]}}],"collection":[{"href":"https:\/\/endormoonstore.com\/en\/wp-json\/wp\/v2\/product"}],"about":[{"href":"https:\/\/endormoonstore.com\/en\/wp-json\/wp\/v2\/types\/product"}],"wp:featuredmedia":[{"embeddable":true,"href":"https:\/\/endormoonstore.com\/en\/wp-json\/wp\/v2\/media\/166993"}],"wp:attachment":[{"href":"https:\/\/endormoonstore.com\/en\/wp-json\/wp\/v2\/media?parent=167005"}],"wp:term":[{"taxonomy":"product_cat","embeddable":true,"href":"https:\/\/endormoonstore.com\/en\/wp-json\/wp\/v2\/product_cat?post=167005"},{"taxonomy":"product_tag","embeddable":true,"href":"https:\/\/endormoonstore.com\/en\/wp-json\/wp\/v2\/product_tag?post=167005"}],"curies":[{"name":"wp","href":"https:\/\/api.w.org\/{rel}","templated":true}]}}