{"id":166932,"date":"2024-11-04T00:55:08","date_gmt":"2024-11-03T23:55:08","guid":{"rendered":"https:\/\/endormoonstore.com\/blade-honkai-star-rail-nendoroid\/"},"modified":"2024-11-14T16:44:47","modified_gmt":"2024-11-14T15:44:47","slug":"blade-honkai-star-rail-nendoroid","status":"publish","type":"product","link":"https:\/\/endormoonstore.com\/en\/blade-honkai-star-rail-nendoroid\/","title":{"rendered":"Blade Honkai: Star Rail Nendoroid"},"content":{"rendered":"<p><strong>Blade Honkai: Star Rail Nendoroid<\/strong><\/p>\n<ul>\n<li><em>&#8220;De cinco personas, tres deben pagar un precio&#8221;. <\/em>Del popular juego Honkai: Star Rail llega un Nendoroid de Blade. Este Nendoroid incluye 3 placas faciales: una cara inexpresiva, una sonrisa malvada y una cara pensativa.<\/li>\n<li>Blade tambi\u00e9n viene con partes y accesorios adicionales como son una espada de esquirlas, una hoja de efecto de habilidad, un tel\u00e9fono y otras partes con las que podr\u00e1s crear una variedad de poses con el personaje, incluida una hoja de efectos para recrear su memorable movimiento &#8220;Ultimate&#8221; del juego.<\/li>\n<li>\u00a1Aseg\u00farate de agregar este Nendoroid de Blade a tu colecci\u00f3n antes de que finalmente obtenga la muerte que ha estado esperando!<\/li>\n<\/ul>\n","protected":false},"excerpt":{"rendered":"<p><strong>Blade Honkai: Star Rail Nendoroid<\/strong><\/p>\n<p><em>&#8220;De cinco personas, tres deben pagar un precio&#8221;. <\/em>Del popular juego Honkai: Star Rail llega un Nendoroid de Blade. Este Nendoroid incluye 3 placas faciales: una cara inexpresiva, una sonrisa malvada y una cara pensativa.<\/p>\n<p>&nbsp;<\/p>\n","protected":false},"featured_media":166913,"template":"","meta":{"_acf_changed":false,"_kad_blocks_custom_css":"","_kad_blocks_head_custom_js":"","_kad_blocks_body_custom_js":"","_kad_blocks_footer_custom_js":""},"product_cat":[1384],"product_tag":[],"class_list":{"0":"post-166932","1":"product","2":"type-product","3":"status-publish","4":"has-post-thumbnail","6":"product_cat-pre-orders","7":"pa_brand-good-smile-company-en","8":"pa_character-blade-en","9":"pa_license-honkai-star-rail-en","10":"pa_product-type-figure","11":"pa_theme-nendoroid-en","13":"first","14":"instock","15":"taxable","16":"shipping-taxable","17":"purchasable","18":"product-type-simple"},"acf":[],"yoast_head":"<!-- This site is optimized with the Yoast SEO plugin v26.1.1 - https:\/\/yoast.com\/wordpress\/plugins\/seo\/ -->\n<title>Blade Honkai: Star Rail Nendoroid - EndormoonStore<\/title>\n<meta name=\"robots\" content=\"index, follow, max-snippet:-1, max-image-preview:large, max-video-preview:-1\" \/>\n<link rel=\"canonical\" href=\"https:\/\/endormoonstore.com\/en\/blade-honkai-star-rail-nendoroid\/\" \/>\n<meta property=\"og:locale\" content=\"en_US\" \/>\n<meta property=\"og:type\" content=\"article\" \/>\n<meta property=\"og:title\" content=\"Blade Honkai: Star Rail Nendoroid - EndormoonStore\" \/>\n<meta property=\"og:description\" content=\"Blade Honkai: Star Rail Nendoroid  &quot;De cinco personas, tres deben pagar un precio&quot;. Del popular juego Honkai: Star Rail llega un Nendoroid de Blade. Este Nendoroid incluye 3 placas faciales: una cara inexpresiva, una sonrisa malvada y una cara pensativa.  &nbsp;\" \/>\n<meta property=\"og:url\" content=\"https:\/\/endormoonstore.com\/en\/blade-honkai-star-rail-nendoroid\/\" \/>\n<meta property=\"og:site_name\" content=\"EndormoonStore\" \/>\n<meta property=\"article:modified_time\" content=\"2024-11-14T15:44:47+00:00\" \/>\n<meta property=\"og:image\" content=\"https:\/\/endormoonstore.com\/wp-content\/uploads\/2024\/11\/Blade-Honkai-Star-Rail-Nendoroid-1.jpg\" \/>\n\t<meta property=\"og:image:width\" content=\"900\" \/>\n\t<meta property=\"og:image:height\" content=\"750\" \/>\n\t<meta property=\"og:image:type\" content=\"image\/jpeg\" \/>\n<meta name=\"twitter:card\" content=\"summary_large_image\" \/>\n<meta name=\"twitter:label1\" content=\"Est. reading time\" \/>\n\t<meta name=\"twitter:data1\" content=\"1 minute\" \/>\n<script type=\"application\/ld+json\" class=\"yoast-schema-graph\">{\"@context\":\"https:\/\/schema.org\",\"@graph\":[{\"@type\":\"WebPage\",\"@id\":\"https:\/\/endormoonstore.com\/en\/blade-honkai-star-rail-nendoroid\/\",\"url\":\"https:\/\/endormoonstore.com\/en\/blade-honkai-star-rail-nendoroid\/\",\"name\":\"Blade Honkai: Star Rail Nendoroid - EndormoonStore\",\"isPartOf\":{\"@id\":\"https:\/\/endormoonstore.com\/#website\"},\"primaryImageOfPage\":{\"@id\":\"https:\/\/endormoonstore.com\/en\/blade-honkai-star-rail-nendoroid\/#primaryimage\"},\"image\":{\"@id\":\"https:\/\/endormoonstore.com\/en\/blade-honkai-star-rail-nendoroid\/#primaryimage\"},\"thumbnailUrl\":\"https:\/\/endormoonstore.com\/wp-content\/uploads\/2024\/11\/Blade-Honkai-Star-Rail-Nendoroid-1.jpg\",\"datePublished\":\"2024-11-03T23:55:08+00:00\",\"dateModified\":\"2024-11-14T15:44:47+00:00\",\"breadcrumb\":{\"@id\":\"https:\/\/endormoonstore.com\/en\/blade-honkai-star-rail-nendoroid\/#breadcrumb\"},\"inLanguage\":\"en-US\",\"potentialAction\":[{\"@type\":\"ReadAction\",\"target\":[\"https:\/\/endormoonstore.com\/en\/blade-honkai-star-rail-nendoroid\/\"]}]},{\"@type\":\"ImageObject\",\"inLanguage\":\"en-US\",\"@id\":\"https:\/\/endormoonstore.com\/en\/blade-honkai-star-rail-nendoroid\/#primaryimage\",\"url\":\"https:\/\/endormoonstore.com\/wp-content\/uploads\/2024\/11\/Blade-Honkai-Star-Rail-Nendoroid-1.jpg\",\"contentUrl\":\"https:\/\/endormoonstore.com\/wp-content\/uploads\/2024\/11\/Blade-Honkai-Star-Rail-Nendoroid-1.jpg\",\"width\":900,\"height\":750},{\"@type\":\"BreadcrumbList\",\"@id\":\"https:\/\/endormoonstore.com\/en\/blade-honkai-star-rail-nendoroid\/#breadcrumb\",\"itemListElement\":[{\"@type\":\"ListItem\",\"position\":1,\"name\":\"Shop\",\"item\":\"https:\/\/endormoonstore.com\/en\/shop\/\"},{\"@type\":\"ListItem\",\"position\":2,\"name\":\"Blade Honkai: Star Rail Nendoroid\"}]},{\"@type\":\"WebSite\",\"@id\":\"https:\/\/endormoonstore.com\/#website\",\"url\":\"https:\/\/endormoonstore.com\/\",\"name\":\"EndormoonStore\",\"description\":\"\",\"potentialAction\":[{\"@type\":\"SearchAction\",\"target\":{\"@type\":\"EntryPoint\",\"urlTemplate\":\"https:\/\/endormoonstore.com\/?s={search_term_string}\"},\"query-input\":{\"@type\":\"PropertyValueSpecification\",\"valueRequired\":true,\"valueName\":\"search_term_string\"}}],\"inLanguage\":\"en-US\"}]}<\/script>\n<!-- \/ Yoast SEO plugin. -->","yoast_head_json":{"title":"Blade Honkai: Star Rail Nendoroid - EndormoonStore","robots":{"index":"index","follow":"follow","max-snippet":"max-snippet:-1","max-image-preview":"max-image-preview:large","max-video-preview":"max-video-preview:-1"},"canonical":"https:\/\/endormoonstore.com\/en\/blade-honkai-star-rail-nendoroid\/","og_locale":"en_US","og_type":"article","og_title":"Blade Honkai: Star Rail Nendoroid - EndormoonStore","og_description":"Blade Honkai: Star Rail Nendoroid  \"De cinco personas, tres deben pagar un precio\". Del popular juego Honkai: Star Rail llega un Nendoroid de Blade. Este Nendoroid incluye 3 placas faciales: una cara inexpresiva, una sonrisa malvada y una cara pensativa.  &nbsp;","og_url":"https:\/\/endormoonstore.com\/en\/blade-honkai-star-rail-nendoroid\/","og_site_name":"EndormoonStore","article_modified_time":"2024-11-14T15:44:47+00:00","og_image":[{"width":900,"height":750,"url":"https:\/\/endormoonstore.com\/wp-content\/uploads\/2024\/11\/Blade-Honkai-Star-Rail-Nendoroid-1.jpg","type":"image\/jpeg"}],"twitter_card":"summary_large_image","twitter_misc":{"Est. reading time":"1 minute"},"schema":{"@context":"https:\/\/schema.org","@graph":[{"@type":"WebPage","@id":"https:\/\/endormoonstore.com\/en\/blade-honkai-star-rail-nendoroid\/","url":"https:\/\/endormoonstore.com\/en\/blade-honkai-star-rail-nendoroid\/","name":"Blade Honkai: Star Rail Nendoroid - EndormoonStore","isPartOf":{"@id":"https:\/\/endormoonstore.com\/#website"},"primaryImageOfPage":{"@id":"https:\/\/endormoonstore.com\/en\/blade-honkai-star-rail-nendoroid\/#primaryimage"},"image":{"@id":"https:\/\/endormoonstore.com\/en\/blade-honkai-star-rail-nendoroid\/#primaryimage"},"thumbnailUrl":"https:\/\/endormoonstore.com\/wp-content\/uploads\/2024\/11\/Blade-Honkai-Star-Rail-Nendoroid-1.jpg","datePublished":"2024-11-03T23:55:08+00:00","dateModified":"2024-11-14T15:44:47+00:00","breadcrumb":{"@id":"https:\/\/endormoonstore.com\/en\/blade-honkai-star-rail-nendoroid\/#breadcrumb"},"inLanguage":"en-US","potentialAction":[{"@type":"ReadAction","target":["https:\/\/endormoonstore.com\/en\/blade-honkai-star-rail-nendoroid\/"]}]},{"@type":"ImageObject","inLanguage":"en-US","@id":"https:\/\/endormoonstore.com\/en\/blade-honkai-star-rail-nendoroid\/#primaryimage","url":"https:\/\/endormoonstore.com\/wp-content\/uploads\/2024\/11\/Blade-Honkai-Star-Rail-Nendoroid-1.jpg","contentUrl":"https:\/\/endormoonstore.com\/wp-content\/uploads\/2024\/11\/Blade-Honkai-Star-Rail-Nendoroid-1.jpg","width":900,"height":750},{"@type":"BreadcrumbList","@id":"https:\/\/endormoonstore.com\/en\/blade-honkai-star-rail-nendoroid\/#breadcrumb","itemListElement":[{"@type":"ListItem","position":1,"name":"Shop","item":"https:\/\/endormoonstore.com\/en\/shop\/"},{"@type":"ListItem","position":2,"name":"Blade Honkai: Star Rail Nendoroid"}]},{"@type":"WebSite","@id":"https:\/\/endormoonstore.com\/#website","url":"https:\/\/endormoonstore.com\/","name":"EndormoonStore","description":"","potentialAction":[{"@type":"SearchAction","target":{"@type":"EntryPoint","urlTemplate":"https:\/\/endormoonstore.com\/?s={search_term_string}"},"query-input":{"@type":"PropertyValueSpecification","valueRequired":true,"valueName":"search_term_string"}}],"inLanguage":"en-US"}]}},"taxonomy_info":{"product_cat":[{"value":1384,"label":"Pre-orders"}],"pa_brand":[{"value":2081,"label":"Good Smile Company"}],"pa_character":[{"value":15005,"label":"Blade"}],"pa_license":[{"value":15007,"label":"Honkai: Star Rail"}],"pa_product-type":[{"value":2387,"label":"Figure"}],"pa_theme":[{"value":1861,"label":"Nendoroid"}]},"featured_image_src_large":["https:\/\/endormoonstore.com\/wp-content\/uploads\/2024\/11\/Blade-Honkai-Star-Rail-Nendoroid-1.jpg",900,750,false],"author_info":[],"comment_info":"","_links":{"self":[{"href":"https:\/\/endormoonstore.com\/en\/wp-json\/wp\/v2\/product\/166932","targetHints":{"allow":["GET"]}}],"collection":[{"href":"https:\/\/endormoonstore.com\/en\/wp-json\/wp\/v2\/product"}],"about":[{"href":"https:\/\/endormoonstore.com\/en\/wp-json\/wp\/v2\/types\/product"}],"wp:featuredmedia":[{"embeddable":true,"href":"https:\/\/endormoonstore.com\/en\/wp-json\/wp\/v2\/media\/166913"}],"wp:attachment":[{"href":"https:\/\/endormoonstore.com\/en\/wp-json\/wp\/v2\/media?parent=166932"}],"wp:term":[{"taxonomy":"product_cat","embeddable":true,"href":"https:\/\/endormoonstore.com\/en\/wp-json\/wp\/v2\/product_cat?post=166932"},{"taxonomy":"product_tag","embeddable":true,"href":"https:\/\/endormoonstore.com\/en\/wp-json\/wp\/v2\/product_tag?post=166932"}],"curies":[{"name":"wp","href":"https:\/\/api.w.org\/{rel}","templated":true}]}}