{"id":166910,"date":"2024-11-04T00:50:52","date_gmt":"2024-11-03T23:50:52","guid":{"rendered":"https:\/\/endormoonstore.com\/al-azif-demonbane-pop-up-parade-sp\/"},"modified":"2024-11-14T16:20:09","modified_gmt":"2024-11-14T15:20:09","slug":"al-azif-demonbane-pop-up-parade-sp","status":"publish","type":"product","link":"https:\/\/endormoonstore.com\/en\/al-azif-demonbane-pop-up-parade-sp\/","title":{"rendered":"Al Azif Demonbane Pop Up Parade SP"},"content":{"rendered":"<p><strong>Al Azif Demonbane Pop Up Parade SP<\/strong><\/p>\n<ul>\n<li>De la serie de anime Demonbane llega la figura Pop Up Parade SP Al Azif de Good Smile Company. Esta figura mide unos de 22 cm de alto y muestra a Al Azif con su memorable atuendo del juego en una pose popular.<\/li>\n<li>Pop Up Parade SP es una rama de las figuras Pop Up Parade que trasciende los l\u00edmites de la l\u00ednea Pop Up Parade regular con sorpresas especiales. La figura es realmente especial, con su impresionante tama\u00f1o y textura.<\/li>\n<li>\u00a1Aseg\u00farate de agregar esta figura a tu colecci\u00f3n!<\/li>\n<\/ul>\n","protected":false},"excerpt":{"rendered":"<p><strong>Al Azif Demonbane Pop Up Parade SP<\/strong><\/p>\n<p>De la serie de anime Demonbane llega la figura Pop Up Parade SP Al Azif de Good Smile Company. Esta figura mide unos de 22 cm de alto y muestra a Al Azif con su memorable atuendo del juego en una pose popular.<\/p>\n","protected":false},"featured_media":166896,"template":"","meta":{"_acf_changed":false,"_kad_blocks_custom_css":"","_kad_blocks_head_custom_js":"","_kad_blocks_body_custom_js":"","_kad_blocks_footer_custom_js":""},"product_cat":[1384],"product_tag":[],"class_list":{"0":"post-166910","1":"product","2":"type-product","3":"status-publish","4":"has-post-thumbnail","6":"product_cat-pre-orders","7":"pa_brand-good-smile-company-en","8":"pa_character-al-azif-en","9":"pa_license-demonbane-en","10":"pa_product-type-figure","11":"pa_theme-pop-up-parade-sp-en","13":"first","14":"instock","15":"taxable","16":"shipping-taxable","17":"purchasable","18":"product-type-simple"},"acf":[],"yoast_head":"<!-- This site is optimized with the Yoast SEO plugin v26.1.1 - https:\/\/yoast.com\/wordpress\/plugins\/seo\/ -->\n<title>Al Azif Demonbane Pop Up Parade SP - EndormoonStore<\/title>\n<meta name=\"robots\" content=\"index, follow, max-snippet:-1, max-image-preview:large, max-video-preview:-1\" \/>\n<link rel=\"canonical\" href=\"https:\/\/endormoonstore.com\/en\/al-azif-demonbane-pop-up-parade-sp\/\" \/>\n<meta property=\"og:locale\" content=\"en_US\" \/>\n<meta property=\"og:type\" content=\"article\" \/>\n<meta property=\"og:title\" content=\"Al Azif Demonbane Pop Up Parade SP - EndormoonStore\" \/>\n<meta property=\"og:description\" content=\"Al Azif Demonbane Pop Up Parade SP  De la serie de anime Demonbane llega la figura Pop Up Parade SP Al Azif de Good Smile Company. Esta figura mide unos de 22 cm de alto y muestra a Al Azif con su memorable atuendo del juego en una pose popular.\" \/>\n<meta property=\"og:url\" content=\"https:\/\/endormoonstore.com\/en\/al-azif-demonbane-pop-up-parade-sp\/\" \/>\n<meta property=\"og:site_name\" content=\"EndormoonStore\" \/>\n<meta property=\"article:modified_time\" content=\"2024-11-14T15:20:09+00:00\" \/>\n<meta property=\"og:image\" content=\"https:\/\/endormoonstore.com\/wp-content\/uploads\/2024\/11\/Al-Azif-Demonbane-Pop-Up-Parade-SP-1.jpg\" \/>\n\t<meta property=\"og:image:width\" content=\"714\" \/>\n\t<meta property=\"og:image:height\" content=\"1000\" \/>\n\t<meta property=\"og:image:type\" content=\"image\/jpeg\" \/>\n<meta name=\"twitter:card\" content=\"summary_large_image\" \/>\n<meta name=\"twitter:label1\" content=\"Est. reading time\" \/>\n\t<meta name=\"twitter:data1\" content=\"1 minute\" \/>\n<script type=\"application\/ld+json\" class=\"yoast-schema-graph\">{\"@context\":\"https:\/\/schema.org\",\"@graph\":[{\"@type\":\"WebPage\",\"@id\":\"https:\/\/endormoonstore.com\/en\/al-azif-demonbane-pop-up-parade-sp\/\",\"url\":\"https:\/\/endormoonstore.com\/en\/al-azif-demonbane-pop-up-parade-sp\/\",\"name\":\"Al Azif Demonbane Pop Up Parade SP - EndormoonStore\",\"isPartOf\":{\"@id\":\"https:\/\/endormoonstore.com\/#website\"},\"primaryImageOfPage\":{\"@id\":\"https:\/\/endormoonstore.com\/en\/al-azif-demonbane-pop-up-parade-sp\/#primaryimage\"},\"image\":{\"@id\":\"https:\/\/endormoonstore.com\/en\/al-azif-demonbane-pop-up-parade-sp\/#primaryimage\"},\"thumbnailUrl\":\"https:\/\/endormoonstore.com\/wp-content\/uploads\/2024\/11\/Al-Azif-Demonbane-Pop-Up-Parade-SP-1.jpg\",\"datePublished\":\"2024-11-03T23:50:52+00:00\",\"dateModified\":\"2024-11-14T15:20:09+00:00\",\"breadcrumb\":{\"@id\":\"https:\/\/endormoonstore.com\/en\/al-azif-demonbane-pop-up-parade-sp\/#breadcrumb\"},\"inLanguage\":\"en-US\",\"potentialAction\":[{\"@type\":\"ReadAction\",\"target\":[\"https:\/\/endormoonstore.com\/en\/al-azif-demonbane-pop-up-parade-sp\/\"]}]},{\"@type\":\"ImageObject\",\"inLanguage\":\"en-US\",\"@id\":\"https:\/\/endormoonstore.com\/en\/al-azif-demonbane-pop-up-parade-sp\/#primaryimage\",\"url\":\"https:\/\/endormoonstore.com\/wp-content\/uploads\/2024\/11\/Al-Azif-Demonbane-Pop-Up-Parade-SP-1.jpg\",\"contentUrl\":\"https:\/\/endormoonstore.com\/wp-content\/uploads\/2024\/11\/Al-Azif-Demonbane-Pop-Up-Parade-SP-1.jpg\",\"width\":714,\"height\":1000},{\"@type\":\"BreadcrumbList\",\"@id\":\"https:\/\/endormoonstore.com\/en\/al-azif-demonbane-pop-up-parade-sp\/#breadcrumb\",\"itemListElement\":[{\"@type\":\"ListItem\",\"position\":1,\"name\":\"Shop\",\"item\":\"https:\/\/endormoonstore.com\/en\/shop\/\"},{\"@type\":\"ListItem\",\"position\":2,\"name\":\"Al Azif Demonbane Pop Up Parade SP\"}]},{\"@type\":\"WebSite\",\"@id\":\"https:\/\/endormoonstore.com\/#website\",\"url\":\"https:\/\/endormoonstore.com\/\",\"name\":\"EndormoonStore\",\"description\":\"\",\"potentialAction\":[{\"@type\":\"SearchAction\",\"target\":{\"@type\":\"EntryPoint\",\"urlTemplate\":\"https:\/\/endormoonstore.com\/?s={search_term_string}\"},\"query-input\":{\"@type\":\"PropertyValueSpecification\",\"valueRequired\":true,\"valueName\":\"search_term_string\"}}],\"inLanguage\":\"en-US\"}]}<\/script>\n<!-- \/ Yoast SEO plugin. -->","yoast_head_json":{"title":"Al Azif Demonbane Pop Up Parade SP - EndormoonStore","robots":{"index":"index","follow":"follow","max-snippet":"max-snippet:-1","max-image-preview":"max-image-preview:large","max-video-preview":"max-video-preview:-1"},"canonical":"https:\/\/endormoonstore.com\/en\/al-azif-demonbane-pop-up-parade-sp\/","og_locale":"en_US","og_type":"article","og_title":"Al Azif Demonbane Pop Up Parade SP - EndormoonStore","og_description":"Al Azif Demonbane Pop Up Parade SP  De la serie de anime Demonbane llega la figura Pop Up Parade SP Al Azif de Good Smile Company. Esta figura mide unos de 22 cm de alto y muestra a Al Azif con su memorable atuendo del juego en una pose popular.","og_url":"https:\/\/endormoonstore.com\/en\/al-azif-demonbane-pop-up-parade-sp\/","og_site_name":"EndormoonStore","article_modified_time":"2024-11-14T15:20:09+00:00","og_image":[{"width":714,"height":1000,"url":"https:\/\/endormoonstore.com\/wp-content\/uploads\/2024\/11\/Al-Azif-Demonbane-Pop-Up-Parade-SP-1.jpg","type":"image\/jpeg"}],"twitter_card":"summary_large_image","twitter_misc":{"Est. reading time":"1 minute"},"schema":{"@context":"https:\/\/schema.org","@graph":[{"@type":"WebPage","@id":"https:\/\/endormoonstore.com\/en\/al-azif-demonbane-pop-up-parade-sp\/","url":"https:\/\/endormoonstore.com\/en\/al-azif-demonbane-pop-up-parade-sp\/","name":"Al Azif Demonbane Pop Up Parade SP - EndormoonStore","isPartOf":{"@id":"https:\/\/endormoonstore.com\/#website"},"primaryImageOfPage":{"@id":"https:\/\/endormoonstore.com\/en\/al-azif-demonbane-pop-up-parade-sp\/#primaryimage"},"image":{"@id":"https:\/\/endormoonstore.com\/en\/al-azif-demonbane-pop-up-parade-sp\/#primaryimage"},"thumbnailUrl":"https:\/\/endormoonstore.com\/wp-content\/uploads\/2024\/11\/Al-Azif-Demonbane-Pop-Up-Parade-SP-1.jpg","datePublished":"2024-11-03T23:50:52+00:00","dateModified":"2024-11-14T15:20:09+00:00","breadcrumb":{"@id":"https:\/\/endormoonstore.com\/en\/al-azif-demonbane-pop-up-parade-sp\/#breadcrumb"},"inLanguage":"en-US","potentialAction":[{"@type":"ReadAction","target":["https:\/\/endormoonstore.com\/en\/al-azif-demonbane-pop-up-parade-sp\/"]}]},{"@type":"ImageObject","inLanguage":"en-US","@id":"https:\/\/endormoonstore.com\/en\/al-azif-demonbane-pop-up-parade-sp\/#primaryimage","url":"https:\/\/endormoonstore.com\/wp-content\/uploads\/2024\/11\/Al-Azif-Demonbane-Pop-Up-Parade-SP-1.jpg","contentUrl":"https:\/\/endormoonstore.com\/wp-content\/uploads\/2024\/11\/Al-Azif-Demonbane-Pop-Up-Parade-SP-1.jpg","width":714,"height":1000},{"@type":"BreadcrumbList","@id":"https:\/\/endormoonstore.com\/en\/al-azif-demonbane-pop-up-parade-sp\/#breadcrumb","itemListElement":[{"@type":"ListItem","position":1,"name":"Shop","item":"https:\/\/endormoonstore.com\/en\/shop\/"},{"@type":"ListItem","position":2,"name":"Al Azif Demonbane Pop Up Parade SP"}]},{"@type":"WebSite","@id":"https:\/\/endormoonstore.com\/#website","url":"https:\/\/endormoonstore.com\/","name":"EndormoonStore","description":"","potentialAction":[{"@type":"SearchAction","target":{"@type":"EntryPoint","urlTemplate":"https:\/\/endormoonstore.com\/?s={search_term_string}"},"query-input":{"@type":"PropertyValueSpecification","valueRequired":true,"valueName":"search_term_string"}}],"inLanguage":"en-US"}]}},"taxonomy_info":{"product_cat":[{"value":1384,"label":"Pre-orders"}],"pa_brand":[{"value":2081,"label":"Good Smile Company"}],"pa_character":[{"value":15001,"label":"Al Azif"}],"pa_license":[{"value":15003,"label":"Demonbane"}],"pa_product-type":[{"value":2387,"label":"Figure"}],"pa_theme":[{"value":14999,"label":"Pop Up parade SP"}]},"featured_image_src_large":["https:\/\/endormoonstore.com\/wp-content\/uploads\/2024\/11\/Al-Azif-Demonbane-Pop-Up-Parade-SP-1.jpg",714,1000,false],"author_info":[],"comment_info":"","_links":{"self":[{"href":"https:\/\/endormoonstore.com\/en\/wp-json\/wp\/v2\/product\/166910","targetHints":{"allow":["GET"]}}],"collection":[{"href":"https:\/\/endormoonstore.com\/en\/wp-json\/wp\/v2\/product"}],"about":[{"href":"https:\/\/endormoonstore.com\/en\/wp-json\/wp\/v2\/types\/product"}],"wp:featuredmedia":[{"embeddable":true,"href":"https:\/\/endormoonstore.com\/en\/wp-json\/wp\/v2\/media\/166896"}],"wp:attachment":[{"href":"https:\/\/endormoonstore.com\/en\/wp-json\/wp\/v2\/media?parent=166910"}],"wp:term":[{"taxonomy":"product_cat","embeddable":true,"href":"https:\/\/endormoonstore.com\/en\/wp-json\/wp\/v2\/product_cat?post=166910"},{"taxonomy":"product_tag","embeddable":true,"href":"https:\/\/endormoonstore.com\/en\/wp-json\/wp\/v2\/product_tag?post=166910"}],"curies":[{"name":"wp","href":"https:\/\/api.w.org\/{rel}","templated":true}]}}