{"id":166821,"date":"2024-10-29T02:15:42","date_gmt":"2024-10-29T01:15:42","guid":{"rendered":"https:\/\/endormoonstore.com\/rem-phantom-night-wizard-ver-rezero-starting-life-in-another-world\/"},"modified":"2024-11-13T13:23:41","modified_gmt":"2024-11-13T12:23:41","slug":"rem-phantom-night-wizard-ver-rezero-starting-life-in-another-world","status":"publish","type":"product","link":"https:\/\/endormoonstore.com\/en\/rem-phantom-night-wizard-ver-rezero-starting-life-in-another-world\/","title":{"rendered":"Rem Phantom Night Wizard Ver. Re:Zero Starting Life in Another World"},"content":{"rendered":"<p><strong>Rem Phantom Night Wizard Ver. Re:Zero Starting Life in Another World<\/strong><\/p>\n<ul>\n<li>Kadokawa presenta la estatua de Rem Phantom Night Wizard Version. Mide 17 cm. a escala 1\/7 y presenta al personaje de &#8220;Re: Zero -Starting Life in Another World-&#8221; vestida con un traje de maga sentada sobre una calabaza de Halloween.<\/li>\n<li>Rem est\u00e1 vestida con un adorable atuendo de estilo m\u00e1gico que probablemente le permitir\u00eda salirse con la suya incluso despu\u00e9s de hacer travesuras. La textura de su ajustado traje acent\u00faa hermosa y elegantemente su f\u00edsico, y los accesorios, como los guantes y las botas, han sido elaborados con detalles precisos.<\/li>\n<li>Puedes exponerla junto a Ram Phantom Night Wizard Version (se vende por separado).<\/li>\n<\/ul>\n","protected":false},"excerpt":{"rendered":"<p><strong>Rem Phantom Night Wizard Ver. Re:Zero Starting Life in Another World<\/strong><\/p>\n<p>Kadokawa presenta la estatua de Rem Phantom Night Wizard Version. Mide 17 cm. a escala 1\/7 y presenta al personaje de &#8220;Re: Zero -Starting Life in Another World-&#8221; vestida con un traje de maga sentada sobre una calabaza de Halloween.<\/p>\n","protected":false},"featured_media":166794,"template":"","meta":{"_acf_changed":false,"_kad_blocks_custom_css":"","_kad_blocks_head_custom_js":"","_kad_blocks_body_custom_js":"","_kad_blocks_footer_custom_js":""},"product_cat":[1384],"product_tag":[],"class_list":{"0":"post-166821","1":"product","2":"type-product","3":"status-publish","4":"has-post-thumbnail","6":"product_cat-pre-orders","7":"pa_brand-kadokawa-en","8":"pa_character-rem-en","9":"pa_license-rezero-starting-life-in-another-world-en","10":"pa_product-type-figure","11":"pa_theme-kdcolle-en","13":"first","14":"instock","15":"taxable","16":"shipping-taxable","17":"purchasable","18":"product-type-simple"},"acf":[],"yoast_head":"<!-- This site is optimized with the Yoast SEO plugin v26.1.1 - https:\/\/yoast.com\/wordpress\/plugins\/seo\/ -->\n<title>Rem Phantom Night Wizard Ver. Re:Zero Starting Life in Another World - EndormoonStore<\/title>\n<meta name=\"robots\" content=\"index, follow, max-snippet:-1, max-image-preview:large, max-video-preview:-1\" \/>\n<link rel=\"canonical\" href=\"https:\/\/endormoonstore.com\/en\/rem-phantom-night-wizard-ver-rezero-starting-life-in-another-world\/\" \/>\n<meta property=\"og:locale\" content=\"en_US\" \/>\n<meta property=\"og:type\" content=\"article\" \/>\n<meta property=\"og:title\" content=\"Rem Phantom Night Wizard Ver. Re:Zero Starting Life in Another World - EndormoonStore\" \/>\n<meta property=\"og:description\" content=\"Rem Phantom Night Wizard Ver. Re:Zero Starting Life in Another World  Kadokawa presenta la estatua de Rem Phantom Night Wizard Version. Mide 17 cm. a escala 1\/7 y presenta al personaje de &quot;Re: Zero -Starting Life in Another World-&quot; vestida con un traje de maga sentada sobre una calabaza de Halloween.\" \/>\n<meta property=\"og:url\" content=\"https:\/\/endormoonstore.com\/en\/rem-phantom-night-wizard-ver-rezero-starting-life-in-another-world\/\" \/>\n<meta property=\"og:site_name\" content=\"EndormoonStore\" \/>\n<meta property=\"article:modified_time\" content=\"2024-11-13T12:23:41+00:00\" \/>\n<meta property=\"og:image\" content=\"https:\/\/endormoonstore.com\/wp-content\/uploads\/2024\/11\/Rem-Phantom-Night-Wizard-Ver.-Re-Zero-Starting-Life-in-Another-World-1.jpg\" \/>\n\t<meta property=\"og:image:width\" content=\"750\" \/>\n\t<meta property=\"og:image:height\" content=\"900\" \/>\n\t<meta property=\"og:image:type\" content=\"image\/jpeg\" \/>\n<meta name=\"twitter:card\" content=\"summary_large_image\" \/>\n<meta name=\"twitter:label1\" content=\"Est. reading time\" \/>\n\t<meta name=\"twitter:data1\" content=\"1 minute\" \/>\n<script type=\"application\/ld+json\" class=\"yoast-schema-graph\">{\"@context\":\"https:\/\/schema.org\",\"@graph\":[{\"@type\":\"WebPage\",\"@id\":\"https:\/\/endormoonstore.com\/en\/rem-phantom-night-wizard-ver-rezero-starting-life-in-another-world\/\",\"url\":\"https:\/\/endormoonstore.com\/en\/rem-phantom-night-wizard-ver-rezero-starting-life-in-another-world\/\",\"name\":\"Rem Phantom Night Wizard Ver. Re:Zero Starting Life in Another World - EndormoonStore\",\"isPartOf\":{\"@id\":\"https:\/\/endormoonstore.com\/#website\"},\"primaryImageOfPage\":{\"@id\":\"https:\/\/endormoonstore.com\/en\/rem-phantom-night-wizard-ver-rezero-starting-life-in-another-world\/#primaryimage\"},\"image\":{\"@id\":\"https:\/\/endormoonstore.com\/en\/rem-phantom-night-wizard-ver-rezero-starting-life-in-another-world\/#primaryimage\"},\"thumbnailUrl\":\"https:\/\/endormoonstore.com\/wp-content\/uploads\/2024\/11\/Rem-Phantom-Night-Wizard-Ver.-Re-Zero-Starting-Life-in-Another-World-1.jpg\",\"datePublished\":\"2024-10-29T01:15:42+00:00\",\"dateModified\":\"2024-11-13T12:23:41+00:00\",\"breadcrumb\":{\"@id\":\"https:\/\/endormoonstore.com\/en\/rem-phantom-night-wizard-ver-rezero-starting-life-in-another-world\/#breadcrumb\"},\"inLanguage\":\"en-US\",\"potentialAction\":[{\"@type\":\"ReadAction\",\"target\":[\"https:\/\/endormoonstore.com\/en\/rem-phantom-night-wizard-ver-rezero-starting-life-in-another-world\/\"]}]},{\"@type\":\"ImageObject\",\"inLanguage\":\"en-US\",\"@id\":\"https:\/\/endormoonstore.com\/en\/rem-phantom-night-wizard-ver-rezero-starting-life-in-another-world\/#primaryimage\",\"url\":\"https:\/\/endormoonstore.com\/wp-content\/uploads\/2024\/11\/Rem-Phantom-Night-Wizard-Ver.-Re-Zero-Starting-Life-in-Another-World-1.jpg\",\"contentUrl\":\"https:\/\/endormoonstore.com\/wp-content\/uploads\/2024\/11\/Rem-Phantom-Night-Wizard-Ver.-Re-Zero-Starting-Life-in-Another-World-1.jpg\",\"width\":750,\"height\":900},{\"@type\":\"BreadcrumbList\",\"@id\":\"https:\/\/endormoonstore.com\/en\/rem-phantom-night-wizard-ver-rezero-starting-life-in-another-world\/#breadcrumb\",\"itemListElement\":[{\"@type\":\"ListItem\",\"position\":1,\"name\":\"Shop\",\"item\":\"https:\/\/endormoonstore.com\/en\/shop\/\"},{\"@type\":\"ListItem\",\"position\":2,\"name\":\"Rem Phantom Night Wizard Ver. Re:Zero Starting Life in Another World\"}]},{\"@type\":\"WebSite\",\"@id\":\"https:\/\/endormoonstore.com\/#website\",\"url\":\"https:\/\/endormoonstore.com\/\",\"name\":\"EndormoonStore\",\"description\":\"\",\"potentialAction\":[{\"@type\":\"SearchAction\",\"target\":{\"@type\":\"EntryPoint\",\"urlTemplate\":\"https:\/\/endormoonstore.com\/?s={search_term_string}\"},\"query-input\":{\"@type\":\"PropertyValueSpecification\",\"valueRequired\":true,\"valueName\":\"search_term_string\"}}],\"inLanguage\":\"en-US\"}]}<\/script>\n<!-- \/ Yoast SEO plugin. -->","yoast_head_json":{"title":"Rem Phantom Night Wizard Ver. Re:Zero Starting Life in Another World - EndormoonStore","robots":{"index":"index","follow":"follow","max-snippet":"max-snippet:-1","max-image-preview":"max-image-preview:large","max-video-preview":"max-video-preview:-1"},"canonical":"https:\/\/endormoonstore.com\/en\/rem-phantom-night-wizard-ver-rezero-starting-life-in-another-world\/","og_locale":"en_US","og_type":"article","og_title":"Rem Phantom Night Wizard Ver. Re:Zero Starting Life in Another World - EndormoonStore","og_description":"Rem Phantom Night Wizard Ver. Re:Zero Starting Life in Another World  Kadokawa presenta la estatua de Rem Phantom Night Wizard Version. Mide 17 cm. a escala 1\/7 y presenta al personaje de \"Re: Zero -Starting Life in Another World-\" vestida con un traje de maga sentada sobre una calabaza de Halloween.","og_url":"https:\/\/endormoonstore.com\/en\/rem-phantom-night-wizard-ver-rezero-starting-life-in-another-world\/","og_site_name":"EndormoonStore","article_modified_time":"2024-11-13T12:23:41+00:00","og_image":[{"width":750,"height":900,"url":"https:\/\/endormoonstore.com\/wp-content\/uploads\/2024\/11\/Rem-Phantom-Night-Wizard-Ver.-Re-Zero-Starting-Life-in-Another-World-1.jpg","type":"image\/jpeg"}],"twitter_card":"summary_large_image","twitter_misc":{"Est. reading time":"1 minute"},"schema":{"@context":"https:\/\/schema.org","@graph":[{"@type":"WebPage","@id":"https:\/\/endormoonstore.com\/en\/rem-phantom-night-wizard-ver-rezero-starting-life-in-another-world\/","url":"https:\/\/endormoonstore.com\/en\/rem-phantom-night-wizard-ver-rezero-starting-life-in-another-world\/","name":"Rem Phantom Night Wizard Ver. Re:Zero Starting Life in Another World - EndormoonStore","isPartOf":{"@id":"https:\/\/endormoonstore.com\/#website"},"primaryImageOfPage":{"@id":"https:\/\/endormoonstore.com\/en\/rem-phantom-night-wizard-ver-rezero-starting-life-in-another-world\/#primaryimage"},"image":{"@id":"https:\/\/endormoonstore.com\/en\/rem-phantom-night-wizard-ver-rezero-starting-life-in-another-world\/#primaryimage"},"thumbnailUrl":"https:\/\/endormoonstore.com\/wp-content\/uploads\/2024\/11\/Rem-Phantom-Night-Wizard-Ver.-Re-Zero-Starting-Life-in-Another-World-1.jpg","datePublished":"2024-10-29T01:15:42+00:00","dateModified":"2024-11-13T12:23:41+00:00","breadcrumb":{"@id":"https:\/\/endormoonstore.com\/en\/rem-phantom-night-wizard-ver-rezero-starting-life-in-another-world\/#breadcrumb"},"inLanguage":"en-US","potentialAction":[{"@type":"ReadAction","target":["https:\/\/endormoonstore.com\/en\/rem-phantom-night-wizard-ver-rezero-starting-life-in-another-world\/"]}]},{"@type":"ImageObject","inLanguage":"en-US","@id":"https:\/\/endormoonstore.com\/en\/rem-phantom-night-wizard-ver-rezero-starting-life-in-another-world\/#primaryimage","url":"https:\/\/endormoonstore.com\/wp-content\/uploads\/2024\/11\/Rem-Phantom-Night-Wizard-Ver.-Re-Zero-Starting-Life-in-Another-World-1.jpg","contentUrl":"https:\/\/endormoonstore.com\/wp-content\/uploads\/2024\/11\/Rem-Phantom-Night-Wizard-Ver.-Re-Zero-Starting-Life-in-Another-World-1.jpg","width":750,"height":900},{"@type":"BreadcrumbList","@id":"https:\/\/endormoonstore.com\/en\/rem-phantom-night-wizard-ver-rezero-starting-life-in-another-world\/#breadcrumb","itemListElement":[{"@type":"ListItem","position":1,"name":"Shop","item":"https:\/\/endormoonstore.com\/en\/shop\/"},{"@type":"ListItem","position":2,"name":"Rem Phantom Night Wizard Ver. Re:Zero Starting Life in Another World"}]},{"@type":"WebSite","@id":"https:\/\/endormoonstore.com\/#website","url":"https:\/\/endormoonstore.com\/","name":"EndormoonStore","description":"","potentialAction":[{"@type":"SearchAction","target":{"@type":"EntryPoint","urlTemplate":"https:\/\/endormoonstore.com\/?s={search_term_string}"},"query-input":{"@type":"PropertyValueSpecification","valueRequired":true,"valueName":"search_term_string"}}],"inLanguage":"en-US"}]}},"taxonomy_info":{"product_cat":[{"value":1384,"label":"Pre-orders"}],"pa_brand":[{"value":14991,"label":"Kadokawa"}],"pa_character":[{"value":14905,"label":"Rem"}],"pa_license":[{"value":10419,"label":"Re:Zero Starting Life in Another World"}],"pa_product-type":[{"value":2387,"label":"Figure"}],"pa_theme":[{"value":14993,"label":"KDcolle"}]},"featured_image_src_large":["https:\/\/endormoonstore.com\/wp-content\/uploads\/2024\/11\/Rem-Phantom-Night-Wizard-Ver.-Re-Zero-Starting-Life-in-Another-World-1.jpg",750,900,false],"author_info":[],"comment_info":"","_links":{"self":[{"href":"https:\/\/endormoonstore.com\/en\/wp-json\/wp\/v2\/product\/166821","targetHints":{"allow":["GET"]}}],"collection":[{"href":"https:\/\/endormoonstore.com\/en\/wp-json\/wp\/v2\/product"}],"about":[{"href":"https:\/\/endormoonstore.com\/en\/wp-json\/wp\/v2\/types\/product"}],"wp:featuredmedia":[{"embeddable":true,"href":"https:\/\/endormoonstore.com\/en\/wp-json\/wp\/v2\/media\/166794"}],"wp:attachment":[{"href":"https:\/\/endormoonstore.com\/en\/wp-json\/wp\/v2\/media?parent=166821"}],"wp:term":[{"taxonomy":"product_cat","embeddable":true,"href":"https:\/\/endormoonstore.com\/en\/wp-json\/wp\/v2\/product_cat?post=166821"},{"taxonomy":"product_tag","embeddable":true,"href":"https:\/\/endormoonstore.com\/en\/wp-json\/wp\/v2\/product_tag?post=166821"}],"curies":[{"name":"wp","href":"https:\/\/api.w.org\/{rel}","templated":true}]}}