{"id":166737,"date":"2024-10-29T02:00:18","date_gmt":"2024-10-29T01:00:18","guid":{"rendered":"https:\/\/endormoonstore.com\/megumin-light-novel-idol-ver-konosuba-an-explosion-on-this-wonderful-world\/"},"modified":"2024-11-12T23:02:06","modified_gmt":"2024-11-12T22:02:06","slug":"megumin-light-novel-idol-ver-konosuba-an-explosion-on-this-wonderful-world","status":"publish","type":"product","link":"https:\/\/endormoonstore.com\/en\/megumin-light-novel-idol-ver-konosuba-an-explosion-on-this-wonderful-world\/","title":{"rendered":"Megumin Light Novel Idol Ver. Konosuba: An Explosion on This Wonderful World!"},"content":{"rendered":"<p><strong>Megumin Light Novel Idol Ver. Konosuba: An Explosion on This Wonderful World!<\/strong><\/p>\n<ul>\n<li>Kadokawa presenta la figura de Megumin Light Novel Idol Version, la archimaga de &#8220;Konosuba: An Explosion on This Wonderful World!&#8221;.<\/li>\n<li>Mide 16 cm y est\u00e1 basada en su aspecto en una ilustraci\u00f3n de Kurone Mishima que se dibuj\u00f3 para conmemorar el 35.\u00ba aniversario de Kadokawa Sneaker Bunko.<\/li>\n<li>El color de la figura de Megumin es rojo, lo que nos recuerda la imagen de la magia explosiva. \u00a1Su pose definida y sus pasos ligeros combinan perfectamente con su imagen en\u00e9rgica! Aunque es peque\u00f1a, el modelado y el color est\u00e1n a la altura de una figura a escala 1\/7. Est\u00e1 llena del encanto de Megumin<\/li>\n<li>Disfruta de esta Megumin de alta calidad en un tama\u00f1o que es f\u00e1cil de exhibir.<\/li>\n<li>Nota: Otras figuras mostradas en las fotos se venden por separado.<\/li>\n<\/ul>\n","protected":false},"excerpt":{"rendered":"<p><strong>Megumin Light Novel Idol Ver. Konosuba: An Explosion on This Wonderful World!<\/strong><\/p>\n<p>Kadokawa presenta la figura de Megumin Light Novel Idol Version, la archimaga de &#8220;Konosuba: An Explosion on This Wonderful World!&#8221;.<\/p>\n","protected":false},"featured_media":166718,"template":"","meta":{"_acf_changed":false,"_kad_blocks_custom_css":"","_kad_blocks_head_custom_js":"","_kad_blocks_body_custom_js":"","_kad_blocks_footer_custom_js":""},"product_cat":[1384],"product_tag":[],"class_list":{"0":"post-166737","1":"product","2":"type-product","3":"status-publish","4":"has-post-thumbnail","6":"product_cat-pre-orders","7":"pa_brand-kadokawa-en","8":"pa_character-megumin-en","9":"pa_episode-konosuba-an-explosion-on-this-wonderful-world-en","10":"pa_license-kono-subarashii-sekai-ni-syukufuku-wo-en","11":"pa_product-type-figure","12":"pa_theme-kdcolle-en","14":"first","15":"instock","16":"taxable","17":"shipping-taxable","18":"purchasable","19":"product-type-simple"},"acf":[],"yoast_head":"<!-- This site is optimized with the Yoast SEO plugin v26.1.1 - https:\/\/yoast.com\/wordpress\/plugins\/seo\/ -->\n<title>Megumin Light Novel Idol Ver. Konosuba: An Explosion on This Wonderful World! - EndormoonStore<\/title>\n<meta name=\"robots\" content=\"index, follow, max-snippet:-1, max-image-preview:large, max-video-preview:-1\" \/>\n<link rel=\"canonical\" href=\"https:\/\/endormoonstore.com\/en\/megumin-light-novel-idol-ver-konosuba-an-explosion-on-this-wonderful-world\/\" \/>\n<meta property=\"og:locale\" content=\"en_US\" \/>\n<meta property=\"og:type\" content=\"article\" \/>\n<meta property=\"og:title\" content=\"Megumin Light Novel Idol Ver. Konosuba: An Explosion on This Wonderful World! - EndormoonStore\" \/>\n<meta property=\"og:description\" content=\"Megumin Light Novel Idol Ver. Konosuba: An Explosion on This Wonderful World!  Kadokawa presenta la figura de Megumin Light Novel Idol Version, la archimaga de &quot;Konosuba: An Explosion on This Wonderful World!&quot;.\" \/>\n<meta property=\"og:url\" content=\"https:\/\/endormoonstore.com\/en\/megumin-light-novel-idol-ver-konosuba-an-explosion-on-this-wonderful-world\/\" \/>\n<meta property=\"og:site_name\" content=\"EndormoonStore\" \/>\n<meta property=\"article:modified_time\" content=\"2024-11-12T22:02:06+00:00\" \/>\n<meta property=\"og:image\" content=\"https:\/\/endormoonstore.com\/wp-content\/uploads\/2024\/11\/Megumin-Light-Novel-Idol-Ver.-Konosuba-An-Explosion-on-This-Wonderful-World-1.jpg\" \/>\n\t<meta property=\"og:image:width\" content=\"667\" \/>\n\t<meta property=\"og:image:height\" content=\"1000\" \/>\n\t<meta property=\"og:image:type\" content=\"image\/jpeg\" \/>\n<meta name=\"twitter:card\" content=\"summary_large_image\" \/>\n<meta name=\"twitter:label1\" content=\"Est. reading time\" \/>\n\t<meta name=\"twitter:data1\" content=\"1 minute\" \/>\n<script type=\"application\/ld+json\" class=\"yoast-schema-graph\">{\"@context\":\"https:\/\/schema.org\",\"@graph\":[{\"@type\":\"WebPage\",\"@id\":\"https:\/\/endormoonstore.com\/en\/megumin-light-novel-idol-ver-konosuba-an-explosion-on-this-wonderful-world\/\",\"url\":\"https:\/\/endormoonstore.com\/en\/megumin-light-novel-idol-ver-konosuba-an-explosion-on-this-wonderful-world\/\",\"name\":\"Megumin Light Novel Idol Ver. Konosuba: An Explosion on This Wonderful World! - EndormoonStore\",\"isPartOf\":{\"@id\":\"https:\/\/endormoonstore.com\/#website\"},\"primaryImageOfPage\":{\"@id\":\"https:\/\/endormoonstore.com\/en\/megumin-light-novel-idol-ver-konosuba-an-explosion-on-this-wonderful-world\/#primaryimage\"},\"image\":{\"@id\":\"https:\/\/endormoonstore.com\/en\/megumin-light-novel-idol-ver-konosuba-an-explosion-on-this-wonderful-world\/#primaryimage\"},\"thumbnailUrl\":\"https:\/\/endormoonstore.com\/wp-content\/uploads\/2024\/11\/Megumin-Light-Novel-Idol-Ver.-Konosuba-An-Explosion-on-This-Wonderful-World-1.jpg\",\"datePublished\":\"2024-10-29T01:00:18+00:00\",\"dateModified\":\"2024-11-12T22:02:06+00:00\",\"breadcrumb\":{\"@id\":\"https:\/\/endormoonstore.com\/en\/megumin-light-novel-idol-ver-konosuba-an-explosion-on-this-wonderful-world\/#breadcrumb\"},\"inLanguage\":\"en-US\",\"potentialAction\":[{\"@type\":\"ReadAction\",\"target\":[\"https:\/\/endormoonstore.com\/en\/megumin-light-novel-idol-ver-konosuba-an-explosion-on-this-wonderful-world\/\"]}]},{\"@type\":\"ImageObject\",\"inLanguage\":\"en-US\",\"@id\":\"https:\/\/endormoonstore.com\/en\/megumin-light-novel-idol-ver-konosuba-an-explosion-on-this-wonderful-world\/#primaryimage\",\"url\":\"https:\/\/endormoonstore.com\/wp-content\/uploads\/2024\/11\/Megumin-Light-Novel-Idol-Ver.-Konosuba-An-Explosion-on-This-Wonderful-World-1.jpg\",\"contentUrl\":\"https:\/\/endormoonstore.com\/wp-content\/uploads\/2024\/11\/Megumin-Light-Novel-Idol-Ver.-Konosuba-An-Explosion-on-This-Wonderful-World-1.jpg\",\"width\":667,\"height\":1000},{\"@type\":\"BreadcrumbList\",\"@id\":\"https:\/\/endormoonstore.com\/en\/megumin-light-novel-idol-ver-konosuba-an-explosion-on-this-wonderful-world\/#breadcrumb\",\"itemListElement\":[{\"@type\":\"ListItem\",\"position\":1,\"name\":\"Shop\",\"item\":\"https:\/\/endormoonstore.com\/en\/shop\/\"},{\"@type\":\"ListItem\",\"position\":2,\"name\":\"Megumin Light Novel Idol Ver. Konosuba: An Explosion on This Wonderful World!\"}]},{\"@type\":\"WebSite\",\"@id\":\"https:\/\/endormoonstore.com\/#website\",\"url\":\"https:\/\/endormoonstore.com\/\",\"name\":\"EndormoonStore\",\"description\":\"\",\"potentialAction\":[{\"@type\":\"SearchAction\",\"target\":{\"@type\":\"EntryPoint\",\"urlTemplate\":\"https:\/\/endormoonstore.com\/?s={search_term_string}\"},\"query-input\":{\"@type\":\"PropertyValueSpecification\",\"valueRequired\":true,\"valueName\":\"search_term_string\"}}],\"inLanguage\":\"en-US\"}]}<\/script>\n<!-- \/ Yoast SEO plugin. -->","yoast_head_json":{"title":"Megumin Light Novel Idol Ver. Konosuba: An Explosion on This Wonderful World! - EndormoonStore","robots":{"index":"index","follow":"follow","max-snippet":"max-snippet:-1","max-image-preview":"max-image-preview:large","max-video-preview":"max-video-preview:-1"},"canonical":"https:\/\/endormoonstore.com\/en\/megumin-light-novel-idol-ver-konosuba-an-explosion-on-this-wonderful-world\/","og_locale":"en_US","og_type":"article","og_title":"Megumin Light Novel Idol Ver. Konosuba: An Explosion on This Wonderful World! - EndormoonStore","og_description":"Megumin Light Novel Idol Ver. Konosuba: An Explosion on This Wonderful World!  Kadokawa presenta la figura de Megumin Light Novel Idol Version, la archimaga de \"Konosuba: An Explosion on This Wonderful World!\".","og_url":"https:\/\/endormoonstore.com\/en\/megumin-light-novel-idol-ver-konosuba-an-explosion-on-this-wonderful-world\/","og_site_name":"EndormoonStore","article_modified_time":"2024-11-12T22:02:06+00:00","og_image":[{"width":667,"height":1000,"url":"https:\/\/endormoonstore.com\/wp-content\/uploads\/2024\/11\/Megumin-Light-Novel-Idol-Ver.-Konosuba-An-Explosion-on-This-Wonderful-World-1.jpg","type":"image\/jpeg"}],"twitter_card":"summary_large_image","twitter_misc":{"Est. reading time":"1 minute"},"schema":{"@context":"https:\/\/schema.org","@graph":[{"@type":"WebPage","@id":"https:\/\/endormoonstore.com\/en\/megumin-light-novel-idol-ver-konosuba-an-explosion-on-this-wonderful-world\/","url":"https:\/\/endormoonstore.com\/en\/megumin-light-novel-idol-ver-konosuba-an-explosion-on-this-wonderful-world\/","name":"Megumin Light Novel Idol Ver. Konosuba: An Explosion on This Wonderful World! - EndormoonStore","isPartOf":{"@id":"https:\/\/endormoonstore.com\/#website"},"primaryImageOfPage":{"@id":"https:\/\/endormoonstore.com\/en\/megumin-light-novel-idol-ver-konosuba-an-explosion-on-this-wonderful-world\/#primaryimage"},"image":{"@id":"https:\/\/endormoonstore.com\/en\/megumin-light-novel-idol-ver-konosuba-an-explosion-on-this-wonderful-world\/#primaryimage"},"thumbnailUrl":"https:\/\/endormoonstore.com\/wp-content\/uploads\/2024\/11\/Megumin-Light-Novel-Idol-Ver.-Konosuba-An-Explosion-on-This-Wonderful-World-1.jpg","datePublished":"2024-10-29T01:00:18+00:00","dateModified":"2024-11-12T22:02:06+00:00","breadcrumb":{"@id":"https:\/\/endormoonstore.com\/en\/megumin-light-novel-idol-ver-konosuba-an-explosion-on-this-wonderful-world\/#breadcrumb"},"inLanguage":"en-US","potentialAction":[{"@type":"ReadAction","target":["https:\/\/endormoonstore.com\/en\/megumin-light-novel-idol-ver-konosuba-an-explosion-on-this-wonderful-world\/"]}]},{"@type":"ImageObject","inLanguage":"en-US","@id":"https:\/\/endormoonstore.com\/en\/megumin-light-novel-idol-ver-konosuba-an-explosion-on-this-wonderful-world\/#primaryimage","url":"https:\/\/endormoonstore.com\/wp-content\/uploads\/2024\/11\/Megumin-Light-Novel-Idol-Ver.-Konosuba-An-Explosion-on-This-Wonderful-World-1.jpg","contentUrl":"https:\/\/endormoonstore.com\/wp-content\/uploads\/2024\/11\/Megumin-Light-Novel-Idol-Ver.-Konosuba-An-Explosion-on-This-Wonderful-World-1.jpg","width":667,"height":1000},{"@type":"BreadcrumbList","@id":"https:\/\/endormoonstore.com\/en\/megumin-light-novel-idol-ver-konosuba-an-explosion-on-this-wonderful-world\/#breadcrumb","itemListElement":[{"@type":"ListItem","position":1,"name":"Shop","item":"https:\/\/endormoonstore.com\/en\/shop\/"},{"@type":"ListItem","position":2,"name":"Megumin Light Novel Idol Ver. Konosuba: An Explosion on This Wonderful World!"}]},{"@type":"WebSite","@id":"https:\/\/endormoonstore.com\/#website","url":"https:\/\/endormoonstore.com\/","name":"EndormoonStore","description":"","potentialAction":[{"@type":"SearchAction","target":{"@type":"EntryPoint","urlTemplate":"https:\/\/endormoonstore.com\/?s={search_term_string}"},"query-input":{"@type":"PropertyValueSpecification","valueRequired":true,"valueName":"search_term_string"}}],"inLanguage":"en-US"}]}},"taxonomy_info":{"product_cat":[{"value":1384,"label":"Pre-orders"}],"pa_brand":[{"value":14991,"label":"Kadokawa"}],"pa_character":[{"value":14603,"label":"Megumin"}],"pa_episode":[{"value":14989,"label":"Konosuba: An Explosion on This Wonderful World!"}],"pa_license":[{"value":14233,"label":"Kono Subarashii Sekai ni Syukufuku wo!"}],"pa_product-type":[{"value":2387,"label":"Figure"}],"pa_theme":[{"value":14993,"label":"KDcolle"}]},"featured_image_src_large":["https:\/\/endormoonstore.com\/wp-content\/uploads\/2024\/11\/Megumin-Light-Novel-Idol-Ver.-Konosuba-An-Explosion-on-This-Wonderful-World-1.jpg",667,1000,false],"author_info":[],"comment_info":"","_links":{"self":[{"href":"https:\/\/endormoonstore.com\/en\/wp-json\/wp\/v2\/product\/166737","targetHints":{"allow":["GET"]}}],"collection":[{"href":"https:\/\/endormoonstore.com\/en\/wp-json\/wp\/v2\/product"}],"about":[{"href":"https:\/\/endormoonstore.com\/en\/wp-json\/wp\/v2\/types\/product"}],"wp:featuredmedia":[{"embeddable":true,"href":"https:\/\/endormoonstore.com\/en\/wp-json\/wp\/v2\/media\/166718"}],"wp:attachment":[{"href":"https:\/\/endormoonstore.com\/en\/wp-json\/wp\/v2\/media?parent=166737"}],"wp:term":[{"taxonomy":"product_cat","embeddable":true,"href":"https:\/\/endormoonstore.com\/en\/wp-json\/wp\/v2\/product_cat?post=166737"},{"taxonomy":"product_tag","embeddable":true,"href":"https:\/\/endormoonstore.com\/en\/wp-json\/wp\/v2\/product_tag?post=166737"}],"curies":[{"name":"wp","href":"https:\/\/api.w.org\/{rel}","templated":true}]}}