{"id":166677,"date":"2024-10-28T00:10:04","date_gmt":"2024-10-27T23:10:04","guid":{"rendered":"https:\/\/endormoonstore.com\/grey-hulk-vs-wolverine-marvel-statue\/"},"modified":"2024-11-11T21:51:19","modified_gmt":"2024-11-11T20:51:19","slug":"grey-hulk-vs-wolverine-marvel-statue","status":"publish","type":"product","link":"https:\/\/endormoonstore.com\/en\/grey-hulk-vs-wolverine-marvel-statue\/","title":{"rendered":"Grey Hulk VS Wolverine Marvel Statue"},"content":{"rendered":"<p><strong>Grey Hulk VS Wolverine Marvel Statue<\/strong><\/p>\n<div id=\"prod-summary\">\n<div class=\"product_details__in_box\">\n<ul>\n<li>\u201c\u00a0De todos modos, siempre se reduce a ti y a m\u00ed \u201d . Sideshow presenta la <strong>maqueta de Hulk gris contra Wolverine<\/strong> , una variante de la maqueta de Hulk y Wolverine, que se agot\u00f3 hace tiempo y fue muy buscada. Este Marvel Collectible actualizado le da vida a un enfrentamiento favorito de los fan\u00e1ticos con detalles \u00e9picos con nuevas aplicaciones de pintura y elementos escult\u00f3ricos.<\/li>\n<li>\u00bfPeleando con un amigo? \u00a1Simplemente peleen! Con 58 cm de alto, 51 cm de ancho y 46 cm de profundidad, la estatua Gree Hulk contra Wolverine enfrenta a dos h\u00e9roes asombrosos entre s\u00ed. Con un gru\u00f1ido, Wolverine salta al aire.<\/li>\n<li>Hulk muestra sus dientes mientras se prepara para golpear a su d\u00e9bil oponente contra los escombros a sus pies. Su choque supercargado trae el calor a esta escena nevada, que muestra el efecto devastador de su altercado a trav\u00e9s de troncos de \u00e1rboles partidos y rocas aplastadas.<\/li>\n<li>Este coleccionable completamente esculpido incluye a Hulk y Wolverine en una base ambiental en una representaci\u00f3n din\u00e1mica de uno de los duelos m\u00e1s grandes en la historia de los c\u00f3mics. Con reminiscencias de la pelea en Incredible Hulk # 340 (1987), la Marvel Statue presenta a Logan con un traje marr\u00f3n y amarillo y al alter ego de Bruce Banner en su esquema de colores original en escala de grises.<\/li>\n<li>El nuevo retrato de Hulk con grandes cejas tambi\u00e9n rinde homenaje a la apariencia del personaje en ese n\u00famero ic\u00f3nico. Muestra la maqueta de Hulk gris contra Wolverine junto con <strong>X-Men Collectibles<\/strong> de Sideshow y los <strong>Avengers Collectibles<\/strong> para agregar superh\u00e9roes a\u00fan m\u00e1s poderosos a esta escaramuza.\u00a1Ac\u00e9rcate a la acci\u00f3n cuando lleves a casa hoy la maqueta de Grey Hulk vs Wolverine de Sideshow!<\/li>\n<\/ul>\n<h4 class=\"p1\"><b>For Shipments please Read carefully:<\/b><\/h4>\n<ul class=\"ul1\">\n<li class=\"li1\">This article shipment cost is NOT the final one. The maker has only publicated the figure measures (as descrites above), so we don&#8217;t know the container box measures or if it will be one or two boxes. By the figure measures we already know, we proceed to calculate an estimated shipment cost (defined by volumetric weight extrapolated from the figure measures).<\/li>\n<li class=\"li1\">We think it will be no much higher than this estimated one (29 volumetric kg), but if you have any doubt or question, don&#8217;t hesitate on asking us, we will be pleased to help you.<\/li>\n<li class=\"li1\">I hope you understand the situation, actual packages measures of this article are out of our knowledge and our profit is the tightest as possible.Thank you very much.<\/li>\n<\/ul>\n<\/div>\n<\/div>\n","protected":false},"excerpt":{"rendered":"<p><strong>Grey Hulk VS Wolverine Marvel Statue<\/strong><\/p>\n<p>\u201c\u00a0De todos modos, siempre se reduce a ti y a m\u00ed \u201d . Sideshow presenta la <strong>maqueta de Hulk gris contra Wolverine<\/strong> , una variante de la maqueta de Hulk y Wolverine, que se agot\u00f3 hace tiempo y fue muy buscada. Este Marvel Collectible actualizado le da vida a un enfrentamiento favorito de los fan\u00e1ticos con detalles \u00e9picos con nuevas aplicaciones de pintura y elementos escult\u00f3ricos.<\/p>\n<p class=\"p1\">\n","protected":false},"featured_media":166652,"template":"","meta":{"_acf_changed":false,"_kad_blocks_custom_css":"","_kad_blocks_head_custom_js":"","_kad_blocks_body_custom_js":"","_kad_blocks_footer_custom_js":""},"product_cat":[13453,1390,13511],"product_tag":[],"class_list":{"0":"post-166677","1":"product","2":"type-product","3":"status-publish","4":"has-post-thumbnail","6":"product_cat-featured","7":"product_cat-figures","8":"product_cat-new-arrivals","9":"pa_brand-sideshow-en","10":"pa_character-joe-fixit-grey-hulk-en","11":"pa_license-marvel-en","12":"pa_product-type-statue","13":"pa_theme-marvel-collectible-en","15":"first","16":"outofstock","17":"taxable","18":"shipping-taxable","19":"purchasable","20":"product-type-simple"},"acf":[],"yoast_head":"<!-- This site is optimized with the Yoast SEO plugin v26.1.1 - https:\/\/yoast.com\/wordpress\/plugins\/seo\/ -->\n<title>Grey Hulk VS Wolverine Marvel Statue - EndormoonStore<\/title>\n<meta name=\"robots\" content=\"index, follow, max-snippet:-1, max-image-preview:large, max-video-preview:-1\" \/>\n<link rel=\"canonical\" href=\"https:\/\/endormoonstore.com\/en\/grey-hulk-vs-wolverine-marvel-statue\/\" \/>\n<meta property=\"og:locale\" content=\"en_US\" \/>\n<meta property=\"og:type\" content=\"article\" \/>\n<meta property=\"og:title\" content=\"Grey Hulk VS Wolverine Marvel Statue - EndormoonStore\" \/>\n<meta property=\"og:description\" content=\"Grey Hulk VS Wolverine Marvel Statue  \u201c\u00a0De todos modos, siempre se reduce a ti y a m\u00ed \u201d . Sideshow presenta la maqueta de Hulk gris contra Wolverine , una variante de la maqueta de Hulk y Wolverine, que se agot\u00f3 hace tiempo y fue muy buscada. Este Marvel Collectible actualizado le da vida a un enfrentamiento favorito de los fan\u00e1ticos con detalles \u00e9picos con nuevas aplicaciones de pintura y elementos escult\u00f3ricos.\" \/>\n<meta property=\"og:url\" content=\"https:\/\/endormoonstore.com\/en\/grey-hulk-vs-wolverine-marvel-statue\/\" \/>\n<meta property=\"og:site_name\" content=\"EndormoonStore\" \/>\n<meta property=\"article:modified_time\" content=\"2024-11-11T20:51:19+00:00\" \/>\n<meta property=\"og:image\" content=\"https:\/\/endormoonstore.com\/wp-content\/uploads\/2024\/10\/Grey-Hulk-VS-Wolverine-Marvel-Statue-1.jpg\" \/>\n\t<meta property=\"og:image:width\" content=\"1000\" \/>\n\t<meta property=\"og:image:height\" content=\"909\" \/>\n\t<meta property=\"og:image:type\" content=\"image\/jpeg\" \/>\n<meta name=\"twitter:card\" content=\"summary_large_image\" \/>\n<meta name=\"twitter:label1\" content=\"Est. reading time\" \/>\n\t<meta name=\"twitter:data1\" content=\"3 minutes\" \/>\n<script type=\"application\/ld+json\" class=\"yoast-schema-graph\">{\"@context\":\"https:\/\/schema.org\",\"@graph\":[{\"@type\":\"WebPage\",\"@id\":\"https:\/\/endormoonstore.com\/en\/grey-hulk-vs-wolverine-marvel-statue\/\",\"url\":\"https:\/\/endormoonstore.com\/en\/grey-hulk-vs-wolverine-marvel-statue\/\",\"name\":\"Grey Hulk VS Wolverine Marvel Statue - EndormoonStore\",\"isPartOf\":{\"@id\":\"https:\/\/endormoonstore.com\/#website\"},\"primaryImageOfPage\":{\"@id\":\"https:\/\/endormoonstore.com\/en\/grey-hulk-vs-wolverine-marvel-statue\/#primaryimage\"},\"image\":{\"@id\":\"https:\/\/endormoonstore.com\/en\/grey-hulk-vs-wolverine-marvel-statue\/#primaryimage\"},\"thumbnailUrl\":\"https:\/\/endormoonstore.com\/wp-content\/uploads\/2024\/10\/Grey-Hulk-VS-Wolverine-Marvel-Statue-1.jpg\",\"datePublished\":\"2024-10-27T23:10:04+00:00\",\"dateModified\":\"2024-11-11T20:51:19+00:00\",\"breadcrumb\":{\"@id\":\"https:\/\/endormoonstore.com\/en\/grey-hulk-vs-wolverine-marvel-statue\/#breadcrumb\"},\"inLanguage\":\"en-US\",\"potentialAction\":[{\"@type\":\"ReadAction\",\"target\":[\"https:\/\/endormoonstore.com\/en\/grey-hulk-vs-wolverine-marvel-statue\/\"]}]},{\"@type\":\"ImageObject\",\"inLanguage\":\"en-US\",\"@id\":\"https:\/\/endormoonstore.com\/en\/grey-hulk-vs-wolverine-marvel-statue\/#primaryimage\",\"url\":\"https:\/\/endormoonstore.com\/wp-content\/uploads\/2024\/10\/Grey-Hulk-VS-Wolverine-Marvel-Statue-1.jpg\",\"contentUrl\":\"https:\/\/endormoonstore.com\/wp-content\/uploads\/2024\/10\/Grey-Hulk-VS-Wolverine-Marvel-Statue-1.jpg\",\"width\":1000,\"height\":909},{\"@type\":\"BreadcrumbList\",\"@id\":\"https:\/\/endormoonstore.com\/en\/grey-hulk-vs-wolverine-marvel-statue\/#breadcrumb\",\"itemListElement\":[{\"@type\":\"ListItem\",\"position\":1,\"name\":\"Shop\",\"item\":\"https:\/\/endormoonstore.com\/en\/shop\/\"},{\"@type\":\"ListItem\",\"position\":2,\"name\":\"Grey Hulk VS Wolverine Marvel Statue\"}]},{\"@type\":\"WebSite\",\"@id\":\"https:\/\/endormoonstore.com\/#website\",\"url\":\"https:\/\/endormoonstore.com\/\",\"name\":\"EndormoonStore\",\"description\":\"\",\"potentialAction\":[{\"@type\":\"SearchAction\",\"target\":{\"@type\":\"EntryPoint\",\"urlTemplate\":\"https:\/\/endormoonstore.com\/?s={search_term_string}\"},\"query-input\":{\"@type\":\"PropertyValueSpecification\",\"valueRequired\":true,\"valueName\":\"search_term_string\"}}],\"inLanguage\":\"en-US\"}]}<\/script>\n<!-- \/ Yoast SEO plugin. -->","yoast_head_json":{"title":"Grey Hulk VS Wolverine Marvel Statue - EndormoonStore","robots":{"index":"index","follow":"follow","max-snippet":"max-snippet:-1","max-image-preview":"max-image-preview:large","max-video-preview":"max-video-preview:-1"},"canonical":"https:\/\/endormoonstore.com\/en\/grey-hulk-vs-wolverine-marvel-statue\/","og_locale":"en_US","og_type":"article","og_title":"Grey Hulk VS Wolverine Marvel Statue - EndormoonStore","og_description":"Grey Hulk VS Wolverine Marvel Statue  \u201c\u00a0De todos modos, siempre se reduce a ti y a m\u00ed \u201d . Sideshow presenta la maqueta de Hulk gris contra Wolverine , una variante de la maqueta de Hulk y Wolverine, que se agot\u00f3 hace tiempo y fue muy buscada. Este Marvel Collectible actualizado le da vida a un enfrentamiento favorito de los fan\u00e1ticos con detalles \u00e9picos con nuevas aplicaciones de pintura y elementos escult\u00f3ricos.","og_url":"https:\/\/endormoonstore.com\/en\/grey-hulk-vs-wolverine-marvel-statue\/","og_site_name":"EndormoonStore","article_modified_time":"2024-11-11T20:51:19+00:00","og_image":[{"width":1000,"height":909,"url":"https:\/\/endormoonstore.com\/wp-content\/uploads\/2024\/10\/Grey-Hulk-VS-Wolverine-Marvel-Statue-1.jpg","type":"image\/jpeg"}],"twitter_card":"summary_large_image","twitter_misc":{"Est. reading time":"3 minutes"},"schema":{"@context":"https:\/\/schema.org","@graph":[{"@type":"WebPage","@id":"https:\/\/endormoonstore.com\/en\/grey-hulk-vs-wolverine-marvel-statue\/","url":"https:\/\/endormoonstore.com\/en\/grey-hulk-vs-wolverine-marvel-statue\/","name":"Grey Hulk VS Wolverine Marvel Statue - EndormoonStore","isPartOf":{"@id":"https:\/\/endormoonstore.com\/#website"},"primaryImageOfPage":{"@id":"https:\/\/endormoonstore.com\/en\/grey-hulk-vs-wolverine-marvel-statue\/#primaryimage"},"image":{"@id":"https:\/\/endormoonstore.com\/en\/grey-hulk-vs-wolverine-marvel-statue\/#primaryimage"},"thumbnailUrl":"https:\/\/endormoonstore.com\/wp-content\/uploads\/2024\/10\/Grey-Hulk-VS-Wolverine-Marvel-Statue-1.jpg","datePublished":"2024-10-27T23:10:04+00:00","dateModified":"2024-11-11T20:51:19+00:00","breadcrumb":{"@id":"https:\/\/endormoonstore.com\/en\/grey-hulk-vs-wolverine-marvel-statue\/#breadcrumb"},"inLanguage":"en-US","potentialAction":[{"@type":"ReadAction","target":["https:\/\/endormoonstore.com\/en\/grey-hulk-vs-wolverine-marvel-statue\/"]}]},{"@type":"ImageObject","inLanguage":"en-US","@id":"https:\/\/endormoonstore.com\/en\/grey-hulk-vs-wolverine-marvel-statue\/#primaryimage","url":"https:\/\/endormoonstore.com\/wp-content\/uploads\/2024\/10\/Grey-Hulk-VS-Wolverine-Marvel-Statue-1.jpg","contentUrl":"https:\/\/endormoonstore.com\/wp-content\/uploads\/2024\/10\/Grey-Hulk-VS-Wolverine-Marvel-Statue-1.jpg","width":1000,"height":909},{"@type":"BreadcrumbList","@id":"https:\/\/endormoonstore.com\/en\/grey-hulk-vs-wolverine-marvel-statue\/#breadcrumb","itemListElement":[{"@type":"ListItem","position":1,"name":"Shop","item":"https:\/\/endormoonstore.com\/en\/shop\/"},{"@type":"ListItem","position":2,"name":"Grey Hulk VS Wolverine Marvel Statue"}]},{"@type":"WebSite","@id":"https:\/\/endormoonstore.com\/#website","url":"https:\/\/endormoonstore.com\/","name":"EndormoonStore","description":"","potentialAction":[{"@type":"SearchAction","target":{"@type":"EntryPoint","urlTemplate":"https:\/\/endormoonstore.com\/?s={search_term_string}"},"query-input":{"@type":"PropertyValueSpecification","valueRequired":true,"valueName":"search_term_string"}}],"inLanguage":"en-US"}]}},"taxonomy_info":{"product_cat":[{"value":13453,"label":"Featured"},{"value":1390,"label":"Figures"},{"value":13511,"label":"New Arrivals"}],"pa_brand":[{"value":14463,"label":"Sideshow"}],"pa_character":[{"value":15936,"label":"Joe Fixit \/ Grey Hulk"}],"pa_license":[{"value":1642,"label":"Marvel"}],"pa_product-type":[{"value":2357,"label":"Statue"}],"pa_theme":[{"value":14983,"label":"Marvel collectible"}]},"featured_image_src_large":["https:\/\/endormoonstore.com\/wp-content\/uploads\/2024\/10\/Grey-Hulk-VS-Wolverine-Marvel-Statue-1.jpg",1000,909,false],"author_info":[],"comment_info":"","_links":{"self":[{"href":"https:\/\/endormoonstore.com\/en\/wp-json\/wp\/v2\/product\/166677","targetHints":{"allow":["GET"]}}],"collection":[{"href":"https:\/\/endormoonstore.com\/en\/wp-json\/wp\/v2\/product"}],"about":[{"href":"https:\/\/endormoonstore.com\/en\/wp-json\/wp\/v2\/types\/product"}],"wp:featuredmedia":[{"embeddable":true,"href":"https:\/\/endormoonstore.com\/en\/wp-json\/wp\/v2\/media\/166652"}],"wp:attachment":[{"href":"https:\/\/endormoonstore.com\/en\/wp-json\/wp\/v2\/media?parent=166677"}],"wp:term":[{"taxonomy":"product_cat","embeddable":true,"href":"https:\/\/endormoonstore.com\/en\/wp-json\/wp\/v2\/product_cat?post=166677"},{"taxonomy":"product_tag","embeddable":true,"href":"https:\/\/endormoonstore.com\/en\/wp-json\/wp\/v2\/product_tag?post=166677"}],"curies":[{"name":"wp","href":"https:\/\/api.w.org\/{rel}","templated":true}]}}