{"id":166648,"date":"2024-10-28T00:05:38","date_gmt":"2024-10-27T23:05:38","guid":{"rendered":"https:\/\/endormoonstore.com\/star-wars-the-bad-batch-clone-commando-1-6th-scale-collectible-figure\/"},"modified":"2024-11-11T16:48:42","modified_gmt":"2024-11-11T15:48:42","slug":"star-wars-the-bad-batch-clone-commando-1-6th-scale-collectible-figure","status":"publish","type":"product","link":"https:\/\/endormoonstore.com\/en\/star-wars-the-bad-batch-clone-commando-1-6th-scale-collectible-figure\/","title":{"rendered":"Star Wars: The Bad Batch Clone Commando 1\/6th Scale Collectible Figure"},"content":{"rendered":"<p class=\"p1\"><strong>Star Wars: The Bad Batch Clone Commando 1\/6th Scale Collectible Figure<\/strong><\/p>\n<ul>\n<li style=\"font-weight: 300;\">Conocidos por sus excepcionales habilidades de entrenamiento y combate,\u00a0los comandos clon se encuentran entre los soldados de \u00e9lite del Ej\u00e9rcito. Equipados con armadura pesada y rifles bl\u00e1ster, emprenden peligrosas misiones para la Rep\u00fablica. A pesar de sus or\u00edgenes compartidos, cada comando clon enfrenta experiencias \u00fanicas y batallas personales bajo su armadura.<\/li>\n<li style=\"font-weight: 300;\">Continuando con la expansi\u00f3n de la\u00a0\u00a0serie coleccionable Star Wars,\u00a0 Hot Toys se complacen en presentar la<strong>\u00a0<b>1\/6th Scale Collectible Figure<\/b> de Clone Commando<\/strong> como se ve en\u00a0Star Wars: The Bad Batch.<\/li>\n<li style=\"font-weight: 300;\">Esta figura de acci\u00f3n de <strong><b>1\/6th Scale<\/b><\/strong> sumamente detallada est\u00e1 especialmente dise\u00f1ada en base a la apariencia de Clone Commando en la serie animada. \u00a1Cuenta con una armadura h\u00e1bilmente desarrollada, un casco con luz LED, una mochila militar pesada, dos rifles bl\u00e1ster, detonadores t\u00e9rmicos y una base de exhibici\u00f3n!<\/li>\n<li style=\"font-weight: 300;\">\u00a1 No pierdas la oportunidad de reservar esta impresionante figura y mejorar tu colecci\u00f3n\u00a0<strong>de figuras de acci\u00f3n\u00a0<em>de <\/em>Star Wars\u00a0!<\/strong><\/li>\n<\/ul>\n<h4 class=\"p1\"><b>Qu\u00e9 hay en la caja:<\/b><\/h4>\n<ul class=\"ul1\">\n<li>Imagen aut\u00e9ntica y detallada de Clone Commando en Star Wars: The Bad Batch.<\/li>\n<li>Un casco con luz LED (luz blanca; funciona con pilas no incluidas)<\/li>\n<li>Aproximadamente 30 cm de alto.<\/li>\n<li>Cuerpo con m\u00e1s de 30 puntos de articulaci\u00f3n.<\/li>\n<li>Seis piezas de manos enguantadas intercambiables que incluyen:\n<ul>\n<li>Un par de blaster tomados de la mano<\/li>\n<li>Un par de manos gestuales<\/li>\n<li>Un par de manos relajantes<\/li>\n<\/ul>\n<\/li>\n<\/ul>\n<h4><b>Traje:<\/b><\/h4>\n<ul class=\"ul1\">\n<li>Una armadura de comando clon finamente elaborada.<\/li>\n<li>Un traje interior de tela de color negro y textura m\u00faltiple.<\/li>\n<li>Un par de botas.<\/li>\n<\/ul>\n<h4 class=\"p1\"><b>Armas:<\/b><\/h4>\n<ul class=\"ul1\">\n<li>Dos rifles bl\u00e1ster.<\/li>\n<\/ul>\n<h4 class=\"p1\"><b>Accesorios:<\/b><\/h4>\n<ul class=\"ul1\">\n<li>Una mochila militar pesada (equipada con funci\u00f3n magn\u00e9tica)<\/li>\n<li>Dos detonadores t\u00e9rmicos.<\/li>\n<li>Soporte para figuras con el logotipo de Star Wars y placa con el nombre del personaje.<\/li>\n<li class=\"li1\">Nota: Otras figuras mostradas en las fotos se venden por separado.<\/li>\n<\/ul>\n","protected":false},"excerpt":{"rendered":"<p class=\"p1\"><strong>Star Wars: The Bad Batch Clone Commando 1\/6th Scale Collectible Figure<\/strong><\/p>\n<p class=\"p1\">Conocidos por sus excepcionales habilidades de entrenamiento y combate,\u00a0los comandos clon se encuentran entre los soldados de \u00e9lite del Ej\u00e9rcito. Equipados con armadura pesada y rifles bl\u00e1ster, emprenden peligrosas misiones para la Rep\u00fablica. A pesar de sus or\u00edgenes compartidos, cada comando clon enfrenta experiencias \u00fanicas y batallas personales bajo su armadura.<\/p>\n<p class=\"p1\">\n","protected":false},"featured_media":166613,"template":"","meta":{"_acf_changed":false,"_kad_blocks_custom_css":"","_kad_blocks_head_custom_js":"","_kad_blocks_body_custom_js":"","_kad_blocks_footer_custom_js":""},"product_cat":[1384],"product_tag":[],"class_list":{"0":"post-166648","1":"product","2":"type-product","3":"status-publish","4":"has-post-thumbnail","6":"product_cat-pre-orders","7":"pa_brand-hot-toys-en","8":"pa_character-clone-commando-en","9":"pa_episode-star-wars-the-bad-batch-en","10":"pa_license-star-wars-en","11":"pa_product-type-figure","12":"pa_theme-sixth-scale-collectible-en","14":"first","15":"instock","16":"taxable","17":"shipping-taxable","18":"purchasable","19":"product-type-simple"},"acf":[],"yoast_head":"<!-- This site is optimized with the Yoast SEO plugin v26.1.1 - https:\/\/yoast.com\/wordpress\/plugins\/seo\/ -->\n<title>Star Wars: The Bad Batch Clone Commando 1\/6th Scale Collectible Figure - EndormoonStore<\/title>\n<meta name=\"robots\" content=\"index, follow, max-snippet:-1, max-image-preview:large, max-video-preview:-1\" \/>\n<link rel=\"canonical\" href=\"https:\/\/endormoonstore.com\/en\/star-wars-the-bad-batch-clone-commando-1-6th-scale-collectible-figure\/\" \/>\n<meta property=\"og:locale\" content=\"en_US\" \/>\n<meta property=\"og:type\" content=\"article\" \/>\n<meta property=\"og:title\" content=\"Star Wars: The Bad Batch Clone Commando 1\/6th Scale Collectible Figure - EndormoonStore\" \/>\n<meta property=\"og:description\" content=\"Star Wars: The Bad Batch Clone Commando 1\/6th Scale Collectible Figure Conocidos por sus excepcionales habilidades de entrenamiento y combate,\u00a0los comandos clon se encuentran entre los soldados de \u00e9lite del Ej\u00e9rcito. Equipados con armadura pesada y rifles bl\u00e1ster, emprenden peligrosas misiones para la Rep\u00fablica. A pesar de sus or\u00edgenes compartidos, cada comando clon enfrenta experiencias \u00fanicas y batallas personales bajo su armadura.\" \/>\n<meta property=\"og:url\" content=\"https:\/\/endormoonstore.com\/en\/star-wars-the-bad-batch-clone-commando-1-6th-scale-collectible-figure\/\" \/>\n<meta property=\"og:site_name\" content=\"EndormoonStore\" \/>\n<meta property=\"article:modified_time\" content=\"2024-11-11T15:48:42+00:00\" \/>\n<meta property=\"og:image\" content=\"https:\/\/endormoonstore.com\/wp-content\/uploads\/2024\/10\/Star-Wars-The-Bad-Batch-Clone-Commando-1-6th-Scale-Collectible-Figure-1.jpg\" \/>\n\t<meta property=\"og:image:width\" content=\"692\" \/>\n\t<meta property=\"og:image:height\" content=\"1000\" \/>\n\t<meta property=\"og:image:type\" content=\"image\/jpeg\" \/>\n<meta name=\"twitter:card\" content=\"summary_large_image\" \/>\n<meta name=\"twitter:label1\" content=\"Est. reading time\" \/>\n\t<meta name=\"twitter:data1\" content=\"2 minutes\" \/>\n<script type=\"application\/ld+json\" class=\"yoast-schema-graph\">{\"@context\":\"https:\/\/schema.org\",\"@graph\":[{\"@type\":\"WebPage\",\"@id\":\"https:\/\/endormoonstore.com\/en\/star-wars-the-bad-batch-clone-commando-1-6th-scale-collectible-figure\/\",\"url\":\"https:\/\/endormoonstore.com\/en\/star-wars-the-bad-batch-clone-commando-1-6th-scale-collectible-figure\/\",\"name\":\"Star Wars: The Bad Batch Clone Commando 1\/6th Scale Collectible Figure - EndormoonStore\",\"isPartOf\":{\"@id\":\"https:\/\/endormoonstore.com\/#website\"},\"primaryImageOfPage\":{\"@id\":\"https:\/\/endormoonstore.com\/en\/star-wars-the-bad-batch-clone-commando-1-6th-scale-collectible-figure\/#primaryimage\"},\"image\":{\"@id\":\"https:\/\/endormoonstore.com\/en\/star-wars-the-bad-batch-clone-commando-1-6th-scale-collectible-figure\/#primaryimage\"},\"thumbnailUrl\":\"https:\/\/endormoonstore.com\/wp-content\/uploads\/2024\/10\/Star-Wars-The-Bad-Batch-Clone-Commando-1-6th-Scale-Collectible-Figure-1.jpg\",\"datePublished\":\"2024-10-27T23:05:38+00:00\",\"dateModified\":\"2024-11-11T15:48:42+00:00\",\"breadcrumb\":{\"@id\":\"https:\/\/endormoonstore.com\/en\/star-wars-the-bad-batch-clone-commando-1-6th-scale-collectible-figure\/#breadcrumb\"},\"inLanguage\":\"en-US\",\"potentialAction\":[{\"@type\":\"ReadAction\",\"target\":[\"https:\/\/endormoonstore.com\/en\/star-wars-the-bad-batch-clone-commando-1-6th-scale-collectible-figure\/\"]}]},{\"@type\":\"ImageObject\",\"inLanguage\":\"en-US\",\"@id\":\"https:\/\/endormoonstore.com\/en\/star-wars-the-bad-batch-clone-commando-1-6th-scale-collectible-figure\/#primaryimage\",\"url\":\"https:\/\/endormoonstore.com\/wp-content\/uploads\/2024\/10\/Star-Wars-The-Bad-Batch-Clone-Commando-1-6th-Scale-Collectible-Figure-1.jpg\",\"contentUrl\":\"https:\/\/endormoonstore.com\/wp-content\/uploads\/2024\/10\/Star-Wars-The-Bad-Batch-Clone-Commando-1-6th-Scale-Collectible-Figure-1.jpg\",\"width\":692,\"height\":1000},{\"@type\":\"BreadcrumbList\",\"@id\":\"https:\/\/endormoonstore.com\/en\/star-wars-the-bad-batch-clone-commando-1-6th-scale-collectible-figure\/#breadcrumb\",\"itemListElement\":[{\"@type\":\"ListItem\",\"position\":1,\"name\":\"Shop\",\"item\":\"https:\/\/endormoonstore.com\/en\/shop\/\"},{\"@type\":\"ListItem\",\"position\":2,\"name\":\"Star Wars: The Bad Batch Clone Commando 1\/6th Scale Collectible Figure\"}]},{\"@type\":\"WebSite\",\"@id\":\"https:\/\/endormoonstore.com\/#website\",\"url\":\"https:\/\/endormoonstore.com\/\",\"name\":\"EndormoonStore\",\"description\":\"\",\"potentialAction\":[{\"@type\":\"SearchAction\",\"target\":{\"@type\":\"EntryPoint\",\"urlTemplate\":\"https:\/\/endormoonstore.com\/?s={search_term_string}\"},\"query-input\":{\"@type\":\"PropertyValueSpecification\",\"valueRequired\":true,\"valueName\":\"search_term_string\"}}],\"inLanguage\":\"en-US\"}]}<\/script>\n<!-- \/ Yoast SEO plugin. -->","yoast_head_json":{"title":"Star Wars: The Bad Batch Clone Commando 1\/6th Scale Collectible Figure - EndormoonStore","robots":{"index":"index","follow":"follow","max-snippet":"max-snippet:-1","max-image-preview":"max-image-preview:large","max-video-preview":"max-video-preview:-1"},"canonical":"https:\/\/endormoonstore.com\/en\/star-wars-the-bad-batch-clone-commando-1-6th-scale-collectible-figure\/","og_locale":"en_US","og_type":"article","og_title":"Star Wars: The Bad Batch Clone Commando 1\/6th Scale Collectible Figure - EndormoonStore","og_description":"Star Wars: The Bad Batch Clone Commando 1\/6th Scale Collectible Figure Conocidos por sus excepcionales habilidades de entrenamiento y combate,\u00a0los comandos clon se encuentran entre los soldados de \u00e9lite del Ej\u00e9rcito. Equipados con armadura pesada y rifles bl\u00e1ster, emprenden peligrosas misiones para la Rep\u00fablica. A pesar de sus or\u00edgenes compartidos, cada comando clon enfrenta experiencias \u00fanicas y batallas personales bajo su armadura.","og_url":"https:\/\/endormoonstore.com\/en\/star-wars-the-bad-batch-clone-commando-1-6th-scale-collectible-figure\/","og_site_name":"EndormoonStore","article_modified_time":"2024-11-11T15:48:42+00:00","og_image":[{"width":692,"height":1000,"url":"https:\/\/endormoonstore.com\/wp-content\/uploads\/2024\/10\/Star-Wars-The-Bad-Batch-Clone-Commando-1-6th-Scale-Collectible-Figure-1.jpg","type":"image\/jpeg"}],"twitter_card":"summary_large_image","twitter_misc":{"Est. reading time":"2 minutes"},"schema":{"@context":"https:\/\/schema.org","@graph":[{"@type":"WebPage","@id":"https:\/\/endormoonstore.com\/en\/star-wars-the-bad-batch-clone-commando-1-6th-scale-collectible-figure\/","url":"https:\/\/endormoonstore.com\/en\/star-wars-the-bad-batch-clone-commando-1-6th-scale-collectible-figure\/","name":"Star Wars: The Bad Batch Clone Commando 1\/6th Scale Collectible Figure - EndormoonStore","isPartOf":{"@id":"https:\/\/endormoonstore.com\/#website"},"primaryImageOfPage":{"@id":"https:\/\/endormoonstore.com\/en\/star-wars-the-bad-batch-clone-commando-1-6th-scale-collectible-figure\/#primaryimage"},"image":{"@id":"https:\/\/endormoonstore.com\/en\/star-wars-the-bad-batch-clone-commando-1-6th-scale-collectible-figure\/#primaryimage"},"thumbnailUrl":"https:\/\/endormoonstore.com\/wp-content\/uploads\/2024\/10\/Star-Wars-The-Bad-Batch-Clone-Commando-1-6th-Scale-Collectible-Figure-1.jpg","datePublished":"2024-10-27T23:05:38+00:00","dateModified":"2024-11-11T15:48:42+00:00","breadcrumb":{"@id":"https:\/\/endormoonstore.com\/en\/star-wars-the-bad-batch-clone-commando-1-6th-scale-collectible-figure\/#breadcrumb"},"inLanguage":"en-US","potentialAction":[{"@type":"ReadAction","target":["https:\/\/endormoonstore.com\/en\/star-wars-the-bad-batch-clone-commando-1-6th-scale-collectible-figure\/"]}]},{"@type":"ImageObject","inLanguage":"en-US","@id":"https:\/\/endormoonstore.com\/en\/star-wars-the-bad-batch-clone-commando-1-6th-scale-collectible-figure\/#primaryimage","url":"https:\/\/endormoonstore.com\/wp-content\/uploads\/2024\/10\/Star-Wars-The-Bad-Batch-Clone-Commando-1-6th-Scale-Collectible-Figure-1.jpg","contentUrl":"https:\/\/endormoonstore.com\/wp-content\/uploads\/2024\/10\/Star-Wars-The-Bad-Batch-Clone-Commando-1-6th-Scale-Collectible-Figure-1.jpg","width":692,"height":1000},{"@type":"BreadcrumbList","@id":"https:\/\/endormoonstore.com\/en\/star-wars-the-bad-batch-clone-commando-1-6th-scale-collectible-figure\/#breadcrumb","itemListElement":[{"@type":"ListItem","position":1,"name":"Shop","item":"https:\/\/endormoonstore.com\/en\/shop\/"},{"@type":"ListItem","position":2,"name":"Star Wars: The Bad Batch Clone Commando 1\/6th Scale Collectible Figure"}]},{"@type":"WebSite","@id":"https:\/\/endormoonstore.com\/#website","url":"https:\/\/endormoonstore.com\/","name":"EndormoonStore","description":"","potentialAction":[{"@type":"SearchAction","target":{"@type":"EntryPoint","urlTemplate":"https:\/\/endormoonstore.com\/?s={search_term_string}"},"query-input":{"@type":"PropertyValueSpecification","valueRequired":true,"valueName":"search_term_string"}}],"inLanguage":"en-US"}]}},"taxonomy_info":{"product_cat":[{"value":1384,"label":"Pre-orders"}],"pa_brand":[{"value":1635,"label":"Hot Toys"}],"pa_character":[{"value":13811,"label":"Clone Commando"}],"pa_episode":[{"value":6855,"label":"Star Wars: The Bad Batch"}],"pa_license":[{"value":1644,"label":"Star Wars"}],"pa_product-type":[{"value":2387,"label":"Figure"}],"pa_theme":[{"value":4595,"label":"Sixth Scale Collectible"}]},"featured_image_src_large":["https:\/\/endormoonstore.com\/wp-content\/uploads\/2024\/10\/Star-Wars-The-Bad-Batch-Clone-Commando-1-6th-Scale-Collectible-Figure-1.jpg",692,1000,false],"author_info":[],"comment_info":"","_links":{"self":[{"href":"https:\/\/endormoonstore.com\/en\/wp-json\/wp\/v2\/product\/166648","targetHints":{"allow":["GET"]}}],"collection":[{"href":"https:\/\/endormoonstore.com\/en\/wp-json\/wp\/v2\/product"}],"about":[{"href":"https:\/\/endormoonstore.com\/en\/wp-json\/wp\/v2\/types\/product"}],"wp:featuredmedia":[{"embeddable":true,"href":"https:\/\/endormoonstore.com\/en\/wp-json\/wp\/v2\/media\/166613"}],"wp:attachment":[{"href":"https:\/\/endormoonstore.com\/en\/wp-json\/wp\/v2\/media?parent=166648"}],"wp:term":[{"taxonomy":"product_cat","embeddable":true,"href":"https:\/\/endormoonstore.com\/en\/wp-json\/wp\/v2\/product_cat?post=166648"},{"taxonomy":"product_tag","embeddable":true,"href":"https:\/\/endormoonstore.com\/en\/wp-json\/wp\/v2\/product_tag?post=166648"}],"curies":[{"name":"wp","href":"https:\/\/api.w.org\/{rel}","templated":true}]}}