{"id":166593,"date":"2024-10-28T00:00:53","date_gmt":"2024-10-27T23:00:53","guid":{"rendered":"https:\/\/endormoonstore.com\/star-wars-the-clone-wars-savage-opress-1-6th-scale-collectible-figure\/"},"modified":"2024-11-10T22:18:04","modified_gmt":"2024-11-10T21:18:04","slug":"star-wars-the-clone-wars-savage-opress-1-6th-scale-collectible-figure","status":"publish","type":"product","link":"https:\/\/endormoonstore.com\/en\/star-wars-the-clone-wars-savage-opress-1-6th-scale-collectible-figure\/","title":{"rendered":"Star Wars: The Clone Wars Savage Opress 1\/6th Scale Collectible Figure"},"content":{"rendered":"<p class=\"p1\"><b>Star Wars: The Clone Wars Savage Opress 1\/6th Scale Collectible Figure<\/b><\/p>\n<ul class=\"ul1\">\n<li class=\"li1\">Savage Opress\u00a0 fue una vez un Hermano de la Noche com\u00fan cuya destreza en la lucha impresion\u00f3 <b>a Asajj Ventress<\/b>\u00a0. Transformado en un guerrero monstruoso por la Madre Talzin, Opress se convirti\u00f3 en el nuevo asesino del Conde Dooku y aprendiz secreto\u00a0Sith . Sin embargo, su lealtad permaneci\u00f3 hacia Talzin. La l\u00edder de las Hermanas de la Noche le dio a Savage una nueva misi\u00f3n: encontrar a su hermano, Darth Maul, quien de alguna manera hab\u00eda sobrevivido a su aparente muerte y viv\u00eda exiliado en el Borde Exterior.<\/li>\n<li class=\"li1\">Savage localiz\u00f3 a Maul y se convirti\u00f3 en el ejecutor de su hermano en el Colectivo Sombra, pero muri\u00f3 cuando Darth Sidious se enfrent\u00f3 a los dos guerreros Sith en Mandalore.<\/li>\n<li class=\"li1\">Tras la figura coleccionable de Darth Sidious basada en\u00a0Star Wars: The Clone Wars , \u00a1Hot Toys se complacen en presentar la nueva<b>\u00a01\/6th Scale Collectible Figure de Savage Opress<\/b> a su colecci\u00f3n!<\/li>\n<li class=\"li1\">La figura de acci\u00f3n de Star Wars altamente detallada est\u00e1 dise\u00f1ada en base a la apariencia de Savage Opress en Star Wars: The Clone Wars, presenta una escultura de cabeza con un sistema de globo ocular giratorio separado y cuernos intercambiables para crear una apariencia de da\u00f1o de batalla, un cuerpo recientemente desarrollado, un traje blindado meticulosamente dise\u00f1ado, un sable de luz LED iluminado, hojas de sable de luz intercambiables que emulan el arma en movimiento, su lanza caracter\u00edstica, un brazo izquierdo mechno intercambiable con manos intercambiables y un soporte de figura especialmente dise\u00f1ado.<\/li>\n<li class=\"li1\">Esta <b>1\/6th Scale Collectible Figure de Savage Opress<\/b> es sin duda uno de los rompecabezas faltantes largamente esperados para agregar a tu colecci\u00f3n de coleccionables de Star Wars.<\/li>\n<\/ul>\n<h4 class=\"p1\"><b>Qu\u00e9 hay en la caja:<\/b><\/h4>\n<ul class=\"ul1\">\n<li class=\"li1\">Imagen aut\u00e9ntica y detallada de Savage Opress en Star Wars: The Clone Wars.<\/li>\n<li class=\"li1\">Una\u00a0 escultura de cabeza recientemente desarrollada con sistema de globos oculares giratorios separados.<\/li>\n<li class=\"li1\">Expresi\u00f3n facial de alta precisi\u00f3n con ojos ic\u00f3nicos de Lord Sith, cuernos puntiagudos, tatuajes y textura de piel detallada.<\/li>\n<li class=\"li1\">Tres cuernos intercambiables da\u00f1ados en batalla.<\/li>\n<li class=\"li1\">Cuerpo con m\u00e1s de 30 puntos de articulaci\u00f3n.<\/li>\n<li class=\"li1\">Aproximadamente 34 cm de alto<\/li>\n<li class=\"li1\">Seis piezas de manos intercambiables que incluyen:\n<ul class=\"ul1\">\n<li class=\"li1\">Un par de manos abiertas<\/li>\n<li class=\"li1\">Un par de sables de luz tomados de la mano<\/li>\n<li class=\"li1\">Un par de pu\u00f1os<\/li>\n<\/ul>\n<\/li>\n<li class=\"li1\">Un brazo izquierdo mec\u00e1nico intercambiable con tres manos diferentes (abierta, pu\u00f1o y agarre de sable de luz)<\/li>\n<li class=\"li1\">Cada escultura de cabeza est\u00e1 especialmente pintada a mano.<\/li>\n<\/ul>\n<h4 class=\"p1\"><b>Traje:<\/b><\/h4>\n<ul class=\"ul1\">\n<li class=\"li1\">Un chaleco de color gris oscuro<\/li>\n<li class=\"li1\">Un par de protectores de hombros de color plateado met\u00e1lico con protectores de brazos.<\/li>\n<li class=\"li1\">Un par de guanteletes de color plateado met\u00e1lico.<\/li>\n<li class=\"li1\">Un cintur\u00f3n de color gris oscuro.<\/li>\n<li class=\"li1\">Un delantal de tela de color gris oscuro con cintur\u00f3n.<\/li>\n<li class=\"li1\">Una pieza de falda de color gris oscuro (alambres flexibles incrustados)<\/li>\n<li class=\"li1\">Una t\u00fanica interior de color negro.<\/li>\n<li class=\"li1\">Un par de botas blindadas de color plata metalizada.<\/li>\n<\/ul>\n<h4 class=\"p1\"><b>Armas:<\/b><\/h4>\n<ul class=\"ul1\">\n<li class=\"li1\">Un sable de luz de doble hoja iluminado por LED (luz roja, alimentado por USB) con un par de hojas desmontables de color rojo<\/li>\n<li class=\"li1\">Un par de hojas de sable de luz de color rojo en movimiento (acoplables a la empu\u00f1adura)<\/li>\n<li class=\"li1\">Una empu\u00f1adura de sable de luz de doble hoja.<\/li>\n<li class=\"li1\">Una lanza.<\/li>\n<\/ul>\n<h4 class=\"p1\"><b>Accesorios:<\/b><\/h4>\n<ul class=\"ul1\">\n<li class=\"li1\">Soporte para figuras especialmente dise\u00f1ado con el logotipo de Star Wars y placa con el nombre del personaje.<\/li>\n<li class=\"li1\">Nota: Otras figuras mostradas en las fotos se venden por separado. Cable usb no incluido en la caja.<\/li>\n<\/ul>\n","protected":false},"excerpt":{"rendered":"<p class=\"p1\"><strong>Star Wars: The Clone Wars Savage Opress 1\/6th Scale Collectible Figure<\/strong><\/p>\n<p class=\"p1\">Savage Opress\u00a0 fue una vez un Hermano de la Noche com\u00fan cuya destreza en la lucha impresion\u00f3 a Asajj Ventress\u00a0. Transformado en un guerrero monstruoso por la Madre Talzin, Opress se convirti\u00f3 en el nuevo asesino del Conde Dooku y aprendiz secreto\u00a0Sith . Sin embargo, su lealtad permaneci\u00f3 hacia Talzin. La l\u00edder de las Hermanas de la Noche le dio a Savage una nueva misi\u00f3n: encontrar a su hermano, Darth Maul, quien de alguna manera hab\u00eda sobrevivido a su aparente muerte y viv\u00eda exiliado en el Borde Exterior.<\/p>\n<p class=\"p1\">\n","protected":false},"featured_media":166551,"template":"","meta":{"_acf_changed":false,"_kad_blocks_custom_css":"","_kad_blocks_head_custom_js":"","_kad_blocks_body_custom_js":"","_kad_blocks_footer_custom_js":""},"product_cat":[1390],"product_tag":[],"class_list":{"0":"post-166593","1":"product","2":"type-product","3":"status-publish","4":"has-post-thumbnail","6":"product_cat-figures","7":"pa_brand-hot-toys-en","8":"pa_character-savage-opress-en","9":"pa_episode-star-wars-the-clone-wars-en","10":"pa_license-star-wars-en","11":"pa_product-type-figure","12":"pa_theme-sixth-scale-collectible-en","14":"first","15":"outofstock","16":"taxable","17":"shipping-taxable","18":"purchasable","19":"product-type-simple"},"acf":[],"yoast_head":"<!-- This site is optimized with the Yoast SEO plugin v26.1.1 - https:\/\/yoast.com\/wordpress\/plugins\/seo\/ -->\n<title>Star Wars: The Clone Wars Savage Opress 1\/6th Scale Collectible Figure - EndormoonStore<\/title>\n<meta name=\"robots\" content=\"index, follow, max-snippet:-1, max-image-preview:large, max-video-preview:-1\" \/>\n<link rel=\"canonical\" href=\"https:\/\/endormoonstore.com\/en\/star-wars-the-clone-wars-savage-opress-1-6th-scale-collectible-figure\/\" \/>\n<meta property=\"og:locale\" content=\"en_US\" \/>\n<meta property=\"og:type\" content=\"article\" \/>\n<meta property=\"og:title\" content=\"Star Wars: The Clone Wars Savage Opress 1\/6th Scale Collectible Figure - EndormoonStore\" \/>\n<meta property=\"og:description\" content=\"Star Wars: The Clone Wars Savage Opress 1\/6th Scale Collectible Figure Savage Opress\u00a0 fue una vez un Hermano de la Noche com\u00fan cuya destreza en la lucha impresion\u00f3 a Asajj Ventress\u00a0. Transformado en un guerrero monstruoso por la Madre Talzin, Opress se convirti\u00f3 en el nuevo asesino del Conde Dooku y aprendiz secreto\u00a0Sith . Sin embargo, su lealtad permaneci\u00f3 hacia Talzin. La l\u00edder de las Hermanas de la Noche le dio a Savage una nueva misi\u00f3n: encontrar a su hermano, Darth Maul, quien de alguna manera hab\u00eda sobrevivido a su aparente muerte y viv\u00eda exiliado en el Borde Exterior.\" \/>\n<meta property=\"og:url\" content=\"https:\/\/endormoonstore.com\/en\/star-wars-the-clone-wars-savage-opress-1-6th-scale-collectible-figure\/\" \/>\n<meta property=\"og:site_name\" content=\"EndormoonStore\" \/>\n<meta property=\"article:modified_time\" content=\"2024-11-10T21:18:04+00:00\" \/>\n<meta property=\"og:image\" content=\"https:\/\/endormoonstore.com\/wp-content\/uploads\/2024\/10\/Star-Wars-The-Clone-Wars-Savage-Opress-1-6th-Scale-Collectible-Figure-1.jpg\" \/>\n\t<meta property=\"og:image:width\" content=\"692\" \/>\n\t<meta property=\"og:image:height\" content=\"1000\" \/>\n\t<meta property=\"og:image:type\" content=\"image\/jpeg\" \/>\n<meta name=\"twitter:card\" content=\"summary_large_image\" \/>\n<meta name=\"twitter:label1\" content=\"Est. reading time\" \/>\n\t<meta name=\"twitter:data1\" content=\"3 minutes\" \/>\n<script type=\"application\/ld+json\" class=\"yoast-schema-graph\">{\"@context\":\"https:\/\/schema.org\",\"@graph\":[{\"@type\":\"WebPage\",\"@id\":\"https:\/\/endormoonstore.com\/en\/star-wars-the-clone-wars-savage-opress-1-6th-scale-collectible-figure\/\",\"url\":\"https:\/\/endormoonstore.com\/en\/star-wars-the-clone-wars-savage-opress-1-6th-scale-collectible-figure\/\",\"name\":\"Star Wars: The Clone Wars Savage Opress 1\/6th Scale Collectible Figure - EndormoonStore\",\"isPartOf\":{\"@id\":\"https:\/\/endormoonstore.com\/#website\"},\"primaryImageOfPage\":{\"@id\":\"https:\/\/endormoonstore.com\/en\/star-wars-the-clone-wars-savage-opress-1-6th-scale-collectible-figure\/#primaryimage\"},\"image\":{\"@id\":\"https:\/\/endormoonstore.com\/en\/star-wars-the-clone-wars-savage-opress-1-6th-scale-collectible-figure\/#primaryimage\"},\"thumbnailUrl\":\"https:\/\/endormoonstore.com\/wp-content\/uploads\/2024\/10\/Star-Wars-The-Clone-Wars-Savage-Opress-1-6th-Scale-Collectible-Figure-1.jpg\",\"datePublished\":\"2024-10-27T23:00:53+00:00\",\"dateModified\":\"2024-11-10T21:18:04+00:00\",\"breadcrumb\":{\"@id\":\"https:\/\/endormoonstore.com\/en\/star-wars-the-clone-wars-savage-opress-1-6th-scale-collectible-figure\/#breadcrumb\"},\"inLanguage\":\"en-US\",\"potentialAction\":[{\"@type\":\"ReadAction\",\"target\":[\"https:\/\/endormoonstore.com\/en\/star-wars-the-clone-wars-savage-opress-1-6th-scale-collectible-figure\/\"]}]},{\"@type\":\"ImageObject\",\"inLanguage\":\"en-US\",\"@id\":\"https:\/\/endormoonstore.com\/en\/star-wars-the-clone-wars-savage-opress-1-6th-scale-collectible-figure\/#primaryimage\",\"url\":\"https:\/\/endormoonstore.com\/wp-content\/uploads\/2024\/10\/Star-Wars-The-Clone-Wars-Savage-Opress-1-6th-Scale-Collectible-Figure-1.jpg\",\"contentUrl\":\"https:\/\/endormoonstore.com\/wp-content\/uploads\/2024\/10\/Star-Wars-The-Clone-Wars-Savage-Opress-1-6th-Scale-Collectible-Figure-1.jpg\",\"width\":692,\"height\":1000},{\"@type\":\"BreadcrumbList\",\"@id\":\"https:\/\/endormoonstore.com\/en\/star-wars-the-clone-wars-savage-opress-1-6th-scale-collectible-figure\/#breadcrumb\",\"itemListElement\":[{\"@type\":\"ListItem\",\"position\":1,\"name\":\"Shop\",\"item\":\"https:\/\/endormoonstore.com\/en\/shop\/\"},{\"@type\":\"ListItem\",\"position\":2,\"name\":\"Star Wars: The Clone Wars Savage Opress 1\/6th Scale Collectible Figure\"}]},{\"@type\":\"WebSite\",\"@id\":\"https:\/\/endormoonstore.com\/#website\",\"url\":\"https:\/\/endormoonstore.com\/\",\"name\":\"EndormoonStore\",\"description\":\"\",\"potentialAction\":[{\"@type\":\"SearchAction\",\"target\":{\"@type\":\"EntryPoint\",\"urlTemplate\":\"https:\/\/endormoonstore.com\/?s={search_term_string}\"},\"query-input\":{\"@type\":\"PropertyValueSpecification\",\"valueRequired\":true,\"valueName\":\"search_term_string\"}}],\"inLanguage\":\"en-US\"}]}<\/script>\n<!-- \/ Yoast SEO plugin. -->","yoast_head_json":{"title":"Star Wars: The Clone Wars Savage Opress 1\/6th Scale Collectible Figure - EndormoonStore","robots":{"index":"index","follow":"follow","max-snippet":"max-snippet:-1","max-image-preview":"max-image-preview:large","max-video-preview":"max-video-preview:-1"},"canonical":"https:\/\/endormoonstore.com\/en\/star-wars-the-clone-wars-savage-opress-1-6th-scale-collectible-figure\/","og_locale":"en_US","og_type":"article","og_title":"Star Wars: The Clone Wars Savage Opress 1\/6th Scale Collectible Figure - EndormoonStore","og_description":"Star Wars: The Clone Wars Savage Opress 1\/6th Scale Collectible Figure Savage Opress\u00a0 fue una vez un Hermano de la Noche com\u00fan cuya destreza en la lucha impresion\u00f3 a Asajj Ventress\u00a0. Transformado en un guerrero monstruoso por la Madre Talzin, Opress se convirti\u00f3 en el nuevo asesino del Conde Dooku y aprendiz secreto\u00a0Sith . Sin embargo, su lealtad permaneci\u00f3 hacia Talzin. La l\u00edder de las Hermanas de la Noche le dio a Savage una nueva misi\u00f3n: encontrar a su hermano, Darth Maul, quien de alguna manera hab\u00eda sobrevivido a su aparente muerte y viv\u00eda exiliado en el Borde Exterior.","og_url":"https:\/\/endormoonstore.com\/en\/star-wars-the-clone-wars-savage-opress-1-6th-scale-collectible-figure\/","og_site_name":"EndormoonStore","article_modified_time":"2024-11-10T21:18:04+00:00","og_image":[{"width":692,"height":1000,"url":"https:\/\/endormoonstore.com\/wp-content\/uploads\/2024\/10\/Star-Wars-The-Clone-Wars-Savage-Opress-1-6th-Scale-Collectible-Figure-1.jpg","type":"image\/jpeg"}],"twitter_card":"summary_large_image","twitter_misc":{"Est. reading time":"3 minutes"},"schema":{"@context":"https:\/\/schema.org","@graph":[{"@type":"WebPage","@id":"https:\/\/endormoonstore.com\/en\/star-wars-the-clone-wars-savage-opress-1-6th-scale-collectible-figure\/","url":"https:\/\/endormoonstore.com\/en\/star-wars-the-clone-wars-savage-opress-1-6th-scale-collectible-figure\/","name":"Star Wars: The Clone Wars Savage Opress 1\/6th Scale Collectible Figure - EndormoonStore","isPartOf":{"@id":"https:\/\/endormoonstore.com\/#website"},"primaryImageOfPage":{"@id":"https:\/\/endormoonstore.com\/en\/star-wars-the-clone-wars-savage-opress-1-6th-scale-collectible-figure\/#primaryimage"},"image":{"@id":"https:\/\/endormoonstore.com\/en\/star-wars-the-clone-wars-savage-opress-1-6th-scale-collectible-figure\/#primaryimage"},"thumbnailUrl":"https:\/\/endormoonstore.com\/wp-content\/uploads\/2024\/10\/Star-Wars-The-Clone-Wars-Savage-Opress-1-6th-Scale-Collectible-Figure-1.jpg","datePublished":"2024-10-27T23:00:53+00:00","dateModified":"2024-11-10T21:18:04+00:00","breadcrumb":{"@id":"https:\/\/endormoonstore.com\/en\/star-wars-the-clone-wars-savage-opress-1-6th-scale-collectible-figure\/#breadcrumb"},"inLanguage":"en-US","potentialAction":[{"@type":"ReadAction","target":["https:\/\/endormoonstore.com\/en\/star-wars-the-clone-wars-savage-opress-1-6th-scale-collectible-figure\/"]}]},{"@type":"ImageObject","inLanguage":"en-US","@id":"https:\/\/endormoonstore.com\/en\/star-wars-the-clone-wars-savage-opress-1-6th-scale-collectible-figure\/#primaryimage","url":"https:\/\/endormoonstore.com\/wp-content\/uploads\/2024\/10\/Star-Wars-The-Clone-Wars-Savage-Opress-1-6th-Scale-Collectible-Figure-1.jpg","contentUrl":"https:\/\/endormoonstore.com\/wp-content\/uploads\/2024\/10\/Star-Wars-The-Clone-Wars-Savage-Opress-1-6th-Scale-Collectible-Figure-1.jpg","width":692,"height":1000},{"@type":"BreadcrumbList","@id":"https:\/\/endormoonstore.com\/en\/star-wars-the-clone-wars-savage-opress-1-6th-scale-collectible-figure\/#breadcrumb","itemListElement":[{"@type":"ListItem","position":1,"name":"Shop","item":"https:\/\/endormoonstore.com\/en\/shop\/"},{"@type":"ListItem","position":2,"name":"Star Wars: The Clone Wars Savage Opress 1\/6th Scale Collectible Figure"}]},{"@type":"WebSite","@id":"https:\/\/endormoonstore.com\/#website","url":"https:\/\/endormoonstore.com\/","name":"EndormoonStore","description":"","potentialAction":[{"@type":"SearchAction","target":{"@type":"EntryPoint","urlTemplate":"https:\/\/endormoonstore.com\/?s={search_term_string}"},"query-input":{"@type":"PropertyValueSpecification","valueRequired":true,"valueName":"search_term_string"}}],"inLanguage":"en-US"}]}},"taxonomy_info":{"product_cat":[{"value":1390,"label":"Figures"}],"pa_brand":[{"value":1635,"label":"Hot Toys"}],"pa_character":[{"value":14929,"label":"Savage Opress"}],"pa_episode":[{"value":2333,"label":"Star Wars: The Clone Wars"}],"pa_license":[{"value":1644,"label":"Star Wars"}],"pa_product-type":[{"value":2387,"label":"Figure"}],"pa_theme":[{"value":4595,"label":"Sixth Scale Collectible"}]},"featured_image_src_large":["https:\/\/endormoonstore.com\/wp-content\/uploads\/2024\/10\/Star-Wars-The-Clone-Wars-Savage-Opress-1-6th-Scale-Collectible-Figure-1.jpg",692,1000,false],"author_info":[],"comment_info":"","_links":{"self":[{"href":"https:\/\/endormoonstore.com\/en\/wp-json\/wp\/v2\/product\/166593","targetHints":{"allow":["GET"]}}],"collection":[{"href":"https:\/\/endormoonstore.com\/en\/wp-json\/wp\/v2\/product"}],"about":[{"href":"https:\/\/endormoonstore.com\/en\/wp-json\/wp\/v2\/types\/product"}],"wp:featuredmedia":[{"embeddable":true,"href":"https:\/\/endormoonstore.com\/en\/wp-json\/wp\/v2\/media\/166551"}],"wp:attachment":[{"href":"https:\/\/endormoonstore.com\/en\/wp-json\/wp\/v2\/media?parent=166593"}],"wp:term":[{"taxonomy":"product_cat","embeddable":true,"href":"https:\/\/endormoonstore.com\/en\/wp-json\/wp\/v2\/product_cat?post=166593"},{"taxonomy":"product_tag","embeddable":true,"href":"https:\/\/endormoonstore.com\/en\/wp-json\/wp\/v2\/product_tag?post=166593"}],"curies":[{"name":"wp","href":"https:\/\/api.w.org\/{rel}","templated":true}]}}