{"id":166313,"date":"2024-10-21T04:00:02","date_gmt":"2024-10-21T02:00:02","guid":{"rendered":"https:\/\/endormoonstore.com\/carnage-x-marvel-select\/"},"modified":"2024-11-07T11:20:00","modified_gmt":"2024-11-07T10:20:00","slug":"carnage-x-marvel-select","status":"publish","type":"product","link":"https:\/\/endormoonstore.com\/en\/carnage-x-marvel-select\/","title":{"rendered":"Carnage X Marvel Select"},"content":{"rendered":"<p><strong>Carnage X Marvel Select<\/strong><\/p>\n<ul>\n<li>Que se haga Carnage! La figura de acci\u00f3n de \u00e9xito de Diamond Select Toys regresa para otra ronda, ya que la figura Carnage X est\u00e1 disponible una vez m\u00e1s.<\/li>\n<li>Anteriormente exclusiva de Disney Store, esta figura de 20 cm de alto del enemigo mortal de Spider-Man, Carnage, presenta cabezas y manos intercambiables exclusivas, as\u00ed como un cuello alargado.<\/li>\n<li>Con 16 puntos de articulaci\u00f3n, esta figura viene en el famoso empaque Marvel Select listo para exhibir, con ilustraciones en el panel lateral para referencia en la estanter\u00eda. \u00a1Esculpida por Jean St. Jean!<\/li>\n<\/ul>\n","protected":false},"excerpt":{"rendered":"<p><strong>Carnage X Marvel Select<\/strong><\/p>\n<p>Que se haga Carnage! La figura de acci\u00f3n de \u00e9xito de Diamond Select Toys regresa para otra ronda, ya que la figura Carnage X est\u00e1 disponible una vez m\u00e1s.<\/p>\n","protected":false},"featured_media":166307,"template":"","meta":{"_acf_changed":false,"_kad_blocks_custom_css":"","_kad_blocks_head_custom_js":"","_kad_blocks_body_custom_js":"","_kad_blocks_footer_custom_js":""},"product_cat":[1384],"product_tag":[],"class_list":{"0":"post-166313","1":"product","2":"type-product","3":"status-publish","4":"has-post-thumbnail","6":"product_cat-pre-orders","7":"pa_brand-diamond-select-toys-en","8":"pa_character-carnage-en","9":"pa_license-marvel-en","10":"pa_product-type-figure","11":"pa_theme-marvel-select-en","13":"first","14":"instock","15":"taxable","16":"shipping-taxable","17":"purchasable","18":"product-type-simple"},"acf":[],"yoast_head":"<!-- This site is optimized with the Yoast SEO plugin v26.1.1 - https:\/\/yoast.com\/wordpress\/plugins\/seo\/ -->\n<title>Carnage X Marvel Select - EndormoonStore<\/title>\n<meta name=\"robots\" content=\"index, follow, max-snippet:-1, max-image-preview:large, max-video-preview:-1\" \/>\n<link rel=\"canonical\" href=\"https:\/\/endormoonstore.com\/en\/carnage-x-marvel-select\/\" \/>\n<meta property=\"og:locale\" content=\"en_US\" \/>\n<meta property=\"og:type\" content=\"article\" \/>\n<meta property=\"og:title\" content=\"Carnage X Marvel Select - EndormoonStore\" \/>\n<meta property=\"og:description\" content=\"Carnage X Marvel Select  Que se haga Carnage! La figura de acci\u00f3n de \u00e9xito de Diamond Select Toys regresa para otra ronda, ya que la figura Carnage X est\u00e1 disponible una vez m\u00e1s.\" \/>\n<meta property=\"og:url\" content=\"https:\/\/endormoonstore.com\/en\/carnage-x-marvel-select\/\" \/>\n<meta property=\"og:site_name\" content=\"EndormoonStore\" \/>\n<meta property=\"article:modified_time\" content=\"2024-11-07T10:20:00+00:00\" \/>\n<meta property=\"og:image\" content=\"https:\/\/endormoonstore.com\/wp-content\/uploads\/2024\/11\/Carnage-X-Marvel-Select-Action-Figure-1.jpg\" \/>\n\t<meta property=\"og:image:width\" content=\"1000\" \/>\n\t<meta property=\"og:image:height\" content=\"1000\" \/>\n\t<meta property=\"og:image:type\" content=\"image\/jpeg\" \/>\n<meta name=\"twitter:card\" content=\"summary_large_image\" \/>\n<meta name=\"twitter:label1\" content=\"Est. reading time\" \/>\n\t<meta name=\"twitter:data1\" content=\"1 minute\" \/>\n<script type=\"application\/ld+json\" class=\"yoast-schema-graph\">{\"@context\":\"https:\/\/schema.org\",\"@graph\":[{\"@type\":\"WebPage\",\"@id\":\"https:\/\/endormoonstore.com\/en\/carnage-x-marvel-select\/\",\"url\":\"https:\/\/endormoonstore.com\/en\/carnage-x-marvel-select\/\",\"name\":\"Carnage X Marvel Select - EndormoonStore\",\"isPartOf\":{\"@id\":\"https:\/\/endormoonstore.com\/#website\"},\"primaryImageOfPage\":{\"@id\":\"https:\/\/endormoonstore.com\/en\/carnage-x-marvel-select\/#primaryimage\"},\"image\":{\"@id\":\"https:\/\/endormoonstore.com\/en\/carnage-x-marvel-select\/#primaryimage\"},\"thumbnailUrl\":\"https:\/\/endormoonstore.com\/wp-content\/uploads\/2024\/11\/Carnage-X-Marvel-Select-Action-Figure-1.jpg\",\"datePublished\":\"2024-10-21T02:00:02+00:00\",\"dateModified\":\"2024-11-07T10:20:00+00:00\",\"breadcrumb\":{\"@id\":\"https:\/\/endormoonstore.com\/en\/carnage-x-marvel-select\/#breadcrumb\"},\"inLanguage\":\"en-US\",\"potentialAction\":[{\"@type\":\"ReadAction\",\"target\":[\"https:\/\/endormoonstore.com\/en\/carnage-x-marvel-select\/\"]}]},{\"@type\":\"ImageObject\",\"inLanguage\":\"en-US\",\"@id\":\"https:\/\/endormoonstore.com\/en\/carnage-x-marvel-select\/#primaryimage\",\"url\":\"https:\/\/endormoonstore.com\/wp-content\/uploads\/2024\/11\/Carnage-X-Marvel-Select-Action-Figure-1.jpg\",\"contentUrl\":\"https:\/\/endormoonstore.com\/wp-content\/uploads\/2024\/11\/Carnage-X-Marvel-Select-Action-Figure-1.jpg\",\"width\":1000,\"height\":1000},{\"@type\":\"BreadcrumbList\",\"@id\":\"https:\/\/endormoonstore.com\/en\/carnage-x-marvel-select\/#breadcrumb\",\"itemListElement\":[{\"@type\":\"ListItem\",\"position\":1,\"name\":\"Shop\",\"item\":\"https:\/\/endormoonstore.com\/en\/shop\/\"},{\"@type\":\"ListItem\",\"position\":2,\"name\":\"Carnage X Marvel Select\"}]},{\"@type\":\"WebSite\",\"@id\":\"https:\/\/endormoonstore.com\/#website\",\"url\":\"https:\/\/endormoonstore.com\/\",\"name\":\"EndormoonStore\",\"description\":\"\",\"potentialAction\":[{\"@type\":\"SearchAction\",\"target\":{\"@type\":\"EntryPoint\",\"urlTemplate\":\"https:\/\/endormoonstore.com\/?s={search_term_string}\"},\"query-input\":{\"@type\":\"PropertyValueSpecification\",\"valueRequired\":true,\"valueName\":\"search_term_string\"}}],\"inLanguage\":\"en-US\"}]}<\/script>\n<!-- \/ Yoast SEO plugin. -->","yoast_head_json":{"title":"Carnage X Marvel Select - EndormoonStore","robots":{"index":"index","follow":"follow","max-snippet":"max-snippet:-1","max-image-preview":"max-image-preview:large","max-video-preview":"max-video-preview:-1"},"canonical":"https:\/\/endormoonstore.com\/en\/carnage-x-marvel-select\/","og_locale":"en_US","og_type":"article","og_title":"Carnage X Marvel Select - EndormoonStore","og_description":"Carnage X Marvel Select  Que se haga Carnage! La figura de acci\u00f3n de \u00e9xito de Diamond Select Toys regresa para otra ronda, ya que la figura Carnage X est\u00e1 disponible una vez m\u00e1s.","og_url":"https:\/\/endormoonstore.com\/en\/carnage-x-marvel-select\/","og_site_name":"EndormoonStore","article_modified_time":"2024-11-07T10:20:00+00:00","og_image":[{"width":1000,"height":1000,"url":"https:\/\/endormoonstore.com\/wp-content\/uploads\/2024\/11\/Carnage-X-Marvel-Select-Action-Figure-1.jpg","type":"image\/jpeg"}],"twitter_card":"summary_large_image","twitter_misc":{"Est. reading time":"1 minute"},"schema":{"@context":"https:\/\/schema.org","@graph":[{"@type":"WebPage","@id":"https:\/\/endormoonstore.com\/en\/carnage-x-marvel-select\/","url":"https:\/\/endormoonstore.com\/en\/carnage-x-marvel-select\/","name":"Carnage X Marvel Select - EndormoonStore","isPartOf":{"@id":"https:\/\/endormoonstore.com\/#website"},"primaryImageOfPage":{"@id":"https:\/\/endormoonstore.com\/en\/carnage-x-marvel-select\/#primaryimage"},"image":{"@id":"https:\/\/endormoonstore.com\/en\/carnage-x-marvel-select\/#primaryimage"},"thumbnailUrl":"https:\/\/endormoonstore.com\/wp-content\/uploads\/2024\/11\/Carnage-X-Marvel-Select-Action-Figure-1.jpg","datePublished":"2024-10-21T02:00:02+00:00","dateModified":"2024-11-07T10:20:00+00:00","breadcrumb":{"@id":"https:\/\/endormoonstore.com\/en\/carnage-x-marvel-select\/#breadcrumb"},"inLanguage":"en-US","potentialAction":[{"@type":"ReadAction","target":["https:\/\/endormoonstore.com\/en\/carnage-x-marvel-select\/"]}]},{"@type":"ImageObject","inLanguage":"en-US","@id":"https:\/\/endormoonstore.com\/en\/carnage-x-marvel-select\/#primaryimage","url":"https:\/\/endormoonstore.com\/wp-content\/uploads\/2024\/11\/Carnage-X-Marvel-Select-Action-Figure-1.jpg","contentUrl":"https:\/\/endormoonstore.com\/wp-content\/uploads\/2024\/11\/Carnage-X-Marvel-Select-Action-Figure-1.jpg","width":1000,"height":1000},{"@type":"BreadcrumbList","@id":"https:\/\/endormoonstore.com\/en\/carnage-x-marvel-select\/#breadcrumb","itemListElement":[{"@type":"ListItem","position":1,"name":"Shop","item":"https:\/\/endormoonstore.com\/en\/shop\/"},{"@type":"ListItem","position":2,"name":"Carnage X Marvel Select"}]},{"@type":"WebSite","@id":"https:\/\/endormoonstore.com\/#website","url":"https:\/\/endormoonstore.com\/","name":"EndormoonStore","description":"","potentialAction":[{"@type":"SearchAction","target":{"@type":"EntryPoint","urlTemplate":"https:\/\/endormoonstore.com\/?s={search_term_string}"},"query-input":{"@type":"PropertyValueSpecification","valueRequired":true,"valueName":"search_term_string"}}],"inLanguage":"en-US"}]}},"taxonomy_info":{"product_cat":[{"value":1384,"label":"Pre-orders"}],"pa_brand":[{"value":1632,"label":"Diamond Select Toys"}],"pa_character":[{"value":13776,"label":"Carnage"}],"pa_license":[{"value":1642,"label":"Marvel"}],"pa_product-type":[{"value":2387,"label":"Figure"}],"pa_theme":[{"value":2429,"label":"Marvel Select"}]},"featured_image_src_large":["https:\/\/endormoonstore.com\/wp-content\/uploads\/2024\/11\/Carnage-X-Marvel-Select-Action-Figure-1.jpg",1000,1000,false],"author_info":[],"comment_info":"","_links":{"self":[{"href":"https:\/\/endormoonstore.com\/en\/wp-json\/wp\/v2\/product\/166313","targetHints":{"allow":["GET"]}}],"collection":[{"href":"https:\/\/endormoonstore.com\/en\/wp-json\/wp\/v2\/product"}],"about":[{"href":"https:\/\/endormoonstore.com\/en\/wp-json\/wp\/v2\/types\/product"}],"wp:featuredmedia":[{"embeddable":true,"href":"https:\/\/endormoonstore.com\/en\/wp-json\/wp\/v2\/media\/166307"}],"wp:attachment":[{"href":"https:\/\/endormoonstore.com\/en\/wp-json\/wp\/v2\/media?parent=166313"}],"wp:term":[{"taxonomy":"product_cat","embeddable":true,"href":"https:\/\/endormoonstore.com\/en\/wp-json\/wp\/v2\/product_cat?post=166313"},{"taxonomy":"product_tag","embeddable":true,"href":"https:\/\/endormoonstore.com\/en\/wp-json\/wp\/v2\/product_tag?post=166313"}],"curies":[{"name":"wp","href":"https:\/\/api.w.org\/{rel}","templated":true}]}}