{"id":166239,"date":"2024-10-29T01:45:08","date_gmt":"2024-10-29T00:45:08","guid":{"rendered":"https:\/\/endormoonstore.com\/ultimate-beetlejuice-trench-coat-with-spikes-and-dantes-inferno-room-deluxe-set-beetlejuice-1988\/"},"modified":"2024-11-04T22:25:59","modified_gmt":"2024-11-04T21:25:59","slug":"ultimate-beetlejuice-trench-coat-with-spikes-and-dantes-inferno-room-deluxe-set-beetlejuice-1988","status":"publish","type":"product","link":"https:\/\/endormoonstore.com\/en\/ultimate-beetlejuice-trench-coat-with-spikes-and-dantes-inferno-room-deluxe-set-beetlejuice-1988\/","title":{"rendered":"Ultimate Beetlejuice Trench Coat with Spikes and Dante\u2019s Inferno Room Deluxe Set Beetlejuice (1988)"},"content":{"rendered":"<p><strong>Ultimate Beetlejuice Trench Coat with Spikes and Dante\u2019s Inferno Room Deluxe Set Beetlejuice (1988)<\/strong><\/p>\n<ul>\n<li>\u00a1Lleva tu exhibici\u00f3n de Beetlejuice al siguiente nivel con este set de diorama de lujo de Neca! Recreada a partir de la escena ic\u00f3nica de la pel\u00edcula original de Tim Burton de 1988, Dante&#8217;s Inferno Room es el club nocturno m\u00e1s caliente del m\u00e1s all\u00e1.<\/li>\n<li>El diorama mide 45 cm de alto y 60 cm de ancho. Este diorama altamente detallado es una gran pieza central de varios niveles para toda tu colecci\u00f3n y cuenta con LED aut\u00e9nticos de la pel\u00edcula.<\/li>\n<li>Viene con una figura de acci\u00f3n articulada exclusiva de Ultimate Beetlejuice que mide unos 18 cm de alto que luce su aspecto de gabardina con p\u00faas de la m\u00edtica escenas de la pel\u00edcula de 1988 &#8220;Beetlejuice.<\/li>\n<li>Se necesitan 3x pilas AAA (no incluidas) para las luces LED de la Sala Infierno. Tambi\u00e9n se puede conectar mediante USB-C (cable no incluido). Requiere algo de ensamblaje.<\/li>\n<\/ul>\n","protected":false},"excerpt":{"rendered":"<p><strong>Ultimate Beetlejuice Trench Coat with Spikes and Dante\u2019s Inferno Room Deluxe Set Beetlejuice (1988)<\/strong><\/p>\n<p>\u00a1Lleva tu exhibici\u00f3n de Beetlejuice al siguiente nivel con este set de diorama de lujo de Neca! Recreada a partir de la escena ic\u00f3nica de la pel\u00edcula original de Tim Burton de 1988, Dante&#8217;s Inferno Room es el club nocturno m\u00e1s caliente del m\u00e1s all\u00e1.<\/p>\n","protected":false},"featured_media":166208,"template":"","meta":{"_acf_changed":false,"_kad_blocks_custom_css":"","_kad_blocks_head_custom_js":"","_kad_blocks_body_custom_js":"","_kad_blocks_footer_custom_js":""},"product_cat":[1384],"product_tag":[],"class_list":{"0":"post-166239","1":"product","2":"type-product","3":"status-publish","4":"has-post-thumbnail","6":"product_cat-pre-orders","7":"pa_brand-neca-en","8":"pa_character-beetlejuice-en","9":"pa_character-dantes-inferno-room-en","10":"pa_license-beetlejuice-en","11":"pa_product-type-diorama-en","12":"pa_product-type-figure","14":"first","15":"instock","16":"taxable","17":"shipping-taxable","18":"purchasable","19":"product-type-simple"},"acf":[],"yoast_head":"<!-- This site is optimized with the Yoast SEO plugin v26.1.1 - https:\/\/yoast.com\/wordpress\/plugins\/seo\/ -->\n<title>Ultimate Beetlejuice Trench Coat with Spikes and Dante\u2019s Inferno Room Deluxe Set Beetlejuice (1988) - EndormoonStore<\/title>\n<meta name=\"robots\" content=\"index, follow, max-snippet:-1, max-image-preview:large, max-video-preview:-1\" \/>\n<link rel=\"canonical\" href=\"https:\/\/endormoonstore.com\/en\/ultimate-beetlejuice-trench-coat-with-spikes-and-dantes-inferno-room-deluxe-set-beetlejuice-1988\/\" \/>\n<meta property=\"og:locale\" content=\"en_US\" \/>\n<meta property=\"og:type\" content=\"article\" \/>\n<meta property=\"og:title\" content=\"Ultimate Beetlejuice Trench Coat with Spikes and Dante\u2019s Inferno Room Deluxe Set Beetlejuice (1988) - EndormoonStore\" \/>\n<meta property=\"og:description\" content=\"Ultimate Beetlejuice Trench Coat with Spikes and Dante\u2019s Inferno Room Deluxe Set Beetlejuice (1988)  \u00a1Lleva tu exhibici\u00f3n de Beetlejuice al siguiente nivel con este set de diorama de lujo de Neca! Recreada a partir de la escena ic\u00f3nica de la pel\u00edcula original de Tim Burton de 1988, Dante&#039;s Inferno Room es el club nocturno m\u00e1s caliente del m\u00e1s all\u00e1.\" \/>\n<meta property=\"og:url\" content=\"https:\/\/endormoonstore.com\/en\/ultimate-beetlejuice-trench-coat-with-spikes-and-dantes-inferno-room-deluxe-set-beetlejuice-1988\/\" \/>\n<meta property=\"og:site_name\" content=\"EndormoonStore\" \/>\n<meta property=\"article:modified_time\" content=\"2024-11-04T21:25:59+00:00\" \/>\n<meta property=\"og:image\" content=\"https:\/\/endormoonstore.com\/wp-content\/uploads\/2024\/10\/Ultimate-Beetlejuice-Trench-Coat-with-Spikes-and-Dantes-Inferno-Room-Deluxe-Set-Beetlejuice-1988-1.jpg\" \/>\n\t<meta property=\"og:image:width\" content=\"1000\" \/>\n\t<meta property=\"og:image:height\" content=\"1000\" \/>\n\t<meta property=\"og:image:type\" content=\"image\/jpeg\" \/>\n<meta name=\"twitter:card\" content=\"summary_large_image\" \/>\n<meta name=\"twitter:label1\" content=\"Est. reading time\" \/>\n\t<meta name=\"twitter:data1\" content=\"1 minute\" \/>\n<script type=\"application\/ld+json\" class=\"yoast-schema-graph\">{\"@context\":\"https:\/\/schema.org\",\"@graph\":[{\"@type\":\"WebPage\",\"@id\":\"https:\/\/endormoonstore.com\/en\/ultimate-beetlejuice-trench-coat-with-spikes-and-dantes-inferno-room-deluxe-set-beetlejuice-1988\/\",\"url\":\"https:\/\/endormoonstore.com\/en\/ultimate-beetlejuice-trench-coat-with-spikes-and-dantes-inferno-room-deluxe-set-beetlejuice-1988\/\",\"name\":\"Ultimate Beetlejuice Trench Coat with Spikes and Dante\u2019s Inferno Room Deluxe Set Beetlejuice (1988) - EndormoonStore\",\"isPartOf\":{\"@id\":\"https:\/\/endormoonstore.com\/#website\"},\"primaryImageOfPage\":{\"@id\":\"https:\/\/endormoonstore.com\/en\/ultimate-beetlejuice-trench-coat-with-spikes-and-dantes-inferno-room-deluxe-set-beetlejuice-1988\/#primaryimage\"},\"image\":{\"@id\":\"https:\/\/endormoonstore.com\/en\/ultimate-beetlejuice-trench-coat-with-spikes-and-dantes-inferno-room-deluxe-set-beetlejuice-1988\/#primaryimage\"},\"thumbnailUrl\":\"https:\/\/endormoonstore.com\/wp-content\/uploads\/2024\/10\/Ultimate-Beetlejuice-Trench-Coat-with-Spikes-and-Dantes-Inferno-Room-Deluxe-Set-Beetlejuice-1988-1.jpg\",\"datePublished\":\"2024-10-29T00:45:08+00:00\",\"dateModified\":\"2024-11-04T21:25:59+00:00\",\"breadcrumb\":{\"@id\":\"https:\/\/endormoonstore.com\/en\/ultimate-beetlejuice-trench-coat-with-spikes-and-dantes-inferno-room-deluxe-set-beetlejuice-1988\/#breadcrumb\"},\"inLanguage\":\"en-US\",\"potentialAction\":[{\"@type\":\"ReadAction\",\"target\":[\"https:\/\/endormoonstore.com\/en\/ultimate-beetlejuice-trench-coat-with-spikes-and-dantes-inferno-room-deluxe-set-beetlejuice-1988\/\"]}]},{\"@type\":\"ImageObject\",\"inLanguage\":\"en-US\",\"@id\":\"https:\/\/endormoonstore.com\/en\/ultimate-beetlejuice-trench-coat-with-spikes-and-dantes-inferno-room-deluxe-set-beetlejuice-1988\/#primaryimage\",\"url\":\"https:\/\/endormoonstore.com\/wp-content\/uploads\/2024\/10\/Ultimate-Beetlejuice-Trench-Coat-with-Spikes-and-Dantes-Inferno-Room-Deluxe-Set-Beetlejuice-1988-1.jpg\",\"contentUrl\":\"https:\/\/endormoonstore.com\/wp-content\/uploads\/2024\/10\/Ultimate-Beetlejuice-Trench-Coat-with-Spikes-and-Dantes-Inferno-Room-Deluxe-Set-Beetlejuice-1988-1.jpg\",\"width\":1000,\"height\":1000},{\"@type\":\"BreadcrumbList\",\"@id\":\"https:\/\/endormoonstore.com\/en\/ultimate-beetlejuice-trench-coat-with-spikes-and-dantes-inferno-room-deluxe-set-beetlejuice-1988\/#breadcrumb\",\"itemListElement\":[{\"@type\":\"ListItem\",\"position\":1,\"name\":\"Shop\",\"item\":\"https:\/\/endormoonstore.com\/en\/shop\/\"},{\"@type\":\"ListItem\",\"position\":2,\"name\":\"Ultimate Beetlejuice Trench Coat with Spikes and Dante\u2019s Inferno Room Deluxe Set Beetlejuice (1988)\"}]},{\"@type\":\"WebSite\",\"@id\":\"https:\/\/endormoonstore.com\/#website\",\"url\":\"https:\/\/endormoonstore.com\/\",\"name\":\"EndormoonStore\",\"description\":\"\",\"potentialAction\":[{\"@type\":\"SearchAction\",\"target\":{\"@type\":\"EntryPoint\",\"urlTemplate\":\"https:\/\/endormoonstore.com\/?s={search_term_string}\"},\"query-input\":{\"@type\":\"PropertyValueSpecification\",\"valueRequired\":true,\"valueName\":\"search_term_string\"}}],\"inLanguage\":\"en-US\"}]}<\/script>\n<!-- \/ Yoast SEO plugin. -->","yoast_head_json":{"title":"Ultimate Beetlejuice Trench Coat with Spikes and Dante\u2019s Inferno Room Deluxe Set Beetlejuice (1988) - EndormoonStore","robots":{"index":"index","follow":"follow","max-snippet":"max-snippet:-1","max-image-preview":"max-image-preview:large","max-video-preview":"max-video-preview:-1"},"canonical":"https:\/\/endormoonstore.com\/en\/ultimate-beetlejuice-trench-coat-with-spikes-and-dantes-inferno-room-deluxe-set-beetlejuice-1988\/","og_locale":"en_US","og_type":"article","og_title":"Ultimate Beetlejuice Trench Coat with Spikes and Dante\u2019s Inferno Room Deluxe Set Beetlejuice (1988) - EndormoonStore","og_description":"Ultimate Beetlejuice Trench Coat with Spikes and Dante\u2019s Inferno Room Deluxe Set Beetlejuice (1988)  \u00a1Lleva tu exhibici\u00f3n de Beetlejuice al siguiente nivel con este set de diorama de lujo de Neca! Recreada a partir de la escena ic\u00f3nica de la pel\u00edcula original de Tim Burton de 1988, Dante's Inferno Room es el club nocturno m\u00e1s caliente del m\u00e1s all\u00e1.","og_url":"https:\/\/endormoonstore.com\/en\/ultimate-beetlejuice-trench-coat-with-spikes-and-dantes-inferno-room-deluxe-set-beetlejuice-1988\/","og_site_name":"EndormoonStore","article_modified_time":"2024-11-04T21:25:59+00:00","og_image":[{"width":1000,"height":1000,"url":"https:\/\/endormoonstore.com\/wp-content\/uploads\/2024\/10\/Ultimate-Beetlejuice-Trench-Coat-with-Spikes-and-Dantes-Inferno-Room-Deluxe-Set-Beetlejuice-1988-1.jpg","type":"image\/jpeg"}],"twitter_card":"summary_large_image","twitter_misc":{"Est. reading time":"1 minute"},"schema":{"@context":"https:\/\/schema.org","@graph":[{"@type":"WebPage","@id":"https:\/\/endormoonstore.com\/en\/ultimate-beetlejuice-trench-coat-with-spikes-and-dantes-inferno-room-deluxe-set-beetlejuice-1988\/","url":"https:\/\/endormoonstore.com\/en\/ultimate-beetlejuice-trench-coat-with-spikes-and-dantes-inferno-room-deluxe-set-beetlejuice-1988\/","name":"Ultimate Beetlejuice Trench Coat with Spikes and Dante\u2019s Inferno Room Deluxe Set Beetlejuice (1988) - EndormoonStore","isPartOf":{"@id":"https:\/\/endormoonstore.com\/#website"},"primaryImageOfPage":{"@id":"https:\/\/endormoonstore.com\/en\/ultimate-beetlejuice-trench-coat-with-spikes-and-dantes-inferno-room-deluxe-set-beetlejuice-1988\/#primaryimage"},"image":{"@id":"https:\/\/endormoonstore.com\/en\/ultimate-beetlejuice-trench-coat-with-spikes-and-dantes-inferno-room-deluxe-set-beetlejuice-1988\/#primaryimage"},"thumbnailUrl":"https:\/\/endormoonstore.com\/wp-content\/uploads\/2024\/10\/Ultimate-Beetlejuice-Trench-Coat-with-Spikes-and-Dantes-Inferno-Room-Deluxe-Set-Beetlejuice-1988-1.jpg","datePublished":"2024-10-29T00:45:08+00:00","dateModified":"2024-11-04T21:25:59+00:00","breadcrumb":{"@id":"https:\/\/endormoonstore.com\/en\/ultimate-beetlejuice-trench-coat-with-spikes-and-dantes-inferno-room-deluxe-set-beetlejuice-1988\/#breadcrumb"},"inLanguage":"en-US","potentialAction":[{"@type":"ReadAction","target":["https:\/\/endormoonstore.com\/en\/ultimate-beetlejuice-trench-coat-with-spikes-and-dantes-inferno-room-deluxe-set-beetlejuice-1988\/"]}]},{"@type":"ImageObject","inLanguage":"en-US","@id":"https:\/\/endormoonstore.com\/en\/ultimate-beetlejuice-trench-coat-with-spikes-and-dantes-inferno-room-deluxe-set-beetlejuice-1988\/#primaryimage","url":"https:\/\/endormoonstore.com\/wp-content\/uploads\/2024\/10\/Ultimate-Beetlejuice-Trench-Coat-with-Spikes-and-Dantes-Inferno-Room-Deluxe-Set-Beetlejuice-1988-1.jpg","contentUrl":"https:\/\/endormoonstore.com\/wp-content\/uploads\/2024\/10\/Ultimate-Beetlejuice-Trench-Coat-with-Spikes-and-Dantes-Inferno-Room-Deluxe-Set-Beetlejuice-1988-1.jpg","width":1000,"height":1000},{"@type":"BreadcrumbList","@id":"https:\/\/endormoonstore.com\/en\/ultimate-beetlejuice-trench-coat-with-spikes-and-dantes-inferno-room-deluxe-set-beetlejuice-1988\/#breadcrumb","itemListElement":[{"@type":"ListItem","position":1,"name":"Shop","item":"https:\/\/endormoonstore.com\/en\/shop\/"},{"@type":"ListItem","position":2,"name":"Ultimate Beetlejuice Trench Coat with Spikes and Dante\u2019s Inferno Room Deluxe Set Beetlejuice (1988)"}]},{"@type":"WebSite","@id":"https:\/\/endormoonstore.com\/#website","url":"https:\/\/endormoonstore.com\/","name":"EndormoonStore","description":"","potentialAction":[{"@type":"SearchAction","target":{"@type":"EntryPoint","urlTemplate":"https:\/\/endormoonstore.com\/?s={search_term_string}"},"query-input":{"@type":"PropertyValueSpecification","valueRequired":true,"valueName":"search_term_string"}}],"inLanguage":"en-US"}]}},"taxonomy_info":{"product_cat":[{"value":1384,"label":"Pre-orders"}],"pa_brand":[{"value":2090,"label":"Neca"}],"pa_character":[{"value":4865,"label":"Beetlejuice"},{"value":14955,"label":"Dante\u2019s Inferno Room"}],"pa_license":[{"value":4871,"label":"Beetlejuice"}],"pa_product-type":[{"value":6603,"label":"Diorama"},{"value":2387,"label":"Figure"}]},"featured_image_src_large":["https:\/\/endormoonstore.com\/wp-content\/uploads\/2024\/10\/Ultimate-Beetlejuice-Trench-Coat-with-Spikes-and-Dantes-Inferno-Room-Deluxe-Set-Beetlejuice-1988-1.jpg",1000,1000,false],"author_info":[],"comment_info":"","_links":{"self":[{"href":"https:\/\/endormoonstore.com\/en\/wp-json\/wp\/v2\/product\/166239","targetHints":{"allow":["GET"]}}],"collection":[{"href":"https:\/\/endormoonstore.com\/en\/wp-json\/wp\/v2\/product"}],"about":[{"href":"https:\/\/endormoonstore.com\/en\/wp-json\/wp\/v2\/types\/product"}],"wp:featuredmedia":[{"embeddable":true,"href":"https:\/\/endormoonstore.com\/en\/wp-json\/wp\/v2\/media\/166208"}],"wp:attachment":[{"href":"https:\/\/endormoonstore.com\/en\/wp-json\/wp\/v2\/media?parent=166239"}],"wp:term":[{"taxonomy":"product_cat","embeddable":true,"href":"https:\/\/endormoonstore.com\/en\/wp-json\/wp\/v2\/product_cat?post=166239"},{"taxonomy":"product_tag","embeddable":true,"href":"https:\/\/endormoonstore.com\/en\/wp-json\/wp\/v2\/product_tag?post=166239"}],"curies":[{"name":"wp","href":"https:\/\/api.w.org\/{rel}","templated":true}]}}