{"id":166173,"date":"2024-10-29T01:40:25","date_gmt":"2024-10-29T00:40:25","guid":{"rendered":"https:\/\/endormoonstore.com\/terminator-2-judgment-day-t-1000-2-0-movie-masterpiece-1-6th-scale-collectible-figure\/"},"modified":"2024-11-04T16:57:29","modified_gmt":"2024-11-04T15:57:29","slug":"terminator-2-judgment-day-t-1000-2-0-movie-masterpiece-1-6th-scale-collectible-figure","status":"publish","type":"product","link":"https:\/\/endormoonstore.com\/en\/terminator-2-judgment-day-t-1000-2-0-movie-masterpiece-1-6th-scale-collectible-figure\/","title":{"rendered":"Terminator 2: Judgment Day T-1000 (2.0) Movie Masterpiece 1\/6th Scale Collectible Figure"},"content":{"rendered":"<p><strong>Terminator 2: Judgment Day T-1000 (2.0) Movie Masterpiece 1\/6th Scale Collectible Figure<\/strong><\/p>\n<div id=\"prod-summary\">\n<div class=\"product_details__in_box\">\n<ul>\n<li>Terminator 2: Judgment Day\u00a0\u00a0presenta una historia cautivadora que no solo dej\u00f3 al p\u00fablico asombrado con CGI innovador, retratando personajes como el T-1000 de metal l\u00edquido, sino que tambi\u00e9n estableci\u00f3 un nuevo est\u00e1ndar para los efectos visuales en el cine actual.<\/li>\n<li>Hot Toys \u00a0se complace en presentar oficialmente a los fan\u00e1ticos la\u00a0<strong>figura coleccionable de sexta escala T-1000 (2.0)<\/strong> basada en Terminator 2: Judgment Day<\/li>\n<li>Elaborada a partir de\u00a0\u00a0la apariencia de pantalla de T-1000 en la pel\u00edcula, la nueva versi\u00f3n de<strong>\u00a01\/6th Scale Collectible Figure de T-1000<\/strong> presenta dos esculturas de cabeza recientemente desarrolladas con globos oculares giratorios separados: una versi\u00f3n normal y una versi\u00f3n da\u00f1ada por la batalla con un dise\u00f1o revelador de metal l\u00edquido, junto con tres antebrazos con efecto de metal l\u00edquido. Sus trajes tambi\u00e9n se recrean fielmente desde una chaqueta de polic\u00eda, una camisa de color azul oscuro con detalles, dos pares de pantalones para diferentes opciones de atuendo, un cintur\u00f3n de herramientas, hasta tres tipos de zapatos, incluido uno con efecto de metal l\u00edquido. Los accesorios y armas m\u00e1s detallados que elevan su exhibici\u00f3n incluyen un casco, una linterna, un walkie-talkie, un par de lentes de sol, un par de esposas, una metralleta, una pistola y un juego de efectos de metal l\u00edquido acoplables magn\u00e9ticamente.<\/li>\n<li>Tambi\u00e9n viene con una base de figura de diorama iluminada con LED con tem\u00e1tica de f\u00e1brica de acero especialmente dise\u00f1ada para replicar la escena de batalla.<\/li>\n<li>Tu colecci\u00f3n de Terminator\u00a0estar\u00eda incompleta sin esta fenomenal figura coleccionable T-1000.<\/li>\n<\/ul>\n<h4>Qu\u00e9 hay en la caja:<\/h4>\n<ul>\n<li>Imagen aut\u00e9ntica y detallada de Robert Patrick como T-1000 en Terminator 2: el juicio final<\/li>\n<li>Dos esculturas de cabeza recientemente desarrolladas, que incluyen:<\/li>\n<li>Una versi\u00f3n regular con globos oculares giratorios separados<\/li>\n<li>Una versi\u00f3n da\u00f1ada por la batalla con dise\u00f1o revelador de metal l\u00edquido y globo ocular giratorio separado en el ojo izquierdo<\/li>\n<li>Expresi\u00f3n facial y textura de la piel fieles a las de la pel\u00edcula.<\/li>\n<li>Aproximadamente 31 cm de alto<\/li>\n<li>Cuerpo de nuevo desarrollo con m\u00e1s de 30 puntos de articulaci\u00f3n.<\/li>\n<li>Once piezas de manos intercambiables que incluyen:\n<ul>\n<li>Un par de manos relajadas<\/li>\n<li>Un par de manos abiertas<\/li>\n<li>Un par de manos que sostienen una pistola<\/li>\n<li>Un par de accesorios tomados de la mano<\/li>\n<li>Un dedo \u00edndice apuntando con la mano derecha<\/li>\n<li>Dos manos derechas con dedos \u00edndices puntiagudos con efecto metal l\u00edquido<\/li>\n<li>Un par de antebrazos con efecto de metal l\u00edquido en forma de garra, que se pueden unir a la figura.<\/li>\n<li>Un antebrazo con efecto de metal l\u00edquido en forma de cuchilla, que se puede unir a la figura.<\/li>\n<\/ul>\n<\/li>\n<li>Cada escultura de cabeza est\u00e1 especialmente pintada a mano.<\/li>\n<\/ul>\n<h4>TRAJE:<\/h4>\n<ul>\n<li>Una chaqueta nueva a medida de color negro con insignias de polic\u00eda.<\/li>\n<li>Una camisa nueva a medida de color azul oscuro con insignias de polic\u00eda y etiqueta con nombre.<\/li>\n<li>Una camiseta blanca.<\/li>\n<li>Un par de pantalones de color azul oscuro.<\/li>\n<li>Un par de pantalones ajustados de color azul oscuro.<\/li>\n<li>Un cintur\u00f3n de color negro.<\/li>\n<li>Un cintur\u00f3n utilitario de color negro con bolsillos y funda para pistola.<\/li>\n<li>Un par de calcetines de color negro.<\/li>\n<li>Un par de zapatos de color negro.<\/li>\n<li>Un par de botas de color negro.<\/li>\n<li>Un par de botas con efecto metal l\u00edquido.<\/li>\n<\/ul>\n<h4>Armas:<\/h4>\n<ul>\n<li>Una metralleta<\/li>\n<li>Una pistola<\/li>\n<\/ul>\n<h4><strong>Accesorios:<\/strong><\/h4>\n<ul>\n<li>Un casco, una linterna, un walkie-talkie, un par de esposas ,un par de gafas de sol, un juego de efectos de metal l\u00edquido, que se pueden colocar magn\u00e9ticamente en la camisa.<\/li>\n<li>Base de figura de diorama con tem\u00e1tica de f\u00e1brica de acero iluminada con LED especialmente dise\u00f1ada con logotipo de pel\u00edcula y placa de identificaci\u00f3n del personaje (luz amarilla, alimentaci\u00f3n por USB)* Base de la figura: Funci\u00f3n de iluminaci\u00f3n operada mediante alimentaci\u00f3n USB* El cable de conexi\u00f3n USB no est\u00e1 incluido para coleccionables, se requiere un cable USB-C<\/li>\n<\/ul>\n<\/div>\n<\/div>\n","protected":false},"excerpt":{"rendered":"<p><strong>Terminator 2: Judgment Day T-1000 (2.0) Movie Masterpiece 1\/6th Scale Collectible Figure<\/strong><\/p>\n<p>Terminator 2: Judgment Day\u00a0\u00a0presenta una historia cautivadora que no solo dej\u00f3 al p\u00fablico asombrado con CGI innovador, retratando personajes como el T-1000 de metal l\u00edquido, sino que tambi\u00e9n estableci\u00f3 un nuevo est\u00e1ndar para los efectos visuales en el cine actual.<\/p>\n<p class=\"p1\">\n","protected":false},"featured_media":166129,"template":"","meta":{"_acf_changed":false,"_kad_blocks_custom_css":"","_kad_blocks_head_custom_js":"","_kad_blocks_body_custom_js":"","_kad_blocks_footer_custom_js":""},"product_cat":[13453,1384],"product_tag":[],"class_list":{"0":"post-166173","1":"product","2":"type-product","3":"status-publish","4":"has-post-thumbnail","6":"product_cat-featured","7":"product_cat-pre-orders","8":"pa_brand-hot-toys-en","9":"pa_character-t1000-en","10":"pa_episode-terminator-2-en","11":"pa_license-terminator-en","12":"pa_product-type-figure","13":"pa_theme-sixth-scale-collectible-en","15":"first","16":"outofstock","17":"taxable","18":"shipping-taxable","19":"purchasable","20":"product-type-simple"},"acf":[],"yoast_head":"<!-- This site is optimized with the Yoast SEO plugin v26.1.1 - https:\/\/yoast.com\/wordpress\/plugins\/seo\/ -->\n<title>Terminator 2: Judgment Day T-1000 (2.0) Movie Masterpiece 1\/6th Scale Collectible Figure - EndormoonStore<\/title>\n<meta name=\"robots\" content=\"index, follow, max-snippet:-1, max-image-preview:large, max-video-preview:-1\" \/>\n<link rel=\"canonical\" href=\"https:\/\/endormoonstore.com\/en\/terminator-2-judgment-day-t-1000-2-0-movie-masterpiece-1-6th-scale-collectible-figure\/\" \/>\n<meta property=\"og:locale\" content=\"en_US\" \/>\n<meta property=\"og:type\" content=\"article\" \/>\n<meta property=\"og:title\" content=\"Terminator 2: Judgment Day T-1000 (2.0) Movie Masterpiece 1\/6th Scale Collectible Figure - EndormoonStore\" \/>\n<meta property=\"og:description\" content=\"Terminator 2: Judgment Day T-1000 (2.0) Movie Masterpiece 1\/6th Scale Collectible Figure  Terminator 2: Judgment Day\u00a0\u00a0presenta una historia cautivadora que no solo dej\u00f3 al p\u00fablico asombrado con CGI innovador, retratando personajes como el T-1000 de metal l\u00edquido, sino que tambi\u00e9n estableci\u00f3 un nuevo est\u00e1ndar para los efectos visuales en el cine actual.\" \/>\n<meta property=\"og:url\" content=\"https:\/\/endormoonstore.com\/en\/terminator-2-judgment-day-t-1000-2-0-movie-masterpiece-1-6th-scale-collectible-figure\/\" \/>\n<meta property=\"og:site_name\" content=\"EndormoonStore\" \/>\n<meta property=\"article:modified_time\" content=\"2024-11-04T15:57:29+00:00\" \/>\n<meta property=\"og:image\" content=\"https:\/\/endormoonstore.com\/wp-content\/uploads\/2024\/11\/Terminator-2-Judgment-Day-T-1000-2.0-Movie-Masterpiece-1-6th-Scale-Collectible-Figure-1.jpg\" \/>\n\t<meta property=\"og:image:width\" content=\"692\" \/>\n\t<meta property=\"og:image:height\" content=\"1000\" \/>\n\t<meta property=\"og:image:type\" content=\"image\/jpeg\" \/>\n<meta name=\"twitter:card\" content=\"summary_large_image\" \/>\n<meta name=\"twitter:label1\" content=\"Est. reading time\" \/>\n\t<meta name=\"twitter:data1\" content=\"4 minutes\" \/>\n<script type=\"application\/ld+json\" class=\"yoast-schema-graph\">{\"@context\":\"https:\/\/schema.org\",\"@graph\":[{\"@type\":\"WebPage\",\"@id\":\"https:\/\/endormoonstore.com\/en\/terminator-2-judgment-day-t-1000-2-0-movie-masterpiece-1-6th-scale-collectible-figure\/\",\"url\":\"https:\/\/endormoonstore.com\/en\/terminator-2-judgment-day-t-1000-2-0-movie-masterpiece-1-6th-scale-collectible-figure\/\",\"name\":\"Terminator 2: Judgment Day T-1000 (2.0) Movie Masterpiece 1\/6th Scale Collectible Figure - EndormoonStore\",\"isPartOf\":{\"@id\":\"https:\/\/endormoonstore.com\/#website\"},\"primaryImageOfPage\":{\"@id\":\"https:\/\/endormoonstore.com\/en\/terminator-2-judgment-day-t-1000-2-0-movie-masterpiece-1-6th-scale-collectible-figure\/#primaryimage\"},\"image\":{\"@id\":\"https:\/\/endormoonstore.com\/en\/terminator-2-judgment-day-t-1000-2-0-movie-masterpiece-1-6th-scale-collectible-figure\/#primaryimage\"},\"thumbnailUrl\":\"https:\/\/endormoonstore.com\/wp-content\/uploads\/2024\/11\/Terminator-2-Judgment-Day-T-1000-2.0-Movie-Masterpiece-1-6th-Scale-Collectible-Figure-1.jpg\",\"datePublished\":\"2024-10-29T00:40:25+00:00\",\"dateModified\":\"2024-11-04T15:57:29+00:00\",\"breadcrumb\":{\"@id\":\"https:\/\/endormoonstore.com\/en\/terminator-2-judgment-day-t-1000-2-0-movie-masterpiece-1-6th-scale-collectible-figure\/#breadcrumb\"},\"inLanguage\":\"en-US\",\"potentialAction\":[{\"@type\":\"ReadAction\",\"target\":[\"https:\/\/endormoonstore.com\/en\/terminator-2-judgment-day-t-1000-2-0-movie-masterpiece-1-6th-scale-collectible-figure\/\"]}]},{\"@type\":\"ImageObject\",\"inLanguage\":\"en-US\",\"@id\":\"https:\/\/endormoonstore.com\/en\/terminator-2-judgment-day-t-1000-2-0-movie-masterpiece-1-6th-scale-collectible-figure\/#primaryimage\",\"url\":\"https:\/\/endormoonstore.com\/wp-content\/uploads\/2024\/11\/Terminator-2-Judgment-Day-T-1000-2.0-Movie-Masterpiece-1-6th-Scale-Collectible-Figure-1.jpg\",\"contentUrl\":\"https:\/\/endormoonstore.com\/wp-content\/uploads\/2024\/11\/Terminator-2-Judgment-Day-T-1000-2.0-Movie-Masterpiece-1-6th-Scale-Collectible-Figure-1.jpg\",\"width\":692,\"height\":1000},{\"@type\":\"BreadcrumbList\",\"@id\":\"https:\/\/endormoonstore.com\/en\/terminator-2-judgment-day-t-1000-2-0-movie-masterpiece-1-6th-scale-collectible-figure\/#breadcrumb\",\"itemListElement\":[{\"@type\":\"ListItem\",\"position\":1,\"name\":\"Shop\",\"item\":\"https:\/\/endormoonstore.com\/en\/shop\/\"},{\"@type\":\"ListItem\",\"position\":2,\"name\":\"Terminator 2: Judgment Day T-1000 (2.0) Movie Masterpiece 1\/6th Scale Collectible Figure\"}]},{\"@type\":\"WebSite\",\"@id\":\"https:\/\/endormoonstore.com\/#website\",\"url\":\"https:\/\/endormoonstore.com\/\",\"name\":\"EndormoonStore\",\"description\":\"\",\"potentialAction\":[{\"@type\":\"SearchAction\",\"target\":{\"@type\":\"EntryPoint\",\"urlTemplate\":\"https:\/\/endormoonstore.com\/?s={search_term_string}\"},\"query-input\":{\"@type\":\"PropertyValueSpecification\",\"valueRequired\":true,\"valueName\":\"search_term_string\"}}],\"inLanguage\":\"en-US\"}]}<\/script>\n<!-- \/ Yoast SEO plugin. -->","yoast_head_json":{"title":"Terminator 2: Judgment Day T-1000 (2.0) Movie Masterpiece 1\/6th Scale Collectible Figure - EndormoonStore","robots":{"index":"index","follow":"follow","max-snippet":"max-snippet:-1","max-image-preview":"max-image-preview:large","max-video-preview":"max-video-preview:-1"},"canonical":"https:\/\/endormoonstore.com\/en\/terminator-2-judgment-day-t-1000-2-0-movie-masterpiece-1-6th-scale-collectible-figure\/","og_locale":"en_US","og_type":"article","og_title":"Terminator 2: Judgment Day T-1000 (2.0) Movie Masterpiece 1\/6th Scale Collectible Figure - EndormoonStore","og_description":"Terminator 2: Judgment Day T-1000 (2.0) Movie Masterpiece 1\/6th Scale Collectible Figure  Terminator 2: Judgment Day\u00a0\u00a0presenta una historia cautivadora que no solo dej\u00f3 al p\u00fablico asombrado con CGI innovador, retratando personajes como el T-1000 de metal l\u00edquido, sino que tambi\u00e9n estableci\u00f3 un nuevo est\u00e1ndar para los efectos visuales en el cine actual.","og_url":"https:\/\/endormoonstore.com\/en\/terminator-2-judgment-day-t-1000-2-0-movie-masterpiece-1-6th-scale-collectible-figure\/","og_site_name":"EndormoonStore","article_modified_time":"2024-11-04T15:57:29+00:00","og_image":[{"width":692,"height":1000,"url":"https:\/\/endormoonstore.com\/wp-content\/uploads\/2024\/11\/Terminator-2-Judgment-Day-T-1000-2.0-Movie-Masterpiece-1-6th-Scale-Collectible-Figure-1.jpg","type":"image\/jpeg"}],"twitter_card":"summary_large_image","twitter_misc":{"Est. reading time":"4 minutes"},"schema":{"@context":"https:\/\/schema.org","@graph":[{"@type":"WebPage","@id":"https:\/\/endormoonstore.com\/en\/terminator-2-judgment-day-t-1000-2-0-movie-masterpiece-1-6th-scale-collectible-figure\/","url":"https:\/\/endormoonstore.com\/en\/terminator-2-judgment-day-t-1000-2-0-movie-masterpiece-1-6th-scale-collectible-figure\/","name":"Terminator 2: Judgment Day T-1000 (2.0) Movie Masterpiece 1\/6th Scale Collectible Figure - EndormoonStore","isPartOf":{"@id":"https:\/\/endormoonstore.com\/#website"},"primaryImageOfPage":{"@id":"https:\/\/endormoonstore.com\/en\/terminator-2-judgment-day-t-1000-2-0-movie-masterpiece-1-6th-scale-collectible-figure\/#primaryimage"},"image":{"@id":"https:\/\/endormoonstore.com\/en\/terminator-2-judgment-day-t-1000-2-0-movie-masterpiece-1-6th-scale-collectible-figure\/#primaryimage"},"thumbnailUrl":"https:\/\/endormoonstore.com\/wp-content\/uploads\/2024\/11\/Terminator-2-Judgment-Day-T-1000-2.0-Movie-Masterpiece-1-6th-Scale-Collectible-Figure-1.jpg","datePublished":"2024-10-29T00:40:25+00:00","dateModified":"2024-11-04T15:57:29+00:00","breadcrumb":{"@id":"https:\/\/endormoonstore.com\/en\/terminator-2-judgment-day-t-1000-2-0-movie-masterpiece-1-6th-scale-collectible-figure\/#breadcrumb"},"inLanguage":"en-US","potentialAction":[{"@type":"ReadAction","target":["https:\/\/endormoonstore.com\/en\/terminator-2-judgment-day-t-1000-2-0-movie-masterpiece-1-6th-scale-collectible-figure\/"]}]},{"@type":"ImageObject","inLanguage":"en-US","@id":"https:\/\/endormoonstore.com\/en\/terminator-2-judgment-day-t-1000-2-0-movie-masterpiece-1-6th-scale-collectible-figure\/#primaryimage","url":"https:\/\/endormoonstore.com\/wp-content\/uploads\/2024\/11\/Terminator-2-Judgment-Day-T-1000-2.0-Movie-Masterpiece-1-6th-Scale-Collectible-Figure-1.jpg","contentUrl":"https:\/\/endormoonstore.com\/wp-content\/uploads\/2024\/11\/Terminator-2-Judgment-Day-T-1000-2.0-Movie-Masterpiece-1-6th-Scale-Collectible-Figure-1.jpg","width":692,"height":1000},{"@type":"BreadcrumbList","@id":"https:\/\/endormoonstore.com\/en\/terminator-2-judgment-day-t-1000-2-0-movie-masterpiece-1-6th-scale-collectible-figure\/#breadcrumb","itemListElement":[{"@type":"ListItem","position":1,"name":"Shop","item":"https:\/\/endormoonstore.com\/en\/shop\/"},{"@type":"ListItem","position":2,"name":"Terminator 2: Judgment Day T-1000 (2.0) Movie Masterpiece 1\/6th Scale Collectible Figure"}]},{"@type":"WebSite","@id":"https:\/\/endormoonstore.com\/#website","url":"https:\/\/endormoonstore.com\/","name":"EndormoonStore","description":"","potentialAction":[{"@type":"SearchAction","target":{"@type":"EntryPoint","urlTemplate":"https:\/\/endormoonstore.com\/?s={search_term_string}"},"query-input":{"@type":"PropertyValueSpecification","valueRequired":true,"valueName":"search_term_string"}}],"inLanguage":"en-US"}]}},"taxonomy_info":{"product_cat":[{"value":13453,"label":"Featured"},{"value":1384,"label":"Pre-orders"}],"pa_brand":[{"value":1635,"label":"Hot Toys"}],"pa_character":[{"value":5195,"label":"T1000"}],"pa_episode":[{"value":8327,"label":"Terminator 2"}],"pa_license":[{"value":2804,"label":"Terminator"}],"pa_product-type":[{"value":2387,"label":"Figure"}],"pa_theme":[{"value":4595,"label":"Sixth Scale Collectible"}]},"featured_image_src_large":["https:\/\/endormoonstore.com\/wp-content\/uploads\/2024\/11\/Terminator-2-Judgment-Day-T-1000-2.0-Movie-Masterpiece-1-6th-Scale-Collectible-Figure-1.jpg",692,1000,false],"author_info":[],"comment_info":"","_links":{"self":[{"href":"https:\/\/endormoonstore.com\/en\/wp-json\/wp\/v2\/product\/166173","targetHints":{"allow":["GET"]}}],"collection":[{"href":"https:\/\/endormoonstore.com\/en\/wp-json\/wp\/v2\/product"}],"about":[{"href":"https:\/\/endormoonstore.com\/en\/wp-json\/wp\/v2\/types\/product"}],"wp:featuredmedia":[{"embeddable":true,"href":"https:\/\/endormoonstore.com\/en\/wp-json\/wp\/v2\/media\/166129"}],"wp:attachment":[{"href":"https:\/\/endormoonstore.com\/en\/wp-json\/wp\/v2\/media?parent=166173"}],"wp:term":[{"taxonomy":"product_cat","embeddable":true,"href":"https:\/\/endormoonstore.com\/en\/wp-json\/wp\/v2\/product_cat?post=166173"},{"taxonomy":"product_tag","embeddable":true,"href":"https:\/\/endormoonstore.com\/en\/wp-json\/wp\/v2\/product_tag?post=166173"}],"curies":[{"name":"wp","href":"https:\/\/api.w.org\/{rel}","templated":true}]}}