{"id":166126,"date":"2024-10-20T01:35:36","date_gmt":"2024-10-19T23:35:36","guid":{"rendered":"https:\/\/endormoonstore.com\/star-wars-the-black-series-star-wars-the-phantom-menace-droideka-destroyer-droid\/"},"modified":"2024-11-04T11:11:11","modified_gmt":"2024-11-04T10:11:11","slug":"star-wars-the-black-series-star-wars-the-phantom-menace-droideka-destroyer-droid","status":"publish","type":"product","link":"https:\/\/endormoonstore.com\/en\/star-wars-the-black-series-star-wars-the-phantom-menace-droideka-destroyer-droid\/","title":{"rendered":"Star Wars The Black Series Star Wars: The Phantom Menace Droideka Destroyer Droid"},"content":{"rendered":"<p class=\"p1\"><strong>Star Wars The Black Series Star Wars: The Phantom Menace Droideka Destroyer Droid<\/strong><\/p>\n<ul class=\"ul1\">\n<li class=\"li1\">\n<div class=\"pull-left margenDatosSecundarios\">\n<div id=\"ctl00_MainContent_dvSinopsis\" class=\"pull-left w100\">\n<div class=\"pull-left w100 text-justify well well-lg text-primary\">Hasbro presenta, dentro de la colecci\u00f3n The Black Series, la figura de Droideka Destroyer Droid. Est\u00e1 basada en su aparici\u00f3n en la pel\u00edcula &#8220;Star Wars: The Phantom Menace&#8221; y mide unos 15 cm.<\/div>\n<\/div>\n<\/div>\n<\/li>\n<li>Equipados con dos bl\u00e1sters en sus brazos, los Droideka son droides destructores dise\u00f1ados con un objetivo en mente: la aniquilaci\u00f3n.<\/li>\n<li class=\"li1\">Este droide se puede colocar de pie sobre sus tres patas o en forma de globo protector. Adem\u00e1s, est\u00e1 armado con bl\u00e1sters dobles en sus brazos.<\/li>\n<\/ul>\n","protected":false},"excerpt":{"rendered":"<p class=\"p1\"><strong>Star Wars The Black Series Star Wars: The Phantom Menace Droideka Destroyer Droid<\/strong><\/p>\n<p class=\"p1\">Hasbro presenta, dentro de la colecci\u00f3n The Black Series, la figura de Droideka Destroyer Droid. Est\u00e1 basada en su aparici\u00f3n en la pel\u00edcula &#8220;Star Wars: The Phantom Menace&#8221; y mide unos 15 cm.<\/p>\n","protected":false},"featured_media":166107,"template":"","meta":{"_acf_changed":false,"_kad_blocks_custom_css":"","_kad_blocks_head_custom_js":"","_kad_blocks_body_custom_js":"","_kad_blocks_footer_custom_js":""},"product_cat":[1390,13511],"product_tag":[],"class_list":{"0":"post-166126","1":"product","2":"type-product","3":"status-publish","4":"has-post-thumbnail","6":"product_cat-figures","7":"product_cat-new-arrivals","8":"pa_brand-hasbro-en","9":"pa_character-droideka-en","10":"pa_episode-star-wars-the-phantom-menace","11":"pa_license-star-wars-en","12":"pa_product-type-figure","13":"pa_theme-the-black-series-en","15":"first","16":"outofstock","17":"taxable","18":"shipping-taxable","19":"purchasable","20":"product-type-simple"},"acf":[],"yoast_head":"<!-- This site is optimized with the Yoast SEO plugin v26.1.1 - https:\/\/yoast.com\/wordpress\/plugins\/seo\/ -->\n<title>Star Wars The Black Series Star Wars: The Phantom Menace Droideka Destroyer Droid - EndormoonStore<\/title>\n<meta name=\"robots\" content=\"index, follow, max-snippet:-1, max-image-preview:large, max-video-preview:-1\" \/>\n<link rel=\"canonical\" href=\"https:\/\/endormoonstore.com\/en\/star-wars-the-black-series-star-wars-the-phantom-menace-droideka-destroyer-droid\/\" \/>\n<meta property=\"og:locale\" content=\"en_US\" \/>\n<meta property=\"og:type\" content=\"article\" \/>\n<meta property=\"og:title\" content=\"Star Wars The Black Series Star Wars: The Phantom Menace Droideka Destroyer Droid - EndormoonStore\" \/>\n<meta property=\"og:description\" content=\"Star Wars The Black Series Star Wars: The Phantom Menace Droideka Destroyer Droid Hasbro presenta, dentro de la colecci\u00f3n The Black Series, la figura de Droideka Destroyer Droid. Est\u00e1 basada en su aparici\u00f3n en la pel\u00edcula &quot;Star Wars: The Phantom Menace&quot; y mide unos 15 cm.\" \/>\n<meta property=\"og:url\" content=\"https:\/\/endormoonstore.com\/en\/star-wars-the-black-series-star-wars-the-phantom-menace-droideka-destroyer-droid\/\" \/>\n<meta property=\"og:site_name\" content=\"EndormoonStore\" \/>\n<meta property=\"article:modified_time\" content=\"2024-11-04T10:11:11+00:00\" \/>\n<meta property=\"og:image\" content=\"https:\/\/endormoonstore.com\/wp-content\/uploads\/2024\/11\/Star-Wars-The-Black-Series-Star-Wars-The-Phantom-Menace-Droideka-Destroyer-Droid-1.jpg\" \/>\n\t<meta property=\"og:image:width\" content=\"1000\" \/>\n\t<meta property=\"og:image:height\" content=\"1000\" \/>\n\t<meta property=\"og:image:type\" content=\"image\/jpeg\" \/>\n<meta name=\"twitter:card\" content=\"summary_large_image\" \/>\n<meta name=\"twitter:label1\" content=\"Est. reading time\" \/>\n\t<meta name=\"twitter:data1\" content=\"1 minute\" \/>\n<script type=\"application\/ld+json\" class=\"yoast-schema-graph\">{\"@context\":\"https:\/\/schema.org\",\"@graph\":[{\"@type\":\"WebPage\",\"@id\":\"https:\/\/endormoonstore.com\/en\/star-wars-the-black-series-star-wars-the-phantom-menace-droideka-destroyer-droid\/\",\"url\":\"https:\/\/endormoonstore.com\/en\/star-wars-the-black-series-star-wars-the-phantom-menace-droideka-destroyer-droid\/\",\"name\":\"Star Wars The Black Series Star Wars: The Phantom Menace Droideka Destroyer Droid - EndormoonStore\",\"isPartOf\":{\"@id\":\"https:\/\/endormoonstore.com\/#website\"},\"primaryImageOfPage\":{\"@id\":\"https:\/\/endormoonstore.com\/en\/star-wars-the-black-series-star-wars-the-phantom-menace-droideka-destroyer-droid\/#primaryimage\"},\"image\":{\"@id\":\"https:\/\/endormoonstore.com\/en\/star-wars-the-black-series-star-wars-the-phantom-menace-droideka-destroyer-droid\/#primaryimage\"},\"thumbnailUrl\":\"https:\/\/endormoonstore.com\/wp-content\/uploads\/2024\/11\/Star-Wars-The-Black-Series-Star-Wars-The-Phantom-Menace-Droideka-Destroyer-Droid-1.jpg\",\"datePublished\":\"2024-10-19T23:35:36+00:00\",\"dateModified\":\"2024-11-04T10:11:11+00:00\",\"breadcrumb\":{\"@id\":\"https:\/\/endormoonstore.com\/en\/star-wars-the-black-series-star-wars-the-phantom-menace-droideka-destroyer-droid\/#breadcrumb\"},\"inLanguage\":\"en-US\",\"potentialAction\":[{\"@type\":\"ReadAction\",\"target\":[\"https:\/\/endormoonstore.com\/en\/star-wars-the-black-series-star-wars-the-phantom-menace-droideka-destroyer-droid\/\"]}]},{\"@type\":\"ImageObject\",\"inLanguage\":\"en-US\",\"@id\":\"https:\/\/endormoonstore.com\/en\/star-wars-the-black-series-star-wars-the-phantom-menace-droideka-destroyer-droid\/#primaryimage\",\"url\":\"https:\/\/endormoonstore.com\/wp-content\/uploads\/2024\/11\/Star-Wars-The-Black-Series-Star-Wars-The-Phantom-Menace-Droideka-Destroyer-Droid-1.jpg\",\"contentUrl\":\"https:\/\/endormoonstore.com\/wp-content\/uploads\/2024\/11\/Star-Wars-The-Black-Series-Star-Wars-The-Phantom-Menace-Droideka-Destroyer-Droid-1.jpg\",\"width\":1000,\"height\":1000},{\"@type\":\"BreadcrumbList\",\"@id\":\"https:\/\/endormoonstore.com\/en\/star-wars-the-black-series-star-wars-the-phantom-menace-droideka-destroyer-droid\/#breadcrumb\",\"itemListElement\":[{\"@type\":\"ListItem\",\"position\":1,\"name\":\"Shop\",\"item\":\"https:\/\/endormoonstore.com\/en\/shop\/\"},{\"@type\":\"ListItem\",\"position\":2,\"name\":\"Star Wars The Black Series Star Wars: The Phantom Menace Droideka Destroyer Droid\"}]},{\"@type\":\"WebSite\",\"@id\":\"https:\/\/endormoonstore.com\/#website\",\"url\":\"https:\/\/endormoonstore.com\/\",\"name\":\"EndormoonStore\",\"description\":\"\",\"potentialAction\":[{\"@type\":\"SearchAction\",\"target\":{\"@type\":\"EntryPoint\",\"urlTemplate\":\"https:\/\/endormoonstore.com\/?s={search_term_string}\"},\"query-input\":{\"@type\":\"PropertyValueSpecification\",\"valueRequired\":true,\"valueName\":\"search_term_string\"}}],\"inLanguage\":\"en-US\"}]}<\/script>\n<!-- \/ Yoast SEO plugin. -->","yoast_head_json":{"title":"Star Wars The Black Series Star Wars: The Phantom Menace Droideka Destroyer Droid - EndormoonStore","robots":{"index":"index","follow":"follow","max-snippet":"max-snippet:-1","max-image-preview":"max-image-preview:large","max-video-preview":"max-video-preview:-1"},"canonical":"https:\/\/endormoonstore.com\/en\/star-wars-the-black-series-star-wars-the-phantom-menace-droideka-destroyer-droid\/","og_locale":"en_US","og_type":"article","og_title":"Star Wars The Black Series Star Wars: The Phantom Menace Droideka Destroyer Droid - EndormoonStore","og_description":"Star Wars The Black Series Star Wars: The Phantom Menace Droideka Destroyer Droid Hasbro presenta, dentro de la colecci\u00f3n The Black Series, la figura de Droideka Destroyer Droid. Est\u00e1 basada en su aparici\u00f3n en la pel\u00edcula \"Star Wars: The Phantom Menace\" y mide unos 15 cm.","og_url":"https:\/\/endormoonstore.com\/en\/star-wars-the-black-series-star-wars-the-phantom-menace-droideka-destroyer-droid\/","og_site_name":"EndormoonStore","article_modified_time":"2024-11-04T10:11:11+00:00","og_image":[{"width":1000,"height":1000,"url":"https:\/\/endormoonstore.com\/wp-content\/uploads\/2024\/11\/Star-Wars-The-Black-Series-Star-Wars-The-Phantom-Menace-Droideka-Destroyer-Droid-1.jpg","type":"image\/jpeg"}],"twitter_card":"summary_large_image","twitter_misc":{"Est. reading time":"1 minute"},"schema":{"@context":"https:\/\/schema.org","@graph":[{"@type":"WebPage","@id":"https:\/\/endormoonstore.com\/en\/star-wars-the-black-series-star-wars-the-phantom-menace-droideka-destroyer-droid\/","url":"https:\/\/endormoonstore.com\/en\/star-wars-the-black-series-star-wars-the-phantom-menace-droideka-destroyer-droid\/","name":"Star Wars The Black Series Star Wars: The Phantom Menace Droideka Destroyer Droid - EndormoonStore","isPartOf":{"@id":"https:\/\/endormoonstore.com\/#website"},"primaryImageOfPage":{"@id":"https:\/\/endormoonstore.com\/en\/star-wars-the-black-series-star-wars-the-phantom-menace-droideka-destroyer-droid\/#primaryimage"},"image":{"@id":"https:\/\/endormoonstore.com\/en\/star-wars-the-black-series-star-wars-the-phantom-menace-droideka-destroyer-droid\/#primaryimage"},"thumbnailUrl":"https:\/\/endormoonstore.com\/wp-content\/uploads\/2024\/11\/Star-Wars-The-Black-Series-Star-Wars-The-Phantom-Menace-Droideka-Destroyer-Droid-1.jpg","datePublished":"2024-10-19T23:35:36+00:00","dateModified":"2024-11-04T10:11:11+00:00","breadcrumb":{"@id":"https:\/\/endormoonstore.com\/en\/star-wars-the-black-series-star-wars-the-phantom-menace-droideka-destroyer-droid\/#breadcrumb"},"inLanguage":"en-US","potentialAction":[{"@type":"ReadAction","target":["https:\/\/endormoonstore.com\/en\/star-wars-the-black-series-star-wars-the-phantom-menace-droideka-destroyer-droid\/"]}]},{"@type":"ImageObject","inLanguage":"en-US","@id":"https:\/\/endormoonstore.com\/en\/star-wars-the-black-series-star-wars-the-phantom-menace-droideka-destroyer-droid\/#primaryimage","url":"https:\/\/endormoonstore.com\/wp-content\/uploads\/2024\/11\/Star-Wars-The-Black-Series-Star-Wars-The-Phantom-Menace-Droideka-Destroyer-Droid-1.jpg","contentUrl":"https:\/\/endormoonstore.com\/wp-content\/uploads\/2024\/11\/Star-Wars-The-Black-Series-Star-Wars-The-Phantom-Menace-Droideka-Destroyer-Droid-1.jpg","width":1000,"height":1000},{"@type":"BreadcrumbList","@id":"https:\/\/endormoonstore.com\/en\/star-wars-the-black-series-star-wars-the-phantom-menace-droideka-destroyer-droid\/#breadcrumb","itemListElement":[{"@type":"ListItem","position":1,"name":"Shop","item":"https:\/\/endormoonstore.com\/en\/shop\/"},{"@type":"ListItem","position":2,"name":"Star Wars The Black Series Star Wars: The Phantom Menace Droideka Destroyer Droid"}]},{"@type":"WebSite","@id":"https:\/\/endormoonstore.com\/#website","url":"https:\/\/endormoonstore.com\/","name":"EndormoonStore","description":"","potentialAction":[{"@type":"SearchAction","target":{"@type":"EntryPoint","urlTemplate":"https:\/\/endormoonstore.com\/?s={search_term_string}"},"query-input":{"@type":"PropertyValueSpecification","valueRequired":true,"valueName":"search_term_string"}}],"inLanguage":"en-US"}]}},"taxonomy_info":{"product_cat":[{"value":1390,"label":"Figures"},{"value":13511,"label":"New Arrivals"}],"pa_brand":[{"value":2084,"label":"Hasbro"}],"pa_character":[{"value":14513,"label":"Droideka"}],"pa_episode":[{"value":2534,"label":"Star Wars: The Phantom Menace"}],"pa_license":[{"value":1644,"label":"Star Wars"}],"pa_product-type":[{"value":2387,"label":"Figure"}],"pa_theme":[{"value":2552,"label":"The Black Series"}]},"featured_image_src_large":["https:\/\/endormoonstore.com\/wp-content\/uploads\/2024\/11\/Star-Wars-The-Black-Series-Star-Wars-The-Phantom-Menace-Droideka-Destroyer-Droid-1.jpg",1000,1000,false],"author_info":[],"comment_info":"","_links":{"self":[{"href":"https:\/\/endormoonstore.com\/en\/wp-json\/wp\/v2\/product\/166126","targetHints":{"allow":["GET"]}}],"collection":[{"href":"https:\/\/endormoonstore.com\/en\/wp-json\/wp\/v2\/product"}],"about":[{"href":"https:\/\/endormoonstore.com\/en\/wp-json\/wp\/v2\/types\/product"}],"wp:featuredmedia":[{"embeddable":true,"href":"https:\/\/endormoonstore.com\/en\/wp-json\/wp\/v2\/media\/166107"}],"wp:attachment":[{"href":"https:\/\/endormoonstore.com\/en\/wp-json\/wp\/v2\/media?parent=166126"}],"wp:term":[{"taxonomy":"product_cat","embeddable":true,"href":"https:\/\/endormoonstore.com\/en\/wp-json\/wp\/v2\/product_cat?post=166126"},{"taxonomy":"product_tag","embeddable":true,"href":"https:\/\/endormoonstore.com\/en\/wp-json\/wp\/v2\/product_tag?post=166126"}],"curies":[{"name":"wp","href":"https:\/\/api.w.org\/{rel}","templated":true}]}}