{"id":166081,"date":"2025-03-01T02:00:14","date_gmt":"2024-10-28T23:10:14","guid":{"rendered":"https:\/\/endormoonstore.com\/marvels-falcon-captain-america-brave-new-world-marvel-legends-series\/"},"modified":"2024-11-02T20:06:33","modified_gmt":"2024-11-02T19:06:33","slug":"marvels-falcon-captain-america-brave-new-world-marvel-legends-series","status":"publish","type":"product","link":"https:\/\/endormoonstore.com\/en\/marvels-falcon-captain-america-brave-new-world-marvel-legends-series\/","title":{"rendered":"Marvel\u00b4s Falcon Captain America Brave New World Marvel Legends Series"},"content":{"rendered":"<p class=\"p1\"><strong>Marvel\u00b4s Falcon Captain America Brave New World Marvel Legends Series<\/strong><\/p>\n<ul class=\"ul1\">\n<li class=\"li1\">Hasbro presenta, dentro de la colecci\u00f3n Marvel Legends Series, la figura de Falcon. Mide 15 cm. y est\u00e1 basada en su aspecto en la pe\u00edcula &#8220;Captain America: Brave New World&#8221;.<\/li>\n<li>Joaqu\u00edn Torres, un ex teniente de la Fuerza A\u00e9rea de los EE. UU., ha recogido las viejas alas de Sam para asumir el papel de Falcon.<\/li>\n<li>Cuenta con 20 puntos de articulaci\u00f3n con cabeza, brazos y piernas totalmente art\u00edculables para poses din\u00e1micas en tu estante. Viene en un empaque con ventana a todo color<\/li>\n<li class=\"li1\">Marvel\u00b4s Falcon viene con una mochila alternativa, una cabeza opcional, un dron, dos manos intercambiables y un set de alas de se fijan a la mochila.<\/li>\n<\/ul>\n","protected":false},"excerpt":{"rendered":"<p class=\"p1\"><strong>Marvel\u00b4s Falcon Captain America Brave New World Marvel Legends Series<\/strong><\/p>\n<p class=\"p1\">Hasbro presenta, dentro de la colecci\u00f3n Marvel Legends Series, la figura de Falcon. Mide 15 cm. y est\u00e1 basada en su aspecto en la pe\u00edcula &#8220;Captain America: Brave New World&#8221;.<\/p>\n","protected":false},"featured_media":166062,"template":"","meta":{"_acf_changed":false,"_kad_blocks_custom_css":"","_kad_blocks_head_custom_js":"","_kad_blocks_body_custom_js":"","_kad_blocks_footer_custom_js":""},"product_cat":[1390,13511],"product_tag":[],"class_list":{"0":"post-166081","1":"product","2":"type-product","3":"status-publish","4":"has-post-thumbnail","6":"product_cat-figures","7":"product_cat-new-arrivals","8":"pa_brand-hasbro-en","9":"pa_character-falcon-en","10":"pa_episode-captain-america-brave-new-world-en","11":"pa_license-marvel-en","12":"pa_product-type-figure","13":"pa_theme-marvel-legends-series-en","15":"first","16":"instock","17":"taxable","18":"shipping-taxable","19":"purchasable","20":"product-type-simple"},"acf":[],"yoast_head":"<!-- This site is optimized with the Yoast SEO plugin v26.1.1 - https:\/\/yoast.com\/wordpress\/plugins\/seo\/ -->\n<title>Marvel\u00b4s Falcon Captain America Brave New World Marvel Legends Series - EndormoonStore<\/title>\n<meta name=\"robots\" content=\"index, follow, max-snippet:-1, max-image-preview:large, max-video-preview:-1\" \/>\n<link rel=\"canonical\" href=\"https:\/\/endormoonstore.com\/en\/marvels-falcon-captain-america-brave-new-world-marvel-legends-series\/\" \/>\n<meta property=\"og:locale\" content=\"en_US\" \/>\n<meta property=\"og:type\" content=\"article\" \/>\n<meta property=\"og:title\" content=\"Marvel\u00b4s Falcon Captain America Brave New World Marvel Legends Series - EndormoonStore\" \/>\n<meta property=\"og:description\" content=\"Marvel\u00b4s Falcon Captain America Brave New World Marvel Legends Series Hasbro presenta, dentro de la colecci\u00f3n Marvel Legends Series, la figura de Falcon. Mide 15 cm. y est\u00e1 basada en su aspecto en la pe\u00edcula &quot;Captain America: Brave New World&quot;.\" \/>\n<meta property=\"og:url\" content=\"https:\/\/endormoonstore.com\/en\/marvels-falcon-captain-america-brave-new-world-marvel-legends-series\/\" \/>\n<meta property=\"og:site_name\" content=\"EndormoonStore\" \/>\n<meta property=\"article:modified_time\" content=\"2024-11-02T19:06:33+00:00\" \/>\n<meta property=\"og:image\" content=\"https:\/\/endormoonstore.com\/wp-content\/uploads\/2024\/11\/Marvel\u00b4s-Falcon-Captain-America-Brave-New-World-Marvel-Legends-Series-1.jpg\" \/>\n\t<meta property=\"og:image:width\" content=\"1000\" \/>\n\t<meta property=\"og:image:height\" content=\"1000\" \/>\n\t<meta property=\"og:image:type\" content=\"image\/jpeg\" \/>\n<meta name=\"twitter:card\" content=\"summary_large_image\" \/>\n<meta name=\"twitter:label1\" content=\"Est. reading time\" \/>\n\t<meta name=\"twitter:data1\" content=\"1 minute\" \/>\n<script type=\"application\/ld+json\" class=\"yoast-schema-graph\">{\"@context\":\"https:\/\/schema.org\",\"@graph\":[{\"@type\":\"WebPage\",\"@id\":\"https:\/\/endormoonstore.com\/en\/marvels-falcon-captain-america-brave-new-world-marvel-legends-series\/\",\"url\":\"https:\/\/endormoonstore.com\/en\/marvels-falcon-captain-america-brave-new-world-marvel-legends-series\/\",\"name\":\"Marvel\u00b4s Falcon Captain America Brave New World Marvel Legends Series - EndormoonStore\",\"isPartOf\":{\"@id\":\"https:\/\/endormoonstore.com\/#website\"},\"primaryImageOfPage\":{\"@id\":\"https:\/\/endormoonstore.com\/en\/marvels-falcon-captain-america-brave-new-world-marvel-legends-series\/#primaryimage\"},\"image\":{\"@id\":\"https:\/\/endormoonstore.com\/en\/marvels-falcon-captain-america-brave-new-world-marvel-legends-series\/#primaryimage\"},\"thumbnailUrl\":\"https:\/\/endormoonstore.com\/wp-content\/uploads\/2024\/11\/Marvel\u00b4s-Falcon-Captain-America-Brave-New-World-Marvel-Legends-Series-1.jpg\",\"datePublished\":\"2024-10-28T23:10:14+00:00\",\"dateModified\":\"2024-11-02T19:06:33+00:00\",\"breadcrumb\":{\"@id\":\"https:\/\/endormoonstore.com\/en\/marvels-falcon-captain-america-brave-new-world-marvel-legends-series\/#breadcrumb\"},\"inLanguage\":\"en-US\",\"potentialAction\":[{\"@type\":\"ReadAction\",\"target\":[\"https:\/\/endormoonstore.com\/en\/marvels-falcon-captain-america-brave-new-world-marvel-legends-series\/\"]}]},{\"@type\":\"ImageObject\",\"inLanguage\":\"en-US\",\"@id\":\"https:\/\/endormoonstore.com\/en\/marvels-falcon-captain-america-brave-new-world-marvel-legends-series\/#primaryimage\",\"url\":\"https:\/\/endormoonstore.com\/wp-content\/uploads\/2024\/11\/Marvel\u00b4s-Falcon-Captain-America-Brave-New-World-Marvel-Legends-Series-1.jpg\",\"contentUrl\":\"https:\/\/endormoonstore.com\/wp-content\/uploads\/2024\/11\/Marvel\u00b4s-Falcon-Captain-America-Brave-New-World-Marvel-Legends-Series-1.jpg\",\"width\":1000,\"height\":1000},{\"@type\":\"BreadcrumbList\",\"@id\":\"https:\/\/endormoonstore.com\/en\/marvels-falcon-captain-america-brave-new-world-marvel-legends-series\/#breadcrumb\",\"itemListElement\":[{\"@type\":\"ListItem\",\"position\":1,\"name\":\"Shop\",\"item\":\"https:\/\/endormoonstore.com\/en\/shop\/\"},{\"@type\":\"ListItem\",\"position\":2,\"name\":\"Marvel\u00b4s Falcon Captain America Brave New World Marvel Legends Series\"}]},{\"@type\":\"WebSite\",\"@id\":\"https:\/\/endormoonstore.com\/#website\",\"url\":\"https:\/\/endormoonstore.com\/\",\"name\":\"EndormoonStore\",\"description\":\"\",\"potentialAction\":[{\"@type\":\"SearchAction\",\"target\":{\"@type\":\"EntryPoint\",\"urlTemplate\":\"https:\/\/endormoonstore.com\/?s={search_term_string}\"},\"query-input\":{\"@type\":\"PropertyValueSpecification\",\"valueRequired\":true,\"valueName\":\"search_term_string\"}}],\"inLanguage\":\"en-US\"}]}<\/script>\n<!-- \/ Yoast SEO plugin. -->","yoast_head_json":{"title":"Marvel\u00b4s Falcon Captain America Brave New World Marvel Legends Series - EndormoonStore","robots":{"index":"index","follow":"follow","max-snippet":"max-snippet:-1","max-image-preview":"max-image-preview:large","max-video-preview":"max-video-preview:-1"},"canonical":"https:\/\/endormoonstore.com\/en\/marvels-falcon-captain-america-brave-new-world-marvel-legends-series\/","og_locale":"en_US","og_type":"article","og_title":"Marvel\u00b4s Falcon Captain America Brave New World Marvel Legends Series - EndormoonStore","og_description":"Marvel\u00b4s Falcon Captain America Brave New World Marvel Legends Series Hasbro presenta, dentro de la colecci\u00f3n Marvel Legends Series, la figura de Falcon. Mide 15 cm. y est\u00e1 basada en su aspecto en la pe\u00edcula \"Captain America: Brave New World\".","og_url":"https:\/\/endormoonstore.com\/en\/marvels-falcon-captain-america-brave-new-world-marvel-legends-series\/","og_site_name":"EndormoonStore","article_modified_time":"2024-11-02T19:06:33+00:00","og_image":[{"width":1000,"height":1000,"url":"https:\/\/endormoonstore.com\/wp-content\/uploads\/2024\/11\/Marvel\u00b4s-Falcon-Captain-America-Brave-New-World-Marvel-Legends-Series-1.jpg","type":"image\/jpeg"}],"twitter_card":"summary_large_image","twitter_misc":{"Est. reading time":"1 minute"},"schema":{"@context":"https:\/\/schema.org","@graph":[{"@type":"WebPage","@id":"https:\/\/endormoonstore.com\/en\/marvels-falcon-captain-america-brave-new-world-marvel-legends-series\/","url":"https:\/\/endormoonstore.com\/en\/marvels-falcon-captain-america-brave-new-world-marvel-legends-series\/","name":"Marvel\u00b4s Falcon Captain America Brave New World Marvel Legends Series - EndormoonStore","isPartOf":{"@id":"https:\/\/endormoonstore.com\/#website"},"primaryImageOfPage":{"@id":"https:\/\/endormoonstore.com\/en\/marvels-falcon-captain-america-brave-new-world-marvel-legends-series\/#primaryimage"},"image":{"@id":"https:\/\/endormoonstore.com\/en\/marvels-falcon-captain-america-brave-new-world-marvel-legends-series\/#primaryimage"},"thumbnailUrl":"https:\/\/endormoonstore.com\/wp-content\/uploads\/2024\/11\/Marvel\u00b4s-Falcon-Captain-America-Brave-New-World-Marvel-Legends-Series-1.jpg","datePublished":"2024-10-28T23:10:14+00:00","dateModified":"2024-11-02T19:06:33+00:00","breadcrumb":{"@id":"https:\/\/endormoonstore.com\/en\/marvels-falcon-captain-america-brave-new-world-marvel-legends-series\/#breadcrumb"},"inLanguage":"en-US","potentialAction":[{"@type":"ReadAction","target":["https:\/\/endormoonstore.com\/en\/marvels-falcon-captain-america-brave-new-world-marvel-legends-series\/"]}]},{"@type":"ImageObject","inLanguage":"en-US","@id":"https:\/\/endormoonstore.com\/en\/marvels-falcon-captain-america-brave-new-world-marvel-legends-series\/#primaryimage","url":"https:\/\/endormoonstore.com\/wp-content\/uploads\/2024\/11\/Marvel\u00b4s-Falcon-Captain-America-Brave-New-World-Marvel-Legends-Series-1.jpg","contentUrl":"https:\/\/endormoonstore.com\/wp-content\/uploads\/2024\/11\/Marvel\u00b4s-Falcon-Captain-America-Brave-New-World-Marvel-Legends-Series-1.jpg","width":1000,"height":1000},{"@type":"BreadcrumbList","@id":"https:\/\/endormoonstore.com\/en\/marvels-falcon-captain-america-brave-new-world-marvel-legends-series\/#breadcrumb","itemListElement":[{"@type":"ListItem","position":1,"name":"Shop","item":"https:\/\/endormoonstore.com\/en\/shop\/"},{"@type":"ListItem","position":2,"name":"Marvel\u00b4s Falcon Captain America Brave New World Marvel Legends Series"}]},{"@type":"WebSite","@id":"https:\/\/endormoonstore.com\/#website","url":"https:\/\/endormoonstore.com\/","name":"EndormoonStore","description":"","potentialAction":[{"@type":"SearchAction","target":{"@type":"EntryPoint","urlTemplate":"https:\/\/endormoonstore.com\/?s={search_term_string}"},"query-input":{"@type":"PropertyValueSpecification","valueRequired":true,"valueName":"search_term_string"}}],"inLanguage":"en-US"}]}},"taxonomy_info":{"product_cat":[{"value":1390,"label":"Figures"},{"value":13511,"label":"New Arrivals"}],"pa_brand":[{"value":2084,"label":"Hasbro"}],"pa_character":[{"value":6131,"label":"Falcon"}],"pa_episode":[{"value":14949,"label":"Captain America: Brave New World"}],"pa_license":[{"value":1642,"label":"Marvel"}],"pa_product-type":[{"value":2387,"label":"Figure"}],"pa_theme":[{"value":2071,"label":"Marvel Legends Series"}]},"featured_image_src_large":["https:\/\/endormoonstore.com\/wp-content\/uploads\/2024\/11\/Marvel\u00b4s-Falcon-Captain-America-Brave-New-World-Marvel-Legends-Series-1.jpg",1000,1000,false],"author_info":[],"comment_info":"","_links":{"self":[{"href":"https:\/\/endormoonstore.com\/en\/wp-json\/wp\/v2\/product\/166081","targetHints":{"allow":["GET"]}}],"collection":[{"href":"https:\/\/endormoonstore.com\/en\/wp-json\/wp\/v2\/product"}],"about":[{"href":"https:\/\/endormoonstore.com\/en\/wp-json\/wp\/v2\/types\/product"}],"wp:featuredmedia":[{"embeddable":true,"href":"https:\/\/endormoonstore.com\/en\/wp-json\/wp\/v2\/media\/166062"}],"wp:attachment":[{"href":"https:\/\/endormoonstore.com\/en\/wp-json\/wp\/v2\/media?parent=166081"}],"wp:term":[{"taxonomy":"product_cat","embeddable":true,"href":"https:\/\/endormoonstore.com\/en\/wp-json\/wp\/v2\/product_cat?post=166081"},{"taxonomy":"product_tag","embeddable":true,"href":"https:\/\/endormoonstore.com\/en\/wp-json\/wp\/v2\/product_tag?post=166081"}],"curies":[{"name":"wp","href":"https:\/\/api.w.org\/{rel}","templated":true}]}}