{"id":166057,"date":"2024-12-10T00:26:40","date_gmt":"2024-12-09T23:26:40","guid":{"rendered":"https:\/\/endormoonstore.com\/captain-america-brave-new-world-marvel-legends-series\/"},"modified":"2025-01-20T18:32:23","modified_gmt":"2025-01-20T17:32:23","slug":"captain-america-brave-new-world-marvel-legends-series","status":"publish","type":"product","link":"https:\/\/endormoonstore.com\/en\/captain-america-brave-new-world-marvel-legends-series\/","title":{"rendered":"Captain America: Brave New World Marvel Legends Series"},"content":{"rendered":"<p class=\"p1\"><strong>Captain America: Brave New World Marvel Legends Series<\/strong><\/p>\n<ul class=\"ul1\">\n<li class=\"li1\">Hasbro presenta, dentro de la colecci\u00f3n Marvel Legends Series, la figura de Captain America. Mide 15 cm. y est\u00e1 basada en su apariencia en la pel\u00edcula &#8220;Captain America: Brave New World&#8221;.<\/li>\n<li>Despu\u00e9s de llevar el manto del Capit\u00e1n Am\u00e9rica durante algunos a\u00f1os, Sam Wilson debe usar su inteligencia y hacer nuevos aliados para detener una fuerza como ninguna otra que haya visto antes.<\/li>\n<li>Cuenta con multiples puntos de articulaci\u00f3n con cabeza, brazos y piernas totalmente art\u00edculables para poses din\u00e1micas en tu estante. Viene en un empaque con ventana a todo color<\/li>\n<li class=\"li1\">Sam Wilson viene con una cabeza alternativa con casco para grandes altitudes, dos pu\u00f1os opcionales, un set de alas de vibranio,un dron Redwing y y set de alas cerradas.<\/li>\n<\/ul>\n","protected":false},"excerpt":{"rendered":"<p class=\"p1\"><strong>Captain America: Brave New World Marvel Legends Series<\/strong><\/p>\n<p class=\"p1\">Hasbro presenta, dentro de la colecci\u00f3n Marvel Legends Series, la figura de Captain America. Mide 15 cm. y est\u00e1 basada en su apariencia en la pel\u00edcula &#8220;Captain America: Brave New World&#8221;.<\/p>\n","protected":false},"featured_media":166038,"template":"","meta":{"_acf_changed":false,"_kad_blocks_custom_css":"","_kad_blocks_head_custom_js":"","_kad_blocks_body_custom_js":"","_kad_blocks_footer_custom_js":""},"product_cat":[1390,13511],"product_tag":[],"class_list":{"0":"post-166057","1":"product","2":"type-product","3":"status-publish","4":"has-post-thumbnail","6":"product_cat-figures","7":"product_cat-new-arrivals","8":"pa_brand-hasbro-en","9":"pa_character-captain-america-sam-wilson","10":"pa_episode-captain-america-brave-new-world-en","11":"pa_license-marvel-en","12":"pa_product-type-figure","13":"pa_theme-marvel-legends-series-en","15":"first","16":"outofstock","17":"taxable","18":"shipping-taxable","19":"purchasable","20":"product-type-simple"},"acf":[],"yoast_head":"<!-- This site is optimized with the Yoast SEO plugin v26.1.1 - https:\/\/yoast.com\/wordpress\/plugins\/seo\/ -->\n<title>Captain America: Brave New World Marvel Legends Series - EndormoonStore<\/title>\n<meta name=\"robots\" content=\"index, follow, max-snippet:-1, max-image-preview:large, max-video-preview:-1\" \/>\n<link rel=\"canonical\" href=\"https:\/\/endormoonstore.com\/en\/captain-america-brave-new-world-marvel-legends-series\/\" \/>\n<meta property=\"og:locale\" content=\"en_US\" \/>\n<meta property=\"og:type\" content=\"article\" \/>\n<meta property=\"og:title\" content=\"Captain America: Brave New World Marvel Legends Series - EndormoonStore\" \/>\n<meta property=\"og:description\" content=\"Captain America: Brave New World Marvel Legends Series Hasbro presenta, dentro de la colecci\u00f3n Marvel Legends Series, la figura de Captain America. Mide 15 cm. y est\u00e1 basada en su apariencia en la pel\u00edcula &quot;Captain America: Brave New World&quot;.\" \/>\n<meta property=\"og:url\" content=\"https:\/\/endormoonstore.com\/en\/captain-america-brave-new-world-marvel-legends-series\/\" \/>\n<meta property=\"og:site_name\" content=\"EndormoonStore\" \/>\n<meta property=\"article:modified_time\" content=\"2025-01-20T17:32:23+00:00\" \/>\n<meta property=\"og:image\" content=\"https:\/\/endormoonstore.com\/wp-content\/uploads\/2024\/11\/Captain-America-Brave-New-World-Marvel-Legends-Series-1.jpg\" \/>\n\t<meta property=\"og:image:width\" content=\"1000\" \/>\n\t<meta property=\"og:image:height\" content=\"1000\" \/>\n\t<meta property=\"og:image:type\" content=\"image\/jpeg\" \/>\n<meta name=\"twitter:card\" content=\"summary_large_image\" \/>\n<meta name=\"twitter:label1\" content=\"Est. reading time\" \/>\n\t<meta name=\"twitter:data1\" content=\"1 minute\" \/>\n<script type=\"application\/ld+json\" class=\"yoast-schema-graph\">{\"@context\":\"https:\/\/schema.org\",\"@graph\":[{\"@type\":\"WebPage\",\"@id\":\"https:\/\/endormoonstore.com\/en\/captain-america-brave-new-world-marvel-legends-series\/\",\"url\":\"https:\/\/endormoonstore.com\/en\/captain-america-brave-new-world-marvel-legends-series\/\",\"name\":\"Captain America: Brave New World Marvel Legends Series - EndormoonStore\",\"isPartOf\":{\"@id\":\"https:\/\/endormoonstore.com\/#website\"},\"primaryImageOfPage\":{\"@id\":\"https:\/\/endormoonstore.com\/en\/captain-america-brave-new-world-marvel-legends-series\/#primaryimage\"},\"image\":{\"@id\":\"https:\/\/endormoonstore.com\/en\/captain-america-brave-new-world-marvel-legends-series\/#primaryimage\"},\"thumbnailUrl\":\"https:\/\/endormoonstore.com\/wp-content\/uploads\/2024\/11\/Captain-America-Brave-New-World-Marvel-Legends-Series-1.jpg\",\"datePublished\":\"2024-12-09T23:26:40+00:00\",\"dateModified\":\"2025-01-20T17:32:23+00:00\",\"breadcrumb\":{\"@id\":\"https:\/\/endormoonstore.com\/en\/captain-america-brave-new-world-marvel-legends-series\/#breadcrumb\"},\"inLanguage\":\"en-US\",\"potentialAction\":[{\"@type\":\"ReadAction\",\"target\":[\"https:\/\/endormoonstore.com\/en\/captain-america-brave-new-world-marvel-legends-series\/\"]}]},{\"@type\":\"ImageObject\",\"inLanguage\":\"en-US\",\"@id\":\"https:\/\/endormoonstore.com\/en\/captain-america-brave-new-world-marvel-legends-series\/#primaryimage\",\"url\":\"https:\/\/endormoonstore.com\/wp-content\/uploads\/2024\/11\/Captain-America-Brave-New-World-Marvel-Legends-Series-1.jpg\",\"contentUrl\":\"https:\/\/endormoonstore.com\/wp-content\/uploads\/2024\/11\/Captain-America-Brave-New-World-Marvel-Legends-Series-1.jpg\",\"width\":1000,\"height\":1000},{\"@type\":\"BreadcrumbList\",\"@id\":\"https:\/\/endormoonstore.com\/en\/captain-america-brave-new-world-marvel-legends-series\/#breadcrumb\",\"itemListElement\":[{\"@type\":\"ListItem\",\"position\":1,\"name\":\"Shop\",\"item\":\"https:\/\/endormoonstore.com\/en\/shop\/\"},{\"@type\":\"ListItem\",\"position\":2,\"name\":\"Captain America: Brave New World Marvel Legends Series\"}]},{\"@type\":\"WebSite\",\"@id\":\"https:\/\/endormoonstore.com\/#website\",\"url\":\"https:\/\/endormoonstore.com\/\",\"name\":\"EndormoonStore\",\"description\":\"\",\"potentialAction\":[{\"@type\":\"SearchAction\",\"target\":{\"@type\":\"EntryPoint\",\"urlTemplate\":\"https:\/\/endormoonstore.com\/?s={search_term_string}\"},\"query-input\":{\"@type\":\"PropertyValueSpecification\",\"valueRequired\":true,\"valueName\":\"search_term_string\"}}],\"inLanguage\":\"en-US\"}]}<\/script>\n<!-- \/ Yoast SEO plugin. -->","yoast_head_json":{"title":"Captain America: Brave New World Marvel Legends Series - EndormoonStore","robots":{"index":"index","follow":"follow","max-snippet":"max-snippet:-1","max-image-preview":"max-image-preview:large","max-video-preview":"max-video-preview:-1"},"canonical":"https:\/\/endormoonstore.com\/en\/captain-america-brave-new-world-marvel-legends-series\/","og_locale":"en_US","og_type":"article","og_title":"Captain America: Brave New World Marvel Legends Series - EndormoonStore","og_description":"Captain America: Brave New World Marvel Legends Series Hasbro presenta, dentro de la colecci\u00f3n Marvel Legends Series, la figura de Captain America. Mide 15 cm. y est\u00e1 basada en su apariencia en la pel\u00edcula \"Captain America: Brave New World\".","og_url":"https:\/\/endormoonstore.com\/en\/captain-america-brave-new-world-marvel-legends-series\/","og_site_name":"EndormoonStore","article_modified_time":"2025-01-20T17:32:23+00:00","og_image":[{"width":1000,"height":1000,"url":"https:\/\/endormoonstore.com\/wp-content\/uploads\/2024\/11\/Captain-America-Brave-New-World-Marvel-Legends-Series-1.jpg","type":"image\/jpeg"}],"twitter_card":"summary_large_image","twitter_misc":{"Est. reading time":"1 minute"},"schema":{"@context":"https:\/\/schema.org","@graph":[{"@type":"WebPage","@id":"https:\/\/endormoonstore.com\/en\/captain-america-brave-new-world-marvel-legends-series\/","url":"https:\/\/endormoonstore.com\/en\/captain-america-brave-new-world-marvel-legends-series\/","name":"Captain America: Brave New World Marvel Legends Series - EndormoonStore","isPartOf":{"@id":"https:\/\/endormoonstore.com\/#website"},"primaryImageOfPage":{"@id":"https:\/\/endormoonstore.com\/en\/captain-america-brave-new-world-marvel-legends-series\/#primaryimage"},"image":{"@id":"https:\/\/endormoonstore.com\/en\/captain-america-brave-new-world-marvel-legends-series\/#primaryimage"},"thumbnailUrl":"https:\/\/endormoonstore.com\/wp-content\/uploads\/2024\/11\/Captain-America-Brave-New-World-Marvel-Legends-Series-1.jpg","datePublished":"2024-12-09T23:26:40+00:00","dateModified":"2025-01-20T17:32:23+00:00","breadcrumb":{"@id":"https:\/\/endormoonstore.com\/en\/captain-america-brave-new-world-marvel-legends-series\/#breadcrumb"},"inLanguage":"en-US","potentialAction":[{"@type":"ReadAction","target":["https:\/\/endormoonstore.com\/en\/captain-america-brave-new-world-marvel-legends-series\/"]}]},{"@type":"ImageObject","inLanguage":"en-US","@id":"https:\/\/endormoonstore.com\/en\/captain-america-brave-new-world-marvel-legends-series\/#primaryimage","url":"https:\/\/endormoonstore.com\/wp-content\/uploads\/2024\/11\/Captain-America-Brave-New-World-Marvel-Legends-Series-1.jpg","contentUrl":"https:\/\/endormoonstore.com\/wp-content\/uploads\/2024\/11\/Captain-America-Brave-New-World-Marvel-Legends-Series-1.jpg","width":1000,"height":1000},{"@type":"BreadcrumbList","@id":"https:\/\/endormoonstore.com\/en\/captain-america-brave-new-world-marvel-legends-series\/#breadcrumb","itemListElement":[{"@type":"ListItem","position":1,"name":"Shop","item":"https:\/\/endormoonstore.com\/en\/shop\/"},{"@type":"ListItem","position":2,"name":"Captain America: Brave New World Marvel Legends Series"}]},{"@type":"WebSite","@id":"https:\/\/endormoonstore.com\/#website","url":"https:\/\/endormoonstore.com\/","name":"EndormoonStore","description":"","potentialAction":[{"@type":"SearchAction","target":{"@type":"EntryPoint","urlTemplate":"https:\/\/endormoonstore.com\/?s={search_term_string}"},"query-input":{"@type":"PropertyValueSpecification","valueRequired":true,"valueName":"search_term_string"}}],"inLanguage":"en-US"}]}},"taxonomy_info":{"product_cat":[{"value":1390,"label":"Figures"},{"value":13511,"label":"New Arrivals"}],"pa_brand":[{"value":2084,"label":"Hasbro"}],"pa_character":[{"value":7677,"label":"Captain America Sam Wilson"}],"pa_episode":[{"value":14949,"label":"Captain America: Brave New World"}],"pa_license":[{"value":1642,"label":"Marvel"}],"pa_product-type":[{"value":2387,"label":"Figure"}],"pa_theme":[{"value":2071,"label":"Marvel Legends Series"}]},"featured_image_src_large":["https:\/\/endormoonstore.com\/wp-content\/uploads\/2024\/11\/Captain-America-Brave-New-World-Marvel-Legends-Series-1.jpg",1000,1000,false],"author_info":[],"comment_info":"","_links":{"self":[{"href":"https:\/\/endormoonstore.com\/en\/wp-json\/wp\/v2\/product\/166057","targetHints":{"allow":["GET"]}}],"collection":[{"href":"https:\/\/endormoonstore.com\/en\/wp-json\/wp\/v2\/product"}],"about":[{"href":"https:\/\/endormoonstore.com\/en\/wp-json\/wp\/v2\/types\/product"}],"wp:featuredmedia":[{"embeddable":true,"href":"https:\/\/endormoonstore.com\/en\/wp-json\/wp\/v2\/media\/166038"}],"wp:attachment":[{"href":"https:\/\/endormoonstore.com\/en\/wp-json\/wp\/v2\/media?parent=166057"}],"wp:term":[{"taxonomy":"product_cat","embeddable":true,"href":"https:\/\/endormoonstore.com\/en\/wp-json\/wp\/v2\/product_cat?post=166057"},{"taxonomy":"product_tag","embeddable":true,"href":"https:\/\/endormoonstore.com\/en\/wp-json\/wp\/v2\/product_tag?post=166057"}],"curies":[{"name":"wp","href":"https:\/\/api.w.org\/{rel}","templated":true}]}}